{"id":84555,"date":"2024-07-31T19:10:40","date_gmt":"2024-07-31T18:10:40","guid":{"rendered":"https:\/\/monatglobal.com\/lt\/?page_id=84555"},"modified":"2025-02-05T19:53:07","modified_gmt":"2025-02-05T19:53:07","slug":"passport-2024","status":"publish","type":"page","link":"https:\/\/monatglobal.com\/lt\/passport-2024\/","title":{"rendered":"MONAT Passport 2024 TULUMAS,\u00a0MEKSIKA"},"content":{"rendered":"\n\n\t<section id=\"bannerSec\">\n            <p>2024 M. <br \/>LAPKRI\u010cIO 1-4 D.<\/p>\n            <p>TULUMAS, <br \/>MEKSIKA<\/p> \n        <img decoding=\"async\" src=\"https:\/\/monatglobal.com\/wp-content\/uploads\/2024\/01\/passport-2024-logo.svg\"\/>\n            HILTON TULUM RIVIERA MAYA \n                <img decoding=\"async\" src=\"https:\/\/monatglobal.com\/wp-content\/uploads\/2024\/02\/callout-corner-left-ocre.svg\"\/>\n                VISKAS \u012eSKAI\u010cIUOTA KURORTAS\n                <img decoding=\"async\" src=\"https:\/\/monatglobal.com\/wp-content\/uploads\/2024\/02\/callout-corner-right-ocre.svg\"\/>\n            TULUMAS, MEKSIKA\n<\/section>\n<section id=\"paradiseSec\">\n            <img decoding=\"async\" src=\"https:\/\/monatglobal.com\/wp-content\/uploads\/2024\/01\/tulum-cabins-min.jpg\" alt=\"\" loading=\"lazy\"\/>\n            <img decoding=\"async\" src=\"https:\/\/monatglobal.com\/wp-content\/uploads\/2024\/01\/Soak-in-a-sacred-cenote-min.jpg\" alt=\"\" loading=\"lazy\"\/>\n        <h2>Atraskite NUOTYKI\u0172 roj\u0173<\/h2>\n        <p>2024 M. LAPKRI\u010cIO 1-4 D.<\/p>\n            <img decoding=\"async\" src=\"https:\/\/monatglobal.com\/wp-content\/uploads\/2024\/01\/moon-icon.svg\" alt=\"\"\/>\n            <img decoding=\"async\" src=\"https:\/\/monatglobal.com\/wp-content\/uploads\/2024\/01\/palm-frame-min.png\" alt=\"\" loading=\"lazy\"\/>\n<\/section>\n                <img decoding=\"async\" src=\"https:\/\/monatglobal.com\/wp-content\/uploads\/2024\/01\/tulum-beaches-min.jpg\" alt=\"\" loading=\"lazy\"\/>\n            <p>Pasivaik\u0161\u010diokite <br \/>nuostabiais <br \/> papl\u016bdimiais.<\/p>  \n            <img decoding=\"async\" src=\"https:\/\/monatglobal.com\/wp-content\/uploads\/2024\/01\/arc-icon.svg\" alt=\"\"\/>\n            <img decoding=\"async\" src=\"https:\/\/monatglobal.com\/wp-content\/uploads\/2024\/01\/mayan-ruins-shore-min.jpg\" alt=\"\" loading=\"lazy\"\/>\n            <p>\u017denkite \u012f senov\u0117s praeit\u012f mistiniuose maj\u0173 griuv\u0117siuose.<\/p>\n            <img decoding=\"async\" src=\"https:\/\/monatglobal.com\/wp-content\/uploads\/2024\/01\/wave-icon.svg\" alt=\"\"\/>\n            <p>Ie\u0161kokite nuotyki\u0173 Meksikos d\u017eiungl\u0117se.<\/p>\n            <img decoding=\"async\" src=\"https:\/\/monatglobal.com\/wp-content\/uploads\/2024\/01\/mexican-jungle-min.jpg\" alt=\"\" loading=\"lazy\"\/>\n                <img decoding=\"async\" src=\"https:\/\/monatglobal.com\/wp-content\/uploads\/2024\/01\/Soak-in-a-sacred-cenote-min.jpg\" alt=\"\" loading=\"lazy\"\/>\n                <p>Pasinerkite \u012f \u0160vent\u0105j\u012f Senot\u0105.<\/p>\n            <p>Apsipirkin\u0117kite magi\u0161kame miesto centre.<\/p>\n            <img decoding=\"async\" src=\"https:\/\/monatglobal.com\/wp-content\/uploads\/2024\/01\/enchanted-city-center-min.jpg\" alt=\"\" loading=\"lazy\"\/>\n            <img decoding=\"async\" src=\"https:\/\/monatglobal.com\/wp-content\/uploads\/2024\/01\/exquisitely-appointed-room-min.jpg\" alt=\"\" loading=\"lazy\"\/>\n            <p>Miegokite didingame komforte puikiai \u012frengtame kambaryje.<\/p>\n            <img decoding=\"async\" src=\"https:\/\/monatglobal.com\/wp-content\/uploads\/2024\/01\/palm-icon.svg\" alt=\"\"\/>\n<section id=\"amenities\">\n        <p>J\u016bs\u0173 laukia auk\u0161\u010diausios <br \/> klas\u0117s patogumai ir <br \/>prabang\u016bs apgyvendinimo <br \/> kambariai. <\/p>\n            <img decoding=\"async\" src=\"https:\/\/monatglobal.com\/wp-content\/uploads\/2024\/01\/Premier-amenities-min.jpg\" loading=\"lazy\"\/>\n                Naujajame Hilton Tulum vie\u0161butyje, i\u0161sid\u0117s\u010diusiame palei nuostabius sm\u0117lio papl\u016bdimius, yra devyni baseinai, trylika unikali\u0173 restoran\u0173 ir prabangi atmosfera, kuri yra tiek pat atpalaiduojanti, kiek ir rafinuota.\n                <!---->\n                <!--    <img decoding=\"async\" src=\"https:\/\/monatglobal.com\/wp-content\/uploads\/2024\/02\/callout-corner-right-brown.svg\"\/>-->\n                <!--    all-inclusive-->\n                <!--    <img decoding=\"async\" src=\"https:\/\/monatglobal.com\/wp-content\/uploads\/2024\/02\/callout-corner-left-brown.svg\"\/>-->\n                <!-- -->\n                <img decoding=\"async\" alt=\"\" src=\"https:\/\/monatglobal.com\/wp-content\/uploads\/2024\/01\/luxury-accommodations-min.jpg\" loading=\"lazy\"\/> \n    <p>Pasiruo\u0161kite pasinerti \u012f Tulumo svajon\u0119, \u012f transcendentinio atsipalaidavimo karalyst\u0119 ir \u012f nesibaigian\u010dias linksmybes \u201ePassport&#8221; 2024 kelion\u0117je!<\/p>\n        <p>KVALIFIKACIJA <br \/> 2024 M. <br \/> VASARIO 1 D. &#8211; LIEPOS 31 D.<\/p>\n            REIKALAVIMAI\n            APDOVANOJIMAS\n                <p>LYGIS 1<\/p>\n                <ul> \n                    <li>ASMENI\u0160KAI U\u017dREGISTRUOTI: <br \/> 5 MP, 13 VIP<\/li>\n                    <li>ASMENIN\u0116S GRUP\u0116S REGISTRACIJA: <br \/> 10 MP, 30 VIP<\/li>\n                    <li>GRUP\u0116S DYDIS:  50,000 GV<\/li>\n                    <li>MOKAMA PAGAL RANG\u0104 PASKUTIN\u012e KVALIFIKACIJOS M\u0116NES\u012e:  Mokama kaip MMB+ liepos m\u0117n.<\/li>\n                <\/ul>\n                <p>VIE\u0160BUTIS 1&nbsp;ASMENIUI <br \/> + <br \/> VISKAS \u012eSKAI\u010cIUOTA MAITINIMO PAKETAS 1 ASMENIUI <br \/> + <br \/> L\u0116KTUVO BILIETAI 1 ASMENIUI <br \/> + <br \/> PERVE\u017dIMAI \u012e KURORT\u0104 IR I\u0160 JO <br \/> (tik kelion\u0117s pagal program\u0105 dienomis)  <\/p>\n                <p>LYGIS 2<\/p>\n                <ul> \n                    <li>ASMENI\u0160KAI U\u017dREGISTRUOTI:  <br \/>7 MP, 25 VIP<\/li>\n                    <li>ASMENIN\u0116S GRUP\u0116S REGISTRACIJA: <br \/> 30 MP, 90 VIP<\/li>\n                    <li>GRUP\u0116S DYDIS:  70,000 GV<\/li>\n                    <li>MOKAMA PAGAL RANG\u0104 PASKUTIN\u012e KVALIFIKACIJOS M\u0116NES\u012e:  Mokama kaip AMM+ liepos m\u0117n.<\/li>\n                <\/ul>\n                <p>VIE\u0160BUTIS 2&nbsp;ASMENIMS <br \/> + <br \/> VISKAS \u012eSKAI\u010cIUOTA MAITINIMO PAKETAS 2 ASMENIMS <br \/> + <br \/> SKRYD\u017dIO BILIETAI 1 ASMENIUI  <br \/> + <br \/> PERVE\u017dIMAI \u012e KURORT\u0104 IR I\u0160 JO <br \/> (tik kelion\u0117s pagal program\u0105 dienomis)  <\/p>\n                <p>LYGIS 3<\/p>\n                <ul> \n                    <li>ASMENI\u0160KAI U\u017dREGISTRUOTI: <br \/> 12 MP, 38 VIP<\/li>\n                    <li>ASMENIN\u0116S GRUP\u0116S REGISTRACIJA: <br \/> 45 MP, 140 VIP<\/li>\n                    <li>GRUP\u0116S DYDIS:  100,000 GV<\/li>\n                    <li>MOKAMA PAGAL RANG\u0104 PASKUTIN\u012e KVALIFIKACIJOS M\u0116NES\u012e:  Mokama kaip MM+ liepos m\u0117n.<\/li>\n                <\/ul>\n                <p>VIE\u0160BUTIS 2&nbsp;ASMENIMS <br \/> + <br \/> VISKAS \u012eSKAI\u010cIUOTA MAITINIMO PAKETAS 2 ASMENIMS <br \/> + <br \/> SKRYD\u017dIO BILIETAI 2 ASMENIMS  <br \/> + <br \/> PERVE\u017dIMAI \u012e KURORT\u0104 IR I\u0160 JO <br \/>(tik kelion\u0117s pagal program\u0105 dienomis)  <\/p>\n            Market partneriai turi u\u017esiregistruoti su produkto&nbsp;paketu.<br \/>\n            VIP asmenys turi tur\u0117ti aktyv\u0173 \u201eFlexship&#8221; iki kito m\u0117nesio, einan\u010dio po j\u0173 registracijos m\u0117nesio,&nbsp;15&nbsp;d. \n            <p><em>Kiekvienoje \u0161alyje taisykl\u0117s gali skirtis. Visi Market Partneriai tur\u0117t\u0173 per\u017ei\u016br\u0117ti DUK apie savo registracijos \u0161alies kvalifikacinius&nbsp;kriterijus.<\/em> <\/p>\n            <h2>KAS \u012eSKAI\u010cIUOTA <br \/> \u012e KELION\u0118?<\/h2>\n            <h2>KAS \u012eSKAI\u010cIUOTA <br \/> \u012e KELION\u0118?<\/h2>\n            <ul>\n                <li>3 nakvyn\u0117s Hilton Tulum Riviera Maya viskas \u012fskai\u010diuota&nbsp;kurorte<\/li> \n                <li>Skrydis \u012f abi puses i\u0161 Kank\u016bno tarptautinio oro uosto (CUN) arba Tulumo tarptautinio oro uosto (TQO)&nbsp;vienam*.<\/li>\n                <li>Perve\u017eimai \u012f kurort\u0105 ir i\u0161 jo programos kelion\u0117s&nbsp;dienomis<\/li>\n                <li>I\u0161skirtinis pripa\u017einimas<\/li>\n                <li>Viskas \u012fskai\u010diuota maisto ir g\u0117rim\u0173 paketas vienam asmeniui (ir sve\u010diui 2 ir 3 lygiuose) daugiau nei 13 unikali\u0173 restoran\u0173 ir bar\u0173. U\u017e u\u017esakytus specialiuosius patiekalus atsako&nbsp;dalyviai.<\/li>\n                <li>Muzika ir pramogos kiekvien\u0105&nbsp;vakar\u0105<\/li>\n                <li>9 kurorto baseinai <\/li>\n                <li>Puikus balto sm\u0117lio papl\u016bdimys<\/li>\n            <\/ul>\n            <p>Pasiimkite savo pas\u0105 ir pasiruo\u0161kite pasim\u0117gauti eleganti\u0161ku poilsiu&nbsp;papl\u016bdimyje!<\/p>\n        <img decoding=\"async\" src=\"https:\/\/monatglobal.com\/wp-content\/uploads\/2024\/01\/passport-getaway-min.jpg\" loading=\"lazy\"\/>\n<\/section>\n<section id=\"shineSec\">\n            <img decoding=\"async\" src=\"https:\/\/monatglobal.com\/wp-content\/uploads\/2018\/05\/01.-Managing-market-partner.png\" loading=\"lazy\"\/>        \n        <h2>J\u016bs\u0173 Laikas <br \/> Spind\u0117ti<\/h2>\n        <p>Ar J\u016aS sulauksite pripa\u017einimo per \u201ePassport&#8221;&nbsp;2024?<\/p>\n            <p>\u201ePassport&#8221; kvalifikacijos laikotarpiu apdovanosime geriausiai \u0161iose kategorijose pasirod\u017eiusius&nbsp;asmenis:<\/p>\n            <ul>\n                <li>Top VIP pardavimai<\/li>\n                <li>Top Sponsoriai<\/li>\n                <li>Top VIP registracijos<\/li>\n                <li>Top pastovumas (Mokama pagal&nbsp;rang\u0105)<\/li>\n            <\/ul>\n        <p>NETRUKUS LAUKITE <br \/> DAUGIAU INFORMACIJOS!<\/p>\n        <p>Pripa\u017einimo kategorijos gali keistis.<\/p>\n            <a href=\"https:\/\/monatglobal.com\/lt\/wp-content\/uploads\/sites\/11\/2024\/02\/LT_Passport-2024-FAQ_013124_v2.pdf\" target=\"_blank\" rel=\"noopener\">DUK<\/a>\n            <a href=\"https:\/\/monatglobal.com\/lt\/wp-content\/uploads\/sites\/11\/2024\/02\/LT_Passaport-2024_Terms-and-Conditions_012624_v1.pdf\" target=\"_blank\" rel=\"noopener\">\n                <p>S\u0105lygos<\/p>\n            <\/a> \n        #MONATpassport\n<\/section>\n\n","protected":false},"excerpt":{"rendered":"<p>2024 M. LAPKRI\u010cIO 1-4 D. TULUMAS, MEKSIKA HILTON TULUM RIVIERA MAYA VISKAS \u012eSKAI\u010cIUOTA KURORTAS TULUMAS, MEKSIKA Atraskite NUOTYKI\u0172 roj\u0173 2024 M. LAPKRI\u010cIO 1-4 D. Pasivaik\u0161\u010diokite nuostabiais papl\u016bdimiais. \u017denkite \u012f senov\u0117s praeit\u012f mistiniuose maj\u0173 griuv\u0117siuose. Ie\u0161kokite nuotyki\u0173 Meksikos d\u017eiungl\u0117se. Pasinerkite \u012f \u0160vent\u0105j\u012f Senot\u0105. Apsipirkin\u0117kite magi\u0161kame miesto centre. Miegokite didingame komforte puikiai \u012frengtame kambaryje. J\u016bs\u0173 laukia auk\u0161\u010diausios&hellip;<\/p>\n","protected":false},"author":33,"featured_media":84093,"parent":0,"menu_order":0,"comment_status":"closed","ping_status":"closed","template":"","meta":{"inline_featured_image":false,"om_disable_all_campaigns":false,"_monsterinsights_skip_tracking":false,"_monsterinsights_sitenote_active":false,"_monsterinsights_sitenote_note":"","_monsterinsights_sitenote_category":0,"footnotes":""},"categories":[],"tags":[],"class_list":["post-84555","page","type-page","status-publish","has-post-thumbnail","hentry"],"aioseo_notices":[],"aioseo_head":"\n\t\t<!-- All in One SEO Pro 4.9.5.2 - aioseo.com -->\n\t<meta name=\"description\" content=\"2024 M. LAPKRI\u010cIO 1-4 D. TULUMAS, MEKSIKA HILTON TULUM RIVIERA MAYA VISKAS \u012eSKAI\u010cIUOTA KURORTAS TULUMAS, MEKSIKA Atraskite NUOTYKI\u0172 roj\u0173 2024 M. LAPKRI\u010cIO 1-4 D. Pasivaik\u0161\u010diokite nuostabiais papl\u016bdimiais. \u017denkite \u012f senov\u0117s praeit\u012f mistiniuose maj\u0173 griuv\u0117siuose. Ie\u0161kokite nuotyki\u0173 Meksikos d\u017eiungl\u0117se. Pasinerkite \u012f \u0160vent\u0105j\u012f Senot\u0105. Apsipirkin\u0117kite magi\u0161kame miesto centre. Miegokite didingame komforte puikiai \u012frengtame kambaryje. J\u016bs\u0173 laukia auk\u0161\u010diausios\" \/>\n\t<meta name=\"robots\" content=\"max-image-preview:large\" \/>\n\t<link rel=\"canonical\" href=\"https:\/\/monatglobal.com\/lt\/passport-2024\/\" \/>\n\t<meta name=\"generator\" content=\"All in One SEO Pro (AIOSEO) 4.9.5.2\" \/>\n\t\t<meta property=\"og:locale\" content=\"lt_LT\" \/>\n\t\t<meta property=\"og:site_name\" content=\"MONAT Lithuania -\" \/>\n\t\t<meta property=\"og:type\" content=\"article\" \/>\n\t\t<meta property=\"og:title\" content=\"MONAT Passport 2024 TULUMAS, MEKSIKA - MONAT Lithuania\" \/>\n\t\t<meta property=\"og:description\" content=\"2024 M. LAPKRI\u010cIO 1-4 D. TULUMAS, MEKSIKA HILTON TULUM RIVIERA MAYA VISKAS \u012eSKAI\u010cIUOTA KURORTAS TULUMAS, MEKSIKA Atraskite NUOTYKI\u0172 roj\u0173 2024 M. LAPKRI\u010cIO 1-4 D. Pasivaik\u0161\u010diokite nuostabiais papl\u016bdimiais. \u017denkite \u012f senov\u0117s praeit\u012f mistiniuose maj\u0173 griuv\u0117siuose. Ie\u0161kokite nuotyki\u0173 Meksikos d\u017eiungl\u0117se. Pasinerkite \u012f \u0160vent\u0105j\u012f Senot\u0105. Apsipirkin\u0117kite magi\u0161kame miesto centre. Miegokite didingame komforte puikiai \u012frengtame kambaryje. J\u016bs\u0173 laukia auk\u0161\u010diausios\" \/>\n\t\t<meta property=\"og:url\" content=\"https:\/\/monatglobal.com\/lt\/passport-2024\/\" \/>\n\t\t<meta property=\"article:published_time\" content=\"2024-07-31T18:10:40+00:00\" \/>\n\t\t<meta property=\"article:modified_time\" content=\"2025-02-05T19:53:07+00:00\" \/>\n\t\t<meta name=\"twitter:card\" content=\"summary_large_image\" \/>\n\t\t<meta name=\"twitter:title\" content=\"MONAT Passport 2024 TULUMAS, MEKSIKA - MONAT Lithuania\" \/>\n\t\t<meta name=\"twitter:description\" content=\"2024 M. LAPKRI\u010cIO 1-4 D. TULUMAS, MEKSIKA HILTON TULUM RIVIERA MAYA VISKAS \u012eSKAI\u010cIUOTA KURORTAS TULUMAS, MEKSIKA Atraskite NUOTYKI\u0172 roj\u0173 2024 M. LAPKRI\u010cIO 1-4 D. Pasivaik\u0161\u010diokite nuostabiais papl\u016bdimiais. \u017denkite \u012f senov\u0117s praeit\u012f mistiniuose maj\u0173 griuv\u0117siuose. Ie\u0161kokite nuotyki\u0173 Meksikos d\u017eiungl\u0117se. Pasinerkite \u012f \u0160vent\u0105j\u012f Senot\u0105. Apsipirkin\u0117kite magi\u0161kame miesto centre. Miegokite didingame komforte puikiai \u012frengtame kambaryje. J\u016bs\u0173 laukia auk\u0161\u010diausios\" \/>\n\t\t<script type=\"application\/ld+json\" class=\"aioseo-schema\">\n\t\t\t{\"@context\":\"https:\\\/\\\/schema.org\",\"@graph\":[{\"@type\":\"BreadcrumbList\",\"@id\":\"https:\\\/\\\/monatglobal.com\\\/lt\\\/passport-2024\\\/#breadcrumblist\",\"itemListElement\":[{\"@type\":\"ListItem\",\"@id\":\"https:\\\/\\\/monatglobal.com\\\/lt#listItem\",\"position\":1,\"name\":\"Home\",\"item\":\"https:\\\/\\\/monatglobal.com\\\/lt\",\"nextItem\":{\"@type\":\"ListItem\",\"@id\":\"https:\\\/\\\/monatglobal.com\\\/lt\\\/passport-2024\\\/#listItem\",\"name\":\"MONAT Passport 2024 TULUMAS,\\u00a0MEKSIKA\"}},{\"@type\":\"ListItem\",\"@id\":\"https:\\\/\\\/monatglobal.com\\\/lt\\\/passport-2024\\\/#listItem\",\"position\":2,\"name\":\"MONAT Passport 2024 TULUMAS,\\u00a0MEKSIKA\",\"previousItem\":{\"@type\":\"ListItem\",\"@id\":\"https:\\\/\\\/monatglobal.com\\\/lt#listItem\",\"name\":\"Home\"}}]},{\"@type\":\"Organization\",\"@id\":\"https:\\\/\\\/monatglobal.com\\\/lt\\\/#organization\",\"name\":\"MONAT Lithuania\",\"url\":\"https:\\\/\\\/monatglobal.com\\\/lt\\\/\"},{\"@type\":\"WebPage\",\"@id\":\"https:\\\/\\\/monatglobal.com\\\/lt\\\/passport-2024\\\/#webpage\",\"url\":\"https:\\\/\\\/monatglobal.com\\\/lt\\\/passport-2024\\\/\",\"name\":\"MONAT Passport 2024 TULUMAS, MEKSIKA - MONAT Lithuania\",\"description\":\"2024 M. LAPKRI\\u010cIO 1-4 D. TULUMAS, MEKSIKA HILTON TULUM RIVIERA MAYA VISKAS \\u012eSKAI\\u010cIUOTA KURORTAS TULUMAS, MEKSIKA Atraskite NUOTYKI\\u0172 roj\\u0173 2024 M. LAPKRI\\u010cIO 1-4 D. Pasivaik\\u0161\\u010diokite nuostabiais papl\\u016bdimiais. \\u017denkite \\u012f senov\\u0117s praeit\\u012f mistiniuose maj\\u0173 griuv\\u0117siuose. Ie\\u0161kokite nuotyki\\u0173 Meksikos d\\u017eiungl\\u0117se. Pasinerkite \\u012f \\u0160vent\\u0105j\\u012f Senot\\u0105. Apsipirkin\\u0117kite magi\\u0161kame miesto centre. Miegokite didingame komforte puikiai \\u012frengtame kambaryje. J\\u016bs\\u0173 laukia auk\\u0161\\u010diausios\",\"inLanguage\":\"lt-LT\",\"isPartOf\":{\"@id\":\"https:\\\/\\\/monatglobal.com\\\/lt\\\/#website\"},\"breadcrumb\":{\"@id\":\"https:\\\/\\\/monatglobal.com\\\/lt\\\/passport-2024\\\/#breadcrumblist\"},\"image\":{\"@type\":\"ImageObject\",\"url\":\"https:\\\/\\\/monatglobal.com\\\/lt\\\/wp-content\\\/uploads\\\/sites\\\/11\\\/2024\\\/02\\\/monat-passport-2024-Tulum-Mexico-min.jpg\",\"@id\":\"https:\\\/\\\/monatglobal.com\\\/lt\\\/passport-2024\\\/#mainImage\",\"width\":2454,\"height\":1398},\"primaryImageOfPage\":{\"@id\":\"https:\\\/\\\/monatglobal.com\\\/lt\\\/passport-2024\\\/#mainImage\"},\"datePublished\":\"2024-07-31T19:10:40+01:00\",\"dateModified\":\"2025-02-05T19:53:07+00:00\"},{\"@type\":\"WebSite\",\"@id\":\"https:\\\/\\\/monatglobal.com\\\/lt\\\/#website\",\"url\":\"https:\\\/\\\/monatglobal.com\\\/lt\\\/\",\"name\":\"MONAT Lithuania\",\"inLanguage\":\"lt-LT\",\"publisher\":{\"@id\":\"https:\\\/\\\/monatglobal.com\\\/lt\\\/#organization\"}}]}\n\t\t<\/script>\n\t\t<!-- All in One SEO Pro -->\r\n\t\t<title>MONAT Passport 2024 TULUMAS, MEKSIKA - MONAT Lithuania<\/title>\n\n","aioseo_head_json":{"title":"MONAT Passport 2024 TULUMAS, MEKSIKA - MONAT Lithuania","description":"2024 M. LAPKRI\u010cIO 1-4 D. TULUMAS, MEKSIKA HILTON TULUM RIVIERA MAYA VISKAS \u012eSKAI\u010cIUOTA KURORTAS TULUMAS, MEKSIKA Atraskite NUOTYKI\u0172 roj\u0173 2024 M. LAPKRI\u010cIO 1-4 D. Pasivaik\u0161\u010diokite nuostabiais papl\u016bdimiais. \u017denkite \u012f senov\u0117s praeit\u012f mistiniuose maj\u0173 griuv\u0117siuose. Ie\u0161kokite nuotyki\u0173 Meksikos d\u017eiungl\u0117se. Pasinerkite \u012f \u0160vent\u0105j\u012f Senot\u0105. Apsipirkin\u0117kite magi\u0161kame miesto centre. Miegokite didingame komforte puikiai \u012frengtame kambaryje. J\u016bs\u0173 laukia auk\u0161\u010diausios","canonical_url":"https:\/\/monatglobal.com\/lt\/passport-2024\/","robots":"max-image-preview:large","keywords":"","webmasterTools":{"miscellaneous":""},"schema":{"@context":"https:\/\/schema.org","@graph":[{"@type":"BreadcrumbList","@id":"https:\/\/monatglobal.com\/lt\/passport-2024\/#breadcrumblist","itemListElement":[{"@type":"ListItem","@id":"https:\/\/monatglobal.com\/lt#listItem","position":1,"name":"Home","item":"https:\/\/monatglobal.com\/lt","nextItem":{"@type":"ListItem","@id":"https:\/\/monatglobal.com\/lt\/passport-2024\/#listItem","name":"MONAT Passport 2024 TULUMAS,\u00a0MEKSIKA"}},{"@type":"ListItem","@id":"https:\/\/monatglobal.com\/lt\/passport-2024\/#listItem","position":2,"name":"MONAT Passport 2024 TULUMAS,\u00a0MEKSIKA","previousItem":{"@type":"ListItem","@id":"https:\/\/monatglobal.com\/lt#listItem","name":"Home"}}]},{"@type":"Organization","@id":"https:\/\/monatglobal.com\/lt\/#organization","name":"MONAT Lithuania","url":"https:\/\/monatglobal.com\/lt\/"},{"@type":"WebPage","@id":"https:\/\/monatglobal.com\/lt\/passport-2024\/#webpage","url":"https:\/\/monatglobal.com\/lt\/passport-2024\/","name":"MONAT Passport 2024 TULUMAS, MEKSIKA - MONAT Lithuania","description":"2024 M. LAPKRI\u010cIO 1-4 D. TULUMAS, MEKSIKA HILTON TULUM RIVIERA MAYA VISKAS \u012eSKAI\u010cIUOTA KURORTAS TULUMAS, MEKSIKA Atraskite NUOTYKI\u0172 roj\u0173 2024 M. LAPKRI\u010cIO 1-4 D. Pasivaik\u0161\u010diokite nuostabiais papl\u016bdimiais. \u017denkite \u012f senov\u0117s praeit\u012f mistiniuose maj\u0173 griuv\u0117siuose. Ie\u0161kokite nuotyki\u0173 Meksikos d\u017eiungl\u0117se. Pasinerkite \u012f \u0160vent\u0105j\u012f Senot\u0105. Apsipirkin\u0117kite magi\u0161kame miesto centre. Miegokite didingame komforte puikiai \u012frengtame kambaryje. J\u016bs\u0173 laukia auk\u0161\u010diausios","inLanguage":"lt-LT","isPartOf":{"@id":"https:\/\/monatglobal.com\/lt\/#website"},"breadcrumb":{"@id":"https:\/\/monatglobal.com\/lt\/passport-2024\/#breadcrumblist"},"image":{"@type":"ImageObject","url":"https:\/\/monatglobal.com\/lt\/wp-content\/uploads\/sites\/11\/2024\/02\/monat-passport-2024-Tulum-Mexico-min.jpg","@id":"https:\/\/monatglobal.com\/lt\/passport-2024\/#mainImage","width":2454,"height":1398},"primaryImageOfPage":{"@id":"https:\/\/monatglobal.com\/lt\/passport-2024\/#mainImage"},"datePublished":"2024-07-31T19:10:40+01:00","dateModified":"2025-02-05T19:53:07+00:00"},{"@type":"WebSite","@id":"https:\/\/monatglobal.com\/lt\/#website","url":"https:\/\/monatglobal.com\/lt\/","name":"MONAT Lithuania","inLanguage":"lt-LT","publisher":{"@id":"https:\/\/monatglobal.com\/lt\/#organization"}}]},"og:locale":"lt_LT","og:site_name":"MONAT Lithuania -","og:type":"article","og:title":"MONAT Passport 2024 TULUMAS, MEKSIKA - MONAT Lithuania","og:description":"2024 M. LAPKRI\u010cIO 1-4 D. TULUMAS, MEKSIKA HILTON TULUM RIVIERA MAYA VISKAS \u012eSKAI\u010cIUOTA KURORTAS TULUMAS, MEKSIKA Atraskite NUOTYKI\u0172 roj\u0173 2024 M. LAPKRI\u010cIO 1-4 D. Pasivaik\u0161\u010diokite nuostabiais papl\u016bdimiais. \u017denkite \u012f senov\u0117s praeit\u012f mistiniuose maj\u0173 griuv\u0117siuose. Ie\u0161kokite nuotyki\u0173 Meksikos d\u017eiungl\u0117se. Pasinerkite \u012f \u0160vent\u0105j\u012f Senot\u0105. Apsipirkin\u0117kite magi\u0161kame miesto centre. Miegokite didingame komforte puikiai \u012frengtame kambaryje. J\u016bs\u0173 laukia auk\u0161\u010diausios","og:url":"https:\/\/monatglobal.com\/lt\/passport-2024\/","article:published_time":"2024-07-31T18:10:40+00:00","article:modified_time":"2025-02-05T19:53:07+00:00","twitter:card":"summary_large_image","twitter:title":"MONAT Passport 2024 TULUMAS, MEKSIKA - MONAT Lithuania","twitter:description":"2024 M. LAPKRI\u010cIO 1-4 D. TULUMAS, MEKSIKA HILTON TULUM RIVIERA MAYA VISKAS \u012eSKAI\u010cIUOTA KURORTAS TULUMAS, MEKSIKA Atraskite NUOTYKI\u0172 roj\u0173 2024 M. LAPKRI\u010cIO 1-4 D. Pasivaik\u0161\u010diokite nuostabiais papl\u016bdimiais. \u017denkite \u012f senov\u0117s praeit\u012f mistiniuose maj\u0173 griuv\u0117siuose. Ie\u0161kokite nuotyki\u0173 Meksikos d\u017eiungl\u0117se. Pasinerkite \u012f \u0160vent\u0105j\u012f Senot\u0105. Apsipirkin\u0117kite magi\u0161kame miesto centre. Miegokite didingame komforte puikiai \u012frengtame kambaryje. J\u016bs\u0173 laukia auk\u0161\u010diausios"},"aioseo_meta_data":{"post_id":"84555","title":null,"description":null,"keywords":null,"keyphrases":{"focus":{"keyphrase":"","score":0,"analysis":{"keyphraseInTitle":{"score":0,"maxScore":9,"error":1}}},"additional":[]},"primary_term":null,"canonical_url":null,"og_title":null,"og_description":null,"og_object_type":"default","og_image_type":"default","og_image_url":null,"og_image_width":null,"og_image_height":null,"og_image_custom_url":null,"og_image_custom_fields":null,"og_video":"","og_custom_url":null,"og_article_section":null,"og_article_tags":null,"twitter_use_og":false,"twitter_card":"default","twitter_image_type":"default","twitter_image_url":null,"twitter_image_custom_url":null,"twitter_image_custom_fields":null,"twitter_title":null,"twitter_description":null,"schema":{"blockGraphs":[],"customGraphs":[],"default":{"data":{"Article":[],"Course":[],"Dataset":[],"FAQPage":[],"Movie":[],"Person":[],"Product":[],"ProductReview":[],"Car":[],"Recipe":[],"Service":[],"SoftwareApplication":[],"WebPage":[]},"graphName":"WebPage","isEnabled":true},"graphs":[]},"schema_type":"default","schema_type_options":null,"pillar_content":false,"robots_default":true,"robots_noindex":false,"robots_noarchive":false,"robots_nosnippet":false,"robots_nofollow":false,"robots_noimageindex":false,"robots_noodp":false,"robots_notranslate":false,"robots_max_snippet":"-1","robots_max_videopreview":"-1","robots_max_imagepreview":"large","priority":null,"frequency":"default","local_seo":null,"seo_analyzer_scan_date":"2025-08-15 02:52:15","breadcrumb_settings":null,"limit_modified_date":false,"reviewed_by":null,"open_ai":"{\"title\":{\"suggestions\":[],\"usage\":0},\"description\":{\"suggestions\":[],\"usage\":0}}","ai":null,"created":"2024-07-31 18:10:44","updated":"2026-02-10 05:28:58"},"aioseo_breadcrumb":"<div class=\"aioseo-breadcrumbs\"><span class=\"aioseo-breadcrumb\">\n\t<a href=\"https:\/\/monatglobal.com\/lt\" title=\"Home\">Home<\/a>\n<\/span><span class=\"aioseo-breadcrumb-separator\">&raquo;<\/span><span class=\"aioseo-breadcrumb\">\n\tMONAT Passport 2024 TULUMAS, MEKSIKA\n<\/span><\/div>","aioseo_breadcrumb_json":[{"label":"Home","link":"https:\/\/monatglobal.com\/lt"},{"label":"MONAT Passport 2024 TULUMAS,\u00a0MEKSIKA","link":"https:\/\/monatglobal.com\/lt\/passport-2024\/"}],"_links":{"self":[{"href":"https:\/\/monatglobal.com\/lt\/wp-json\/wp\/v2\/pages\/84555","targetHints":{"allow":["GET"]}}],"collection":[{"href":"https:\/\/monatglobal.com\/lt\/wp-json\/wp\/v2\/pages"}],"about":[{"href":"https:\/\/monatglobal.com\/lt\/wp-json\/wp\/v2\/types\/page"}],"author":[{"embeddable":true,"href":"https:\/\/monatglobal.com\/lt\/wp-json\/wp\/v2\/users\/33"}],"replies":[{"embeddable":true,"href":"https:\/\/monatglobal.com\/lt\/wp-json\/wp\/v2\/comments?post=84555"}],"version-history":[{"count":3,"href":"https:\/\/monatglobal.com\/lt\/wp-json\/wp\/v2\/pages\/84555\/revisions"}],"predecessor-version":[{"id":86303,"href":"https:\/\/monatglobal.com\/lt\/wp-json\/wp\/v2\/pages\/84555\/revisions\/86303"}],"wp:featuredmedia":[{"embeddable":true,"href":"https:\/\/monatglobal.com\/lt\/wp-json\/wp\/v2\/media\/84093"}],"wp:attachment":[{"href":"https:\/\/monatglobal.com\/lt\/wp-json\/wp\/v2\/media?parent=84555"}],"wp:term":[{"taxonomy":"category","embeddable":true,"href":"https:\/\/monatglobal.com\/lt\/wp-json\/wp\/v2\/categories?post=84555"},{"taxonomy":"post_tag","embeddable":true,"href":"https:\/\/monatglobal.com\/lt\/wp-json\/wp\/v2\/tags?post=84555"}],"curies":[{"name":"wp","href":"https:\/\/api.w.org\/{rel}","templated":true}]}}