{"id":84198,"date":"2024-05-22T21:24:40","date_gmt":"2024-05-22T20:24:40","guid":{"rendered":"https:\/\/monatglobal.com\/lt\/?page_id=84198"},"modified":"2025-01-15T18:04:14","modified_gmt":"2025-01-15T18:04:14","slug":"compensation-plan","status":"publish","type":"page","link":"https:\/\/monatglobal.com\/lt\/compensation-plan\/","title":{"rendered":"MONAT kompensavimo planas | Rangai, premijos, pripa\u017einimas"},"content":{"rendered":"\n\n    <h1>MONAT kompensavimo planas<\/h1> \n    <h2>Su\u017einokite kaip MONAT atsilygina jums u\u017e produkt\u0173 pardavim\u0105, komandos k\u016brim\u0105, pagalb\u0105 kit\u0173 augimui ir auk\u0161tesn\u012f&nbsp;rang\u0105.<\/h2>\n    <p>Tapkite MP partneriu \u0161iandien ir prad\u0117kite savo \u012fdomi\u0105 bei nauding\u0105 kelion\u0119 su&nbsp;MONAT!* <\/p>\n    <a href=\"https:\/\/monatglobal.com\/lt\/wp-content\/uploads\/sites\/11\/2024\/12\/LT_Compensation-Plan-Compensation-Plan-Defintions-A4_120424_v20.pdf\" download=\"LT_Compensation-Plan-Compensation-Plan-Defintions-A4_120424_v20.pdf\">\n        <button>\u017dI\u016aR\u0116TI PLAN\u0104<\/button>\n    <\/a>\n    <img decoding=\"async\" src=\"https:\/\/monatglobal.com\/lt\/wp-content\/uploads\/sites\/11\/2024\/12\/compensation-plan-LT-min-scaled.jpg\" alt=\"Compensation plan table\"\/>\n    <!--NOTE: In 2022 the average Market Partner earned $865. For more information regarding typical earnings, please visit:-->\n    <!--<a href=\"https:\/\/monatglobal.com\/income-disclosure-statement\/\" aria-label=\"go to Market Partner enrollment flow\">https:\/\/monatglobal.com\/income-disclosure-statement\/<\/a>-->\n        <a target=\"_blank\" href=\"https:\/\/corp.mymonat.com\/?globallanguage=en&#038;globalmarket=us&#038;monat_global_join_now=true&#038;monat_global_profile_type=express\" aria-label=\"go to Market Partner enrollment flow\" rel=\"noopener\">PRAD\u0116KITE SAVO VERSL\u0104 \u0160IANDIEN<\/a>\n\n","protected":false},"excerpt":{"rendered":"<p>MONAT kompensavimo planas Su\u017einokite kaip MONAT atsilygina jums u\u017e produkt\u0173 pardavim\u0105, komandos k\u016brim\u0105, pagalb\u0105 kit\u0173 augimui ir auk\u0161tesn\u012f&nbsp;rang\u0105. Tapkite MP partneriu \u0161iandien ir prad\u0117kite savo \u012fdomi\u0105 bei nauding\u0105 kelion\u0119 su&nbsp;MONAT!* \u017dI\u016aR\u0116TI PLAN\u0104 PRAD\u0116KITE SAVO VERSL\u0104 \u0160IANDIEN<\/p>\n","protected":false},"author":47,"featured_media":84209,"parent":0,"menu_order":0,"comment_status":"closed","ping_status":"closed","template":"","meta":{"inline_featured_image":false,"om_disable_all_campaigns":false,"_monsterinsights_skip_tracking":false,"_monsterinsights_sitenote_active":false,"_monsterinsights_sitenote_note":"","_monsterinsights_sitenote_category":0,"footnotes":""},"categories":[],"tags":[],"class_list":["post-84198","page","type-page","status-publish","has-post-thumbnail","hentry"],"aioseo_notices":[],"aioseo_head":"\n\t\t<!-- All in One SEO Pro 4.9.6 - aioseo.com -->\n\t<meta name=\"description\" content=\"I\u0161mokite kaip augti su MONAT. Su\u017einokite kaip MONAT atsilygina kiekvieno rango MP partneriams.\" \/>\n\t<meta name=\"robots\" content=\"max-image-preview:large\" \/>\n\t<link rel=\"canonical\" href=\"https:\/\/monatglobal.com\/lt\/compensation-plan\/\" \/>\n\t<meta name=\"generator\" content=\"All in One SEO Pro (AIOSEO) 4.9.6\" \/>\n\t\t<meta property=\"og:locale\" content=\"lt_LT\" \/>\n\t\t<meta property=\"og:site_name\" content=\"MONAT Lithuania -\" \/>\n\t\t<meta property=\"og:type\" content=\"article\" \/>\n\t\t<meta property=\"og:title\" content=\"MONAT kompensavimo planas | Rangai, premijos, pripa\u017einimas\" \/>\n\t\t<meta property=\"og:description\" content=\"I\u0161mokite kaip augti su MONAT. Su\u017einokite kaip MONAT atsilygina kiekvieno rango MP partneriams.\" \/>\n\t\t<meta property=\"og:url\" content=\"https:\/\/monatglobal.com\/lt\/compensation-plan\/\" \/>\n\t\t<meta property=\"article:published_time\" content=\"2024-05-22T20:24:40+00:00\" \/>\n\t\t<meta property=\"article:modified_time\" content=\"2025-01-15T18:04:14+00:00\" \/>\n\t\t<meta name=\"twitter:card\" content=\"summary_large_image\" \/>\n\t\t<meta name=\"twitter:title\" content=\"MONAT kompensavimo planas | Rangai, premijos, pripa\u017einimas\" \/>\n\t\t<meta name=\"twitter:description\" content=\"I\u0161mokite kaip augti su MONAT. Su\u017einokite kaip MONAT atsilygina kiekvieno rango MP partneriams.\" \/>\n\t\t<script type=\"application\/ld+json\" class=\"aioseo-schema\">\n\t\t\t{\"@context\":\"https:\\\/\\\/schema.org\",\"@graph\":[{\"@type\":\"BreadcrumbList\",\"@id\":\"https:\\\/\\\/monatglobal.com\\\/lt\\\/compensation-plan\\\/#breadcrumblist\",\"itemListElement\":[{\"@type\":\"ListItem\",\"@id\":\"https:\\\/\\\/monatglobal.com\\\/lt#listItem\",\"position\":1,\"name\":\"Home\",\"item\":\"https:\\\/\\\/monatglobal.com\\\/lt\",\"nextItem\":{\"@type\":\"ListItem\",\"@id\":\"https:\\\/\\\/monatglobal.com\\\/lt\\\/compensation-plan\\\/#listItem\",\"name\":\"MONAT kompensavimo planas | Rangai, premijos, pripa\\u017einimas\"}},{\"@type\":\"ListItem\",\"@id\":\"https:\\\/\\\/monatglobal.com\\\/lt\\\/compensation-plan\\\/#listItem\",\"position\":2,\"name\":\"MONAT kompensavimo planas | Rangai, premijos, pripa\\u017einimas\",\"previousItem\":{\"@type\":\"ListItem\",\"@id\":\"https:\\\/\\\/monatglobal.com\\\/lt#listItem\",\"name\":\"Home\"}}]},{\"@type\":\"Organization\",\"@id\":\"https:\\\/\\\/monatglobal.com\\\/lt\\\/#organization\",\"name\":\"MONAT Lithuania\",\"url\":\"https:\\\/\\\/monatglobal.com\\\/lt\\\/\"},{\"@type\":\"WebPage\",\"@id\":\"https:\\\/\\\/monatglobal.com\\\/lt\\\/compensation-plan\\\/#webpage\",\"url\":\"https:\\\/\\\/monatglobal.com\\\/lt\\\/compensation-plan\\\/\",\"name\":\"MONAT kompensavimo planas | Rangai, premijos, pripa\\u017einimas\",\"description\":\"I\\u0161mokite kaip augti su MONAT. Su\\u017einokite kaip MONAT atsilygina kiekvieno rango MP partneriams.\",\"inLanguage\":\"lt-LT\",\"isPartOf\":{\"@id\":\"https:\\\/\\\/monatglobal.com\\\/lt\\\/#website\"},\"breadcrumb\":{\"@id\":\"https:\\\/\\\/monatglobal.com\\\/lt\\\/compensation-plan\\\/#breadcrumblist\"},\"image\":{\"@type\":\"ImageObject\",\"url\":\"https:\\\/\\\/monatglobal.com\\\/lt\\\/wp-content\\\/uploads\\\/sites\\\/11\\\/2024\\\/05\\\/compensation-plan-LT-2024-thumb-download-min.jpg\",\"@id\":\"https:\\\/\\\/monatglobal.com\\\/lt\\\/compensation-plan\\\/#mainImage\",\"width\":2000,\"height\":1426},\"primaryImageOfPage\":{\"@id\":\"https:\\\/\\\/monatglobal.com\\\/lt\\\/compensation-plan\\\/#mainImage\"},\"datePublished\":\"2024-05-22T21:24:40+01:00\",\"dateModified\":\"2025-01-15T18:04:14+00:00\"},{\"@type\":\"WebSite\",\"@id\":\"https:\\\/\\\/monatglobal.com\\\/lt\\\/#website\",\"url\":\"https:\\\/\\\/monatglobal.com\\\/lt\\\/\",\"name\":\"MONAT Lithuania\",\"inLanguage\":\"lt-LT\",\"publisher\":{\"@id\":\"https:\\\/\\\/monatglobal.com\\\/lt\\\/#organization\"}}]}\n\t\t<\/script>\n\t\t<!-- All in One SEO Pro -->\r\n\t\t<title>MONAT kompensavimo planas | Rangai, premijos, pripa\u017einimas<\/title>\n\n","aioseo_head_json":{"title":"MONAT kompensavimo planas | Rangai, premijos, pripa\u017einimas","description":"I\u0161mokite kaip augti su MONAT. Su\u017einokite kaip MONAT atsilygina kiekvieno rango MP partneriams.","canonical_url":"https:\/\/monatglobal.com\/lt\/compensation-plan\/","robots":"max-image-preview:large","keywords":"","webmasterTools":{"miscellaneous":""},"schema":{"@context":"https:\/\/schema.org","@graph":[{"@type":"BreadcrumbList","@id":"https:\/\/monatglobal.com\/lt\/compensation-plan\/#breadcrumblist","itemListElement":[{"@type":"ListItem","@id":"https:\/\/monatglobal.com\/lt#listItem","position":1,"name":"Home","item":"https:\/\/monatglobal.com\/lt","nextItem":{"@type":"ListItem","@id":"https:\/\/monatglobal.com\/lt\/compensation-plan\/#listItem","name":"MONAT kompensavimo planas | Rangai, premijos, pripa\u017einimas"}},{"@type":"ListItem","@id":"https:\/\/monatglobal.com\/lt\/compensation-plan\/#listItem","position":2,"name":"MONAT kompensavimo planas | Rangai, premijos, pripa\u017einimas","previousItem":{"@type":"ListItem","@id":"https:\/\/monatglobal.com\/lt#listItem","name":"Home"}}]},{"@type":"Organization","@id":"https:\/\/monatglobal.com\/lt\/#organization","name":"MONAT Lithuania","url":"https:\/\/monatglobal.com\/lt\/"},{"@type":"WebPage","@id":"https:\/\/monatglobal.com\/lt\/compensation-plan\/#webpage","url":"https:\/\/monatglobal.com\/lt\/compensation-plan\/","name":"MONAT kompensavimo planas | Rangai, premijos, pripa\u017einimas","description":"I\u0161mokite kaip augti su MONAT. Su\u017einokite kaip MONAT atsilygina kiekvieno rango MP partneriams.","inLanguage":"lt-LT","isPartOf":{"@id":"https:\/\/monatglobal.com\/lt\/#website"},"breadcrumb":{"@id":"https:\/\/monatglobal.com\/lt\/compensation-plan\/#breadcrumblist"},"image":{"@type":"ImageObject","url":"https:\/\/monatglobal.com\/lt\/wp-content\/uploads\/sites\/11\/2024\/05\/compensation-plan-LT-2024-thumb-download-min.jpg","@id":"https:\/\/monatglobal.com\/lt\/compensation-plan\/#mainImage","width":2000,"height":1426},"primaryImageOfPage":{"@id":"https:\/\/monatglobal.com\/lt\/compensation-plan\/#mainImage"},"datePublished":"2024-05-22T21:24:40+01:00","dateModified":"2025-01-15T18:04:14+00:00"},{"@type":"WebSite","@id":"https:\/\/monatglobal.com\/lt\/#website","url":"https:\/\/monatglobal.com\/lt\/","name":"MONAT Lithuania","inLanguage":"lt-LT","publisher":{"@id":"https:\/\/monatglobal.com\/lt\/#organization"}}]},"og:locale":"lt_LT","og:site_name":"MONAT Lithuania -","og:type":"article","og:title":"MONAT kompensavimo planas | Rangai, premijos, pripa\u017einimas","og:description":"I\u0161mokite kaip augti su MONAT. Su\u017einokite kaip MONAT atsilygina kiekvieno rango MP partneriams.","og:url":"https:\/\/monatglobal.com\/lt\/compensation-plan\/","article:published_time":"2024-05-22T20:24:40+00:00","article:modified_time":"2025-01-15T18:04:14+00:00","twitter:card":"summary_large_image","twitter:title":"MONAT kompensavimo planas | Rangai, premijos, pripa\u017einimas","twitter:description":"I\u0161mokite kaip augti su MONAT. Su\u017einokite kaip MONAT atsilygina kiekvieno rango MP partneriams."},"aioseo_meta_data":{"post_id":"84198","title":"MONAT kompensavimo planas | Rangai, premijos, pripa\u017einimas","description":"I\u0161mokite kaip augti su MONAT. Su\u017einokite kaip MONAT atsilygina kiekvieno rango MP partneriams.","keywords":null,"keyphrases":{"focus":{"keyphrase":"","score":0,"analysis":{"keyphraseInTitle":{"score":0,"maxScore":9,"error":1}}},"additional":[]},"primary_term":null,"canonical_url":null,"og_title":null,"og_description":null,"og_object_type":"default","og_image_type":"default","og_image_url":null,"og_image_width":null,"og_image_height":null,"og_image_custom_url":null,"og_image_custom_fields":null,"og_video":"","og_custom_url":null,"og_article_section":null,"og_article_tags":null,"twitter_use_og":false,"twitter_card":"default","twitter_image_type":"default","twitter_image_url":null,"twitter_image_custom_url":null,"twitter_image_custom_fields":null,"twitter_title":null,"twitter_description":null,"schema":{"blockGraphs":[],"customGraphs":[],"default":{"data":{"Article":[],"Course":[],"Dataset":[],"FAQPage":[],"Movie":[],"Person":[],"Product":[],"ProductReview":[],"Car":[],"Recipe":[],"Service":[],"SoftwareApplication":[],"WebPage":[]},"graphName":"WebPage","isEnabled":true},"graphs":[]},"schema_type":"default","schema_type_options":null,"pillar_content":false,"robots_default":true,"robots_noindex":false,"robots_noarchive":false,"robots_nosnippet":false,"robots_nofollow":false,"robots_noimageindex":false,"robots_noodp":false,"robots_notranslate":false,"robots_max_snippet":"-1","robots_max_videopreview":"-1","robots_max_imagepreview":"large","priority":null,"frequency":"default","local_seo":null,"seo_analyzer_scan_date":"2025-08-15 02:47:24","breadcrumb_settings":null,"limit_modified_date":false,"reviewed_by":null,"open_ai":"{\"title\":{\"suggestions\":[],\"usage\":0},\"description\":{\"suggestions\":[],\"usage\":0}}","ai":null,"created":"2024-05-22 18:23:55","updated":"2026-02-10 05:28:43"},"aioseo_breadcrumb":"<div class=\"aioseo-breadcrumbs\"><span class=\"aioseo-breadcrumb\">\n\t<a href=\"https:\/\/monatglobal.com\/lt\" title=\"Home\">Home<\/a>\n<\/span><span class=\"aioseo-breadcrumb-separator\">&raquo;<\/span><span class=\"aioseo-breadcrumb\">\n\tMONAT kompensavimo planas | Rangai, premijos, pripa\u017einimas\n<\/span><\/div>","aioseo_breadcrumb_json":[{"label":"Home","link":"https:\/\/monatglobal.com\/lt"},{"label":"MONAT kompensavimo planas | Rangai, premijos, pripa\u017einimas","link":"https:\/\/monatglobal.com\/lt\/compensation-plan\/"}],"_links":{"self":[{"href":"https:\/\/monatglobal.com\/lt\/wp-json\/wp\/v2\/pages\/84198","targetHints":{"allow":["GET"]}}],"collection":[{"href":"https:\/\/monatglobal.com\/lt\/wp-json\/wp\/v2\/pages"}],"about":[{"href":"https:\/\/monatglobal.com\/lt\/wp-json\/wp\/v2\/types\/page"}],"author":[{"embeddable":true,"href":"https:\/\/monatglobal.com\/lt\/wp-json\/wp\/v2\/users\/47"}],"replies":[{"embeddable":true,"href":"https:\/\/monatglobal.com\/lt\/wp-json\/wp\/v2\/comments?post=84198"}],"version-history":[{"count":10,"href":"https:\/\/monatglobal.com\/lt\/wp-json\/wp\/v2\/pages\/84198\/revisions"}],"predecessor-version":[{"id":86146,"href":"https:\/\/monatglobal.com\/lt\/wp-json\/wp\/v2\/pages\/84198\/revisions\/86146"}],"wp:featuredmedia":[{"embeddable":true,"href":"https:\/\/monatglobal.com\/lt\/wp-json\/wp\/v2\/media\/84209"}],"wp:attachment":[{"href":"https:\/\/monatglobal.com\/lt\/wp-json\/wp\/v2\/media?parent=84198"}],"wp:term":[{"taxonomy":"category","embeddable":true,"href":"https:\/\/monatglobal.com\/lt\/wp-json\/wp\/v2\/categories?post=84198"},{"taxonomy":"post_tag","embeddable":true,"href":"https:\/\/monatglobal.com\/lt\/wp-json\/wp\/v2\/tags?post=84198"}],"curies":[{"name":"wp","href":"https:\/\/api.w.org\/{rel}","templated":true}]}}