{"id":8402,"date":"2016-01-22T20:05:18","date_gmt":"2016-01-23T01:05:18","guid":{"rendered":"https:\/\/monatglobal.com\/uk\/?page_id=8402"},"modified":"2026-02-20T18:14:38","modified_gmt":"2026-02-20T18:14:38","slug":"monat-black-shampoo-conditioner","status":"publish","type":"page","link":"https:\/\/monatglobal.com\/lt\/monat-black-shampoo-conditioner\/","title":{"rendered":"MONAT BLACK\u2122 SHAMPOO + CONDITIONER"},"content":{"rendered":"\n<link rel=\"stylesheet\" href=\"https:\/\/unpkg.com\/swiper\/swiper-bundle.min.css\">\n<link rel=\"stylesheet\" href=\"https:\/\/monatglobal.com\/wp-content\/creative_css\/product_styles_sheet.css\">\n   <!--==================================================== ECOMM SECTION ====================================================--> \n   <p>BESTSELERIAI<\/p>\n      <!--==================================================== Ecomm image ====================================================-->\n      <img decoding=\"async\" src=\"https:\/\/monatglobal.com\/es\/wp-content\/uploads\/sites\/10\/2021\/10\/MONAT-BLACK-SHAMPOO-CONDITIONER-ecomm.png\" alt=\"Product shot of MONAT Black Shampoo + Conditioner\ufe0f loading=\" lazy\"\"=\"\">\n      <!--==================================================== Ecomm information  ====================================================-->\n         \n         <p>BESTSELERIAI<\/p>\n         <h1>\u201eMONAT BLACK\u2122&#8221;<\/h1>\n         <h1> \u0161amp\u016bnas + kondicionierius<\/h1>\n         <p>Praturtintas \u201eREJUVENIQE\u2122&#8221;<\/p>\n         <p>Du viename &#8211; \u0161amp\u016bnas ir kondicionierius, skirtas u\u017etikrinti optimali\u0105 plauk\u0173 b\u016bkl\u0119 vienu&nbsp;\u017eingsniu.<\/p>\n         <p>237 ml \u212e 8.0 fl.oz.<\/p>\n            <!--==================================================== pricing box ====================================================--> \n         <p>Ma\u017emenin\u0117 kaina<br>00.00 \u20ac<\/p>\n         <p>VIP kliento kaina<br>00.00 \u20ac<\/p>\n            <!--==================================================== pricing box ====================================================--> \n         Nor\u0117dami su\u017einoti daugiau apie \u201eBLACK 2-in-1&#8243; \n        \u0161amp\u016bn\u0105 ir kondicionieri\u0173, pasikalb\u0117kite su savo \u201eMONAT Market&nbsp;Partner&#8221;.\n          <a href=\"\" target=\"_blank\" role=\"button\" aria-label=\"\" rel=\"noopener\"><\/a>\n   <!--==================================================== \/ECOMM SECTION  ====================================================-->\n   <!--==================================================== Benefits image ====================================================-->\n      \n         <source media=\"(max-width: 700px)\" srcset=\"https:\/\/monatglobal.com\/es\/wp-content\/uploads\/sites\/10\/2021\/10\/MONAT-BLACK-SHAMPOO-CONDITIONER-benefits_mobile.jpg\" loading=\"lazy\">\n            <img decoding=\"async\" src=\"https:\/\/monatglobal.com\/es\/wp-content\/uploads\/sites\/10\/2021\/10\/MONAT-BLACK-SHAMPOO-CONDITIONER-benefits-benefits.jpg\" alt=\"Male with long, brown hair washing his hair with MONAT Black Shampoo + Conditioner\" loading=\"lazy\">\n         \n   <!--==================================================== Benefits text ====================================================-->\n         <h2>PRIVALUMAI<\/h2>\n         <h3>Valo ir puosel\u0117ja, nenuplaudamas spalvos ir&nbsp;nesausindamas. <\/h3>\n         <p>Padeda sustiprinti plaukus ir suteikia jiems sveikesn\u0119 i\u0161vaizd\u0105. Puikiai tinka vis\u0173 tip\u0173 ir tekst\u016bros plaukams, saugus da\u017eytiems plaukams, alergi\u0161kai ir dermatologi\u0161kai&nbsp;patikrintas.<\/p>\n         <!--==================================================== features image  ====================================================-->\n         <img decoding=\"async\" alt=\"MONAT Black Shampoo + Conditioner floating and splashing over water \" src=\"https:\/\/monatglobal.com\/nz\/wp-content\/uploads\/sites\/15\/2022\/10\/MONAT-BLACK-SHAMPOO-CONDITIONER-features.jpg\" loading=\"lazy\">\n      <!--==================================================== features text ====================================================-->\n            <h3>Savyb\u0117s<\/h3>\n               <p>\/ Vienu paprastu \u017eingsniu valo ir&nbsp;puosel\u0117ja<\/p>\n               <p>\/ Gaivus rozmarin\u0173 \u017eoleli\u0173&nbsp;kvapas <\/p>\n               <br>\n            <p>Fragrance \/ Unwind and enjoy a coconut-forward, citrusy aroma with notes of blood orange, coconut husk, cashew nut and&nbsp;sandalwood. <\/p>\n            <p> Texture \/ Cream <\/p>\n   <!--==================================================== composition image mobile ====================================================-->\n   <img decoding=\"async\" alt=\"MONAT Black Shampoo + Conditioner standing on a piece of stone\" src=\"https:\/\/monatglobal.com\/wp-content\/uploads\/2022\/07\/2-monat-black.jpg\" loading=\"lazy\">\n   <!--==================================================== Why it works text ====================================================-->\n            <h2>SVEIKAI ATRODANTYS PLAUKAI BE JOKI\u0172&nbsp;PASTANG\u0172!  <\/h2>\n            <h3>\u201eMONAT BLACK\u2122&#8221; \u0161amp\u016bnas ir kondicionierius &#8211; tai vieno \u017eingsnio procesas, skirtas plaukams pamaitinti, subalansuoti ir&nbsp;sustiprinti.<\/h3>\n            <p>Jis atgaivina plaukus, kad jie kasdien atrodyt\u0173 kuo&nbsp;geriau.<\/p>\n<!--==================================================== Composition section ====================================================-->\n      <img decoding=\"async\" alt=\"MONAT Black Shampoo + Conditioner standing on a piece of stone\" src=\"https:\/\/monatglobal.com\/nz\/wp-content\/uploads\/sites\/15\/2022\/10\/Monat-black-directions.jpg\" loading=\"lazy\">\n      <img decoding=\"async\" alt=\"Male washing his hair with MONAT Black Shampoo + Conditioner, overlaying a photo of water\" src=\"https:\/\/monatglobal.com\/nz\/wp-content\/uploads\/sites\/15\/2022\/10\/black-shampoo-directions.jpg\" loading=\"lazy\">\n            <!--==================================================== Directions text ====================================================--> \n               <h3>Naudojimas<\/h3>\n                    <p>\/ Paskirstykite ant deln\u0173 ir tepkite ant dr\u0117gn\u0173&nbsp;plauk\u0173.<\/p>\n                    <p>\/ Palaikykite 2-3 minutes.<\/p>\n                    <p>\/ I\u0161plaukite ir pakartokite.<\/p>\n            <!--==================================================== Directions video ====================================================-->\n      <p>REJUVENIQE\u00ae <br>0:00<\/p>\n      <a href=\"\" target=\"_blank\" role=\"button\" aria-label=\"\" rel=\"noopener\"><\/a>\n   <!--==================================================== Ingredients section  ====================================================-->\n      <h2>PAGRINDINIAI INGREDIENTAI<\/h2>\n               <p>\u201eREJUVENIQE\u2122&#8221;<\/p>\n               <p>\u201eCAPIXYL\u2122&#8221;<\/p>\n               <p>\u201ePROCATALINE\u2122&#8221;<\/p>\n               <p>\u201eCRODASORB\u2122&#8221;<\/p>\n        <button id=\"myBtn\" type=\"button\">SUDEDAM\u0172J\u0172 DALI\u0172 S\u0104RA\u0160AS<\/button>\n      <!--==================================================== Modal content  ====================================================-->\n         \u00d7\n         <p>Aqua\/Water\/Eau, Lauramidopropyl Betaine, Sodium C14-16 Olefin Sulfonate, Guar Hydroxypropyltrimonium Chloride, Acrylates Copolymer, Sodium Methyl Cocoyl Taurate, Sodium Cocoamphoacetate, Stearyldimoniumhydroxypropyl Decylglucosides Chloride, Pisum Sativum (Pea) Extract, Acetyl Tetrapeptide-3, Trifolium Pratense (Clover) Flower Extract, Limnanthes Alba (Meadowfoam) Seed Oil, Crambe Abyssinica Seed Oil, Camellia Oleifera Seed Oil, Solanum Lycopersicum (Tomato) Seed Oil, Daucus Carota Sativa (Carrot) Seed Oil, Citrus Limon (Lemon) Peel Oil, Citrus Aurantifolia (Lime) Oil, Citrus Aurantium Bergamia (Bergamot) Fruit Oil, Adansonia Digitata Oil, Mauritia Flexuosa Fruit Oil, Cocos Nucifera (Coconut) Oil, Gardenia Taitensis Flower Extract, Moringa Oleifera Seed Oil, Caryocar Brasiliense Fruit Oil, Helianthus Annuus (Sunflower) Seed Oil, Mentha Piperita (Peppermint) Oil, Mentha Arvensis Leaf Oil, Eucalyptus Globulus Leaf Oil, Mentha Viridis (Spearmint) Leaf Oil, Thymus Vulgaris (Thyme) Oil, Lavandula Angustifolia (Lavender) Oil, Glycerin, Tocopherol, Menthol, Cinnamidopropyltrimonium Chloride, Dextran, Propanediol, Glycol Distearate, Sodium Hydroxypropylphosphate Decylglucoside Crosspolymer, Lauramide MIPA, Sodium Hydroxypropylphosphate Laurylglucoside Crosspolymer, Cocamidopropyl Betaine, Butylene Glycol, Oleth-5 Phosphate, Dioleyl Phosphate, Cocamidopropyl Hydroxysultaine, Citric Acid, Trideceth-12, Cetrimonium Chloride, Amodimethicone, Aminomethyl Propanol, Phenethyl Alcohol, Undecyl Alcohol, Benzyl Alcohol.<\/p>\n   <!--==================================================== You might also like section ====================================================-->\n      <h2>JUMS TAIP PAT GALI&nbsp;PATIKTI<\/h2>\n      <!--==================================================== Slider YOU MIGHT ALSO LIKE ====================================================-->\n      <!---->\n      <!--   -->\n            <!--==================================================== Slides products ====================================================-->\n      <!--      -->\n      <!--         <a href=\"\/lt\/rejuveniqe-oil\/\" aria-label=\"Go to \u201eREJUVENIQE\u00ae\" page\">-->\n      <!--            <img decoding=\"async\" src=\"https:\/\/monatglobal.com\/wp-content\/uploads\/2022\/12\/rejuveniqe_2021-ecomm.png\" alt=\"\u201eREJUVENIQE\u00ae\"\" loading=\"lazy\"\/>-->\n      <!--            <p>\u201eREJUVENIQE<sup>\u00ae<\/sup>\"<\/p>-->\n      <!--         <\/a>-->\n      <!--      -->\n      <!--      -->\n      <!--         <a href=\"\/lt\/men-face-moisturizer\/\" aria-label=\"Go to \u201eMONAT FOR MEN\u2122\" dr\u0117kinamasis veido kremas page\">-->\n      <!--            <img decoding=\"async\" src=\"https:\/\/monatglobal.com\/wp-content\/uploads\/2022\/12\/essential-face-moisturizer-ecomm-2022-min.png\" alt=\"\u201eMONAT FOR MEN\u2122\" dr\u0117kinamasis veido kremas\" loading=\"lazy\"\/>-->\n      <!--            <p>\u201eMONAT FOR MEN\u2122\"<br \/>dr\u0117kinamasis veido kremas<\/p>-->\n      <!--         <\/a>-->\n      <!--      -->\n      <!--            -->\n      <!--         <a href=\"\/lt\/men-face-wash\/\" aria-label=\"Go to \u201eMONAT FOR MEN\u2122\" veido prausiklis page\">-->\n      <!--            <img decoding=\"async\" src=\"https:\/\/monatglobal.com\/wp-content\/uploads\/2022\/12\/essential-face-wash-ecomm-2022-min.png\" alt=\"\u201eMONAT FOR MEN\u2122\" veido prausiklis\" loading=\"lazy\"\/>-->\n      <!--            <p>\u201eMONAT FOR MEN\u2122\"<br \/>veido prausiklis<\/p>-->\n      <!--         <\/a>-->\n      <!--      -->\n      <!--   -->\n         <!--==================================================== If we need navigation buttons  ====================================================-->\n      <!--   -->\n      <!--   -->\n         <!--==================================================== If we need paginations  ====================================================-->\n      <!--   -->\n      <!---->\n         <!--==================================================== If we need navigation buttons  ====================================================-->\n         <!--==================================================== If we need paginations  ====================================================-->\n    <a href=\"\" aria-label=\"\"><\/a>\n<!--==================================================== this link has to go last for it to work   ====================================================-->\n","protected":false},"excerpt":{"rendered":"<p>BESTSELERIAI BESTSELERIAI \u201eMONAT BLACK\u2122&#8221; \u0161amp\u016bnas + kondicionierius Praturtintas \u201eREJUVENIQE\u2122&#8221; Du viename &#8211; \u0161amp\u016bnas ir kondicionierius, skirtas u\u017etikrinti optimali\u0105 plauk\u0173 b\u016bkl\u0119 vienu&nbsp;\u017eingsniu. 237 ml \u212e 8.0 fl.oz. Ma\u017emenin\u0117 kaina00.00 \u20ac VIP kliento kaina00.00 \u20ac Nor\u0117dami su\u017einoti daugiau apie \u201eBLACK 2-in-1&#8243; \u0161amp\u016bn\u0105 ir kondicionieri\u0173, pasikalb\u0117kite su savo \u201eMONAT Market&nbsp;Partner&#8221;. PRIVALUMAI Valo ir puosel\u0117ja, nenuplaudamas spalvos ir&nbsp;nesausindamas. Padeda&hellip;<\/p>\n","protected":false},"author":31,"featured_media":69038,"parent":0,"menu_order":0,"comment_status":"closed","ping_status":"closed","template":"","meta":{"inline_featured_image":false,"om_disable_all_campaigns":false,"_monsterinsights_skip_tracking":false,"_monsterinsights_sitenote_active":false,"_monsterinsights_sitenote_note":"","_monsterinsights_sitenote_category":0,"footnotes":""},"categories":[32],"tags":[],"class_list":["post-8402","page","type-page","status-publish","has-post-thumbnail","hentry","category-product-lt"],"aioseo_notices":[],"aioseo_head":"\n\t\t<!-- All in One SEO Pro 4.9.6 - aioseo.com -->\n\t<meta name=\"description\" content=\"BESTSELERIAI --&gt;\" \/>\n\t<meta name=\"robots\" content=\"max-image-preview:large\" \/>\n\t<link rel=\"canonical\" href=\"https:\/\/monatglobal.com\/lt\/monat-black-shampoo-conditioner\/\" \/>\n\t<meta name=\"generator\" content=\"All in One SEO Pro (AIOSEO) 4.9.6\" \/>\n\t\t<meta property=\"og:locale\" content=\"lt_LT\" \/>\n\t\t<meta property=\"og:site_name\" content=\"MONAT Lithuania -\" \/>\n\t\t<meta property=\"og:type\" content=\"article\" \/>\n\t\t<meta property=\"og:title\" content=\"MONAT BLACK\u2122 SHAMPOO + CONDITIONER - MONAT Lithuania\" \/>\n\t\t<meta property=\"og:description\" content=\"BESTSELERIAI --&gt;\" \/>\n\t\t<meta property=\"og:url\" content=\"https:\/\/monatglobal.com\/lt\/monat-black-shampoo-conditioner\/\" \/>\n\t\t<meta property=\"article:published_time\" content=\"2016-01-23T01:05:18+00:00\" \/>\n\t\t<meta property=\"article:modified_time\" content=\"2026-02-20T18:14:38+00:00\" \/>\n\t\t<meta name=\"twitter:card\" content=\"summary_large_image\" \/>\n\t\t<meta name=\"twitter:title\" content=\"MONAT BLACK\u2122 SHAMPOO + CONDITIONER - MONAT Lithuania\" \/>\n\t\t<meta name=\"twitter:description\" content=\"BESTSELERIAI --&gt;\" \/>\n\t\t<script type=\"application\/ld+json\" class=\"aioseo-schema\">\n\t\t\t{\"@context\":\"https:\\\/\\\/schema.org\",\"@graph\":[{\"@type\":\"BreadcrumbList\",\"@id\":\"https:\\\/\\\/monatglobal.com\\\/lt\\\/monat-black-shampoo-conditioner\\\/#breadcrumblist\",\"itemListElement\":[{\"@type\":\"ListItem\",\"@id\":\"https:\\\/\\\/monatglobal.com\\\/lt#listItem\",\"position\":1,\"name\":\"Home\",\"item\":\"https:\\\/\\\/monatglobal.com\\\/lt\",\"nextItem\":{\"@type\":\"ListItem\",\"@id\":\"https:\\\/\\\/monatglobal.com\\\/lt\\\/monat-black-shampoo-conditioner\\\/#listItem\",\"name\":\"MONAT BLACK\\u2122 SHAMPOO + CONDITIONER\"}},{\"@type\":\"ListItem\",\"@id\":\"https:\\\/\\\/monatglobal.com\\\/lt\\\/monat-black-shampoo-conditioner\\\/#listItem\",\"position\":2,\"name\":\"MONAT BLACK\\u2122 SHAMPOO + CONDITIONER\",\"previousItem\":{\"@type\":\"ListItem\",\"@id\":\"https:\\\/\\\/monatglobal.com\\\/lt#listItem\",\"name\":\"Home\"}}]},{\"@type\":\"Organization\",\"@id\":\"https:\\\/\\\/monatglobal.com\\\/lt\\\/#organization\",\"name\":\"MONAT Lithuania\",\"url\":\"https:\\\/\\\/monatglobal.com\\\/lt\\\/\"},{\"@type\":\"WebPage\",\"@id\":\"https:\\\/\\\/monatglobal.com\\\/lt\\\/monat-black-shampoo-conditioner\\\/#webpage\",\"url\":\"https:\\\/\\\/monatglobal.com\\\/lt\\\/monat-black-shampoo-conditioner\\\/\",\"name\":\"MONAT BLACK\\u2122 SHAMPOO + CONDITIONER - MONAT Lithuania\",\"description\":\"BESTSELERIAI -->\",\"inLanguage\":\"lt-LT\",\"isPartOf\":{\"@id\":\"https:\\\/\\\/monatglobal.com\\\/lt\\\/#website\"},\"breadcrumb\":{\"@id\":\"https:\\\/\\\/monatglobal.com\\\/lt\\\/monat-black-shampoo-conditioner\\\/#breadcrumblist\"},\"image\":{\"@type\":\"ImageObject\",\"url\":\"https:\\\/\\\/monatglobal.com\\\/lt\\\/wp-content\\\/uploads\\\/sites\\\/11\\\/2021\\\/08\\\/BLACK-2-in-1.png.webp\",\"@id\":\"https:\\\/\\\/monatglobal.com\\\/lt\\\/monat-black-shampoo-conditioner\\\/#mainImage\",\"width\":438,\"height\":500},\"primaryImageOfPage\":{\"@id\":\"https:\\\/\\\/monatglobal.com\\\/lt\\\/monat-black-shampoo-conditioner\\\/#mainImage\"},\"datePublished\":\"2016-01-22T20:05:18+00:00\",\"dateModified\":\"2026-02-20T18:14:38+00:00\"},{\"@type\":\"WebSite\",\"@id\":\"https:\\\/\\\/monatglobal.com\\\/lt\\\/#website\",\"url\":\"https:\\\/\\\/monatglobal.com\\\/lt\\\/\",\"name\":\"MONAT Lithuania\",\"inLanguage\":\"lt-LT\",\"publisher\":{\"@id\":\"https:\\\/\\\/monatglobal.com\\\/lt\\\/#organization\"}}]}\n\t\t<\/script>\n\t\t<!-- All in One SEO Pro -->\r\n\t\t<title>MONAT BLACK\u2122 SHAMPOO + CONDITIONER - MONAT Lithuania<\/title>\n\n","aioseo_head_json":{"title":"MONAT BLACK\u2122 SHAMPOO + CONDITIONER - MONAT Lithuania","description":"BESTSELERIAI -->","canonical_url":"https:\/\/monatglobal.com\/lt\/monat-black-shampoo-conditioner\/","robots":"max-image-preview:large","keywords":"","webmasterTools":{"miscellaneous":""},"schema":{"@context":"https:\/\/schema.org","@graph":[{"@type":"BreadcrumbList","@id":"https:\/\/monatglobal.com\/lt\/monat-black-shampoo-conditioner\/#breadcrumblist","itemListElement":[{"@type":"ListItem","@id":"https:\/\/monatglobal.com\/lt#listItem","position":1,"name":"Home","item":"https:\/\/monatglobal.com\/lt","nextItem":{"@type":"ListItem","@id":"https:\/\/monatglobal.com\/lt\/monat-black-shampoo-conditioner\/#listItem","name":"MONAT BLACK\u2122 SHAMPOO + CONDITIONER"}},{"@type":"ListItem","@id":"https:\/\/monatglobal.com\/lt\/monat-black-shampoo-conditioner\/#listItem","position":2,"name":"MONAT BLACK\u2122 SHAMPOO + CONDITIONER","previousItem":{"@type":"ListItem","@id":"https:\/\/monatglobal.com\/lt#listItem","name":"Home"}}]},{"@type":"Organization","@id":"https:\/\/monatglobal.com\/lt\/#organization","name":"MONAT Lithuania","url":"https:\/\/monatglobal.com\/lt\/"},{"@type":"WebPage","@id":"https:\/\/monatglobal.com\/lt\/monat-black-shampoo-conditioner\/#webpage","url":"https:\/\/monatglobal.com\/lt\/monat-black-shampoo-conditioner\/","name":"MONAT BLACK\u2122 SHAMPOO + CONDITIONER - MONAT Lithuania","description":"BESTSELERIAI -->","inLanguage":"lt-LT","isPartOf":{"@id":"https:\/\/monatglobal.com\/lt\/#website"},"breadcrumb":{"@id":"https:\/\/monatglobal.com\/lt\/monat-black-shampoo-conditioner\/#breadcrumblist"},"image":{"@type":"ImageObject","url":"https:\/\/monatglobal.com\/lt\/wp-content\/uploads\/sites\/11\/2021\/08\/BLACK-2-in-1.png.webp","@id":"https:\/\/monatglobal.com\/lt\/monat-black-shampoo-conditioner\/#mainImage","width":438,"height":500},"primaryImageOfPage":{"@id":"https:\/\/monatglobal.com\/lt\/monat-black-shampoo-conditioner\/#mainImage"},"datePublished":"2016-01-22T20:05:18+00:00","dateModified":"2026-02-20T18:14:38+00:00"},{"@type":"WebSite","@id":"https:\/\/monatglobal.com\/lt\/#website","url":"https:\/\/monatglobal.com\/lt\/","name":"MONAT Lithuania","inLanguage":"lt-LT","publisher":{"@id":"https:\/\/monatglobal.com\/lt\/#organization"}}]},"og:locale":"lt_LT","og:site_name":"MONAT Lithuania -","og:type":"article","og:title":"MONAT BLACK\u2122 SHAMPOO + CONDITIONER - MONAT Lithuania","og:description":"BESTSELERIAI --&gt;","og:url":"https:\/\/monatglobal.com\/lt\/monat-black-shampoo-conditioner\/","article:published_time":"2016-01-23T01:05:18+00:00","article:modified_time":"2026-02-20T18:14:38+00:00","twitter:card":"summary_large_image","twitter:title":"MONAT BLACK\u2122 SHAMPOO + CONDITIONER - MONAT Lithuania","twitter:description":"BESTSELERIAI --&gt;"},"aioseo_meta_data":{"post_id":"8402","title":null,"description":null,"keywords":null,"keyphrases":{"focus":{"keyphrase":"","score":0,"analysis":{"keyphraseInTitle":{"score":0,"maxScore":9,"error":1}}},"additional":[]},"primary_term":null,"canonical_url":null,"og_title":null,"og_description":null,"og_object_type":"default","og_image_type":"default","og_image_url":null,"og_image_width":null,"og_image_height":null,"og_image_custom_url":null,"og_image_custom_fields":null,"og_video":"","og_custom_url":null,"og_article_section":null,"og_article_tags":null,"twitter_use_og":false,"twitter_card":"default","twitter_image_type":"default","twitter_image_url":null,"twitter_image_custom_url":null,"twitter_image_custom_fields":null,"twitter_title":null,"twitter_description":null,"schema":{"blockGraphs":[],"customGraphs":[],"default":{"data":{"Article":[],"Course":[],"Dataset":[],"FAQPage":[],"Movie":[],"Person":[],"Product":[],"ProductReview":[],"Car":[],"Recipe":[],"Service":[],"SoftwareApplication":[],"WebPage":[]},"graphName":"WebPage","isEnabled":true},"graphs":[]},"schema_type":"default","schema_type_options":null,"pillar_content":false,"robots_default":true,"robots_noindex":false,"robots_noarchive":false,"robots_nosnippet":false,"robots_nofollow":false,"robots_noimageindex":false,"robots_noodp":false,"robots_notranslate":false,"robots_max_snippet":"-1","robots_max_videopreview":"-1","robots_max_imagepreview":"large","priority":null,"frequency":"default","local_seo":null,"seo_analyzer_scan_date":"2026-02-20 18:22:11","breadcrumb_settings":null,"limit_modified_date":false,"reviewed_by":"0","open_ai":null,"ai":{"faqs":[],"keyPoints":[],"titles":[],"descriptions":[],"socialPosts":{"email":[],"linkedin":[],"twitter":[],"facebook":[],"instagram":[]}},"created":"2023-07-26 19:05:33","updated":"2026-02-20 18:22:11"},"aioseo_breadcrumb":"<div class=\"aioseo-breadcrumbs\"><span class=\"aioseo-breadcrumb\">\n\t<a href=\"https:\/\/monatglobal.com\/lt\" title=\"Home\">Home<\/a>\n<\/span><span class=\"aioseo-breadcrumb-separator\">&raquo;<\/span><span class=\"aioseo-breadcrumb\">\n\tMONAT BLACK\u2122 SHAMPOO + CONDITIONER\n<\/span><\/div>","aioseo_breadcrumb_json":[{"label":"Home","link":"https:\/\/monatglobal.com\/lt"},{"label":"MONAT BLACK\u2122 SHAMPOO + CONDITIONER","link":"https:\/\/monatglobal.com\/lt\/monat-black-shampoo-conditioner\/"}],"_links":{"self":[{"href":"https:\/\/monatglobal.com\/lt\/wp-json\/wp\/v2\/pages\/8402","targetHints":{"allow":["GET"]}}],"collection":[{"href":"https:\/\/monatglobal.com\/lt\/wp-json\/wp\/v2\/pages"}],"about":[{"href":"https:\/\/monatglobal.com\/lt\/wp-json\/wp\/v2\/types\/page"}],"author":[{"embeddable":true,"href":"https:\/\/monatglobal.com\/lt\/wp-json\/wp\/v2\/users\/31"}],"replies":[{"embeddable":true,"href":"https:\/\/monatglobal.com\/lt\/wp-json\/wp\/v2\/comments?post=8402"}],"version-history":[{"count":36,"href":"https:\/\/monatglobal.com\/lt\/wp-json\/wp\/v2\/pages\/8402\/revisions"}],"predecessor-version":[{"id":109195,"href":"https:\/\/monatglobal.com\/lt\/wp-json\/wp\/v2\/pages\/8402\/revisions\/109195"}],"wp:featuredmedia":[{"embeddable":true,"href":"https:\/\/monatglobal.com\/lt\/wp-json\/wp\/v2\/media\/69038"}],"wp:attachment":[{"href":"https:\/\/monatglobal.com\/lt\/wp-json\/wp\/v2\/media?parent=8402"}],"wp:term":[{"taxonomy":"category","embeddable":true,"href":"https:\/\/monatglobal.com\/lt\/wp-json\/wp\/v2\/categories?post=8402"},{"taxonomy":"post_tag","embeddable":true,"href":"https:\/\/monatglobal.com\/lt\/wp-json\/wp\/v2\/tags?post=8402"}],"curies":[{"name":"wp","href":"https:\/\/api.w.org\/{rel}","templated":true}]}}