{"id":83922,"date":"2023-10-27T16:45:27","date_gmt":"2023-10-27T15:45:27","guid":{"rendered":"https:\/\/monatglobal.com\/lt\/?page_id=83922"},"modified":"2023-10-27T19:00:09","modified_gmt":"2023-10-27T18:00:09","slug":"ignite-copy","status":"publish","type":"page","link":"https:\/\/monatglobal.com\/lt\/ignite-copy\/","title":{"rendered":"Copy of Ignite 2024"},"content":{"rendered":"\n\n        <img decoding=\"async\" alt=\"ignite 2024 logo\" src=\"https:\/\/monatglobal.com\/uk\/wp-content\/uploads\/sites\/6\/2023\/09\/ignite-logo-min.png\"\/>\n        <p>2024 m. baland\u017eio 26 &#8211; 29 d.<\/p>\n        <h1 id=\"bannerTitle\">\u201eHard Rock Hotel&#8221;,<br \/>Tenerif\u0117je<\/h1>\n        <img decoding=\"async\" src=\"https:\/\/monatglobal.com\/wp-content\/uploads\/2023\/07\/star-3.svg\" alt=\"Star illustration\"\/>  \n            <p>Kvalifikacija: <br \/>2023 m. rugpj\u016b\u010dio 1 d. &#8211; 2024 m. sausio 31 d<\/p>\n                    <img decoding=\"async\" src=\"https:\/\/monatglobal.com\/uk\/wp-content\/uploads\/sites\/6\/2023\/09\/star-1.svg\" alt=\"Star illustration\"\/>\n                    <h2>J\u016aS PASIR\u016aPINKITE NUOTAIKA, MES PASIR\u016aPINSIME LINKSMYB\u0116MIS!<\/h2>\n                    <img decoding=\"async\" src=\"https:\/\/monatglobal.com\/uk\/wp-content\/uploads\/sites\/6\/2023\/09\/star-2.svg\" alt=\"Star illustration\"\/>\n                    <img decoding=\"async\" src=\"https:\/\/monatglobal.com\/uk\/wp-content\/uploads\/sites\/6\/2023\/09\/you-bring-the-feeling-min.png\" alt=\"Picture of a group of people with Reunion 2022 stage background\"\/>\n            <h2>Apie k\u0105 svajojate?<\/h2>\n            <p>Ar esate pasireng\u0119 tai pasiekti? Paskelbta m\u016bs\u0173 visi\u0161kai nauja, i\u0161skirtin\u0117 \u201eMONAT Europe&#8221; skatinamoji kelion\u0117 Tenerif\u0117je! <\/p>\n                    <img decoding=\"async\" alt=\"A group of ten women are gathered in a room, all wearing fashionable clothing. \" src=\"https:\/\/monatglobal.com\/wp-content\/uploads\/2023\/07\/reunion-slide-1-min.jpg\" \/>\n                    <img decoding=\"async\" alt=\"A group of three women posing for a photo.\" src=\"https:\/\/monatglobal.com\/uk\/wp-content\/uploads\/sites\/6\/2023\/09\/ignite-tenerife-slider-5-min.jpg\" \/> \n                    <!---->\n                    <img decoding=\"async\" alt=\"group of four women standing in front of a large sign\" src=\"https:\/\/monatglobal.com\/uk\/wp-content\/uploads\/sites\/6\/2023\/09\/ignite-tenerife-slider-7-min.jpg\"\/>\n                    <img decoding=\"async\" alt=\"A woman wearing a pink shirt stands in front of an illuminated Las Vegas sign\" src=\"https:\/\/monatglobal.com\/uk\/wp-content\/uploads\/sites\/6\/2023\/09\/ignite-tenerife-slider-6-min.jpg\"\/>\n                    <img decoding=\"async\" alt=\"group of people sitting in chairs, facing a stage.\" src=\" https:\/\/monatglobal.com\/uk\/wp-content\/uploads\/sites\/6\/2023\/09\/ignite-tenerife-slider-1-min.jpg\" \/>\n                    <img decoding=\"async\" alt=\"A woman standing behind a counter with a purple ribbon\" src=\"https:\/\/monatglobal.com\/uk\/wp-content\/uploads\/sites\/6\/2023\/09\/ignite-tenerife-slider-4-min.jpg\"\/>\n                    <img decoding=\"async\" alt=\"picture of a large group of people gathered in a conference room\" src=\"https:\/\/monatglobal.com\/uk\/wp-content\/uploads\/sites\/6\/2023\/09\/ignite-tenerife-slider-3-min.jpg\"\/>\n                    <img decoding=\"async\" alt=\"Picture of a DJ on stage lively social gathering\" src=\"https:\/\/monatglobal.com\/uk\/wp-content\/uploads\/sites\/6\/2023\/09\/ignite-tenerife-slider-2-min.jpg\" \/>\n            <!---->\n                <img decoding=\"async\" src=\"https:\/\/monatglobal.com\/uk\/wp-content\/uploads\/sites\/6\/2023\/09\/star-3.svg\" alt=\"Star illustration\"\/>\n                Visi, kurie su mumis dalyvavo \u201eMONAT&#8221; skatinamojoje kelion\u0117je, \u017eino, kad tai kur kas daugiau nei kelion\u0117 &#8211; tai nepamir\u0161tama patirtis. J\u016bs \u012fgysite draug\u0173 visam gyvenimui, u\u017emegsite ry\u0161ius su senais pa\u017e\u012fstamais ir patirsite geriausi\u0173 \u012fsp\u016bd\u017ei\u0173, kuri\u0173 u\u017e pinigus tiesiog nenusipirksite.\n\n                <p>Ko dar laukiate?<\/p>\n                <img decoding=\"async\" src=\"https:\/\/monatglobal.com\/uk\/wp-content\/uploads\/sites\/6\/2023\/09\/star-4.svg\" alt=\"Star illustration\"\/>\n            <h2>\u201eEUROPE IGNITE&#8221;<br \/>DIENOTVARK\u0116<\/h2>\n            <p>1&nbsp;diena:<\/p>\n               <p>2024 m. baland\u017eio 26 d., penktadienis<\/p>\n               <p>Atvykimas ir registracija&nbsp;vie\u0161butyje<\/p>\n            <p>2&nbsp;diena:<\/p>\n               <p>2024 m. baland\u017eio 27 d., \u0161e\u0161tadienis<\/p>\n               <p>Diena, kupina \u201eMONAT&#8221; magijos, kuri bus atskleista&nbsp;netrukus!<\/p>\n            <p>3&nbsp;diena:<\/p>\n               <p>2024 m. baland\u017eio 28 d., sekmadienis<\/p>\n               <p>Tikru \u201eMONAT Europe&#8221; stiliumi esame suplanav\u0119 nuostabi\u0105 dien\u0105 &#8211; viskas bus atskleista&nbsp;netrukus!<\/p>\n            <p>4&nbsp;diena:<\/p>\n               <p>2024 m. baland\u017eio 29 d., pirmadienis<\/p>\n               <p>I\u0161sikraustymas i\u0161 vie\u0161bu\u010dio ir&nbsp;i\u0161vykimas<\/p>\n         <p>Dienotvark\u0117 gali keistis<\/p>\n         <img decoding=\"async\" src=\"https:\/\/monatglobal.com\/uk\/wp-content\/uploads\/sites\/6\/2023\/09\/star-1.svg\" alt=\"Star illustration\"\/>\n                    <h3>\u201eMONAT Europe<br \/> Ignite 2024&#8243;<\/h3>\n                    <img decoding=\"async\" src=\"https:\/\/monatglobal.com\/uk\/wp-content\/uploads\/sites\/6\/2023\/09\/bag-icon.svg\" alt=\"Qualification icon 1\"\/>\n                <p>PV, VIP ir MP Reikalavimas: \u012fvykdyti per 6 m\u0117nesius<\/p>\n                    <p>Karjeros rangas: <\/p>\n                     MP, MMP, AMB, MB nuo 2023 m. rugpj\u016b\u010dio 1 d.\n\n                    <p>Karjeros rangas:  <\/p>\n                    MMB ir auk\u0161tesnis nuo 2023 m. rugpj\u016b\u010dio 1 d.\n\n                PV reikalavimai \nPradinis lygis MP ir VIP\nreikalavimai \nPradinis lygis\n  <p>7000 PV*<\/p>\n                <p>6 VIP + 2 MP<\/p>\n                    <p>Kas \u012feina:<\/p>\n                    <p>Prieiga prie m\u016bs\u0173 programos ir mokym\u0173 + bendras kambarys <\/p>\n                <p>PV reikalavimai 1 pakopa <\/p>\n                <p>9000 PV* <\/p>\n                <p>12000 PV*<\/p>\n                    <p>Kas \u012feina:<\/p>\n                    <p>Prieiga prie m\u016bs\u0173 programos ir mokym\u0173 + bendras kambarys + 115 \u20ac kuponas<\/p>\n                 PV reikalavimai \n2 pakopa \n                <p>12000 PV* <\/p>\n                <p>15000 PV*<\/p>\n                    <p>Kas \u012feina:<\/p>\n                    <p>Prieiga prie m\u016bs\u0173 programos ir mokym\u0173 + bendras kambarys + skryd\u017eiai<\/p>\n                MP ir VIP\nreikalavimai \n1 ir 2 pakopa\n                <p>12000 PV* + 10 VIP + 2 MP<\/p>\n                *Minimalus PV turi b\u016bti i\u0161 klient\u0173 pirkim\u0173 kiekvien\u0105 m\u0117nes\u012f (VIP arba ma\u017emenin\u0117s prekybos)\n\n                <p>4000 PV<\/p>\n                <p>6000 PV<\/p>\n                <p>Visi \u201eMarket Partner&#8221; 2024 m. sausio m\u0117n. turi tur\u0117ti mokama kaip MMP arba auk\u0161tesn\u012f rang\u0105, kad atitikt\u0173 reikalavimus.<\/p>\n                    <p>VIP ir MP registracijos reikalavimas  <\/p>\n                    <p>Pradinis lygis (tik MP, MMP, AMB, MB) per 6 m\u0117nesius prijunkite 6 VIP su aktyviais \u201eFlexship&#8221; ir 2 \u201eMP&#8221; su produkt\u0173 paketu. 1 ir 2 pakopos per 6 m\u0117nesius  prijunkite 10 VIP su  aktyviais \u201eFlexship&#8221; ir 2 \u201eMP&#8221; su produkt\u0173 paketu.<\/p>\n                    <p>PV reikalavimas  <\/p> \n                    <p>Visi PV reikalavimai skai\u010diuojami bendrai per visus m\u0117nesius (jie yra kaupiami visos kvalifikacijos laikotarpiu)<\/p>\n                <h3>Kas gali dalyvauti?<\/h3>\n                <p>Visi \u201eMarket Partners&#8221; JK, Airijoje, Lenkijoje, Ispanijoje, Lietuvoje ir Pranc\u016bzijoje<\/p>\n                    <img decoding=\"async\" src=\"https:\/\/monatglobal.com\/wp-content\/uploads\/sites\/6\/2021\/07\/uk-flag-.png\" alt=\"United Kingdom flag\"\/>\n                    <img decoding=\"async\" src=\"https:\/\/monatglobal.com\/wp-content\/uploads\/sites\/6\/2021\/07\/ireland-flag.png\" alt=\"Ireland flag\"\/>\n                    <img decoding=\"async\" src=\"https:\/\/monatglobal.com\/wp-content\/uploads\/sites\/6\/2021\/07\/Polish-flag.png\" alt=\"Polska flag\"\/>\n                    <img decoding=\"async\" src=\"https:\/\/monatglobal.com\/wp-content\/uploads\/sites\/6\/2021\/07\/spain-flag.png\" alt=\"Espa\u00f1a flag\"\/>\n                    <img decoding=\"async\" src=\"https:\/\/monatglobal.com\/wp-content\/uploads\/2021\/08\/Lietuva-flag.png\" alt=\"Lietuva Flag\"\/>\n                    <img decoding=\"async\" src=\"https:\/\/monatglobal.com\/wp-content\/uploads\/sites\/19\/2023\/02\/france-flag-.jpg\" alt=\"France flag\"\/>\n            <h2>Ar j\u016bs pasiruo\u0161\u0119?<\/h2>\n            <p>K\u0105 patirsite per \u201eMONAT Ignite&#8221; <\/p>\n                    <img decoding=\"async\" src=\"https:\/\/monatglobal.com\/uk\/wp-content\/uploads\/sites\/6\/2023\/09\/entry-level-icon.svg\" alt=\"Qualification icon 1\"\/>\n                    <h3>Pradinio lygio kelion\u0117 (galima tik \u201eMP&#8221;, \u201eMMP&#8221;, \u201eAMB&#8221;, \u201eMB&#8221;) apima:<\/h3>\n                    <p>\u0160iam lygiui \u201eMONAT&#8221; nepadengia skryd\u017ei\u0173.<\/p>\n                    <ul>\n                        <li>\u2022 3 nakvyn\u0117s bendrame kambaryje, \u012fskaitant pusry\u010dius <\/li>\n                        <li>\u2022 Speciali \u201eMONAT&#8221; patirtis <\/li>\n                        <li>\u2022 I\u0161kilmingas \u0161ventinis vakar\u0117lis <\/li>\n                        <li>\u2022 Daug \u201eMONAT Europe&#8221; speciali\u0173 akcent\u0173<\/li>\n                    <\/ul>\n                    <img decoding=\"async\" src=\"https:\/\/monatglobal.com\/uk\/wp-content\/uploads\/sites\/6\/2023\/09\/tier-1-icon.svg\" alt=\"Qualification airfare icon\"\/>\n                    <h3>\u012e 1 pakopos kelion\u0119 \u012feina:<\/h3>\n                    <p>\u0160iam lygiui \u201eMONAT&#8221; nepadengia skryd\u017ei\u0173.<\/p>\n                    <ul>\n                        <li>\u2022 3 nakvyn\u0117s bendrame kambaryje, \u012fskaitant pusry\u010dius<\/li>\n                        <li>\u2022 115 \u20ac kuponas, kur\u012f gal\u0117site panaudoti savo nuo\u017ei\u016bra<\/li>\n                        <li>\u2022 Speciali \u201eMONAT&#8221; patirtis<\/li>\n                        <li>\u2022 I\u0161kilmingas \u0161ventinis vakar\u0117lis <\/li>\n                        <li>\u2022 Daug \u201eMONAT Europe&#8221; speciali\u0173 akcent\u0173<\/li>\n                    <\/ul>\n                    <img decoding=\"async\" src=\"https:\/\/monatglobal.com\/uk\/wp-content\/uploads\/sites\/6\/2023\/09\/tier-2-icon.svg\" alt=\"Qualification airfare icon\"\/>\n                    <h3>\u012e 2 pakopos kelion\u0119 \u012feina:<\/h3>\n                    <ul>\n                        <li>\u2022 Kelion\u0117 \u012f abi puses i\u0161 pagrindini\u0173 Jungtin\u0117s Karalyst\u0117s, Airijos, Lenkijos, Ispanijos, Lietuvos ir Pranc\u016bzijos oro uost\u0173*<\/li>\n                        <li>\u2022 3 nakvyn\u0117s bendrame kambaryje, \u012fskaitant pusry\u010dius<\/li>\n                        <li>\u2022 Speciali \u201eMONAT&#8221; patirtis <\/li>\n                        <li>\u2022 I\u0161kilmingas \u0161ventinis vakar\u0117lis <\/li>\n                        <li>\u2022 Daug \u201eMONAT Europe&#8221; speciali\u0173 akcent\u0173<\/li>\n                    <\/ul>\n            <h2>Pasimatysime<br \/> Tenerif\u0117je!<\/h2>\n                <a id=\"faq_btn\" href=\"https:\/\/monatglobal.com\/lt\/wp-content\/uploads\/sites\/11\/2023\/10\/LT_MONAT-Europe_IGNITE_2024_FAQ_V3.pdf\" target=\"_blank\" rel=\"noopener\">DUK<\/a>\n                <a id=\"termsAndC\" href=\"https:\/\/monatglobal.com\/lt\/wp-content\/uploads\/sites\/11\/2023\/10\/LT_MONAT-Europe-Ignite-2024_Terms-and-Conditions_2023_V1.pdf\" target=\"_blank\" rel=\"noopener\">\n                    <p>S\u0105lygos<\/p>\n                <\/a>\n            <p>*\u017dr. \u201eMONAT Global&#8221; apmokam\u0173 l\u0117ktuvo biliet\u0173  taisykles ir s\u0105lygas<\/p>\n\n","protected":false},"excerpt":{"rendered":"<p>2024 m. baland\u017eio 26 &#8211; 29 d. \u201eHard Rock Hotel&#8221;,Tenerif\u0117je Kvalifikacija: 2023 m. rugpj\u016b\u010dio 1 d. &#8211; 2024 m. sausio 31 d J\u016aS PASIR\u016aPINKITE NUOTAIKA, MES PASIR\u016aPINSIME LINKSMYB\u0116MIS! Apie k\u0105 svajojate? Ar esate pasireng\u0119 tai pasiekti? Paskelbta m\u016bs\u0173 visi\u0161kai nauja, i\u0161skirtin\u0117 \u201eMONAT Europe&#8221; skatinamoji kelion\u0117 Tenerif\u0117je! Visi, kurie su mumis dalyvavo \u201eMONAT&#8221; skatinamojoje kelion\u0117je, \u017eino,&hellip;<\/p>\n","protected":false},"author":33,"featured_media":83846,"parent":0,"menu_order":0,"comment_status":"closed","ping_status":"closed","template":"","meta":{"inline_featured_image":false,"om_disable_all_campaigns":false,"_monsterinsights_skip_tracking":false,"_monsterinsights_sitenote_active":false,"_monsterinsights_sitenote_note":"","_monsterinsights_sitenote_category":0,"footnotes":""},"categories":[],"tags":[],"class_list":["post-83922","page","type-page","status-publish","has-post-thumbnail","hentry"],"aioseo_notices":[],"aioseo_head":"\n\t\t<!-- All in One SEO Pro 4.9.6 - aioseo.com -->\n\t<meta name=\"description\" content=\"2024 m. baland\u017eio 26 - 29 d. \u201eHard Rock Hotel&quot;,Tenerif\u0117je Kvalifikacija: 2023 m. rugpj\u016b\u010dio 1 d. - 2024 m. sausio 31 d J\u016aS PASIR\u016aPINKITE NUOTAIKA, MES PASIR\u016aPINSIME LINKSMYB\u0116MIS! Apie k\u0105 svajojate? Ar esate pasireng\u0119 tai pasiekti? Paskelbta m\u016bs\u0173 visi\u0161kai nauja, i\u0161skirtin\u0117 \u201eMONAT Europe&quot; skatinamoji kelion\u0117 Tenerif\u0117je! Visi, kurie su mumis dalyvavo \u201eMONAT&quot; skatinamojoje kelion\u0117je, \u017eino,\" \/>\n\t<meta name=\"robots\" content=\"max-image-preview:large\" \/>\n\t<link rel=\"canonical\" href=\"https:\/\/monatglobal.com\/lt\/ignite-copy\/\" \/>\n\t<meta name=\"generator\" content=\"All in One SEO Pro (AIOSEO) 4.9.6\" \/>\n\t\t<meta property=\"og:locale\" content=\"lt_LT\" \/>\n\t\t<meta property=\"og:site_name\" content=\"MONAT Lithuania -\" \/>\n\t\t<meta property=\"og:type\" content=\"article\" \/>\n\t\t<meta property=\"og:title\" content=\"Copy of Ignite 2024 - MONAT Lithuania\" \/>\n\t\t<meta property=\"og:description\" content=\"2024 m. baland\u017eio 26 - 29 d. \u201eHard Rock Hotel&quot;,Tenerif\u0117je Kvalifikacija: 2023 m. rugpj\u016b\u010dio 1 d. - 2024 m. sausio 31 d J\u016aS PASIR\u016aPINKITE NUOTAIKA, MES PASIR\u016aPINSIME LINKSMYB\u0116MIS! Apie k\u0105 svajojate? Ar esate pasireng\u0119 tai pasiekti? Paskelbta m\u016bs\u0173 visi\u0161kai nauja, i\u0161skirtin\u0117 \u201eMONAT Europe&quot; skatinamoji kelion\u0117 Tenerif\u0117je! Visi, kurie su mumis dalyvavo \u201eMONAT&quot; skatinamojoje kelion\u0117je, \u017eino,\" \/>\n\t\t<meta property=\"og:url\" content=\"https:\/\/monatglobal.com\/lt\/ignite-copy\/\" \/>\n\t\t<meta property=\"article:published_time\" content=\"2023-10-27T15:45:27+00:00\" \/>\n\t\t<meta property=\"article:modified_time\" content=\"2023-10-27T18:00:09+00:00\" \/>\n\t\t<meta name=\"twitter:card\" content=\"summary_large_image\" \/>\n\t\t<meta name=\"twitter:title\" content=\"Copy of Ignite 2024 - MONAT Lithuania\" \/>\n\t\t<meta name=\"twitter:description\" content=\"2024 m. baland\u017eio 26 - 29 d. \u201eHard Rock Hotel&quot;,Tenerif\u0117je Kvalifikacija: 2023 m. rugpj\u016b\u010dio 1 d. - 2024 m. sausio 31 d J\u016aS PASIR\u016aPINKITE NUOTAIKA, MES PASIR\u016aPINSIME LINKSMYB\u0116MIS! Apie k\u0105 svajojate? Ar esate pasireng\u0119 tai pasiekti? Paskelbta m\u016bs\u0173 visi\u0161kai nauja, i\u0161skirtin\u0117 \u201eMONAT Europe&quot; skatinamoji kelion\u0117 Tenerif\u0117je! Visi, kurie su mumis dalyvavo \u201eMONAT&quot; skatinamojoje kelion\u0117je, \u017eino,\" \/>\n\t\t<script type=\"application\/ld+json\" class=\"aioseo-schema\">\n\t\t\t{\"@context\":\"https:\\\/\\\/schema.org\",\"@graph\":[{\"@type\":\"BreadcrumbList\",\"@id\":\"https:\\\/\\\/monatglobal.com\\\/lt\\\/ignite-copy\\\/#breadcrumblist\",\"itemListElement\":[{\"@type\":\"ListItem\",\"@id\":\"https:\\\/\\\/monatglobal.com\\\/lt#listItem\",\"position\":1,\"name\":\"Home\",\"item\":\"https:\\\/\\\/monatglobal.com\\\/lt\",\"nextItem\":{\"@type\":\"ListItem\",\"@id\":\"https:\\\/\\\/monatglobal.com\\\/lt\\\/ignite-copy\\\/#listItem\",\"name\":\"Copy of Ignite 2024\"}},{\"@type\":\"ListItem\",\"@id\":\"https:\\\/\\\/monatglobal.com\\\/lt\\\/ignite-copy\\\/#listItem\",\"position\":2,\"name\":\"Copy of Ignite 2024\",\"previousItem\":{\"@type\":\"ListItem\",\"@id\":\"https:\\\/\\\/monatglobal.com\\\/lt#listItem\",\"name\":\"Home\"}}]},{\"@type\":\"Organization\",\"@id\":\"https:\\\/\\\/monatglobal.com\\\/lt\\\/#organization\",\"name\":\"MONAT Lithuania\",\"url\":\"https:\\\/\\\/monatglobal.com\\\/lt\\\/\"},{\"@type\":\"WebPage\",\"@id\":\"https:\\\/\\\/monatglobal.com\\\/lt\\\/ignite-copy\\\/#webpage\",\"url\":\"https:\\\/\\\/monatglobal.com\\\/lt\\\/ignite-copy\\\/\",\"name\":\"Copy of Ignite 2024 - MONAT Lithuania\",\"description\":\"2024 m. baland\\u017eio 26 - 29 d. \\u201eHard Rock Hotel\\\",Tenerif\\u0117je Kvalifikacija: 2023 m. rugpj\\u016b\\u010dio 1 d. - 2024 m. sausio 31 d J\\u016aS PASIR\\u016aPINKITE NUOTAIKA, MES PASIR\\u016aPINSIME LINKSMYB\\u0116MIS! Apie k\\u0105 svajojate? Ar esate pasireng\\u0119 tai pasiekti? Paskelbta m\\u016bs\\u0173 visi\\u0161kai nauja, i\\u0161skirtin\\u0117 \\u201eMONAT Europe\\\" skatinamoji kelion\\u0117 Tenerif\\u0117je! Visi, kurie su mumis dalyvavo \\u201eMONAT\\\" skatinamojoje kelion\\u0117je, \\u017eino,\",\"inLanguage\":\"lt-LT\",\"isPartOf\":{\"@id\":\"https:\\\/\\\/monatglobal.com\\\/lt\\\/#website\"},\"breadcrumb\":{\"@id\":\"https:\\\/\\\/monatglobal.com\\\/lt\\\/ignite-copy\\\/#breadcrumblist\"},\"image\":{\"@type\":\"ImageObject\",\"url\":\"https:\\\/\\\/monatglobal.com\\\/lt\\\/wp-content\\\/uploads\\\/sites\\\/11\\\/2023\\\/10\\\/monat-europe-ignite-2024-Tenerife-min.jpg\",\"@id\":\"https:\\\/\\\/monatglobal.com\\\/lt\\\/ignite-copy\\\/#mainImage\",\"width\":1000,\"height\":569},\"primaryImageOfPage\":{\"@id\":\"https:\\\/\\\/monatglobal.com\\\/lt\\\/ignite-copy\\\/#mainImage\"},\"datePublished\":\"2023-10-27T16:45:27+01:00\",\"dateModified\":\"2023-10-27T19:00:09+01:00\"},{\"@type\":\"WebSite\",\"@id\":\"https:\\\/\\\/monatglobal.com\\\/lt\\\/#website\",\"url\":\"https:\\\/\\\/monatglobal.com\\\/lt\\\/\",\"name\":\"MONAT Lithuania\",\"inLanguage\":\"lt-LT\",\"publisher\":{\"@id\":\"https:\\\/\\\/monatglobal.com\\\/lt\\\/#organization\"}}]}\n\t\t<\/script>\n\t\t<!-- All in One SEO Pro -->\r\n\t\t<title>Copy of Ignite 2024 - MONAT Lithuania<\/title>\n\n","aioseo_head_json":{"title":"Copy of Ignite 2024 - MONAT Lithuania","description":"2024 m. baland\u017eio 26 - 29 d. \u201eHard Rock Hotel\",Tenerif\u0117je Kvalifikacija: 2023 m. rugpj\u016b\u010dio 1 d. - 2024 m. sausio 31 d J\u016aS PASIR\u016aPINKITE NUOTAIKA, MES PASIR\u016aPINSIME LINKSMYB\u0116MIS! Apie k\u0105 svajojate? Ar esate pasireng\u0119 tai pasiekti? Paskelbta m\u016bs\u0173 visi\u0161kai nauja, i\u0161skirtin\u0117 \u201eMONAT Europe\" skatinamoji kelion\u0117 Tenerif\u0117je! Visi, kurie su mumis dalyvavo \u201eMONAT\" skatinamojoje kelion\u0117je, \u017eino,","canonical_url":"https:\/\/monatglobal.com\/lt\/ignite-copy\/","robots":"max-image-preview:large","keywords":"","webmasterTools":{"miscellaneous":""},"schema":{"@context":"https:\/\/schema.org","@graph":[{"@type":"BreadcrumbList","@id":"https:\/\/monatglobal.com\/lt\/ignite-copy\/#breadcrumblist","itemListElement":[{"@type":"ListItem","@id":"https:\/\/monatglobal.com\/lt#listItem","position":1,"name":"Home","item":"https:\/\/monatglobal.com\/lt","nextItem":{"@type":"ListItem","@id":"https:\/\/monatglobal.com\/lt\/ignite-copy\/#listItem","name":"Copy of Ignite 2024"}},{"@type":"ListItem","@id":"https:\/\/monatglobal.com\/lt\/ignite-copy\/#listItem","position":2,"name":"Copy of Ignite 2024","previousItem":{"@type":"ListItem","@id":"https:\/\/monatglobal.com\/lt#listItem","name":"Home"}}]},{"@type":"Organization","@id":"https:\/\/monatglobal.com\/lt\/#organization","name":"MONAT Lithuania","url":"https:\/\/monatglobal.com\/lt\/"},{"@type":"WebPage","@id":"https:\/\/monatglobal.com\/lt\/ignite-copy\/#webpage","url":"https:\/\/monatglobal.com\/lt\/ignite-copy\/","name":"Copy of Ignite 2024 - MONAT Lithuania","description":"2024 m. baland\u017eio 26 - 29 d. \u201eHard Rock Hotel\",Tenerif\u0117je Kvalifikacija: 2023 m. rugpj\u016b\u010dio 1 d. - 2024 m. sausio 31 d J\u016aS PASIR\u016aPINKITE NUOTAIKA, MES PASIR\u016aPINSIME LINKSMYB\u0116MIS! Apie k\u0105 svajojate? Ar esate pasireng\u0119 tai pasiekti? Paskelbta m\u016bs\u0173 visi\u0161kai nauja, i\u0161skirtin\u0117 \u201eMONAT Europe\" skatinamoji kelion\u0117 Tenerif\u0117je! Visi, kurie su mumis dalyvavo \u201eMONAT\" skatinamojoje kelion\u0117je, \u017eino,","inLanguage":"lt-LT","isPartOf":{"@id":"https:\/\/monatglobal.com\/lt\/#website"},"breadcrumb":{"@id":"https:\/\/monatglobal.com\/lt\/ignite-copy\/#breadcrumblist"},"image":{"@type":"ImageObject","url":"https:\/\/monatglobal.com\/lt\/wp-content\/uploads\/sites\/11\/2023\/10\/monat-europe-ignite-2024-Tenerife-min.jpg","@id":"https:\/\/monatglobal.com\/lt\/ignite-copy\/#mainImage","width":1000,"height":569},"primaryImageOfPage":{"@id":"https:\/\/monatglobal.com\/lt\/ignite-copy\/#mainImage"},"datePublished":"2023-10-27T16:45:27+01:00","dateModified":"2023-10-27T19:00:09+01:00"},{"@type":"WebSite","@id":"https:\/\/monatglobal.com\/lt\/#website","url":"https:\/\/monatglobal.com\/lt\/","name":"MONAT Lithuania","inLanguage":"lt-LT","publisher":{"@id":"https:\/\/monatglobal.com\/lt\/#organization"}}]},"og:locale":"lt_LT","og:site_name":"MONAT Lithuania -","og:type":"article","og:title":"Copy of Ignite 2024 - MONAT Lithuania","og:description":"2024 m. baland\u017eio 26 - 29 d. \u201eHard Rock Hotel&quot;,Tenerif\u0117je Kvalifikacija: 2023 m. rugpj\u016b\u010dio 1 d. - 2024 m. sausio 31 d J\u016aS PASIR\u016aPINKITE NUOTAIKA, MES PASIR\u016aPINSIME LINKSMYB\u0116MIS! Apie k\u0105 svajojate? Ar esate pasireng\u0119 tai pasiekti? Paskelbta m\u016bs\u0173 visi\u0161kai nauja, i\u0161skirtin\u0117 \u201eMONAT Europe&quot; skatinamoji kelion\u0117 Tenerif\u0117je! Visi, kurie su mumis dalyvavo \u201eMONAT&quot; skatinamojoje kelion\u0117je, \u017eino,","og:url":"https:\/\/monatglobal.com\/lt\/ignite-copy\/","article:published_time":"2023-10-27T15:45:27+00:00","article:modified_time":"2023-10-27T18:00:09+00:00","twitter:card":"summary_large_image","twitter:title":"Copy of Ignite 2024 - MONAT Lithuania","twitter:description":"2024 m. baland\u017eio 26 - 29 d. \u201eHard Rock Hotel&quot;,Tenerif\u0117je Kvalifikacija: 2023 m. rugpj\u016b\u010dio 1 d. - 2024 m. sausio 31 d J\u016aS PASIR\u016aPINKITE NUOTAIKA, MES PASIR\u016aPINSIME LINKSMYB\u0116MIS! Apie k\u0105 svajojate? Ar esate pasireng\u0119 tai pasiekti? Paskelbta m\u016bs\u0173 visi\u0161kai nauja, i\u0161skirtin\u0117 \u201eMONAT Europe&quot; skatinamoji kelion\u0117 Tenerif\u0117je! Visi, kurie su mumis dalyvavo \u201eMONAT&quot; skatinamojoje kelion\u0117je, \u017eino,"},"aioseo_meta_data":{"post_id":"83922","title":null,"description":null,"keywords":[],"keyphrases":{"focus":{"keyphrase":"","score":0,"analysis":{"keyphraseInTitle":{"score":0,"maxScore":9,"error":1}}},"additional":[]},"primary_term":null,"canonical_url":null,"og_title":null,"og_description":null,"og_object_type":"default","og_image_type":"default","og_image_url":null,"og_image_width":null,"og_image_height":null,"og_image_custom_url":null,"og_image_custom_fields":null,"og_video":"","og_custom_url":null,"og_article_section":null,"og_article_tags":[],"twitter_use_og":false,"twitter_card":"default","twitter_image_type":"default","twitter_image_url":null,"twitter_image_custom_url":null,"twitter_image_custom_fields":null,"twitter_title":null,"twitter_description":null,"schema":{"blockGraphs":[],"customGraphs":[],"default":{"data":{"Article":[],"Course":[],"Dataset":[],"FAQPage":[],"Movie":[],"Person":[],"Product":[],"ProductReview":[],"Car":[],"Recipe":[],"Service":[],"SoftwareApplication":[],"WebPage":[]},"graphName":"WebPage","isEnabled":true},"graphs":[]},"schema_type":"default","schema_type_options":null,"pillar_content":false,"robots_default":true,"robots_noindex":false,"robots_noarchive":false,"robots_nosnippet":false,"robots_nofollow":false,"robots_noimageindex":false,"robots_noodp":false,"robots_notranslate":false,"robots_max_snippet":"-1","robots_max_videopreview":"-1","robots_max_imagepreview":"large","priority":null,"frequency":"default","local_seo":null,"seo_analyzer_scan_date":"2025-08-15 02:45:26","breadcrumb_settings":null,"limit_modified_date":false,"reviewed_by":null,"open_ai":null,"ai":null,"created":"2023-10-27 15:45:33","updated":"2025-08-15 02:45:26"},"aioseo_breadcrumb":"<div class=\"aioseo-breadcrumbs\"><span class=\"aioseo-breadcrumb\">\n\t<a href=\"https:\/\/monatglobal.com\/lt\" title=\"Home\">Home<\/a>\n<\/span><span class=\"aioseo-breadcrumb-separator\">&raquo;<\/span><span class=\"aioseo-breadcrumb\">\n\tCopy of Ignite 2024\n<\/span><\/div>","aioseo_breadcrumb_json":[{"label":"Home","link":"https:\/\/monatglobal.com\/lt"},{"label":"Copy of Ignite 2024","link":"https:\/\/monatglobal.com\/lt\/ignite-copy\/"}],"_links":{"self":[{"href":"https:\/\/monatglobal.com\/lt\/wp-json\/wp\/v2\/pages\/83922","targetHints":{"allow":["GET"]}}],"collection":[{"href":"https:\/\/monatglobal.com\/lt\/wp-json\/wp\/v2\/pages"}],"about":[{"href":"https:\/\/monatglobal.com\/lt\/wp-json\/wp\/v2\/types\/page"}],"author":[{"embeddable":true,"href":"https:\/\/monatglobal.com\/lt\/wp-json\/wp\/v2\/users\/33"}],"replies":[{"embeddable":true,"href":"https:\/\/monatglobal.com\/lt\/wp-json\/wp\/v2\/comments?post=83922"}],"version-history":[{"count":3,"href":"https:\/\/monatglobal.com\/lt\/wp-json\/wp\/v2\/pages\/83922\/revisions"}],"predecessor-version":[{"id":83925,"href":"https:\/\/monatglobal.com\/lt\/wp-json\/wp\/v2\/pages\/83922\/revisions\/83925"}],"wp:featuredmedia":[{"embeddable":true,"href":"https:\/\/monatglobal.com\/lt\/wp-json\/wp\/v2\/media\/83846"}],"wp:attachment":[{"href":"https:\/\/monatglobal.com\/lt\/wp-json\/wp\/v2\/media?parent=83922"}],"wp:term":[{"taxonomy":"category","embeddable":true,"href":"https:\/\/monatglobal.com\/lt\/wp-json\/wp\/v2\/categories?post=83922"},{"taxonomy":"post_tag","embeddable":true,"href":"https:\/\/monatglobal.com\/lt\/wp-json\/wp\/v2\/tags?post=83922"}],"curies":[{"name":"wp","href":"https:\/\/api.w.org\/{rel}","templated":true}]}}