{"id":83828,"date":"2023-09-29T16:33:55","date_gmt":"2023-09-29T15:33:55","guid":{"rendered":"https:\/\/monatglobal.com\/lt\/?page_id=83828"},"modified":"2025-02-20T12:48:18","modified_gmt":"2025-02-20T12:48:18","slug":"ignite","status":"publish","type":"page","link":"https:\/\/monatglobal.com\/lt\/ignite\/","title":{"rendered":"Ignite 2025"},"content":{"rendered":"\n\n\t<style>\n    :root{\n        --sand: #fbf5f0;\n        --red: #c2514a;\n        --salmon: #f3b7b1;\n        --dark-purple: #572e3d;\n        --purple: #522f56;\n    }\n<\/style> \n<section id=\"bannerSec\">\n    <img decoding=\"async\" src=\"https:\/\/monatglobal.com\/uk\/wp-content\/uploads\/sites\/6\/2025\/02\/ignite-2025-Logo-w.svg\"\/>\n    \n        <source media=\"(max-width: 700px)\" srcset=\"https:\/\/monatglobal.com\/uk\/wp-content\/uploads\/sites\/6\/2025\/02\/EU-ignite-2025-banner-mobile-min-2.jpg\" loading=\"lazy\"\/>\n        <img decoding=\"async\" src=\"https:\/\/monatglobal.com\/uk\/wp-content\/uploads\/sites\/6\/2025\/02\/IGNITE-BANNER-2025-DESKTOP-min.jpg\" alt=\"A Moroccan-style tower stands prominently in the heart of the city, showcasing its elegance. It rises majestically against a blue sky, with the sunset light enhancing its magnificence.\" loading=\"lazy\"\/>\n    \n<\/section>\n<main id=\"igniteContainer\">\n    <section id=\"Sec1\">\n            <img decoding=\"async\" src=\"https:\/\/monatglobal.com\/lt\/wp-content\/uploads\/sites\/11\/2025\/02\/marrakech-title-1-lt.svg\" alt=\"Marrakech!\"\/>\n            <h1>laukia &#8211; j\u016bs\u0173<br \/> svajoni\u0173 kelion\u0117<br \/> prasideda \u010dia!<\/h1>\n            <p>Kvalifikacija:<br \/> 2025 m. vasario 1 d. &#8211; 2025 m. liepos 31 d.<\/p>\n            <p>Renginio data: <br \/> 2025 m. rugs\u0117jo 26 &#8211; 29 d.<\/p>\n    <\/section>\n    <section id=\"Sec2\">\n            <h2>Kur svajojate<br \/> nuvykti? Ar esate<br \/> pasireng\u0119 \u012fgyvendinti<br \/> savo svajon\u0119?<\/h2>  \n            <img decoding=\"async\" src=\"https:\/\/monatglobal.com\/wp-content\/uploads\/2025\/02\/pattern-img.svg\" alt=\"pattern img\"\/>\n                    <h3>At\u0117jo laikas!<\/h3>\n                    <p>D\u017eiaugiam\u0117s gal\u0117dami prane\u0161ti apie i\u0161skirtin\u0119 \u201eMONAT Europe&#8221; skatinam\u0105j\u0105 kelion\u0119 \u012f Marake\u0161\u0105 ir patik\u0117kite mumis &#8211; tai nuotykis, kurio lauk\u0117te!<\/p>\n                <img decoding=\"async\" src=\"https:\/\/monatglobal.com\/uk\/wp-content\/uploads\/sites\/6\/2025\/02\/Incentive-Trip-to-Marrakech_archs-min.jpg\" alt=\"A woman seen from behind, wearing a green dress and holding a large hat in her hands, admires the arched architecture of a hallway with Moroccan-style design.\"\/>\n            <img decoding=\"async\" src=\"https:\/\/monatglobal.com\/wp-content\/uploads\/2025\/02\/yellow-star.svg\" alt=\"Yellow eight-pointed star shape\"\/>\n            <img decoding=\"async\" src=\"https:\/\/monatglobal.com\/wp-content\/uploads\/2025\/02\/salmon-star.svg\" alt=\"Salmon eight-pointed star shape\"\/> \n                <p>Jei jau esate dalyvav\u0119 MONAT skatinamojoje kelion\u0117je, jau \u017einote, kad tai daugiau nei tik i\u0161vyka &#8211; tai \u012fsp\u016bdinga kelion\u0117, kupina nepamir\u0161tam\u0173 akimirk\u0173, nauj\u0173 draugys\u010di\u0173 ir prisiminim\u0173, kurie i\u0161liks visam gyvenimui.<\/p>\n                <p>\u012esivaizduokite, kaip pasineriate \u012f pulsuojan\u010di\u0105 Marake\u0161o energij\u0105, bendraujate su ne\u012ftik\u0117tinais \u017emon\u0117mis ir m\u0117gaujat\u0117s patirtimi, kurios u\u017e pinigus nenusipirksite.<\/p>\n    <\/section>\n    <section id=\"sec3\">\n             <img decoding=\"async\" src=\"https:\/\/monatglobal.com\/uk\/wp-content\/uploads\/sites\/6\/2025\/02\/energy-of-Marrakech_woman-min.jpg\" alt=\"A woman wearing a vibrant, colorful dress is seated gracefully on a chair, exuding elegance and style.\"\/>\n                <img decoding=\"async\" src=\"https:\/\/monatglobal.com\/uk\/wp-content\/uploads\/sites\/6\/2025\/02\/more-than-just-a-getaway_arch-min.jpg\" alt=\"A picturesque scene of the royal palace courtyard in Marrakesh, Morocco, highlighting its stunning architecture and tranquil atmosphere.\"\/>\n            <p>Tai j\u016bs\u0173 akimirka. <br \/>Ne tik svajokite &#8211; <br \/> padarykite tai!<\/p>\n    <\/section>\n    <section id=\"tableSec\">\n            <img decoding=\"async\" src=\"https:\/\/monatglobal.com\/wp-content\/uploads\/2025\/02\/salmon-star.svg\" alt=\"Yellow eight-pointed star shape\"\/>\n            <img decoding=\"async\" src=\"https:\/\/monatglobal.com\/wp-content\/uploads\/2025\/02\/yellow-star.svg\" alt=\"Salmon eight-pointed star shape\"\/> \n            <img decoding=\"async\" src=\"https:\/\/monatglobal.com\/uk\/wp-content\/uploads\/sites\/6\/2025\/02\/ignite-2025Logo.svg\" alt=\"ignite logo\"\/>\n            <h2>Kvalifikacijos <br \/>kriterijai<\/h2>\n            <p>PV, VIP ir MP reikalavimas: \u012fvykdyti per 6 m\u0117nesius <br \/>(JK, Airijai, Lenkijai, Ispanijai, Lietuvai ir Pranc\u016bzijai)<\/p>\n            <p>LYGIS<\/p>\n            <p>Rangas: <br \/>MP, AMP, MMP, AMB, MB nuo 2025 m. vasario 1 d.<\/p>\n            <p>Apdovanojimas<\/p> \n            <p>Rangas:  <br \/>MMB ir auk\u0161tesnis nuo 2025 m. vasario 1 d.<\/p> \n            <p>Apdovanojimas<\/p>\n            <p>PV <br \/>reikalavimai<br \/> Pradinis lygis<\/p>\n            <p>7 000 PV*<\/p>\n            <p>Programa + bendras kambarys <\/p>\n            \n            <p>Registracijos reikalavimai<br \/> Pradinis lygis<\/p>\n            <p>6 VIP + 2 MP<\/p>\n            <p>PV <br \/>reikalavimai <br \/> 1 lygis<\/p>\n            <p>9 000 PV*<\/p>\n            <p>Programa + bendras kambarys  + 115&nbsp;\u20ac<\/p>\n            <p>12 000 PV*<\/p>\n            <p>Programa + bendras kambarys  + 115&nbsp;\u20ac<\/p>\n            <p>PV<br \/> reikalavimai <br \/>2 lygis<\/p>\n            <p>12 000 PV*<\/p>\n            <p>Programa + bendras kambarys  + skryd\u017eiai<\/p>\n            <p>15 000 PV*<\/p>\n            <p>Programa + bendras kambarys  + skryd\u017eiai<\/p>\n            <p>Registracijos reikalavimai 1 ir 2 lygiai<\/p>\n            <p>10 VIP + 2 MP<\/p>\n            <p>*Minimalus Akumuliuotas PV i\u0161 klient\u0173 pirkim\u0173 kiekvien\u0105 m\u0117nes\u012f (VIP arba ma\u017emenin\u0117s prekybos)<\/p>\n            <p>4 000 PV<\/p>\n            \n            <p>6 000 PV<\/p>\n            \n            <p>Visi MP partneriai 2025 m. liepos m\u0117n. turi tur\u0117ti mokama kaip MMP arba auk\u0161tesn\u012f rang\u0105, kad atitikt\u0173 reikalavimus.<\/p>\n            \n                VIP ir MP registracijos reikalavimas \n                Pradiniam lygiui (tik MP, AMP, MMP, AMB, MB) per 6 m\u0117nesius prijunkite 6 VIP su aktyviais \u201eFlexship&#8221;* ir 2 MP su produkt\u0173 paketu.<br \/>1 ir 2 lygiui per 6 m\u0117nesius  prijunkite 10 VIP su  aktyviais \u201eFlexship&#8221;* ir 2 MP su produkt\u0173 paketu.<br \/>\n                *Aktyvus \u201eFlexship&#8221; nereikalaujamas Lenkijoje, Ispanijoje ir Lietuvoje\n            \n            \n                PV reikalavimas\n                PV visiems lygiams skai\u010diuojami bendrai\n             \n    <\/section>\n    <section id=\"lookLike_container\">  \n            <img decoding=\"async\" src=\"https:\/\/monatglobal.com\/wp-content\/uploads\/2025\/02\/salmon-star.svg\" alt=\"Yellow eight-pointed star shape\"\/>\n            <img decoding=\"async\" src=\"https:\/\/monatglobal.com\/wp-content\/uploads\/2025\/02\/yellow-star.svg\" alt=\"Salmon eight-pointed star shape\"\/> \n                <h2>Ar j\u016bs pasiruo\u0161\u0119?<\/h2>\n                <p>K\u0105 patirsite per<br \/> \u201eMONAT Ignite&#8221;<\/p>\n                        <img decoding=\"async\" src=\"https:\/\/monatglobal.com\/uk\/wp-content\/uploads\/sites\/6\/2025\/02\/entry-level-icon.svg\" alt=\"Hotel icon illustration\"\/>\n                        <p>Pradinio lygio kelion\u0117 <br \/>(galima tik MP, AMP, MMP, AMB, MB):<\/p>\n                        <ul>\n                            <li><p>\u2022 3 nakvyn\u0117s bendrame kambaryje, \u012fskaitant&nbsp;pusry\u010dius<\/p><\/li> \n                            <li><p>\u2022 Speciali \u201eMONAT&#8221; patirtis<\/p><\/li> \n                            <li><p>\u2022 I\u0161kilmingas \u0161ventinis vakar\u0117lis<\/p><\/li> \n                            <li><p>\u2022 Daug \u201eMONAT Europe&#8221; speciali\u0173 akcent\u0173<\/p><\/li>\n                        <\/ul>\n                        <p>\u0160iam lygiui \u201eMONAT&#8221; nepadengia skryd\u017ei\u0173.<\/p>\n                        <img decoding=\"async\" src=\"https:\/\/monatglobal.com\/uk\/wp-content\/uploads\/sites\/6\/2025\/02\/tier-1-eu.svg\" alt=\"money icon illustration\"\/> \n                        <p>\u012e 1 lygio kelion\u0119<br \/>\u012feina:<\/p>\n                        <ul>\n                            <li><p>\u2022 3 nakvyn\u0117s bendrame kambaryje, \u012fskaitant&nbsp;pusry\u010dius<\/p><\/li>\n                            <li><p>\u2022 115 \u20ac kuponas, kur\u012f gal\u0117site panaudoti savo&nbsp;nuo\u017ei\u016bra<\/p><\/li>\n                            <li><p>\u2022 Speciali MONAT patirtis <\/p><\/li>\n                            <li><p>\u2022 I\u0161kilmingas \u0161ventinis vakar\u0117lis <\/p><\/li>\n                            <li><p>\u2022 Daug \u201eMONAT Europe&#8221; speciali\u0173 akcent\u0173<\/p><\/li>\n                        <\/ul>\n                        <p>\u0160iam lygiui \u201eMONAT&#8221; nepadengia skryd\u017ei\u0173.<\/p>\n                        <img decoding=\"async\" src=\"https:\/\/monatglobal.com\/uk\/wp-content\/uploads\/sites\/6\/2025\/02\/tier-2.svg\" alt=\"plane ticket icon illustration\"\/>\n                        <p>\u012e 2 lygio kelion\u0119<br \/> \u012feina:<\/p>\n                        <ul>\n                            <li><p>\u2022 Kelion\u0117 \u012f abi puses i\u0161 pagrindini\u0173 Jungtin\u0117s Karalyst\u0117s, Airijos, Lenkijos, Ispanijos, Lietuvos ir Pranc\u016bzijos oro uost\u0173*<\/p><\/li>\n                            <li><p>\u2022 3 nakvyn\u0117s bendrame kambaryje, \u012fskaitant&nbsp;pusry\u010dius<\/p><\/li>\n                            <li><p>\u2022 Speciali MONAT patirtis <\/p><\/li>\n                            <li><p>\u2022 I\u0161kilmingas \u0161ventinis vakar\u0117lis <\/p><\/li>\n                            <li><p>\u2022 Daug \u201eMONAT Europe&#8221; speciali\u0173 akcent\u0173<\/p><\/li>\n                        <\/ul>\n            <img decoding=\"async\" src=\"https:\/\/monatglobal.com\/uk\/wp-content\/uploads\/sites\/6\/2025\/02\/oil-drop.svg\" alt=\"oil drop logo\"\/>\n    <\/section>\n    <section id=\"bottomSec\">\n        <p>Pasimatysime<\/p>\n        <img decoding=\"async\" src=\"https:\/\/monatglobal.com\/lt\/wp-content\/uploads\/sites\/11\/2025\/02\/marrakech-title-2-lt.svg\" alt=\"Marrakech!\"\/> \n        <a href=\"https:\/\/monatglobal.com\/lt\/wp-content\/uploads\/sites\/11\/2025\/02\/LT_MONAT-Europe-Ignite-2025-FAQ_012925_v1.pdf\" target=\"_blank\" rel=\"noopener\">DUK<\/a>\n        <p>*\u017dr. \u201eMONAT Global&#8221; apmok\u0117t\u0173 l\u0117ktuvo biliet\u0173 <a href=\"https:\/\/monatglobal.com\/lt\/wp-content\/uploads\/sites\/11\/2025\/02\/LT_MONAT-Europe-Ignite-2025-Terms-and-Conditions_020725_v1.pdf\" target=\"_blank\" rel=\"noopener\">pri\u0117mimo s\u0105lygas<\/a>.<br \/> Kartu mes galime paversti pasaul\u012f geresne ir \u0161viesesne vieta.<\/p>\n        <img decoding=\"async\" alt=\"pattern img\" src=\"https:\/\/monatglobal.com\/wp-content\/uploads\/2025\/02\/pattern-img.svg\"\/>\n    <\/section>\n<\/main>\n\n","protected":false},"excerpt":{"rendered":"<p>laukia &#8211; j\u016bs\u0173 svajoni\u0173 kelion\u0117 prasideda \u010dia! Kvalifikacija: 2025 m. vasario 1 d. &#8211; 2025 m. liepos 31 d. Renginio data: 2025 m. rugs\u0117jo 26 &#8211; 29 d. Kur svajojate nuvykti? Ar esate pasireng\u0119 \u012fgyvendinti savo svajon\u0119? At\u0117jo laikas! D\u017eiaugiam\u0117s gal\u0117dami prane\u0161ti apie i\u0161skirtin\u0119 \u201eMONAT Europe&#8221; skatinam\u0105j\u0105 kelion\u0119 \u012f Marake\u0161\u0105 ir patik\u0117kite mumis &#8211; tai&hellip;<\/p>\n","protected":false},"author":31,"featured_media":86359,"parent":0,"menu_order":0,"comment_status":"closed","ping_status":"closed","template":"","meta":{"inline_featured_image":false,"om_disable_all_campaigns":false,"_monsterinsights_skip_tracking":false,"_monsterinsights_sitenote_active":false,"_monsterinsights_sitenote_note":"","_monsterinsights_sitenote_category":0,"footnotes":""},"categories":[],"tags":[],"class_list":["post-83828","page","type-page","status-publish","has-post-thumbnail","hentry"],"aioseo_notices":[],"aioseo_head":"\n\t\t<!-- All in One SEO Pro 4.9.5.2 - aioseo.com -->\n\t<meta name=\"description\" content=\"Kvalifikuokit\u0117s \u012f MONAT Ignite 2025 ir patirkite nepamir\u0161tam\u0105 kelion\u0119 \u012f Marake\u0161\u0105 su prabangia nakvyne, i\u0161skirtiniais renginiais ir gala vakar\u0117liu!\" \/>\n\t<meta name=\"robots\" content=\"max-image-preview:large\" \/>\n\t<link rel=\"canonical\" href=\"https:\/\/monatglobal.com\/lt\/ignite\/\" \/>\n\t<meta name=\"generator\" content=\"All in One SEO Pro (AIOSEO) 4.9.5.2\" \/>\n\t\t<meta property=\"og:locale\" content=\"lt_LT\" \/>\n\t\t<meta property=\"og:site_name\" content=\"MONAT Lithuania -\" \/>\n\t\t<meta property=\"og:type\" content=\"article\" \/>\n\t\t<meta property=\"og:title\" content=\"MONAT Ignite 2025 | I\u0161skirtin\u0117 kelion\u0117 \u012f Marake\u0161\u0105\" \/>\n\t\t<meta property=\"og:description\" content=\"Kvalifikuokit\u0117s \u012f MONAT Ignite 2025 ir patirkite nepamir\u0161tam\u0105 kelion\u0119 \u012f Marake\u0161\u0105 su prabangia nakvyne, i\u0161skirtiniais renginiais ir gala vakar\u0117liu!\" \/>\n\t\t<meta property=\"og:url\" content=\"https:\/\/monatglobal.com\/lt\/ignite\/\" \/>\n\t\t<meta property=\"article:published_time\" content=\"2023-09-29T15:33:55+00:00\" \/>\n\t\t<meta property=\"article:modified_time\" content=\"2025-02-20T12:48:18+00:00\" \/>\n\t\t<meta name=\"twitter:card\" content=\"summary_large_image\" \/>\n\t\t<meta name=\"twitter:title\" content=\"MONAT Ignite 2025 | I\u0161skirtin\u0117 kelion\u0117 \u012f Marake\u0161\u0105\" \/>\n\t\t<meta name=\"twitter:description\" content=\"Kvalifikuokit\u0117s \u012f MONAT Ignite 2025 ir patirkite nepamir\u0161tam\u0105 kelion\u0119 \u012f Marake\u0161\u0105 su prabangia nakvyne, i\u0161skirtiniais renginiais ir gala vakar\u0117liu!\" \/>\n\t\t<script type=\"application\/ld+json\" class=\"aioseo-schema\">\n\t\t\t{\"@context\":\"https:\\\/\\\/schema.org\",\"@graph\":[{\"@type\":\"BreadcrumbList\",\"@id\":\"https:\\\/\\\/monatglobal.com\\\/lt\\\/ignite\\\/#breadcrumblist\",\"itemListElement\":[{\"@type\":\"ListItem\",\"@id\":\"https:\\\/\\\/monatglobal.com\\\/lt#listItem\",\"position\":1,\"name\":\"Home\",\"item\":\"https:\\\/\\\/monatglobal.com\\\/lt\",\"nextItem\":{\"@type\":\"ListItem\",\"@id\":\"https:\\\/\\\/monatglobal.com\\\/lt\\\/ignite\\\/#listItem\",\"name\":\"Ignite 2025\"}},{\"@type\":\"ListItem\",\"@id\":\"https:\\\/\\\/monatglobal.com\\\/lt\\\/ignite\\\/#listItem\",\"position\":2,\"name\":\"Ignite 2025\",\"previousItem\":{\"@type\":\"ListItem\",\"@id\":\"https:\\\/\\\/monatglobal.com\\\/lt#listItem\",\"name\":\"Home\"}}]},{\"@type\":\"Organization\",\"@id\":\"https:\\\/\\\/monatglobal.com\\\/lt\\\/#organization\",\"name\":\"MONAT Lithuania\",\"url\":\"https:\\\/\\\/monatglobal.com\\\/lt\\\/\"},{\"@type\":\"WebPage\",\"@id\":\"https:\\\/\\\/monatglobal.com\\\/lt\\\/ignite\\\/#webpage\",\"url\":\"https:\\\/\\\/monatglobal.com\\\/lt\\\/ignite\\\/\",\"name\":\"MONAT Ignite 2025 | I\\u0161skirtin\\u0117 kelion\\u0117 \\u012f Marake\\u0161\\u0105\",\"description\":\"Kvalifikuokit\\u0117s \\u012f MONAT Ignite 2025 ir patirkite nepamir\\u0161tam\\u0105 kelion\\u0119 \\u012f Marake\\u0161\\u0105 su prabangia nakvyne, i\\u0161skirtiniais renginiais ir gala vakar\\u0117liu!\",\"inLanguage\":\"lt-LT\",\"isPartOf\":{\"@id\":\"https:\\\/\\\/monatglobal.com\\\/lt\\\/#website\"},\"breadcrumb\":{\"@id\":\"https:\\\/\\\/monatglobal.com\\\/lt\\\/ignite\\\/#breadcrumblist\"},\"image\":{\"@type\":\"ImageObject\",\"url\":\"https:\\\/\\\/monatglobal.com\\\/lt\\\/wp-content\\\/uploads\\\/sites\\\/11\\\/2025\\\/02\\\/Ignite-2025-MARRAKECH-FEATURED-min.jpg\",\"@id\":\"https:\\\/\\\/monatglobal.com\\\/lt\\\/ignite\\\/#mainImage\",\"width\":1200,\"height\":628},\"primaryImageOfPage\":{\"@id\":\"https:\\\/\\\/monatglobal.com\\\/lt\\\/ignite\\\/#mainImage\"},\"datePublished\":\"2023-09-29T16:33:55+01:00\",\"dateModified\":\"2025-02-20T12:48:18+00:00\"},{\"@type\":\"WebSite\",\"@id\":\"https:\\\/\\\/monatglobal.com\\\/lt\\\/#website\",\"url\":\"https:\\\/\\\/monatglobal.com\\\/lt\\\/\",\"name\":\"MONAT Lithuania\",\"inLanguage\":\"lt-LT\",\"publisher\":{\"@id\":\"https:\\\/\\\/monatglobal.com\\\/lt\\\/#organization\"}}]}\n\t\t<\/script>\n\t\t<!-- All in One SEO Pro -->\r\n\t\t<title>MONAT Ignite 2025 | I\u0161skirtin\u0117 kelion\u0117 \u012f Marake\u0161\u0105<\/title>\n\n","aioseo_head_json":{"title":"MONAT Ignite 2025 | I\u0161skirtin\u0117 kelion\u0117 \u012f Marake\u0161\u0105","description":"Kvalifikuokit\u0117s \u012f MONAT Ignite 2025 ir patirkite nepamir\u0161tam\u0105 kelion\u0119 \u012f Marake\u0161\u0105 su prabangia nakvyne, i\u0161skirtiniais renginiais ir gala vakar\u0117liu!","canonical_url":"https:\/\/monatglobal.com\/lt\/ignite\/","robots":"max-image-preview:large","keywords":"","webmasterTools":{"miscellaneous":""},"schema":{"@context":"https:\/\/schema.org","@graph":[{"@type":"BreadcrumbList","@id":"https:\/\/monatglobal.com\/lt\/ignite\/#breadcrumblist","itemListElement":[{"@type":"ListItem","@id":"https:\/\/monatglobal.com\/lt#listItem","position":1,"name":"Home","item":"https:\/\/monatglobal.com\/lt","nextItem":{"@type":"ListItem","@id":"https:\/\/monatglobal.com\/lt\/ignite\/#listItem","name":"Ignite 2025"}},{"@type":"ListItem","@id":"https:\/\/monatglobal.com\/lt\/ignite\/#listItem","position":2,"name":"Ignite 2025","previousItem":{"@type":"ListItem","@id":"https:\/\/monatglobal.com\/lt#listItem","name":"Home"}}]},{"@type":"Organization","@id":"https:\/\/monatglobal.com\/lt\/#organization","name":"MONAT Lithuania","url":"https:\/\/monatglobal.com\/lt\/"},{"@type":"WebPage","@id":"https:\/\/monatglobal.com\/lt\/ignite\/#webpage","url":"https:\/\/monatglobal.com\/lt\/ignite\/","name":"MONAT Ignite 2025 | I\u0161skirtin\u0117 kelion\u0117 \u012f Marake\u0161\u0105","description":"Kvalifikuokit\u0117s \u012f MONAT Ignite 2025 ir patirkite nepamir\u0161tam\u0105 kelion\u0119 \u012f Marake\u0161\u0105 su prabangia nakvyne, i\u0161skirtiniais renginiais ir gala vakar\u0117liu!","inLanguage":"lt-LT","isPartOf":{"@id":"https:\/\/monatglobal.com\/lt\/#website"},"breadcrumb":{"@id":"https:\/\/monatglobal.com\/lt\/ignite\/#breadcrumblist"},"image":{"@type":"ImageObject","url":"https:\/\/monatglobal.com\/lt\/wp-content\/uploads\/sites\/11\/2025\/02\/Ignite-2025-MARRAKECH-FEATURED-min.jpg","@id":"https:\/\/monatglobal.com\/lt\/ignite\/#mainImage","width":1200,"height":628},"primaryImageOfPage":{"@id":"https:\/\/monatglobal.com\/lt\/ignite\/#mainImage"},"datePublished":"2023-09-29T16:33:55+01:00","dateModified":"2025-02-20T12:48:18+00:00"},{"@type":"WebSite","@id":"https:\/\/monatglobal.com\/lt\/#website","url":"https:\/\/monatglobal.com\/lt\/","name":"MONAT Lithuania","inLanguage":"lt-LT","publisher":{"@id":"https:\/\/monatglobal.com\/lt\/#organization"}}]},"og:locale":"lt_LT","og:site_name":"MONAT Lithuania -","og:type":"article","og:title":"MONAT Ignite 2025 | I\u0161skirtin\u0117 kelion\u0117 \u012f Marake\u0161\u0105","og:description":"Kvalifikuokit\u0117s \u012f MONAT Ignite 2025 ir patirkite nepamir\u0161tam\u0105 kelion\u0119 \u012f Marake\u0161\u0105 su prabangia nakvyne, i\u0161skirtiniais renginiais ir gala vakar\u0117liu!","og:url":"https:\/\/monatglobal.com\/lt\/ignite\/","article:published_time":"2023-09-29T15:33:55+00:00","article:modified_time":"2025-02-20T12:48:18+00:00","twitter:card":"summary_large_image","twitter:title":"MONAT Ignite 2025 | I\u0161skirtin\u0117 kelion\u0117 \u012f Marake\u0161\u0105","twitter:description":"Kvalifikuokit\u0117s \u012f MONAT Ignite 2025 ir patirkite nepamir\u0161tam\u0105 kelion\u0119 \u012f Marake\u0161\u0105 su prabangia nakvyne, i\u0161skirtiniais renginiais ir gala vakar\u0117liu!"},"aioseo_meta_data":{"post_id":"83828","title":"MONAT Ignite 2025 | I\u0161skirtin\u0117 kelion\u0117 \u012f Marake\u0161\u0105","description":"Kvalifikuokit\u0117s \u012f MONAT Ignite 2025 ir patirkite nepamir\u0161tam\u0105 kelion\u0119 \u012f Marake\u0161\u0105 su prabangia nakvyne, i\u0161skirtiniais renginiais ir gala vakar\u0117liu!","keywords":null,"keyphrases":{"focus":{"keyphrase":"","score":0,"analysis":{"keyphraseInTitle":{"score":0,"maxScore":9,"error":1}}},"additional":[]},"primary_term":null,"canonical_url":null,"og_title":null,"og_description":null,"og_object_type":"default","og_image_type":"default","og_image_url":null,"og_image_width":null,"og_image_height":null,"og_image_custom_url":null,"og_image_custom_fields":null,"og_video":"","og_custom_url":null,"og_article_section":null,"og_article_tags":null,"twitter_use_og":false,"twitter_card":"default","twitter_image_type":"default","twitter_image_url":null,"twitter_image_custom_url":null,"twitter_image_custom_fields":null,"twitter_title":null,"twitter_description":null,"schema":{"blockGraphs":[],"customGraphs":[],"default":{"data":{"Article":[],"Course":[],"Dataset":[],"FAQPage":[],"Movie":[],"Person":[],"Product":[],"ProductReview":[],"Car":[],"Recipe":[],"Service":[],"SoftwareApplication":[],"WebPage":[]},"graphName":"WebPage","isEnabled":true},"graphs":[]},"schema_type":"default","schema_type_options":null,"pillar_content":false,"robots_default":true,"robots_noindex":false,"robots_noarchive":false,"robots_nosnippet":false,"robots_nofollow":false,"robots_noimageindex":false,"robots_noodp":false,"robots_notranslate":false,"robots_max_snippet":"-1","robots_max_videopreview":"-1","robots_max_imagepreview":"large","priority":null,"frequency":"default","local_seo":null,"seo_analyzer_scan_date":"2025-08-15 02:45:23","breadcrumb_settings":null,"limit_modified_date":false,"reviewed_by":null,"open_ai":null,"ai":null,"created":"2023-09-29 15:33:59","updated":"2026-02-10 05:28:19"},"aioseo_breadcrumb":"<div class=\"aioseo-breadcrumbs\"><span class=\"aioseo-breadcrumb\">\n\t<a href=\"https:\/\/monatglobal.com\/lt\" title=\"Home\">Home<\/a>\n<\/span><span class=\"aioseo-breadcrumb-separator\">&raquo;<\/span><span class=\"aioseo-breadcrumb\">\n\tIgnite 2025\n<\/span><\/div>","aioseo_breadcrumb_json":[{"label":"Home","link":"https:\/\/monatglobal.com\/lt"},{"label":"Ignite 2025","link":"https:\/\/monatglobal.com\/lt\/ignite\/"}],"_links":{"self":[{"href":"https:\/\/monatglobal.com\/lt\/wp-json\/wp\/v2\/pages\/83828","targetHints":{"allow":["GET"]}}],"collection":[{"href":"https:\/\/monatglobal.com\/lt\/wp-json\/wp\/v2\/pages"}],"about":[{"href":"https:\/\/monatglobal.com\/lt\/wp-json\/wp\/v2\/types\/page"}],"author":[{"embeddable":true,"href":"https:\/\/monatglobal.com\/lt\/wp-json\/wp\/v2\/users\/31"}],"replies":[{"embeddable":true,"href":"https:\/\/monatglobal.com\/lt\/wp-json\/wp\/v2\/comments?post=83828"}],"version-history":[{"count":25,"href":"https:\/\/monatglobal.com\/lt\/wp-json\/wp\/v2\/pages\/83828\/revisions"}],"predecessor-version":[{"id":86380,"href":"https:\/\/monatglobal.com\/lt\/wp-json\/wp\/v2\/pages\/83828\/revisions\/86380"}],"wp:featuredmedia":[{"embeddable":true,"href":"https:\/\/monatglobal.com\/lt\/wp-json\/wp\/v2\/media\/86359"}],"wp:attachment":[{"href":"https:\/\/monatglobal.com\/lt\/wp-json\/wp\/v2\/media?parent=83828"}],"wp:term":[{"taxonomy":"category","embeddable":true,"href":"https:\/\/monatglobal.com\/lt\/wp-json\/wp\/v2\/categories?post=83828"},{"taxonomy":"post_tag","embeddable":true,"href":"https:\/\/monatglobal.com\/lt\/wp-json\/wp\/v2\/tags?post=83828"}],"curies":[{"name":"wp","href":"https:\/\/api.w.org\/{rel}","templated":true}]}}