{"id":83689,"date":"2023-09-08T20:45:00","date_gmt":"2023-09-08T19:45:00","guid":{"rendered":"https:\/\/monatglobal.com\/lt\/?page_id=83689"},"modified":"2023-11-02T20:10:51","modified_gmt":"2023-11-02T20:10:51","slug":"directors-circle","status":"publish","type":"page","link":"https:\/\/monatglobal.com\/lt\/directors-circle\/","title":{"rendered":"Directors\u2019 Circle 24"},"content":{"rendered":"\n\n\t<section id=\"bannerSec\">\n        <img decoding=\"async\" src=\"\" alt=\"\"\/>\n        <img decoding=\"async\" id=\"dc_icon\" src=\"https:\/\/monatglobal.com\/wp-content\/uploads\/2023\/08\/directors-circle-logo.svg\" alt=\"\"\/>\n        <h1 id=\"banner_h1\">KAI VIZIJA <br \/>TAMPA VEIKSMU<\/h1>\n        <p>EDEN ROC AND NOBU HOTEL<\/p>\n<\/section>\n<section id=\"sec1\"> \n        <img decoding=\"async\" src=\"https:\/\/monatglobal.com\/wp-content\/uploads\/2023\/08\/circle-purple-directors.svg\" alt=\"\"\/>\n        <p>Majamis, Florida<br \/> 2024 m. sausio 8-11 d.<\/p>\n            <p>APSUKITE VIS\u0104 RAT\u0104 KAIP \u201eMONAT&#8221;&nbsp;VADOVAS<\/p>\n            <h2>Dalyvaukite i\u0161skirtiniuose mokymuose su auk\u0161\u010diausio lygio lyderiais ir \u012fmon\u0117s&nbsp;vadovais.<\/h2>\n            <p>Gaukite verting\u0173 \u012f\u017evalg\u0173, pad\u0117sian\u010di\u0173 suderinti savo tikslus ir maksimaliai i\u0161naudoti vis\u0105 \u201eMONAT&#8221; verslo&nbsp;potencial\u0105.<\/p>\n            <p>\u201eDirectors&#8217; Circle 2024&#8243; yra renginys tik su pakvietimais, kuriuos gali gauti turintys \u201eDirector&#8221;&nbsp;rang\u0105.<\/p> \n                <h2 id=\"GR_ribbon\">GET <br \/>READY!<\/h2>\n                <img decoding=\"async\" src=\"https:\/\/monatglobal.com\/wp-content\/uploads\/2023\/08\/directors_circle_photo.png\" alt=\"\"\/>\n                <p>SUTELKITE SAVO \u017dINIAS<\/p>\n                <h2>Diskusij\u0173 metu gilinkit\u0117s \u012f svarbiausias sritis.<\/h2>\n                <p>\u0160iose temin\u0117se sesijose patobulinkite savo \u017einias ir sustiprinkite bendr\u0105 savo verslo b\u016bkl\u0119.<\/p>\n<\/section>\n<section id=\"SED_sec\">\n            <h2>I\u0161skirtinis d\u0117mesys \u201eSenior Executive&nbsp;Directors&#8221;<\/h2>\n            <p>\u201eSenior Executive Directors&#8221; tur\u0117s i\u0161skirtin\u0119 galimyb\u0119 dalyvauti simpoziume, kuriame tiesiogiai bendraus su vadovais ir \u012fgis konkre\u010di\u0173 \u012f\u017evalg\u0173, pad\u0117sian\u010di\u0173 strategi\u0161kai valdyti poky\u010dius ir \u012fgyvendinti naujas&nbsp;programas.<\/p>\n        <img decoding=\"async\" id=\"SED_img_absolute\" src=\"https:\/\/monatglobal.com\/wp-content\/uploads\/2023\/08\/circle-grey-directors.svg\" alt=\"\"\/> \n    <img decoding=\"async\" src=\"https:\/\/monatglobal.com\/wp-content\/uploads\/2023\/08\/EJR05068-scaled.jpg\" alt=\"\"\/>\n<\/section>\n<section id=\"sec3\">\n    <img decoding=\"async\" id=\"seashell\" src=\"https:\/\/monatglobal.com\/wp-content\/uploads\/2023\/08\/seashell-2-directors.svg\" alt=\"\"\/>\n    <img decoding=\"async\" id=\"jellyfish\" src=\"https:\/\/monatglobal.com\/wp-content\/uploads\/2023\/08\/jellyfish-directors.svg\" alt=\"\"\/>\n            <img decoding=\"async\" id=\"qualification_icon\" src=\"https:\/\/monatglobal.com\/wp-content\/uploads\/2023\/08\/fish.svg\" alt=\"\"\/>\n            <h2 id=\"qualification_title\">KVALIFIKACIJOS LAIKAS 2023 m. rugs\u0117jo 1 d. &#8211; gruod\u017eio 31 d.<\/h2>\n            <p>Kvalifikacij\u0105 gali gauti visi \u201eAED&#8221;, \u201eED&#8221; ir \u201eSED&#8221; nuo 2023 m. rugs\u0117jo 1 d. ir \u201eMarket Partner&#8221;, kurie iki 2023 m. gruod\u017eio 31 d. \u012fgyja \u201eAED&#8221; ar auk\u0161tesn\u012f&nbsp;rang\u0105.<\/p>\n            <h2>KVALIFIKACIJOS KRITERIJAI<\/h2> \n                <p>1 LYGIS<\/p>\n                <p>(\u012fskai\u010diuota 3 nakvyn\u0117s vie\u0161butyje)<\/p>\n                <hr \/>\n                <p>\u201eDirector&#8221; rangas nuo 2023 m. rugs\u0117jo 1 d. arba \u201eMarket Partner&#8221;, kurie anks\u010diau tur\u0117jo \u201eDirector&#8221; karjeros&nbsp;rang\u0105:<\/p>\n                <p>1 i\u0161 4 kvalifikacijos laikotarpio m\u0117nesi\u0173 turi b\u016bti mokama kaip \u201eAED&#8221; ar auk\u0161tesniam rangui ir turi b\u016bti sukurtas&nbsp;\u201eBlock&#8221;.<\/p>\n                    <p>2 LYGIS<\/p>\n                    <p>(\u012fskai\u010diuota 3 nakvyn\u0117s vie\u0161butyje ir skrydis \u012f abi puses)<\/p>\n                    <hr \/>\n                    <p>\u201eDirector&#8221; rangas nuo 2023 m. rugs\u0117jo 1 d. arba \u201eMarket Partner&#8221;, kurie anks\u010diau tur\u0117jo \u201eDirector&#8221; karjeros&nbsp;rang\u0105:<\/p>\n                    <p>1 i\u0161 4 kvalifikacijos laikotarpio m\u0117nesi\u0173 turi b\u016bti mokama kaip \u201eAED&#8221; ar auk\u0161tesniam rangui ir turi b\u016bti sukurtas \u201eBlock&#8221; BE TO paskatinti 2 naujus \u201eMMB&#8221;, kuriuos asmeni\u0161kai&nbsp;r\u0117m\u0117te.<\/p>\n                    <p>Nauji \u201eDirectors&#8221; iki 2023 m. gruod\u017eio 31&nbsp;d.<\/p>\n                    <p>Pirm\u0105 kart\u0105 per kvalifikacin\u012f laikotarp\u012f turi tapti nauju \u201eDirector&#8221; arba b\u016bti paauk\u0161tintas \u012f nauj\u0105j\u012f \u201eDirector&#8221; rang\u0105 ir sukurti&nbsp;\u201eBlock&#8221;.<\/p>\n                <p>* VIP klientai, \u012ftraukti \u012f j\u016bs\u0173 \u201eBlock&#8221;, turi tur\u0117ti aktyv\u0173 \u201eFlexship&#8221; iki kito m\u0117nesio, einan\u010dio po j\u0173 \u012ftraukimo m\u0117nesio, 15&nbsp;d.<\/p>\n                <p>*\u201eMarket Partner&#8221;, \u012fregistruoti kaip j\u016bs\u0173 \u201eBlock&#8221; dalis, turi b\u016bti \u012fregistruoti su produkto paketu arba, jei jie yra \u012fregistruoti pagal Kanados nulin\u0117s registracijos galimyb\u0119, jie turi pasiekti 200 PV per 30 dien\u0173 nuo \u012fregistravimo ir per \u201eDirector Circle&#8221; kvalifikacijos suteikimo&nbsp;laikotarp\u012f.<\/p>\n        <img decoding=\"async\" src=\"https:\/\/monatglobal.com\/wp-content\/uploads\/2023\/08\/coral.svg\" alt=\"\"\/>\n        <h2>Kas \u012ftraukta \u012f \u201eMonat Directors&#8217; Circle 2024&#8243; kvalifikacij\u0105?<\/h2>\n                <p>1 LYGIS<\/p>\n                <ul>\n                    <li>Bendravimas su geriausiais \u201eMONAT&#8221; lyderiais.<\/li>\n                    <li>Specialus apdovanojim\u0173 ir pripa\u017einimo renginys.<\/li>\n                    <li>I\u0161skirtin\u0117 2024 m. plan\u0173 per\u017ei\u016bra.<\/li>\n                    <li>3 nakvyn\u0117s vie\u0161butyje.<\/li>\n                    <li>Galimyb\u0117 atsive\u017eti sutuoktin\u012f (taikomos i\u0161laidos ir s\u0105lygos).<\/li>\n                <\/ul>\n                <p>2 LYGIS<\/p>\n                <ul>\n                    <li>Bendravimas su geriausiais \u201eMONAT&#8221; lyderiais.<\/li>\n                    <li>Specialus apdovanojim\u0173 ir pripa\u017einimo renginys.<\/li>\n                    <li>I\u0161skirtin\u0117 2024 m. plan\u0173 per\u017ei\u016bra.<\/li>\n                    <li>3 nakvyn\u0117s vie\u0161butyje.<\/li>\n                    <li>Skrydis \u012f Majamio tarptautin\u012f oro uost\u0105 pirmyn ir atgal.<\/li>\n                    <li>Galimyb\u0117 atsive\u017eti sutuoktin\u012f (taikomos i\u0161laidos ir s\u0105lygos).<\/li>\n                <\/ul>\n            <a id=\"faq_btn\" href=\"https:\/\/monatglobal.com\/lt\/wp-content\/uploads\/sites\/11\/2023\/09\/LT_Directors-Circle-2024-FAQs_092023_v2.pdf\" target=\"_blank\" rel=\"noopener\">DUK<\/a>\n            <a id=\"termsAndC\" href=\"https:\/\/monatglobal.com\/lt\/wp-content\/uploads\/sites\/11\/2023\/09\/LT_Directors-Circle-2024_Terms-and-Conditions_090523_v2.pdf\" target=\"_blank\" rel=\"noopener\">\n                <p>S\u0105lygos ir nuostatos<\/p>\n            <\/a>\n        <h2 id=\"hashtag_text\">#monatdirectors<\/h2>\n<\/section>\n\n","protected":false},"excerpt":{"rendered":"<p>KAI VIZIJA TAMPA VEIKSMU EDEN ROC AND NOBU HOTEL Majamis, Florida 2024 m. sausio 8-11 d. APSUKITE VIS\u0104 RAT\u0104 KAIP \u201eMONAT&#8221;&nbsp;VADOVAS Dalyvaukite i\u0161skirtiniuose mokymuose su auk\u0161\u010diausio lygio lyderiais ir \u012fmon\u0117s&nbsp;vadovais. Gaukite verting\u0173 \u012f\u017evalg\u0173, pad\u0117sian\u010di\u0173 suderinti savo tikslus ir maksimaliai i\u0161naudoti vis\u0105 \u201eMONAT&#8221; verslo&nbsp;potencial\u0105. \u201eDirectors&#8217; Circle 2024&#8243; yra renginys tik su pakvietimais, kuriuos gali gauti turintys&hellip;<\/p>\n","protected":false},"author":33,"featured_media":83716,"parent":0,"menu_order":0,"comment_status":"closed","ping_status":"closed","template":"","meta":{"inline_featured_image":false,"om_disable_all_campaigns":false,"_monsterinsights_skip_tracking":false,"_monsterinsights_sitenote_active":false,"_monsterinsights_sitenote_note":"","_monsterinsights_sitenote_category":0,"footnotes":""},"categories":[1],"tags":[],"class_list":["post-83689","page","type-page","status-publish","has-post-thumbnail","hentry","category-uncategorized-lt"],"aioseo_notices":[],"aioseo_head":"\n\t\t<!-- All in One SEO Pro 4.9.5.2 - aioseo.com -->\n\t<meta name=\"description\" content=\"KAI VIZIJA TAMPA VEIKSMU EDEN ROC AND NOBU HOTEL Majamis, Florida 2024 m. sausio 8-11 d. APSUKITE VIS\u0104 RAT\u0104 KAIP \u201eMONAT&quot; VADOVAS Dalyvaukite i\u0161skirtiniuose mokymuose su auk\u0161\u010diausio lygio lyderiais ir \u012fmon\u0117s vadovais. Gaukite verting\u0173 \u012f\u017evalg\u0173, pad\u0117sian\u010di\u0173 suderinti savo tikslus ir maksimaliai i\u0161naudoti vis\u0105 \u201eMONAT&quot; verslo potencial\u0105. \u201eDirectors&#039; Circle 2024&quot; yra renginys tik su pakvietimais, kuriuos gali gauti turintys\" \/>\n\t<meta name=\"robots\" content=\"max-image-preview:large\" \/>\n\t<link rel=\"canonical\" href=\"https:\/\/monatglobal.com\/lt\/directors-circle\/\" \/>\n\t<meta name=\"generator\" content=\"All in One SEO Pro (AIOSEO) 4.9.5.2\" \/>\n\t\t<meta property=\"og:locale\" content=\"lt_LT\" \/>\n\t\t<meta property=\"og:site_name\" content=\"MONAT Lithuania -\" \/>\n\t\t<meta property=\"og:type\" content=\"article\" \/>\n\t\t<meta property=\"og:title\" content=\"Directors\u2019 Circle 24 - MONAT Lithuania\" \/>\n\t\t<meta property=\"og:description\" content=\"KAI VIZIJA TAMPA VEIKSMU EDEN ROC AND NOBU HOTEL Majamis, Florida 2024 m. sausio 8-11 d. APSUKITE VIS\u0104 RAT\u0104 KAIP \u201eMONAT&quot; VADOVAS Dalyvaukite i\u0161skirtiniuose mokymuose su auk\u0161\u010diausio lygio lyderiais ir \u012fmon\u0117s vadovais. Gaukite verting\u0173 \u012f\u017evalg\u0173, pad\u0117sian\u010di\u0173 suderinti savo tikslus ir maksimaliai i\u0161naudoti vis\u0105 \u201eMONAT&quot; verslo potencial\u0105. \u201eDirectors&#039; Circle 2024&quot; yra renginys tik su pakvietimais, kuriuos gali gauti turintys\" \/>\n\t\t<meta property=\"og:url\" content=\"https:\/\/monatglobal.com\/lt\/directors-circle\/\" \/>\n\t\t<meta property=\"article:published_time\" content=\"2023-09-08T19:45:00+00:00\" \/>\n\t\t<meta property=\"article:modified_time\" content=\"2023-11-02T20:10:51+00:00\" \/>\n\t\t<meta name=\"twitter:card\" content=\"summary_large_image\" \/>\n\t\t<meta name=\"twitter:title\" content=\"Directors\u2019 Circle 24 - MONAT Lithuania\" \/>\n\t\t<meta name=\"twitter:description\" content=\"KAI VIZIJA TAMPA VEIKSMU EDEN ROC AND NOBU HOTEL Majamis, Florida 2024 m. sausio 8-11 d. APSUKITE VIS\u0104 RAT\u0104 KAIP \u201eMONAT&quot; VADOVAS Dalyvaukite i\u0161skirtiniuose mokymuose su auk\u0161\u010diausio lygio lyderiais ir \u012fmon\u0117s vadovais. Gaukite verting\u0173 \u012f\u017evalg\u0173, pad\u0117sian\u010di\u0173 suderinti savo tikslus ir maksimaliai i\u0161naudoti vis\u0105 \u201eMONAT&quot; verslo potencial\u0105. \u201eDirectors&#039; Circle 2024&quot; yra renginys tik su pakvietimais, kuriuos gali gauti turintys\" \/>\n\t\t<script type=\"application\/ld+json\" class=\"aioseo-schema\">\n\t\t\t{\"@context\":\"https:\\\/\\\/schema.org\",\"@graph\":[{\"@type\":\"BreadcrumbList\",\"@id\":\"https:\\\/\\\/monatglobal.com\\\/lt\\\/directors-circle\\\/#breadcrumblist\",\"itemListElement\":[{\"@type\":\"ListItem\",\"@id\":\"https:\\\/\\\/monatglobal.com\\\/lt#listItem\",\"position\":1,\"name\":\"Home\",\"item\":\"https:\\\/\\\/monatglobal.com\\\/lt\",\"nextItem\":{\"@type\":\"ListItem\",\"@id\":\"https:\\\/\\\/monatglobal.com\\\/lt\\\/directors-circle\\\/#listItem\",\"name\":\"Directors\\u2019 Circle 24\"}},{\"@type\":\"ListItem\",\"@id\":\"https:\\\/\\\/monatglobal.com\\\/lt\\\/directors-circle\\\/#listItem\",\"position\":2,\"name\":\"Directors\\u2019 Circle 24\",\"previousItem\":{\"@type\":\"ListItem\",\"@id\":\"https:\\\/\\\/monatglobal.com\\\/lt#listItem\",\"name\":\"Home\"}}]},{\"@type\":\"Organization\",\"@id\":\"https:\\\/\\\/monatglobal.com\\\/lt\\\/#organization\",\"name\":\"MONAT Lithuania\",\"url\":\"https:\\\/\\\/monatglobal.com\\\/lt\\\/\"},{\"@type\":\"WebPage\",\"@id\":\"https:\\\/\\\/monatglobal.com\\\/lt\\\/directors-circle\\\/#webpage\",\"url\":\"https:\\\/\\\/monatglobal.com\\\/lt\\\/directors-circle\\\/\",\"name\":\"Directors\\u2019 Circle 24 - MONAT Lithuania\",\"description\":\"KAI VIZIJA TAMPA VEIKSMU EDEN ROC AND NOBU HOTEL Majamis, Florida 2024 m. sausio 8-11 d. APSUKITE VIS\\u0104 RAT\\u0104 KAIP \\u201eMONAT\\\" VADOVAS Dalyvaukite i\\u0161skirtiniuose mokymuose su auk\\u0161\\u010diausio lygio lyderiais ir \\u012fmon\\u0117s vadovais. Gaukite verting\\u0173 \\u012f\\u017evalg\\u0173, pad\\u0117sian\\u010di\\u0173 suderinti savo tikslus ir maksimaliai i\\u0161naudoti vis\\u0105 \\u201eMONAT\\\" verslo potencial\\u0105. \\u201eDirectors' Circle 2024\\\" yra renginys tik su pakvietimais, kuriuos gali gauti turintys\",\"inLanguage\":\"lt-LT\",\"isPartOf\":{\"@id\":\"https:\\\/\\\/monatglobal.com\\\/lt\\\/#website\"},\"breadcrumb\":{\"@id\":\"https:\\\/\\\/monatglobal.com\\\/lt\\\/directors-circle\\\/#breadcrumblist\"},\"image\":{\"@type\":\"ImageObject\",\"url\":\"https:\\\/\\\/monatglobal.com\\\/lt\\\/wp-content\\\/uploads\\\/sites\\\/11\\\/2023\\\/09\\\/dcircle-thumb.jpg\",\"@id\":\"https:\\\/\\\/monatglobal.com\\\/lt\\\/directors-circle\\\/#mainImage\",\"width\":600,\"height\":400},\"primaryImageOfPage\":{\"@id\":\"https:\\\/\\\/monatglobal.com\\\/lt\\\/directors-circle\\\/#mainImage\"},\"datePublished\":\"2023-09-08T20:45:00+01:00\",\"dateModified\":\"2023-11-02T20:10:51+00:00\"},{\"@type\":\"WebSite\",\"@id\":\"https:\\\/\\\/monatglobal.com\\\/lt\\\/#website\",\"url\":\"https:\\\/\\\/monatglobal.com\\\/lt\\\/\",\"name\":\"MONAT Lithuania\",\"inLanguage\":\"lt-LT\",\"publisher\":{\"@id\":\"https:\\\/\\\/monatglobal.com\\\/lt\\\/#organization\"}}]}\n\t\t<\/script>\n\t\t<!-- All in One SEO Pro -->\r\n\t\t<title>Directors\u2019 Circle 24 - MONAT Lithuania<\/title>\n\n","aioseo_head_json":{"title":"Directors\u2019 Circle 24 - MONAT Lithuania","description":"KAI VIZIJA TAMPA VEIKSMU EDEN ROC AND NOBU HOTEL Majamis, Florida 2024 m. sausio 8-11 d. APSUKITE VIS\u0104 RAT\u0104 KAIP \u201eMONAT\" VADOVAS Dalyvaukite i\u0161skirtiniuose mokymuose su auk\u0161\u010diausio lygio lyderiais ir \u012fmon\u0117s vadovais. Gaukite verting\u0173 \u012f\u017evalg\u0173, pad\u0117sian\u010di\u0173 suderinti savo tikslus ir maksimaliai i\u0161naudoti vis\u0105 \u201eMONAT\" verslo potencial\u0105. \u201eDirectors' Circle 2024\" yra renginys tik su pakvietimais, kuriuos gali gauti turintys","canonical_url":"https:\/\/monatglobal.com\/lt\/directors-circle\/","robots":"max-image-preview:large","keywords":"","webmasterTools":{"miscellaneous":""},"schema":{"@context":"https:\/\/schema.org","@graph":[{"@type":"BreadcrumbList","@id":"https:\/\/monatglobal.com\/lt\/directors-circle\/#breadcrumblist","itemListElement":[{"@type":"ListItem","@id":"https:\/\/monatglobal.com\/lt#listItem","position":1,"name":"Home","item":"https:\/\/monatglobal.com\/lt","nextItem":{"@type":"ListItem","@id":"https:\/\/monatglobal.com\/lt\/directors-circle\/#listItem","name":"Directors\u2019 Circle 24"}},{"@type":"ListItem","@id":"https:\/\/monatglobal.com\/lt\/directors-circle\/#listItem","position":2,"name":"Directors\u2019 Circle 24","previousItem":{"@type":"ListItem","@id":"https:\/\/monatglobal.com\/lt#listItem","name":"Home"}}]},{"@type":"Organization","@id":"https:\/\/monatglobal.com\/lt\/#organization","name":"MONAT Lithuania","url":"https:\/\/monatglobal.com\/lt\/"},{"@type":"WebPage","@id":"https:\/\/monatglobal.com\/lt\/directors-circle\/#webpage","url":"https:\/\/monatglobal.com\/lt\/directors-circle\/","name":"Directors\u2019 Circle 24 - MONAT Lithuania","description":"KAI VIZIJA TAMPA VEIKSMU EDEN ROC AND NOBU HOTEL Majamis, Florida 2024 m. sausio 8-11 d. APSUKITE VIS\u0104 RAT\u0104 KAIP \u201eMONAT\" VADOVAS Dalyvaukite i\u0161skirtiniuose mokymuose su auk\u0161\u010diausio lygio lyderiais ir \u012fmon\u0117s vadovais. Gaukite verting\u0173 \u012f\u017evalg\u0173, pad\u0117sian\u010di\u0173 suderinti savo tikslus ir maksimaliai i\u0161naudoti vis\u0105 \u201eMONAT\" verslo potencial\u0105. \u201eDirectors' Circle 2024\" yra renginys tik su pakvietimais, kuriuos gali gauti turintys","inLanguage":"lt-LT","isPartOf":{"@id":"https:\/\/monatglobal.com\/lt\/#website"},"breadcrumb":{"@id":"https:\/\/monatglobal.com\/lt\/directors-circle\/#breadcrumblist"},"image":{"@type":"ImageObject","url":"https:\/\/monatglobal.com\/lt\/wp-content\/uploads\/sites\/11\/2023\/09\/dcircle-thumb.jpg","@id":"https:\/\/monatglobal.com\/lt\/directors-circle\/#mainImage","width":600,"height":400},"primaryImageOfPage":{"@id":"https:\/\/monatglobal.com\/lt\/directors-circle\/#mainImage"},"datePublished":"2023-09-08T20:45:00+01:00","dateModified":"2023-11-02T20:10:51+00:00"},{"@type":"WebSite","@id":"https:\/\/monatglobal.com\/lt\/#website","url":"https:\/\/monatglobal.com\/lt\/","name":"MONAT Lithuania","inLanguage":"lt-LT","publisher":{"@id":"https:\/\/monatglobal.com\/lt\/#organization"}}]},"og:locale":"lt_LT","og:site_name":"MONAT Lithuania -","og:type":"article","og:title":"Directors\u2019 Circle 24 - MONAT Lithuania","og:description":"KAI VIZIJA TAMPA VEIKSMU EDEN ROC AND NOBU HOTEL Majamis, Florida 2024 m. sausio 8-11 d. APSUKITE VIS\u0104 RAT\u0104 KAIP \u201eMONAT&quot; VADOVAS Dalyvaukite i\u0161skirtiniuose mokymuose su auk\u0161\u010diausio lygio lyderiais ir \u012fmon\u0117s vadovais. Gaukite verting\u0173 \u012f\u017evalg\u0173, pad\u0117sian\u010di\u0173 suderinti savo tikslus ir maksimaliai i\u0161naudoti vis\u0105 \u201eMONAT&quot; verslo potencial\u0105. \u201eDirectors' Circle 2024&quot; yra renginys tik su pakvietimais, kuriuos gali gauti turintys","og:url":"https:\/\/monatglobal.com\/lt\/directors-circle\/","article:published_time":"2023-09-08T19:45:00+00:00","article:modified_time":"2023-11-02T20:10:51+00:00","twitter:card":"summary_large_image","twitter:title":"Directors\u2019 Circle 24 - MONAT Lithuania","twitter:description":"KAI VIZIJA TAMPA VEIKSMU EDEN ROC AND NOBU HOTEL Majamis, Florida 2024 m. sausio 8-11 d. APSUKITE VIS\u0104 RAT\u0104 KAIP \u201eMONAT&quot; VADOVAS Dalyvaukite i\u0161skirtiniuose mokymuose su auk\u0161\u010diausio lygio lyderiais ir \u012fmon\u0117s vadovais. Gaukite verting\u0173 \u012f\u017evalg\u0173, pad\u0117sian\u010di\u0173 suderinti savo tikslus ir maksimaliai i\u0161naudoti vis\u0105 \u201eMONAT&quot; verslo potencial\u0105. \u201eDirectors' Circle 2024&quot; yra renginys tik su pakvietimais, kuriuos gali gauti turintys"},"aioseo_meta_data":{"post_id":"83689","title":null,"description":null,"keywords":[],"keyphrases":{"focus":{"keyphrase":"","score":0,"analysis":{"keyphraseInTitle":{"score":0,"maxScore":9,"error":1}}},"additional":[]},"primary_term":null,"canonical_url":null,"og_title":null,"og_description":null,"og_object_type":"default","og_image_type":"default","og_image_url":null,"og_image_width":null,"og_image_height":null,"og_image_custom_url":null,"og_image_custom_fields":null,"og_video":"","og_custom_url":null,"og_article_section":null,"og_article_tags":[],"twitter_use_og":false,"twitter_card":"default","twitter_image_type":"default","twitter_image_url":null,"twitter_image_custom_url":null,"twitter_image_custom_fields":null,"twitter_title":null,"twitter_description":null,"schema":{"blockGraphs":[],"customGraphs":[],"default":{"data":{"Article":[],"Course":[],"Dataset":[],"FAQPage":[],"Movie":[],"Person":[],"Product":[],"ProductReview":[],"Car":[],"Recipe":[],"Service":[],"SoftwareApplication":[],"WebPage":[]},"graphName":"WebPage","isEnabled":true},"graphs":[]},"schema_type":"default","schema_type_options":null,"pillar_content":false,"robots_default":true,"robots_noindex":false,"robots_noarchive":false,"robots_nosnippet":false,"robots_nofollow":false,"robots_noimageindex":false,"robots_noodp":false,"robots_notranslate":false,"robots_max_snippet":"-1","robots_max_videopreview":"-1","robots_max_imagepreview":"large","priority":null,"frequency":"default","local_seo":null,"seo_analyzer_scan_date":"2025-08-15 02:29:27","breadcrumb_settings":null,"limit_modified_date":false,"reviewed_by":null,"open_ai":null,"ai":null,"created":"2023-09-04 06:41:12","updated":"2025-08-15 02:29:27"},"aioseo_breadcrumb":"<div class=\"aioseo-breadcrumbs\"><span class=\"aioseo-breadcrumb\">\n\t<a href=\"https:\/\/monatglobal.com\/lt\" title=\"Home\">Home<\/a>\n<\/span><span class=\"aioseo-breadcrumb-separator\">&raquo;<\/span><span class=\"aioseo-breadcrumb\">\n\tDirectors\u2019 Circle 24\n<\/span><\/div>","aioseo_breadcrumb_json":[{"label":"Home","link":"https:\/\/monatglobal.com\/lt"},{"label":"Directors\u2019 Circle 24","link":"https:\/\/monatglobal.com\/lt\/directors-circle\/"}],"_links":{"self":[{"href":"https:\/\/monatglobal.com\/lt\/wp-json\/wp\/v2\/pages\/83689","targetHints":{"allow":["GET"]}}],"collection":[{"href":"https:\/\/monatglobal.com\/lt\/wp-json\/wp\/v2\/pages"}],"about":[{"href":"https:\/\/monatglobal.com\/lt\/wp-json\/wp\/v2\/types\/page"}],"author":[{"embeddable":true,"href":"https:\/\/monatglobal.com\/lt\/wp-json\/wp\/v2\/users\/33"}],"replies":[{"embeddable":true,"href":"https:\/\/monatglobal.com\/lt\/wp-json\/wp\/v2\/comments?post=83689"}],"version-history":[{"count":10,"href":"https:\/\/monatglobal.com\/lt\/wp-json\/wp\/v2\/pages\/83689\/revisions"}],"predecessor-version":[{"id":83934,"href":"https:\/\/monatglobal.com\/lt\/wp-json\/wp\/v2\/pages\/83689\/revisions\/83934"}],"wp:featuredmedia":[{"embeddable":true,"href":"https:\/\/monatglobal.com\/lt\/wp-json\/wp\/v2\/media\/83716"}],"wp:attachment":[{"href":"https:\/\/monatglobal.com\/lt\/wp-json\/wp\/v2\/media?parent=83689"}],"wp:term":[{"taxonomy":"category","embeddable":true,"href":"https:\/\/monatglobal.com\/lt\/wp-json\/wp\/v2\/categories?post=83689"},{"taxonomy":"post_tag","embeddable":true,"href":"https:\/\/monatglobal.com\/lt\/wp-json\/wp\/v2\/tags?post=83689"}],"curies":[{"name":"wp","href":"https:\/\/api.w.org\/{rel}","templated":true}]}}