{"id":8350,"date":"2022-09-14T18:19:39","date_gmt":"2022-09-14T17:19:39","guid":{"rendered":"https:\/\/monatglobal.com\/uk\/?page_id=8350"},"modified":"2026-02-20T16:48:38","modified_gmt":"2026-02-20T16:48:38","slug":"replenish-masque","status":"publish","type":"page","link":"https:\/\/monatglobal.com\/lt\/replenish-masque\/","title":{"rendered":"Replenish Kauk\u0117"},"content":{"rendered":"\n<link rel=\"stylesheet\" href=\"https:\/\/unpkg.com\/swiper\/swiper-bundle.min.css\">\n<link rel=\"stylesheet\" href=\"https:\/\/monatglobal.com\/wp-content\/creative_css\/product_styles_sheet.css\">\n   <!--==================================================== ECOMM SECTION ====================================================-->\n<p>BESTSELERIAI<\/p>\n      <!--==================================================== Ecomm image ====================================================-->\n      <img decoding=\"async\" src=\"https:\/\/monatglobal.com\/wp-content\/uploads\/2022\/06\/replenish-masque-e-comm.png\" alt=\"Replenish Masque\" loading=\"lazy\">\n      <!--==================================================== Ecomm information  ====================================================-->\n         \n         <p>BESTSELERIAI<\/p>\n         <h1>Replenish<br>Kauk\u0117<\/h1> \n         <p>Praturtinta REJUVENIQE<sup>\u00ae<\/sup><\/p>\n         <p>Sodri atkuriamoji kauk\u0117, giliai kondicionuojanti vidutinio ir storus&nbsp;plaukus.<\/p>\n         <p>148 ml \u212e 5.0 fl. oz.<\/p>\n       <!--==================================================== pricing box ====================================================-->   \n         <p>Ma\u017emenin\u0117 kaina<br>00.00 \u20ac<\/p>\n         <p>VIP kliento kaina<br>00.00 \u20ac<\/p>\n       <!--==================================================== pricing box ====================================================--> \n         <p>Nor\u0117dami su\u017einoti daugiau apie Replenish Masque, pasikalb\u0117kite su savo \u201eMONAT Market&nbsp;Partner&#8221;.<\/p>\n          <a href=\"\" target=\"_blank\" role=\"button\" aria-label=\"\" rel=\"noopener\"><\/a>\n   <!--==================================================== \/ECOMM SECTION  ====================================================-->\n   <!--==================================================== Benefits image ====================================================-->\n   \n      <source media=\"(max-width: 700px)\" srcset=\"https:\/\/monatglobal.com\/wp-content\/uploads\/2022\/06\/replenish-masque-benefits-mobile.jpg\" loading=\"lazy\">\n      <img decoding=\"async\" alt=\"Brunette woman with damp hair wearing a robe and holding Replenish Masque.\" src=\"https:\/\/monatglobal.com\/wp-content\/uploads\/2022\/06\/replenish-masque-benefits.jpg\" loading=\"lazy\">\n   \n   <!--==================================================== Benefits text ====================================================-->\n         <h2>NAUDA<\/h2>\n         <h3>Sudr\u0117kinkite i\u0161saus\u0117jusius vidutinius ir storus plaukus ir atkurkite savo plauk\u0173 sruogas vienu&nbsp;panaudojimu.<\/h3>\n         <p>\u0160i turtingos tekst\u016bros kauk\u0117 sugr\u0105\u017eins j\u016bs\u0173 plaukams gyvybingum\u0105 ir&nbsp;blizges\u012f.<\/p>\n         <!--==================================================== features image  ====================================================-->\n         <img decoding=\"async\" alt=\"Replenish Masque sitting on slices of lemons, limes, and oranges.\" src=\"https:\/\/monatglobal.com\/wp-content\/uploads\/2022\/06\/replenish-masque-features.jpg\" loading=\"lazy\">\n      <!--==================================================== features text ====================================================-->\n            <h3>Ypatumai<\/h3>\n               <p>\/ Intensyviai dr\u0117kina su&nbsp;REJUVENIQE<sup>\u00ae<\/sup><\/p>\n               <p>\/ Turtinga omega riebal\u0173&nbsp;r\u016bg\u0161timis<\/p>\n               <p>\/ \u017dirni\u0173 ekstraktas padeda i\u0161laikyti sveikus, jaunatvi\u0161kus&nbsp;plaukus<\/p>\n               <br>\n            <p>Kvapas \/ \u017dolinis g\u0117li\u0173 kvapas su jazmin\u0173, mejerio citrinos, nerolio ir \u017ealiosios arbatos&nbsp;natomis.<\/p>\n            <p>Tekst\u016bra \/ Rich cream  <\/p>\n   <!--==================================================== composition image mobile ====================================================-->\n   <img decoding=\"async\" alt=\"Replenish Masque on a white bed sheet.\" src=\"https:\/\/monatglobal.com\/wp-content\/uploads\/2022\/06\/replenish-masque-comp1.jpg\" loading=\"lazy\">\n   <!--==================================================== Why it works text ====================================================-->\n      <h2>ATSTATYKITE SAVO PLAUKUS  SU REPLENISH KAUKE.<\/h2>\n      <h3>Apr\u016bpina sausus, blankius, maistingas med\u017eiagas praradusius plaukus maitinan\u010diais eteriniais aliejais ir REJUVENIQE<sup>\u00ae<\/sup>, \u017eirni\u0173 ekstrakto ir vegani\u0161kos UV apsaugos priemon\u0117s&nbsp;pagalba.<\/h3>\n      With hints of neroli and orange flower fragrances, it protects hair from heat styling and \n      environmental elements while giving strands radiant shine.\n<!--==================================================== Composition section ====================================================-->\n      <img decoding=\"async\" alt=\"Replenish Masque on a white bed sheet.\" src=\"https:\/\/monatglobal.com\/wp-content\/uploads\/2022\/06\/replenish-masque-comp1.jpg\" loading=\"lazy\">\n      <img decoding=\"async\" alt=\"Brunette woman with damp hair applying Replenish Masque to her hair, while overlapping a texture shot of the Replenish Masque.\" src=\"https:\/\/monatglobal.com\/wp-content\/uploads\/2022\/06\/replenish-masque-comp3.jpg\" loading=\"lazy\">\n            <!--==================================================== Directions text ====================================================--> \n               <h3>Naudojimas<\/h3>\n               <p>\/ Po plovimo \u0161amp\u016bnu i\u0161tepkite plaukus&nbsp;kauke.<\/p>\n               <p>\/ Palikite veikti 5-10&nbsp;minu\u010di\u0173.<\/p>\n               <p>\/ Gerai nuskalaukite.<\/p>\n               <p>\/ Naudokite 1-2 kartus per&nbsp;savait\u0119.<\/p>\n            <!--==================================================== Directions video ====================================================-->\n      <p>Damage Repair <br>Bond-Fortifying Hair Leave-In Cr\u00e8me  <br>1:28<\/p>\n      <a href=\"\" target=\"_blank\" role=\"button\" aria-label=\"\" rel=\"noopener\"><\/a>\n   <!--==================================================== Ingredients section  ====================================================-->\n      <h2>PAGRINDIN\u0116S SUDEDAMOSIOS DALYS<\/h2>\n                <img decoding=\"async\" src=\"https:\/\/monatglobal.com\/wp-content\/uploads\/2022\/11\/REJUVENIQE\u2122.svg\" alt=\"REJUVENIQE Icon\">\n               <p>REJUVENIQE<sup>\u00ae<\/sup><\/p>\n\t\t\t\t<img decoding=\"async\" src=\"https:\/\/monatglobal.com\/wp-content\/uploads\/2022\/11\/capixyl.svg\" alt=\"Capixyl\u2122 Icon\">\n               <p>CAPIXYL\u2122<\/p>\n\t\t\t\t<img decoding=\"async\" src=\"https:\/\/monatglobal.com\/wp-content\/uploads\/2022\/11\/Pea-extract.svg\" alt=\"\u017dirni\u0173 ekstraktas\">\n               <p>\u017dirni\u0173 ekstraktas<\/p>\n\t\t\t<img decoding=\"async\" src=\"https:\/\/monatglobal.com\/wp-content\/uploads\/2022\/11\/Vegan-UV-Protectant.svg\" alt=\"Vegan UV Protectant\">\n               <p>Vegani\u0161ka UV apsauga<\/p>\n        <button id=\"myBtn\" type=\"button\">SUDEDAM\u0172J\u0172 DALI\u0172 S\u0104RA\u0160AS<\/button>\n      <!--==================================================== Modal content  ====================================================-->\n         \u00d7\n         <p>Aqua\/Water\/Eau, Cetearyl Alcohol, Cetyl Esters, Behentrimonium Chloride, Isoamyl Laurate, Cinnamidopropyltrimonium Chloride, Pisum Sativum (Pea) Extract, Acetyl Tetrapeptide-3, Trifolium Pratense (Clover) Flower Extract, Limnanthes Alba (Meadowfoam) Seed Oil, Crambe Abyssinica Seed Oil, Camellia Oleifera Seed Oil, Solanum Lycopersicum (Tomato) Seed Oil, Daucus Carota Sativa (Carrot) Seed Oil, Citrus Limon (Lemon) Peel Oil, Citrus Aurantifolia (Lime) Oil, Citrus Aurantium Bergamia (Bergamot) Fruit Oil, Adansonia Digitata Oil, Mauritia Flexuosa Fruit Oil, Cocos Nucifera (Coconut) Oil, Gardenia Taitensis Flower Extract, Moringa Oleifera Seed Oil, Caryocar Brasiliense Fruit Oil, Helianthus Annuus (Sunflower) Seed Oil, Glycerin, Fragrance\/Parfum, Dextran, Butylene Glycol, Dehydroacetic Acid, Benzyl Alcohol, Sodium Benzoate, Citronellol, Limonene, Hexyl Cinnamal, Linalool.<\/p>\n   <!--==================================================== You might also like section ====================================================-->\n      <h2>JUMS TAIP PAT GALI PATIKTI<\/h2>\n      <!--==================================================== Slider YOU MIGHT ALSO LIKE ====================================================-->\n      <!---->\n      <!--   -->\n            <!--==================================================== Slides products ====================================================-->\n      <!--      -->\n      <!--         <a href=\"\/lt\/rejuvabeads\/\" aria-label=\"Go to REJUVABEADS\u00ae page\">-->\n      <!--            <img decoding=\"async\" src=\"https:\/\/monatglobal.com\/wp-content\/uploads\/2022\/12\/Rejevabeads-ecomm.png\" alt=\"REJUVABEADS\u00ae\" loading=\"lazy\"\/>-->\n      <!--            <p>\u201eREJUVABEADS<sup>\u00ae<\/sup>\"<\/p>-->\n      <!--         <\/a>-->\n      <!--      -->\n      <!--      -->\n      <!--         <a href=\"https:\/\/monatglobal.com\/lt\/advanced-hydrating-shampoo\/\" aria-label=\"Go to PA\u017dANGUS DR\u0116KINANTIS \u0160AMP\u016aNAS page\">-->\n      <!--            <img decoding=\"async\" src=\"https:\/\/monatglobal.com\/wp-content\/uploads\/2022\/12\/Advance-hydrating-shampoo-ecomm-min.png\" alt=\"PA\u017dANGUS DR\u0116KINANTIS \u0160AMP\u016aNAS\" loading=\"lazy\"\/>-->\n      <!--            <p>PA\u017dANGUS DR\u0116KINANTIS<br \/>\u0160AMP\u016aNAS<\/p>-->\n      <!--         <\/a>-->\n      <!--      -->\n      <!--      -->\n      <!--         <a href=\"\/lt\/lightweight-moisturizer\/\" aria-label=\"Go to BE BALANCED\u2122 Maitinamasis kremas page\">-->\n      <!--            <img decoding=\"async\" src=\"https:\/\/monatglobal.com\/wp-content\/uploads\/2022\/12\/BE-BALANCED-Lightweight-Moisturizer_ecomm-min.png\" alt=\"BE BALANCED\u2122 Maitinamasis kremas\" loading=\"lazy\"\/>-->\n      <!--            <p>BE BALANCED\u2122<br \/>Maitinamasis kremas<\/p>-->\n      <!--         <\/a>-->\n      <!--      -->\n      <!--   -->\n         <!--==================================================== If we need navigation buttons  ====================================================-->\n      <!--   -->\n      <!--   -->\n         <!--==================================================== If we need paginations  ====================================================-->\n      <!--   -->\n      <!---->\n         <!--==================================================== If we need navigation buttons  ====================================================-->\n         <!--==================================================== If we need paginations  ====================================================-->\n    <a href=\"\" aria-label=\"\"><\/a>\n<!--==================================================== this link has to go last for it to work   ====================================================-->\n","protected":false},"excerpt":{"rendered":"<p>BESTSELERIAI BESTSELERIAI ReplenishKauk\u0117 Praturtinta REJUVENIQE\u00ae Sodri atkuriamoji kauk\u0117, giliai kondicionuojanti vidutinio ir storus&nbsp;plaukus. 148 ml \u212e 5.0 fl. oz. Ma\u017emenin\u0117 kaina00.00 \u20ac VIP kliento kaina00.00 \u20ac Nor\u0117dami su\u017einoti daugiau apie Replenish Masque, pasikalb\u0117kite su savo \u201eMONAT Market&nbsp;Partner&#8221;. NAUDA Sudr\u0117kinkite i\u0161saus\u0117jusius vidutinius ir storus plaukus ir atkurkite savo plauk\u0173 sruogas vienu&nbsp;panaudojimu. \u0160i turtingos tekst\u016bros kauk\u0117 sugr\u0105\u017eins&hellip;<\/p>\n","protected":false},"author":31,"featured_media":109180,"parent":0,"menu_order":0,"comment_status":"closed","ping_status":"closed","template":"","meta":{"inline_featured_image":false,"om_disable_all_campaigns":false,"_monsterinsights_skip_tracking":false,"_monsterinsights_sitenote_active":false,"_monsterinsights_sitenote_note":"","_monsterinsights_sitenote_category":0,"footnotes":""},"categories":[32],"tags":[],"class_list":["post-8350","page","type-page","status-publish","has-post-thumbnail","hentry","category-product-lt"],"aioseo_notices":[],"aioseo_head":"\n\t\t<!-- All in One SEO Pro 4.9.6 - aioseo.com -->\n\t<meta name=\"description\" content=\"BESTSELERIAI --&gt;\" \/>\n\t<meta name=\"robots\" content=\"max-image-preview:large\" \/>\n\t<link rel=\"canonical\" href=\"https:\/\/monatglobal.com\/lt\/replenish-masque\/\" \/>\n\t<meta name=\"generator\" content=\"All in One SEO Pro (AIOSEO) 4.9.6\" \/>\n\t\t<meta property=\"og:locale\" content=\"lt_LT\" \/>\n\t\t<meta property=\"og:site_name\" content=\"MONAT Lithuania -\" \/>\n\t\t<meta property=\"og:type\" content=\"article\" \/>\n\t\t<meta property=\"og:title\" content=\"Replenish Kauk\u0117 - MONAT Lithuania\" \/>\n\t\t<meta property=\"og:description\" content=\"BESTSELERIAI --&gt;\" \/>\n\t\t<meta property=\"og:url\" content=\"https:\/\/monatglobal.com\/lt\/replenish-masque\/\" \/>\n\t\t<meta property=\"article:published_time\" content=\"2022-09-14T17:19:39+00:00\" \/>\n\t\t<meta property=\"article:modified_time\" content=\"2026-02-20T16:48:38+00:00\" \/>\n\t\t<meta name=\"twitter:card\" content=\"summary_large_image\" \/>\n\t\t<meta name=\"twitter:title\" content=\"Replenish Kauk\u0117 - MONAT Lithuania\" \/>\n\t\t<meta name=\"twitter:description\" content=\"BESTSELERIAI --&gt;\" \/>\n\t\t<script type=\"application\/ld+json\" class=\"aioseo-schema\">\n\t\t\t{\"@context\":\"https:\\\/\\\/schema.org\",\"@graph\":[{\"@type\":\"BreadcrumbList\",\"@id\":\"https:\\\/\\\/monatglobal.com\\\/lt\\\/replenish-masque\\\/#breadcrumblist\",\"itemListElement\":[{\"@type\":\"ListItem\",\"@id\":\"https:\\\/\\\/monatglobal.com\\\/lt#listItem\",\"position\":1,\"name\":\"Home\",\"item\":\"https:\\\/\\\/monatglobal.com\\\/lt\",\"nextItem\":{\"@type\":\"ListItem\",\"@id\":\"https:\\\/\\\/monatglobal.com\\\/lt\\\/replenish-masque\\\/#listItem\",\"name\":\"Replenish Kauk\\u0117\"}},{\"@type\":\"ListItem\",\"@id\":\"https:\\\/\\\/monatglobal.com\\\/lt\\\/replenish-masque\\\/#listItem\",\"position\":2,\"name\":\"Replenish Kauk\\u0117\",\"previousItem\":{\"@type\":\"ListItem\",\"@id\":\"https:\\\/\\\/monatglobal.com\\\/lt#listItem\",\"name\":\"Home\"}}]},{\"@type\":\"Organization\",\"@id\":\"https:\\\/\\\/monatglobal.com\\\/lt\\\/#organization\",\"name\":\"MONAT Lithuania\",\"url\":\"https:\\\/\\\/monatglobal.com\\\/lt\\\/\"},{\"@type\":\"WebPage\",\"@id\":\"https:\\\/\\\/monatglobal.com\\\/lt\\\/replenish-masque\\\/#webpage\",\"url\":\"https:\\\/\\\/monatglobal.com\\\/lt\\\/replenish-masque\\\/\",\"name\":\"Replenish Kauk\\u0117 - MONAT Lithuania\",\"description\":\"BESTSELERIAI -->\",\"inLanguage\":\"lt-LT\",\"isPartOf\":{\"@id\":\"https:\\\/\\\/monatglobal.com\\\/lt\\\/#website\"},\"breadcrumb\":{\"@id\":\"https:\\\/\\\/monatglobal.com\\\/lt\\\/replenish-masque\\\/#breadcrumblist\"},\"image\":{\"@type\":\"ImageObject\",\"url\":\"https:\\\/\\\/monatglobal.com\\\/lt\\\/wp-content\\\/uploads\\\/sites\\\/11\\\/2026\\\/02\\\/REPLENISH-MASQUE-500x438-1.png\",\"@id\":\"https:\\\/\\\/monatglobal.com\\\/lt\\\/replenish-masque\\\/#mainImage\",\"width\":438,\"height\":500},\"primaryImageOfPage\":{\"@id\":\"https:\\\/\\\/monatglobal.com\\\/lt\\\/replenish-masque\\\/#mainImage\"},\"datePublished\":\"2022-09-14T18:19:39+01:00\",\"dateModified\":\"2026-02-20T16:48:38+00:00\"},{\"@type\":\"WebSite\",\"@id\":\"https:\\\/\\\/monatglobal.com\\\/lt\\\/#website\",\"url\":\"https:\\\/\\\/monatglobal.com\\\/lt\\\/\",\"name\":\"MONAT Lithuania\",\"inLanguage\":\"lt-LT\",\"publisher\":{\"@id\":\"https:\\\/\\\/monatglobal.com\\\/lt\\\/#organization\"}}]}\n\t\t<\/script>\n\t\t<!-- All in One SEO Pro -->\r\n\t\t<title>Replenish Kauk\u0117 - MONAT Lithuania<\/title>\n\n","aioseo_head_json":{"title":"Replenish Kauk\u0117 - MONAT Lithuania","description":"BESTSELERIAI -->","canonical_url":"https:\/\/monatglobal.com\/lt\/replenish-masque\/","robots":"max-image-preview:large","keywords":"","webmasterTools":{"miscellaneous":""},"schema":{"@context":"https:\/\/schema.org","@graph":[{"@type":"BreadcrumbList","@id":"https:\/\/monatglobal.com\/lt\/replenish-masque\/#breadcrumblist","itemListElement":[{"@type":"ListItem","@id":"https:\/\/monatglobal.com\/lt#listItem","position":1,"name":"Home","item":"https:\/\/monatglobal.com\/lt","nextItem":{"@type":"ListItem","@id":"https:\/\/monatglobal.com\/lt\/replenish-masque\/#listItem","name":"Replenish Kauk\u0117"}},{"@type":"ListItem","@id":"https:\/\/monatglobal.com\/lt\/replenish-masque\/#listItem","position":2,"name":"Replenish Kauk\u0117","previousItem":{"@type":"ListItem","@id":"https:\/\/monatglobal.com\/lt#listItem","name":"Home"}}]},{"@type":"Organization","@id":"https:\/\/monatglobal.com\/lt\/#organization","name":"MONAT Lithuania","url":"https:\/\/monatglobal.com\/lt\/"},{"@type":"WebPage","@id":"https:\/\/monatglobal.com\/lt\/replenish-masque\/#webpage","url":"https:\/\/monatglobal.com\/lt\/replenish-masque\/","name":"Replenish Kauk\u0117 - MONAT Lithuania","description":"BESTSELERIAI -->","inLanguage":"lt-LT","isPartOf":{"@id":"https:\/\/monatglobal.com\/lt\/#website"},"breadcrumb":{"@id":"https:\/\/monatglobal.com\/lt\/replenish-masque\/#breadcrumblist"},"image":{"@type":"ImageObject","url":"https:\/\/monatglobal.com\/lt\/wp-content\/uploads\/sites\/11\/2026\/02\/REPLENISH-MASQUE-500x438-1.png","@id":"https:\/\/monatglobal.com\/lt\/replenish-masque\/#mainImage","width":438,"height":500},"primaryImageOfPage":{"@id":"https:\/\/monatglobal.com\/lt\/replenish-masque\/#mainImage"},"datePublished":"2022-09-14T18:19:39+01:00","dateModified":"2026-02-20T16:48:38+00:00"},{"@type":"WebSite","@id":"https:\/\/monatglobal.com\/lt\/#website","url":"https:\/\/monatglobal.com\/lt\/","name":"MONAT Lithuania","inLanguage":"lt-LT","publisher":{"@id":"https:\/\/monatglobal.com\/lt\/#organization"}}]},"og:locale":"lt_LT","og:site_name":"MONAT Lithuania -","og:type":"article","og:title":"Replenish Kauk\u0117 - MONAT Lithuania","og:description":"BESTSELERIAI --&gt;","og:url":"https:\/\/monatglobal.com\/lt\/replenish-masque\/","article:published_time":"2022-09-14T17:19:39+00:00","article:modified_time":"2026-02-20T16:48:38+00:00","twitter:card":"summary_large_image","twitter:title":"Replenish Kauk\u0117 - MONAT Lithuania","twitter:description":"BESTSELERIAI --&gt;"},"aioseo_meta_data":{"post_id":"8350","title":null,"description":null,"keywords":null,"keyphrases":{"focus":{"keyphrase":"","score":0,"analysis":{"keyphraseInTitle":{"score":0,"maxScore":9,"error":1}}},"additional":[]},"primary_term":null,"canonical_url":null,"og_title":null,"og_description":null,"og_object_type":"default","og_image_type":"default","og_image_url":null,"og_image_width":null,"og_image_height":null,"og_image_custom_url":null,"og_image_custom_fields":null,"og_video":"","og_custom_url":null,"og_article_section":null,"og_article_tags":null,"twitter_use_og":false,"twitter_card":"default","twitter_image_type":"default","twitter_image_url":null,"twitter_image_custom_url":null,"twitter_image_custom_fields":null,"twitter_title":null,"twitter_description":null,"schema":{"blockGraphs":[],"customGraphs":[],"default":{"data":{"Article":[],"Course":[],"Dataset":[],"FAQPage":[],"Movie":[],"Person":[],"Product":[],"ProductReview":[],"Car":[],"Recipe":[],"Service":[],"SoftwareApplication":[],"WebPage":[]},"graphName":"WebPage","isEnabled":true},"graphs":[]},"schema_type":"default","schema_type_options":null,"pillar_content":false,"robots_default":true,"robots_noindex":false,"robots_noarchive":false,"robots_nosnippet":false,"robots_nofollow":false,"robots_noimageindex":false,"robots_noodp":false,"robots_notranslate":false,"robots_max_snippet":"-1","robots_max_videopreview":"-1","robots_max_imagepreview":"large","priority":null,"frequency":"default","local_seo":null,"seo_analyzer_scan_date":"2026-02-20 16:58:41","breadcrumb_settings":null,"limit_modified_date":false,"reviewed_by":"0","open_ai":null,"ai":{"faqs":[],"keyPoints":[],"titles":[],"descriptions":[],"socialPosts":{"email":[],"linkedin":[],"twitter":[],"facebook":[],"instagram":[]}},"created":"2023-07-26 19:31:38","updated":"2026-02-20 16:58:41"},"aioseo_breadcrumb":"<div class=\"aioseo-breadcrumbs\"><span class=\"aioseo-breadcrumb\">\n\t<a href=\"https:\/\/monatglobal.com\/lt\" title=\"Home\">Home<\/a>\n<\/span><span class=\"aioseo-breadcrumb-separator\">&raquo;<\/span><span class=\"aioseo-breadcrumb\">\n\tReplenish Kauk\u0117\n<\/span><\/div>","aioseo_breadcrumb_json":[{"label":"Home","link":"https:\/\/monatglobal.com\/lt"},{"label":"Replenish Kauk\u0117","link":"https:\/\/monatglobal.com\/lt\/replenish-masque\/"}],"_links":{"self":[{"href":"https:\/\/monatglobal.com\/lt\/wp-json\/wp\/v2\/pages\/8350","targetHints":{"allow":["GET"]}}],"collection":[{"href":"https:\/\/monatglobal.com\/lt\/wp-json\/wp\/v2\/pages"}],"about":[{"href":"https:\/\/monatglobal.com\/lt\/wp-json\/wp\/v2\/types\/page"}],"author":[{"embeddable":true,"href":"https:\/\/monatglobal.com\/lt\/wp-json\/wp\/v2\/users\/31"}],"replies":[{"embeddable":true,"href":"https:\/\/monatglobal.com\/lt\/wp-json\/wp\/v2\/comments?post=8350"}],"version-history":[{"count":31,"href":"https:\/\/monatglobal.com\/lt\/wp-json\/wp\/v2\/pages\/8350\/revisions"}],"predecessor-version":[{"id":109182,"href":"https:\/\/monatglobal.com\/lt\/wp-json\/wp\/v2\/pages\/8350\/revisions\/109182"}],"wp:featuredmedia":[{"embeddable":true,"href":"https:\/\/monatglobal.com\/lt\/wp-json\/wp\/v2\/media\/109180"}],"wp:attachment":[{"href":"https:\/\/monatglobal.com\/lt\/wp-json\/wp\/v2\/media?parent=8350"}],"wp:term":[{"taxonomy":"category","embeddable":true,"href":"https:\/\/monatglobal.com\/lt\/wp-json\/wp\/v2\/categories?post=8350"},{"taxonomy":"post_tag","embeddable":true,"href":"https:\/\/monatglobal.com\/lt\/wp-json\/wp\/v2\/tags?post=8350"}],"curies":[{"name":"wp","href":"https:\/\/api.w.org\/{rel}","templated":true}]}}