{"id":76483,"date":"2023-06-22T22:58:24","date_gmt":"2023-06-22T21:58:24","guid":{"rendered":"https:\/\/monatglobal.com\/lt\/?page_id=76483"},"modified":"2025-06-18T14:25:05","modified_gmt":"2025-06-18T13:25:05","slug":"monathero","status":"publish","type":"page","link":"https:\/\/monatglobal.com\/lt\/monathero\/","title":{"rendered":"2025 m. pirmininko apdovanojimas"},"content":{"rendered":"\n<!--<a id=\"scrollBtn\">Nominate Your Hero Now<\/a>-->\n<!--<a id=\"scrollBtn\">-->\n<!--    -->\n<!--        <input id=\"language-toggle\" type=\"checkbox\"\/>-->\n<!--        <label for=\"language-toggle\"><\/label>-->\n<!--        Nominate Your Hero Now-->\n<!--    -->\n<!---->\n            <p>MONAT GRATITUDE Pristato<\/p>\n            <h1>2025 M. PIRMININKO<br> APDOVANOJIM\u0104 <\/h1>\n            <img decoding=\"async\" width=\"150\" src=\"https:\/\/monatglobal.com\/wp-content\/uploads\/2023\/06\/drop-logo-lines.svg\">  \n      M\u016bs\u0173 auk\u0161\u010diausias metinis apdovanojimas, \u012fteikiamas<br> \u201eMONATions United&#8221; metuKandidat\u016br\u0173 teikimas vyksta 2025 m. <br>bir\u017eelio 18 d. &#8211; liepos 3 d.\n            <h2>Kas \u017emog\u0173 padaro MONAT herojumi?<\/h2>\n            <h3>MONAT lyderis, kuriam r\u016bpi tarnauti kitiems ir kuris imasi veiksm\u0173, kad padaryt\u0173 teigiam\u0105 poveik\u012f savo&nbsp;bendruomenei.<\/h3>\n         <img decoding=\"async\" src=\"https:\/\/monatglobal.com\/wp-content\/uploads\/2025\/05\/chairman-award_2025-min-1.png\" loading=\"lazy\"> \n               \u0160tai bruo\u017eai, kuriais pasi\u017eymi MONAT herojus:<br>\n               \n            <ul>\n               <li>Noriai padeda kitiems.  \n               <\/li>\n               <li> \n                  Jo \u0161irdis siekia g\u0117rio. \n               <\/li>\n               <li> \n                  \u012ekvepia mus visus.\n               <\/li>\n            <\/ul>\n      <br>\n      Auk\u0161\u010diausias m\u016bs\u0173 apdovanojimas &#8211; pirmininko apdovanojimas &#8211; kasmet suteikiamas asmeniui, kur\u012f i\u0161renka kolegos MP&nbsp;partneriai. \n      <p> 2025 m. rugpj\u016b\u010dio 23 d. \u201eMONATions United 2025&#8243; \u0161vent\u0117s \u201eDream Bigger&#8221; metu gyvai scenoje pagerbsime \u0161i\u0173 met\u0173 MONAT heroj\u0173, o apdovanojim\u0105 asmeni\u0161kai \u012fteiks MONAT pirmininkas Luis&nbsp;Urdaneta.<\/p>\n   <img decoding=\"async\" src=\"https:\/\/monatglobal.com\/wp-content\/uploads\/2025\/05\/chairman-award_2025-min-1.png\" loading=\"lazy\"> \n      <a target=\"_blank\" href=\"https:\/\/form.jotform.com\/251325880627157\" aria-label=\"Go to nomination form\" rel=\"noopener\">Nominuokite savo MONAT heroj\u0173<\/a>\n         <img decoding=\"async\" src=\"https:\/\/monatglobal.com\/wp-content\/uploads\/2025\/05\/chairman-awards-NOMINATIONS-OPEN_2025-min.jpg\" loading=\"lazy\">\n            Nuo bir\u017eelio 18 d. iki liepos 3 d. kvie\u010diame si\u016blyti MONAT heroj\u0173, kuris, J\u016aS\u0172 nuomone, tur\u0117t\u0173 b\u016bti pagerbtas \u0161iuo elitiniu apdovanojimu, ir \u012fsp\u016bdingai&nbsp;apdovanotas.\n            <br>\n            <img decoding=\"async\" src=\"https:\/\/monatglobal.com\/wp-content\/uploads\/2025\/05\/monathero-stage-2024-min.jpg\" loading=\"lazy\">\n         <img decoding=\"async\" src=\"https:\/\/monatglobal.com\/wp-content\/uploads\/2025\/05\/chairman-award-2025-min.jpg\" loading=\"lazy\"> \n            <h2>Kas gali dalyvauti?<\/h2>\n            <p>Galite nominuoti bet kur\u012f aktyv\u0173 ir nepriekai\u0161tingos reputacijos MP partner\u012f, kuris turi \u201eMarket Mentor&#8221; ar auk\u0161tesn\u012f&nbsp;rang\u0105.<\/p>\n            <a target=\"_blank\" href=\"https:\/\/form.jotform.com\/251325880627157\" aria-label=\"Go to nomination form\" rel=\"noopener\">Nominuokite savo MONAT heroj\u0173<\/a>\n   <h2>Kas apib\u016bdina <br>MONAT heroj\u0173?<\/h2>\n         <p>MONAT herojus &#8211; tai ne tik s\u0117kmingas MP partneris, bet ir \u017emogus, kuris kei\u010dia savo bendruomen\u0119. <br>Jis skiria savo laik\u0105, talent\u0105 ir i\u0161teklius, kad padaryt\u0173 teigiam\u0105 poveik\u012f ir pad\u0117t\u0173 kitiems. \u0160is asmuo ne tik vadovauja komandai &#8211; jis vadovauja su&nbsp;d\u0117kingumu.<\/p>\n         <p>MONAT heroj\u0173 apib\u016bdina:<\/p>\n         <ul>\n            <li>Tarnyst\u0117<\/li>\n            <li>Pagalba bendruomenei<\/li>\n            <li>Savanoryst\u0117<\/li>\n            <li>Labdara<\/li>\n            <li>D\u0117kingumas<\/li>\n            <li>Lyderyst\u0117<\/li>\n            <li>Nuolankumas<\/li>\n            <li>Gerumas<\/li>\n         <\/ul>\n   <h2>Jau \u0161iandien nominuokite  <br>savo MONAT heroj\u0173<\/h2>\n   <p>U\u017epildykite form\u0105 spustel\u0117j\u0119 toliau. B\u016btinai pateikite kuo daugiau informacijos apie tai, kaip pasirei\u0161kia j\u016bs\u0173 kandidato d\u0117kingumas ir kaip jis daro teigiam\u0105 poveik\u012f savo bendruomenei. Priimamos ir savaranki\u0161kos nominacijos.<\/p>\n      <a target=\"_blank\" href=\"https:\/\/form.jotform.com\/251325880627157\" aria-label=\"Go to nomination form\" rel=\"noopener\">Nominuokite savo MONAT heroj\u0173<\/a>\n   <img decoding=\"async\" src=\"https:\/\/monatglobal.com\/wp-content\/uploads\/2024\/05\/Brittany-Sauer-Chairmans-Award-USA_2023.jpg\" loading=\"lazy\">\n      <h2><a target=\"_blank\" href=\"https:\/\/monatgratitude.com\/pages\/chairmans-award\" rel=\"noopener\">Su\u017einokite daugiau<\/a> <br> apie ankstesnius <br>pirmininko apdovanojimo gav\u0117jus!<\/h2>\n","protected":false},"excerpt":{"rendered":"<p>MONAT GRATITUDE Pristato 2025 M. PIRMININKO APDOVANOJIM\u0104 M\u016bs\u0173 auk\u0161\u010diausias metinis apdovanojimas, \u012fteikiamas \u201eMONATions United&#8221; metuKandidat\u016br\u0173 teikimas vyksta 2025 m. bir\u017eelio 18 d. &#8211; liepos 3 d. Kas \u017emog\u0173 padaro MONAT herojumi? MONAT lyderis, kuriam r\u016bpi tarnauti kitiems ir kuris imasi veiksm\u0173, kad padaryt\u0173 teigiam\u0105 poveik\u012f savo&nbsp;bendruomenei. \u0160tai bruo\u017eai, kuriais pasi\u017eymi MONAT herojus: Noriai padeda kitiems.&hellip;<\/p>\n","protected":false},"author":47,"featured_media":86709,"parent":0,"menu_order":0,"comment_status":"closed","ping_status":"closed","template":"","meta":{"inline_featured_image":false,"om_disable_all_campaigns":false,"_monsterinsights_skip_tracking":false,"_monsterinsights_sitenote_active":false,"_monsterinsights_sitenote_note":"","_monsterinsights_sitenote_category":0,"footnotes":""},"categories":[],"tags":[],"class_list":["post-76483","page","type-page","status-publish","has-post-thumbnail","hentry"],"aioseo_notices":[],"aioseo_head":"\n\t\t<!-- All in One SEO Pro 4.9.5.2 - aioseo.com -->\n\t<meta name=\"description\" content=\"Nominuokite MONAT MP partner\u012f 2025 m. pirmininko apdovanojimui! Pasi\u016blymus galima teikti nuo bir\u017eelio 18 d. iki liepos 3 d. Pasid\u017eiaukime lyderyste ir poveikiu bendruomenei.\" \/>\n\t<meta name=\"robots\" content=\"max-image-preview:large\" \/>\n\t<link rel=\"canonical\" href=\"https:\/\/monatglobal.com\/lt\/monathero\/\" \/>\n\t<meta name=\"generator\" content=\"All in One SEO Pro (AIOSEO) 4.9.5.2\" \/>\n\t\t<meta property=\"og:locale\" content=\"lt_LT\" \/>\n\t\t<meta property=\"og:site_name\" content=\"MONAT Lithuania -\" \/>\n\t\t<meta property=\"og:type\" content=\"article\" \/>\n\t\t<meta property=\"og:title\" content=\"MONAT herojus | 2025 m. pirmininko apdovanojimas | MONATions\" \/>\n\t\t<meta property=\"og:description\" content=\"Nominuokite MONAT MP partner\u012f 2025 m. pirmininko apdovanojimui! Pasi\u016blymus galima teikti nuo bir\u017eelio 18 d. iki liepos 3 d. Pasid\u017eiaukime lyderyste ir poveikiu bendruomenei.\" \/>\n\t\t<meta property=\"og:url\" content=\"https:\/\/monatglobal.com\/lt\/monathero\/\" \/>\n\t\t<meta property=\"article:published_time\" content=\"2023-06-22T21:58:24+00:00\" \/>\n\t\t<meta property=\"article:modified_time\" content=\"2025-06-18T13:25:05+00:00\" \/>\n\t\t<meta name=\"twitter:card\" content=\"summary_large_image\" \/>\n\t\t<meta name=\"twitter:title\" content=\"MONAT herojus | 2025 m. pirmininko apdovanojimas | MONATions\" \/>\n\t\t<meta name=\"twitter:description\" content=\"Nominuokite MONAT MP partner\u012f 2025 m. pirmininko apdovanojimui! Pasi\u016blymus galima teikti nuo bir\u017eelio 18 d. iki liepos 3 d. Pasid\u017eiaukime lyderyste ir poveikiu bendruomenei.\" \/>\n\t\t<script type=\"application\/ld+json\" class=\"aioseo-schema\">\n\t\t\t{\"@context\":\"https:\\\/\\\/schema.org\",\"@graph\":[{\"@type\":\"BreadcrumbList\",\"@id\":\"https:\\\/\\\/monatglobal.com\\\/lt\\\/monathero\\\/#breadcrumblist\",\"itemListElement\":[{\"@type\":\"ListItem\",\"@id\":\"https:\\\/\\\/monatglobal.com\\\/lt#listItem\",\"position\":1,\"name\":\"Home\",\"item\":\"https:\\\/\\\/monatglobal.com\\\/lt\",\"nextItem\":{\"@type\":\"ListItem\",\"@id\":\"https:\\\/\\\/monatglobal.com\\\/lt\\\/monathero\\\/#listItem\",\"name\":\"2025 m. pirmininko apdovanojimas\"}},{\"@type\":\"ListItem\",\"@id\":\"https:\\\/\\\/monatglobal.com\\\/lt\\\/monathero\\\/#listItem\",\"position\":2,\"name\":\"2025 m. pirmininko apdovanojimas\",\"previousItem\":{\"@type\":\"ListItem\",\"@id\":\"https:\\\/\\\/monatglobal.com\\\/lt#listItem\",\"name\":\"Home\"}}]},{\"@type\":\"Organization\",\"@id\":\"https:\\\/\\\/monatglobal.com\\\/lt\\\/#organization\",\"name\":\"MONAT Lithuania\",\"url\":\"https:\\\/\\\/monatglobal.com\\\/lt\\\/\"},{\"@type\":\"WebPage\",\"@id\":\"https:\\\/\\\/monatglobal.com\\\/lt\\\/monathero\\\/#webpage\",\"url\":\"https:\\\/\\\/monatglobal.com\\\/lt\\\/monathero\\\/\",\"name\":\"MONAT herojus | 2025 m. pirmininko apdovanojimas | MONATions\",\"description\":\"Nominuokite MONAT MP partner\\u012f 2025 m. pirmininko apdovanojimui! Pasi\\u016blymus galima teikti nuo bir\\u017eelio 18 d. iki liepos 3 d. Pasid\\u017eiaukime lyderyste ir poveikiu bendruomenei.\",\"inLanguage\":\"lt-LT\",\"isPartOf\":{\"@id\":\"https:\\\/\\\/monatglobal.com\\\/lt\\\/#website\"},\"breadcrumb\":{\"@id\":\"https:\\\/\\\/monatglobal.com\\\/lt\\\/monathero\\\/#breadcrumblist\"},\"image\":{\"@type\":\"ImageObject\",\"url\":\"https:\\\/\\\/monatglobal.com\\\/lt\\\/wp-content\\\/uploads\\\/sites\\\/11\\\/2025\\\/06\\\/monathero-2025-ft-img-lt-min.jpg\",\"@id\":\"https:\\\/\\\/monatglobal.com\\\/lt\\\/monathero\\\/#mainImage\",\"width\":1200,\"height\":628},\"primaryImageOfPage\":{\"@id\":\"https:\\\/\\\/monatglobal.com\\\/lt\\\/monathero\\\/#mainImage\"},\"datePublished\":\"2023-06-22T22:58:24+01:00\",\"dateModified\":\"2025-06-18T14:25:05+01:00\"},{\"@type\":\"WebSite\",\"@id\":\"https:\\\/\\\/monatglobal.com\\\/lt\\\/#website\",\"url\":\"https:\\\/\\\/monatglobal.com\\\/lt\\\/\",\"name\":\"MONAT Lithuania\",\"inLanguage\":\"lt-LT\",\"publisher\":{\"@id\":\"https:\\\/\\\/monatglobal.com\\\/lt\\\/#organization\"}}]}\n\t\t<\/script>\n\t\t<!-- All in One SEO Pro -->\r\n\t\t<title>MONAT herojus | 2025 m. pirmininko apdovanojimas | MONATions<\/title>\n\n","aioseo_head_json":{"title":"MONAT herojus | 2025 m. pirmininko apdovanojimas | MONATions","description":"Nominuokite MONAT MP partner\u012f 2025 m. pirmininko apdovanojimui! Pasi\u016blymus galima teikti nuo bir\u017eelio 18 d. iki liepos 3 d. Pasid\u017eiaukime lyderyste ir poveikiu bendruomenei.","canonical_url":"https:\/\/monatglobal.com\/lt\/monathero\/","robots":"max-image-preview:large","keywords":"","webmasterTools":{"miscellaneous":""},"schema":{"@context":"https:\/\/schema.org","@graph":[{"@type":"BreadcrumbList","@id":"https:\/\/monatglobal.com\/lt\/monathero\/#breadcrumblist","itemListElement":[{"@type":"ListItem","@id":"https:\/\/monatglobal.com\/lt#listItem","position":1,"name":"Home","item":"https:\/\/monatglobal.com\/lt","nextItem":{"@type":"ListItem","@id":"https:\/\/monatglobal.com\/lt\/monathero\/#listItem","name":"2025 m. pirmininko apdovanojimas"}},{"@type":"ListItem","@id":"https:\/\/monatglobal.com\/lt\/monathero\/#listItem","position":2,"name":"2025 m. pirmininko apdovanojimas","previousItem":{"@type":"ListItem","@id":"https:\/\/monatglobal.com\/lt#listItem","name":"Home"}}]},{"@type":"Organization","@id":"https:\/\/monatglobal.com\/lt\/#organization","name":"MONAT Lithuania","url":"https:\/\/monatglobal.com\/lt\/"},{"@type":"WebPage","@id":"https:\/\/monatglobal.com\/lt\/monathero\/#webpage","url":"https:\/\/monatglobal.com\/lt\/monathero\/","name":"MONAT herojus | 2025 m. pirmininko apdovanojimas | MONATions","description":"Nominuokite MONAT MP partner\u012f 2025 m. pirmininko apdovanojimui! Pasi\u016blymus galima teikti nuo bir\u017eelio 18 d. iki liepos 3 d. Pasid\u017eiaukime lyderyste ir poveikiu bendruomenei.","inLanguage":"lt-LT","isPartOf":{"@id":"https:\/\/monatglobal.com\/lt\/#website"},"breadcrumb":{"@id":"https:\/\/monatglobal.com\/lt\/monathero\/#breadcrumblist"},"image":{"@type":"ImageObject","url":"https:\/\/monatglobal.com\/lt\/wp-content\/uploads\/sites\/11\/2025\/06\/monathero-2025-ft-img-lt-min.jpg","@id":"https:\/\/monatglobal.com\/lt\/monathero\/#mainImage","width":1200,"height":628},"primaryImageOfPage":{"@id":"https:\/\/monatglobal.com\/lt\/monathero\/#mainImage"},"datePublished":"2023-06-22T22:58:24+01:00","dateModified":"2025-06-18T14:25:05+01:00"},{"@type":"WebSite","@id":"https:\/\/monatglobal.com\/lt\/#website","url":"https:\/\/monatglobal.com\/lt\/","name":"MONAT Lithuania","inLanguage":"lt-LT","publisher":{"@id":"https:\/\/monatglobal.com\/lt\/#organization"}}]},"og:locale":"lt_LT","og:site_name":"MONAT Lithuania -","og:type":"article","og:title":"MONAT herojus | 2025 m. pirmininko apdovanojimas | MONATions","og:description":"Nominuokite MONAT MP partner\u012f 2025 m. pirmininko apdovanojimui! Pasi\u016blymus galima teikti nuo bir\u017eelio 18 d. iki liepos 3 d. Pasid\u017eiaukime lyderyste ir poveikiu bendruomenei.","og:url":"https:\/\/monatglobal.com\/lt\/monathero\/","article:published_time":"2023-06-22T21:58:24+00:00","article:modified_time":"2025-06-18T13:25:05+00:00","twitter:card":"summary_large_image","twitter:title":"MONAT herojus | 2025 m. pirmininko apdovanojimas | MONATions","twitter:description":"Nominuokite MONAT MP partner\u012f 2025 m. pirmininko apdovanojimui! Pasi\u016blymus galima teikti nuo bir\u017eelio 18 d. iki liepos 3 d. Pasid\u017eiaukime lyderyste ir poveikiu bendruomenei."},"aioseo_meta_data":{"post_id":"76483","title":"MONAT herojus | 2025 m. pirmininko apdovanojimas | MONATions","description":"Nominuokite MONAT MP partner\u012f 2025 m. pirmininko apdovanojimui! Pasi\u016blymus galima teikti nuo bir\u017eelio 18 d. iki liepos 3 d. Pasid\u017eiaukime lyderyste ir poveikiu bendruomenei.","keywords":null,"keyphrases":{"focus":{"keyphrase":"","score":0,"analysis":{"keyphraseInTitle":{"score":0,"maxScore":9,"error":1}}},"additional":[]},"primary_term":null,"canonical_url":null,"og_title":null,"og_description":null,"og_object_type":"default","og_image_type":"default","og_image_url":null,"og_image_width":null,"og_image_height":null,"og_image_custom_url":null,"og_image_custom_fields":null,"og_video":"","og_custom_url":null,"og_article_section":null,"og_article_tags":null,"twitter_use_og":false,"twitter_card":"default","twitter_image_type":"default","twitter_image_url":null,"twitter_image_custom_url":null,"twitter_image_custom_fields":null,"twitter_title":null,"twitter_description":null,"schema":{"blockGraphs":[],"customGraphs":[],"default":{"data":{"Article":[],"Course":[],"Dataset":[],"FAQPage":[],"Movie":[],"Person":[],"Product":[],"ProductReview":[],"Car":[],"Recipe":[],"Service":[],"SoftwareApplication":[],"WebPage":[]},"graphName":"WebPage","isEnabled":true},"graphs":[]},"schema_type":"default","schema_type_options":null,"pillar_content":false,"robots_default":true,"robots_noindex":false,"robots_noarchive":false,"robots_nosnippet":false,"robots_nofollow":false,"robots_noimageindex":false,"robots_noodp":false,"robots_notranslate":false,"robots_max_snippet":"-1","robots_max_videopreview":"-1","robots_max_imagepreview":"large","priority":null,"frequency":"default","local_seo":null,"seo_analyzer_scan_date":"2025-08-15 02:28:18","breadcrumb_settings":null,"limit_modified_date":false,"reviewed_by":"0","open_ai":"{\"title\":{\"suggestions\":[],\"usage\":0},\"description\":{\"suggestions\":[],\"usage\":0}}","ai":null,"created":"2023-07-26 19:35:02","updated":"2025-08-15 02:28:18"},"aioseo_breadcrumb":"<div class=\"aioseo-breadcrumbs\"><span class=\"aioseo-breadcrumb\">\n\t<a href=\"https:\/\/monatglobal.com\/lt\" title=\"Home\">Home<\/a>\n<\/span><span class=\"aioseo-breadcrumb-separator\">&raquo;<\/span><span class=\"aioseo-breadcrumb\">\n\t2025 m. pirmininko apdovanojimas\n<\/span><\/div>","aioseo_breadcrumb_json":[{"label":"Home","link":"https:\/\/monatglobal.com\/lt"},{"label":"2025 m. pirmininko apdovanojimas","link":"https:\/\/monatglobal.com\/lt\/monathero\/"}],"_links":{"self":[{"href":"https:\/\/monatglobal.com\/lt\/wp-json\/wp\/v2\/pages\/76483","targetHints":{"allow":["GET"]}}],"collection":[{"href":"https:\/\/monatglobal.com\/lt\/wp-json\/wp\/v2\/pages"}],"about":[{"href":"https:\/\/monatglobal.com\/lt\/wp-json\/wp\/v2\/types\/page"}],"author":[{"embeddable":true,"href":"https:\/\/monatglobal.com\/lt\/wp-json\/wp\/v2\/users\/47"}],"replies":[{"embeddable":true,"href":"https:\/\/monatglobal.com\/lt\/wp-json\/wp\/v2\/comments?post=76483"}],"version-history":[{"count":19,"href":"https:\/\/monatglobal.com\/lt\/wp-json\/wp\/v2\/pages\/76483\/revisions"}],"predecessor-version":[{"id":86716,"href":"https:\/\/monatglobal.com\/lt\/wp-json\/wp\/v2\/pages\/76483\/revisions\/86716"}],"wp:featuredmedia":[{"embeddable":true,"href":"https:\/\/monatglobal.com\/lt\/wp-json\/wp\/v2\/media\/86709"}],"wp:attachment":[{"href":"https:\/\/monatglobal.com\/lt\/wp-json\/wp\/v2\/media?parent=76483"}],"wp:term":[{"taxonomy":"category","embeddable":true,"href":"https:\/\/monatglobal.com\/lt\/wp-json\/wp\/v2\/categories?post=76483"},{"taxonomy":"post_tag","embeddable":true,"href":"https:\/\/monatglobal.com\/lt\/wp-json\/wp\/v2\/tags?post=76483"}],"curies":[{"name":"wp","href":"https:\/\/api.w.org\/{rel}","templated":true}]}}