{"id":76193,"date":"2023-04-27T09:30:00","date_gmt":"2023-04-27T08:30:00","guid":{"rendered":"https:\/\/monatglobal.com\/lt\/?page_id=76193"},"modified":"2023-06-23T13:46:53","modified_gmt":"2023-06-23T12:46:53","slug":"body-butter","status":"publish","type":"page","link":"https:\/\/monatglobal.com\/lt\/body-butter\/","title":{"rendered":"\u201eMONAT BODY CARE\u2122\u201c k\u016bno sviestas su baku\u010dioliu"},"content":{"rendered":"\n\n\t<link rel=\"stylesheet\" href=\"https:\/\/unpkg.com\/swiper\/swiper-bundle.min.css\" \/>\n<link rel=\"stylesheet\" href=\"https:\/\/monatglobal.com\/wp-content\/creative_css\/product_styles_sheet.css\" \/>\n   <!--==================================================== ECOMM SECTION ====================================================-->\n      <!--==================================================== Ecomm image ====================================================-->\n            NEW\n           \n      <img decoding=\"async\" src=\"https:\/\/monatglobal.com\/wp-content\/uploads\/2023\/04\/bakuchiol-body-butter-e-comm-1.png\" alt=\"Product shot of a MONAT BODY CARE\u2122 Bakuchiol Body butter\"\/>\n         \n      <!--==================================================== Ecomm information  ====================================================-->\n    NAUJAS\n    <img decoding=\"async\" src=\"https:\/\/monatglobal.com\/uk\/wp-content\/uploads\/sites\/6\/2023\/04\/MONAT-Gratitude-Foundation-Logo-Horizontal.svg\"\/>\n \t\t\t<h1>\u201eMONAT BODY CARE\u2122&#8221; <br \/>k\u016bno sviestas su baku\u010dioliu<\/h1> \n\t\t\t\n\t\t\t<p>150 ml e 5 fl. oz.<\/p>\n\t\t\t<p>Ma\u017emenin\u0117s prekybos kaina su nuolaida: <br \/>27 \u20ac<\/p>\n\t\t\t\t\t<p>Ma\u017emenin\u0117s prekybos vert\u0117: <br \/>27 \u20ac<\/p>\n\t\t\t\t\t<p>VIP moka: <br \/>27 \u20ac<\/p>\n\t\t\t<p>To learn more about MONAT BODY CARE\u2122 Bakuchiol Body Butter, please contact your MONAT Market&nbsp;Partner. <\/p>\n\t\t\t<p>I\u0160PARDUOTA<\/p>\n\t\t\t\t\t<!--\n\t\t\t\t<a href=\"https:\/\/corp.mymonat.com\/shop\/t\/categories\/gratitude-promotion\" target=\"_blank\" aria-label=\"Go to Bakuchiol body butter shop\" rel=\"noopener\">PIRKTI DABAR<\/a> \n\t\t\t-->\n   <!--==================================================== \/ECOMM SECTION  ====================================================-->\n    <img decoding=\"async\" id=\"benefits_label\" src=\"https:\/\/monatglobal.com\/uk\/wp-content\/uploads\/sites\/6\/2023\/04\/monatgratitude-foundation-logo.svg\"\/>\n   <!--==================================================== Benefits image ====================================================-->\n   \n      <source media=\"(max-width: 700px)\" srcset=\"https:\/\/monatglobal.com\/uk\/wp-content\/uploads\/sites\/6\/2023\/04\/bakuchiol-body-butter-benefits-mobile_ecomm-min.jpg\"\/>\n      <img decoding=\"async\" alt=\"Two jars of a MONAT BODY CARE\u2122 Bakuchiol Body Butter, one of this open showing its content, surrounded of a hair brush and a band of towel.\" \n      src=\"https:\/\/monatglobal.com\/uk\/wp-content\/uploads\/sites\/6\/2023\/04\/bakuchiol-body-butter-benefits-desktop_ecomm-min.jpg\"\/>\n   \n   <!--==================================================== Benefits text ====================================================-->\n         <h2>BENEFICIOS<\/h2> \n         <h3>Spind\u0117kite d\u0117kingumu su \u201eMONAT BODY CARE\u2122&#8221; k\u016bno sviestu su baku\u010dioliu. <\/h3>\n         <p>\u0160is sodrus dr\u0117kinamasis k\u016bno kremas giliai maitina j\u016bs\u0173 od\u0105, naudodamas veiksmingas dr\u0117kinam\u0105sias med\u017eiagas, \u012fskaitant taukmed\u017eio sviest\u0105, kokos\u0173 aliej\u0173 ir vegani\u0161k\u0105 retinolio pakaital\u0105 baku\u010diol\u012f, kad oda b\u016bt\u0173 labiau sudr\u0117kinta ir \u0161vyt\u0117t\u0173.Baku\u010diolis da\u017enai vadinamas nat\u016braliu retinoliu. Jis pasi\u017eymi visais retinolio privalumais, ta\u010diau nesukelia jautrumo odai, tod\u0117l yra \u0161velnus ir veiksmingas vis\u0173 tip\u0173 odai, \u012fskaitant jautri\u0105 od\u0105.<\/p>\n         <!--==================================================== features image  ====================================================-->\n         <img decoding=\"async\" alt=\"A product shot of MONAT BODY CARE\u2122 Bakuchiol Body Butter on top of a marble stone in front of bunch of white flowers.\" src=\"https:\/\/monatglobal.com\/uk\/wp-content\/uploads\/sites\/6\/2023\/04\/bakuchiol-body-butter-features-min.jpg\"\/>\n      <!--==================================================== features text ====================================================-->\n            <h3>Privalumai<\/h3>\n               <p>\/ Giliai maitina ir puosel\u0117ja od\u0105 bei suteikia jai \u0161vyt\u0117jimo<\/p>\n               <p>\/ Sud\u0117tyje yra veiksming\u0173 dr\u0117kikli\u0173<\/p>\n               <p>\/ Greitai \u012fsigeria be lipnumo ar riebumo poj\u016b\u010dio <\/p>\n               <p>\/ Tepasi kaip putos, maitina kaip kremas<\/p>\n               <p>\/ Lengvai tirpsta ir suteikia odai komforto poj\u016bt\u012f.<\/p>\n               <br \/>\n               <br \/>\n            <h3>Infused with REJUVENIQE S<sup>\u2122<\/sup> and shea butter, More than a Balm by MONAT\u2122 features an exotic scent of vivid fruits and flowers transitioning to lingering notes of velvety woods and musk that delivers an extra touch of hydration to skin and hair anytime, any&nbsp;place.<\/h3>\n               <p> Infused with shea butter, this luxurious body bar cleans, conditions, and refreshes for maximum smoothness and&nbsp;softness.<\/p>\n               <br \/>\n         <!--==================================================== features image  ====================================================-->\n         <img decoding=\"async\" alt=\"A product shot of MONAT BODY CARE\u2122 Bakuchiol Body Butter on top of a marble stone in front of bunch of white flowers.\" src=\"https:\/\/monatglobal.com\/uk\/wp-content\/uploads\/sites\/6\/2023\/04\/bakuchiol-body-butter-features-min.jpg\"\/>\n   <!--==================================================== composition image mobile ====================================================-->\n   <img decoding=\"async\" alt=\"Two jars of MONAT BODY CARE\u2122 Bakuchiol Body Butter over a mirror surrounded by magazines.\" src=\"https:\/\/monatglobal.com\/uk\/wp-content\/uploads\/sites\/6\/2023\/04\/Bakuchiol-body-butter-stand-alone.jpg\"\/>\n        <h2>Pagrindiniai ingredientai: <\/h2>\n                    <img decoding=\"async\" src=\"https:\/\/monatglobal.com\/wp-content\/uploads\/2022\/11\/Shea-Butter.svg\" alt=\"Shea Butter\"\/>\n                <p>Taukmed\u017eio sviestas<\/p>\n                    <img decoding=\"async\" src=\"https:\/\/monatglobal.com\/wp-content\/uploads\/2022\/11\/Mango-Seed-Butter.svg\" alt=\"Mango Seed Butter\"\/>\n                <p>Mango s\u0117kl\u0173 sviestas<\/p>\n                <p>Baku\u010diolis<\/p>\n                    <img decoding=\"async\" src=\"https:\/\/monatglobal.com\/wp-content\/uploads\/2022\/11\/Coconut-Oil.svg\" alt=\"Coconut Oil\"\/> \n                <p>Kokos\u0173 aliejus <\/p>\n                    <img decoding=\"async\" src=\"https:\/\/monatglobal.com\/wp-content\/uploads\/2022\/11\/Ceramides.svg\" alt=\"Ceramides\"\/>\n                <p>Keramidas<\/p>\n                    <img decoding=\"async\" src=\"https:\/\/monatglobal.com\/wp-content\/uploads\/2022\/11\/Niacinamide-Vitamin-B3.svg\" alt=\"Niacinamide Vitamin B3\"\/>\n                <p>Niacinamidas<\/p>\n<!--==================================================== Composition section ====================================================-->\n      <img decoding=\"async\" alt=\"Two jars of MONAT BODY CARE\u2122 Bakuchiol Body Butter over a mirror surrounded by magazines.\" src=\"https:\/\/monatglobal.com\/uk\/wp-content\/uploads\/sites\/6\/2023\/04\/Bakuchiol-body-butter-stand-alone.jpg\"\/>\n      <img decoding=\"async\" alt=\"Two jars of MONAT BODY CARE\u2122 Bakuchiol Body Butter on a White background overlying a texture product image.\" src=\"https:\/\/monatglobal.com\/uk\/wp-content\/uploads\/sites\/6\/2023\/04\/bakuchiol-body-butter-comp2-min.jpg\"\/>\n  <img decoding=\"async\" src=\"https:\/\/monatglobal.com\/uk\/wp-content\/uploads\/sites\/6\/2023\/04\/gratitude-fundation.svg\"\/>\n         <h2>Kartu investuokime \u012f b\u016bsimus lyderius ir \u012f\u017eiebkime jaunimo potencial\u0105<\/h2> \n         <h3>\u201eMONAT Gratitude&#8221; &#8211; tai augantis pasaulinis poky\u010di\u0173 k\u016br\u0117j\u0173, siekian\u010di\u0173 daryti teigiam\u0105 poveik\u012f didesniam g\u0117riui, jud\u0117jimas. 2019 m. \u012fsteigtas kaip ne pelno siekianti organizacija, \u201eMONAT Gratitude&#8221; fondas remia pastangas visame pasaulyje skatinti teigiamus poky\u010dius ir \u012fgalinti ateities lyderius!<\/h3>\n         <p>D\u0117kingumo dvasia yra m\u016bs\u0173 misijos pagrindas. Ji veda ir \u012fkvepia m\u016bs\u0173 didesn\u0119 bendruomen\u0119 veikti, u\u017etikrinant, kad vaikai, \u0161eimos ir bendruomen\u0117s &#8211; nepriklausomai nuo ras\u0117s, tautyb\u0117s ar pajam\u0173 &#8211; tur\u0117t\u0173 galimyb\u0119 suklest\u0117ti<\/p>\n         <p>Nesvarbu, ar tai b\u016bt\u0173 aukojimas, savanoryst\u0117, ar tiesiog meil\u0117s ir paramos rodymas, joks ind\u0117lis niekada n\u0117ra per ma\u017eas ir joks gestas n\u0117ra per didelis.<\/p>\n         <p>100 % grynojo pelno, gauto pardavus kiekvien\u0105 \u201eMONAT BODY CARE\u2122&#8221;  k\u016bno sviest\u0105 su baku\u010dioliu, skiriama \u201eMONAT Gratitude Foundation&#8221; programoms ir partneriams, investuojantiems \u012f jaunimo \u0161vietimo iniciatyvas, remti.<\/p> \n         <p>Jei norite gauti daugiau informacijos, kreipkit\u0117s \u012f m\u016bs\u0173 \u201eGratitude&#8221; komand\u0105 adresu <a href=\"mailto:gratitude@monatglobal.com.\" target=\"_blank\" rel=\"noopener\"> gratitude@monatglobal.com.<\/a><\/p> \n\t\t<p>I\u0160PARDUOTA<\/p>\n    <!--\n  \t<a href=\"https:\/\/corp.mymonat.com\/shop\/t\/categories\/gratitude-promotion\" target=\"_blank\" aria-label=\"Go to Bakuchiol body butter shop\" rel=\"noopener\">PIRKTI DABAR<\/a> \n   -->\n   <!--==================================================== Ingredients section  ====================================================-->\n   <!--==================================================== You might also like section ====================================================-->\n      <h2>YOU MIGHT ALSO LIKE<\/h2>\n      <!--==================================================== Slider YOU MIGHT ALSO LIKE ====================================================-->\n            <!--==================================================== Slides products ====================================================-->\n               <a href=\"\/lt?page_id=58676\" aria-label=\"Go to MONAT FOR MEN\u2122 Essential face Wash page\">\n                  <img decoding=\"async\" src=\"https:\/\/monatglobal.com\/pl\/wp-content\/uploads\/2022\/01\/essential-face-wash-ecomm-2022.png\" alt=\"MONAT FOR MEN\u2122 face Wash\"\/>\n                  <p>Gel corporal esencial <br \/> MONAT FOR MEN\u2122<\/p>\n               <\/a>\n               <a href=\"\/lt?page_id=58651\" aria-label=\"Go to MONAT FOR MEN\u2122 Essential Face Scrub page\">\n                  <img decoding=\"async\" src=\"https:\/\/monatglobal.com\/pl\/wp-content\/uploads\/2022\/01\/essential-face-scrub-ecomm-2022.png\" alt=\"MONAT FOR MEN\u2122 Essential Face Scrub\"\/>\n                  <p>Exfoliante facial esencial <br \/> MONAT FOR MEN\u2122<\/p>\n               <\/a>\n               <a href=\"\/lt?page_id=58643\" aria-label=\"Go to MONAT FOR MEN\u2122 Essential Face Moisturizer page\">\n                  <img decoding=\"async\" src=\"https:\/\/monatglobal.com\/pl\/wp-content\/uploads\/2022\/01\/essential-face-moisturizer-ecomm-2022.png\" alt=\"MONAT FOR MEN\u2122 Essential Face Moisturizer\"\/>\n                  <p>Hidratante facial esencial<br \/>MONAT FOR MEN\u2122<\/p>\n               <\/a>\n         <!--==================================================== If we need navigation buttons  ====================================================-->\n         <!--==================================================== If we need paginations  ====================================================-->\n     <a href=\"https:\/\/monatgratitude.com\/\" aria-label=\"Go to all Skincare Products\"><p>Learn more about Gratitude<\/p><\/a>\n<!--==================================================== this link has to go last for it to work   ====================================================-->\n\n","protected":false},"excerpt":{"rendered":"<p>NEW NAUJAS \u201eMONAT BODY CARE\u2122&#8221; k\u016bno sviestas su baku\u010dioliu 150 ml e 5 fl. oz. Ma\u017emenin\u0117s prekybos kaina su nuolaida: 27 \u20ac Ma\u017emenin\u0117s prekybos vert\u0117: 27 \u20ac VIP moka: 27 \u20ac To learn more about MONAT BODY CARE\u2122 Bakuchiol Body Butter, please contact your MONAT Market&nbsp;Partner. I\u0160PARDUOTA BENEFICIOS Spind\u0117kite d\u0117kingumu su \u201eMONAT BODY CARE\u2122&#8221; k\u016bno&hellip;<\/p>\n","protected":false},"author":31,"featured_media":0,"parent":0,"menu_order":0,"comment_status":"closed","ping_status":"closed","template":"","meta":{"inline_featured_image":false,"om_disable_all_campaigns":false,"_monsterinsights_skip_tracking":false,"_monsterinsights_sitenote_active":false,"_monsterinsights_sitenote_note":"","_monsterinsights_sitenote_category":0,"footnotes":""},"categories":[1],"tags":[],"class_list":["post-76193","page","type-page","status-publish","hentry","category-uncategorized-lt"],"aioseo_notices":[],"aioseo_head":"\n\t\t<!-- All in One SEO Pro 4.9.5.2 - aioseo.com -->\n\t<meta name=\"description\" content=\"NEW NAUJAS \u201eMONAT BODY CARE\u2122&quot; k\u016bno sviestas su baku\u010dioliu 150 ml e 5 fl. oz. Ma\u017emenin\u0117s prekybos kaina su nuolaida: 27 \u20ac Ma\u017emenin\u0117s prekybos vert\u0117: 27 \u20ac VIP moka: 27 \u20ac To learn more about MONAT BODY CARE\u2122 Bakuchiol Body Butter, please contact your MONAT Market Partner. I\u0160PARDUOTA BENEFICIOS Spind\u0117kite d\u0117kingumu su \u201eMONAT BODY CARE\u2122&quot; k\u016bno\" \/>\n\t<meta name=\"robots\" content=\"max-image-preview:large\" \/>\n\t<link rel=\"canonical\" href=\"https:\/\/monatglobal.com\/lt\/body-butter\/\" \/>\n\t<meta name=\"generator\" content=\"All in One SEO Pro (AIOSEO) 4.9.5.2\" \/>\n\t\t<meta property=\"og:locale\" content=\"lt_LT\" \/>\n\t\t<meta property=\"og:site_name\" content=\"MONAT Lithuania -\" \/>\n\t\t<meta property=\"og:type\" content=\"article\" \/>\n\t\t<meta property=\"og:title\" content=\"\u201eMONAT BODY CARE\u2122\u201c k\u016bno sviestas su baku\u010dioliu - MONAT Lithuania\" \/>\n\t\t<meta property=\"og:description\" content=\"NEW NAUJAS \u201eMONAT BODY CARE\u2122&quot; k\u016bno sviestas su baku\u010dioliu 150 ml e 5 fl. oz. Ma\u017emenin\u0117s prekybos kaina su nuolaida: 27 \u20ac Ma\u017emenin\u0117s prekybos vert\u0117: 27 \u20ac VIP moka: 27 \u20ac To learn more about MONAT BODY CARE\u2122 Bakuchiol Body Butter, please contact your MONAT Market Partner. I\u0160PARDUOTA BENEFICIOS Spind\u0117kite d\u0117kingumu su \u201eMONAT BODY CARE\u2122&quot; k\u016bno\" \/>\n\t\t<meta property=\"og:url\" content=\"https:\/\/monatglobal.com\/lt\/body-butter\/\" \/>\n\t\t<meta property=\"article:published_time\" content=\"2023-04-27T08:30:00+00:00\" \/>\n\t\t<meta property=\"article:modified_time\" content=\"2023-06-23T12:46:53+00:00\" \/>\n\t\t<meta name=\"twitter:card\" content=\"summary_large_image\" \/>\n\t\t<meta name=\"twitter:title\" content=\"\u201eMONAT BODY CARE\u2122\u201c k\u016bno sviestas su baku\u010dioliu - MONAT Lithuania\" \/>\n\t\t<meta name=\"twitter:description\" content=\"NEW NAUJAS \u201eMONAT BODY CARE\u2122&quot; k\u016bno sviestas su baku\u010dioliu 150 ml e 5 fl. oz. Ma\u017emenin\u0117s prekybos kaina su nuolaida: 27 \u20ac Ma\u017emenin\u0117s prekybos vert\u0117: 27 \u20ac VIP moka: 27 \u20ac To learn more about MONAT BODY CARE\u2122 Bakuchiol Body Butter, please contact your MONAT Market Partner. I\u0160PARDUOTA BENEFICIOS Spind\u0117kite d\u0117kingumu su \u201eMONAT BODY CARE\u2122&quot; k\u016bno\" \/>\n\t\t<script type=\"application\/ld+json\" class=\"aioseo-schema\">\n\t\t\t{\"@context\":\"https:\\\/\\\/schema.org\",\"@graph\":[{\"@type\":\"BreadcrumbList\",\"@id\":\"https:\\\/\\\/monatglobal.com\\\/lt\\\/body-butter\\\/#breadcrumblist\",\"itemListElement\":[{\"@type\":\"ListItem\",\"@id\":\"https:\\\/\\\/monatglobal.com\\\/lt#listItem\",\"position\":1,\"name\":\"Home\",\"item\":\"https:\\\/\\\/monatglobal.com\\\/lt\",\"nextItem\":{\"@type\":\"ListItem\",\"@id\":\"https:\\\/\\\/monatglobal.com\\\/lt\\\/body-butter\\\/#listItem\",\"name\":\"\\u201eMONAT BODY CARE\\u2122\\u201c k\\u016bno sviestas su baku\\u010dioliu\"}},{\"@type\":\"ListItem\",\"@id\":\"https:\\\/\\\/monatglobal.com\\\/lt\\\/body-butter\\\/#listItem\",\"position\":2,\"name\":\"\\u201eMONAT BODY CARE\\u2122\\u201c k\\u016bno sviestas su baku\\u010dioliu\",\"previousItem\":{\"@type\":\"ListItem\",\"@id\":\"https:\\\/\\\/monatglobal.com\\\/lt#listItem\",\"name\":\"Home\"}}]},{\"@type\":\"Organization\",\"@id\":\"https:\\\/\\\/monatglobal.com\\\/lt\\\/#organization\",\"name\":\"MONAT Lithuania\",\"url\":\"https:\\\/\\\/monatglobal.com\\\/lt\\\/\"},{\"@type\":\"WebPage\",\"@id\":\"https:\\\/\\\/monatglobal.com\\\/lt\\\/body-butter\\\/#webpage\",\"url\":\"https:\\\/\\\/monatglobal.com\\\/lt\\\/body-butter\\\/\",\"name\":\"\\u201eMONAT BODY CARE\\u2122\\u201c k\\u016bno sviestas su baku\\u010dioliu - MONAT Lithuania\",\"description\":\"NEW NAUJAS \\u201eMONAT BODY CARE\\u2122\\\" k\\u016bno sviestas su baku\\u010dioliu 150 ml e 5 fl. oz. Ma\\u017emenin\\u0117s prekybos kaina su nuolaida: 27 \\u20ac Ma\\u017emenin\\u0117s prekybos vert\\u0117: 27 \\u20ac VIP moka: 27 \\u20ac To learn more about MONAT BODY CARE\\u2122 Bakuchiol Body Butter, please contact your MONAT Market Partner. I\\u0160PARDUOTA BENEFICIOS Spind\\u0117kite d\\u0117kingumu su \\u201eMONAT BODY CARE\\u2122\\\" k\\u016bno\",\"inLanguage\":\"lt-LT\",\"isPartOf\":{\"@id\":\"https:\\\/\\\/monatglobal.com\\\/lt\\\/#website\"},\"breadcrumb\":{\"@id\":\"https:\\\/\\\/monatglobal.com\\\/lt\\\/body-butter\\\/#breadcrumblist\"},\"datePublished\":\"2023-04-27T09:30:00+01:00\",\"dateModified\":\"2023-06-23T13:46:53+01:00\"},{\"@type\":\"WebSite\",\"@id\":\"https:\\\/\\\/monatglobal.com\\\/lt\\\/#website\",\"url\":\"https:\\\/\\\/monatglobal.com\\\/lt\\\/\",\"name\":\"MONAT Lithuania\",\"inLanguage\":\"lt-LT\",\"publisher\":{\"@id\":\"https:\\\/\\\/monatglobal.com\\\/lt\\\/#organization\"}}]}\n\t\t<\/script>\n\t\t<!-- All in One SEO Pro -->\r\n\t\t<title>\u201eMONAT BODY CARE\u2122\u201c k\u016bno sviestas su baku\u010dioliu - MONAT Lithuania<\/title>\n\n","aioseo_head_json":{"title":"\u201eMONAT BODY CARE\u2122\u201c k\u016bno sviestas su baku\u010dioliu - MONAT Lithuania","description":"NEW NAUJAS \u201eMONAT BODY CARE\u2122\" k\u016bno sviestas su baku\u010dioliu 150 ml e 5 fl. oz. Ma\u017emenin\u0117s prekybos kaina su nuolaida: 27 \u20ac Ma\u017emenin\u0117s prekybos vert\u0117: 27 \u20ac VIP moka: 27 \u20ac To learn more about MONAT BODY CARE\u2122 Bakuchiol Body Butter, please contact your MONAT Market Partner. I\u0160PARDUOTA BENEFICIOS Spind\u0117kite d\u0117kingumu su \u201eMONAT BODY CARE\u2122\" k\u016bno","canonical_url":"https:\/\/monatglobal.com\/lt\/body-butter\/","robots":"max-image-preview:large","keywords":"","webmasterTools":{"miscellaneous":""},"schema":{"@context":"https:\/\/schema.org","@graph":[{"@type":"BreadcrumbList","@id":"https:\/\/monatglobal.com\/lt\/body-butter\/#breadcrumblist","itemListElement":[{"@type":"ListItem","@id":"https:\/\/monatglobal.com\/lt#listItem","position":1,"name":"Home","item":"https:\/\/monatglobal.com\/lt","nextItem":{"@type":"ListItem","@id":"https:\/\/monatglobal.com\/lt\/body-butter\/#listItem","name":"\u201eMONAT BODY CARE\u2122\u201c k\u016bno sviestas su baku\u010dioliu"}},{"@type":"ListItem","@id":"https:\/\/monatglobal.com\/lt\/body-butter\/#listItem","position":2,"name":"\u201eMONAT BODY CARE\u2122\u201c k\u016bno sviestas su baku\u010dioliu","previousItem":{"@type":"ListItem","@id":"https:\/\/monatglobal.com\/lt#listItem","name":"Home"}}]},{"@type":"Organization","@id":"https:\/\/monatglobal.com\/lt\/#organization","name":"MONAT Lithuania","url":"https:\/\/monatglobal.com\/lt\/"},{"@type":"WebPage","@id":"https:\/\/monatglobal.com\/lt\/body-butter\/#webpage","url":"https:\/\/monatglobal.com\/lt\/body-butter\/","name":"\u201eMONAT BODY CARE\u2122\u201c k\u016bno sviestas su baku\u010dioliu - MONAT Lithuania","description":"NEW NAUJAS \u201eMONAT BODY CARE\u2122\" k\u016bno sviestas su baku\u010dioliu 150 ml e 5 fl. oz. Ma\u017emenin\u0117s prekybos kaina su nuolaida: 27 \u20ac Ma\u017emenin\u0117s prekybos vert\u0117: 27 \u20ac VIP moka: 27 \u20ac To learn more about MONAT BODY CARE\u2122 Bakuchiol Body Butter, please contact your MONAT Market Partner. I\u0160PARDUOTA BENEFICIOS Spind\u0117kite d\u0117kingumu su \u201eMONAT BODY CARE\u2122\" k\u016bno","inLanguage":"lt-LT","isPartOf":{"@id":"https:\/\/monatglobal.com\/lt\/#website"},"breadcrumb":{"@id":"https:\/\/monatglobal.com\/lt\/body-butter\/#breadcrumblist"},"datePublished":"2023-04-27T09:30:00+01:00","dateModified":"2023-06-23T13:46:53+01:00"},{"@type":"WebSite","@id":"https:\/\/monatglobal.com\/lt\/#website","url":"https:\/\/monatglobal.com\/lt\/","name":"MONAT Lithuania","inLanguage":"lt-LT","publisher":{"@id":"https:\/\/monatglobal.com\/lt\/#organization"}}]},"og:locale":"lt_LT","og:site_name":"MONAT Lithuania -","og:type":"article","og:title":"\u201eMONAT BODY CARE\u2122\u201c k\u016bno sviestas su baku\u010dioliu - MONAT Lithuania","og:description":"NEW NAUJAS \u201eMONAT BODY CARE\u2122&quot; k\u016bno sviestas su baku\u010dioliu 150 ml e 5 fl. oz. Ma\u017emenin\u0117s prekybos kaina su nuolaida: 27 \u20ac Ma\u017emenin\u0117s prekybos vert\u0117: 27 \u20ac VIP moka: 27 \u20ac To learn more about MONAT BODY CARE\u2122 Bakuchiol Body Butter, please contact your MONAT Market Partner. I\u0160PARDUOTA BENEFICIOS Spind\u0117kite d\u0117kingumu su \u201eMONAT BODY CARE\u2122&quot; k\u016bno","og:url":"https:\/\/monatglobal.com\/lt\/body-butter\/","article:published_time":"2023-04-27T08:30:00+00:00","article:modified_time":"2023-06-23T12:46:53+00:00","twitter:card":"summary_large_image","twitter:title":"\u201eMONAT BODY CARE\u2122\u201c k\u016bno sviestas su baku\u010dioliu - MONAT Lithuania","twitter:description":"NEW NAUJAS \u201eMONAT BODY CARE\u2122&quot; k\u016bno sviestas su baku\u010dioliu 150 ml e 5 fl. oz. Ma\u017emenin\u0117s prekybos kaina su nuolaida: 27 \u20ac Ma\u017emenin\u0117s prekybos vert\u0117: 27 \u20ac VIP moka: 27 \u20ac To learn more about MONAT BODY CARE\u2122 Bakuchiol Body Butter, please contact your MONAT Market Partner. I\u0160PARDUOTA BENEFICIOS Spind\u0117kite d\u0117kingumu su \u201eMONAT BODY CARE\u2122&quot; k\u016bno"},"aioseo_meta_data":{"post_id":"76193","title":null,"description":null,"keywords":null,"keyphrases":null,"primary_term":null,"canonical_url":null,"og_title":null,"og_description":null,"og_object_type":"default","og_image_type":"default","og_image_url":null,"og_image_width":null,"og_image_height":null,"og_image_custom_url":null,"og_image_custom_fields":null,"og_video":null,"og_custom_url":null,"og_article_section":null,"og_article_tags":null,"twitter_use_og":false,"twitter_card":"default","twitter_image_type":"default","twitter_image_url":null,"twitter_image_custom_url":null,"twitter_image_custom_fields":null,"twitter_title":null,"twitter_description":null,"schema":{"blockGraphs":[],"customGraphs":[],"default":{"data":{"Article":[],"Course":[],"Dataset":[],"FAQPage":[],"Movie":[],"Person":[],"Product":[],"ProductReview":[],"Car":[],"Recipe":[],"Service":[],"SoftwareApplication":[],"WebPage":[]},"graphName":"","isEnabled":true},"graphs":[]},"schema_type":"default","schema_type_options":null,"pillar_content":false,"robots_default":true,"robots_noindex":false,"robots_noarchive":false,"robots_nosnippet":false,"robots_nofollow":false,"robots_noimageindex":false,"robots_noodp":false,"robots_notranslate":false,"robots_max_snippet":null,"robots_max_videopreview":null,"robots_max_imagepreview":"large","priority":null,"frequency":null,"local_seo":null,"seo_analyzer_scan_date":"2025-08-15 02:23:59","breadcrumb_settings":null,"limit_modified_date":false,"reviewed_by":null,"open_ai":null,"ai":null,"created":"2023-07-26 19:35:02","updated":"2025-08-15 02:23:59"},"aioseo_breadcrumb":"<div class=\"aioseo-breadcrumbs\"><span class=\"aioseo-breadcrumb\">\n\t<a href=\"https:\/\/monatglobal.com\/lt\" title=\"Home\">Home<\/a>\n<\/span><span class=\"aioseo-breadcrumb-separator\">&raquo;<\/span><span class=\"aioseo-breadcrumb\">\n\t\u201eMONAT BODY CARE\u2122\u201c k\u016bno sviestas su baku\u010dioliu\n<\/span><\/div>","aioseo_breadcrumb_json":[{"label":"Home","link":"https:\/\/monatglobal.com\/lt"},{"label":"\u201eMONAT BODY CARE\u2122\u201c k\u016bno sviestas su baku\u010dioliu","link":"https:\/\/monatglobal.com\/lt\/body-butter\/"}],"_links":{"self":[{"href":"https:\/\/monatglobal.com\/lt\/wp-json\/wp\/v2\/pages\/76193","targetHints":{"allow":["GET"]}}],"collection":[{"href":"https:\/\/monatglobal.com\/lt\/wp-json\/wp\/v2\/pages"}],"about":[{"href":"https:\/\/monatglobal.com\/lt\/wp-json\/wp\/v2\/types\/page"}],"author":[{"embeddable":true,"href":"https:\/\/monatglobal.com\/lt\/wp-json\/wp\/v2\/users\/31"}],"replies":[{"embeddable":true,"href":"https:\/\/monatglobal.com\/lt\/wp-json\/wp\/v2\/comments?post=76193"}],"version-history":[{"count":7,"href":"https:\/\/monatglobal.com\/lt\/wp-json\/wp\/v2\/pages\/76193\/revisions"}],"predecessor-version":[{"id":76487,"href":"https:\/\/monatglobal.com\/lt\/wp-json\/wp\/v2\/pages\/76193\/revisions\/76487"}],"wp:attachment":[{"href":"https:\/\/monatglobal.com\/lt\/wp-json\/wp\/v2\/media?parent=76193"}],"wp:term":[{"taxonomy":"category","embeddable":true,"href":"https:\/\/monatglobal.com\/lt\/wp-json\/wp\/v2\/categories?post=76193"},{"taxonomy":"post_tag","embeddable":true,"href":"https:\/\/monatglobal.com\/lt\/wp-json\/wp\/v2\/tags?post=76193"}],"curies":[{"name":"wp","href":"https:\/\/api.w.org\/{rel}","templated":true}]}}