{"id":76140,"date":"2023-09-27T15:30:59","date_gmt":"2023-09-27T14:30:59","guid":{"rendered":"https:\/\/monatglobal.com\/lt\/?page_id=76140"},"modified":"2026-03-19T20:40:31","modified_gmt":"2026-03-19T20:40:31","slug":"join","status":"publish","type":"page","link":"https:\/\/monatglobal.com\/lt\/join\/","title":{"rendered":"Prisijunkite prie MONAT dabar | Atraskite MONAT"},"content":{"rendered":"\n\n\t<section id=\"joinSec\">\n        <img decoding=\"async\" src=\"https:\/\/monatglobal.com\/de\/wp-content\/uploads\/sites\/22\/2025\/01\/oil-drop-MONAT-logo-black-.png\" alt=\"MONAT oild drop logo\" loading=\"lazy\"\/>\n        <p>Sveiki prisijung\u0119 prie MONAT<\/p>\n        <h1>Ko nor\u0117tum\u0117te <br \/>\u0161iandien?<\/h1> \n                <a href=\"https:\/\/corp.mymonat.com\/pyr_core\/v2_enrollments\/select_market?sponsor_id=&#038;enroll_params=profile_form_type%3Dexpress&#038;market=lt&#038;lang_code=lt\" target=\"_blank\">\n                    <img decoding=\"async\" src=\"https:\/\/monatglobal.com\/wp-content\/uploads\/2025\/02\/maket-partner-min.jpg\" loading=\"lazy\"\/>\n                        <p>U\u017esidirbkite i\u0161 savo gro\u017eio&nbsp;rutinos! <br \/> Prad\u0117kite savo versl\u0105<br \/> + Sukurkite komand\u0105<\/p>\n                            <p>TAPKITE<\/p>\n                            <button>MONAT MP PARTNERIU<\/button> \n                <\/a>\n                <p>Daugiau informacijos <br \/> <a href=\"https:\/\/monatglobal.com\/lt\/the-monat-opportunity\/\">https:\/\/monatglobal.com\/lt\/the-monat-opportunity\/<\/a><\/p>\n                <a href=\"https:\/\/corp.mymonat.com\/pyr_core\/v2_enrollments\/select_market?enroll_params=profile_form_type%3Dvip_for_life&#038;lang_code=lt&#038;market=LT\" target=\"_blank\">\n                    <img decoding=\"async\" src=\"https:\/\/monatglobal.com\/wp-content\/uploads\/2025\/02\/join-as-a-VIP-min.jpg\" loading=\"lazy\"\/>\n                        <p>\u012esigykite premium produktus su&nbsp;15%&nbsp;nuolaida <br \/>+ Gaukite padedan\u010dius sutaupyti apdovanojimus<\/p>\n                            <p>TAPKITE<\/p>\n                            <button>MONAT VIP klientu <\/button>\n                <\/a>\n                <p>Daugiau informacijos <br \/> <a href=\"https:\/\/monatglobal.com\/lt\/vip\/\">https:\/\/monatglobal.com\/lt\/vip\/<\/a><\/p>\n                <a href=\"https:\/\/corp.mymonat.com\/pyr_core\/v2_enrollments\/select_market?sponsor_id=&#038;enroll_params=profile_form_type%3Dcustomer&#038;market=lt&#038;lang_code=lt\" target=\"_blank\">\n                    <img decoding=\"async\" src=\"https:\/\/monatglobal.com\/wp-content\/uploads\/2025\/02\/shop-retail-price-min.jpg\" loading=\"lazy\"\/>\n                        <p>\u012esigykite produktus ma\u017emenine&nbsp;kaina<\/p>\n                            <button>PIRKTI DABAR<\/button>\n                <\/a>\n                <p>Daugiau informacijos <br \/> <a href=\"https:\/\/monatglobal.com\/lt\/products\/\">https:\/\/monatglobal.com\/lt\/products\/<\/a><\/p>\n        <!---->\n        <!---->\n        <!---->\n<\/section>\n\n","protected":false},"excerpt":{"rendered":"<p>Sveiki prisijung\u0119 prie MONAT Ko nor\u0117tum\u0117te \u0161iandien? U\u017esidirbkite i\u0161 savo gro\u017eio&nbsp;rutinos! Prad\u0117kite savo versl\u0105 + Sukurkite komand\u0105 TAPKITE MONAT MP PARTNERIU Daugiau informacijos https:\/\/monatglobal.com\/lt\/the-monat-opportunity\/ \u012esigykite premium produktus su&nbsp;15%&nbsp;nuolaida + Gaukite padedan\u010dius sutaupyti apdovanojimus TAPKITE MONAT VIP klientu Daugiau informacijos https:\/\/monatglobal.com\/lt\/vip\/ \u012esigykite produktus ma\u017emenine&nbsp;kaina PIRKTI DABAR Daugiau informacijos https:\/\/monatglobal.com\/lt\/products\/<\/p>\n","protected":false},"author":31,"featured_media":86393,"parent":0,"menu_order":0,"comment_status":"closed","ping_status":"closed","template":"","meta":{"inline_featured_image":false,"om_disable_all_campaigns":false,"_monsterinsights_skip_tracking":false,"_monsterinsights_sitenote_active":false,"_monsterinsights_sitenote_note":"","_monsterinsights_sitenote_category":0,"footnotes":""},"categories":[],"tags":[],"class_list":["post-76140","page","type-page","status-publish","has-post-thumbnail","hentry"],"aioseo_notices":[],"aioseo_head":"\n\t\t<!-- All in One SEO Pro 4.9.5.2 - aioseo.com -->\n\t<meta name=\"description\" content=\"Atraskite MONAT ir prad\u0117kite savo kelion\u0119 \u0161iandien! Nesvarbu, ar norite u\u017esidirbti i\u0161 savo gro\u017eio rutinos kaip MP partneris, ar m\u0117gautis i\u0161skirtin\u0117mis privilegijomis kaip VIP klientas, ar apsipirkti kaip Ma\u017emenin\u0117s prekybos klientas \u2013 prad\u0117ti lengva.\" \/>\n\t<meta name=\"robots\" content=\"max-image-preview:large\" \/>\n\t<link rel=\"canonical\" href=\"https:\/\/monatglobal.com\/lt\/join\/\" \/>\n\t<meta name=\"generator\" content=\"All in One SEO Pro (AIOSEO) 4.9.5.2\" \/>\n\t\t<meta property=\"og:locale\" content=\"lt_LT\" \/>\n\t\t<meta property=\"og:site_name\" content=\"MONAT Lithuania -\" \/>\n\t\t<meta property=\"og:type\" content=\"article\" \/>\n\t\t<meta property=\"og:title\" content=\"Prisijunkite prie MONAT dabar | Atraskite MONAT\" \/>\n\t\t<meta property=\"og:description\" content=\"Atraskite MONAT ir prad\u0117kite savo kelion\u0119 \u0161iandien! Nesvarbu, ar norite u\u017esidirbti i\u0161 savo gro\u017eio rutinos kaip MP partneris, ar m\u0117gautis i\u0161skirtin\u0117mis privilegijomis kaip VIP klientas, ar apsipirkti kaip Ma\u017emenin\u0117s prekybos klientas \u2013 prad\u0117ti lengva.\" \/>\n\t\t<meta property=\"og:url\" content=\"https:\/\/monatglobal.com\/lt\/join\/\" \/>\n\t\t<meta property=\"article:published_time\" content=\"2023-09-27T14:30:59+00:00\" \/>\n\t\t<meta property=\"article:modified_time\" content=\"2026-03-19T20:40:31+00:00\" \/>\n\t\t<meta name=\"twitter:card\" content=\"summary_large_image\" \/>\n\t\t<meta name=\"twitter:title\" content=\"Prisijunkite prie MONAT dabar | Atraskite MONAT\" \/>\n\t\t<meta name=\"twitter:description\" content=\"Atraskite MONAT ir prad\u0117kite savo kelion\u0119 \u0161iandien! Nesvarbu, ar norite u\u017esidirbti i\u0161 savo gro\u017eio rutinos kaip MP partneris, ar m\u0117gautis i\u0161skirtin\u0117mis privilegijomis kaip VIP klientas, ar apsipirkti kaip Ma\u017emenin\u0117s prekybos klientas \u2013 prad\u0117ti lengva.\" \/>\n\t\t<script type=\"application\/ld+json\" class=\"aioseo-schema\">\n\t\t\t{\"@context\":\"https:\\\/\\\/schema.org\",\"@graph\":[{\"@type\":\"BreadcrumbList\",\"@id\":\"https:\\\/\\\/monatglobal.com\\\/lt\\\/join\\\/#breadcrumblist\",\"itemListElement\":[{\"@type\":\"ListItem\",\"@id\":\"https:\\\/\\\/monatglobal.com\\\/lt#listItem\",\"position\":1,\"name\":\"Home\",\"item\":\"https:\\\/\\\/monatglobal.com\\\/lt\",\"nextItem\":{\"@type\":\"ListItem\",\"@id\":\"https:\\\/\\\/monatglobal.com\\\/lt\\\/join\\\/#listItem\",\"name\":\"Prisijunkite prie MONAT dabar | Atraskite MONAT\"}},{\"@type\":\"ListItem\",\"@id\":\"https:\\\/\\\/monatglobal.com\\\/lt\\\/join\\\/#listItem\",\"position\":2,\"name\":\"Prisijunkite prie MONAT dabar | Atraskite MONAT\",\"previousItem\":{\"@type\":\"ListItem\",\"@id\":\"https:\\\/\\\/monatglobal.com\\\/lt#listItem\",\"name\":\"Home\"}}]},{\"@type\":\"Organization\",\"@id\":\"https:\\\/\\\/monatglobal.com\\\/lt\\\/#organization\",\"name\":\"MONAT Lithuania\",\"url\":\"https:\\\/\\\/monatglobal.com\\\/lt\\\/\"},{\"@type\":\"WebPage\",\"@id\":\"https:\\\/\\\/monatglobal.com\\\/lt\\\/join\\\/#webpage\",\"url\":\"https:\\\/\\\/monatglobal.com\\\/lt\\\/join\\\/\",\"name\":\"Prisijunkite prie MONAT dabar | Atraskite MONAT\",\"description\":\"Atraskite MONAT ir prad\\u0117kite savo kelion\\u0119 \\u0161iandien! Nesvarbu, ar norite u\\u017esidirbti i\\u0161 savo gro\\u017eio rutinos kaip MP partneris, ar m\\u0117gautis i\\u0161skirtin\\u0117mis privilegijomis kaip VIP klientas, ar apsipirkti kaip Ma\\u017emenin\\u0117s prekybos klientas \\u2013 prad\\u0117ti lengva.\",\"inLanguage\":\"lt-LT\",\"isPartOf\":{\"@id\":\"https:\\\/\\\/monatglobal.com\\\/lt\\\/#website\"},\"breadcrumb\":{\"@id\":\"https:\\\/\\\/monatglobal.com\\\/lt\\\/join\\\/#breadcrumblist\"},\"image\":{\"@type\":\"ImageObject\",\"url\":\"https:\\\/\\\/monatglobal.com\\\/lt\\\/wp-content\\\/uploads\\\/sites\\\/11\\\/2025\\\/02\\\/LT_FT_IMG-min.jpg\",\"@id\":\"https:\\\/\\\/monatglobal.com\\\/lt\\\/join\\\/#mainImage\",\"width\":1200,\"height\":628},\"primaryImageOfPage\":{\"@id\":\"https:\\\/\\\/monatglobal.com\\\/lt\\\/join\\\/#mainImage\"},\"datePublished\":\"2023-09-27T15:30:59+01:00\",\"dateModified\":\"2026-03-19T20:40:31+00:00\"},{\"@type\":\"WebSite\",\"@id\":\"https:\\\/\\\/monatglobal.com\\\/lt\\\/#website\",\"url\":\"https:\\\/\\\/monatglobal.com\\\/lt\\\/\",\"name\":\"MONAT Lithuania\",\"inLanguage\":\"lt-LT\",\"publisher\":{\"@id\":\"https:\\\/\\\/monatglobal.com\\\/lt\\\/#organization\"}}]}\n\t\t<\/script>\n\t\t<!-- All in One SEO Pro -->\r\n\t\t<title>Prisijunkite prie MONAT dabar | Atraskite MONAT<\/title>\n\n","aioseo_head_json":{"title":"Prisijunkite prie MONAT dabar | Atraskite MONAT","description":"Atraskite MONAT ir prad\u0117kite savo kelion\u0119 \u0161iandien! Nesvarbu, ar norite u\u017esidirbti i\u0161 savo gro\u017eio rutinos kaip MP partneris, ar m\u0117gautis i\u0161skirtin\u0117mis privilegijomis kaip VIP klientas, ar apsipirkti kaip Ma\u017emenin\u0117s prekybos klientas \u2013 prad\u0117ti lengva.","canonical_url":"https:\/\/monatglobal.com\/lt\/join\/","robots":"max-image-preview:large","keywords":"","webmasterTools":{"miscellaneous":""},"schema":{"@context":"https:\/\/schema.org","@graph":[{"@type":"BreadcrumbList","@id":"https:\/\/monatglobal.com\/lt\/join\/#breadcrumblist","itemListElement":[{"@type":"ListItem","@id":"https:\/\/monatglobal.com\/lt#listItem","position":1,"name":"Home","item":"https:\/\/monatglobal.com\/lt","nextItem":{"@type":"ListItem","@id":"https:\/\/monatglobal.com\/lt\/join\/#listItem","name":"Prisijunkite prie MONAT dabar | Atraskite MONAT"}},{"@type":"ListItem","@id":"https:\/\/monatglobal.com\/lt\/join\/#listItem","position":2,"name":"Prisijunkite prie MONAT dabar | Atraskite MONAT","previousItem":{"@type":"ListItem","@id":"https:\/\/monatglobal.com\/lt#listItem","name":"Home"}}]},{"@type":"Organization","@id":"https:\/\/monatglobal.com\/lt\/#organization","name":"MONAT Lithuania","url":"https:\/\/monatglobal.com\/lt\/"},{"@type":"WebPage","@id":"https:\/\/monatglobal.com\/lt\/join\/#webpage","url":"https:\/\/monatglobal.com\/lt\/join\/","name":"Prisijunkite prie MONAT dabar | Atraskite MONAT","description":"Atraskite MONAT ir prad\u0117kite savo kelion\u0119 \u0161iandien! Nesvarbu, ar norite u\u017esidirbti i\u0161 savo gro\u017eio rutinos kaip MP partneris, ar m\u0117gautis i\u0161skirtin\u0117mis privilegijomis kaip VIP klientas, ar apsipirkti kaip Ma\u017emenin\u0117s prekybos klientas \u2013 prad\u0117ti lengva.","inLanguage":"lt-LT","isPartOf":{"@id":"https:\/\/monatglobal.com\/lt\/#website"},"breadcrumb":{"@id":"https:\/\/monatglobal.com\/lt\/join\/#breadcrumblist"},"image":{"@type":"ImageObject","url":"https:\/\/monatglobal.com\/lt\/wp-content\/uploads\/sites\/11\/2025\/02\/LT_FT_IMG-min.jpg","@id":"https:\/\/monatglobal.com\/lt\/join\/#mainImage","width":1200,"height":628},"primaryImageOfPage":{"@id":"https:\/\/monatglobal.com\/lt\/join\/#mainImage"},"datePublished":"2023-09-27T15:30:59+01:00","dateModified":"2026-03-19T20:40:31+00:00"},{"@type":"WebSite","@id":"https:\/\/monatglobal.com\/lt\/#website","url":"https:\/\/monatglobal.com\/lt\/","name":"MONAT Lithuania","inLanguage":"lt-LT","publisher":{"@id":"https:\/\/monatglobal.com\/lt\/#organization"}}]},"og:locale":"lt_LT","og:site_name":"MONAT Lithuania -","og:type":"article","og:title":"Prisijunkite prie MONAT dabar | Atraskite MONAT","og:description":"Atraskite MONAT ir prad\u0117kite savo kelion\u0119 \u0161iandien! Nesvarbu, ar norite u\u017esidirbti i\u0161 savo gro\u017eio rutinos kaip MP partneris, ar m\u0117gautis i\u0161skirtin\u0117mis privilegijomis kaip VIP klientas, ar apsipirkti kaip Ma\u017emenin\u0117s prekybos klientas \u2013 prad\u0117ti lengva.","og:url":"https:\/\/monatglobal.com\/lt\/join\/","article:published_time":"2023-09-27T14:30:59+00:00","article:modified_time":"2026-03-19T20:40:31+00:00","twitter:card":"summary_large_image","twitter:title":"Prisijunkite prie MONAT dabar | Atraskite MONAT","twitter:description":"Atraskite MONAT ir prad\u0117kite savo kelion\u0119 \u0161iandien! Nesvarbu, ar norite u\u017esidirbti i\u0161 savo gro\u017eio rutinos kaip MP partneris, ar m\u0117gautis i\u0161skirtin\u0117mis privilegijomis kaip VIP klientas, ar apsipirkti kaip Ma\u017emenin\u0117s prekybos klientas \u2013 prad\u0117ti lengva."},"aioseo_meta_data":{"post_id":"76140","title":"Prisijunkite prie MONAT dabar | Atraskite MONAT","description":"Atraskite MONAT ir prad\u0117kite savo kelion\u0119 \u0161iandien! Nesvarbu, ar norite u\u017esidirbti i\u0161 savo gro\u017eio rutinos kaip MP partneris, ar m\u0117gautis i\u0161skirtin\u0117mis privilegijomis kaip VIP klientas, ar apsipirkti kaip Ma\u017emenin\u0117s prekybos klientas \u2013 prad\u0117ti lengva.","keywords":null,"keyphrases":{"focus":{"keyphrase":"","score":0,"analysis":{"keyphraseInTitle":{"score":0,"maxScore":9,"error":1}}},"additional":[]},"primary_term":null,"canonical_url":null,"og_title":null,"og_description":null,"og_object_type":"default","og_image_type":"default","og_image_url":null,"og_image_width":null,"og_image_height":null,"og_image_custom_url":null,"og_image_custom_fields":null,"og_video":"","og_custom_url":null,"og_article_section":null,"og_article_tags":null,"twitter_use_og":false,"twitter_card":"default","twitter_image_type":"default","twitter_image_url":null,"twitter_image_custom_url":null,"twitter_image_custom_fields":null,"twitter_title":null,"twitter_description":null,"schema":{"blockGraphs":[],"customGraphs":[],"default":{"data":{"Article":[],"Course":[],"Dataset":[],"FAQPage":[],"Movie":[],"Person":[],"Product":[],"ProductReview":[],"Car":[],"Recipe":[],"Service":[],"SoftwareApplication":[],"WebPage":[]},"graphName":"WebPage","isEnabled":true},"graphs":[]},"schema_type":"default","schema_type_options":null,"pillar_content":false,"robots_default":true,"robots_noindex":false,"robots_noarchive":false,"robots_nosnippet":false,"robots_nofollow":false,"robots_noimageindex":false,"robots_noodp":false,"robots_notranslate":false,"robots_max_snippet":"-1","robots_max_videopreview":"-1","robots_max_imagepreview":"large","priority":null,"frequency":"default","local_seo":null,"seo_analyzer_scan_date":"2026-03-19 20:40:48","breadcrumb_settings":null,"limit_modified_date":false,"reviewed_by":null,"open_ai":null,"ai":null,"created":"2023-09-27 14:41:00","updated":"2026-03-19 20:42:52"},"aioseo_breadcrumb":"<div class=\"aioseo-breadcrumbs\"><span class=\"aioseo-breadcrumb\">\n\t<a href=\"https:\/\/monatglobal.com\/lt\" title=\"Home\">Home<\/a>\n<\/span><span class=\"aioseo-breadcrumb-separator\">&raquo;<\/span><span class=\"aioseo-breadcrumb\">\n\tPrisijunkite prie MONAT dabar | Atraskite MONAT\n<\/span><\/div>","aioseo_breadcrumb_json":[{"label":"Home","link":"https:\/\/monatglobal.com\/lt"},{"label":"Prisijunkite prie MONAT dabar | Atraskite MONAT","link":"https:\/\/monatglobal.com\/lt\/join\/"}],"_links":{"self":[{"href":"https:\/\/monatglobal.com\/lt\/wp-json\/wp\/v2\/pages\/76140","targetHints":{"allow":["GET"]}}],"collection":[{"href":"https:\/\/monatglobal.com\/lt\/wp-json\/wp\/v2\/pages"}],"about":[{"href":"https:\/\/monatglobal.com\/lt\/wp-json\/wp\/v2\/types\/page"}],"author":[{"embeddable":true,"href":"https:\/\/monatglobal.com\/lt\/wp-json\/wp\/v2\/users\/31"}],"replies":[{"embeddable":true,"href":"https:\/\/monatglobal.com\/lt\/wp-json\/wp\/v2\/comments?post=76140"}],"version-history":[{"count":13,"href":"https:\/\/monatglobal.com\/lt\/wp-json\/wp\/v2\/pages\/76140\/revisions"}],"predecessor-version":[{"id":109310,"href":"https:\/\/monatglobal.com\/lt\/wp-json\/wp\/v2\/pages\/76140\/revisions\/109310"}],"wp:featuredmedia":[{"embeddable":true,"href":"https:\/\/monatglobal.com\/lt\/wp-json\/wp\/v2\/media\/86393"}],"wp:attachment":[{"href":"https:\/\/monatglobal.com\/lt\/wp-json\/wp\/v2\/media?parent=76140"}],"wp:term":[{"taxonomy":"category","embeddable":true,"href":"https:\/\/monatglobal.com\/lt\/wp-json\/wp\/v2\/categories?post=76140"},{"taxonomy":"post_tag","embeddable":true,"href":"https:\/\/monatglobal.com\/lt\/wp-json\/wp\/v2\/tags?post=76140"}],"curies":[{"name":"wp","href":"https:\/\/api.w.org\/{rel}","templated":true}]}}