{"id":75920,"date":"2023-01-12T16:38:19","date_gmt":"2023-01-12T16:38:19","guid":{"rendered":"https:\/\/monatglobal.com\/lt\/?page_id=75920"},"modified":"2023-02-10T13:24:35","modified_gmt":"2023-02-10T13:24:35","slug":"masterclass","status":"publish","type":"page","link":"https:\/\/monatglobal.com\/lt\/masterclass\/","title":{"rendered":"MONAT Masterclass"},"content":{"rendered":"\n<img decoding=\"async\" src=\"https:\/\/monatglobal.com\/wp-content\/uploads\/2023\/01\/the-phd-Masterclass_logo.svg\" alt=\"Masterclass logo\">\n            <a href=\"\/lt?page_id=75920#masterclass_form\">Prenumeruoti Dabar!<\/a>\n                <h2>Mokykit\u0117s i\u0161 \u201eMONAT&#8221; geriausi\u0173!<\/h2>\n                <h3>Si\u016blome jums pab\u016bti viename kambaryje su ekspertais! \u201eMarket Partner&#8221;, kurie yra savo amato meistrai, dalijasi savo \u017einiomis ir \u012fg\u016bd\u017eiais m\u016bs\u0173 naujoje pasaulin\u0117je \u201eMasterclass&#8221; serijoje!<\/h3>\n                <p>\u0160ioje unikalioje serijoje \u012fgysite svarbi\u0173 profesini\u0173 \u017eini\u0173, kurios pad\u0117s pakelti j\u016bs\u0173 versl\u0105 \u012f kit\u0105 lyg\u012f.<\/p>\n                <img decoding=\"async\" src=\"https:\/\/monatglobal.com\/wp-content\/uploads\/2023\/01\/mp-enrollments.svg\">\n                <p>\tPadidinkite u\u017esiregistruojan\u010di\u0173 \u201eMarket Partner&#8221; skai\u010di\u0173<\/p>\n                <img decoding=\"async\" src=\"https:\/\/monatglobal.com\/wp-content\/uploads\/2023\/01\/vip-enrollments.svg\">\n                <p>\tPl\u0117skite VIP \u012fsigijim\u0105<\/p>\n                <img decoding=\"async\" src=\"https:\/\/monatglobal.com\/wp-content\/uploads\/2023\/01\/ticket.svg\">\n                <p>\tPagerinkite savo \u201eMONAT&#8221; renginius<\/p>\n                <img decoding=\"async\" src=\"https:\/\/monatglobal.com\/wp-content\/uploads\/2023\/01\/strategy.svg\">\n                <p>\tI\u0161siai\u0161kinkite savo tikslus ir sukurkite strategin\u012f veiksm\u0173 plan\u0105 <\/p>\n                <img decoding=\"async\" src=\"https:\/\/monatglobal.com\/wp-content\/uploads\/2023\/01\/empower.svg\">\n                <p>\tSustiprinkite pasitik\u0117jim\u0105 savimi<\/p>\n            <p>Kas dvi savaites \u201eMarket Partner Academy&#8221; bus rengiami nauji MasterClass u\u017esi\u0117mimai.<\/p>\n                <h2>Prenumeruokite DABAR ir gaukite i\u0161skirtini\u0173 profesionali\u0173 patarim\u0173.<\/h2>\n    <h2>Prenumeruoti Dabar!<\/h2>\n    <script type=\"text\/javascript\">var gform;gform||(document.addEventListener(\"gform_main_scripts_loaded\",function(){gform.scriptsLoaded=!0}),window.addEventListener(\"DOMContentLoaded\",function(){gform.domLoaded=!0}),gform={domLoaded:!1,scriptsLoaded:!1,initializeOnLoaded:function(o){gform.domLoaded&&gform.scriptsLoaded?o():!gform.domLoaded&&gform.scriptsLoaded?window.addEventListener(\"DOMContentLoaded\",o):document.addEventListener(\"gform_main_scripts_loaded\",o)},hooks:{action:{},filter:{}},addAction:function(o,n,r,t){gform.addHook(\"action\",o,n,r,t)},addFilter:function(o,n,r,t){gform.addHook(\"filter\",o,n,r,t)},doAction:function(o){gform.doHook(\"action\",o,arguments)},applyFilters:function(o){return gform.doHook(\"filter\",o,arguments)},removeAction:function(o,n){gform.removeHook(\"action\",o,n)},removeFilter:function(o,n,r){gform.removeHook(\"filter\",o,n,r)},addHook:function(o,n,r,t,i){null==gform.hooks[o][n]&&(gform.hooks[o][n]=[]);var e=gform.hooks[o][n];null==i&&(i=n+\"_\"+e.length),gform.hooks[o][n].push({tag:i,callable:r,priority:t=null==t?10:t})},doHook:function(n,o,r){var t;if(r=Array.prototype.slice.call(r,1),null!=gform.hooks[n][o]&&((o=gform.hooks[n][o]).sort(function(o,n){return o.priority-n.priority}),o.forEach(function(o){\"function\"!=typeof(t=o.callable)&&(t=window[t]),\"action\"==n?t.apply(null,r):r[0]=t.apply(null,r)})),\"filter\"==n)return r[0]},removeHook:function(o,n,t,i){var r;null!=gform.hooks[o][n]&&(r=(r=gform.hooks[o][n]).filter(function(o,n,r){return!!(null!=i&&i!=o.tag||null!=t&&t!=o.priority)}),gform.hooks[o][n]=r)}});<\/script>\n                <div class='gf_browser_gecko gform_wrapper gravity-theme' id='gform_wrapper_4' >\n                        <div class='gform_heading'>\n                            <span class='gform_description'><\/span>\n                        <\/div><form method='post' enctype='multipart\/form-data'  id='gform_4'  action='\/lt\/wp-json\/wp\/v2\/pages\/75920' novalidate>\n                        <div class='gform_body gform-body'><div id='gform_fields_4' class='gform_fields top_label form_sublabel_below description_below'><fieldset id=\"field_4_1\"  class=\"gfield field_sublabel_hidden_label field_description_below gfield_visibility_visible\"  data-js-reload=\"field_4_1\"><legend class='gfield_label gfield_label_before_complex'  >Vardas<\/legend><div class='ginput_complex ginput_container no_prefix has_first_name no_middle_name has_last_name no_suffix gf_name_has_2 ginput_container_name' id='input_4_1'>\n                            \n                            <span id='input_4_1_3_container' class='name_first' >\n                                                    <input type='text' name='input_1.3' id='input_4_1_3' value=''   aria-required='false'   placeholder='Vardas'  \/>\n                                                    <label for='input_4_1_3' class='hidden_sub_label screen-reader-text'>First<\/label>\n                                                <\/span>\n                            \n                            <span id='input_4_1_6_container' class='name_last' >\n                                                    <input type='text' name='input_1.6' id='input_4_1_6' value=''   aria-required='false'   placeholder='Pavard\u0117'  \/>\n                                                    <label for='input_4_1_6' class='hidden_sub_label screen-reader-text'>Last<\/label>\n                                                <\/span>\n                            \n                        <\/div><\/fieldset><div id=\"field_4_3\"  class=\"gfield gfield--width-half gfield_contains_required field_sublabel_below field_description_below gfield_visibility_visible\"  data-js-reload=\"field_4_3\"><label class='gfield_label' for='input_4_3' >\u201eMP\u201c #<span class=\"gfield_required\"><span class=\"gfield_required gfield_required_text\">(Required)<\/span><\/span><\/label><div class='ginput_container ginput_container_number'><input name='input_3' id='input_4_3' type='number' step='any'   value='' class='large'    placeholder='\u201eMP\u201c #' aria-required=\"true\" aria-invalid=\"false\"  \/><\/div><\/div><div id=\"field_4_5\"  class=\"gfield gfield--width-half gfield_contains_required field_sublabel_below field_description_below gfield_visibility_visible\"  data-js-reload=\"field_4_5\"><label class='gfield_label' for='input_4_5' >\u201eMP\u201c el. pa\u0161tas<span class=\"gfield_required\"><span class=\"gfield_required gfield_required_text\">(Required)<\/span><\/span><\/label><div class='ginput_container ginput_container_email'>\n                            <input name='input_5' id='input_4_5' type='email' value='' class='large'   placeholder='J\u016bs\u0173 elektroninio pa\u0161to adresas' aria-required=\"true\" aria-invalid=\"false\"  \/>\n                        <\/div><\/div><\/div><\/div>\n        <div class='gform_footer top_label'> <input type='submit' id='gform_submit_button_4' class='gform_button button' value='Pateikti'  onclick='if(window[\"gf_submitting_4\"]){return false;}  if( !jQuery(\"#gform_4\")[0].checkValidity || jQuery(\"#gform_4\")[0].checkValidity()){window[\"gf_submitting_4\"]=true;}  ' onkeypress='if( event.keyCode == 13 ){ if(window[\"gf_submitting_4\"]){return false;} if( !jQuery(\"#gform_4\")[0].checkValidity || jQuery(\"#gform_4\")[0].checkValidity()){window[\"gf_submitting_4\"]=true;}  jQuery(\"#gform_4\").trigger(\"submit\",[true]); }' \/> \n            <input type='hidden' class='gform_hidden' name='is_submit_4' value='1' \/>\n            <input type='hidden' class='gform_hidden' name='gform_submit' value='4' \/>\n            \n            <input type='hidden' class='gform_hidden' name='gform_unique_id' value='' \/>\n            <input type='hidden' class='gform_hidden' name='state_4' value='WyJbXSIsImNhMjEwMGY5ZWZmOGM1MzhmNDJlZGNlODkwOGRmYzEwIl0=' \/>\n            <input type='hidden' class='gform_hidden' name='gform_target_page_number_4' id='gform_target_page_number_4' value='0' \/>\n            <input type='hidden' class='gform_hidden' name='gform_source_page_number_4' id='gform_source_page_number_4' value='1' \/>\n            <input type='hidden' name='gform_field_values' value='' \/>\n            \n        <\/div>\n                        <\/form>\n                        <\/div>\n    <!--botar aqui la forma-->\n    <img decoding=\"async\" alt=\"Masterclass logo\" src=\"https:\/\/monatglobal.com\/wp-content\/uploads\/2023\/01\/phd-masterclass-dark-logo.svg\">\n","protected":false},"excerpt":{"rendered":"<p>Prenumeruoti Dabar! Mokykit\u0117s i\u0161 \u201eMONAT&#8221; geriausi\u0173! Si\u016blome jums pab\u016bti viename kambaryje su ekspertais! \u201eMarket Partner&#8221;, kurie yra savo amato meistrai, dalijasi savo \u017einiomis ir \u012fg\u016bd\u017eiais m\u016bs\u0173 naujoje pasaulin\u0117je \u201eMasterclass&#8221; serijoje! \u0160ioje unikalioje serijoje \u012fgysite svarbi\u0173 profesini\u0173 \u017eini\u0173, kurios pad\u0117s pakelti j\u016bs\u0173 versl\u0105 \u012f kit\u0105 lyg\u012f. Padidinkite u\u017esiregistruojan\u010di\u0173 \u201eMarket Partner&#8221; skai\u010di\u0173 Pl\u0117skite VIP \u012fsigijim\u0105 Pagerinkite savo&hellip;<\/p>\n","protected":false},"author":31,"featured_media":75980,"parent":0,"menu_order":0,"comment_status":"closed","ping_status":"closed","template":"","meta":{"inline_featured_image":false,"om_disable_all_campaigns":false,"_monsterinsights_skip_tracking":false,"_monsterinsights_sitenote_active":false,"_monsterinsights_sitenote_note":"","_monsterinsights_sitenote_category":0,"footnotes":""},"categories":[],"tags":[],"class_list":["post-75920","page","type-page","status-publish","has-post-thumbnail","hentry"],"aioseo_notices":[],"aioseo_head":"\n\t\t<!-- All in One SEO Pro 4.9.5.2 - aioseo.com -->\n\t<meta name=\"description\" content=\"Prenumeruoti Dabar! Mokykit\u0117s i\u0161 \u201eMONAT&quot; geriausi\u0173! Si\u016blome jums pab\u016bti viename kambaryje su ekspertais! \u201eMarket Partner&quot;, kurie yra savo amato meistrai, dalijasi savo \u017einiomis ir \u012fg\u016bd\u017eiais m\u016bs\u0173 naujoje pasaulin\u0117je \u201eMasterclass&quot; serijoje! \u0160ioje unikalioje serijoje \u012fgysite svarbi\u0173 profesini\u0173 \u017eini\u0173, kurios pad\u0117s pakelti j\u016bs\u0173 versl\u0105 \u012f kit\u0105 lyg\u012f. Padidinkite u\u017esiregistruojan\u010di\u0173 \u201eMarket Partner&quot; skai\u010di\u0173 Pl\u0117skite VIP \u012fsigijim\u0105 Pagerinkite savo\" \/>\n\t<meta name=\"robots\" content=\"max-image-preview:large\" \/>\n\t<link rel=\"canonical\" href=\"https:\/\/monatglobal.com\/lt\/masterclass\/\" \/>\n\t<meta name=\"generator\" content=\"All in One SEO Pro (AIOSEO) 4.9.5.2\" \/>\n\t\t<meta property=\"og:locale\" content=\"lt_LT\" \/>\n\t\t<meta property=\"og:site_name\" content=\"MONAT Lithuania -\" \/>\n\t\t<meta property=\"og:type\" content=\"article\" \/>\n\t\t<meta property=\"og:title\" content=\"MONAT Masterclass - MONAT Lithuania\" \/>\n\t\t<meta property=\"og:description\" content=\"Prenumeruoti Dabar! Mokykit\u0117s i\u0161 \u201eMONAT&quot; geriausi\u0173! Si\u016blome jums pab\u016bti viename kambaryje su ekspertais! \u201eMarket Partner&quot;, kurie yra savo amato meistrai, dalijasi savo \u017einiomis ir \u012fg\u016bd\u017eiais m\u016bs\u0173 naujoje pasaulin\u0117je \u201eMasterclass&quot; serijoje! \u0160ioje unikalioje serijoje \u012fgysite svarbi\u0173 profesini\u0173 \u017eini\u0173, kurios pad\u0117s pakelti j\u016bs\u0173 versl\u0105 \u012f kit\u0105 lyg\u012f. Padidinkite u\u017esiregistruojan\u010di\u0173 \u201eMarket Partner&quot; skai\u010di\u0173 Pl\u0117skite VIP \u012fsigijim\u0105 Pagerinkite savo\" \/>\n\t\t<meta property=\"og:url\" content=\"https:\/\/monatglobal.com\/lt\/masterclass\/\" \/>\n\t\t<meta property=\"article:published_time\" content=\"2023-01-12T16:38:19+00:00\" \/>\n\t\t<meta property=\"article:modified_time\" content=\"2023-02-10T13:24:35+00:00\" \/>\n\t\t<meta name=\"twitter:card\" content=\"summary_large_image\" \/>\n\t\t<meta name=\"twitter:title\" content=\"MONAT Masterclass - MONAT Lithuania\" \/>\n\t\t<meta name=\"twitter:description\" content=\"Prenumeruoti Dabar! Mokykit\u0117s i\u0161 \u201eMONAT&quot; geriausi\u0173! Si\u016blome jums pab\u016bti viename kambaryje su ekspertais! \u201eMarket Partner&quot;, kurie yra savo amato meistrai, dalijasi savo \u017einiomis ir \u012fg\u016bd\u017eiais m\u016bs\u0173 naujoje pasaulin\u0117je \u201eMasterclass&quot; serijoje! \u0160ioje unikalioje serijoje \u012fgysite svarbi\u0173 profesini\u0173 \u017eini\u0173, kurios pad\u0117s pakelti j\u016bs\u0173 versl\u0105 \u012f kit\u0105 lyg\u012f. Padidinkite u\u017esiregistruojan\u010di\u0173 \u201eMarket Partner&quot; skai\u010di\u0173 Pl\u0117skite VIP \u012fsigijim\u0105 Pagerinkite savo\" \/>\n\t\t<script type=\"application\/ld+json\" class=\"aioseo-schema\">\n\t\t\t{\"@context\":\"https:\\\/\\\/schema.org\",\"@graph\":[{\"@type\":\"BreadcrumbList\",\"@id\":\"https:\\\/\\\/monatglobal.com\\\/lt\\\/masterclass\\\/#breadcrumblist\",\"itemListElement\":[{\"@type\":\"ListItem\",\"@id\":\"https:\\\/\\\/monatglobal.com\\\/lt#listItem\",\"position\":1,\"name\":\"Home\",\"item\":\"https:\\\/\\\/monatglobal.com\\\/lt\",\"nextItem\":{\"@type\":\"ListItem\",\"@id\":\"https:\\\/\\\/monatglobal.com\\\/lt\\\/masterclass\\\/#listItem\",\"name\":\"MONAT Masterclass\"}},{\"@type\":\"ListItem\",\"@id\":\"https:\\\/\\\/monatglobal.com\\\/lt\\\/masterclass\\\/#listItem\",\"position\":2,\"name\":\"MONAT Masterclass\",\"previousItem\":{\"@type\":\"ListItem\",\"@id\":\"https:\\\/\\\/monatglobal.com\\\/lt#listItem\",\"name\":\"Home\"}}]},{\"@type\":\"Organization\",\"@id\":\"https:\\\/\\\/monatglobal.com\\\/lt\\\/#organization\",\"name\":\"MONAT Lithuania\",\"url\":\"https:\\\/\\\/monatglobal.com\\\/lt\\\/\"},{\"@type\":\"WebPage\",\"@id\":\"https:\\\/\\\/monatglobal.com\\\/lt\\\/masterclass\\\/#webpage\",\"url\":\"https:\\\/\\\/monatglobal.com\\\/lt\\\/masterclass\\\/\",\"name\":\"MONAT Masterclass - MONAT Lithuania\",\"description\":\"Prenumeruoti Dabar! Mokykit\\u0117s i\\u0161 \\u201eMONAT\\\" geriausi\\u0173! Si\\u016blome jums pab\\u016bti viename kambaryje su ekspertais! \\u201eMarket Partner\\\", kurie yra savo amato meistrai, dalijasi savo \\u017einiomis ir \\u012fg\\u016bd\\u017eiais m\\u016bs\\u0173 naujoje pasaulin\\u0117je \\u201eMasterclass\\\" serijoje! \\u0160ioje unikalioje serijoje \\u012fgysite svarbi\\u0173 profesini\\u0173 \\u017eini\\u0173, kurios pad\\u0117s pakelti j\\u016bs\\u0173 versl\\u0105 \\u012f kit\\u0105 lyg\\u012f. Padidinkite u\\u017esiregistruojan\\u010di\\u0173 \\u201eMarket Partner\\\" skai\\u010di\\u0173 Pl\\u0117skite VIP \\u012fsigijim\\u0105 Pagerinkite savo\",\"inLanguage\":\"lt-LT\",\"isPartOf\":{\"@id\":\"https:\\\/\\\/monatglobal.com\\\/lt\\\/#website\"},\"breadcrumb\":{\"@id\":\"https:\\\/\\\/monatglobal.com\\\/lt\\\/masterclass\\\/#breadcrumblist\"},\"image\":{\"@type\":\"ImageObject\",\"url\":\"https:\\\/\\\/monatglobal.com\\\/lt\\\/wp-content\\\/uploads\\\/sites\\\/11\\\/2023\\\/01\\\/masterclass-banner-mobile-min.jpg\",\"@id\":\"https:\\\/\\\/monatglobal.com\\\/lt\\\/masterclass\\\/#mainImage\",\"width\":800,\"height\":602},\"primaryImageOfPage\":{\"@id\":\"https:\\\/\\\/monatglobal.com\\\/lt\\\/masterclass\\\/#mainImage\"},\"datePublished\":\"2023-01-12T16:38:19+00:00\",\"dateModified\":\"2023-02-10T13:24:35+00:00\"},{\"@type\":\"WebSite\",\"@id\":\"https:\\\/\\\/monatglobal.com\\\/lt\\\/#website\",\"url\":\"https:\\\/\\\/monatglobal.com\\\/lt\\\/\",\"name\":\"MONAT Lithuania\",\"inLanguage\":\"lt-LT\",\"publisher\":{\"@id\":\"https:\\\/\\\/monatglobal.com\\\/lt\\\/#organization\"}}]}\n\t\t<\/script>\n\t\t<!-- All in One SEO Pro -->\r\n\t\t<title>MONAT Masterclass - MONAT Lithuania<\/title>\n\n","aioseo_head_json":{"title":"MONAT Masterclass - MONAT Lithuania","description":"Prenumeruoti Dabar! Mokykit\u0117s i\u0161 \u201eMONAT\" geriausi\u0173! Si\u016blome jums pab\u016bti viename kambaryje su ekspertais! \u201eMarket Partner\", kurie yra savo amato meistrai, dalijasi savo \u017einiomis ir \u012fg\u016bd\u017eiais m\u016bs\u0173 naujoje pasaulin\u0117je \u201eMasterclass\" serijoje! \u0160ioje unikalioje serijoje \u012fgysite svarbi\u0173 profesini\u0173 \u017eini\u0173, kurios pad\u0117s pakelti j\u016bs\u0173 versl\u0105 \u012f kit\u0105 lyg\u012f. Padidinkite u\u017esiregistruojan\u010di\u0173 \u201eMarket Partner\" skai\u010di\u0173 Pl\u0117skite VIP \u012fsigijim\u0105 Pagerinkite savo","canonical_url":"https:\/\/monatglobal.com\/lt\/masterclass\/","robots":"max-image-preview:large","keywords":"","webmasterTools":{"miscellaneous":""},"schema":{"@context":"https:\/\/schema.org","@graph":[{"@type":"BreadcrumbList","@id":"https:\/\/monatglobal.com\/lt\/masterclass\/#breadcrumblist","itemListElement":[{"@type":"ListItem","@id":"https:\/\/monatglobal.com\/lt#listItem","position":1,"name":"Home","item":"https:\/\/monatglobal.com\/lt","nextItem":{"@type":"ListItem","@id":"https:\/\/monatglobal.com\/lt\/masterclass\/#listItem","name":"MONAT Masterclass"}},{"@type":"ListItem","@id":"https:\/\/monatglobal.com\/lt\/masterclass\/#listItem","position":2,"name":"MONAT Masterclass","previousItem":{"@type":"ListItem","@id":"https:\/\/monatglobal.com\/lt#listItem","name":"Home"}}]},{"@type":"Organization","@id":"https:\/\/monatglobal.com\/lt\/#organization","name":"MONAT Lithuania","url":"https:\/\/monatglobal.com\/lt\/"},{"@type":"WebPage","@id":"https:\/\/monatglobal.com\/lt\/masterclass\/#webpage","url":"https:\/\/monatglobal.com\/lt\/masterclass\/","name":"MONAT Masterclass - MONAT Lithuania","description":"Prenumeruoti Dabar! Mokykit\u0117s i\u0161 \u201eMONAT\" geriausi\u0173! Si\u016blome jums pab\u016bti viename kambaryje su ekspertais! \u201eMarket Partner\", kurie yra savo amato meistrai, dalijasi savo \u017einiomis ir \u012fg\u016bd\u017eiais m\u016bs\u0173 naujoje pasaulin\u0117je \u201eMasterclass\" serijoje! \u0160ioje unikalioje serijoje \u012fgysite svarbi\u0173 profesini\u0173 \u017eini\u0173, kurios pad\u0117s pakelti j\u016bs\u0173 versl\u0105 \u012f kit\u0105 lyg\u012f. Padidinkite u\u017esiregistruojan\u010di\u0173 \u201eMarket Partner\" skai\u010di\u0173 Pl\u0117skite VIP \u012fsigijim\u0105 Pagerinkite savo","inLanguage":"lt-LT","isPartOf":{"@id":"https:\/\/monatglobal.com\/lt\/#website"},"breadcrumb":{"@id":"https:\/\/monatglobal.com\/lt\/masterclass\/#breadcrumblist"},"image":{"@type":"ImageObject","url":"https:\/\/monatglobal.com\/lt\/wp-content\/uploads\/sites\/11\/2023\/01\/masterclass-banner-mobile-min.jpg","@id":"https:\/\/monatglobal.com\/lt\/masterclass\/#mainImage","width":800,"height":602},"primaryImageOfPage":{"@id":"https:\/\/monatglobal.com\/lt\/masterclass\/#mainImage"},"datePublished":"2023-01-12T16:38:19+00:00","dateModified":"2023-02-10T13:24:35+00:00"},{"@type":"WebSite","@id":"https:\/\/monatglobal.com\/lt\/#website","url":"https:\/\/monatglobal.com\/lt\/","name":"MONAT Lithuania","inLanguage":"lt-LT","publisher":{"@id":"https:\/\/monatglobal.com\/lt\/#organization"}}]},"og:locale":"lt_LT","og:site_name":"MONAT Lithuania -","og:type":"article","og:title":"MONAT Masterclass - MONAT Lithuania","og:description":"Prenumeruoti Dabar! Mokykit\u0117s i\u0161 \u201eMONAT&quot; geriausi\u0173! Si\u016blome jums pab\u016bti viename kambaryje su ekspertais! \u201eMarket Partner&quot;, kurie yra savo amato meistrai, dalijasi savo \u017einiomis ir \u012fg\u016bd\u017eiais m\u016bs\u0173 naujoje pasaulin\u0117je \u201eMasterclass&quot; serijoje! \u0160ioje unikalioje serijoje \u012fgysite svarbi\u0173 profesini\u0173 \u017eini\u0173, kurios pad\u0117s pakelti j\u016bs\u0173 versl\u0105 \u012f kit\u0105 lyg\u012f. Padidinkite u\u017esiregistruojan\u010di\u0173 \u201eMarket Partner&quot; skai\u010di\u0173 Pl\u0117skite VIP \u012fsigijim\u0105 Pagerinkite savo","og:url":"https:\/\/monatglobal.com\/lt\/masterclass\/","article:published_time":"2023-01-12T16:38:19+00:00","article:modified_time":"2023-02-10T13:24:35+00:00","twitter:card":"summary_large_image","twitter:title":"MONAT Masterclass - MONAT Lithuania","twitter:description":"Prenumeruoti Dabar! Mokykit\u0117s i\u0161 \u201eMONAT&quot; geriausi\u0173! Si\u016blome jums pab\u016bti viename kambaryje su ekspertais! \u201eMarket Partner&quot;, kurie yra savo amato meistrai, dalijasi savo \u017einiomis ir \u012fg\u016bd\u017eiais m\u016bs\u0173 naujoje pasaulin\u0117je \u201eMasterclass&quot; serijoje! \u0160ioje unikalioje serijoje \u012fgysite svarbi\u0173 profesini\u0173 \u017eini\u0173, kurios pad\u0117s pakelti j\u016bs\u0173 versl\u0105 \u012f kit\u0105 lyg\u012f. Padidinkite u\u017esiregistruojan\u010di\u0173 \u201eMarket Partner&quot; skai\u010di\u0173 Pl\u0117skite VIP \u012fsigijim\u0105 Pagerinkite savo"},"aioseo_meta_data":{"post_id":"75920","title":null,"description":null,"keywords":null,"keyphrases":null,"primary_term":null,"canonical_url":null,"og_title":null,"og_description":null,"og_object_type":"default","og_image_type":"default","og_image_url":null,"og_image_width":null,"og_image_height":null,"og_image_custom_url":null,"og_image_custom_fields":null,"og_video":null,"og_custom_url":null,"og_article_section":null,"og_article_tags":null,"twitter_use_og":false,"twitter_card":"default","twitter_image_type":"default","twitter_image_url":null,"twitter_image_custom_url":null,"twitter_image_custom_fields":null,"twitter_title":null,"twitter_description":null,"schema":{"blockGraphs":[],"customGraphs":[],"default":{"data":{"Article":[],"Course":[],"Dataset":[],"FAQPage":[],"Movie":[],"Person":[],"Product":[],"ProductReview":[],"Car":[],"Recipe":[],"Service":[],"SoftwareApplication":[],"WebPage":[]},"graphName":"","isEnabled":true},"graphs":[]},"schema_type":"default","schema_type_options":null,"pillar_content":false,"robots_default":true,"robots_noindex":false,"robots_noarchive":false,"robots_nosnippet":false,"robots_nofollow":false,"robots_noimageindex":false,"robots_noodp":false,"robots_notranslate":false,"robots_max_snippet":null,"robots_max_videopreview":null,"robots_max_imagepreview":"large","priority":null,"frequency":null,"local_seo":null,"seo_analyzer_scan_date":"2025-08-15 02:23:50","breadcrumb_settings":null,"limit_modified_date":false,"reviewed_by":null,"open_ai":null,"ai":null,"created":"2023-07-26 19:34:16","updated":"2025-08-15 02:23:50"},"aioseo_breadcrumb":"<div class=\"aioseo-breadcrumbs\"><span class=\"aioseo-breadcrumb\">\n\t<a href=\"https:\/\/monatglobal.com\/lt\" title=\"Home\">Home<\/a>\n<\/span><span class=\"aioseo-breadcrumb-separator\">&raquo;<\/span><span class=\"aioseo-breadcrumb\">\n\tMONAT Masterclass\n<\/span><\/div>","aioseo_breadcrumb_json":[{"label":"Home","link":"https:\/\/monatglobal.com\/lt"},{"label":"MONAT Masterclass","link":"https:\/\/monatglobal.com\/lt\/masterclass\/"}],"_links":{"self":[{"href":"https:\/\/monatglobal.com\/lt\/wp-json\/wp\/v2\/pages\/75920","targetHints":{"allow":["GET"]}}],"collection":[{"href":"https:\/\/monatglobal.com\/lt\/wp-json\/wp\/v2\/pages"}],"about":[{"href":"https:\/\/monatglobal.com\/lt\/wp-json\/wp\/v2\/types\/page"}],"author":[{"embeddable":true,"href":"https:\/\/monatglobal.com\/lt\/wp-json\/wp\/v2\/users\/31"}],"replies":[{"embeddable":true,"href":"https:\/\/monatglobal.com\/lt\/wp-json\/wp\/v2\/comments?post=75920"}],"version-history":[{"count":15,"href":"https:\/\/monatglobal.com\/lt\/wp-json\/wp\/v2\/pages\/75920\/revisions"}],"predecessor-version":[{"id":76052,"href":"https:\/\/monatglobal.com\/lt\/wp-json\/wp\/v2\/pages\/75920\/revisions\/76052"}],"wp:featuredmedia":[{"embeddable":true,"href":"https:\/\/monatglobal.com\/lt\/wp-json\/wp\/v2\/media\/75980"}],"wp:attachment":[{"href":"https:\/\/monatglobal.com\/lt\/wp-json\/wp\/v2\/media?parent=75920"}],"wp:term":[{"taxonomy":"category","embeddable":true,"href":"https:\/\/monatglobal.com\/lt\/wp-json\/wp\/v2\/categories?post=75920"},{"taxonomy":"post_tag","embeddable":true,"href":"https:\/\/monatglobal.com\/lt\/wp-json\/wp\/v2\/tags?post=75920"}],"curies":[{"name":"wp","href":"https:\/\/api.w.org\/{rel}","templated":true}]}}