{"id":75911,"date":"2023-05-19T09:00:00","date_gmt":"2023-05-19T08:00:00","guid":{"rendered":"https:\/\/monatglobal.com\/lt\/?page_id=75911"},"modified":"2026-02-20T18:43:36","modified_gmt":"2026-02-20T18:43:36","slug":"control-hairspray","status":"publish","type":"page","link":"https:\/\/monatglobal.com\/lt\/control-hairspray\/","title":{"rendered":"\u201eMONAT STUDIO ONE\u2122\u201c Lanks\u010dios fiksacijos plauk\u0173 lakas"},"content":{"rendered":"\n<link rel=\"stylesheet\" href=\"https:\/\/unpkg.com\/swiper\/swiper-bundle.min.css\">\n<link rel=\"stylesheet\" href=\"\/wp-content\/creative_css\/product_styles_sheet.css\"> \n   <!--==================================================== ECOMM SECTION ====================================================--> \n   <p>BESTSELERIAI<\/p>\n      <!--==================================================== Ecomm image ====================================================-->\n      <img decoding=\"async\" src=\"\/nz\/wp-content\/uploads\/sites\/15\/2022\/10\/Flex-control-hairspray-e_comm.png\" alt=\"Product shot of MONAT STUDIO ONE\u2122 Flex Control Hairspray.\" loading=\"lazy\">\n      <!--==================================================== Ecomm information  ====================================================-->\n          NAUJIENA\n          <p>BESTSELERIAI<\/p>\n         <p>MONAT STUDIO ONE\u2122<\/p>\n         <h1>Lanks\u010dios fiksacijos\u2122<br>plauk\u0173 lakas<\/h1>\n         \n         <p>Lengvos ir vidutin\u0117s fiksacijos plauk\u0173 lakas, kuris nepriekai\u0161tingai u\u017ebaigia bet kok\u012f&nbsp;stili\u0173.<\/p>\n         <p>Net Wt. 227g \/8 oz. \u212e 236 ml\/8 fl. oz.<\/p>\n       <!--==================================================== pricing box  ====================================================-->   \n         <p>Ma\u017emenin\u0117 kaina<br>00.00 \u20ac<\/p>\n         <p>VIP kliento kaina<br>00.00 \u20ac<\/p>\n        <!--==================================================== pricing box  ====================================================--> \n         <p>Nor\u0117dami su\u017einoti daugiau apie \u201eMONAT STUDIO ONE\u2122&#8221; Lanks\u010dios fiksacijos\u2122 plauk\u0173 lakas, pasikalb\u0117kite su savo \u201eMONAT Market&nbsp;Partner&#8221;.<\/p>\n          <a href=\"\" target=\"_blank\" role=\"button\" aria-label=\"\" rel=\"noopener\"><\/a>\n   <!--==================================================== \/ECOMM SECTION  ====================================================-->\n   <!--==================================================== Benefits image ====================================================-->\n   \n      <source media=\"(max-width: 700px)\" srcset=\"\/nz\/wp-content\/uploads\/sites\/15\/2022\/10\/Flex-control-hairspray-benefits-mobile.jpg\" loading=\"lazy\">\n      <img decoding=\"async\" alt=\"\tBrunette female smiling while holding MONAT STUDIO ONE\u2122 Flex Control Hairspray.\" src=\"\/nz\/wp-content\/uploads\/sites\/15\/2022\/10\/Flex-control-hairspray-benefits-desk.jpg\" loading=\"lazy\">\n   \n   <!--==================================================== Benefits text ====================================================-->\n         <h2>PRIVALUMAI<\/h2>\n         <h3>Kad plaukus b\u016bt\u0173 malonu liesti ir \u0161ukuoti. Sud\u0117tyje yra REJUVENIQE<sup>\u00ae<\/sup>, kuris padeda puosel\u0117ti plaukus ir kartu suteikia jiems&nbsp;tvirtumo.<\/h3>\n         <p>Sud\u0117tyje naudojama \u017eem\u0119 tausojanti sistema, padedanti u\u017etikrinti itin ma\u017e\u0105 poveik\u012f visuotiniam&nbsp;at\u0161ilimui.<\/p>\n         <!--==================================================== features image  ====================================================-->\n         <img decoding=\"async\" alt=\"MONAT STUDIO ONE\u2122 Flex Control Hairspray laying on a flat surface, next to different ingredients.\" src=\"\/nz\/wp-content\/uploads\/sites\/15\/2022\/10\/Flex-control-hair-spray-features.jpg\" loading=\"lazy\">\n      <!--==================================================== features text ====================================================-->\n            <h3>Ypatyb\u0117s<\/h3>\n               <p>\/ Universalus, lengvas ir lengvai&nbsp;formuojamas<\/p>\n               <p>\/ I\u0161laiko stili\u0173 ir fiksacij\u0105 esant dideliam&nbsp;dr\u0117gnumui*<\/p>\n               <p>\/ Lanksti fiksacija, net kai&nbsp;\u0161ukuojama<\/p>\n               <p>\/ Lengvai ir vidutini\u0161kai fiksuojantis&nbsp;pur\u0161kiklis<\/p>\n               <p>\/ Greitai d\u017ei\u016bstanti, smulki pur\u0161kiama&nbsp;dulksna<\/p>\n               <p>*Pagal instrumentin\u012f&nbsp;bandym\u0105.<\/p>\n               <br>\n            <p>Kvapas \/ Gaivus g\u0117li\u0173 aromatas su citrusini\u0173 vaisi\u0173 ir \u017eoleli\u0173 natomis, \u012fskaitant jazminus, citrinas, neroli ir \u017eali\u0105j\u0105&nbsp;arbat\u0105.<\/p>\n            <p> Tekst\u016bra \/ Pur\u0161kiama&nbsp;dulksna<\/p>\n   <!--==================================================== composition image mobile ====================================================-->\n   <img decoding=\"async\" alt=\"MONAT STUDIO ONE\u2122 Flex Control Hairspray laying on a stone, next to greenery and ingredients.\" src=\"\/nz\/wp-content\/uploads\/sites\/15\/2022\/10\/Flex-control-hair-spray-comp1.jpg\" loading=\"lazy\">\n   <!--==================================================== Why it works text ====================================================-->\n      <h2>Lengvos ir vidutin\u0117s fiksacijos plauk\u0173 lakas, tobulai u\u017ebaigiantis&nbsp;\u0161ukuosen\u0105.<\/h2>\n      <h3>\u0160is universalus, lengvas u\u017ebaigiamasis pur\u0161kiklis suteikia elasting\u0105 fiksacij\u0105 ir nepalieka joki\u0173 matom\u0173&nbsp;liku\u010di\u0173.<\/h3>\n      <p>Sud\u0117tyje yra REJUVENIQE<sup>\u00ae<\/sup>, kuris padeda puosel\u0117ti plaukus, kad jie atrodyt\u0173 ir jaust\u0173si&nbsp;sveiki.<\/p>\n<!--==================================================== Composition section ====================================================-->\n      <img decoding=\"async\" alt=\"MONAT STUDIO ONE\u2122 Flex Control Hairspray laying on a stone, next to greenery and ingredients.\" src=\"\/nz\/wp-content\/uploads\/sites\/15\/2022\/10\/Flex-control-hair-spray-comp1.jpg\" loading=\"lazy\">\n      <img decoding=\"async\" alt=\"Brunette female smiling and holding MONAT STUDIO ONE\u2122 Flex Control Hairspray.\" src=\"\/nz\/wp-content\/uploads\/sites\/15\/2022\/10\/Flex-control-hairspray-comp3.jpg\" loading=\"lazy\">\n            <!--==================================================== Directions text ====================================================--> \n               <h3>Naudojimas<\/h3>\n               <p>\/ Laikykite 20-30 cm atstumu nuo plauk\u0173 ir purk\u0161kite pagal&nbsp;poreik\u012f.<\/p>\n               <p>\u0160ukuosenos formavimo patarimas: purk\u0161kite ant saus\u0173 plauk\u0173 skland\u017eiais judesiais, kad i\u0161laikytum\u0117te plaukus tiesius, banguotus ar&nbsp;garbanotus.<\/p>\n            <!--==================================================== Directions video ====================================================-->\n      <p>Damage Repair <br>Bond-Fortifying Hair Leave-In Cr\u00e8me  <br>1:28<\/p>\n      <a href=\"\" target=\"_blank\" role=\"button\" aria-label=\"\" rel=\"noopener\"><\/a>\n   <!--==================================================== Ingredients section  ====================================================-->\n      <h2>PAGRINDINIAI INGREDIENTAI<\/h2>\n               <p>\u201eREJUVENIQE<sup>\u00ae<\/sup>&#8222;<\/p>\n               <p>&#8222;CAPIXYL<sup>\u2122<\/sup>&#8222;<\/p>\n               <p>\u017dirni\u0173 ekstraktas<\/p>\n               <p>Apsauga nuo UV spinduli\u0173<\/p>\n        <button id=\"myBtn\" type=\"button\">SUDEDAM\u0172J\u0172 DALI\u0172 S\u0104RA\u0160AS<\/button>\n      <!--==================================================== Modal content  ====================================================-->\n         \u00d7\n         <p>Tetrafluoropropene, Alcohol Denat., Heptyl Undecylenate, Diheptyl Succinate, Capryloyl Glycerin\/Sebacic Acid Copolymer, Picea Mariana Bark Extract, Pisum Sativum (Pea) Extract, Vitis Vinifera (Grape) Seed Oil, Prunus Amygdalus Dulcis (Sweet Almond) Oil, Argania Spinosa Kernel Oil, Limnanthes Alba (Meadowfoam) Seed Oil, Crambe Abyssinica Seed Oil, Camellia Oleifera Seed Oil, Solanum Lycopersicum (Tomato) Seed Oil, Daucus Carota Sativa (Carrot) Seed Oil, Citrus Limon (Lemon) Peel Oil, Citrus Aurantifolia (Lime) Oil, Citrus Aurantium Bergamia (Bergamot) Fruit Oil, Adansonia Digitata Oil, Mauritia Flexuosa Fruit Oil, Cocos Nucifera (Coconut) Oil, Gardenia Taitensis Flower Extract, Moringa Oleifera Seed Oil, Caryocar Brasiliense Fruit Oil, Helianthus Annuus (Sunflower) Seed Oil, Olea Europaea (Olive) Fruit Oil, Simmondsia Chinensis (Jojoba) Seed Extract, Glycerin, Aqua\/Water\/Eau, Fragrance\/Parfum, Benzyl Benzoate, Cinnamyl Alcohol, Citronellol, Limonene, Geraniol, Hexyl Cinnamal, Hydroxycitronellal, Linalool.<\/p>\n   <!--==================================================== You might also like section ====================================================-->\n      <h2>JUMS TAIP PAT GALI&nbsp;PATIKTI<\/h2>\n      <!--==================================================== Slider YOU MIGHT ALSO LIKE ====================================================-->\n      <!---->\n      <!--   -->\n            <!--==================================================== Slides products ====================================================-->\n      <!--      -->\n      <!--         <a href=\"\/lt\/blow-out-cream\/\" aria-label=\"Go to \u201eMONAT STUDIO ONE\u2122\" kremas d\u017eiovinimui page\">-->\n      <!--            <img decoding=\"async\" src=\"\/wp-content\/uploads\/2022\/06\/blow-out-cream-e-comm.png\" alt=\"\u201eMONAT STUDIO ONE\u2122\" kremas d\u017eiovinimui\" loading=\"lazy\"\/>-->\n      <!--            <p>\u201eMONAT STUDIO ONE\u2122\"<br \/>kremas d\u017eiovinimui<\/p>-->\n      <!--         <\/a>-->\n      <!--      -->\n      <!--   -->\n         <!--==================================================== If we need navigation buttons  ====================================================-->\n      <!--   -->\n      <!--   -->\n         <!--==================================================== If we need paginations  ====================================================-->\n      <!--   -->\n      <!---->\n         <!--==================================================== If we need navigation buttons  ====================================================-->\n         <!--==================================================== If we need paginations  ====================================================-->\n    <a href=\"\" aria-label=\"\"><\/a>\n<!--==================================================== this link has to go last for it to work   ====================================================-->\n","protected":false},"excerpt":{"rendered":"<p>BESTSELERIAI NAUJIENA BESTSELERIAI MONAT STUDIO ONE\u2122 Lanks\u010dios fiksacijos\u2122plauk\u0173 lakas Lengvos ir vidutin\u0117s fiksacijos plauk\u0173 lakas, kuris nepriekai\u0161tingai u\u017ebaigia bet kok\u012f&nbsp;stili\u0173. Net Wt. 227g \/8 oz. \u212e 236 ml\/8 fl. oz. Ma\u017emenin\u0117 kaina00.00 \u20ac VIP kliento kaina00.00 \u20ac Nor\u0117dami su\u017einoti daugiau apie \u201eMONAT STUDIO ONE\u2122&#8221; Lanks\u010dios fiksacijos\u2122 plauk\u0173 lakas, pasikalb\u0117kite su savo \u201eMONAT Market&nbsp;Partner&#8221;. PRIVALUMAI Kad&hellip;<\/p>\n","protected":false},"author":31,"featured_media":109209,"parent":0,"menu_order":0,"comment_status":"closed","ping_status":"closed","template":"","meta":{"inline_featured_image":false,"om_disable_all_campaigns":false,"_monsterinsights_skip_tracking":false,"_monsterinsights_sitenote_active":false,"_monsterinsights_sitenote_note":"","_monsterinsights_sitenote_category":0,"footnotes":""},"categories":[32],"tags":[],"class_list":["post-75911","page","type-page","status-publish","has-post-thumbnail","hentry","category-product-lt"],"aioseo_notices":[],"aioseo_head":"\n\t\t<!-- All in One SEO Pro 4.9.6 - aioseo.com -->\n\t<meta name=\"description\" content=\"BESTSELERIAI --&gt;\" \/>\n\t<meta name=\"robots\" content=\"max-image-preview:large\" \/>\n\t<link rel=\"canonical\" href=\"https:\/\/monatglobal.com\/lt\/control-hairspray\/\" \/>\n\t<meta name=\"generator\" content=\"All in One SEO Pro (AIOSEO) 4.9.6\" \/>\n\t\t<meta property=\"og:locale\" content=\"lt_LT\" \/>\n\t\t<meta property=\"og:site_name\" content=\"MONAT Lithuania -\" \/>\n\t\t<meta property=\"og:type\" content=\"article\" \/>\n\t\t<meta property=\"og:title\" content=\"\u201eMONAT STUDIO ONE\u2122\u201c Lanks\u010dios fiksacijos plauk\u0173 lakas - MONAT Lithuania\" \/>\n\t\t<meta property=\"og:description\" content=\"BESTSELERIAI --&gt;\" \/>\n\t\t<meta property=\"og:url\" content=\"https:\/\/monatglobal.com\/lt\/control-hairspray\/\" \/>\n\t\t<meta property=\"article:published_time\" content=\"2023-05-19T08:00:00+00:00\" \/>\n\t\t<meta property=\"article:modified_time\" content=\"2026-02-20T18:43:36+00:00\" \/>\n\t\t<meta name=\"twitter:card\" content=\"summary_large_image\" \/>\n\t\t<meta name=\"twitter:title\" content=\"\u201eMONAT STUDIO ONE\u2122\u201c Lanks\u010dios fiksacijos plauk\u0173 lakas - MONAT Lithuania\" \/>\n\t\t<meta name=\"twitter:description\" content=\"BESTSELERIAI --&gt;\" \/>\n\t\t<script type=\"application\/ld+json\" class=\"aioseo-schema\">\n\t\t\t{\"@context\":\"https:\\\/\\\/schema.org\",\"@graph\":[{\"@type\":\"BreadcrumbList\",\"@id\":\"https:\\\/\\\/monatglobal.com\\\/lt\\\/control-hairspray\\\/#breadcrumblist\",\"itemListElement\":[{\"@type\":\"ListItem\",\"@id\":\"https:\\\/\\\/monatglobal.com\\\/lt#listItem\",\"position\":1,\"name\":\"Home\",\"item\":\"https:\\\/\\\/monatglobal.com\\\/lt\",\"nextItem\":{\"@type\":\"ListItem\",\"@id\":\"https:\\\/\\\/monatglobal.com\\\/lt\\\/control-hairspray\\\/#listItem\",\"name\":\"\\u201eMONAT STUDIO ONE\\u2122\\u201c Lanks\\u010dios fiksacijos plauk\\u0173 lakas\"}},{\"@type\":\"ListItem\",\"@id\":\"https:\\\/\\\/monatglobal.com\\\/lt\\\/control-hairspray\\\/#listItem\",\"position\":2,\"name\":\"\\u201eMONAT STUDIO ONE\\u2122\\u201c Lanks\\u010dios fiksacijos plauk\\u0173 lakas\",\"previousItem\":{\"@type\":\"ListItem\",\"@id\":\"https:\\\/\\\/monatglobal.com\\\/lt#listItem\",\"name\":\"Home\"}}]},{\"@type\":\"Organization\",\"@id\":\"https:\\\/\\\/monatglobal.com\\\/lt\\\/#organization\",\"name\":\"MONAT Lithuania\",\"url\":\"https:\\\/\\\/monatglobal.com\\\/lt\\\/\"},{\"@type\":\"WebPage\",\"@id\":\"https:\\\/\\\/monatglobal.com\\\/lt\\\/control-hairspray\\\/#webpage\",\"url\":\"https:\\\/\\\/monatglobal.com\\\/lt\\\/control-hairspray\\\/\",\"name\":\"\\u201eMONAT STUDIO ONE\\u2122\\u201c Lanks\\u010dios fiksacijos plauk\\u0173 lakas - MONAT Lithuania\",\"description\":\"BESTSELERIAI -->\",\"inLanguage\":\"lt-LT\",\"isPartOf\":{\"@id\":\"https:\\\/\\\/monatglobal.com\\\/lt\\\/#website\"},\"breadcrumb\":{\"@id\":\"https:\\\/\\\/monatglobal.com\\\/lt\\\/control-hairspray\\\/#breadcrumblist\"},\"image\":{\"@type\":\"ImageObject\",\"url\":\"https:\\\/\\\/monatglobal.com\\\/lt\\\/wp-content\\\/uploads\\\/sites\\\/11\\\/2026\\\/02\\\/Flex-control-hairspray-e_comm-min.png\",\"@id\":\"https:\\\/\\\/monatglobal.com\\\/lt\\\/control-hairspray\\\/#mainImage\",\"width\":641,\"height\":800},\"primaryImageOfPage\":{\"@id\":\"https:\\\/\\\/monatglobal.com\\\/lt\\\/control-hairspray\\\/#mainImage\"},\"datePublished\":\"2023-05-19T09:00:00+01:00\",\"dateModified\":\"2026-02-20T18:43:36+00:00\"},{\"@type\":\"WebSite\",\"@id\":\"https:\\\/\\\/monatglobal.com\\\/lt\\\/#website\",\"url\":\"https:\\\/\\\/monatglobal.com\\\/lt\\\/\",\"name\":\"MONAT Lithuania\",\"inLanguage\":\"lt-LT\",\"publisher\":{\"@id\":\"https:\\\/\\\/monatglobal.com\\\/lt\\\/#organization\"}}]}\n\t\t<\/script>\n\t\t<!-- All in One SEO Pro -->\r\n\t\t<title>\u201eMONAT STUDIO ONE\u2122\u201c Lanks\u010dios fiksacijos plauk\u0173 lakas - MONAT Lithuania<\/title>\n\n","aioseo_head_json":{"title":"\u201eMONAT STUDIO ONE\u2122\u201c Lanks\u010dios fiksacijos plauk\u0173 lakas - MONAT Lithuania","description":"BESTSELERIAI -->","canonical_url":"https:\/\/monatglobal.com\/lt\/control-hairspray\/","robots":"max-image-preview:large","keywords":"","webmasterTools":{"miscellaneous":""},"schema":{"@context":"https:\/\/schema.org","@graph":[{"@type":"BreadcrumbList","@id":"https:\/\/monatglobal.com\/lt\/control-hairspray\/#breadcrumblist","itemListElement":[{"@type":"ListItem","@id":"https:\/\/monatglobal.com\/lt#listItem","position":1,"name":"Home","item":"https:\/\/monatglobal.com\/lt","nextItem":{"@type":"ListItem","@id":"https:\/\/monatglobal.com\/lt\/control-hairspray\/#listItem","name":"\u201eMONAT STUDIO ONE\u2122\u201c Lanks\u010dios fiksacijos plauk\u0173 lakas"}},{"@type":"ListItem","@id":"https:\/\/monatglobal.com\/lt\/control-hairspray\/#listItem","position":2,"name":"\u201eMONAT STUDIO ONE\u2122\u201c Lanks\u010dios fiksacijos plauk\u0173 lakas","previousItem":{"@type":"ListItem","@id":"https:\/\/monatglobal.com\/lt#listItem","name":"Home"}}]},{"@type":"Organization","@id":"https:\/\/monatglobal.com\/lt\/#organization","name":"MONAT Lithuania","url":"https:\/\/monatglobal.com\/lt\/"},{"@type":"WebPage","@id":"https:\/\/monatglobal.com\/lt\/control-hairspray\/#webpage","url":"https:\/\/monatglobal.com\/lt\/control-hairspray\/","name":"\u201eMONAT STUDIO ONE\u2122\u201c Lanks\u010dios fiksacijos plauk\u0173 lakas - MONAT Lithuania","description":"BESTSELERIAI -->","inLanguage":"lt-LT","isPartOf":{"@id":"https:\/\/monatglobal.com\/lt\/#website"},"breadcrumb":{"@id":"https:\/\/monatglobal.com\/lt\/control-hairspray\/#breadcrumblist"},"image":{"@type":"ImageObject","url":"https:\/\/monatglobal.com\/lt\/wp-content\/uploads\/sites\/11\/2026\/02\/Flex-control-hairspray-e_comm-min.png","@id":"https:\/\/monatglobal.com\/lt\/control-hairspray\/#mainImage","width":641,"height":800},"primaryImageOfPage":{"@id":"https:\/\/monatglobal.com\/lt\/control-hairspray\/#mainImage"},"datePublished":"2023-05-19T09:00:00+01:00","dateModified":"2026-02-20T18:43:36+00:00"},{"@type":"WebSite","@id":"https:\/\/monatglobal.com\/lt\/#website","url":"https:\/\/monatglobal.com\/lt\/","name":"MONAT Lithuania","inLanguage":"lt-LT","publisher":{"@id":"https:\/\/monatglobal.com\/lt\/#organization"}}]},"og:locale":"lt_LT","og:site_name":"MONAT Lithuania -","og:type":"article","og:title":"\u201eMONAT STUDIO ONE\u2122\u201c Lanks\u010dios fiksacijos plauk\u0173 lakas - MONAT Lithuania","og:description":"BESTSELERIAI --&gt;","og:url":"https:\/\/monatglobal.com\/lt\/control-hairspray\/","article:published_time":"2023-05-19T08:00:00+00:00","article:modified_time":"2026-02-20T18:43:36+00:00","twitter:card":"summary_large_image","twitter:title":"\u201eMONAT STUDIO ONE\u2122\u201c Lanks\u010dios fiksacijos plauk\u0173 lakas - MONAT Lithuania","twitter:description":"BESTSELERIAI --&gt;"},"aioseo_meta_data":{"post_id":"75911","title":null,"description":null,"keywords":null,"keyphrases":{"focus":{"keyphrase":"","score":0,"analysis":{"keyphraseInTitle":{"score":0,"maxScore":9,"error":1}}},"additional":[]},"primary_term":null,"canonical_url":null,"og_title":null,"og_description":null,"og_object_type":"default","og_image_type":"default","og_image_url":null,"og_image_width":null,"og_image_height":null,"og_image_custom_url":null,"og_image_custom_fields":null,"og_video":"","og_custom_url":null,"og_article_section":null,"og_article_tags":null,"twitter_use_og":false,"twitter_card":"default","twitter_image_type":"default","twitter_image_url":null,"twitter_image_custom_url":null,"twitter_image_custom_fields":null,"twitter_title":null,"twitter_description":null,"schema":{"blockGraphs":[],"customGraphs":[],"default":{"data":{"Article":[],"Course":[],"Dataset":[],"FAQPage":[],"Movie":[],"Person":[],"Product":[],"ProductReview":[],"Car":[],"Recipe":[],"Service":[],"SoftwareApplication":[],"WebPage":[]},"graphName":"WebPage","isEnabled":true},"graphs":[]},"schema_type":"default","schema_type_options":null,"pillar_content":false,"robots_default":true,"robots_noindex":false,"robots_noarchive":false,"robots_nosnippet":false,"robots_nofollow":false,"robots_noimageindex":false,"robots_noodp":false,"robots_notranslate":false,"robots_max_snippet":"-1","robots_max_videopreview":"-1","robots_max_imagepreview":"large","priority":null,"frequency":"default","local_seo":null,"seo_analyzer_scan_date":"2026-02-20 18:58:58","breadcrumb_settings":null,"limit_modified_date":false,"reviewed_by":"0","open_ai":null,"ai":{"faqs":[],"keyPoints":[],"titles":[],"descriptions":[],"socialPosts":{"email":[],"linkedin":[],"twitter":[],"facebook":[],"instagram":[]}},"created":"2023-07-26 19:35:02","updated":"2026-02-20 18:58:58"},"aioseo_breadcrumb":"<div class=\"aioseo-breadcrumbs\"><span class=\"aioseo-breadcrumb\">\n\t<a href=\"https:\/\/monatglobal.com\/lt\" title=\"Home\">Home<\/a>\n<\/span><span class=\"aioseo-breadcrumb-separator\">&raquo;<\/span><span class=\"aioseo-breadcrumb\">\n\t\u201eMONAT STUDIO ONE\u2122\u201c Lanks\u010dios fiksacijos plauk\u0173 lakas\n<\/span><\/div>","aioseo_breadcrumb_json":[{"label":"Home","link":"https:\/\/monatglobal.com\/lt"},{"label":"\u201eMONAT STUDIO ONE\u2122\u201c Lanks\u010dios fiksacijos plauk\u0173 lakas","link":"https:\/\/monatglobal.com\/lt\/control-hairspray\/"}],"_links":{"self":[{"href":"https:\/\/monatglobal.com\/lt\/wp-json\/wp\/v2\/pages\/75911","targetHints":{"allow":["GET"]}}],"collection":[{"href":"https:\/\/monatglobal.com\/lt\/wp-json\/wp\/v2\/pages"}],"about":[{"href":"https:\/\/monatglobal.com\/lt\/wp-json\/wp\/v2\/types\/page"}],"author":[{"embeddable":true,"href":"https:\/\/monatglobal.com\/lt\/wp-json\/wp\/v2\/users\/31"}],"replies":[{"embeddable":true,"href":"https:\/\/monatglobal.com\/lt\/wp-json\/wp\/v2\/comments?post=75911"}],"version-history":[{"count":34,"href":"https:\/\/monatglobal.com\/lt\/wp-json\/wp\/v2\/pages\/75911\/revisions"}],"predecessor-version":[{"id":109211,"href":"https:\/\/monatglobal.com\/lt\/wp-json\/wp\/v2\/pages\/75911\/revisions\/109211"}],"wp:featuredmedia":[{"embeddable":true,"href":"https:\/\/monatglobal.com\/lt\/wp-json\/wp\/v2\/media\/109209"}],"wp:attachment":[{"href":"https:\/\/monatglobal.com\/lt\/wp-json\/wp\/v2\/media?parent=75911"}],"wp:term":[{"taxonomy":"category","embeddable":true,"href":"https:\/\/monatglobal.com\/lt\/wp-json\/wp\/v2\/categories?post=75911"},{"taxonomy":"post_tag","embeddable":true,"href":"https:\/\/monatglobal.com\/lt\/wp-json\/wp\/v2\/tags?post=75911"}],"curies":[{"name":"wp","href":"https:\/\/api.w.org\/{rel}","templated":true}]}}