{"id":75675,"date":"2022-12-09T23:45:34","date_gmt":"2022-12-09T23:45:34","guid":{"rendered":"https:\/\/monatglobal.com\/lt\/?page_id=75675"},"modified":"2026-02-20T20:54:02","modified_gmt":"2026-02-20T20:54:02","slug":"volumizing-revive-shampoo","status":"publish","type":"page","link":"https:\/\/monatglobal.com\/lt\/volumizing-revive-shampoo\/","title":{"rendered":"Apimties suteikiantis \u201eRevive\u2122\u201c \u0161amp\u016bnas\u00a0"},"content":{"rendered":"\n<link rel=\"stylesheet\" href=\"https:\/\/unpkg.com\/swiper\/swiper-bundle.min.css\">\n<link rel=\"stylesheet\" href=\"https:\/\/monatglobal.com\/wp-content\/creative_css\/product_styles_sheet.css\"> \n   <!--==================================================== ECOMM SECTION ====================================================-->\n   <p>BESTSELERIAI<\/p>\n      <!--==================================================== Ecomm image ====================================================-->\n      <img decoding=\"async\" src=\"https:\/\/monatglobal.com\/nz\/wp-content\/uploads\/sites\/15\/2022\/10\/volumizing-revive-shampoo-ecomm.jpg\" alt=\"Product shot of Volumizing Revive Shampoo.\" loading=\"lazy\">\n      <!--==================================================== Ecomm information  ====================================================-->\n         \n         <p>BESTSELERIAI<\/p>\n         <h1>Apimties suteikiantis<br>\u201eRevive\u2122&#8221; \u0161amp\u016bnas<\/h1>\n         <p>Praturtintas \u201eREJUVENIQE<sup>\u00ae<\/sup>&#8222;<\/p>\n         <p>Lengvos tekst\u016bros \u0161amp\u016bnas, suteikiantis apimties ploniems, prigludusiems&nbsp;plaukams.<\/p>\n         <p>237 ml \u212e 8.0 fl. oz.<\/p>\n         <!--==================================================== pricing box ====================================================-->\n         <p>Ma\u017emenin\u0117 kaina<br>00.00 \u20ac<\/p>\n         <p>VIP kliento kaina<br>00.00 \u20ac<\/p>\n         <!--==================================================== pricing box ====================================================-->\n         <p>Nor\u0117dami su\u017einoti daugiau apie Apimties suteikiantis \u201eRevive\u2122&#8221; \u0161amp\u016bnas, pasikalb\u0117kite su savo \u201eMONAT Market&nbsp;Partner&#8221;.<\/p>\n          <a href=\"\" target=\"_blank\" role=\"button\" aria-label=\"\" rel=\"noopener\"><\/a>\n   <!--==================================================== \/ECOMM SECTION  ====================================================-->\n   <!--==================================================== Benefits image ====================================================-->\n   \n      <source media=\"(max-width: 700px)\" srcset=\"https:\/\/monatglobal.com\/nz\/wp-content\/uploads\/sites\/15\/2022\/10\/volumizing-revive-shampoo-benefits-mobile.jpg\" loading=\"lazy\">\n      <img decoding=\"async\" alt=\"Brunette female smiling and holding the Volumizing Revive Shampoo against her face.\" src=\"https:\/\/monatglobal.com\/nz\/wp-content\/uploads\/sites\/15\/2022\/10\/volumizing-revive-shampoo-benefits.jpg\" loading=\"lazy\">\n   \n   <!--==================================================== Benefits text ====================================================-->\n         <h2>PRIVALUMAI<\/h2>\n         <h3>Pa\u0161alina ne\u0161varumus, riebalus ir produkt\u0173 liku\u010dius, suteikia ploniems, lygiems plaukams apimties, \u0161velnumo ir&nbsp;blizgesio.<\/h3>\n         <p>I\u0161laiko plaukus tinkamai sudr\u0117kintus, stiprina juos ir apsaugo nuo l\u016b\u017ein\u0117jimo \u0161ukuojant. Tinka vis\u0173 tip\u0173 plonos ir vidutin\u0117s tekst\u016bros plaukams, kuriems reikia pak\u0117limo ir didesn\u0117s&nbsp;apimties.<\/p>\n         <!--==================================================== features image  ====================================================-->\n         <img decoding=\"async\" alt=\"Volumizing Revive Shampoo laying on a flat surface, along with ingredients such as emon slices, coconut pieces, tomatoes, carrots and oil.\" src=\"https:\/\/monatglobal.com\/nz\/wp-content\/uploads\/sites\/15\/2022\/10\/volumizing-revive-shampoo-features.jpg\" loading=\"lazy\">\n      <!--==================================================== features text ====================================================-->\n            <h3>Ypatyb\u0117s<\/h3>\n               <p>\/ Praturtintas \u201eREJUVENIQE<sup>\u00ae<\/sup>&#8222;<\/p>\n               <p>\/ Apimties suteikianti formul\u0117, praturtinta&nbsp;\u201eCAPIXYL\u2122&#8221;<\/p>\n               <p>*Based on instrumental tests by a third-party&nbsp;laboratory. <\/p>\n               <br>\n            <p>Kvapas \/ \u017doleli\u0173 ir g\u0117li\u0173 aromato derinys su jazmin\u0173, citrin\u0173, neroli aliejaus ir \u017ealiosios arbatos&nbsp;natomis.<\/p>\n            <p> Tekst\u016bra \/ Kremas<\/p>\n   <!--==================================================== composition image mobile ====================================================-->\n   <img decoding=\"async\" alt=\"Volumizing Revive Shampoo and Volumizing Revitalize Conditioner laying on a flat marble surface.\" src=\"https:\/\/monatglobal.com\/nz\/wp-content\/uploads\/sites\/15\/2022\/10\/Volumizing-Revive-Shampoo-standalone.jpg\" loading=\"lazy\">\n   <!--==================================================== Why it works text ====================================================-->\n      <h2>Padidina plauk\u0173 apimt\u012f, \u0161velnum\u0105 ir&nbsp;blizges\u012f<\/h2>\n      <h3>Jo sud\u0117tyje yra \u201eREJUVENIQE<sup>\u00ae<\/sup>&#8222;, \u017eirni\u0173 ekstrakto ir vegani\u0161kos apsaugos nuo UV spinduli\u0173, kurios pakelia ir suteikia daugiau apimties ploniems, prigludusiems&nbsp;plaukams.<\/h3>\n      <p>Designed for medium to thick hair delivers our exclusive REJUVENIQE<sup>\u00ae<\/sup> oil blend, omega-fatty acids, and pea extract for healthier-looking&nbsp;strands. <\/p>\n<!--==================================================== Composition section ====================================================-->\n      <img decoding=\"async\" alt=\"Volumizing Revive Shampoo and Volumizing Revitalize Conditioner laying on a flat marble surface.\" src=\"https:\/\/monatglobal.com\/nz\/wp-content\/uploads\/sites\/15\/2022\/10\/Volumizing-Revive-Shampoo-standalone.jpg\" loading=\"lazy\">\n      <img decoding=\"async\" alt=\"Brunette female washing her hair in the shower with Volumizing Revive Shampoo.\" src=\"https:\/\/monatglobal.com\/nz\/wp-content\/uploads\/sites\/15\/2022\/10\/volumizing-revive-shampoo-comp2.jpg\" loading=\"lazy\">\n            <!--==================================================== Directions text ====================================================--> \n               <h3>Naudojimas<\/h3>\n               <p>\/ Paskirstykite \u0161amp\u016bn\u0105 rankose ir tepkite ant dr\u0117gn\u0173&nbsp;plauk\u0173.<\/p>\n               <p>\/ Palikite 2-3&nbsp;minutes.<\/p>\n               <p>\/ Nuplaukite ir pakartokite.<\/p>\n               <p>\/ Optimaliam rezultatui pasiekti naudokite kartu su apimties suteikian\u010diu \u201eRevitalize\u2122&#8221;&nbsp;kondicionieriumi.<\/p>\n            <!--==================================================== Directions video ====================================================-->\n      <p>Damage Repair <br>Bond-Fortifying Hair Leave-In Cr\u00e8me  <br>1:28<\/p>\n      <a href=\"\" target=\"_blank\" role=\"button\" aria-label=\"\" rel=\"noopener\"><\/a>\n   <!--==================================================== Ingredients section  ====================================================-->\n      <h2>PAGRINDINIAI INGREDIENTAI<\/h2>\n               <p>\u201eREJUVENIQE<sup>\u00ae<\/sup>&#8222;<\/p>\n               <p>\u201eCAPIXYL<sup>\u2122<\/sup>&#8222;<\/p>\n               <p>\u017dirni\u0173 ekstraktas<\/p>\n               <p>Vegani\u0161ka apsauga nuo UV&nbsp;spinduli\u0173<\/p>\n        <button id=\"myBtn\" type=\"button\">SUDEDAM\u0172J\u0172 DALI\u0172 S\u0104RA\u0160AS<\/button>\n      <!--==================================================== Modal content  ====================================================-->\n         \u00d7\n         <p>Aqua\/Water\/Eau, Sodium C14-16 Olefin Sulfonate, Sodium Methyl Cocoyl Taurate, Lauramidopropyl Betaine, Sodium Cocoamphoacetate, Acrylates Copolymer, Cinnamidopropyltrimonium Chloride, Sodium Chloride, Hydrolyzed Rice Protein, Polyquaternium-11, Pisum Sativum (Pea) Extract, Acetyl Tetrapeptide-3, Trifolium Pratense (Clover) Flower Extract, Limnanthes Alba (Meadowfoam) Seed Oil, Crambe Abyssinica Seed Oil, Camellia Oleifera Seed Oil, Solanum Lycopersicum (Tomato) Seed Oil, Daucus Carota Sativa (Carrot) Seed Oil, Citrus Limon (Lemon) Peel Oil, Citrus Aurantifolia (Lime) Oil, Citrus Aurantium Bergamia (Bergamot) Fruit Oil, Adansonia Digitata Oil, Mauritia Flexuosa Fruit Oil, Cocos Nucifera (Coconut) Oil, Gardenia Taitensis Flower Extract, Moringa Oleifera Seed Oil, Caryocar Brasiliense Fruit Oil, Helianthus Annuus (Sunflower) Seed Oil, Glycerin, Guar Hydroxypropyltrimonium Chloride, Dextran, Glycol Distearate, Cocamidopropyl Hydroxysultaine, Sodium  Hydroxypropylphosphate Decylglucoside Crosspolymer, Sodium Hydroxypropylphosphate Laurylglucoside Crosspolymer, Lauramide MIPA, Cocamidopropyl Betaine, Propanediol, Stearyldimoniumhydroxypropyl Laurylglucosides Chloride, Propylene Glycol, Butylene Glycol, Coconut Acid, Benzoic Acid, Dehydroacetic Acid, Sodium Benzoate, Caprylhydroxamic Acid, Ethylhexylglycerin, Fragrance\/Parfum, Benzyl Alcohol, Phenoxyethanol, Glyceryl Caprylate, Citric Acid, Potassium Sorbate, Aminomethyl Propanol,  Citronellol, Limonene, Hexyl Cinnamal, Linalool.<\/p>\n   <!--==================================================== You might also like section ====================================================-->\n      <h2>JUMS TAIP PAT GALI&nbsp;PATIKTI<\/h2>\n      <!--==================================================== Slider YOU MIGHT ALSO LIKE ====================================================-->\n      <!---->\n      <!--   -->\n            <!--==================================================== Slides products ====================================================-->\n      <!--      -->\n      <!--         <a href=\"\/lt\/volumizing-revitalize-conditioner\/\" target=\"_blank\" aria-label=\"Go to Apimties suteikiantis \u201eRevitalize\u2122\" kondicionierius rel=\"noopener\">-->\n      <!--            <img decoding=\"async\" src=\"https:\/\/monatglobal.com\/wp-content\/uploads\/2022\/12\/IR-CLINICAL-THICKENING-CONDITIONER_E_comm-min.png\" alt=\"Acondicionador Volumen Revitalize\u2122\" loading=\"lazy\"\/>-->\n      <!--            <p>Apimties suteikiantis<br \/>\u201eRevitalize\u2122\" kondicionierius<\/p>-->\n      <!--         <\/a>-->\n      <!--      -->\n      <!--      -->\n      <!--         <a href=\"\/lt\/volume-spray\/\" target=\"_blank\" aria-label=\"Go to \u201eMONAT STUDIO ONE\u2122\" apimties suteikiantis ir pakeliantis rel=\"noopener\">-->\n      <!--            <img decoding=\"async\" src=\"https:\/\/monatglobal.com\/wp-content\/uploads\/2022\/12\/STUDIO-ONE-VOLUME-LIFT-SPRAY_-ecomm-min.png\" alt=\"\u201eMONAT STUDIO ONE\u2122\" apimties suteikiantis ir pakeliantis pur\u0161kiklis\" loading=\"lazy\"\/>-->\n      <!--            <p>\u201eMONAT STUDIO ONE\u2122\"<br \/>apimties suteikiantis<br \/>ir pakeliantis pur\u0161kiklis<\/p>-->\n      <!--         <\/a>-->\n      <!--      -->\n            <!---->\n            <!--   <a href=\"https:\/\/corp.mymonat.com\/shop\/products\/espray-texturizante-monat-studio-one\/?globallanguage=lt&globalmarket=lt&_gl=1*1ajzpu0*_ga*NjgzMTgwODE4LjE2NjA5NDMxMzU.*_ga_NEVL8VM1F8*MTY3MDYwODAyOC4zMjcuMS4xNjcwNjA4NDc3LjAuMC4w\" target=\"_blank\" aria-label=\"Go to \u201eMONAT STUDIO ONE\u2122\" sausas rel=\"noopener\">-->\n            <!--      <img decoding=\"async\" src=\"https:\/\/monatglobal.com\/wp-content\/uploads\/2022\/12\/Dry-texturizing-spray-E_comm-min.png\" alt=\"\u201eMONAT STUDIO ONE\u2122\" sausas tekst\u016brinis pur\u0161kiklis\"\/>-->\n            <!--      <p>\u201eMONAT STUDIO ONE\u2122\"<br \/>sausas tekst\u016brinis pur\u0161kiklis<\/p>-->\n            <!--   <\/a>-->\n            <!---->\n      <!--   -->\n         <!--==================================================== If we need navigation buttons  ====================================================-->\n      <!--   -->\n      <!--   -->\n         <!--==================================================== If we need paginations  ====================================================-->\n      <!--   -->\n      <!---->\n         <!--==================================================== If we need navigation buttons  ====================================================-->\n         <!--==================================================== If we need paginations  ====================================================-->\n    <a href=\"\" aria-label=\"\"><\/a>\n<!--==================================================== this link has to go last for it to work   ====================================================-->\n","protected":false},"excerpt":{"rendered":"<p>BESTSELERIAI BESTSELERIAI Apimties suteikiantis\u201eRevive\u2122&#8221; \u0161amp\u016bnas Praturtintas \u201eREJUVENIQE\u00ae&#8222; Lengvos tekst\u016bros \u0161amp\u016bnas, suteikiantis apimties ploniems, prigludusiems&nbsp;plaukams. 237 ml \u212e 8.0 fl. oz. Ma\u017emenin\u0117 kaina00.00 \u20ac VIP kliento kaina00.00 \u20ac Nor\u0117dami su\u017einoti daugiau apie Apimties suteikiantis \u201eRevive\u2122&#8221; \u0161amp\u016bnas, pasikalb\u0117kite su savo \u201eMONAT Market&nbsp;Partner&#8221;. PRIVALUMAI Pa\u0161alina ne\u0161varumus, riebalus ir produkt\u0173 liku\u010dius, suteikia ploniems, lygiems plaukams apimties, \u0161velnumo ir&nbsp;blizgesio. I\u0161laiko&hellip;<\/p>\n","protected":false},"author":31,"featured_media":109230,"parent":0,"menu_order":0,"comment_status":"closed","ping_status":"closed","template":"","meta":{"inline_featured_image":false,"om_disable_all_campaigns":false,"_monsterinsights_skip_tracking":false,"_monsterinsights_sitenote_active":false,"_monsterinsights_sitenote_note":"","_monsterinsights_sitenote_category":0,"footnotes":""},"categories":[32],"tags":[],"class_list":["post-75675","page","type-page","status-publish","has-post-thumbnail","hentry","category-product-lt"],"aioseo_notices":[],"aioseo_head":"\n\t\t<!-- All in One SEO Pro 4.9.6 - aioseo.com -->\n\t<meta name=\"description\" content=\"BESTSELERIAI --&gt;\" \/>\n\t<meta name=\"robots\" content=\"max-image-preview:large\" \/>\n\t<link rel=\"canonical\" href=\"https:\/\/monatglobal.com\/lt\/volumizing-revive-shampoo\/\" \/>\n\t<meta name=\"generator\" content=\"All in One SEO Pro (AIOSEO) 4.9.6\" \/>\n\t\t<meta property=\"og:locale\" content=\"lt_LT\" \/>\n\t\t<meta property=\"og:site_name\" content=\"MONAT Lithuania -\" \/>\n\t\t<meta property=\"og:type\" content=\"article\" \/>\n\t\t<meta property=\"og:title\" content=\"Apimties suteikiantis \u201eRevive\u2122\u201c \u0161amp\u016bnas - MONAT Lithuania\" \/>\n\t\t<meta property=\"og:description\" content=\"BESTSELERIAI --&gt;\" \/>\n\t\t<meta property=\"og:url\" content=\"https:\/\/monatglobal.com\/lt\/volumizing-revive-shampoo\/\" \/>\n\t\t<meta property=\"article:published_time\" content=\"2022-12-09T23:45:34+00:00\" \/>\n\t\t<meta property=\"article:modified_time\" content=\"2026-02-20T20:54:02+00:00\" \/>\n\t\t<meta name=\"twitter:card\" content=\"summary_large_image\" \/>\n\t\t<meta name=\"twitter:title\" content=\"Apimties suteikiantis \u201eRevive\u2122\u201c \u0161amp\u016bnas - MONAT Lithuania\" \/>\n\t\t<meta name=\"twitter:description\" content=\"BESTSELERIAI --&gt;\" \/>\n\t\t<script type=\"application\/ld+json\" class=\"aioseo-schema\">\n\t\t\t{\"@context\":\"https:\\\/\\\/schema.org\",\"@graph\":[{\"@type\":\"BreadcrumbList\",\"@id\":\"https:\\\/\\\/monatglobal.com\\\/lt\\\/volumizing-revive-shampoo\\\/#breadcrumblist\",\"itemListElement\":[{\"@type\":\"ListItem\",\"@id\":\"https:\\\/\\\/monatglobal.com\\\/lt#listItem\",\"position\":1,\"name\":\"Home\",\"item\":\"https:\\\/\\\/monatglobal.com\\\/lt\",\"nextItem\":{\"@type\":\"ListItem\",\"@id\":\"https:\\\/\\\/monatglobal.com\\\/lt\\\/volumizing-revive-shampoo\\\/#listItem\",\"name\":\"Apimties suteikiantis \\u201eRevive\\u2122\\u201c \\u0161amp\\u016bnas\\u00a0\"}},{\"@type\":\"ListItem\",\"@id\":\"https:\\\/\\\/monatglobal.com\\\/lt\\\/volumizing-revive-shampoo\\\/#listItem\",\"position\":2,\"name\":\"Apimties suteikiantis \\u201eRevive\\u2122\\u201c \\u0161amp\\u016bnas\\u00a0\",\"previousItem\":{\"@type\":\"ListItem\",\"@id\":\"https:\\\/\\\/monatglobal.com\\\/lt#listItem\",\"name\":\"Home\"}}]},{\"@type\":\"Organization\",\"@id\":\"https:\\\/\\\/monatglobal.com\\\/lt\\\/#organization\",\"name\":\"MONAT Lithuania\",\"url\":\"https:\\\/\\\/monatglobal.com\\\/lt\\\/\"},{\"@type\":\"WebPage\",\"@id\":\"https:\\\/\\\/monatglobal.com\\\/lt\\\/volumizing-revive-shampoo\\\/#webpage\",\"url\":\"https:\\\/\\\/monatglobal.com\\\/lt\\\/volumizing-revive-shampoo\\\/\",\"name\":\"Apimties suteikiantis \\u201eRevive\\u2122\\u201c \\u0161amp\\u016bnas - MONAT Lithuania\",\"description\":\"BESTSELERIAI -->\",\"inLanguage\":\"lt-LT\",\"isPartOf\":{\"@id\":\"https:\\\/\\\/monatglobal.com\\\/lt\\\/#website\"},\"breadcrumb\":{\"@id\":\"https:\\\/\\\/monatglobal.com\\\/lt\\\/volumizing-revive-shampoo\\\/#breadcrumblist\"},\"image\":{\"@type\":\"ImageObject\",\"url\":\"https:\\\/\\\/monatglobal.com\\\/lt\\\/wp-content\\\/uploads\\\/sites\\\/11\\\/2026\\\/02\\\/VOLUMIZING-REVIVE-SHAMPOO-500x438-1.png\",\"@id\":\"https:\\\/\\\/monatglobal.com\\\/lt\\\/volumizing-revive-shampoo\\\/#mainImage\",\"width\":438,\"height\":500},\"primaryImageOfPage\":{\"@id\":\"https:\\\/\\\/monatglobal.com\\\/lt\\\/volumizing-revive-shampoo\\\/#mainImage\"},\"datePublished\":\"2022-12-09T23:45:34+00:00\",\"dateModified\":\"2026-02-20T20:54:02+00:00\"},{\"@type\":\"WebSite\",\"@id\":\"https:\\\/\\\/monatglobal.com\\\/lt\\\/#website\",\"url\":\"https:\\\/\\\/monatglobal.com\\\/lt\\\/\",\"name\":\"MONAT Lithuania\",\"inLanguage\":\"lt-LT\",\"publisher\":{\"@id\":\"https:\\\/\\\/monatglobal.com\\\/lt\\\/#organization\"}}]}\n\t\t<\/script>\n\t\t<!-- All in One SEO Pro -->\r\n\t\t<title>Apimties suteikiantis \u201eRevive\u2122\u201c \u0161amp\u016bnas - MONAT Lithuania<\/title>\n\n","aioseo_head_json":{"title":"Apimties suteikiantis \u201eRevive\u2122\u201c \u0161amp\u016bnas - MONAT Lithuania","description":"BESTSELERIAI -->","canonical_url":"https:\/\/monatglobal.com\/lt\/volumizing-revive-shampoo\/","robots":"max-image-preview:large","keywords":"","webmasterTools":{"miscellaneous":""},"schema":{"@context":"https:\/\/schema.org","@graph":[{"@type":"BreadcrumbList","@id":"https:\/\/monatglobal.com\/lt\/volumizing-revive-shampoo\/#breadcrumblist","itemListElement":[{"@type":"ListItem","@id":"https:\/\/monatglobal.com\/lt#listItem","position":1,"name":"Home","item":"https:\/\/monatglobal.com\/lt","nextItem":{"@type":"ListItem","@id":"https:\/\/monatglobal.com\/lt\/volumizing-revive-shampoo\/#listItem","name":"Apimties suteikiantis \u201eRevive\u2122\u201c \u0161amp\u016bnas\u00a0"}},{"@type":"ListItem","@id":"https:\/\/monatglobal.com\/lt\/volumizing-revive-shampoo\/#listItem","position":2,"name":"Apimties suteikiantis \u201eRevive\u2122\u201c \u0161amp\u016bnas\u00a0","previousItem":{"@type":"ListItem","@id":"https:\/\/monatglobal.com\/lt#listItem","name":"Home"}}]},{"@type":"Organization","@id":"https:\/\/monatglobal.com\/lt\/#organization","name":"MONAT Lithuania","url":"https:\/\/monatglobal.com\/lt\/"},{"@type":"WebPage","@id":"https:\/\/monatglobal.com\/lt\/volumizing-revive-shampoo\/#webpage","url":"https:\/\/monatglobal.com\/lt\/volumizing-revive-shampoo\/","name":"Apimties suteikiantis \u201eRevive\u2122\u201c \u0161amp\u016bnas - MONAT Lithuania","description":"BESTSELERIAI -->","inLanguage":"lt-LT","isPartOf":{"@id":"https:\/\/monatglobal.com\/lt\/#website"},"breadcrumb":{"@id":"https:\/\/monatglobal.com\/lt\/volumizing-revive-shampoo\/#breadcrumblist"},"image":{"@type":"ImageObject","url":"https:\/\/monatglobal.com\/lt\/wp-content\/uploads\/sites\/11\/2026\/02\/VOLUMIZING-REVIVE-SHAMPOO-500x438-1.png","@id":"https:\/\/monatglobal.com\/lt\/volumizing-revive-shampoo\/#mainImage","width":438,"height":500},"primaryImageOfPage":{"@id":"https:\/\/monatglobal.com\/lt\/volumizing-revive-shampoo\/#mainImage"},"datePublished":"2022-12-09T23:45:34+00:00","dateModified":"2026-02-20T20:54:02+00:00"},{"@type":"WebSite","@id":"https:\/\/monatglobal.com\/lt\/#website","url":"https:\/\/monatglobal.com\/lt\/","name":"MONAT Lithuania","inLanguage":"lt-LT","publisher":{"@id":"https:\/\/monatglobal.com\/lt\/#organization"}}]},"og:locale":"lt_LT","og:site_name":"MONAT Lithuania -","og:type":"article","og:title":"Apimties suteikiantis \u201eRevive\u2122\u201c \u0161amp\u016bnas - MONAT Lithuania","og:description":"BESTSELERIAI --&gt;","og:url":"https:\/\/monatglobal.com\/lt\/volumizing-revive-shampoo\/","article:published_time":"2022-12-09T23:45:34+00:00","article:modified_time":"2026-02-20T20:54:02+00:00","twitter:card":"summary_large_image","twitter:title":"Apimties suteikiantis \u201eRevive\u2122\u201c \u0161amp\u016bnas - MONAT Lithuania","twitter:description":"BESTSELERIAI --&gt;"},"aioseo_meta_data":{"post_id":"75675","title":null,"description":null,"keywords":null,"keyphrases":{"focus":{"keyphrase":"","score":0,"analysis":{"keyphraseInTitle":{"score":0,"maxScore":9,"error":1}}},"additional":[]},"primary_term":null,"canonical_url":null,"og_title":null,"og_description":null,"og_object_type":"default","og_image_type":"default","og_image_url":null,"og_image_width":null,"og_image_height":null,"og_image_custom_url":null,"og_image_custom_fields":null,"og_video":"","og_custom_url":null,"og_article_section":null,"og_article_tags":null,"twitter_use_og":false,"twitter_card":"default","twitter_image_type":"default","twitter_image_url":null,"twitter_image_custom_url":null,"twitter_image_custom_fields":null,"twitter_title":null,"twitter_description":null,"schema":{"blockGraphs":[],"customGraphs":[],"default":{"data":{"Article":[],"Course":[],"Dataset":[],"FAQPage":[],"Movie":[],"Person":[],"Product":[],"ProductReview":[],"Car":[],"Recipe":[],"Service":[],"SoftwareApplication":[],"WebPage":[]},"graphName":"WebPage","isEnabled":true},"graphs":[]},"schema_type":"default","schema_type_options":null,"pillar_content":false,"robots_default":true,"robots_noindex":false,"robots_noarchive":false,"robots_nosnippet":false,"robots_nofollow":false,"robots_noimageindex":false,"robots_noodp":false,"robots_notranslate":false,"robots_max_snippet":"-1","robots_max_videopreview":"-1","robots_max_imagepreview":"large","priority":null,"frequency":"default","local_seo":null,"seo_analyzer_scan_date":"2026-02-20 21:06:14","breadcrumb_settings":null,"limit_modified_date":false,"reviewed_by":"0","open_ai":null,"ai":{"faqs":[],"keyPoints":[],"titles":[],"descriptions":[],"socialPosts":{"email":[],"linkedin":[],"twitter":[],"facebook":[],"instagram":[]}},"created":"2023-07-26 19:34:16","updated":"2026-02-20 21:06:14"},"aioseo_breadcrumb":"<div class=\"aioseo-breadcrumbs\"><span class=\"aioseo-breadcrumb\">\n\t<a href=\"https:\/\/monatglobal.com\/lt\" title=\"Home\">Home<\/a>\n<\/span><span class=\"aioseo-breadcrumb-separator\">&raquo;<\/span><span class=\"aioseo-breadcrumb\">\n\tApimties suteikiantis \u201eRevive\u2122\u201c \u0161amp\u016bnas \n<\/span><\/div>","aioseo_breadcrumb_json":[{"label":"Home","link":"https:\/\/monatglobal.com\/lt"},{"label":"Apimties suteikiantis \u201eRevive\u2122\u201c \u0161amp\u016bnas\u00a0","link":"https:\/\/monatglobal.com\/lt\/volumizing-revive-shampoo\/"}],"_links":{"self":[{"href":"https:\/\/monatglobal.com\/lt\/wp-json\/wp\/v2\/pages\/75675","targetHints":{"allow":["GET"]}}],"collection":[{"href":"https:\/\/monatglobal.com\/lt\/wp-json\/wp\/v2\/pages"}],"about":[{"href":"https:\/\/monatglobal.com\/lt\/wp-json\/wp\/v2\/types\/page"}],"author":[{"embeddable":true,"href":"https:\/\/monatglobal.com\/lt\/wp-json\/wp\/v2\/users\/31"}],"replies":[{"embeddable":true,"href":"https:\/\/monatglobal.com\/lt\/wp-json\/wp\/v2\/comments?post=75675"}],"version-history":[{"count":23,"href":"https:\/\/monatglobal.com\/lt\/wp-json\/wp\/v2\/pages\/75675\/revisions"}],"predecessor-version":[{"id":109232,"href":"https:\/\/monatglobal.com\/lt\/wp-json\/wp\/v2\/pages\/75675\/revisions\/109232"}],"wp:featuredmedia":[{"embeddable":true,"href":"https:\/\/monatglobal.com\/lt\/wp-json\/wp\/v2\/media\/109230"}],"wp:attachment":[{"href":"https:\/\/monatglobal.com\/lt\/wp-json\/wp\/v2\/media?parent=75675"}],"wp:term":[{"taxonomy":"category","embeddable":true,"href":"https:\/\/monatglobal.com\/lt\/wp-json\/wp\/v2\/categories?post=75675"},{"taxonomy":"post_tag","embeddable":true,"href":"https:\/\/monatglobal.com\/lt\/wp-json\/wp\/v2\/tags?post=75675"}],"curies":[{"name":"wp","href":"https:\/\/api.w.org\/{rel}","templated":true}]}}