{"id":75486,"date":"2022-12-09T23:41:47","date_gmt":"2022-12-09T23:41:47","guid":{"rendered":"https:\/\/monatglobal.com\/lt\/?page_id=75486"},"modified":"2026-02-20T20:48:35","modified_gmt":"2026-02-20T20:48:35","slug":"volumizing-revitalize-conditioner","status":"publish","type":"page","link":"https:\/\/monatglobal.com\/lt\/volumizing-revitalize-conditioner\/","title":{"rendered":"Apimties suteikiantis \u201eRevitalize\u2122\u201c kondicionierius"},"content":{"rendered":"\n<link rel=\"stylesheet\" href=\"https:\/\/unpkg.com\/swiper\/swiper-bundle.min.css\">\n<link rel=\"stylesheet\" href=\"\/wp-content\/creative_css\/product_styles_sheet.css\"> \n   <!--==================================================== ECOMM SECTION ====================================================-->\n   <p>BESTSELERIAI<\/p>\n      <!--==================================================== Ecomm image ====================================================-->\n      <img decoding=\"async\" src=\"\/nz\/wp-content\/uploads\/sites\/15\/2022\/10\/IR-CLINICAL-THICKENING-CONDITIONER_ecomm-2022_web_page-1.jpg\" alt=\"Product shot of Volumizing Revitalize Conditioner.\" loading=\"lazy\">\n      <!--==================================================== Ecomm information  ====================================================-->\n         \n         <p>BESTSELERIAI<\/p>\n         <h1>Apimties suteikiantis<br>\u201eRevitalize\u2122&#8221; kondicionierius<\/h1>\n         <p>Praturtintas \u201eREJUVENIQE<sup>\u00ae<\/sup>&#8222;<\/p>\n         <p>Lengvas, apimties suteikiantis kondicionierius ploniems&nbsp;plaukams.<\/p>\n         <p>179 ml \u212e \/ 6 fl. oz.<\/p>\n         <!--==================================================== pricing box ====================================================-->\n         <p>Ma\u017emenin\u0117 kaina<br>00.00 \u20ac<\/p>\n         <p>VIP kliento kaina<br>00.00 \u20ac<\/p>\n          <!--==================================================== pricing box ====================================================-->\n         <p>Nor\u0117dami su\u017einoti daugiau apie Apimties suteikiantis \u201eRevitalize\u2122&#8221; kondicionierius, pasikalb\u0117kite su savo \u201eMONAT Market&nbsp;Partner&#8221;.<\/p>\n          <a href=\"\" target=\"_blank\" role=\"button\" aria-label=\"\" rel=\"noopener\"><\/a>\n   <!--==================================================== \/ECOMM SECTION  ====================================================-->\n   <!--==================================================== Benefits image ====================================================-->\n   \n      <source media=\"(max-width: 700px)\" srcset=\"\/nz\/wp-content\/uploads\/sites\/15\/2022\/10\/volumizing-revitalize-conditioner-benefints-mobile.jpg\" loading=\"lazy\">\n      <img decoding=\"async\" alt=\"Brunette female holding the Volumizing Revitalize Conditioner in front of her face.\" src=\"\/nz\/wp-content\/uploads\/sites\/15\/2022\/10\/Volumizing-revitalize-benefits-desk.jpg\" loading=\"lazy\">\n   \n   <!--==================================================== Benefits text ====================================================-->\n         <h2>PRIVALUMAI<\/h2>\n         <h3>Lengvai kondicionuoja ir suteikia apimties ploniems, prigludusiems plaukams, bei suteikia \u0161velnumo ir&nbsp;\u017evilgesio.<\/h3>\n         <p>Idealiai tinka vis\u0173 tip\u0173 ploniems ir vidutin\u0117s tekst\u016bros plaukams, kuriems reikia apimties ir&nbsp;stangrumo.<\/p>\n         <!--==================================================== features image  ====================================================-->\n         <img decoding=\"async\" alt=\"Volumizing Revitalize Conditioner laying on a flat surface, along with ingredients such as lemon slices, coconut pieces, tomatoes, carrots and oil.\" src=\"\/nz\/wp-content\/uploads\/sites\/15\/2022\/10\/volumizing-rvitalize-conditioner-features.jpg\" loading=\"lazy\">\n      <!--==================================================== features text ====================================================-->\n            <h3>Ypatyb\u0117s<\/h3>\n               <p>\/ Plaukai atrodo tankesni<\/p>\n               <p>\/ Suteikia apimties ir&nbsp;stangrumo<\/p>\n               <p>*Based on instrumental tests by a third-party laboratory. <\/p>\n               <br>\n            <p>Kvapas \/ \u017eolinis g\u0117li\u0173 aromatas su jazmin\u0173, Mejerio citrin\u0173, neroli\u0173 ir \u017ealiosios arbatos&nbsp;natomis.<\/p>\n            <p> Tekst\u016bra \/ Lengvas kremas<\/p>\n   <!--==================================================== composition image mobile ====================================================-->\n   <img decoding=\"async\" alt=\"Volumizing Revitalize Conditioner laying on a flat surface, along with ingredients such as lemon slices, coconut pieces, tomatoes, carrots and oil.\n\" src=\"Volumizing Revive Shampoo and Volumizing Revitalize Conditioner laying on a flat beige surface.\" loading=\"lazy\">\n   <!--==================================================== Why it works text ====================================================-->\n      <h2>Suteikite plaukams daugiau apimties, \u0161velnumo ir&nbsp;blizgesio.<\/h2>\n      <h3>Pakeiskite plonus, plok\u0161\u010dius ir gle\u017enus plaukus, naudodami ingredient\u0173 mi\u0161in\u012f, \u012fskaitant REJUVENIQE<sup>\u00ae<\/sup>, \u017eirni\u0173 ekstrakt\u0105 ir vegani\u0161k\u0105 apsaug\u0105 nuo UV spinduli\u0173, kad jie tapt\u0173 puresni ir&nbsp;tankesni.<\/h3>\n      <p>Designed for medium to thick hair delivers our exclusive REJUVENIQE<sup>\u00ae<\/sup> oil blend, omega-fatty acids, and pea extract for healthier-looking&nbsp;strands. <\/p>\n<!--==================================================== Composition section ====================================================-->\n      <img decoding=\"async\" alt=\"Volumizing Revive Shampoo and Volumizing Revitalize Conditioner laying on a flat marble surface.\n\" src=\"\/nz\/wp-content\/uploads\/sites\/15\/2022\/10\/Volumizing-Revitallize-Conditioner-standalone.jpg\" loading=\"lazy\"> \n      <img decoding=\"async\" alt=\"Brunette female washing her hair in the shower, while overlaying a texture shot of  Volumizing Revitalize Conditioner.\" src=\"\/nz\/wp-content\/uploads\/sites\/15\/2022\/10\/volumizing-revitalize-conditioner-comp3.jpg\" loading=\"lazy\">\n            <!--==================================================== Directions text ====================================================--> \n               <h3>Naudojimas<\/h3>\n               <p>\/ Po plovimo \u201eMONAT Volumizing Revive\u2122&#8221; \u0161amp\u016bnu \u0161velniai i\u0161spauskite i\u0161 plauk\u0173 vandens&nbsp;pertekli\u0173. <\/p>\n               <p>\/ U\u017etepkite MONAT apimties suteikiant\u012f \u201eRevitalize\u2122&#8221;&nbsp;kondicionieri\u0173.<\/p>\n               <p>\/ Gerai i\u0161skalaukite.<\/p>\n            <!--==================================================== Directions video ====================================================-->\n      <p>Damage Repair <br>Bond-Fortifying Hair Leave-In Cr\u00e8me  <br>1:28<\/p>\n      <a href=\"\" target=\"_blank\" role=\"button\" aria-label=\"\" rel=\"noopener\"><\/a>\n   <!--==================================================== Ingredients section  ====================================================-->\n      <h2>PAGRINDINIAI INGREDIENTAI<\/h2>\n               <p>\u201eREJUVENIQE<sup>\u00ae<\/sup>&#8222;<\/p>\n               <p>\u201eCAPIXYL<sup>\u2122<\/sup>&#8222;<\/p>\n               <p>\u017dirni\u0173 ektraktas<\/p>\n               <p>Vegani\u0161ka apsauga nuo UV&nbsp;spinduli\u0173<\/p>\n        <button id=\"myBtn\" type=\"button\">SUDEDAM\u0172J\u0172 DALI\u0172 S\u0104RA\u0160AS<\/button>\n      <!--==================================================== Modal content  ====================================================-->\n         \u00d7\n         <p>Aqua\/Water\/Eau, Cetyl Alcohol, Behentrimonium Methosulfate, Cinnamidopropyltrimonium Chloride, Isoamyl Laurate, Hydrolyzed Rice Protein, Pisum Sativum (Pea) Extract, Acetyl Tetrapeptide-3, Trifolium Pratense (Clover) Flower Extract, Limnanthes Alba (Meadowfoam) Seed Oil, Crambe Abyssinica Seed Oil, Camellia Oleifera Seed Oil, Solanum Lycopersicum (Tomato) Seed Oil, Daucus Carota Sativa (Carrot) Seed Oil, Citrus Limon (Lemon) Peel Oil, Citrus Aurantifolia (Lime) Oil, Citrus Aurantium Bergamia (Bergamot) Fruit Oil, Adansonia Digitata Oil, Mauritia Flexuosa Fruit Oil, Cocos Nucifera (Coconut) Oil, Gardenia Taitensis Flower Extract, Moringa Oleifera Seed Oil, Caryocar Brasiliense Fruit Oil, Helianthus Annuus (Sunflower) Seed Oil, Glycerin, Dextran, Polyquaternium-7, Fragrance\/Parfum, Butylene Glycol, Benzyl Alcohol, Dehydroacetic Acid, Sodium Benzoate, Potassium Sorbate, Citronellol, Hexyl Cinnamal, Limonene, Linalool.<\/p>\n   <!--==================================================== You might also like section ====================================================-->\n      <h2>JUMS TAIP PAT GALI&nbsp;PATIKTI<\/h2>\n      <!--==================================================== Slider YOU MIGHT ALSO LIKE ====================================================-->\n      <!---->\n      <!--   -->\n            <!--==================================================== Slides products ====================================================-->\n      <!--      -->\n      <!--         <a href=\"\/lt\/volumizing-revive-shampoo\/\" aria-label=\"Go to Apimties suteikiantis \u201eRevive\u2122\" \u0161amp\u016bnas page\">-->\n      <!--            <img decoding=\"async\" src=\"\/nz\/wp-content\/uploads\/sites\/15\/2022\/10\/volumizing-revive-shampoo-ecomm.jpg\" alt=\"Apimties suteikiantis \u201eRevive\u2122\" \u0161amp\u016bnas\u2122\" loading=\"lazy\"\/>-->\n      <!--            <p>Apimties suteikiantis<br \/>\u201eRevive\u2122\" \u0161amp\u016bnas<\/p>-->\n      <!--         <\/a>-->\n      <!--      -->\n      <!--      -->\n      <!--         <a href=\"\/lt\/volume-spray\/\" aria-label=\"Go to \u201eMONAT STUDIO ONE\u2122\" apimties suteikiantis ir pakeliantis pur\u0161kiklis page\">-->\n      <!--            <img decoding=\"async\" src=\"\/wp-content\/uploads\/2022\/12\/STUDIO-ONE-VOLUME-LIFT-SPRAY_-ecomm-min.png\" alt=\"\u201eMONAT STUDIO ONE\u2122\" apimties suteikiantis ir pakeliantis pur\u0161kiklis\" loading=\"lazy\"\/>-->\n      <!--            <p>\u201eMONAT STUDIO ONE\u2122\"<br \/>apimties suteikiantis ir<br \/>pakeliantis pur\u0161kiklis<\/p>-->\n      <!--         <\/a>-->\n      <!--      -->\n            <!---->\n            <!--   <a href=\"https:\/\/corp.mymonat.com\/shop\/products\/espray-texturizante-monat-studio-one\/?globallanguage=lt&globalmarket=lt&_gl=1*k2sg3c*_ga*NjgzMTgwODE4LjE2NjA5NDMxMzU.*_ga_NEVL8VM1F8*MTY3MDI3NzU0MS4zMTQuMC4xNjcwMjc3NTQxLjAuMC4w\" target=\"_blank\" aria-label=\"Go to \u201eMONAT STUDIO ONE\u2122\" sausas rel=\"noopener\">-->\n            <!--      <img decoding=\"async\" src=\"\/wp-content\/uploads\/2022\/12\/Dry-texturizing-spray-E_comm-min.png\" alt=\"\u201eMONAT STUDIO ONE\u2122\" sausas tekst\u016brinis pur\u0161kiklis\"\/>-->\n            <!--      <p>\u201eMONAT STUDIO ONE\u2122\"<br \/>sausas tekst\u016brinis pur\u0161kiklis<\/p>-->\n            <!--   <\/a>-->\n            <!---->\n      <!--   -->\n         <!--==================================================== If we need navigation buttons  ====================================================-->\n      <!--   -->\n      <!--   -->\n         <!--==================================================== If we need paginations  ====================================================-->\n      <!--   -->\n      <!---->\n         <!--==================================================== If we need navigation buttons  ====================================================-->\n         <!--==================================================== If we need paginations  ====================================================-->\n    <a href=\"\" aria-label=\"\"><\/a>\n<!--==================================================== this link has to go last for it to work   ====================================================-->\n","protected":false},"excerpt":{"rendered":"<p>BESTSELERIAI BESTSELERIAI Apimties suteikiantis\u201eRevitalize\u2122&#8221; kondicionierius Praturtintas \u201eREJUVENIQE\u00ae&#8222; Lengvas, apimties suteikiantis kondicionierius ploniems&nbsp;plaukams. 179 ml \u212e \/ 6 fl. oz. Ma\u017emenin\u0117 kaina00.00 \u20ac VIP kliento kaina00.00 \u20ac Nor\u0117dami su\u017einoti daugiau apie Apimties suteikiantis \u201eRevitalize\u2122&#8221; kondicionierius, pasikalb\u0117kite su savo \u201eMONAT Market&nbsp;Partner&#8221;. PRIVALUMAI Lengvai kondicionuoja ir suteikia apimties ploniems, prigludusiems plaukams, bei suteikia \u0161velnumo ir&nbsp;\u017evilgesio. Idealiai tinka vis\u0173&hellip;<\/p>\n","protected":false},"author":31,"featured_media":109227,"parent":0,"menu_order":0,"comment_status":"closed","ping_status":"closed","template":"","meta":{"inline_featured_image":false,"om_disable_all_campaigns":false,"_monsterinsights_skip_tracking":false,"_monsterinsights_sitenote_active":false,"_monsterinsights_sitenote_note":"","_monsterinsights_sitenote_category":0,"footnotes":""},"categories":[32],"tags":[],"class_list":["post-75486","page","type-page","status-publish","has-post-thumbnail","hentry","category-product-lt"],"aioseo_notices":[],"aioseo_head":"\n\t\t<!-- All in One SEO Pro 4.9.5.2 - aioseo.com -->\n\t<meta name=\"description\" content=\"BESTSELERIAI --&gt;\" \/>\n\t<meta name=\"robots\" content=\"max-image-preview:large\" \/>\n\t<link rel=\"canonical\" href=\"https:\/\/monatglobal.com\/lt\/volumizing-revitalize-conditioner\/\" \/>\n\t<meta name=\"generator\" content=\"All in One SEO Pro (AIOSEO) 4.9.5.2\" \/>\n\t\t<meta property=\"og:locale\" content=\"lt_LT\" \/>\n\t\t<meta property=\"og:site_name\" content=\"MONAT Lithuania -\" \/>\n\t\t<meta property=\"og:type\" content=\"article\" \/>\n\t\t<meta property=\"og:title\" content=\"Apimties suteikiantis \u201eRevitalize\u2122\u201c kondicionierius - MONAT Lithuania\" \/>\n\t\t<meta property=\"og:description\" content=\"BESTSELERIAI --&gt;\" \/>\n\t\t<meta property=\"og:url\" content=\"https:\/\/monatglobal.com\/lt\/volumizing-revitalize-conditioner\/\" \/>\n\t\t<meta property=\"article:published_time\" content=\"2022-12-09T23:41:47+00:00\" \/>\n\t\t<meta property=\"article:modified_time\" content=\"2026-02-20T20:48:35+00:00\" \/>\n\t\t<meta name=\"twitter:card\" content=\"summary_large_image\" \/>\n\t\t<meta name=\"twitter:title\" content=\"Apimties suteikiantis \u201eRevitalize\u2122\u201c kondicionierius - MONAT Lithuania\" \/>\n\t\t<meta name=\"twitter:description\" content=\"BESTSELERIAI --&gt;\" \/>\n\t\t<script type=\"application\/ld+json\" class=\"aioseo-schema\">\n\t\t\t{\"@context\":\"https:\\\/\\\/schema.org\",\"@graph\":[{\"@type\":\"BreadcrumbList\",\"@id\":\"https:\\\/\\\/monatglobal.com\\\/lt\\\/volumizing-revitalize-conditioner\\\/#breadcrumblist\",\"itemListElement\":[{\"@type\":\"ListItem\",\"@id\":\"https:\\\/\\\/monatglobal.com\\\/lt#listItem\",\"position\":1,\"name\":\"Home\",\"item\":\"https:\\\/\\\/monatglobal.com\\\/lt\",\"nextItem\":{\"@type\":\"ListItem\",\"@id\":\"https:\\\/\\\/monatglobal.com\\\/lt\\\/volumizing-revitalize-conditioner\\\/#listItem\",\"name\":\"Apimties suteikiantis \\u201eRevitalize\\u2122\\u201c kondicionierius\"}},{\"@type\":\"ListItem\",\"@id\":\"https:\\\/\\\/monatglobal.com\\\/lt\\\/volumizing-revitalize-conditioner\\\/#listItem\",\"position\":2,\"name\":\"Apimties suteikiantis \\u201eRevitalize\\u2122\\u201c kondicionierius\",\"previousItem\":{\"@type\":\"ListItem\",\"@id\":\"https:\\\/\\\/monatglobal.com\\\/lt#listItem\",\"name\":\"Home\"}}]},{\"@type\":\"Organization\",\"@id\":\"https:\\\/\\\/monatglobal.com\\\/lt\\\/#organization\",\"name\":\"MONAT Lithuania\",\"url\":\"https:\\\/\\\/monatglobal.com\\\/lt\\\/\"},{\"@type\":\"WebPage\",\"@id\":\"https:\\\/\\\/monatglobal.com\\\/lt\\\/volumizing-revitalize-conditioner\\\/#webpage\",\"url\":\"https:\\\/\\\/monatglobal.com\\\/lt\\\/volumizing-revitalize-conditioner\\\/\",\"name\":\"Apimties suteikiantis \\u201eRevitalize\\u2122\\u201c kondicionierius - MONAT Lithuania\",\"description\":\"BESTSELERIAI -->\",\"inLanguage\":\"lt-LT\",\"isPartOf\":{\"@id\":\"https:\\\/\\\/monatglobal.com\\\/lt\\\/#website\"},\"breadcrumb\":{\"@id\":\"https:\\\/\\\/monatglobal.com\\\/lt\\\/volumizing-revitalize-conditioner\\\/#breadcrumblist\"},\"image\":{\"@type\":\"ImageObject\",\"url\":\"https:\\\/\\\/monatglobal.com\\\/lt\\\/wp-content\\\/uploads\\\/sites\\\/11\\\/2026\\\/02\\\/VOLUMIZING-REVITALIZE-CONDITIONER-500x438-1.png\",\"@id\":\"https:\\\/\\\/monatglobal.com\\\/lt\\\/volumizing-revitalize-conditioner\\\/#mainImage\",\"width\":438,\"height\":500},\"primaryImageOfPage\":{\"@id\":\"https:\\\/\\\/monatglobal.com\\\/lt\\\/volumizing-revitalize-conditioner\\\/#mainImage\"},\"datePublished\":\"2022-12-09T23:41:47+00:00\",\"dateModified\":\"2026-02-20T20:48:35+00:00\"},{\"@type\":\"WebSite\",\"@id\":\"https:\\\/\\\/monatglobal.com\\\/lt\\\/#website\",\"url\":\"https:\\\/\\\/monatglobal.com\\\/lt\\\/\",\"name\":\"MONAT Lithuania\",\"inLanguage\":\"lt-LT\",\"publisher\":{\"@id\":\"https:\\\/\\\/monatglobal.com\\\/lt\\\/#organization\"}}]}\n\t\t<\/script>\n\t\t<!-- All in One SEO Pro -->\r\n\t\t<title>Apimties suteikiantis \u201eRevitalize\u2122\u201c kondicionierius - MONAT Lithuania<\/title>\n\n","aioseo_head_json":{"title":"Apimties suteikiantis \u201eRevitalize\u2122\u201c kondicionierius - MONAT Lithuania","description":"BESTSELERIAI -->","canonical_url":"https:\/\/monatglobal.com\/lt\/volumizing-revitalize-conditioner\/","robots":"max-image-preview:large","keywords":"","webmasterTools":{"miscellaneous":""},"schema":{"@context":"https:\/\/schema.org","@graph":[{"@type":"BreadcrumbList","@id":"https:\/\/monatglobal.com\/lt\/volumizing-revitalize-conditioner\/#breadcrumblist","itemListElement":[{"@type":"ListItem","@id":"https:\/\/monatglobal.com\/lt#listItem","position":1,"name":"Home","item":"https:\/\/monatglobal.com\/lt","nextItem":{"@type":"ListItem","@id":"https:\/\/monatglobal.com\/lt\/volumizing-revitalize-conditioner\/#listItem","name":"Apimties suteikiantis \u201eRevitalize\u2122\u201c kondicionierius"}},{"@type":"ListItem","@id":"https:\/\/monatglobal.com\/lt\/volumizing-revitalize-conditioner\/#listItem","position":2,"name":"Apimties suteikiantis \u201eRevitalize\u2122\u201c kondicionierius","previousItem":{"@type":"ListItem","@id":"https:\/\/monatglobal.com\/lt#listItem","name":"Home"}}]},{"@type":"Organization","@id":"https:\/\/monatglobal.com\/lt\/#organization","name":"MONAT Lithuania","url":"https:\/\/monatglobal.com\/lt\/"},{"@type":"WebPage","@id":"https:\/\/monatglobal.com\/lt\/volumizing-revitalize-conditioner\/#webpage","url":"https:\/\/monatglobal.com\/lt\/volumizing-revitalize-conditioner\/","name":"Apimties suteikiantis \u201eRevitalize\u2122\u201c kondicionierius - MONAT Lithuania","description":"BESTSELERIAI -->","inLanguage":"lt-LT","isPartOf":{"@id":"https:\/\/monatglobal.com\/lt\/#website"},"breadcrumb":{"@id":"https:\/\/monatglobal.com\/lt\/volumizing-revitalize-conditioner\/#breadcrumblist"},"image":{"@type":"ImageObject","url":"https:\/\/monatglobal.com\/lt\/wp-content\/uploads\/sites\/11\/2026\/02\/VOLUMIZING-REVITALIZE-CONDITIONER-500x438-1.png","@id":"https:\/\/monatglobal.com\/lt\/volumizing-revitalize-conditioner\/#mainImage","width":438,"height":500},"primaryImageOfPage":{"@id":"https:\/\/monatglobal.com\/lt\/volumizing-revitalize-conditioner\/#mainImage"},"datePublished":"2022-12-09T23:41:47+00:00","dateModified":"2026-02-20T20:48:35+00:00"},{"@type":"WebSite","@id":"https:\/\/monatglobal.com\/lt\/#website","url":"https:\/\/monatglobal.com\/lt\/","name":"MONAT Lithuania","inLanguage":"lt-LT","publisher":{"@id":"https:\/\/monatglobal.com\/lt\/#organization"}}]},"og:locale":"lt_LT","og:site_name":"MONAT Lithuania -","og:type":"article","og:title":"Apimties suteikiantis \u201eRevitalize\u2122\u201c kondicionierius - MONAT Lithuania","og:description":"BESTSELERIAI --&gt;","og:url":"https:\/\/monatglobal.com\/lt\/volumizing-revitalize-conditioner\/","article:published_time":"2022-12-09T23:41:47+00:00","article:modified_time":"2026-02-20T20:48:35+00:00","twitter:card":"summary_large_image","twitter:title":"Apimties suteikiantis \u201eRevitalize\u2122\u201c kondicionierius - MONAT Lithuania","twitter:description":"BESTSELERIAI --&gt;"},"aioseo_meta_data":{"post_id":"75486","title":null,"description":null,"keywords":null,"keyphrases":{"focus":{"keyphrase":"","score":0,"analysis":{"keyphraseInTitle":{"score":0,"maxScore":9,"error":1}}},"additional":[]},"primary_term":null,"canonical_url":null,"og_title":null,"og_description":null,"og_object_type":"default","og_image_type":"default","og_image_url":null,"og_image_width":null,"og_image_height":null,"og_image_custom_url":null,"og_image_custom_fields":null,"og_video":"","og_custom_url":null,"og_article_section":null,"og_article_tags":null,"twitter_use_og":false,"twitter_card":"default","twitter_image_type":"default","twitter_image_url":null,"twitter_image_custom_url":null,"twitter_image_custom_fields":null,"twitter_title":null,"twitter_description":null,"schema":{"blockGraphs":[],"customGraphs":[],"default":{"data":{"Article":[],"Course":[],"Dataset":[],"FAQPage":[],"Movie":[],"Person":[],"Product":[],"ProductReview":[],"Car":[],"Recipe":[],"Service":[],"SoftwareApplication":[],"WebPage":[]},"graphName":"WebPage","isEnabled":true},"graphs":[]},"schema_type":"default","schema_type_options":null,"pillar_content":false,"robots_default":true,"robots_noindex":false,"robots_noarchive":false,"robots_nosnippet":false,"robots_nofollow":false,"robots_noimageindex":false,"robots_noodp":false,"robots_notranslate":false,"robots_max_snippet":"-1","robots_max_videopreview":"-1","robots_max_imagepreview":"large","priority":null,"frequency":"default","local_seo":null,"seo_analyzer_scan_date":"2026-02-20 20:49:21","breadcrumb_settings":null,"limit_modified_date":false,"reviewed_by":"0","open_ai":null,"ai":{"faqs":[],"keyPoints":[],"titles":[],"descriptions":[],"socialPosts":{"email":[],"linkedin":[],"twitter":[],"facebook":[],"instagram":[]}},"created":"2023-07-26 19:34:16","updated":"2026-02-20 21:01:12"},"aioseo_breadcrumb":"<div class=\"aioseo-breadcrumbs\"><span class=\"aioseo-breadcrumb\">\n\t<a href=\"https:\/\/monatglobal.com\/lt\" title=\"Home\">Home<\/a>\n<\/span><span class=\"aioseo-breadcrumb-separator\">&raquo;<\/span><span class=\"aioseo-breadcrumb\">\n\tApimties suteikiantis \u201eRevitalize\u2122\u201c kondicionierius\n<\/span><\/div>","aioseo_breadcrumb_json":[{"label":"Home","link":"https:\/\/monatglobal.com\/lt"},{"label":"Apimties suteikiantis \u201eRevitalize\u2122\u201c kondicionierius","link":"https:\/\/monatglobal.com\/lt\/volumizing-revitalize-conditioner\/"}],"_links":{"self":[{"href":"https:\/\/monatglobal.com\/lt\/wp-json\/wp\/v2\/pages\/75486","targetHints":{"allow":["GET"]}}],"collection":[{"href":"https:\/\/monatglobal.com\/lt\/wp-json\/wp\/v2\/pages"}],"about":[{"href":"https:\/\/monatglobal.com\/lt\/wp-json\/wp\/v2\/types\/page"}],"author":[{"embeddable":true,"href":"https:\/\/monatglobal.com\/lt\/wp-json\/wp\/v2\/users\/31"}],"replies":[{"embeddable":true,"href":"https:\/\/monatglobal.com\/lt\/wp-json\/wp\/v2\/comments?post=75486"}],"version-history":[{"count":26,"href":"https:\/\/monatglobal.com\/lt\/wp-json\/wp\/v2\/pages\/75486\/revisions"}],"predecessor-version":[{"id":109229,"href":"https:\/\/monatglobal.com\/lt\/wp-json\/wp\/v2\/pages\/75486\/revisions\/109229"}],"wp:featuredmedia":[{"embeddable":true,"href":"https:\/\/monatglobal.com\/lt\/wp-json\/wp\/v2\/media\/109227"}],"wp:attachment":[{"href":"https:\/\/monatglobal.com\/lt\/wp-json\/wp\/v2\/media?parent=75486"}],"wp:term":[{"taxonomy":"category","embeddable":true,"href":"https:\/\/monatglobal.com\/lt\/wp-json\/wp\/v2\/categories?post=75486"},{"taxonomy":"post_tag","embeddable":true,"href":"https:\/\/monatglobal.com\/lt\/wp-json\/wp\/v2\/tags?post=75486"}],"curies":[{"name":"wp","href":"https:\/\/api.w.org\/{rel}","templated":true}]}}