{"id":75475,"date":"2022-12-05T15:24:50","date_gmt":"2022-12-05T15:24:50","guid":{"rendered":"https:\/\/monatglobal.com\/lt\/?page_id=75475"},"modified":"2025-01-24T20:07:04","modified_gmt":"2025-01-24T20:07:04","slug":"special-annual-awards","status":"publish","type":"page","link":"https:\/\/monatglobal.com\/lt\/special-annual-awards\/","title":{"rendered":"Special Annual Awards 2022"},"content":{"rendered":"\n\n            <img decoding=\"async\" src=\"https:\/\/monatglobal.com\/wp-content\/uploads\/2018\/05\/01.-Managing-market-partner.png\" loading=\"lazy\"\/>\n            <h1>2023 m.<br \/>\nspeciali\u0173j\u0173 metini\u0173<br \/> \napdovanojim\u0173 laim\u0117tojai\n <\/h1><br \/>\n            <p>WATCH VIDEO<\/p>\n        <p>Kasmetiniai pirmininko, CEO ir prezidento apdovanojimai skiriami Market Partneriams, kurie pasiek\u0117 didel\u0117s s\u0117km\u0117s ir \u012fk\u016bnija MONAT kult\u016br\u0105 bei charakter\u012f, kuriuo kiti nori sekti.  <\/p>\n        <p>\u0160ie apdovanojimai \u012fteikiami per kasmetin\u012f \u201eDream Bigger&#8221; rengin\u012f \u201eMONATions&#8221; metu.<\/p>\n                <h2>Pirmininko <br \/>apdovanojimas<\/h2>\n                <hr \/>\n                <p>Presti\u017einiu pirmininko apdovanojimu apdovanojamas \u201eMarket Menotor&#8221; arba turintis auk\u0161tesn\u012f rang\u0105, kur\u012f nominuoja srities atstovai. Laim\u0117tojas yra \u201eMONAT&#8221; ideal\u0173 &#8211; d\u0117kingumo, geranori\u0161kumo, visuomenin\u0117s veiklos, nuolankumo, filantropini\u0173 pastang\u0173 ir lyderyst\u0117s pavyzdys.<\/p>\n                <img decoding=\"async\" src=\"https:\/\/monatglobal.com\/wp-content\/uploads\/2023\/12\/chairman-award_2023-min.png\" loading=\"lazy\"\/>\n            <p>\u0160io kasmetinio apdovanojimo laim\u0117toju tampa asmuo, kuriuo \u201eMarket Partners&#8221; \u017eavisi, kur\u012f laiko sektinu pavyzd\u017eiu ir kuris prisideda prie socialinio ir naudingo darbo savo bendruomen\u0117je.<\/p>\n        <hr \/>\n                    <img decoding=\"async\" src=\"https:\/\/monatglobal.com\/wp-content\/uploads\/2021\/07\/USA-flag.png\" loading=\"lazy\"\/>\n                    <p>Brittany<br \/>Sauer<\/p>\n                    <h2>Pirmininko apdovanojimas:<\/h2>\n                    <p>I\u0161 \u0161e\u0161i\u0173 MONATion\u0173, kuriuose Brittany dalyvavo kasmet nuo 2017 m., kai prad\u0117jo dirbti MONAT, pastarasis, 2023 m., gali b\u016bti pats \u012fsimintiniausias.<\/p>\n                    <br \/>\n                    <hr \/>\n                    <br \/>\n                    <p>Tuomet jai buvo \u012fteiktas did\u017eiausias MONAT apdovanojimas &#8211; pirmininko apdovanojimas, kuris \u012fteikiamas MP, koleg\u0173 i\u0161rinktam t\u0173 met\u0173 MONAT didvyriu.<\/p>\n                    <br \/>\n                    <hr \/>\n                    <br \/>\n                    <p>\u201eSenior Executive Director&#8221; su vyru gyvenanti Majamio papl\u016bdimyje, Floridoje, Brittany did\u017eiuojasi \u201eMillion Dollar Club&#8221; ir \u201eMONAT Motor Club&#8221; naryste.<\/p>\n            <p>Tuomet jai buvo \u012fteiktas did\u017eiausias MONAT apdovanojimas &#8211; pirmininko apdovanojimas, kuris \u012fteikiamas MP, koleg\u0173 i\u0161rinktam t\u0173 met\u0173 MONAT didvyriu.<\/p>\n            <hr \/>\n            <p>\u201eSenior Executive Director&#8221; su vyru gyvenanti Majamio papl\u016bdimyje, Floridoje, Brittany did\u017eiuojasi \u201eMillion Dollar Club&#8221; ir \u201eMONAT Motor Club&#8221; naryste.<\/p>\n        <hr \/>\n                <h2>CEO <br \/>apdovanojimas<\/h2>\n                <hr \/>\n                <p>\u201eMONAT&#8221; Met\u0173 pasiek\u0117jas &#8211; tai \u201eAssociate Executive Director&#8221; arba turintis auk\u0161tesn\u012f rang\u0105, dirbantis \u201eMONAT&#8221; daugiau nei metus. \u0160is asmuo demonstruoja tvirt\u0105 pasiry\u017eim\u0105 pl\u0117toti savo \u201eMONAT&#8221; versl\u0105, \u012fveikti kli\u016btis ir b\u016bti s\u0117kmingu pavyzd\u017eiu kitiems. Laim\u0117tojas renkamas pagal bal\u0173 sistem\u0105.<\/p>\n                <img decoding=\"async\" src=\"https:\/\/monatglobal.com\/wp-content\/uploads\/2023\/12\/ceo-award_2023-min.png\" loading=\"lazy\"\/>\n            <p>Balai skiriami u\u017e pirm\u0105, antr\u0105 arba tre\u010di\u0105 viet\u0105 bet kurioje i\u0161 kategorij\u0173, kurios pripa\u017e\u012fstamos kasmetiniame \u201eDream Bigger Spectacular&#8221; renginyje.<\/p>\n        <hr \/>\n                    <img decoding=\"async\" src=\"https:\/\/monatglobal.com\/wp-content\/uploads\/2021\/07\/USA-flag.png\" loading=\"lazy\"\/>\n                      <p>Jade<br \/>Free<\/p>\n                      <h2>CEO apdovanojimas:<\/h2>\n                    \u017dmona, motina ir Kalifornijoje gyvenanti Jade Free nuo 2019 m., kai prad\u0117jo dirbti su MONAT, m\u0117gaujasi jaudinan\u010dia, s\u0117km\u0117s kupina kelione:\n\n                    <br \/>\n                    <hr \/>\n                    <br \/>\n                    2022 m. liep\u0105 tapo \u201eMONAT Motor&#8221; Club ir \u201e100K Club&#8221; nare, o 2022 m. liep\u0105 &#8211; \u201eAssociate Executive Director&#8221;.\n\n<br \/>\n                    <hr \/>\n                    <br \/>\n                    <p>Jade dalyvavo keturiuose \u201eMONATions&#8221;, i\u0161 kuri\u0173 paskutiniame ji parsive\u017e\u0117 garbing\u0105 2023 m. CEO apdovanojim\u0105.<\/p>\n            <p>2022 m. liep\u0105 tapo \u201eMONAT Motor&#8221; Club ir \u201e100K Club&#8221; nare, o 2022 m. liep\u0105 &#8211; \u201eAssociate Executive Director&#8221;.<\/p>\n            <hr \/>\n            <p>Jade dalyvavo keturiuose \u201eMONATions&#8221;, i\u0161 kuri\u0173 paskutiniame ji parsive\u017e\u0117 garbing\u0105 2023 m. CEO apdovanojim\u0105.<\/p>\n        <hr \/>\n                <h2>Prezidento <br \/>apdovanojimas<\/h2>\n                <hr \/>\n                <p>Prezidento apdovanojimas yra MONAT \u201emet\u0173 naujoko&#8221; apdovanojimas. Jis skiriamas \u201eMarket Mentor&#8221; ar turin\u010diam auk\u0161tesn\u012f rang\u0105, kuris \u201eMONAT&#8221; dirba trumpiau nei vienerius metus. Nugal\u0117tojas pripa\u017e\u012fstamas u\u017e pavyzd\u012f kitiems, pergaling\u0105 \u201eMONATitute&#8221; po\u017ei\u016br\u012f ir param\u0105 kitiems.<\/p>\n                <img decoding=\"async\" src=\"https:\/\/monatglobal.com\/wp-content\/uploads\/2023\/12\/president-award_2023-min.png\" loading=\"lazy\"\/>\n            <p>\u0160is \u201eMarket Partner&#8221; \u012fk\u016bnija tai, kuo tur\u0117t\u0173 siekti tapti kiekvienas \u201eMONAT Market Partner&#8221;. \u0160is laim\u0117tojas i\u0161renkamas remiantis bal\u0173 sistema. Balai gaunami u\u017e\u0117mus pirm\u0105, antr\u0105 arba tre\u010di\u0105 viet\u0105 bet kurioje i\u0161 kategorij\u0173, kurios pripa\u017e\u012fstamos kasmetiniame \u201eDream Bigger Spectacular&#8221; renginyje.<\/p>\n        <hr \/>\n                    <img decoding=\"async\" src=\"https:\/\/monatglobal.com\/wp-content\/uploads\/2021\/09\/Australia-flag.png\" loading=\"lazy\"\/>\n                    <p>Malaahi <br \/>Davis<\/p>\n                        <h2>Prezidento apdovanojimas:<\/h2>\n                    <p>Spindinti \u017evaig\u017ed\u0117 tarp m\u016bs\u0173 Australijos MOfam, Malaahi Davis prad\u0117jo savo MONAT kelion\u0119 2022 m. gruod\u012f ir iki 2023 m. gegu\u017e\u0117s m\u0117n. pasiek\u0117 \u201eManaging Market Mentor&#8221; rang\u0105.<\/p>\n                    <br \/>\n                    <hr \/>\n                    <br \/>\n                    <p>\u012esp\u016bdingas \u0161ios u\u017eimtos mamos pasiekimas!<\/p>\n                    <br \/>\n                    <hr \/>\n                    <br \/>\n                    <p>Malaahi atsidavimas ir aistra MONAT \u012fkv\u0117p\u0117 j\u0105 vykti \u012f JAV, kur ji buvo apdovanota presti\u017einiu prezidento apdovanojimu.<\/p>\n            <p>\u012esp\u016bdingas \u0161ios u\u017eimtos mamos pasiekimas!<\/p>\n            <hr \/>\n            <p>Malaahi atsidavimas ir aistra MONAT \u012fkv\u0117p\u0117 j\u0105 vykti \u012f JAV, kur ji buvo apdovanota presti\u017einiu prezidento apdovanojimu.<\/p>\n            <h2>Nuo\u0161ird\u017eiai sveikiname visus laim\u0117tojus su daugybe pasiekim\u0173! <\/h2>\n            <p>Tai tik prad\u017eia!<\/p>\n            <p>SEE OUR 2020<br \/> DREAM BIGGER<br \/> WINNERS<\/p>\n\n","protected":false},"excerpt":{"rendered":"<p>2023 m. speciali\u0173j\u0173 metini\u0173 apdovanojim\u0173 laim\u0117tojai WATCH VIDEO Kasmetiniai pirmininko, CEO ir prezidento apdovanojimai skiriami Market Partneriams, kurie pasiek\u0117 didel\u0117s s\u0117km\u0117s ir \u012fk\u016bnija MONAT kult\u016br\u0105 bei charakter\u012f, kuriuo kiti nori sekti. \u0160ie apdovanojimai \u012fteikiami per kasmetin\u012f \u201eDream Bigger&#8221; rengin\u012f \u201eMONATions&#8221; metu. Pirmininko apdovanojimas Presti\u017einiu pirmininko apdovanojimu apdovanojamas \u201eMarket Menotor&#8221; arba turintis auk\u0161tesn\u012f rang\u0105, kur\u012f nominuoja&hellip;<\/p>\n","protected":false},"author":33,"featured_media":0,"parent":0,"menu_order":0,"comment_status":"closed","ping_status":"closed","template":"","meta":{"inline_featured_image":false,"om_disable_all_campaigns":false,"_monsterinsights_skip_tracking":false,"_monsterinsights_sitenote_active":false,"_monsterinsights_sitenote_note":"","_monsterinsights_sitenote_category":0,"footnotes":""},"categories":[],"tags":[],"class_list":["post-75475","page","type-page","status-publish","hentry"],"aioseo_notices":[],"aioseo_head":"\n\t\t<!-- All in One SEO Pro 4.9.5.2 - aioseo.com -->\n\t<meta name=\"description\" content=\"2023 m. speciali\u0173j\u0173 metini\u0173 apdovanojim\u0173 laim\u0117tojai WATCH VIDEO Kasmetiniai pirmininko, CEO ir prezidento apdovanojimai skiriami Market Partneriams, kurie pasiek\u0117 didel\u0117s s\u0117km\u0117s ir \u012fk\u016bnija MONAT kult\u016br\u0105 bei charakter\u012f, kuriuo kiti nori sekti. \u0160ie apdovanojimai \u012fteikiami per kasmetin\u012f \u201eDream Bigger&quot; rengin\u012f \u201eMONATions&quot; metu. Pirmininko apdovanojimas Presti\u017einiu pirmininko apdovanojimu apdovanojamas \u201eMarket Menotor&quot; arba turintis auk\u0161tesn\u012f rang\u0105, kur\u012f nominuoja\" \/>\n\t<meta name=\"robots\" content=\"max-image-preview:large\" \/>\n\t<link rel=\"canonical\" href=\"https:\/\/monatglobal.com\/lt\/special-annual-awards\/\" \/>\n\t<meta name=\"generator\" content=\"All in One SEO Pro (AIOSEO) 4.9.5.2\" \/>\n\t\t<meta property=\"og:locale\" content=\"lt_LT\" \/>\n\t\t<meta property=\"og:site_name\" content=\"MONAT Lithuania -\" \/>\n\t\t<meta property=\"og:type\" content=\"article\" \/>\n\t\t<meta property=\"og:title\" content=\"Special Annual Awards 2022 - MONAT Lithuania\" \/>\n\t\t<meta property=\"og:description\" content=\"2023 m. speciali\u0173j\u0173 metini\u0173 apdovanojim\u0173 laim\u0117tojai WATCH VIDEO Kasmetiniai pirmininko, CEO ir prezidento apdovanojimai skiriami Market Partneriams, kurie pasiek\u0117 didel\u0117s s\u0117km\u0117s ir \u012fk\u016bnija MONAT kult\u016br\u0105 bei charakter\u012f, kuriuo kiti nori sekti. \u0160ie apdovanojimai \u012fteikiami per kasmetin\u012f \u201eDream Bigger&quot; rengin\u012f \u201eMONATions&quot; metu. Pirmininko apdovanojimas Presti\u017einiu pirmininko apdovanojimu apdovanojamas \u201eMarket Menotor&quot; arba turintis auk\u0161tesn\u012f rang\u0105, kur\u012f nominuoja\" \/>\n\t\t<meta property=\"og:url\" content=\"https:\/\/monatglobal.com\/lt\/special-annual-awards\/\" \/>\n\t\t<meta property=\"article:published_time\" content=\"2022-12-05T15:24:50+00:00\" \/>\n\t\t<meta property=\"article:modified_time\" content=\"2025-01-24T20:07:04+00:00\" \/>\n\t\t<meta name=\"twitter:card\" content=\"summary_large_image\" \/>\n\t\t<meta name=\"twitter:title\" content=\"Special Annual Awards 2022 - MONAT Lithuania\" \/>\n\t\t<meta name=\"twitter:description\" content=\"2023 m. speciali\u0173j\u0173 metini\u0173 apdovanojim\u0173 laim\u0117tojai WATCH VIDEO Kasmetiniai pirmininko, CEO ir prezidento apdovanojimai skiriami Market Partneriams, kurie pasiek\u0117 didel\u0117s s\u0117km\u0117s ir \u012fk\u016bnija MONAT kult\u016br\u0105 bei charakter\u012f, kuriuo kiti nori sekti. \u0160ie apdovanojimai \u012fteikiami per kasmetin\u012f \u201eDream Bigger&quot; rengin\u012f \u201eMONATions&quot; metu. Pirmininko apdovanojimas Presti\u017einiu pirmininko apdovanojimu apdovanojamas \u201eMarket Menotor&quot; arba turintis auk\u0161tesn\u012f rang\u0105, kur\u012f nominuoja\" \/>\n\t\t<script type=\"application\/ld+json\" class=\"aioseo-schema\">\n\t\t\t{\"@context\":\"https:\\\/\\\/schema.org\",\"@graph\":[{\"@type\":\"BreadcrumbList\",\"@id\":\"https:\\\/\\\/monatglobal.com\\\/lt\\\/special-annual-awards\\\/#breadcrumblist\",\"itemListElement\":[{\"@type\":\"ListItem\",\"@id\":\"https:\\\/\\\/monatglobal.com\\\/lt#listItem\",\"position\":1,\"name\":\"Home\",\"item\":\"https:\\\/\\\/monatglobal.com\\\/lt\",\"nextItem\":{\"@type\":\"ListItem\",\"@id\":\"https:\\\/\\\/monatglobal.com\\\/lt\\\/special-annual-awards\\\/#listItem\",\"name\":\"Special Annual Awards 2022\"}},{\"@type\":\"ListItem\",\"@id\":\"https:\\\/\\\/monatglobal.com\\\/lt\\\/special-annual-awards\\\/#listItem\",\"position\":2,\"name\":\"Special Annual Awards 2022\",\"previousItem\":{\"@type\":\"ListItem\",\"@id\":\"https:\\\/\\\/monatglobal.com\\\/lt#listItem\",\"name\":\"Home\"}}]},{\"@type\":\"Organization\",\"@id\":\"https:\\\/\\\/monatglobal.com\\\/lt\\\/#organization\",\"name\":\"MONAT Lithuania\",\"url\":\"https:\\\/\\\/monatglobal.com\\\/lt\\\/\"},{\"@type\":\"WebPage\",\"@id\":\"https:\\\/\\\/monatglobal.com\\\/lt\\\/special-annual-awards\\\/#webpage\",\"url\":\"https:\\\/\\\/monatglobal.com\\\/lt\\\/special-annual-awards\\\/\",\"name\":\"Special Annual Awards 2022 - MONAT Lithuania\",\"description\":\"2023 m. speciali\\u0173j\\u0173 metini\\u0173 apdovanojim\\u0173 laim\\u0117tojai WATCH VIDEO Kasmetiniai pirmininko, CEO ir prezidento apdovanojimai skiriami Market Partneriams, kurie pasiek\\u0117 didel\\u0117s s\\u0117km\\u0117s ir \\u012fk\\u016bnija MONAT kult\\u016br\\u0105 bei charakter\\u012f, kuriuo kiti nori sekti. \\u0160ie apdovanojimai \\u012fteikiami per kasmetin\\u012f \\u201eDream Bigger\\\" rengin\\u012f \\u201eMONATions\\\" metu. Pirmininko apdovanojimas Presti\\u017einiu pirmininko apdovanojimu apdovanojamas \\u201eMarket Menotor\\\" arba turintis auk\\u0161tesn\\u012f rang\\u0105, kur\\u012f nominuoja\",\"inLanguage\":\"lt-LT\",\"isPartOf\":{\"@id\":\"https:\\\/\\\/monatglobal.com\\\/lt\\\/#website\"},\"breadcrumb\":{\"@id\":\"https:\\\/\\\/monatglobal.com\\\/lt\\\/special-annual-awards\\\/#breadcrumblist\"},\"datePublished\":\"2022-12-05T15:24:50+00:00\",\"dateModified\":\"2025-01-24T20:07:04+00:00\"},{\"@type\":\"WebSite\",\"@id\":\"https:\\\/\\\/monatglobal.com\\\/lt\\\/#website\",\"url\":\"https:\\\/\\\/monatglobal.com\\\/lt\\\/\",\"name\":\"MONAT Lithuania\",\"inLanguage\":\"lt-LT\",\"publisher\":{\"@id\":\"https:\\\/\\\/monatglobal.com\\\/lt\\\/#organization\"}}]}\n\t\t<\/script>\n\t\t<!-- All in One SEO Pro -->\r\n\t\t<title>Special Annual Awards 2022 - MONAT Lithuania<\/title>\n\n","aioseo_head_json":{"title":"Special Annual Awards 2022 - MONAT Lithuania","description":"2023 m. speciali\u0173j\u0173 metini\u0173 apdovanojim\u0173 laim\u0117tojai WATCH VIDEO Kasmetiniai pirmininko, CEO ir prezidento apdovanojimai skiriami Market Partneriams, kurie pasiek\u0117 didel\u0117s s\u0117km\u0117s ir \u012fk\u016bnija MONAT kult\u016br\u0105 bei charakter\u012f, kuriuo kiti nori sekti. \u0160ie apdovanojimai \u012fteikiami per kasmetin\u012f \u201eDream Bigger\" rengin\u012f \u201eMONATions\" metu. Pirmininko apdovanojimas Presti\u017einiu pirmininko apdovanojimu apdovanojamas \u201eMarket Menotor\" arba turintis auk\u0161tesn\u012f rang\u0105, kur\u012f nominuoja","canonical_url":"https:\/\/monatglobal.com\/lt\/special-annual-awards\/","robots":"max-image-preview:large","keywords":"","webmasterTools":{"miscellaneous":""},"schema":{"@context":"https:\/\/schema.org","@graph":[{"@type":"BreadcrumbList","@id":"https:\/\/monatglobal.com\/lt\/special-annual-awards\/#breadcrumblist","itemListElement":[{"@type":"ListItem","@id":"https:\/\/monatglobal.com\/lt#listItem","position":1,"name":"Home","item":"https:\/\/monatglobal.com\/lt","nextItem":{"@type":"ListItem","@id":"https:\/\/monatglobal.com\/lt\/special-annual-awards\/#listItem","name":"Special Annual Awards 2022"}},{"@type":"ListItem","@id":"https:\/\/monatglobal.com\/lt\/special-annual-awards\/#listItem","position":2,"name":"Special Annual Awards 2022","previousItem":{"@type":"ListItem","@id":"https:\/\/monatglobal.com\/lt#listItem","name":"Home"}}]},{"@type":"Organization","@id":"https:\/\/monatglobal.com\/lt\/#organization","name":"MONAT Lithuania","url":"https:\/\/monatglobal.com\/lt\/"},{"@type":"WebPage","@id":"https:\/\/monatglobal.com\/lt\/special-annual-awards\/#webpage","url":"https:\/\/monatglobal.com\/lt\/special-annual-awards\/","name":"Special Annual Awards 2022 - MONAT Lithuania","description":"2023 m. speciali\u0173j\u0173 metini\u0173 apdovanojim\u0173 laim\u0117tojai WATCH VIDEO Kasmetiniai pirmininko, CEO ir prezidento apdovanojimai skiriami Market Partneriams, kurie pasiek\u0117 didel\u0117s s\u0117km\u0117s ir \u012fk\u016bnija MONAT kult\u016br\u0105 bei charakter\u012f, kuriuo kiti nori sekti. \u0160ie apdovanojimai \u012fteikiami per kasmetin\u012f \u201eDream Bigger\" rengin\u012f \u201eMONATions\" metu. Pirmininko apdovanojimas Presti\u017einiu pirmininko apdovanojimu apdovanojamas \u201eMarket Menotor\" arba turintis auk\u0161tesn\u012f rang\u0105, kur\u012f nominuoja","inLanguage":"lt-LT","isPartOf":{"@id":"https:\/\/monatglobal.com\/lt\/#website"},"breadcrumb":{"@id":"https:\/\/monatglobal.com\/lt\/special-annual-awards\/#breadcrumblist"},"datePublished":"2022-12-05T15:24:50+00:00","dateModified":"2025-01-24T20:07:04+00:00"},{"@type":"WebSite","@id":"https:\/\/monatglobal.com\/lt\/#website","url":"https:\/\/monatglobal.com\/lt\/","name":"MONAT Lithuania","inLanguage":"lt-LT","publisher":{"@id":"https:\/\/monatglobal.com\/lt\/#organization"}}]},"og:locale":"lt_LT","og:site_name":"MONAT Lithuania -","og:type":"article","og:title":"Special Annual Awards 2022 - MONAT Lithuania","og:description":"2023 m. speciali\u0173j\u0173 metini\u0173 apdovanojim\u0173 laim\u0117tojai WATCH VIDEO Kasmetiniai pirmininko, CEO ir prezidento apdovanojimai skiriami Market Partneriams, kurie pasiek\u0117 didel\u0117s s\u0117km\u0117s ir \u012fk\u016bnija MONAT kult\u016br\u0105 bei charakter\u012f, kuriuo kiti nori sekti. \u0160ie apdovanojimai \u012fteikiami per kasmetin\u012f \u201eDream Bigger&quot; rengin\u012f \u201eMONATions&quot; metu. Pirmininko apdovanojimas Presti\u017einiu pirmininko apdovanojimu apdovanojamas \u201eMarket Menotor&quot; arba turintis auk\u0161tesn\u012f rang\u0105, kur\u012f nominuoja","og:url":"https:\/\/monatglobal.com\/lt\/special-annual-awards\/","article:published_time":"2022-12-05T15:24:50+00:00","article:modified_time":"2025-01-24T20:07:04+00:00","twitter:card":"summary_large_image","twitter:title":"Special Annual Awards 2022 - MONAT Lithuania","twitter:description":"2023 m. speciali\u0173j\u0173 metini\u0173 apdovanojim\u0173 laim\u0117tojai WATCH VIDEO Kasmetiniai pirmininko, CEO ir prezidento apdovanojimai skiriami Market Partneriams, kurie pasiek\u0117 didel\u0117s s\u0117km\u0117s ir \u012fk\u016bnija MONAT kult\u016br\u0105 bei charakter\u012f, kuriuo kiti nori sekti. \u0160ie apdovanojimai \u012fteikiami per kasmetin\u012f \u201eDream Bigger&quot; rengin\u012f \u201eMONATions&quot; metu. Pirmininko apdovanojimas Presti\u017einiu pirmininko apdovanojimu apdovanojamas \u201eMarket Menotor&quot; arba turintis auk\u0161tesn\u012f rang\u0105, kur\u012f nominuoja"},"aioseo_meta_data":{"post_id":"75475","title":null,"description":null,"keywords":null,"keyphrases":null,"primary_term":null,"canonical_url":null,"og_title":null,"og_description":null,"og_object_type":"default","og_image_type":"default","og_image_url":null,"og_image_width":null,"og_image_height":null,"og_image_custom_url":null,"og_image_custom_fields":null,"og_video":null,"og_custom_url":null,"og_article_section":null,"og_article_tags":null,"twitter_use_og":false,"twitter_card":"default","twitter_image_type":"default","twitter_image_url":null,"twitter_image_custom_url":null,"twitter_image_custom_fields":null,"twitter_title":null,"twitter_description":null,"schema":{"blockGraphs":[],"customGraphs":[],"default":{"data":{"Article":[],"Course":[],"Dataset":[],"FAQPage":[],"Movie":[],"Person":[],"Product":[],"ProductReview":[],"Car":[],"Recipe":[],"Service":[],"SoftwareApplication":[],"WebPage":[]},"graphName":"WebPage","isEnabled":true},"graphs":[]},"schema_type":"default","schema_type_options":null,"pillar_content":false,"robots_default":true,"robots_noindex":false,"robots_noarchive":false,"robots_nosnippet":false,"robots_nofollow":false,"robots_noimageindex":false,"robots_noodp":false,"robots_notranslate":false,"robots_max_snippet":null,"robots_max_videopreview":null,"robots_max_imagepreview":"large","priority":null,"frequency":null,"local_seo":null,"seo_analyzer_scan_date":"2025-08-15 02:21:11","breadcrumb_settings":null,"limit_modified_date":false,"reviewed_by":null,"open_ai":null,"ai":null,"created":"2023-07-26 19:34:16","updated":"2026-02-10 05:24:38"},"aioseo_breadcrumb":"<div class=\"aioseo-breadcrumbs\"><span class=\"aioseo-breadcrumb\">\n\t<a href=\"https:\/\/monatglobal.com\/lt\" title=\"Home\">Home<\/a>\n<\/span><span class=\"aioseo-breadcrumb-separator\">&raquo;<\/span><span class=\"aioseo-breadcrumb\">\n\tSpecial Annual Awards 2022\n<\/span><\/div>","aioseo_breadcrumb_json":[{"label":"Home","link":"https:\/\/monatglobal.com\/lt"},{"label":"Special Annual Awards 2022","link":"https:\/\/monatglobal.com\/lt\/special-annual-awards\/"}],"_links":{"self":[{"href":"https:\/\/monatglobal.com\/lt\/wp-json\/wp\/v2\/pages\/75475","targetHints":{"allow":["GET"]}}],"collection":[{"href":"https:\/\/monatglobal.com\/lt\/wp-json\/wp\/v2\/pages"}],"about":[{"href":"https:\/\/monatglobal.com\/lt\/wp-json\/wp\/v2\/types\/page"}],"author":[{"embeddable":true,"href":"https:\/\/monatglobal.com\/lt\/wp-json\/wp\/v2\/users\/33"}],"replies":[{"embeddable":true,"href":"https:\/\/monatglobal.com\/lt\/wp-json\/wp\/v2\/comments?post=75475"}],"version-history":[{"count":5,"href":"https:\/\/monatglobal.com\/lt\/wp-json\/wp\/v2\/pages\/75475\/revisions"}],"predecessor-version":[{"id":86310,"href":"https:\/\/monatglobal.com\/lt\/wp-json\/wp\/v2\/pages\/75475\/revisions\/86310"}],"wp:attachment":[{"href":"https:\/\/monatglobal.com\/lt\/wp-json\/wp\/v2\/media?parent=75475"}],"wp:term":[{"taxonomy":"category","embeddable":true,"href":"https:\/\/monatglobal.com\/lt\/wp-json\/wp\/v2\/categories?post=75475"},{"taxonomy":"post_tag","embeddable":true,"href":"https:\/\/monatglobal.com\/lt\/wp-json\/wp\/v2\/tags?post=75475"}],"curies":[{"name":"wp","href":"https:\/\/api.w.org\/{rel}","templated":true}]}}