{"id":75368,"date":"2022-11-18T14:25:01","date_gmt":"2022-11-18T14:25:01","guid":{"rendered":"https:\/\/monatglobal.com\/lt\/?page_id=75368"},"modified":"2025-01-24T19:52:01","modified_gmt":"2025-01-24T19:52:01","slug":"history","status":"publish","type":"page","link":"https:\/\/monatglobal.com\/lt\/history\/","title":{"rendered":"MONAT istorija"},"content":{"rendered":"\n\n\t<link rel='stylesheet' href='https:\/\/unpkg.com\/swiper\/swiper-bundle.min.css'\/>\n<section id=\"bannerSec\">\n        <p>Viskas prasid\u0117jo<\/p>\n        <p>nuo vizijos&#8230;<\/p>\n<\/section> \n<section id=\"dateSec\"> \n            <h1>MONAT istorija<\/h1>\n            <h3>MONAT jud\u0117jimas prasid\u0117jo nuo vienos \u0161eimos ir vienos didel\u0117s svajon\u0117s &#8211; paversti pasaul\u012f geresne vieta kiekvienam, kartu si\u016blant auk\u0161\u010diausios kokyb\u0117s produktus ir naudingas galimybes.<\/h3>\n            <img decoding=\"async\" alt=\"Blonde female spraying hairspray onto a brunette female's curly hair.\" src=\"https:\/\/monatglobal.com\/wp-content\/uploads\/2022\/10\/our-story-MONAT-LAUNCH-2014.jpg\" loading=\"lazy\"\/> \n                    <h2>MONAT Urdanetos pristat\u0117 2014 m. spal\u012f.<\/h2>\n                    <p>Vos per kelet\u0105 met\u0173 Urdanetos \u012fkv\u0117p\u0117 revoliucij\u0105 MONAT Market Partneri\u0173 atsidavimo, entuziastingo VIP klient\u0173 palaikymo ir talenting\u0173 darbuotoj\u0173 d\u0117ka.<\/p>\n<\/section> \n<section id=\"encompassesSec\"> \n    <p>MONAT jud\u0117jimas apima ne tik novatori\u0161kus plauk\u0173, odos prie\u017ei\u016bros ir sveikatingumo produktus, bet ir tikr\u0105 atsidavim\u0105 pad\u0117ti kitiems kurti gra\u017eesn\u012f gyvenim\u0105.<\/p>\n        <img decoding=\"async\" id=\"oilImg\" alt=\"Oil texture\" src=\"https:\/\/monatglobal.com\/wp-content\/uploads\/2022\/10\/oil-texture_history.png\" loading=\"lazy\"\/>\n        <img decoding=\"async\" id=\"cremeImg\" alt=\"Texture shot of Sun Veil\u2122.\" src=\"https:\/\/monatglobal.com\/wp-content\/uploads\/2022\/10\/creme-texture_history.png\" loading=\"lazy\"\/>    \n                <p>MONAT jud\u0117jimas apima ne tik novatori\u0161kus plauk\u0173, odos prie\u017ei\u016bros ir sveikatingumo produktus, bet ir tikr\u0105 atsidavim\u0105 pad\u0117ti kitiems kurti gra\u017eesn\u012f gyvenim\u0105.<\/p>\n                <img decoding=\"async\" alt=\"A brunette woman applying MONAT Makeup on one of her cheekbones.\" src=\"https:\/\/monatglobal.com\/uk\/wp-content\/uploads\/sites\/6\/2025\/01\/makeup-our-story.jpg\" loading=\"lazy\"\/>\n                <p>MONAT si\u016blo dosn\u0173 kompensacijos plan\u0105, i\u0161skirtinai puosel\u0117jan\u010di\u0105 &#8216;Gratitude&#8217; d\u0117kingumo sistem\u0105 ir r\u016bpestingus, \u012fsipareigojusius lyderius, kurie su jumis elgiasi kaip su \u0161eima.<\/p>\n                <img decoding=\"async\" alt=\"Brunette female touching her hair while standing outside.\" src=\"https:\/\/monatglobal.com\/wp-content\/uploads\/2022\/10\/haircare-our-story.jpg\" loading=\"lazy\"\/>\n                <img decoding=\"async\" alt=\"Brunette female standing near a pink wall with the shadows of palm trees, while kissing Sun Veil\u2122.\" src=\"https:\/\/monatglobal.com\/wp-content\/uploads\/2022\/10\/skincare-our-story.jpg\" loading=\"lazy\"\/>\n<\/section> \n<section id=\"videoSec\">\n<\/section> \n<section id=\"readySec\"> \n        <h2>Ar esate pasireng\u0119s tapti \u0161ios <br \/>unikalios bendruomen\u0117s dalimi?<\/h2>\n                <p>Niekada nebuvo geresnio laiko nei dabar prisijungti prie MONAT \u0161eimos!<\/p>\n                <a href=\"https:\/\/mymonat.com\/pyr_core\/v2_enrollments\/select_market?enroll_params=profile_form_type%3Dexpress&#038;mp_only=true\">Prisijunk dabar<\/a>\n            <img decoding=\"async\" alt=\"Female sitting inside a shopping cart with MONAT boxes, while another female pushes the cart.\" src=\"https:\/\/monatglobal.com\/wp-content\/uploads\/2022\/10\/monat-family-our-story.jpg \" loading=\"lazy\"\/>\n        <a href=\"https:\/\/mymonat.com\/pyr_core\/v2_enrollments\/select_market?enroll_params=profile_form_type%3Dexpress&#038;mp_only=true\">Prisijunk dabar<\/a>\n<\/section> \n\n","protected":false},"excerpt":{"rendered":"<p>Viskas prasid\u0117jo nuo vizijos&#8230; MONAT istorija MONAT jud\u0117jimas prasid\u0117jo nuo vienos \u0161eimos ir vienos didel\u0117s svajon\u0117s &#8211; paversti pasaul\u012f geresne vieta kiekvienam, kartu si\u016blant auk\u0161\u010diausios kokyb\u0117s produktus ir naudingas galimybes. MONAT Urdanetos pristat\u0117 2014 m. spal\u012f. Vos per kelet\u0105 met\u0173 Urdanetos \u012fkv\u0117p\u0117 revoliucij\u0105 MONAT Market Partneri\u0173 atsidavimo, entuziastingo VIP klient\u0173 palaikymo ir talenting\u0173 darbuotoj\u0173 d\u0117ka.&hellip;<\/p>\n","protected":false},"author":47,"featured_media":71189,"parent":0,"menu_order":0,"comment_status":"closed","ping_status":"closed","template":"","meta":{"inline_featured_image":false,"om_disable_all_campaigns":false,"_monsterinsights_skip_tracking":false,"_monsterinsights_sitenote_active":false,"_monsterinsights_sitenote_note":"","_monsterinsights_sitenote_category":0,"footnotes":""},"categories":[],"tags":[],"class_list":["post-75368","page","type-page","status-publish","has-post-thumbnail","hentry"],"aioseo_notices":[],"aioseo_head":"\n\t\t<!-- All in One SEO Pro 4.9.5.2 - aioseo.com -->\n\t<meta name=\"description\" content=\"Viskas prasid\u0117jo nuo vizijos\u2026 MONAT istorija MONAT jud\u0117jimas prasid\u0117jo nuo vienos \u0161eimos ir vienos didel\u0117s svajon\u0117s - paversti pasaul\u012f geresne vieta kiekvienam, kartu si\u016blant auk\u0161\u010diausios kokyb\u0117s produktus ir naudingas galimybes. MONAT Urdanetos pristat\u0117 2014 m. spal\u012f. Vos per kelet\u0105 met\u0173 Urdanetos \u012fkv\u0117p\u0117 revoliucij\u0105 MONAT Market Partneri\u0173 atsidavimo, entuziastingo VIP klient\u0173 palaikymo ir talenting\u0173 darbuotoj\u0173 d\u0117ka.\" \/>\n\t<meta name=\"robots\" content=\"max-image-preview:large\" \/>\n\t<link rel=\"canonical\" href=\"https:\/\/monatglobal.com\/lt\/history\/\" \/>\n\t<meta name=\"generator\" content=\"All in One SEO Pro (AIOSEO) 4.9.5.2\" \/>\n\t\t<meta property=\"og:locale\" content=\"lt_LT\" \/>\n\t\t<meta property=\"og:site_name\" content=\"MONAT Lithuania -\" \/>\n\t\t<meta property=\"og:type\" content=\"article\" \/>\n\t\t<meta property=\"og:title\" content=\"MONAT istorija - MONAT Lithuania\" \/>\n\t\t<meta property=\"og:description\" content=\"Viskas prasid\u0117jo nuo vizijos\u2026 MONAT istorija MONAT jud\u0117jimas prasid\u0117jo nuo vienos \u0161eimos ir vienos didel\u0117s svajon\u0117s - paversti pasaul\u012f geresne vieta kiekvienam, kartu si\u016blant auk\u0161\u010diausios kokyb\u0117s produktus ir naudingas galimybes. MONAT Urdanetos pristat\u0117 2014 m. spal\u012f. Vos per kelet\u0105 met\u0173 Urdanetos \u012fkv\u0117p\u0117 revoliucij\u0105 MONAT Market Partneri\u0173 atsidavimo, entuziastingo VIP klient\u0173 palaikymo ir talenting\u0173 darbuotoj\u0173 d\u0117ka.\" \/>\n\t\t<meta property=\"og:url\" content=\"https:\/\/monatglobal.com\/lt\/history\/\" \/>\n\t\t<meta property=\"article:published_time\" content=\"2022-11-18T14:25:01+00:00\" \/>\n\t\t<meta property=\"article:modified_time\" content=\"2025-01-24T19:52:01+00:00\" \/>\n\t\t<meta name=\"twitter:card\" content=\"summary_large_image\" \/>\n\t\t<meta name=\"twitter:title\" content=\"MONAT istorija - MONAT Lithuania\" \/>\n\t\t<meta name=\"twitter:description\" content=\"Viskas prasid\u0117jo nuo vizijos\u2026 MONAT istorija MONAT jud\u0117jimas prasid\u0117jo nuo vienos \u0161eimos ir vienos didel\u0117s svajon\u0117s - paversti pasaul\u012f geresne vieta kiekvienam, kartu si\u016blant auk\u0161\u010diausios kokyb\u0117s produktus ir naudingas galimybes. MONAT Urdanetos pristat\u0117 2014 m. spal\u012f. Vos per kelet\u0105 met\u0173 Urdanetos \u012fkv\u0117p\u0117 revoliucij\u0105 MONAT Market Partneri\u0173 atsidavimo, entuziastingo VIP klient\u0173 palaikymo ir talenting\u0173 darbuotoj\u0173 d\u0117ka.\" \/>\n\t\t<script type=\"application\/ld+json\" class=\"aioseo-schema\">\n\t\t\t{\"@context\":\"https:\\\/\\\/schema.org\",\"@graph\":[{\"@type\":\"BreadcrumbList\",\"@id\":\"https:\\\/\\\/monatglobal.com\\\/lt\\\/history\\\/#breadcrumblist\",\"itemListElement\":[{\"@type\":\"ListItem\",\"@id\":\"https:\\\/\\\/monatglobal.com\\\/lt#listItem\",\"position\":1,\"name\":\"Home\",\"item\":\"https:\\\/\\\/monatglobal.com\\\/lt\",\"nextItem\":{\"@type\":\"ListItem\",\"@id\":\"https:\\\/\\\/monatglobal.com\\\/lt\\\/history\\\/#listItem\",\"name\":\"MONAT istorija\"}},{\"@type\":\"ListItem\",\"@id\":\"https:\\\/\\\/monatglobal.com\\\/lt\\\/history\\\/#listItem\",\"position\":2,\"name\":\"MONAT istorija\",\"previousItem\":{\"@type\":\"ListItem\",\"@id\":\"https:\\\/\\\/monatglobal.com\\\/lt#listItem\",\"name\":\"Home\"}}]},{\"@type\":\"Organization\",\"@id\":\"https:\\\/\\\/monatglobal.com\\\/lt\\\/#organization\",\"name\":\"MONAT Lithuania\",\"url\":\"https:\\\/\\\/monatglobal.com\\\/lt\\\/\"},{\"@type\":\"WebPage\",\"@id\":\"https:\\\/\\\/monatglobal.com\\\/lt\\\/history\\\/#webpage\",\"url\":\"https:\\\/\\\/monatglobal.com\\\/lt\\\/history\\\/\",\"name\":\"MONAT istorija - MONAT Lithuania\",\"description\":\"Viskas prasid\\u0117jo nuo vizijos\\u2026 MONAT istorija MONAT jud\\u0117jimas prasid\\u0117jo nuo vienos \\u0161eimos ir vienos didel\\u0117s svajon\\u0117s - paversti pasaul\\u012f geresne vieta kiekvienam, kartu si\\u016blant auk\\u0161\\u010diausios kokyb\\u0117s produktus ir naudingas galimybes. MONAT Urdanetos pristat\\u0117 2014 m. spal\\u012f. Vos per kelet\\u0105 met\\u0173 Urdanetos \\u012fkv\\u0117p\\u0117 revoliucij\\u0105 MONAT Market Partneri\\u0173 atsidavimo, entuziastingo VIP klient\\u0173 palaikymo ir talenting\\u0173 darbuotoj\\u0173 d\\u0117ka.\",\"inLanguage\":\"lt-LT\",\"isPartOf\":{\"@id\":\"https:\\\/\\\/monatglobal.com\\\/lt\\\/#website\"},\"breadcrumb\":{\"@id\":\"https:\\\/\\\/monatglobal.com\\\/lt\\\/history\\\/#breadcrumblist\"},\"image\":{\"@type\":\"ImageObject\",\"url\":\"https:\\\/\\\/monatglobal.com\\\/lt\\\/wp-content\\\/uploads\\\/sites\\\/11\\\/2022\\\/08\\\/reunion_23_ue_thumb.jpg\",\"@id\":\"https:\\\/\\\/monatglobal.com\\\/lt\\\/history\\\/#mainImage\",\"width\":450,\"height\":350},\"primaryImageOfPage\":{\"@id\":\"https:\\\/\\\/monatglobal.com\\\/lt\\\/history\\\/#mainImage\"},\"datePublished\":\"2022-11-18T14:25:01+00:00\",\"dateModified\":\"2025-01-24T19:52:01+00:00\"},{\"@type\":\"WebSite\",\"@id\":\"https:\\\/\\\/monatglobal.com\\\/lt\\\/#website\",\"url\":\"https:\\\/\\\/monatglobal.com\\\/lt\\\/\",\"name\":\"MONAT Lithuania\",\"inLanguage\":\"lt-LT\",\"publisher\":{\"@id\":\"https:\\\/\\\/monatglobal.com\\\/lt\\\/#organization\"}}]}\n\t\t<\/script>\n\t\t<!-- All in One SEO Pro -->\r\n\t\t<title>MONAT istorija - MONAT Lithuania<\/title>\n\n","aioseo_head_json":{"title":"MONAT istorija - MONAT Lithuania","description":"Viskas prasid\u0117jo nuo vizijos\u2026 MONAT istorija MONAT jud\u0117jimas prasid\u0117jo nuo vienos \u0161eimos ir vienos didel\u0117s svajon\u0117s - paversti pasaul\u012f geresne vieta kiekvienam, kartu si\u016blant auk\u0161\u010diausios kokyb\u0117s produktus ir naudingas galimybes. MONAT Urdanetos pristat\u0117 2014 m. spal\u012f. Vos per kelet\u0105 met\u0173 Urdanetos \u012fkv\u0117p\u0117 revoliucij\u0105 MONAT Market Partneri\u0173 atsidavimo, entuziastingo VIP klient\u0173 palaikymo ir talenting\u0173 darbuotoj\u0173 d\u0117ka.","canonical_url":"https:\/\/monatglobal.com\/lt\/history\/","robots":"max-image-preview:large","keywords":"","webmasterTools":{"miscellaneous":""},"schema":{"@context":"https:\/\/schema.org","@graph":[{"@type":"BreadcrumbList","@id":"https:\/\/monatglobal.com\/lt\/history\/#breadcrumblist","itemListElement":[{"@type":"ListItem","@id":"https:\/\/monatglobal.com\/lt#listItem","position":1,"name":"Home","item":"https:\/\/monatglobal.com\/lt","nextItem":{"@type":"ListItem","@id":"https:\/\/monatglobal.com\/lt\/history\/#listItem","name":"MONAT istorija"}},{"@type":"ListItem","@id":"https:\/\/monatglobal.com\/lt\/history\/#listItem","position":2,"name":"MONAT istorija","previousItem":{"@type":"ListItem","@id":"https:\/\/monatglobal.com\/lt#listItem","name":"Home"}}]},{"@type":"Organization","@id":"https:\/\/monatglobal.com\/lt\/#organization","name":"MONAT Lithuania","url":"https:\/\/monatglobal.com\/lt\/"},{"@type":"WebPage","@id":"https:\/\/monatglobal.com\/lt\/history\/#webpage","url":"https:\/\/monatglobal.com\/lt\/history\/","name":"MONAT istorija - MONAT Lithuania","description":"Viskas prasid\u0117jo nuo vizijos\u2026 MONAT istorija MONAT jud\u0117jimas prasid\u0117jo nuo vienos \u0161eimos ir vienos didel\u0117s svajon\u0117s - paversti pasaul\u012f geresne vieta kiekvienam, kartu si\u016blant auk\u0161\u010diausios kokyb\u0117s produktus ir naudingas galimybes. MONAT Urdanetos pristat\u0117 2014 m. spal\u012f. Vos per kelet\u0105 met\u0173 Urdanetos \u012fkv\u0117p\u0117 revoliucij\u0105 MONAT Market Partneri\u0173 atsidavimo, entuziastingo VIP klient\u0173 palaikymo ir talenting\u0173 darbuotoj\u0173 d\u0117ka.","inLanguage":"lt-LT","isPartOf":{"@id":"https:\/\/monatglobal.com\/lt\/#website"},"breadcrumb":{"@id":"https:\/\/monatglobal.com\/lt\/history\/#breadcrumblist"},"image":{"@type":"ImageObject","url":"https:\/\/monatglobal.com\/lt\/wp-content\/uploads\/sites\/11\/2022\/08\/reunion_23_ue_thumb.jpg","@id":"https:\/\/monatglobal.com\/lt\/history\/#mainImage","width":450,"height":350},"primaryImageOfPage":{"@id":"https:\/\/monatglobal.com\/lt\/history\/#mainImage"},"datePublished":"2022-11-18T14:25:01+00:00","dateModified":"2025-01-24T19:52:01+00:00"},{"@type":"WebSite","@id":"https:\/\/monatglobal.com\/lt\/#website","url":"https:\/\/monatglobal.com\/lt\/","name":"MONAT Lithuania","inLanguage":"lt-LT","publisher":{"@id":"https:\/\/monatglobal.com\/lt\/#organization"}}]},"og:locale":"lt_LT","og:site_name":"MONAT Lithuania -","og:type":"article","og:title":"MONAT istorija - MONAT Lithuania","og:description":"Viskas prasid\u0117jo nuo vizijos\u2026 MONAT istorija MONAT jud\u0117jimas prasid\u0117jo nuo vienos \u0161eimos ir vienos didel\u0117s svajon\u0117s - paversti pasaul\u012f geresne vieta kiekvienam, kartu si\u016blant auk\u0161\u010diausios kokyb\u0117s produktus ir naudingas galimybes. MONAT Urdanetos pristat\u0117 2014 m. spal\u012f. Vos per kelet\u0105 met\u0173 Urdanetos \u012fkv\u0117p\u0117 revoliucij\u0105 MONAT Market Partneri\u0173 atsidavimo, entuziastingo VIP klient\u0173 palaikymo ir talenting\u0173 darbuotoj\u0173 d\u0117ka.","og:url":"https:\/\/monatglobal.com\/lt\/history\/","article:published_time":"2022-11-18T14:25:01+00:00","article:modified_time":"2025-01-24T19:52:01+00:00","twitter:card":"summary_large_image","twitter:title":"MONAT istorija - MONAT Lithuania","twitter:description":"Viskas prasid\u0117jo nuo vizijos\u2026 MONAT istorija MONAT jud\u0117jimas prasid\u0117jo nuo vienos \u0161eimos ir vienos didel\u0117s svajon\u0117s - paversti pasaul\u012f geresne vieta kiekvienam, kartu si\u016blant auk\u0161\u010diausios kokyb\u0117s produktus ir naudingas galimybes. MONAT Urdanetos pristat\u0117 2014 m. spal\u012f. Vos per kelet\u0105 met\u0173 Urdanetos \u012fkv\u0117p\u0117 revoliucij\u0105 MONAT Market Partneri\u0173 atsidavimo, entuziastingo VIP klient\u0173 palaikymo ir talenting\u0173 darbuotoj\u0173 d\u0117ka."},"aioseo_meta_data":{"post_id":"75368","title":null,"description":null,"keywords":null,"keyphrases":null,"primary_term":null,"canonical_url":null,"og_title":null,"og_description":null,"og_object_type":"default","og_image_type":"default","og_image_url":null,"og_image_width":null,"og_image_height":null,"og_image_custom_url":null,"og_image_custom_fields":null,"og_video":null,"og_custom_url":null,"og_article_section":null,"og_article_tags":null,"twitter_use_og":false,"twitter_card":"default","twitter_image_type":"default","twitter_image_url":null,"twitter_image_custom_url":null,"twitter_image_custom_fields":null,"twitter_title":null,"twitter_description":null,"schema":{"blockGraphs":[],"customGraphs":[],"default":{"data":{"Article":[],"Course":[],"Dataset":[],"FAQPage":[],"Movie":[],"Person":[],"Product":[],"ProductReview":[],"Car":[],"Recipe":[],"Service":[],"SoftwareApplication":[],"WebPage":[]},"graphName":"","isEnabled":true},"graphs":[]},"schema_type":"default","schema_type_options":null,"pillar_content":false,"robots_default":true,"robots_noindex":false,"robots_noarchive":false,"robots_nosnippet":false,"robots_nofollow":false,"robots_noimageindex":false,"robots_noodp":false,"robots_notranslate":false,"robots_max_snippet":null,"robots_max_videopreview":null,"robots_max_imagepreview":"large","priority":null,"frequency":null,"local_seo":null,"seo_analyzer_scan_date":"2025-08-15 02:11:32","breadcrumb_settings":null,"limit_modified_date":false,"reviewed_by":null,"open_ai":null,"ai":null,"created":"2023-07-26 19:31:38","updated":"2026-02-10 05:24:24"},"aioseo_breadcrumb":"<div class=\"aioseo-breadcrumbs\"><span class=\"aioseo-breadcrumb\">\n\t<a href=\"https:\/\/monatglobal.com\/lt\" title=\"Home\">Home<\/a>\n<\/span><span class=\"aioseo-breadcrumb-separator\">&raquo;<\/span><span class=\"aioseo-breadcrumb\">\n\tMONAT istorija\n<\/span><\/div>","aioseo_breadcrumb_json":[{"label":"Home","link":"https:\/\/monatglobal.com\/lt"},{"label":"MONAT istorija","link":"https:\/\/monatglobal.com\/lt\/history\/"}],"_links":{"self":[{"href":"https:\/\/monatglobal.com\/lt\/wp-json\/wp\/v2\/pages\/75368","targetHints":{"allow":["GET"]}}],"collection":[{"href":"https:\/\/monatglobal.com\/lt\/wp-json\/wp\/v2\/pages"}],"about":[{"href":"https:\/\/monatglobal.com\/lt\/wp-json\/wp\/v2\/types\/page"}],"author":[{"embeddable":true,"href":"https:\/\/monatglobal.com\/lt\/wp-json\/wp\/v2\/users\/47"}],"replies":[{"embeddable":true,"href":"https:\/\/monatglobal.com\/lt\/wp-json\/wp\/v2\/comments?post=75368"}],"version-history":[{"count":9,"href":"https:\/\/monatglobal.com\/lt\/wp-json\/wp\/v2\/pages\/75368\/revisions"}],"predecessor-version":[{"id":86304,"href":"https:\/\/monatglobal.com\/lt\/wp-json\/wp\/v2\/pages\/75368\/revisions\/86304"}],"wp:featuredmedia":[{"embeddable":true,"href":"https:\/\/monatglobal.com\/lt\/wp-json\/wp\/v2\/media\/71189"}],"wp:attachment":[{"href":"https:\/\/monatglobal.com\/lt\/wp-json\/wp\/v2\/media?parent=75368"}],"wp:term":[{"taxonomy":"category","embeddable":true,"href":"https:\/\/monatglobal.com\/lt\/wp-json\/wp\/v2\/categories?post=75368"},{"taxonomy":"post_tag","embeddable":true,"href":"https:\/\/monatglobal.com\/lt\/wp-json\/wp\/v2\/tags?post=75368"}],"curies":[{"name":"wp","href":"https:\/\/api.w.org\/{rel}","templated":true}]}}