{"id":75364,"date":"2022-11-18T05:00:42","date_gmt":"2022-11-18T05:00:42","guid":{"rendered":"https:\/\/monatglobal.com\/lt\/?page_id=75364"},"modified":"2025-01-24T19:58:23","modified_gmt":"2025-01-24T19:58:23","slug":"culture","status":"publish","type":"page","link":"https:\/\/monatglobal.com\/lt\/culture\/","title":{"rendered":"Culture"},"content":{"rendered":"\n\n\t<link rel=\"stylesheet\" href=\"https:\/\/unpkg.com\/swiper\/swiper-bundle.min.css\" \/>\n<section id=\"welcomeSec\"> \n            <p>Sveiki<\/p>\n            <img decoding=\"async\" src=\"https:\/\/monatglobal.com\/wp-content\/uploads\/2022\/10\/Rectangle-15Imagen1-1.png\" loading=\"lazy\"\/>\n            <img decoding=\"async\" src=\"https:\/\/monatglobal.com\/wp-content\/uploads\/2022\/10\/193168168a50b2ff3e7a2b160179a2b9-min.gif\" loading=\"lazy\"\/>\n            <p>atvyk\u0119 \u012f<\/p>\n            <p>MONAT \u0161eim\u0105!<\/p>\n            <img decoding=\"async\" src=\"https:\/\/monatglobal.com\/wp-content\/uploads\/2022\/10\/Rectangle-16Imagen3-1.png\" loading=\"lazy\"\/>\n        <p>MONAT Kult\u016bra<\/p>\n<\/section>\n<section id=\"aboutSec\">\n        <img decoding=\"async\" src=\"https:\/\/monatglobal.com\/lt\/wp-content\/uploads\/sites\/11\/2022\/12\/circulo-lt.png\" loading=\"lazy\"\/>\n            <h2>MONAT did\u017eiuojam\u0117s savo kuriamais nat\u016braliu pagrindu i\u0161gautais produktais, ta\u010diau mes siekiame kur kas daugiau nei tik gra\u017ei\u0173 plauk\u0173 ir odos&nbsp;rezultat\u0173!<\/h2>\n            <p>Did\u017eiausias m\u016bs\u0173 pasidid\u017eiavimas yra tie gyvenimai, kuriuos mes kei\u010diame d\u0117ka m\u016bs\u0173 ne\u012ftik\u0117tin\u0173 galimybi\u0173, nes gyvenimo keitimas yra verslas, turintis tikr\u0105&nbsp;tiksl\u0105.<\/p>\n<\/section> \n<section id=\"largeSec\">\n                <h2>M\u016bs\u0173 misija yra pad\u0117ti \u017emon\u0117ms d\u017eiaugtis gra\u017eiu, sveiku, pilnaverti\u0161ku gyvenimu, naudojant m\u016bs\u0173 i\u0161skirtinius, nat\u016bralios kilm\u0117s produktus; smagi\u0105 ir nauding\u0105 verslo galimyb\u0119, bei \u0161eimos ir d\u0117kingumo&nbsp;kult\u016br\u0105.<\/h2>\n                            <img decoding=\"async\" src=\"https:\/\/monatglobal.com\/wp-content\/uploads\/2022\/10\/slider3.jpg\" alt=\"\" loading=\"lazy\"\/>\n                            <img decoding=\"async\" src=\"https:\/\/monatglobal.com\/wp-content\/uploads\/2022\/10\/slider1.jpg\" alt=\"\" loading=\"lazy\"\/>\n                            <img decoding=\"async\" src=\"https:\/\/monatglobal.com\/wp-content\/uploads\/2022\/10\/slider2.jpg\" alt=\"\" loading=\"lazy\"\/>\n                <img decoding=\"async\" src=\"https:\/\/monatglobal.com\/wp-content\/uploads\/2022\/10\/hover1.jpg\" loading=\"lazy\"\/>\n                    <h2>NATURALLY BASED PRODUCTS<\/h2>\n                <img decoding=\"async\" src=\"https:\/\/monatglobal.com\/wp-content\/uploads\/2022\/10\/hover2.jpg\" loading=\"lazy\"\/>\n                    <h2>FUN AND REWARDING OPPORTUNITY<\/h2>\n                <img decoding=\"async\" src=\"https:\/\/monatglobal.com\/wp-content\/uploads\/2022\/10\/hover3-1.jpg\" loading=\"lazy\"\/>\n                    <h2>CULTURE OF FAMILY, SERVICE, AND GRATITUDE.<\/h2>\n            <h2>Esame \u012fsipareigoj\u0119 laikytis pagrindini\u0173 vertybi\u0173, kurios yra kiekvieno m\u016bs\u0173 sprendimo&nbsp;dalis.<\/h2>\n            <img decoding=\"async\" src=\"https:\/\/monatglobal.com\/wp-content\/uploads\/2022\/10\/Rectangle-230familia-con-perrito.jpg\" loading=\"lazy\"\/> \n                <h2>Esame \u012fsipareigoj\u0119 laikytis pagrindini\u0173 vertybi\u0173, kurios yra kiekvieno m\u016bs\u0173 sprendimo&nbsp;dalis.<\/h2>\n                <p>Dirbame siekdami u\u017etikrinti, kad  gyvenimai keist\u0173si teigiamai ir prasmingai. Svarbiausia, jog mes tikime, kad \u0161eima visada pirmoje vietoje ir kad su m\u016bs\u0173 Market Partneriais ir j\u0173 klientais visada turi b\u016bti elgiamasi kaip su&nbsp;\u0161eima.<\/p>\n<\/section>\n<section id=\"philosophySec\">\n        <img decoding=\"async\" src=\"https:\/\/monatglobal.com\/wp-content\/uploads\/2022\/10\/EJR09178-1Philosofy2.jpg\" loading=\"lazy\"\/>\n                <h2>M\u016bs\u0173 filosofija labai&nbsp;paprasta<\/h2>\n                <h3>Mums sekasi, kai padedame kitiems b\u016bti&nbsp;s\u0117kmingiems.<\/h3>\n                <p>D\u017eiaugiam\u0117s, kai padedame kitiems rasti laim\u0119. MONAT mes padedame kitiems m\u0117gautis gra\u017eiu gyvenimu tiek viduje, tiek i\u0161or\u0117je. Tai taip pat rei\u0161kia, kad mokome d\u0117kingumo ir atsidavimo bendruomen\u0117ms, kuriose gyvename ir&nbsp;klestime!<\/p>\n        <img decoding=\"async\" src=\"https:\/\/monatglobal.com\/wp-content\/uploads\/2022\/10\/Component-7Pholosophy.jpg\" loading=\"lazy\"\/>\n        <img decoding=\"async\" src=\"https:\/\/monatglobal.com\/wp-content\/uploads\/2022\/10\/EJR09178-1Philosofy2.jpg\" loading=\"lazy\"\/>\n<\/section>\n\n","protected":false},"excerpt":{"rendered":"<p>Sveiki atvyk\u0119 \u012f MONAT \u0161eim\u0105! MONAT Kult\u016bra MONAT did\u017eiuojam\u0117s savo kuriamais nat\u016braliu pagrindu i\u0161gautais produktais, ta\u010diau mes siekiame kur kas daugiau nei tik gra\u017ei\u0173 plauk\u0173 ir odos&nbsp;rezultat\u0173! Did\u017eiausias m\u016bs\u0173 pasidid\u017eiavimas yra tie gyvenimai, kuriuos mes kei\u010diame d\u0117ka m\u016bs\u0173 ne\u012ftik\u0117tin\u0173 galimybi\u0173, nes gyvenimo keitimas yra verslas, turintis tikr\u0105&nbsp;tiksl\u0105. M\u016bs\u0173 misija yra pad\u0117ti \u017emon\u0117ms d\u017eiaugtis gra\u017eiu, sveiku,&hellip;<\/p>\n","protected":false},"author":33,"featured_media":0,"parent":0,"menu_order":0,"comment_status":"closed","ping_status":"closed","template":"","meta":{"inline_featured_image":false,"om_disable_all_campaigns":false,"_monsterinsights_skip_tracking":false,"_monsterinsights_sitenote_active":false,"_monsterinsights_sitenote_note":"","_monsterinsights_sitenote_category":0,"footnotes":""},"categories":[],"tags":[],"class_list":["post-75364","page","type-page","status-publish","hentry"],"aioseo_notices":[],"aioseo_head":"\n\t\t<!-- All in One SEO Pro 4.9.6 - aioseo.com -->\n\t<meta name=\"description\" content=\"Sveiki atvyk\u0119 \u012f MONAT \u0161eim\u0105! MONAT Kult\u016bra MONAT did\u017eiuojam\u0117s savo kuriamais nat\u016braliu pagrindu i\u0161gautais produktais, ta\u010diau mes siekiame kur kas daugiau nei tik gra\u017ei\u0173 plauk\u0173 ir odos rezultat\u0173! Did\u017eiausias m\u016bs\u0173 pasidid\u017eiavimas yra tie gyvenimai, kuriuos mes kei\u010diame d\u0117ka m\u016bs\u0173 ne\u012ftik\u0117tin\u0173 galimybi\u0173, nes gyvenimo keitimas yra verslas, turintis tikr\u0105 tiksl\u0105. M\u016bs\u0173 misija yra pad\u0117ti \u017emon\u0117ms d\u017eiaugtis gra\u017eiu, sveiku,\" \/>\n\t<meta name=\"robots\" content=\"max-image-preview:large\" \/>\n\t<link rel=\"canonical\" href=\"https:\/\/monatglobal.com\/lt\/culture\/\" \/>\n\t<meta name=\"generator\" content=\"All in One SEO Pro (AIOSEO) 4.9.6\" \/>\n\t\t<meta property=\"og:locale\" content=\"lt_LT\" \/>\n\t\t<meta property=\"og:site_name\" content=\"MONAT Lithuania -\" \/>\n\t\t<meta property=\"og:type\" content=\"article\" \/>\n\t\t<meta property=\"og:title\" content=\"Culture - MONAT Lithuania\" \/>\n\t\t<meta property=\"og:description\" content=\"Sveiki atvyk\u0119 \u012f MONAT \u0161eim\u0105! MONAT Kult\u016bra MONAT did\u017eiuojam\u0117s savo kuriamais nat\u016braliu pagrindu i\u0161gautais produktais, ta\u010diau mes siekiame kur kas daugiau nei tik gra\u017ei\u0173 plauk\u0173 ir odos rezultat\u0173! Did\u017eiausias m\u016bs\u0173 pasidid\u017eiavimas yra tie gyvenimai, kuriuos mes kei\u010diame d\u0117ka m\u016bs\u0173 ne\u012ftik\u0117tin\u0173 galimybi\u0173, nes gyvenimo keitimas yra verslas, turintis tikr\u0105 tiksl\u0105. M\u016bs\u0173 misija yra pad\u0117ti \u017emon\u0117ms d\u017eiaugtis gra\u017eiu, sveiku,\" \/>\n\t\t<meta property=\"og:url\" content=\"https:\/\/monatglobal.com\/lt\/culture\/\" \/>\n\t\t<meta property=\"article:published_time\" content=\"2022-11-18T05:00:42+00:00\" \/>\n\t\t<meta property=\"article:modified_time\" content=\"2025-01-24T19:58:23+00:00\" \/>\n\t\t<meta name=\"twitter:card\" content=\"summary_large_image\" \/>\n\t\t<meta name=\"twitter:title\" content=\"Culture - MONAT Lithuania\" \/>\n\t\t<meta name=\"twitter:description\" content=\"Sveiki atvyk\u0119 \u012f MONAT \u0161eim\u0105! MONAT Kult\u016bra MONAT did\u017eiuojam\u0117s savo kuriamais nat\u016braliu pagrindu i\u0161gautais produktais, ta\u010diau mes siekiame kur kas daugiau nei tik gra\u017ei\u0173 plauk\u0173 ir odos rezultat\u0173! Did\u017eiausias m\u016bs\u0173 pasidid\u017eiavimas yra tie gyvenimai, kuriuos mes kei\u010diame d\u0117ka m\u016bs\u0173 ne\u012ftik\u0117tin\u0173 galimybi\u0173, nes gyvenimo keitimas yra verslas, turintis tikr\u0105 tiksl\u0105. M\u016bs\u0173 misija yra pad\u0117ti \u017emon\u0117ms d\u017eiaugtis gra\u017eiu, sveiku,\" \/>\n\t\t<script type=\"application\/ld+json\" class=\"aioseo-schema\">\n\t\t\t{\"@context\":\"https:\\\/\\\/schema.org\",\"@graph\":[{\"@type\":\"BreadcrumbList\",\"@id\":\"https:\\\/\\\/monatglobal.com\\\/lt\\\/culture\\\/#breadcrumblist\",\"itemListElement\":[{\"@type\":\"ListItem\",\"@id\":\"https:\\\/\\\/monatglobal.com\\\/lt#listItem\",\"position\":1,\"name\":\"Home\",\"item\":\"https:\\\/\\\/monatglobal.com\\\/lt\",\"nextItem\":{\"@type\":\"ListItem\",\"@id\":\"https:\\\/\\\/monatglobal.com\\\/lt\\\/culture\\\/#listItem\",\"name\":\"Culture\"}},{\"@type\":\"ListItem\",\"@id\":\"https:\\\/\\\/monatglobal.com\\\/lt\\\/culture\\\/#listItem\",\"position\":2,\"name\":\"Culture\",\"previousItem\":{\"@type\":\"ListItem\",\"@id\":\"https:\\\/\\\/monatglobal.com\\\/lt#listItem\",\"name\":\"Home\"}}]},{\"@type\":\"Organization\",\"@id\":\"https:\\\/\\\/monatglobal.com\\\/lt\\\/#organization\",\"name\":\"MONAT Lithuania\",\"url\":\"https:\\\/\\\/monatglobal.com\\\/lt\\\/\"},{\"@type\":\"WebPage\",\"@id\":\"https:\\\/\\\/monatglobal.com\\\/lt\\\/culture\\\/#webpage\",\"url\":\"https:\\\/\\\/monatglobal.com\\\/lt\\\/culture\\\/\",\"name\":\"Culture - MONAT Lithuania\",\"description\":\"Sveiki atvyk\\u0119 \\u012f MONAT \\u0161eim\\u0105! MONAT Kult\\u016bra MONAT did\\u017eiuojam\\u0117s savo kuriamais nat\\u016braliu pagrindu i\\u0161gautais produktais, ta\\u010diau mes siekiame kur kas daugiau nei tik gra\\u017ei\\u0173 plauk\\u0173 ir odos rezultat\\u0173! Did\\u017eiausias m\\u016bs\\u0173 pasidid\\u017eiavimas yra tie gyvenimai, kuriuos mes kei\\u010diame d\\u0117ka m\\u016bs\\u0173 ne\\u012ftik\\u0117tin\\u0173 galimybi\\u0173, nes gyvenimo keitimas yra verslas, turintis tikr\\u0105 tiksl\\u0105. M\\u016bs\\u0173 misija yra pad\\u0117ti \\u017emon\\u0117ms d\\u017eiaugtis gra\\u017eiu, sveiku,\",\"inLanguage\":\"lt-LT\",\"isPartOf\":{\"@id\":\"https:\\\/\\\/monatglobal.com\\\/lt\\\/#website\"},\"breadcrumb\":{\"@id\":\"https:\\\/\\\/monatglobal.com\\\/lt\\\/culture\\\/#breadcrumblist\"},\"datePublished\":\"2022-11-18T05:00:42+00:00\",\"dateModified\":\"2025-01-24T19:58:23+00:00\"},{\"@type\":\"WebSite\",\"@id\":\"https:\\\/\\\/monatglobal.com\\\/lt\\\/#website\",\"url\":\"https:\\\/\\\/monatglobal.com\\\/lt\\\/\",\"name\":\"MONAT Lithuania\",\"inLanguage\":\"lt-LT\",\"publisher\":{\"@id\":\"https:\\\/\\\/monatglobal.com\\\/lt\\\/#organization\"}}]}\n\t\t<\/script>\n\t\t<!-- All in One SEO Pro -->\r\n\t\t<title>Culture - MONAT Lithuania<\/title>\n\n","aioseo_head_json":{"title":"Culture - MONAT Lithuania","description":"Sveiki atvyk\u0119 \u012f MONAT \u0161eim\u0105! MONAT Kult\u016bra MONAT did\u017eiuojam\u0117s savo kuriamais nat\u016braliu pagrindu i\u0161gautais produktais, ta\u010diau mes siekiame kur kas daugiau nei tik gra\u017ei\u0173 plauk\u0173 ir odos rezultat\u0173! Did\u017eiausias m\u016bs\u0173 pasidid\u017eiavimas yra tie gyvenimai, kuriuos mes kei\u010diame d\u0117ka m\u016bs\u0173 ne\u012ftik\u0117tin\u0173 galimybi\u0173, nes gyvenimo keitimas yra verslas, turintis tikr\u0105 tiksl\u0105. M\u016bs\u0173 misija yra pad\u0117ti \u017emon\u0117ms d\u017eiaugtis gra\u017eiu, sveiku,","canonical_url":"https:\/\/monatglobal.com\/lt\/culture\/","robots":"max-image-preview:large","keywords":"","webmasterTools":{"miscellaneous":""},"schema":{"@context":"https:\/\/schema.org","@graph":[{"@type":"BreadcrumbList","@id":"https:\/\/monatglobal.com\/lt\/culture\/#breadcrumblist","itemListElement":[{"@type":"ListItem","@id":"https:\/\/monatglobal.com\/lt#listItem","position":1,"name":"Home","item":"https:\/\/monatglobal.com\/lt","nextItem":{"@type":"ListItem","@id":"https:\/\/monatglobal.com\/lt\/culture\/#listItem","name":"Culture"}},{"@type":"ListItem","@id":"https:\/\/monatglobal.com\/lt\/culture\/#listItem","position":2,"name":"Culture","previousItem":{"@type":"ListItem","@id":"https:\/\/monatglobal.com\/lt#listItem","name":"Home"}}]},{"@type":"Organization","@id":"https:\/\/monatglobal.com\/lt\/#organization","name":"MONAT Lithuania","url":"https:\/\/monatglobal.com\/lt\/"},{"@type":"WebPage","@id":"https:\/\/monatglobal.com\/lt\/culture\/#webpage","url":"https:\/\/monatglobal.com\/lt\/culture\/","name":"Culture - MONAT Lithuania","description":"Sveiki atvyk\u0119 \u012f MONAT \u0161eim\u0105! MONAT Kult\u016bra MONAT did\u017eiuojam\u0117s savo kuriamais nat\u016braliu pagrindu i\u0161gautais produktais, ta\u010diau mes siekiame kur kas daugiau nei tik gra\u017ei\u0173 plauk\u0173 ir odos rezultat\u0173! Did\u017eiausias m\u016bs\u0173 pasidid\u017eiavimas yra tie gyvenimai, kuriuos mes kei\u010diame d\u0117ka m\u016bs\u0173 ne\u012ftik\u0117tin\u0173 galimybi\u0173, nes gyvenimo keitimas yra verslas, turintis tikr\u0105 tiksl\u0105. M\u016bs\u0173 misija yra pad\u0117ti \u017emon\u0117ms d\u017eiaugtis gra\u017eiu, sveiku,","inLanguage":"lt-LT","isPartOf":{"@id":"https:\/\/monatglobal.com\/lt\/#website"},"breadcrumb":{"@id":"https:\/\/monatglobal.com\/lt\/culture\/#breadcrumblist"},"datePublished":"2022-11-18T05:00:42+00:00","dateModified":"2025-01-24T19:58:23+00:00"},{"@type":"WebSite","@id":"https:\/\/monatglobal.com\/lt\/#website","url":"https:\/\/monatglobal.com\/lt\/","name":"MONAT Lithuania","inLanguage":"lt-LT","publisher":{"@id":"https:\/\/monatglobal.com\/lt\/#organization"}}]},"og:locale":"lt_LT","og:site_name":"MONAT Lithuania -","og:type":"article","og:title":"Culture - MONAT Lithuania","og:description":"Sveiki atvyk\u0119 \u012f MONAT \u0161eim\u0105! MONAT Kult\u016bra MONAT did\u017eiuojam\u0117s savo kuriamais nat\u016braliu pagrindu i\u0161gautais produktais, ta\u010diau mes siekiame kur kas daugiau nei tik gra\u017ei\u0173 plauk\u0173 ir odos rezultat\u0173! Did\u017eiausias m\u016bs\u0173 pasidid\u017eiavimas yra tie gyvenimai, kuriuos mes kei\u010diame d\u0117ka m\u016bs\u0173 ne\u012ftik\u0117tin\u0173 galimybi\u0173, nes gyvenimo keitimas yra verslas, turintis tikr\u0105 tiksl\u0105. M\u016bs\u0173 misija yra pad\u0117ti \u017emon\u0117ms d\u017eiaugtis gra\u017eiu, sveiku,","og:url":"https:\/\/monatglobal.com\/lt\/culture\/","article:published_time":"2022-11-18T05:00:42+00:00","article:modified_time":"2025-01-24T19:58:23+00:00","twitter:card":"summary_large_image","twitter:title":"Culture - MONAT Lithuania","twitter:description":"Sveiki atvyk\u0119 \u012f MONAT \u0161eim\u0105! MONAT Kult\u016bra MONAT did\u017eiuojam\u0117s savo kuriamais nat\u016braliu pagrindu i\u0161gautais produktais, ta\u010diau mes siekiame kur kas daugiau nei tik gra\u017ei\u0173 plauk\u0173 ir odos rezultat\u0173! Did\u017eiausias m\u016bs\u0173 pasidid\u017eiavimas yra tie gyvenimai, kuriuos mes kei\u010diame d\u0117ka m\u016bs\u0173 ne\u012ftik\u0117tin\u0173 galimybi\u0173, nes gyvenimo keitimas yra verslas, turintis tikr\u0105 tiksl\u0105. M\u016bs\u0173 misija yra pad\u0117ti \u017emon\u0117ms d\u017eiaugtis gra\u017eiu, sveiku,"},"aioseo_meta_data":{"post_id":"75364","title":null,"description":null,"keywords":null,"keyphrases":null,"primary_term":null,"canonical_url":null,"og_title":null,"og_description":null,"og_object_type":"default","og_image_type":"default","og_image_url":null,"og_image_width":null,"og_image_height":null,"og_image_custom_url":null,"og_image_custom_fields":null,"og_video":null,"og_custom_url":null,"og_article_section":null,"og_article_tags":null,"twitter_use_og":false,"twitter_card":"default","twitter_image_type":"default","twitter_image_url":null,"twitter_image_custom_url":null,"twitter_image_custom_fields":null,"twitter_title":null,"twitter_description":null,"schema":{"blockGraphs":[],"customGraphs":[],"default":{"data":{"Article":[],"Course":[],"Dataset":[],"FAQPage":[],"Movie":[],"Person":[],"Product":[],"ProductReview":[],"Car":[],"Recipe":[],"Service":[],"SoftwareApplication":[],"WebPage":[]},"graphName":"","isEnabled":true},"graphs":[]},"schema_type":"default","schema_type_options":null,"pillar_content":false,"robots_default":true,"robots_noindex":false,"robots_noarchive":false,"robots_nosnippet":false,"robots_nofollow":false,"robots_noimageindex":false,"robots_noodp":false,"robots_notranslate":false,"robots_max_snippet":null,"robots_max_videopreview":null,"robots_max_imagepreview":"large","priority":null,"frequency":null,"local_seo":null,"seo_analyzer_scan_date":"2025-08-15 02:11:30","breadcrumb_settings":null,"limit_modified_date":false,"reviewed_by":null,"open_ai":null,"ai":null,"created":"2023-07-26 19:31:38","updated":"2026-02-10 05:24:18"},"aioseo_breadcrumb":"<div class=\"aioseo-breadcrumbs\"><span class=\"aioseo-breadcrumb\">\n\t<a href=\"https:\/\/monatglobal.com\/lt\" title=\"Home\">Home<\/a>\n<\/span><span class=\"aioseo-breadcrumb-separator\">&raquo;<\/span><span class=\"aioseo-breadcrumb\">\n\tCulture\n<\/span><\/div>","aioseo_breadcrumb_json":[{"label":"Home","link":"https:\/\/monatglobal.com\/lt"},{"label":"Culture","link":"https:\/\/monatglobal.com\/lt\/culture\/"}],"_links":{"self":[{"href":"https:\/\/monatglobal.com\/lt\/wp-json\/wp\/v2\/pages\/75364","targetHints":{"allow":["GET"]}}],"collection":[{"href":"https:\/\/monatglobal.com\/lt\/wp-json\/wp\/v2\/pages"}],"about":[{"href":"https:\/\/monatglobal.com\/lt\/wp-json\/wp\/v2\/types\/page"}],"author":[{"embeddable":true,"href":"https:\/\/monatglobal.com\/lt\/wp-json\/wp\/v2\/users\/33"}],"replies":[{"embeddable":true,"href":"https:\/\/monatglobal.com\/lt\/wp-json\/wp\/v2\/comments?post=75364"}],"version-history":[{"count":8,"href":"https:\/\/monatglobal.com\/lt\/wp-json\/wp\/v2\/pages\/75364\/revisions"}],"predecessor-version":[{"id":86306,"href":"https:\/\/monatglobal.com\/lt\/wp-json\/wp\/v2\/pages\/75364\/revisions\/86306"}],"wp:attachment":[{"href":"https:\/\/monatglobal.com\/lt\/wp-json\/wp\/v2\/media?parent=75364"}],"wp:term":[{"taxonomy":"category","embeddable":true,"href":"https:\/\/monatglobal.com\/lt\/wp-json\/wp\/v2\/categories?post=75364"},{"taxonomy":"post_tag","embeddable":true,"href":"https:\/\/monatglobal.com\/lt\/wp-json\/wp\/v2\/tags?post=75364"}],"curies":[{"name":"wp","href":"https:\/\/api.w.org\/{rel}","templated":true}]}}