{"id":71182,"date":"2022-08-10T02:43:48","date_gmt":"2022-08-10T01:43:48","guid":{"rendered":"https:\/\/monatglobal.com\/lt\/?page_id=71182"},"modified":"2022-12-07T20:43:23","modified_gmt":"2022-12-07T20:43:23","slug":"reunion","status":"publish","type":"page","link":"https:\/\/monatglobal.com\/lt\/reunion\/","title":{"rendered":"Reunion 2023"},"content":{"rendered":"\n\n\t<link rel='stylesheet' href='https:\/\/unpkg.com\/swiper\/swiper-bundle.min.css'\/>\n        <h1>\n            Malta<br \/>\n            pasl\u0117ptas Vidur\u017eemio<br \/>\n            j\u016bros perlas\n        <\/h1>\n        <p>Kvalifikacijos laikotarpis: <br \/>2022 m. rugpj\u016b\u010dio 1 d. &#8211; 2023 m. sausio 31 d.<\/p>\n                <h3>Prisijunkite prie m\u016bs\u0173 Maltoje &#8211; Vidur\u017eemio j\u016bros regiono prabangos ir ramyb\u0117s oaz\u0117je.<\/h3> \n                    <p>Visi, kurie su mumis dalyvavo \u201eReunion&#8221;, \u017eino, kad tai daug daugiau nei tik kelion\u0117 &#8211; tai ka\u017ekas, ko niekada nepamir\u0161ite. Susirasite draug\u0173 visam gyvenimui, u\u017emegsite ry\u0161ius su senais draugais ir patirsite geriausi\u0173 \u012fsp\u016bd\u017ei\u0173, kuri\u0173 u\u017e pinigus&nbsp;nenusipirksite.<\/p>\n                    <p>Tur\u0117site galimyb\u0119 kartu su mumis dalyvauti \u201eMONAT Europe&#8221; patirtyje ir i\u0161vysti saul\u0117lyd\u012f kruize. Per i\u0161kilming\u0105 vakarien\u0119 \u0161oksime iki pary\u010di\u0173 ir apsistosime I\u0160SKIRTINIAME 5 \u017evaig\u017edu\u010di\u0173 vie\u0161butyje, esan\u010diame NUOSAVAME pusiasalyje, kur\u012f skalauja j\u016bros&nbsp;krantai.<\/p>\n                <p>Malta yra gyvybinga, draugi\u0161ka, istorin\u0117&#8230; ir ji laukia j\u016bs\u0173 2023 m. gegu\u017e\u0117s m\u0117n. Kas ten&nbsp;dalyvaus?<\/p> \n                <img decoding=\"async\" src=\"https:\/\/monatglobal.com\/wp-content\/uploads\/2022\/08\/comp_1_ue.png\"\/>\n            <img decoding=\"async\" src=\"https:\/\/monatglobal.com\/wp-content\/uploads\/2022\/08\/banner_automatic_ue_23.jpg\"\/>\n                    <p>RUGPJ\u016aTIS<br \/> AUTOMATI\u0160KI<\/p>\n                    <p>Prad\u0117kite savo kvalifikacij\u0105&nbsp;rugpj\u016bt\u012f!<\/p> \n                    <p>PADVIGUBINKITE savo pirm\u0105j\u012f m\u0117nes\u012f <br \/>su 1 500 PV!<\/p>\n                    <p>Naujieji Market Partneriai rugpj\u016bt\u012f: automati\u0161kai b\u016bkite kvalifikuoti u\u017e pirm\u0105j\u012f m\u0117nes\u012f!<\/p>\n                    <p><a href=\"#powerup\">Daugiau informacijos rasite \u017eemiau!<\/a><\/p> \n            <h2>AGENDA<\/h2>\n            <p>Agenda is subject to change<\/p>\n                <p>Day 01<\/p>\n                    <p>Monday, April 3<\/p>\n                    <p>Arrivals and hotel check-in <\/p>\n                <p>Day 02<\/p>\n                    <p>Tuesday, April 4<\/p>\n                    General Session 9:30 a.m-4:00 p.m<br \/>\n                    Evening Reception 7:00-8:30 p.m\n                <p>Day 03<\/p>\n                    <p>Wednesday, April 5<\/p>\n                    <p>Full day of leisure<\/p>\n                <p>Day 04<\/p>\n                    <p>Thursday, April 6<\/p>\n                    <p>Hotel checkout and departures<\/p>\n            <img decoding=\"async\" alt=\"\" src=\"https:\/\/monatglobal.com\/wp-content\/uploads\/2022\/08\/reunion_22_1.jpg\" \/>\n            <img decoding=\"async\" alt=\"\" src=\"https:\/\/monatglobal.com\/wp-content\/uploads\/2022\/08\/reunion_22_2.jpg\" \/>\n            <img decoding=\"async\" alt=\"\" src=\"https:\/\/monatglobal.com\/wp-content\/uploads\/2022\/08\/reunion_22_3.jpg\"\/>\n            <img decoding=\"async\" alt=\"\" src=\"https:\/\/monatglobal.com\/wp-content\/uploads\/2022\/08\/reunion_22_4.jpg\"\/>\n            <img decoding=\"async\" alt=\"\" src=\"https:\/\/monatglobal.com\/wp-content\/uploads\/2022\/08\/reunion_22_5.jpg\" \/>\n            <img decoding=\"async\" alt=\"\" src=\"https:\/\/monatglobal.com\/wp-content\/uploads\/2022\/08\/EJR08712-scaled.jpg\"\/>\n            <img decoding=\"async\" alt=\"\" src=\"https:\/\/monatglobal.com\/wp-content\/uploads\/2022\/08\/reunion_22_6.jpg\"\/>\n            <img decoding=\"async\" alt=\"\" src=\"https:\/\/monatglobal.com\/wp-content\/uploads\/2022\/08\/reunion_22_7.jpg\" \/>\n    <!---->\n        <h3>Kvalifikacijos kriterijai<\/h3> \n        <p>Per kvalifikacin\u012f laikotarp\u012f u\u017eregistruokite 5 naujus VIP klientus, turin\u010dius ne ma\u017eiau kaip 100 PV, IR \u012fvykdykite toliau nurodyt\u0105 PV&nbsp;reikalavim\u0105.<\/p>\n               <p>PV reikalavimas: <br \/>Atitikite 6 m\u0117nesi\u0173 reikalavim\u0105 per bet kuriuos 5 m\u0117n.<\/p>\n               Karjeros rangas:<br \/> MP, MMP, AMB ir MB, pasiek\u0119 rang\u0105 iki 2022 m. rugpj\u016b\u010dio 1d.\n\n               <p>Karjeros rangas:<br \/> MMB ir auk\u0161\u010diau pasiektas rangas iki 2022 m. rugpj\u016b\u010dio 1 d.<\/p>\n               <p>Pakopa 1<\/p>\n               <p>Prizas<\/p>\n               <p>1 500 PV*<\/p>\n               <p>2 000 PV**<\/p>\n               <p>Kelion\u0117 + bendras kambarys<\/p>\n               <p>Pakopa 2<\/p>\n               <p>Prizas<\/p>\n               <p>3 000 PV*<\/p>\n               <p>3 500 PV**<\/p>\n               <p>Kelion\u0117 + vienvietis kambarys + 250&nbsp;\u00a3<\/p>\n               <p>Pakopa 3<\/p>\n               <p>Prizas<\/p>\n               <p>4 000 PV*<\/p> \n               <p>5 000 PV**<\/p>\n               <p>Kelion\u0117 dviems (antroji kelion\u0117 pirmyn ir atgal sutuoktiniui (-ei) \/ ne MP suaug\u0119s sve\u010dias privalo skristi tuo pa\u010diu mar\u0161rutu) + vienvietis kambarys + 250&nbsp;\u00a3<\/p>\n                    <p>VIP registracijos reikalavimas (visos pakopos, visi reitingai)<\/p>\n                    <p>U\u017eregistruokite 5 ar daugiau naujus VIP klientus (turin\u010dius daugiau nei 100 PV bendroje pirkini\u0173 sumoje) per 6 m\u0117nesi\u0173 kvalifikacin\u012f laikotarp\u012f<\/p>\n                    *Ma\u017eiausiai 1 000 PV kas m\u0117nes\u012f privalo sudaryti klient\u0173 pirkimai (VIP arba ma\u017emenin\u0117s prekybos).<br \/>**Ma\u017eiausiai 1 500 PV kas m\u0117nes\u012f privalo sudaryti klient\u0173 pirkimai (VIP arba ma\u017emenin\u0117s prekybos).\n\n               <p>Kelion\u0117 apima kelion\u0119 \u012f abi puses, 3 nakt\u0173 apgyvendinim\u0105, pusry\u010dius kiekvien\u0105 dien\u0105, \u201eMONAT&#8221; patirt\u012f, i\u0161kilming\u0105 \u0161vent\u0119 ir daugyb\u0119 ypating\u0173 \u201eMONAT&#8221; Europa akcent\u0173 ir&nbsp;staigmen\u0173!<\/p>\n        <p>NOR\u0116DAMI ATITIKTI KVALIFIKACIJ\u0104, VISI MARKET PARTNERIAI 2023 M. SAUSIO M\u0116N. PRIVALO B\u016aTI APMOKAMI KAIP MMP ARBA&nbsp;AUK\u0160\u010cIAU.<\/p>\n        <h2>RUGPJ\u016aTIS<br \/> AUTOMATI\u0160KAI<\/h2>\n        <p>\u0160OKITE \u012f kvalifikacij\u0105!<\/p>  \n        Rugpj\u016b\u010dio 1-31 d. \n                        <p>PADVIGUBINKITE savo pirm\u0105j\u012f&nbsp;m\u0117nes\u012f<\/p>\n                        <p>Bet kuris Market Partneris, kuris pasiekia 1 500 arba didesn\u012f PV rugpj\u016b\u010dio m\u0117nes\u012f, AUTOMATI\u0160KAI gaus antr\u0105j\u012f m\u0117nes\u012f, kuris bus u\u017eskaitomas j\u0173 1-os pakopos&nbsp;kvalifikacijai.<\/p>\n                        <p>Naujieji<br \/>Market Partneriai: <\/p>\n                        <p>Visi nauji Market Partneriai, u\u017esiregistrav\u0119 ir \u012fsigij\u0119 produkt\u0173 paket\u0105 rugpj\u016b\u010dio m\u0117n., AUTOMATI\u0160KAI pasieks 1 500 PV vert\u0117s pirm\u0105j\u012f 1-osios pakopos kvalifikacijos m\u0117nes\u012f. Be to, u\u017eskaitysime antr\u0105j\u012f m\u0117nes\u012f, jeigu per pirm\u0105j\u012f m\u0117nes\u012f pasieksite 1 500 PV arba&nbsp;daugiau.<\/p>\n                <img decoding=\"async\" src=\"https:\/\/monatglobal.com\/wp-content\/uploads\/2022\/08\/participate_ue_ph.png\"\/>\n                <h2>Kas turi<br \/>teis\u0119 dalyvauti?<\/h2>\n                <p>Visi \u201eMarket Partners&#8221; JK, Airijoje,<br \/>Lenkijoje, Ispanijoje ir Lietuvoje <\/p>\n       <h2>Kas \u012feina<br \/>\u012f kelion\u0119?<\/h2>  \n               <p>Kelion\u0117 \u012f abi puses i\u0161 pagrindinio JK, Airijos, Lenkijos, Ispanijos ar Lietuvos oro&nbsp;uosto*<\/p> \n               <p>3 naktys apgyvendinimo su&nbsp;pusry\u010diais<\/p>\n               <p>I\u0161kilminga vakarien\u0117<\/p>\n               <p>Ypatingos \u201eMONAT&#8221; patirtys<\/p> \n               <p>Daugyb\u0117 ypating\u0173 \u201eMONAT&#8221; Europa akcent\u0173 ir&nbsp;staigmen\u0173!<\/p>\n               <p>250 \u00a3 \u010dekis, kur\u012f gal\u0117site panaudoti, kur norite! (tik 2 ir 3&nbsp;pakopa)<\/p>\n         <a href=\"https:\/\/monatglobal.com\/lt\/wp-content\/uploads\/sites\/11\/2022\/08\/LT_Reunion-2023-FAQs_072922_v1.pdf\" target=\"_blank\" aria-label=\"go to FAQ\" rel=\"noopener\">FAQ<\/a>\n       <p>*\u017dr. \u201eMONAT Global&#8221; apmok\u0117t\u0173 l\u0117ktuv\u0173 biliet\u0173 <a id=\"tandc_txt\" href=\"https:\/\/monatglobal.com\/lt\/wp-content\/uploads\/sites\/11\/2022\/08\/LT_Reunion-2023_Terms-and-Conditions_072622_v1.pdf\" target=\"_blank\" aria-label=\"Go to Terms and Conditions\" rel=\"noopener\">pri\u0117mimo s\u0105lygas ir nuostatas<\/a> (nuoroda \u012f s\u0105lygas ir&nbsp;nuostatas).<\/p> \n\n","protected":false},"excerpt":{"rendered":"<p>Malta pasl\u0117ptas Vidur\u017eemio j\u016bros perlas Kvalifikacijos laikotarpis: 2022 m. rugpj\u016b\u010dio 1 d. &#8211; 2023 m. sausio 31 d. Prisijunkite prie m\u016bs\u0173 Maltoje &#8211; Vidur\u017eemio j\u016bros regiono prabangos ir ramyb\u0117s oaz\u0117je. Visi, kurie su mumis dalyvavo \u201eReunion&#8221;, \u017eino, kad tai daug daugiau nei tik kelion\u0117 &#8211; tai ka\u017ekas, ko niekada nepamir\u0161ite. Susirasite draug\u0173 visam gyvenimui, u\u017emegsite&hellip;<\/p>\n","protected":false},"author":33,"featured_media":71189,"parent":0,"menu_order":0,"comment_status":"closed","ping_status":"closed","template":"","meta":{"inline_featured_image":false,"om_disable_all_campaigns":false,"_monsterinsights_skip_tracking":false,"_monsterinsights_sitenote_active":false,"_monsterinsights_sitenote_note":"","_monsterinsights_sitenote_category":0,"footnotes":""},"categories":[],"tags":[],"class_list":["post-71182","page","type-page","status-publish","has-post-thumbnail","hentry"],"aioseo_notices":[],"aioseo_head":"\n\t\t<!-- All in One SEO Pro 4.9.5.2 - aioseo.com -->\n\t<meta name=\"description\" content=\"Malta pasl\u0117ptas Vidur\u017eemio j\u016bros perlas Kvalifikacijos laikotarpis: 2022 m. rugpj\u016b\u010dio 1 d. - 2023 m. sausio 31 d. Prisijunkite prie m\u016bs\u0173 Maltoje - Vidur\u017eemio j\u016bros regiono prabangos ir ramyb\u0117s oaz\u0117je. Visi, kurie su mumis dalyvavo \u201eReunion&quot;, \u017eino, kad tai daug daugiau nei tik kelion\u0117 - tai ka\u017ekas, ko niekada nepamir\u0161ite. Susirasite draug\u0173 visam gyvenimui, u\u017emegsite\" \/>\n\t<meta name=\"robots\" content=\"max-image-preview:large\" \/>\n\t<link rel=\"canonical\" href=\"https:\/\/monatglobal.com\/lt\/reunion\/\" \/>\n\t<meta name=\"generator\" content=\"All in One SEO Pro (AIOSEO) 4.9.5.2\" \/>\n\t\t<meta property=\"og:locale\" content=\"lt_LT\" \/>\n\t\t<meta property=\"og:site_name\" content=\"MONAT Lithuania -\" \/>\n\t\t<meta property=\"og:type\" content=\"article\" \/>\n\t\t<meta property=\"og:title\" content=\"Reunion 2023 - MONAT Lithuania\" \/>\n\t\t<meta property=\"og:description\" content=\"Malta pasl\u0117ptas Vidur\u017eemio j\u016bros perlas Kvalifikacijos laikotarpis: 2022 m. rugpj\u016b\u010dio 1 d. - 2023 m. sausio 31 d. Prisijunkite prie m\u016bs\u0173 Maltoje - Vidur\u017eemio j\u016bros regiono prabangos ir ramyb\u0117s oaz\u0117je. Visi, kurie su mumis dalyvavo \u201eReunion&quot;, \u017eino, kad tai daug daugiau nei tik kelion\u0117 - tai ka\u017ekas, ko niekada nepamir\u0161ite. Susirasite draug\u0173 visam gyvenimui, u\u017emegsite\" \/>\n\t\t<meta property=\"og:url\" content=\"https:\/\/monatglobal.com\/lt\/reunion\/\" \/>\n\t\t<meta property=\"article:published_time\" content=\"2022-08-10T01:43:48+00:00\" \/>\n\t\t<meta property=\"article:modified_time\" content=\"2022-12-07T20:43:23+00:00\" \/>\n\t\t<meta name=\"twitter:card\" content=\"summary_large_image\" \/>\n\t\t<meta name=\"twitter:title\" content=\"Reunion 2023 - MONAT Lithuania\" \/>\n\t\t<meta name=\"twitter:description\" content=\"Malta pasl\u0117ptas Vidur\u017eemio j\u016bros perlas Kvalifikacijos laikotarpis: 2022 m. rugpj\u016b\u010dio 1 d. - 2023 m. sausio 31 d. Prisijunkite prie m\u016bs\u0173 Maltoje - Vidur\u017eemio j\u016bros regiono prabangos ir ramyb\u0117s oaz\u0117je. Visi, kurie su mumis dalyvavo \u201eReunion&quot;, \u017eino, kad tai daug daugiau nei tik kelion\u0117 - tai ka\u017ekas, ko niekada nepamir\u0161ite. Susirasite draug\u0173 visam gyvenimui, u\u017emegsite\" \/>\n\t\t<script type=\"application\/ld+json\" class=\"aioseo-schema\">\n\t\t\t{\"@context\":\"https:\\\/\\\/schema.org\",\"@graph\":[{\"@type\":\"BreadcrumbList\",\"@id\":\"https:\\\/\\\/monatglobal.com\\\/lt\\\/reunion\\\/#breadcrumblist\",\"itemListElement\":[{\"@type\":\"ListItem\",\"@id\":\"https:\\\/\\\/monatglobal.com\\\/lt#listItem\",\"position\":1,\"name\":\"Home\",\"item\":\"https:\\\/\\\/monatglobal.com\\\/lt\",\"nextItem\":{\"@type\":\"ListItem\",\"@id\":\"https:\\\/\\\/monatglobal.com\\\/lt\\\/reunion\\\/#listItem\",\"name\":\"Reunion 2023\"}},{\"@type\":\"ListItem\",\"@id\":\"https:\\\/\\\/monatglobal.com\\\/lt\\\/reunion\\\/#listItem\",\"position\":2,\"name\":\"Reunion 2023\",\"previousItem\":{\"@type\":\"ListItem\",\"@id\":\"https:\\\/\\\/monatglobal.com\\\/lt#listItem\",\"name\":\"Home\"}}]},{\"@type\":\"Organization\",\"@id\":\"https:\\\/\\\/monatglobal.com\\\/lt\\\/#organization\",\"name\":\"MONAT Lithuania\",\"url\":\"https:\\\/\\\/monatglobal.com\\\/lt\\\/\"},{\"@type\":\"WebPage\",\"@id\":\"https:\\\/\\\/monatglobal.com\\\/lt\\\/reunion\\\/#webpage\",\"url\":\"https:\\\/\\\/monatglobal.com\\\/lt\\\/reunion\\\/\",\"name\":\"Reunion 2023 - MONAT Lithuania\",\"description\":\"Malta pasl\\u0117ptas Vidur\\u017eemio j\\u016bros perlas Kvalifikacijos laikotarpis: 2022 m. rugpj\\u016b\\u010dio 1 d. - 2023 m. sausio 31 d. Prisijunkite prie m\\u016bs\\u0173 Maltoje - Vidur\\u017eemio j\\u016bros regiono prabangos ir ramyb\\u0117s oaz\\u0117je. Visi, kurie su mumis dalyvavo \\u201eReunion\\\", \\u017eino, kad tai daug daugiau nei tik kelion\\u0117 - tai ka\\u017ekas, ko niekada nepamir\\u0161ite. Susirasite draug\\u0173 visam gyvenimui, u\\u017emegsite\",\"inLanguage\":\"lt-LT\",\"isPartOf\":{\"@id\":\"https:\\\/\\\/monatglobal.com\\\/lt\\\/#website\"},\"breadcrumb\":{\"@id\":\"https:\\\/\\\/monatglobal.com\\\/lt\\\/reunion\\\/#breadcrumblist\"},\"image\":{\"@type\":\"ImageObject\",\"url\":\"https:\\\/\\\/monatglobal.com\\\/lt\\\/wp-content\\\/uploads\\\/sites\\\/11\\\/2022\\\/08\\\/reunion_23_ue_thumb.jpg\",\"@id\":\"https:\\\/\\\/monatglobal.com\\\/lt\\\/reunion\\\/#mainImage\",\"width\":450,\"height\":350},\"primaryImageOfPage\":{\"@id\":\"https:\\\/\\\/monatglobal.com\\\/lt\\\/reunion\\\/#mainImage\"},\"datePublished\":\"2022-08-10T02:43:48+01:00\",\"dateModified\":\"2022-12-07T20:43:23+00:00\"},{\"@type\":\"WebSite\",\"@id\":\"https:\\\/\\\/monatglobal.com\\\/lt\\\/#website\",\"url\":\"https:\\\/\\\/monatglobal.com\\\/lt\\\/\",\"name\":\"MONAT Lithuania\",\"inLanguage\":\"lt-LT\",\"publisher\":{\"@id\":\"https:\\\/\\\/monatglobal.com\\\/lt\\\/#organization\"}}]}\n\t\t<\/script>\n\t\t<!-- All in One SEO Pro -->\r\n\t\t<title>Reunion 2023 - MONAT Lithuania<\/title>\n\n","aioseo_head_json":{"title":"Reunion 2023 - MONAT Lithuania","description":"Malta pasl\u0117ptas Vidur\u017eemio j\u016bros perlas Kvalifikacijos laikotarpis: 2022 m. rugpj\u016b\u010dio 1 d. - 2023 m. sausio 31 d. Prisijunkite prie m\u016bs\u0173 Maltoje - Vidur\u017eemio j\u016bros regiono prabangos ir ramyb\u0117s oaz\u0117je. Visi, kurie su mumis dalyvavo \u201eReunion\", \u017eino, kad tai daug daugiau nei tik kelion\u0117 - tai ka\u017ekas, ko niekada nepamir\u0161ite. Susirasite draug\u0173 visam gyvenimui, u\u017emegsite","canonical_url":"https:\/\/monatglobal.com\/lt\/reunion\/","robots":"max-image-preview:large","keywords":"","webmasterTools":{"miscellaneous":""},"schema":{"@context":"https:\/\/schema.org","@graph":[{"@type":"BreadcrumbList","@id":"https:\/\/monatglobal.com\/lt\/reunion\/#breadcrumblist","itemListElement":[{"@type":"ListItem","@id":"https:\/\/monatglobal.com\/lt#listItem","position":1,"name":"Home","item":"https:\/\/monatglobal.com\/lt","nextItem":{"@type":"ListItem","@id":"https:\/\/monatglobal.com\/lt\/reunion\/#listItem","name":"Reunion 2023"}},{"@type":"ListItem","@id":"https:\/\/monatglobal.com\/lt\/reunion\/#listItem","position":2,"name":"Reunion 2023","previousItem":{"@type":"ListItem","@id":"https:\/\/monatglobal.com\/lt#listItem","name":"Home"}}]},{"@type":"Organization","@id":"https:\/\/monatglobal.com\/lt\/#organization","name":"MONAT Lithuania","url":"https:\/\/monatglobal.com\/lt\/"},{"@type":"WebPage","@id":"https:\/\/monatglobal.com\/lt\/reunion\/#webpage","url":"https:\/\/monatglobal.com\/lt\/reunion\/","name":"Reunion 2023 - MONAT Lithuania","description":"Malta pasl\u0117ptas Vidur\u017eemio j\u016bros perlas Kvalifikacijos laikotarpis: 2022 m. rugpj\u016b\u010dio 1 d. - 2023 m. sausio 31 d. Prisijunkite prie m\u016bs\u0173 Maltoje - Vidur\u017eemio j\u016bros regiono prabangos ir ramyb\u0117s oaz\u0117je. Visi, kurie su mumis dalyvavo \u201eReunion\", \u017eino, kad tai daug daugiau nei tik kelion\u0117 - tai ka\u017ekas, ko niekada nepamir\u0161ite. Susirasite draug\u0173 visam gyvenimui, u\u017emegsite","inLanguage":"lt-LT","isPartOf":{"@id":"https:\/\/monatglobal.com\/lt\/#website"},"breadcrumb":{"@id":"https:\/\/monatglobal.com\/lt\/reunion\/#breadcrumblist"},"image":{"@type":"ImageObject","url":"https:\/\/monatglobal.com\/lt\/wp-content\/uploads\/sites\/11\/2022\/08\/reunion_23_ue_thumb.jpg","@id":"https:\/\/monatglobal.com\/lt\/reunion\/#mainImage","width":450,"height":350},"primaryImageOfPage":{"@id":"https:\/\/monatglobal.com\/lt\/reunion\/#mainImage"},"datePublished":"2022-08-10T02:43:48+01:00","dateModified":"2022-12-07T20:43:23+00:00"},{"@type":"WebSite","@id":"https:\/\/monatglobal.com\/lt\/#website","url":"https:\/\/monatglobal.com\/lt\/","name":"MONAT Lithuania","inLanguage":"lt-LT","publisher":{"@id":"https:\/\/monatglobal.com\/lt\/#organization"}}]},"og:locale":"lt_LT","og:site_name":"MONAT Lithuania -","og:type":"article","og:title":"Reunion 2023 - MONAT Lithuania","og:description":"Malta pasl\u0117ptas Vidur\u017eemio j\u016bros perlas Kvalifikacijos laikotarpis: 2022 m. rugpj\u016b\u010dio 1 d. - 2023 m. sausio 31 d. Prisijunkite prie m\u016bs\u0173 Maltoje - Vidur\u017eemio j\u016bros regiono prabangos ir ramyb\u0117s oaz\u0117je. Visi, kurie su mumis dalyvavo \u201eReunion&quot;, \u017eino, kad tai daug daugiau nei tik kelion\u0117 - tai ka\u017ekas, ko niekada nepamir\u0161ite. Susirasite draug\u0173 visam gyvenimui, u\u017emegsite","og:url":"https:\/\/monatglobal.com\/lt\/reunion\/","article:published_time":"2022-08-10T01:43:48+00:00","article:modified_time":"2022-12-07T20:43:23+00:00","twitter:card":"summary_large_image","twitter:title":"Reunion 2023 - MONAT Lithuania","twitter:description":"Malta pasl\u0117ptas Vidur\u017eemio j\u016bros perlas Kvalifikacijos laikotarpis: 2022 m. rugpj\u016b\u010dio 1 d. - 2023 m. sausio 31 d. Prisijunkite prie m\u016bs\u0173 Maltoje - Vidur\u017eemio j\u016bros regiono prabangos ir ramyb\u0117s oaz\u0117je. Visi, kurie su mumis dalyvavo \u201eReunion&quot;, \u017eino, kad tai daug daugiau nei tik kelion\u0117 - tai ka\u017ekas, ko niekada nepamir\u0161ite. Susirasite draug\u0173 visam gyvenimui, u\u017emegsite"},"aioseo_meta_data":{"post_id":"71182","title":null,"description":null,"keywords":null,"keyphrases":null,"primary_term":null,"canonical_url":null,"og_title":null,"og_description":null,"og_object_type":"default","og_image_type":"default","og_image_url":null,"og_image_width":null,"og_image_height":null,"og_image_custom_url":null,"og_image_custom_fields":null,"og_video":null,"og_custom_url":null,"og_article_section":null,"og_article_tags":null,"twitter_use_og":false,"twitter_card":"default","twitter_image_type":"default","twitter_image_url":null,"twitter_image_custom_url":null,"twitter_image_custom_fields":null,"twitter_title":null,"twitter_description":null,"schema":{"blockGraphs":[],"customGraphs":[],"default":{"data":{"Article":[],"Course":[],"Dataset":[],"FAQPage":[],"Movie":[],"Person":[],"Product":[],"ProductReview":[],"Car":[],"Recipe":[],"Service":[],"SoftwareApplication":[],"WebPage":[]},"graphName":"","isEnabled":true},"graphs":[]},"schema_type":"default","schema_type_options":null,"pillar_content":false,"robots_default":true,"robots_noindex":false,"robots_noarchive":false,"robots_nosnippet":false,"robots_nofollow":false,"robots_noimageindex":false,"robots_noodp":false,"robots_notranslate":false,"robots_max_snippet":null,"robots_max_videopreview":null,"robots_max_imagepreview":"large","priority":null,"frequency":null,"local_seo":null,"seo_analyzer_scan_date":"2025-08-15 02:03:20","breadcrumb_settings":null,"limit_modified_date":false,"reviewed_by":null,"open_ai":null,"ai":null,"created":"2023-07-26 19:27:24","updated":"2025-08-15 02:03:20"},"aioseo_breadcrumb":"<div class=\"aioseo-breadcrumbs\"><span class=\"aioseo-breadcrumb\">\n\t<a href=\"https:\/\/monatglobal.com\/lt\" title=\"Home\">Home<\/a>\n<\/span><span class=\"aioseo-breadcrumb-separator\">&raquo;<\/span><span class=\"aioseo-breadcrumb\">\n\tReunion 2023\n<\/span><\/div>","aioseo_breadcrumb_json":[{"label":"Home","link":"https:\/\/monatglobal.com\/lt"},{"label":"Reunion 2023","link":"https:\/\/monatglobal.com\/lt\/reunion\/"}],"_links":{"self":[{"href":"https:\/\/monatglobal.com\/lt\/wp-json\/wp\/v2\/pages\/71182","targetHints":{"allow":["GET"]}}],"collection":[{"href":"https:\/\/monatglobal.com\/lt\/wp-json\/wp\/v2\/pages"}],"about":[{"href":"https:\/\/monatglobal.com\/lt\/wp-json\/wp\/v2\/types\/page"}],"author":[{"embeddable":true,"href":"https:\/\/monatglobal.com\/lt\/wp-json\/wp\/v2\/users\/33"}],"replies":[{"embeddable":true,"href":"https:\/\/monatglobal.com\/lt\/wp-json\/wp\/v2\/comments?post=71182"}],"version-history":[{"count":8,"href":"https:\/\/monatglobal.com\/lt\/wp-json\/wp\/v2\/pages\/71182\/revisions"}],"predecessor-version":[{"id":75561,"href":"https:\/\/monatglobal.com\/lt\/wp-json\/wp\/v2\/pages\/71182\/revisions\/75561"}],"wp:featuredmedia":[{"embeddable":true,"href":"https:\/\/monatglobal.com\/lt\/wp-json\/wp\/v2\/media\/71189"}],"wp:attachment":[{"href":"https:\/\/monatglobal.com\/lt\/wp-json\/wp\/v2\/media?parent=71182"}],"wp:term":[{"taxonomy":"category","embeddable":true,"href":"https:\/\/monatglobal.com\/lt\/wp-json\/wp\/v2\/categories?post=71182"},{"taxonomy":"post_tag","embeddable":true,"href":"https:\/\/monatglobal.com\/lt\/wp-json\/wp\/v2\/tags?post=71182"}],"curies":[{"name":"wp","href":"https:\/\/api.w.org\/{rel}","templated":true}]}}