{"id":69800,"date":"2022-06-08T15:06:59","date_gmt":"2022-06-08T14:06:59","guid":{"rendered":"https:\/\/monatglobal.com\/lt\/?page_id=69800"},"modified":"2022-06-08T16:05:48","modified_gmt":"2022-06-08T15:05:48","slug":"more-than-a-balm","status":"publish","type":"page","link":"https:\/\/monatglobal.com\/lt\/more-than-a-balm\/","title":{"rendered":"More than a Balm"},"content":{"rendered":"\n\n\t<link rel=\"stylesheet\" href=\"https:\/\/unpkg.com\/swiper\/swiper-bundle.min.css\" \/>\n<link rel=\"stylesheet\" href=\"https:\/\/monatglobal.com\/wp-content\/creative_css\/product_styles_sheet.css\" \/>\n   <!--==================================================== ECOMM SECTION ====================================================-->\n      <!--==================================================== Ecomm image ====================================================-->\n           \n      <source media=\"(max-width: 700px)\" srcset=\"https:\/\/monatglobal.com\/wp-content\/uploads\/2022\/06\/balm-ecomm-2022.jpg\"\/>\n      <img decoding=\"async\" src=\"https:\/\/monatglobal.com\/wp-content\/uploads\/2022\/06\/balm-ecomm-2022.jpg\" alt=\"More Than a Balm\"\/>\n         \n      <!--==================================================== Ecomm information  ====================================================-->\n NEW\n \t\t\t<h1>More than <br \/>a Balm <\/h1>\n\t\t\t\n\t\t<p> by MONAT\u2122<\/p>\n\t\t\t<p> 1 fl. oz. \/ 30 ml <\/p>\n\t\t\t<p>Ma\u017emenin\u0117 kaina su nuolaida<br \/>12 \u20ac<\/p>\n\t\t\t\t\t<p>Ma\u017emenin\u0117 vert\u0117:<br \/>12 \u20ac<\/p>\n\t\t\t\t\t<p>VIP kaina: <br \/>12 \u20ac<\/p>\n\t\t\t\t\t<p>Retail Price<br \/>$42.00 (USD)<\/p>\n\t\t\t\t\t<p>VIP Customer Price<br \/>$36.00 (USD)<\/p>\n\t\t\t<p>To learn more about Damage Repair Bond Support Shampoo, please contact your MONAT Market&nbsp;Partner. <\/p>\n\t\t\t\t<a target=\"_blank\" href=\"https:\/\/mymonat.com\/shop\/products\/more-than-a-balm-by-monat\" rel=\"noopener\">a Balm shop&#8221;>SHOP NOW<\/a>\n   <!--==================================================== \/ECOMM SECTION  ====================================================-->\n   <!--==================================================== Benefits image ====================================================-->\n   \n      <source media=\"(max-width: 700px)\" srcset=\"https:\/\/monatglobal.com\/wp-content\/uploads\/2022\/06\/balm-benefits_mobile.jpg\"\/>\n      <img decoding=\"async\" alt=\"More Than A Balm laying on top of a tote bag, next to a phone and sunglasses.\" \n      src=\"https:\/\/monatglobal.com\/wp-content\/uploads\/2022\/06\/balm-benefits.jpg\"\/>\n   \n   <!--==================================================== Benefits text ====================================================-->\n         <h2>BENEFICIOS<\/h2>\n         <h3>Pristatome, NAUJIENA \u201eMore than a Balm by MONAT\u2122&#8221;! Vienas nuostabus gaminys, sukurtas nesuskai\u010diuojamam naudojimui, turint omenyje ir dovanojim\u0105! <\/h3>\n         <p>Infused with REJUVENIQE<sup>\u00ae<\/sup>, More than a Mist by MONAT\u2122, with its beautifully delicate scent, adds glowing shine to hair and refreshes and nourishes hair and skin.  <\/p>\n         <!--==================================================== features image  ====================================================-->\n         <img decoding=\"async\" alt=\"Three More Than A Balms standing near oranges.\" src=\"https:\/\/monatglobal.com\/wp-content\/uploads\/2022\/06\/balm-features.jpg\"\/>\n      <!--==================================================== features text ====================================================-->\n            <h3>\u0160is daugiafunkcis produktas, skirtas plaukams ir odai, yra puikus sprendimas keliaujant:<\/h3>\n               <p>\/ Akimirksniu dr\u0117kina sausas vietas arba \u0161iurk\u0161\u010dias vietas ant keli\u0173, alk\u016bni\u0173 ir kt.<\/p>\n               <p>\/ Dr\u0117kina ir mink\u0161tina sausas odeles<\/p>\n               <p>\/ Sutramdo \u0161iau\u0161im\u0105si <\/p>\n               <p>\/ Sutvarko antakius<\/p>\n               <p>\/ Padeda pagerinti netolygi\u0105 odos tekst\u016br\u0105<\/p>\n               <br \/>\n               <br \/>\n            <h3>Infused with REJUVENIQE S\u2122 and shea butter, More than a Balm by MONAT\u2122 features an exotic scent of vivid fruits and flowers transitioning to lingering notes of velvety woods and musk that delivers an extra touch of hydration to skin and hair anytime, any place.  <\/h3>\n               <p> Infused with shea butter, this luxurious body bar cleans, conditions, and refreshes for maximum smoothness and&nbsp;softness.<\/p>\n               <br \/>\n         <!--==================================================== features image  ====================================================-->\n         <img decoding=\"async\" alt=\"MONAT's Silky &#038; Soothing Hand Cream lays centered over a solid peach color background exhibiting its main ingredients such \n         as coconut &#038; oils ornamenting the main product. \" src=\"https:\/\/monatglobal.com\/wp-content\/uploads\/2022\/06\/balm-features.jpg\"\/>\n   <!--==================================================== composition image mobile ====================================================-->\n   <img decoding=\"async\" alt=\"A hand holding More Than A Balm and applying it to their legs.\" src=\"https:\/\/monatglobal.com\/wp-content\/uploads\/2022\/06\/balm-composition-1.jpg\"\/>\n         \n         <h3>Su \u201eREJUVENIQE S\u2122&#8221; ir taukmed\u017eio sviestu, \u201eMore than a Balm by MONAT\u2122&#8221; pasi\u017eymi egzoti\u0161ku ry\u0161ki\u0173 vaisi\u0173 ir g\u0117li\u0173 kvapu, pereinantis \u012f i\u0161liekan\u010dias aksominio med\u017eio ir muskuso natas, kurios suteikia papildomos dr\u0117gm\u0117s odai ir plaukams bet kada ir bet kur.<\/h3>\n         <p>Infused with shea butter, this luxurious body bar cleans, conditions, and refreshes for maximum smoothness and&nbsp;softness.<\/p>\n<!--==================================================== Composition section ====================================================-->\n      <img decoding=\"async\" alt=\"A hand holding More Than A Balm and applying it to their legs.\" src=\"https:\/\/monatglobal.com\/wp-content\/uploads\/2022\/06\/balm-composition-1.jpg\"\/>\n      <img decoding=\"async\" alt=\"A hand putting More Than A Balm in their jean pocket, and overlaying a texture shot of More Than A Balm. \" src=\"https:\/\/monatglobal.com\/wp-content\/uploads\/2022\/06\/balm-composition-3.jpg\"\/>\n         <h2>BENEFICIOS<\/h2>\n         <h3>Prid\u0117kite \u0161\u012f b\u016btin\u0105, kelion\u0117ms paruo\u0161t\u0105 produkt\u0105 prie savo u\u017esakymo ir pad\u0117kite daryti teigiam\u0105 poveik\u012f! <\/h3>\n         <p>\u201eMONAT&#8221; 100 % grynojo pelno skirs jaunimo ugdymo programoms per \u201eMONAT Gratitude&#8221; dotacij\u0173 program\u0105.<\/p>\n   <a href=\"https:\/\/mymonat.com\/shop\/products\/more-than-a-balm-by-monat\" target=\"_blank\" aria-label=\"Go more than a balm shop\" rel=\"noopener\">SHOP NOW<\/a>\n   <!--==================================================== Ingredients section  ====================================================-->\n   <!--==================================================== You might also like section ====================================================-->\n      <h2>YOU MIGHT ALSO LIKE<\/h2>\n      <!--==================================================== Slider YOU MIGHT ALSO LIKE ====================================================-->\n            <!--==================================================== Slides products ====================================================-->\n               <a href=\"\/men-face-wash\/\" aria-label=\"Go to MONAT FOR MEN\u2122 Essential Body Wash page\">\n                  <img decoding=\"async\" src=\"https:\/\/monatglobal.com\/pl\/wp-content\/uploads\/2022\/01\/essential-face-wash-ecomm-2022.png\" alt=\"MONAT FOR MEN\u2122 Essential Body Wash\"\/>\n                  <p>Gel corporal esencial <br \/> MONAT FOR MEN\u2122<\/p>\n               <\/a>\n               <a href=\"\/men-face-scrub\/\" aria-label=\"Go to MONAT FOR MEN\u2122 Essential Face Scrub page\">\n                  <img decoding=\"async\" src=\"https:\/\/monatglobal.com\/pl\/wp-content\/uploads\/2022\/01\/essential-face-scrub-ecomm-2022.png\" alt=\"MONAT FOR MEN\u2122 Essential Face Scrub\"\/>\n                  <p>Exfoliante facial esencial <br \/> MONAT FOR MEN\u2122<\/p>\n               <\/a>\n               <a href=\"\/men-face-moisturizer\/\" aria-label=\"Go to MONAT FOR MEN\u2122 Essential Face Moisturizer page\">\n                  <img decoding=\"async\" src=\"https:\/\/monatglobal.com\/pl\/wp-content\/uploads\/2022\/01\/essential-face-moisturizer-ecomm-2022.png\" alt=\"MONAT FOR MEN\u2122 Essential Face Moisturizer\"\/>\n                  <p>Hidratante facial esencial<br \/>MONAT FOR MEN\u2122<\/p>\n               <\/a>\n         <!--==================================================== If we need navigation buttons  ====================================================-->\n         <!--==================================================== If we need paginations  ====================================================-->\n     <a href=\"https:\/\/monatgratitude.com\/\" aria-label=\"Go to all Skincare Products\"><p>Learn more about Gratitude<\/p><\/a>\n<!--==================================================== this link has to go last for it to work   ====================================================-->\n\n","protected":false},"excerpt":{"rendered":"<p>NEW More than a Balm by MONAT\u2122 1 fl. oz. \/ 30 ml Ma\u017emenin\u0117 kaina su nuolaida12 \u20ac Ma\u017emenin\u0117 vert\u0117:12 \u20ac VIP kaina: 12 \u20ac Retail Price$42.00 (USD) VIP Customer Price$36.00 (USD) To learn more about Damage Repair Bond Support Shampoo, please contact your MONAT Market&nbsp;Partner. a Balm shop&#8221;>SHOP NOW BENEFICIOS Pristatome, NAUJIENA \u201eMore than&hellip;<\/p>\n","protected":false},"author":31,"featured_media":0,"parent":0,"menu_order":0,"comment_status":"closed","ping_status":"closed","template":"","meta":{"inline_featured_image":false,"om_disable_all_campaigns":false,"_monsterinsights_skip_tracking":false,"_monsterinsights_sitenote_active":false,"_monsterinsights_sitenote_note":"","_monsterinsights_sitenote_category":0,"footnotes":""},"categories":[],"tags":[],"class_list":["post-69800","page","type-page","status-publish","hentry"],"aioseo_notices":[],"aioseo_head":"\n\t\t<!-- All in One SEO Pro 4.9.6 - aioseo.com -->\n\t<meta name=\"description\" content=\"NEW More than a Balm by MONAT\u2122 1 fl. oz. \/ 30 ml Ma\u017emenin\u0117 kaina su nuolaida12 \u20ac Ma\u017emenin\u0117 vert\u0117:12 \u20ac VIP kaina: 12 \u20ac Retail Price$42.00 (USD) VIP Customer Price$36.00 (USD) To learn more about Damage Repair Bond Support Shampoo, please contact your MONAT Market Partner. a Balm shop&quot;&gt;SHOP NOW BENEFICIOS Pristatome, NAUJIENA \u201eMore than\" \/>\n\t<meta name=\"robots\" content=\"max-image-preview:large\" \/>\n\t<link rel=\"canonical\" href=\"https:\/\/monatglobal.com\/lt\/more-than-a-balm\/\" \/>\n\t<meta name=\"generator\" content=\"All in One SEO Pro (AIOSEO) 4.9.6\" \/>\n\t\t<meta property=\"og:locale\" content=\"lt_LT\" \/>\n\t\t<meta property=\"og:site_name\" content=\"MONAT Lithuania -\" \/>\n\t\t<meta property=\"og:type\" content=\"article\" \/>\n\t\t<meta property=\"og:title\" content=\"More than a Balm - MONAT Lithuania\" \/>\n\t\t<meta property=\"og:description\" content=\"NEW More than a Balm by MONAT\u2122 1 fl. oz. \/ 30 ml Ma\u017emenin\u0117 kaina su nuolaida12 \u20ac Ma\u017emenin\u0117 vert\u0117:12 \u20ac VIP kaina: 12 \u20ac Retail Price$42.00 (USD) VIP Customer Price$36.00 (USD) To learn more about Damage Repair Bond Support Shampoo, please contact your MONAT Market Partner. a Balm shop&quot;&gt;SHOP NOW BENEFICIOS Pristatome, NAUJIENA \u201eMore than\" \/>\n\t\t<meta property=\"og:url\" content=\"https:\/\/monatglobal.com\/lt\/more-than-a-balm\/\" \/>\n\t\t<meta property=\"article:published_time\" content=\"2022-06-08T14:06:59+00:00\" \/>\n\t\t<meta property=\"article:modified_time\" content=\"2022-06-08T15:05:48+00:00\" \/>\n\t\t<meta name=\"twitter:card\" content=\"summary_large_image\" \/>\n\t\t<meta name=\"twitter:title\" content=\"More than a Balm - MONAT Lithuania\" \/>\n\t\t<meta name=\"twitter:description\" content=\"NEW More than a Balm by MONAT\u2122 1 fl. oz. \/ 30 ml Ma\u017emenin\u0117 kaina su nuolaida12 \u20ac Ma\u017emenin\u0117 vert\u0117:12 \u20ac VIP kaina: 12 \u20ac Retail Price$42.00 (USD) VIP Customer Price$36.00 (USD) To learn more about Damage Repair Bond Support Shampoo, please contact your MONAT Market Partner. a Balm shop&quot;&gt;SHOP NOW BENEFICIOS Pristatome, NAUJIENA \u201eMore than\" \/>\n\t\t<script type=\"application\/ld+json\" class=\"aioseo-schema\">\n\t\t\t{\"@context\":\"https:\\\/\\\/schema.org\",\"@graph\":[{\"@type\":\"BreadcrumbList\",\"@id\":\"https:\\\/\\\/monatglobal.com\\\/lt\\\/more-than-a-balm\\\/#breadcrumblist\",\"itemListElement\":[{\"@type\":\"ListItem\",\"@id\":\"https:\\\/\\\/monatglobal.com\\\/lt#listItem\",\"position\":1,\"name\":\"Home\",\"item\":\"https:\\\/\\\/monatglobal.com\\\/lt\",\"nextItem\":{\"@type\":\"ListItem\",\"@id\":\"https:\\\/\\\/monatglobal.com\\\/lt\\\/more-than-a-balm\\\/#listItem\",\"name\":\"More than a Balm\"}},{\"@type\":\"ListItem\",\"@id\":\"https:\\\/\\\/monatglobal.com\\\/lt\\\/more-than-a-balm\\\/#listItem\",\"position\":2,\"name\":\"More than a Balm\",\"previousItem\":{\"@type\":\"ListItem\",\"@id\":\"https:\\\/\\\/monatglobal.com\\\/lt#listItem\",\"name\":\"Home\"}}]},{\"@type\":\"Organization\",\"@id\":\"https:\\\/\\\/monatglobal.com\\\/lt\\\/#organization\",\"name\":\"MONAT Lithuania\",\"url\":\"https:\\\/\\\/monatglobal.com\\\/lt\\\/\"},{\"@type\":\"WebPage\",\"@id\":\"https:\\\/\\\/monatglobal.com\\\/lt\\\/more-than-a-balm\\\/#webpage\",\"url\":\"https:\\\/\\\/monatglobal.com\\\/lt\\\/more-than-a-balm\\\/\",\"name\":\"More than a Balm - MONAT Lithuania\",\"description\":\"NEW More than a Balm by MONAT\\u2122 1 fl. oz. \\\/ 30 ml Ma\\u017emenin\\u0117 kaina su nuolaida12 \\u20ac Ma\\u017emenin\\u0117 vert\\u0117:12 \\u20ac VIP kaina: 12 \\u20ac Retail Price$42.00 (USD) VIP Customer Price$36.00 (USD) To learn more about Damage Repair Bond Support Shampoo, please contact your MONAT Market Partner. a Balm shop\\\">SHOP NOW BENEFICIOS Pristatome, NAUJIENA \\u201eMore than\",\"inLanguage\":\"lt-LT\",\"isPartOf\":{\"@id\":\"https:\\\/\\\/monatglobal.com\\\/lt\\\/#website\"},\"breadcrumb\":{\"@id\":\"https:\\\/\\\/monatglobal.com\\\/lt\\\/more-than-a-balm\\\/#breadcrumblist\"},\"datePublished\":\"2022-06-08T15:06:59+01:00\",\"dateModified\":\"2022-06-08T16:05:48+01:00\"},{\"@type\":\"WebSite\",\"@id\":\"https:\\\/\\\/monatglobal.com\\\/lt\\\/#website\",\"url\":\"https:\\\/\\\/monatglobal.com\\\/lt\\\/\",\"name\":\"MONAT Lithuania\",\"inLanguage\":\"lt-LT\",\"publisher\":{\"@id\":\"https:\\\/\\\/monatglobal.com\\\/lt\\\/#organization\"}}]}\n\t\t<\/script>\n\t\t<!-- All in One SEO Pro -->\r\n\t\t<title>More than a Balm - MONAT Lithuania<\/title>\n\n","aioseo_head_json":{"title":"More than a Balm - MONAT Lithuania","description":"NEW More than a Balm by MONAT\u2122 1 fl. oz. \/ 30 ml Ma\u017emenin\u0117 kaina su nuolaida12 \u20ac Ma\u017emenin\u0117 vert\u0117:12 \u20ac VIP kaina: 12 \u20ac Retail Price$42.00 (USD) VIP Customer Price$36.00 (USD) To learn more about Damage Repair Bond Support Shampoo, please contact your MONAT Market Partner. a Balm shop\">SHOP NOW BENEFICIOS Pristatome, NAUJIENA \u201eMore than","canonical_url":"https:\/\/monatglobal.com\/lt\/more-than-a-balm\/","robots":"max-image-preview:large","keywords":"","webmasterTools":{"miscellaneous":""},"schema":{"@context":"https:\/\/schema.org","@graph":[{"@type":"BreadcrumbList","@id":"https:\/\/monatglobal.com\/lt\/more-than-a-balm\/#breadcrumblist","itemListElement":[{"@type":"ListItem","@id":"https:\/\/monatglobal.com\/lt#listItem","position":1,"name":"Home","item":"https:\/\/monatglobal.com\/lt","nextItem":{"@type":"ListItem","@id":"https:\/\/monatglobal.com\/lt\/more-than-a-balm\/#listItem","name":"More than a Balm"}},{"@type":"ListItem","@id":"https:\/\/monatglobal.com\/lt\/more-than-a-balm\/#listItem","position":2,"name":"More than a Balm","previousItem":{"@type":"ListItem","@id":"https:\/\/monatglobal.com\/lt#listItem","name":"Home"}}]},{"@type":"Organization","@id":"https:\/\/monatglobal.com\/lt\/#organization","name":"MONAT Lithuania","url":"https:\/\/monatglobal.com\/lt\/"},{"@type":"WebPage","@id":"https:\/\/monatglobal.com\/lt\/more-than-a-balm\/#webpage","url":"https:\/\/monatglobal.com\/lt\/more-than-a-balm\/","name":"More than a Balm - MONAT Lithuania","description":"NEW More than a Balm by MONAT\u2122 1 fl. oz. \/ 30 ml Ma\u017emenin\u0117 kaina su nuolaida12 \u20ac Ma\u017emenin\u0117 vert\u0117:12 \u20ac VIP kaina: 12 \u20ac Retail Price$42.00 (USD) VIP Customer Price$36.00 (USD) To learn more about Damage Repair Bond Support Shampoo, please contact your MONAT Market Partner. a Balm shop\">SHOP NOW BENEFICIOS Pristatome, NAUJIENA \u201eMore than","inLanguage":"lt-LT","isPartOf":{"@id":"https:\/\/monatglobal.com\/lt\/#website"},"breadcrumb":{"@id":"https:\/\/monatglobal.com\/lt\/more-than-a-balm\/#breadcrumblist"},"datePublished":"2022-06-08T15:06:59+01:00","dateModified":"2022-06-08T16:05:48+01:00"},{"@type":"WebSite","@id":"https:\/\/monatglobal.com\/lt\/#website","url":"https:\/\/monatglobal.com\/lt\/","name":"MONAT Lithuania","inLanguage":"lt-LT","publisher":{"@id":"https:\/\/monatglobal.com\/lt\/#organization"}}]},"og:locale":"lt_LT","og:site_name":"MONAT Lithuania -","og:type":"article","og:title":"More than a Balm - MONAT Lithuania","og:description":"NEW More than a Balm by MONAT\u2122 1 fl. oz. \/ 30 ml Ma\u017emenin\u0117 kaina su nuolaida12 \u20ac Ma\u017emenin\u0117 vert\u0117:12 \u20ac VIP kaina: 12 \u20ac Retail Price$42.00 (USD) VIP Customer Price$36.00 (USD) To learn more about Damage Repair Bond Support Shampoo, please contact your MONAT Market Partner. a Balm shop&quot;&gt;SHOP NOW BENEFICIOS Pristatome, NAUJIENA \u201eMore than","og:url":"https:\/\/monatglobal.com\/lt\/more-than-a-balm\/","article:published_time":"2022-06-08T14:06:59+00:00","article:modified_time":"2022-06-08T15:05:48+00:00","twitter:card":"summary_large_image","twitter:title":"More than a Balm - MONAT Lithuania","twitter:description":"NEW More than a Balm by MONAT\u2122 1 fl. oz. \/ 30 ml Ma\u017emenin\u0117 kaina su nuolaida12 \u20ac Ma\u017emenin\u0117 vert\u0117:12 \u20ac VIP kaina: 12 \u20ac Retail Price$42.00 (USD) VIP Customer Price$36.00 (USD) To learn more about Damage Repair Bond Support Shampoo, please contact your MONAT Market Partner. a Balm shop&quot;&gt;SHOP NOW BENEFICIOS Pristatome, NAUJIENA \u201eMore than"},"aioseo_meta_data":{"post_id":"69800","title":null,"description":null,"keywords":null,"keyphrases":null,"primary_term":null,"canonical_url":null,"og_title":null,"og_description":null,"og_object_type":"default","og_image_type":"default","og_image_url":null,"og_image_width":null,"og_image_height":null,"og_image_custom_url":null,"og_image_custom_fields":null,"og_video":null,"og_custom_url":null,"og_article_section":null,"og_article_tags":null,"twitter_use_og":false,"twitter_card":"default","twitter_image_type":"default","twitter_image_url":null,"twitter_image_custom_url":null,"twitter_image_custom_fields":null,"twitter_title":null,"twitter_description":null,"schema":{"blockGraphs":[],"customGraphs":[],"default":{"data":{"Article":[],"Course":[],"Dataset":[],"FAQPage":[],"Movie":[],"Person":[],"Product":[],"ProductReview":[],"Car":[],"Recipe":[],"Service":[],"SoftwareApplication":[],"WebPage":[]},"graphName":"","isEnabled":true},"graphs":[]},"schema_type":"default","schema_type_options":null,"pillar_content":false,"robots_default":true,"robots_noindex":false,"robots_noarchive":false,"robots_nosnippet":false,"robots_nofollow":false,"robots_noimageindex":false,"robots_noodp":false,"robots_notranslate":false,"robots_max_snippet":null,"robots_max_videopreview":null,"robots_max_imagepreview":"large","priority":null,"frequency":null,"local_seo":null,"seo_analyzer_scan_date":"2025-08-15 01:52:41","breadcrumb_settings":null,"limit_modified_date":false,"reviewed_by":null,"open_ai":null,"ai":null,"created":"2023-07-26 19:27:23","updated":"2025-08-15 01:52:41"},"aioseo_breadcrumb":"<div class=\"aioseo-breadcrumbs\"><span class=\"aioseo-breadcrumb\">\n\t<a href=\"https:\/\/monatglobal.com\/lt\" title=\"Home\">Home<\/a>\n<\/span><span class=\"aioseo-breadcrumb-separator\">&raquo;<\/span><span class=\"aioseo-breadcrumb\">\n\tMore than a Balm\n<\/span><\/div>","aioseo_breadcrumb_json":[{"label":"Home","link":"https:\/\/monatglobal.com\/lt"},{"label":"More than a Balm","link":"https:\/\/monatglobal.com\/lt\/more-than-a-balm\/"}],"_links":{"self":[{"href":"https:\/\/monatglobal.com\/lt\/wp-json\/wp\/v2\/pages\/69800","targetHints":{"allow":["GET"]}}],"collection":[{"href":"https:\/\/monatglobal.com\/lt\/wp-json\/wp\/v2\/pages"}],"about":[{"href":"https:\/\/monatglobal.com\/lt\/wp-json\/wp\/v2\/types\/page"}],"author":[{"embeddable":true,"href":"https:\/\/monatglobal.com\/lt\/wp-json\/wp\/v2\/users\/31"}],"replies":[{"embeddable":true,"href":"https:\/\/monatglobal.com\/lt\/wp-json\/wp\/v2\/comments?post=69800"}],"version-history":[{"count":4,"href":"https:\/\/monatglobal.com\/lt\/wp-json\/wp\/v2\/pages\/69800\/revisions"}],"predecessor-version":[{"id":69805,"href":"https:\/\/monatglobal.com\/lt\/wp-json\/wp\/v2\/pages\/69800\/revisions\/69805"}],"wp:attachment":[{"href":"https:\/\/monatglobal.com\/lt\/wp-json\/wp\/v2\/media?parent=69800"}],"wp:term":[{"taxonomy":"category","embeddable":true,"href":"https:\/\/monatglobal.com\/lt\/wp-json\/wp\/v2\/categories?post=69800"},{"taxonomy":"post_tag","embeddable":true,"href":"https:\/\/monatglobal.com\/lt\/wp-json\/wp\/v2\/tags?post=69800"}],"curies":[{"name":"wp","href":"https:\/\/api.w.org\/{rel}","templated":true}]}}