{"id":68564,"date":"2022-05-20T23:28:06","date_gmt":"2022-05-20T22:28:06","guid":{"rendered":"https:\/\/monatglobal.com\/lt\/?page_id=68564"},"modified":"2022-12-07T21:03:00","modified_gmt":"2022-12-07T21:03:00","slug":"1500-events","status":"publish","type":"page","link":"https:\/\/monatglobal.com\/lt\/1500-events\/","title":{"rendered":"1 500 \u201eMONAT\u201c rengini\u0173 per 150 dien\u0173!"},"content":{"rendered":"\nMes turime 0 u\u017eregistruot\u0173 rengini\u0173 nuo bir\u017eelio 1 d.\n            <img decoding=\"async\" src=\"https:\/\/monatglobal.com\/wp-content\/uploads\/2022\/08\/ph-center-mobile.png\">\n            <img decoding=\"async\" src=\"https:\/\/monatglobal.com\/wp-content\/uploads\/2022\/08\/ph-left.png\">\n                <p>Pasiekime<\/p>\n                <p>Bir\u017eelio 1 d. &#8211; lapkri\u010dio 30 d.<\/p>\n            <img decoding=\"async\" src=\"https:\/\/monatglobal.com\/wp-content\/uploads\/2022\/08\/ph-right.png\"> \n            <h2>Susiburkite. Mokykit\u0117s kartu. Dalinkit\u0117s kartu.<\/h2>\n            <p> Mums pavyks tai!<\/p>\n            <p>Nesvarbu, ar j\u016bs\u0173 renginyje dalyvauja 10 \u017emoni\u0173, ar 100, u\u017eregistruokite j\u012f, kad \u012fsitikintum\u0117te, jog jis bus \u012fskai\u010diuotas siekiant m\u016bs\u0173 DID\u017dIOJO tikslo!<\/p>\n            <a href=\"https:\/\/docs.google.com\/forms\/d\/1DoDAuu21DNfeJcLDJRkQ4SrTsaZ9geJzEKOqgHcVsNk\/edit?usp=sharing\" target=\"_blank\" rel=\"noopener\">Registruoti savo rengin\u012f<\/a>\n","protected":false},"excerpt":{"rendered":"<p>Mes turime 0 u\u017eregistruot\u0173 rengini\u0173 nuo bir\u017eelio 1 d. Pasiekime Bir\u017eelio 1 d. &#8211; lapkri\u010dio 30 d. Susiburkite. Mokykit\u0117s kartu. Dalinkit\u0117s kartu. Mums pavyks tai! Nesvarbu, ar j\u016bs\u0173 renginyje dalyvauja 10 \u017emoni\u0173, ar 100, u\u017eregistruokite j\u012f, kad \u012fsitikintum\u0117te, jog jis bus \u012fskai\u010diuotas siekiant m\u016bs\u0173 DID\u017dIOJO tikslo! Registruoti savo rengin\u012f<\/p>\n","protected":false},"author":31,"featured_media":70984,"parent":0,"menu_order":0,"comment_status":"closed","ping_status":"closed","template":"","meta":{"inline_featured_image":false,"om_disable_all_campaigns":false,"_monsterinsights_skip_tracking":false,"_monsterinsights_sitenote_active":false,"_monsterinsights_sitenote_note":"","_monsterinsights_sitenote_category":0,"footnotes":""},"categories":[],"tags":[],"class_list":["post-68564","page","type-page","status-publish","has-post-thumbnail","hentry"],"aioseo_notices":[],"aioseo_head":"\n\t\t<!-- All in One SEO Pro 4.9.6 - aioseo.com -->\n\t<meta name=\"description\" content=\"Mes turime 0 u\u017eregistruot\u0173 rengini\u0173 nuo bir\u017eelio 1 d. Pasiekime Bir\u017eelio 1 d. - lapkri\u010dio 30 d. Susiburkite. Mokykit\u0117s kartu. Dalinkit\u0117s kartu. Mums pavyks tai! Nesvarbu, ar j\u016bs\u0173 renginyje dalyvauja 10 \u017emoni\u0173, ar 100, u\u017eregistruokite j\u012f, kad \u012fsitikintum\u0117te, jog jis bus \u012fskai\u010diuotas siekiant m\u016bs\u0173 DID\u017dIOJO tikslo! Registruoti savo rengin\u012f\" \/>\n\t<meta name=\"robots\" content=\"max-image-preview:large\" \/>\n\t<link rel=\"canonical\" href=\"https:\/\/monatglobal.com\/lt\/1500-events\/\" \/>\n\t<meta name=\"generator\" content=\"All in One SEO Pro (AIOSEO) 4.9.6\" \/>\n\t\t<meta property=\"og:locale\" content=\"lt_LT\" \/>\n\t\t<meta property=\"og:site_name\" content=\"MONAT Lithuania -\" \/>\n\t\t<meta property=\"og:type\" content=\"article\" \/>\n\t\t<meta property=\"og:title\" content=\"1 500 \u201eMONAT\u201c rengini\u0173 per 150 dien\u0173! - MONAT Lithuania\" \/>\n\t\t<meta property=\"og:description\" content=\"Mes turime 0 u\u017eregistruot\u0173 rengini\u0173 nuo bir\u017eelio 1 d. Pasiekime Bir\u017eelio 1 d. - lapkri\u010dio 30 d. Susiburkite. Mokykit\u0117s kartu. Dalinkit\u0117s kartu. Mums pavyks tai! Nesvarbu, ar j\u016bs\u0173 renginyje dalyvauja 10 \u017emoni\u0173, ar 100, u\u017eregistruokite j\u012f, kad \u012fsitikintum\u0117te, jog jis bus \u012fskai\u010diuotas siekiant m\u016bs\u0173 DID\u017dIOJO tikslo! Registruoti savo rengin\u012f\" \/>\n\t\t<meta property=\"og:url\" content=\"https:\/\/monatglobal.com\/lt\/1500-events\/\" \/>\n\t\t<meta property=\"article:published_time\" content=\"2022-05-20T22:28:06+00:00\" \/>\n\t\t<meta property=\"article:modified_time\" content=\"2022-12-07T21:03:00+00:00\" \/>\n\t\t<meta name=\"twitter:card\" content=\"summary_large_image\" \/>\n\t\t<meta name=\"twitter:title\" content=\"1 500 \u201eMONAT\u201c rengini\u0173 per 150 dien\u0173! - MONAT Lithuania\" \/>\n\t\t<meta name=\"twitter:description\" content=\"Mes turime 0 u\u017eregistruot\u0173 rengini\u0173 nuo bir\u017eelio 1 d. Pasiekime Bir\u017eelio 1 d. - lapkri\u010dio 30 d. Susiburkite. Mokykit\u0117s kartu. Dalinkit\u0117s kartu. Mums pavyks tai! Nesvarbu, ar j\u016bs\u0173 renginyje dalyvauja 10 \u017emoni\u0173, ar 100, u\u017eregistruokite j\u012f, kad \u012fsitikintum\u0117te, jog jis bus \u012fskai\u010diuotas siekiant m\u016bs\u0173 DID\u017dIOJO tikslo! Registruoti savo rengin\u012f\" \/>\n\t\t<script type=\"application\/ld+json\" class=\"aioseo-schema\">\n\t\t\t{\"@context\":\"https:\\\/\\\/schema.org\",\"@graph\":[{\"@type\":\"BreadcrumbList\",\"@id\":\"https:\\\/\\\/monatglobal.com\\\/lt\\\/1500-events\\\/#breadcrumblist\",\"itemListElement\":[{\"@type\":\"ListItem\",\"@id\":\"https:\\\/\\\/monatglobal.com\\\/lt#listItem\",\"position\":1,\"name\":\"Home\",\"item\":\"https:\\\/\\\/monatglobal.com\\\/lt\",\"nextItem\":{\"@type\":\"ListItem\",\"@id\":\"https:\\\/\\\/monatglobal.com\\\/lt\\\/1500-events\\\/#listItem\",\"name\":\"1 500 \\u201eMONAT\\u201c rengini\\u0173 per 150 dien\\u0173!\"}},{\"@type\":\"ListItem\",\"@id\":\"https:\\\/\\\/monatglobal.com\\\/lt\\\/1500-events\\\/#listItem\",\"position\":2,\"name\":\"1 500 \\u201eMONAT\\u201c rengini\\u0173 per 150 dien\\u0173!\",\"previousItem\":{\"@type\":\"ListItem\",\"@id\":\"https:\\\/\\\/monatglobal.com\\\/lt#listItem\",\"name\":\"Home\"}}]},{\"@type\":\"Organization\",\"@id\":\"https:\\\/\\\/monatglobal.com\\\/lt\\\/#organization\",\"name\":\"MONAT Lithuania\",\"url\":\"https:\\\/\\\/monatglobal.com\\\/lt\\\/\"},{\"@type\":\"WebPage\",\"@id\":\"https:\\\/\\\/monatglobal.com\\\/lt\\\/1500-events\\\/#webpage\",\"url\":\"https:\\\/\\\/monatglobal.com\\\/lt\\\/1500-events\\\/\",\"name\":\"1 500 \\u201eMONAT\\u201c rengini\\u0173 per 150 dien\\u0173! - MONAT Lithuania\",\"description\":\"Mes turime 0 u\\u017eregistruot\\u0173 rengini\\u0173 nuo bir\\u017eelio 1 d. Pasiekime Bir\\u017eelio 1 d. - lapkri\\u010dio 30 d. Susiburkite. Mokykit\\u0117s kartu. Dalinkit\\u0117s kartu. Mums pavyks tai! Nesvarbu, ar j\\u016bs\\u0173 renginyje dalyvauja 10 \\u017emoni\\u0173, ar 100, u\\u017eregistruokite j\\u012f, kad \\u012fsitikintum\\u0117te, jog jis bus \\u012fskai\\u010diuotas siekiant m\\u016bs\\u0173 DID\\u017dIOJO tikslo! Registruoti savo rengin\\u012f\",\"inLanguage\":\"lt-LT\",\"isPartOf\":{\"@id\":\"https:\\\/\\\/monatglobal.com\\\/lt\\\/#website\"},\"breadcrumb\":{\"@id\":\"https:\\\/\\\/monatglobal.com\\\/lt\\\/1500-events\\\/#breadcrumblist\"},\"image\":{\"@type\":\"ImageObject\",\"url\":\"https:\\\/\\\/monatglobal.com\\\/lt\\\/wp-content\\\/uploads\\\/sites\\\/11\\\/2022\\\/06\\\/1500-events-thumb-lt.jpg\",\"@id\":\"https:\\\/\\\/monatglobal.com\\\/lt\\\/1500-events\\\/#mainImage\",\"width\":636,\"height\":314},\"primaryImageOfPage\":{\"@id\":\"https:\\\/\\\/monatglobal.com\\\/lt\\\/1500-events\\\/#mainImage\"},\"datePublished\":\"2022-05-20T23:28:06+01:00\",\"dateModified\":\"2022-12-07T21:03:00+00:00\"},{\"@type\":\"WebSite\",\"@id\":\"https:\\\/\\\/monatglobal.com\\\/lt\\\/#website\",\"url\":\"https:\\\/\\\/monatglobal.com\\\/lt\\\/\",\"name\":\"MONAT Lithuania\",\"inLanguage\":\"lt-LT\",\"publisher\":{\"@id\":\"https:\\\/\\\/monatglobal.com\\\/lt\\\/#organization\"}}]}\n\t\t<\/script>\n\t\t<!-- All in One SEO Pro -->\r\n\t\t<title>1 500 \u201eMONAT\u201c rengini\u0173 per 150 dien\u0173! - MONAT Lithuania<\/title>\n\n","aioseo_head_json":{"title":"1 500 \u201eMONAT\u201c rengini\u0173 per 150 dien\u0173! - MONAT Lithuania","description":"Mes turime 0 u\u017eregistruot\u0173 rengini\u0173 nuo bir\u017eelio 1 d. Pasiekime Bir\u017eelio 1 d. - lapkri\u010dio 30 d. Susiburkite. Mokykit\u0117s kartu. Dalinkit\u0117s kartu. Mums pavyks tai! Nesvarbu, ar j\u016bs\u0173 renginyje dalyvauja 10 \u017emoni\u0173, ar 100, u\u017eregistruokite j\u012f, kad \u012fsitikintum\u0117te, jog jis bus \u012fskai\u010diuotas siekiant m\u016bs\u0173 DID\u017dIOJO tikslo! Registruoti savo rengin\u012f","canonical_url":"https:\/\/monatglobal.com\/lt\/1500-events\/","robots":"max-image-preview:large","keywords":"","webmasterTools":{"miscellaneous":""},"schema":{"@context":"https:\/\/schema.org","@graph":[{"@type":"BreadcrumbList","@id":"https:\/\/monatglobal.com\/lt\/1500-events\/#breadcrumblist","itemListElement":[{"@type":"ListItem","@id":"https:\/\/monatglobal.com\/lt#listItem","position":1,"name":"Home","item":"https:\/\/monatglobal.com\/lt","nextItem":{"@type":"ListItem","@id":"https:\/\/monatglobal.com\/lt\/1500-events\/#listItem","name":"1 500 \u201eMONAT\u201c rengini\u0173 per 150 dien\u0173!"}},{"@type":"ListItem","@id":"https:\/\/monatglobal.com\/lt\/1500-events\/#listItem","position":2,"name":"1 500 \u201eMONAT\u201c rengini\u0173 per 150 dien\u0173!","previousItem":{"@type":"ListItem","@id":"https:\/\/monatglobal.com\/lt#listItem","name":"Home"}}]},{"@type":"Organization","@id":"https:\/\/monatglobal.com\/lt\/#organization","name":"MONAT Lithuania","url":"https:\/\/monatglobal.com\/lt\/"},{"@type":"WebPage","@id":"https:\/\/monatglobal.com\/lt\/1500-events\/#webpage","url":"https:\/\/monatglobal.com\/lt\/1500-events\/","name":"1 500 \u201eMONAT\u201c rengini\u0173 per 150 dien\u0173! - MONAT Lithuania","description":"Mes turime 0 u\u017eregistruot\u0173 rengini\u0173 nuo bir\u017eelio 1 d. Pasiekime Bir\u017eelio 1 d. - lapkri\u010dio 30 d. Susiburkite. Mokykit\u0117s kartu. Dalinkit\u0117s kartu. Mums pavyks tai! Nesvarbu, ar j\u016bs\u0173 renginyje dalyvauja 10 \u017emoni\u0173, ar 100, u\u017eregistruokite j\u012f, kad \u012fsitikintum\u0117te, jog jis bus \u012fskai\u010diuotas siekiant m\u016bs\u0173 DID\u017dIOJO tikslo! Registruoti savo rengin\u012f","inLanguage":"lt-LT","isPartOf":{"@id":"https:\/\/monatglobal.com\/lt\/#website"},"breadcrumb":{"@id":"https:\/\/monatglobal.com\/lt\/1500-events\/#breadcrumblist"},"image":{"@type":"ImageObject","url":"https:\/\/monatglobal.com\/lt\/wp-content\/uploads\/sites\/11\/2022\/06\/1500-events-thumb-lt.jpg","@id":"https:\/\/monatglobal.com\/lt\/1500-events\/#mainImage","width":636,"height":314},"primaryImageOfPage":{"@id":"https:\/\/monatglobal.com\/lt\/1500-events\/#mainImage"},"datePublished":"2022-05-20T23:28:06+01:00","dateModified":"2022-12-07T21:03:00+00:00"},{"@type":"WebSite","@id":"https:\/\/monatglobal.com\/lt\/#website","url":"https:\/\/monatglobal.com\/lt\/","name":"MONAT Lithuania","inLanguage":"lt-LT","publisher":{"@id":"https:\/\/monatglobal.com\/lt\/#organization"}}]},"og:locale":"lt_LT","og:site_name":"MONAT Lithuania -","og:type":"article","og:title":"1 500 \u201eMONAT\u201c rengini\u0173 per 150 dien\u0173! - MONAT Lithuania","og:description":"Mes turime 0 u\u017eregistruot\u0173 rengini\u0173 nuo bir\u017eelio 1 d. Pasiekime Bir\u017eelio 1 d. - lapkri\u010dio 30 d. Susiburkite. Mokykit\u0117s kartu. Dalinkit\u0117s kartu. Mums pavyks tai! Nesvarbu, ar j\u016bs\u0173 renginyje dalyvauja 10 \u017emoni\u0173, ar 100, u\u017eregistruokite j\u012f, kad \u012fsitikintum\u0117te, jog jis bus \u012fskai\u010diuotas siekiant m\u016bs\u0173 DID\u017dIOJO tikslo! Registruoti savo rengin\u012f","og:url":"https:\/\/monatglobal.com\/lt\/1500-events\/","article:published_time":"2022-05-20T22:28:06+00:00","article:modified_time":"2022-12-07T21:03:00+00:00","twitter:card":"summary_large_image","twitter:title":"1 500 \u201eMONAT\u201c rengini\u0173 per 150 dien\u0173! - MONAT Lithuania","twitter:description":"Mes turime 0 u\u017eregistruot\u0173 rengini\u0173 nuo bir\u017eelio 1 d. Pasiekime Bir\u017eelio 1 d. - lapkri\u010dio 30 d. Susiburkite. Mokykit\u0117s kartu. Dalinkit\u0117s kartu. Mums pavyks tai! Nesvarbu, ar j\u016bs\u0173 renginyje dalyvauja 10 \u017emoni\u0173, ar 100, u\u017eregistruokite j\u012f, kad \u012fsitikintum\u0117te, jog jis bus \u012fskai\u010diuotas siekiant m\u016bs\u0173 DID\u017dIOJO tikslo! Registruoti savo rengin\u012f"},"aioseo_meta_data":{"post_id":"68564","title":null,"description":null,"keywords":null,"keyphrases":null,"primary_term":null,"canonical_url":null,"og_title":null,"og_description":null,"og_object_type":"default","og_image_type":"default","og_image_url":null,"og_image_width":null,"og_image_height":null,"og_image_custom_url":null,"og_image_custom_fields":null,"og_video":null,"og_custom_url":null,"og_article_section":null,"og_article_tags":null,"twitter_use_og":false,"twitter_card":"default","twitter_image_type":"default","twitter_image_url":null,"twitter_image_custom_url":null,"twitter_image_custom_fields":null,"twitter_title":null,"twitter_description":null,"schema":{"blockGraphs":[],"customGraphs":[],"default":{"data":{"Article":[],"Course":[],"Dataset":[],"FAQPage":[],"Movie":[],"Person":[],"Product":[],"ProductReview":[],"Car":[],"Recipe":[],"Service":[],"SoftwareApplication":[],"WebPage":[]},"graphName":"","isEnabled":true},"graphs":[]},"schema_type":"default","schema_type_options":null,"pillar_content":false,"robots_default":true,"robots_noindex":false,"robots_noarchive":false,"robots_nosnippet":false,"robots_nofollow":false,"robots_noimageindex":false,"robots_noodp":false,"robots_notranslate":false,"robots_max_snippet":null,"robots_max_videopreview":null,"robots_max_imagepreview":"large","priority":null,"frequency":null,"local_seo":null,"seo_analyzer_scan_date":"2025-08-15 01:52:38","breadcrumb_settings":null,"limit_modified_date":false,"reviewed_by":null,"open_ai":null,"ai":null,"created":"2023-07-26 19:25:54","updated":"2025-08-15 01:52:38"},"aioseo_breadcrumb":"<div class=\"aioseo-breadcrumbs\"><span class=\"aioseo-breadcrumb\">\n\t<a href=\"https:\/\/monatglobal.com\/lt\" title=\"Home\">Home<\/a>\n<\/span><span class=\"aioseo-breadcrumb-separator\">&raquo;<\/span><span class=\"aioseo-breadcrumb\">\n\t1 500 \u201eMONAT\u201c rengini\u0173 per 150 dien\u0173!\n<\/span><\/div>","aioseo_breadcrumb_json":[{"label":"Home","link":"https:\/\/monatglobal.com\/lt"},{"label":"1 500 \u201eMONAT\u201c rengini\u0173 per 150 dien\u0173!","link":"https:\/\/monatglobal.com\/lt\/1500-events\/"}],"_links":{"self":[{"href":"https:\/\/monatglobal.com\/lt\/wp-json\/wp\/v2\/pages\/68564","targetHints":{"allow":["GET"]}}],"collection":[{"href":"https:\/\/monatglobal.com\/lt\/wp-json\/wp\/v2\/pages"}],"about":[{"href":"https:\/\/monatglobal.com\/lt\/wp-json\/wp\/v2\/types\/page"}],"author":[{"embeddable":true,"href":"https:\/\/monatglobal.com\/lt\/wp-json\/wp\/v2\/users\/31"}],"replies":[{"embeddable":true,"href":"https:\/\/monatglobal.com\/lt\/wp-json\/wp\/v2\/comments?post=68564"}],"version-history":[{"count":12,"href":"https:\/\/monatglobal.com\/lt\/wp-json\/wp\/v2\/pages\/68564\/revisions"}],"predecessor-version":[{"id":75642,"href":"https:\/\/monatglobal.com\/lt\/wp-json\/wp\/v2\/pages\/68564\/revisions\/75642"}],"wp:featuredmedia":[{"embeddable":true,"href":"https:\/\/monatglobal.com\/lt\/wp-json\/wp\/v2\/media\/70984"}],"wp:attachment":[{"href":"https:\/\/monatglobal.com\/lt\/wp-json\/wp\/v2\/media?parent=68564"}],"wp:term":[{"taxonomy":"category","embeddable":true,"href":"https:\/\/monatglobal.com\/lt\/wp-json\/wp\/v2\/categories?post=68564"},{"taxonomy":"post_tag","embeddable":true,"href":"https:\/\/monatglobal.com\/lt\/wp-json\/wp\/v2\/tags?post=68564"}],"curies":[{"name":"wp","href":"https:\/\/api.w.org\/{rel}","templated":true}]}}