{"id":68332,"date":"2022-04-06T18:16:24","date_gmt":"2022-04-06T17:16:24","guid":{"rendered":"https:\/\/monatglobal.com\/lt\/?page_id=68332"},"modified":"2026-02-20T19:31:54","modified_gmt":"2026-02-20T19:31:54","slug":"vinegar-rinse","status":"publish","type":"page","link":"https:\/\/monatglobal.com\/lt\/vinegar-rinse\/","title":{"rendered":"Valomoji skalavimo priemon\u0117 su actu"},"content":{"rendered":"\n<link rel=\"stylesheet\" href=\"https:\/\/unpkg.com\/swiper\/swiper-bundle.min.css\">\n<link rel=\"stylesheet\" href=\"https:\/\/monatglobal.com\/wp-content\/creative_css\/product_styles_sheet.css\">\n   <!--==================================================== ECOMM SECTION ====================================================-->\n      <!--==================================================== Ecomm image ====================================================-->\n      <img decoding=\"async\" src=\"https:\/\/monatglobal.com\/wp-content\/uploads\/2022\/04\/Purifying-Vinegar-Rinse-ecomm.png\" alt=\"Purifying Vinegar Rinse \" loading=\"lazy\">\n      <!--==================================================== Ecomm information  ====================================================-->\n         \n         <h1>Valomoji skalavimo priemon\u0117 su actu <\/h1>\n         \n         <p>Lengvas, \u012f vanden\u012f pana\u0161us valiklis, suteikiantis blizges\u012f.<\/p>\n         <p>237 ml \u212e 8 fl. oz.<\/p>\n         <!--==================================================== pricing box  ====================================================--> \n         <p>Ma\u017emenin\u0117 kaina<br>00.00 \u20ac<\/p>\n         <p>VIP kliento kaina<br>00.00 \u20ac<\/p>\n         <!--==================================================== pricing box  ====================================================--> \n         <p>Nor\u0117dami su\u017einoti daugiau apie Valom\u0105j\u0105 skalavimo priemon\u0119 su actu, pasikalb\u0117kite su savo \u201eMONAT Market Partner&#8221;. <\/p>\n          <a href=\"\" target=\"_blank\" role=\"button\" aria-label=\"\" rel=\"noopener\"><\/a>\n   <!--==================================================== \/ECOMM SECTION  ====================================================-->\n   <!--==================================================== Benefits image ====================================================-->\n   \n      <source media=\"(max-width: 700px)\" srcset=\"https:\/\/monatglobal.com\/wp-content\/uploads\/2022\/04\/benefits-mobile-Purifying-Vinegar-rinse.jpg\" loading=\"lazy\">\n      <img decoding=\"async\" alt=\"A brunette woman with curly hair smiling and looking to the side.\" src=\"https:\/\/monatglobal.com\/wp-content\/uploads\/2022\/04\/Purifying-Vinegar-rinse-benefits.jpg\" loading=\"lazy\">\n   \n   <!--==================================================== Benefits text ====================================================-->\n         <h2>NAUDOS<\/h2>\n         <h3>\u0160is lengvai taikomas valiklis giliai i\u0161valo plaukus ir galvos&nbsp;od\u0105. <\/h3>\n          Nat\u016bral\u016bs mink\u0161tikliai i\u0161saugo plauk\u0173 ir galvos odos dr\u0117gm\u0119, o vaisi\u0173 ekstraktai padeda sustiprinti \u017evilges\u012f. Puikus \u0161amp\u016bno pakaitalas \u0161variems plaukams neplovimo dienomis!\n\n         <!--==================================================== features image  ====================================================-->\n         <img decoding=\"async\" alt=\"Purifying Vinegar Rinse sitting on a wood block next to apples, aloe vera, ginger, \n         apple cider vinegar, a vase with pampas, and a wood muddler. \" src=\"https:\/\/monatglobal.com\/wp-content\/uploads\/2022\/04\/Purifying-Vinegar-rinse-features.jpg\" loading=\"lazy\">\n      <!--==================================================== features text ====================================================-->\n            <h3>Praturtintas amino r\u016bg\u0161timis, vaisiais ir obuoli\u0173 sidro actu<\/h3>\n                <p>\/ Valo, kad pa\u0161alint\u0173 produkto sankaupas, ne\u0161varumus ir riebalus**<\/p>\n                <p>\/ 83 % \u0161velnesni, glotnesni plaukai*<\/p>\n                <p>\/ 80 % vartotoj\u0173 pager\u0117jo galvos odos dr\u0117kinimas po vieno naudojimo**<\/p>\n                <p>\/ Padidina blizges\u012f 64 %* <\/p>\n                <p>\/   I\u0161saugo spalv\u0105<\/p>\n            * Remiantis tre\u010diosios \u0161alies laboratorijos instrumentiniais&nbsp;tyrimais.<br>\n          ** Tyrimas, kuriame dalyvavo 35 moterys nuo 25 iki 55 met\u0173, kurias administruoja dermatologas. \n            <br>\n            <p>Aromatas \/ Atogr\u0105\u017e\u0173 \u012fkv\u0117ptas aromatas su sultingomis fig\u0173, \u0161velni\u0173 balt\u0173 g\u0117li\u0173 ir su vetiverij\u0173, kedro ir saman\u0173 natomis.<\/p>\n            <p> Tekst\u016bra \/ Skystas <\/p>\n   <!--==================================================== composition image mobile ====================================================-->\n   <img decoding=\"async\" alt=\"A bottle of Purifying Vinegar Rinse sitting on marble title, resting on a purple wall.\" src=\"https:\/\/monatglobal.com\/wp-content\/uploads\/2022\/04\/Purifying-Vinegar-rinse-features.jpg\" loading=\"lazy\">\n   <!--==================================================== Why it works text ====================================================-->\n      \n      <h3>Obuoli\u0173 sidro acto ekstraktas derinamas su \u201eREJUVENIQE S\u2122&#8221; ir kitomis sveikiems plaukams aktyviosiomis med\u017eiagomis \u012f vanden\u012f pana\u0161iu skalavimu, kad giliai i\u0161valyt\u0173 plaukus ir galvos od\u0105, i\u0161laikant dr\u0117gm\u0119, spalv\u0105 ir sustiprinant blizges\u012f.<\/h3>\n<!--==================================================== Composition section ====================================================-->\n      <img decoding=\"async\" alt=\"A bottle of Purifying Vinegar Rinse sitting on marble title, resting on a purple wall.\" src=\"https:\/\/monatglobal.com\/wp-content\/uploads\/2022\/04\/Purifying-Vinegar-rinse-comp1.jpg\" loading=\"lazy\">\n      <img decoding=\"async\" alt=\"A brunette woman with wet hair smiling and holding Purifying Vinegar Rinse, overlayed \n      on an image with different ingredients that are in Purifying Vinegar Rinse.\" src=\"https:\/\/monatglobal.com\/wp-content\/uploads\/2022\/04\/Purifying-Vinegar-rinse-comp3.jpg\" loading=\"lazy\">\n            <!--==================================================== Directions text ====================================================--> \n               <h3>Naudojimas<\/h3>\n                    <p>\/ Pasukite atidarymo antgal\u012f.  <\/p>\n                    <p>\/ Tepkite ant dr\u0117gn\u0173 plauk\u0173 ir galvos odos.  <\/p>\n                    <p>\/ Masa\u017euokite, kad suputot\u0173 1-3 minutes.<\/p>\n                    <p>\/ I\u0161skalaukite.<\/p>\n                    <p>\/ Toliau naudokite savo m\u0117gstam\u0105 \u201eMONAT&#8221; kondicionieri\u0173 arba kauk\u0119.  <\/p>\n            <!--==================================================== Directions video ====================================================-->\n      <p>Purifying Vinegar Rinse <br>0:00<\/p>\n      <a href=\"\" target=\"_blank\" role=\"button\" aria-label=\"\" rel=\"noopener\"><\/a>\n   <!--==================================================== Ingredients section  ====================================================-->\n      <h2>PAGRINDIN\u0116S SUDEDAMOSIOS DALYS<\/h2>\n               <p>Obuoli\u0173 sidro actas   <\/p>\n               <p> \u201eREJUVENIQE S\u2122&#8221; <\/p>\n               <p>Alavij\u0173 lap\u0173 sultys<\/p>\n               <p>Imbiero \u0161akn\u0173 ekstraktas <\/p>\n               <p>Juodosios egl\u0117s \u017eiev\u0117s ekstraktas <\/p>\n               <p> Augalin\u0117s kilm\u0117s skvalenas <\/p>\n        <button id=\"myBtn\" type=\"button\">SUDEDAM\u0172J\u0172 DALI\u0172 S\u0104RA\u0160AS\n<\/button>\n      <!--==================================================== Modal content  ====================================================-->\n         \u00d7\n         Aqua\/Water\/Eau, Propanediol, Glycerin, Vinegar\/Acetum\/Vinaigre, Cetrimonium\n            Chloride, Pentylene Glycol, Sodium Cocoyl Glutamate, Adansonia Digitata Oil,\n            Caryocar Brasiliense Fruit Oil, Cocos Nucifera (Coconut) Oil, Gardenia Taitensis Flower\n            Extract, Helianthus Annuus (Sunflower) Seed Oil, Mauritia Flexuosa Fruit Oil, Moringa\n            Oleifera Seed Oil, Simmondsia Chinensis (Jojoba) Seed Extract, Citrus Aurantifolia\n            (Lime) Oil, Citrus Aurantium Bergamia (Bergamot) Fruit Oil, Zingiber Officinale (Ginger)\n            Root Extract, Camellia Oleifera Seed Oil, Olea Europaea (Olive) Fruit Oil, Citrus Limon\n            (Lemon) Peel Oil, Daucus Carota Sativa (Carrot) Seed Oil, Solanum Lycopersicum\n            (Tomato) Seed Oil, Picea Mariana Bark Extract, Crambe Abyssinica Seed Oil,\n            Hydrogenated Lecithin, Limnanthes Alba (Meadowfoam) Seed Oil, Bisabolol, Squalane,\n            Aloe Barbadensis Leaf Juice, Polyglyceryl-10 Oleate, Panthenol, Phenethyl Alcohol,\n            Polyquaternium-7, Fragrance\/Parfum, Polyglyceryl-10 Laurate, Citric Acid, Sodium\n            Benzoate, Potassium Sorbate, Caprylyl\/Capryl Glucoside.\n   <!--==================================================== You might also like section ====================================================-->\n      <h2>JUMS TAIP PAT GALI PATIKTI\n<\/h2>\n      <!--==================================================== Slider YOU MIGHT ALSO LIKE ====================================================-->\n      <!---->\n      <!--   -->\n            <!--==================================================== Slides products ====================================================-->\n      <!--      -->\n      <!--         <a href=\"\/lt\/vinegar-shampoo\/\" aria-label=\"Go to Purifying Vinegar Shampoo  page\">-->\n      <!--            <img decoding=\"async\" src=\"https:\/\/monatglobal.com\/wp-content\/uploads\/2022\/12\/Purifying-vinegar-shampoo-ecomm-2022.png\" alt=\"Purifying Vinegar Shampoo \" loading=\"lazy\"\/>-->\n      <!--            <p>Valomasis \u0161amp\u016bnas su actu  <\/p>-->\n      <!--         <\/a>-->\n      <!--      -->\n      <!--      -->\n      <!--         <a href=\"\/lt\/vinegar-scrub\/\" aria-label=\"Go to Scalp Purifying Scrub page\">-->\n      <!--            <img decoding=\"async\" src=\"https:\/\/monatglobal.com\/wp-content\/uploads\/2022\/12\/Scalp-purifying-scrub_Ecomm-min.png\" alt=\"Scalp Purifying Scrub \" loading=\"lazy\"\/>-->\n      <!--            <p>Galvos od\u0105 valantis \u0161veitiklis  <\/p>-->\n      <!--         <\/a>-->\n      <!--      -->\n      <!--    -->\n      <!--         <a href=\"\/lt\/monat-black-shampoo-conditioner\/\" aria-label=\"Go to MONAT BLACK SHAMPOO + CONDITIONER page\">-->\n      <!--            <img decoding=\"async\" src=\"https:\/\/monatglobal.com\/wp-content\/uploads\/2022\/12\/Monat-Black-shampoo-conditioner-Ecomm.png\" alt=\"MONAT FOR MEN\u2122 Essential Body Wash\" loading=\"lazy\"\/>-->\n      <!--            <p>\u201eMONAT BLACK\" \u0160AMP\u016aNAS + KONDICIONIERIUS<\/p>-->\n      <!--         <\/a>-->\n      <!--      -->\n      <!--   -->\n         <!--==================================================== If we need navigation buttons  ====================================================-->\n      <!--   -->\n      <!--   -->\n         <!--==================================================== If we need paginations  ====================================================-->\n      <!--   -->\n      <!---->\n         <!--==================================================== If we need navigation buttons  ====================================================-->\n         <!--==================================================== If we need paginations  ====================================================-->\n    <a href=\"\" aria-label=\"\"><\/a>\n<!--==================================================== this link has to go last for it to work   ====================================================-->\n","protected":false},"excerpt":{"rendered":"<p>Valomoji skalavimo priemon\u0117 su actu Lengvas, \u012f vanden\u012f pana\u0161us valiklis, suteikiantis blizges\u012f. 237 ml \u212e 8 fl. oz. Ma\u017emenin\u0117 kaina00.00 \u20ac VIP kliento kaina00.00 \u20ac Nor\u0117dami su\u017einoti daugiau apie Valom\u0105j\u0105 skalavimo priemon\u0119 su actu, pasikalb\u0117kite su savo \u201eMONAT Market Partner&#8221;. NAUDOS \u0160is lengvai taikomas valiklis giliai i\u0161valo plaukus ir galvos&nbsp;od\u0105. Nat\u016bral\u016bs mink\u0161tikliai i\u0161saugo plauk\u0173 ir&hellip;<\/p>\n","protected":false},"author":31,"featured_media":69556,"parent":0,"menu_order":0,"comment_status":"closed","ping_status":"closed","template":"","meta":{"inline_featured_image":false,"om_disable_all_campaigns":false,"_monsterinsights_skip_tracking":false,"_monsterinsights_sitenote_active":false,"_monsterinsights_sitenote_note":"","_monsterinsights_sitenote_category":0,"footnotes":""},"categories":[32],"tags":[],"class_list":["post-68332","page","type-page","status-publish","has-post-thumbnail","hentry","category-product-lt"],"aioseo_notices":[],"aioseo_head":"\n\t\t<!-- All in One SEO Pro 4.9.6 - aioseo.com -->\n\t<meta name=\"description\" content=\"--&gt;\" \/>\n\t<meta name=\"robots\" content=\"max-image-preview:large\" \/>\n\t<link rel=\"canonical\" href=\"https:\/\/monatglobal.com\/lt\/vinegar-rinse\/\" \/>\n\t<meta name=\"generator\" content=\"All in One SEO Pro (AIOSEO) 4.9.6\" \/>\n\t\t<meta property=\"og:locale\" content=\"lt_LT\" \/>\n\t\t<meta property=\"og:site_name\" content=\"MONAT Lithuania -\" \/>\n\t\t<meta property=\"og:type\" content=\"article\" \/>\n\t\t<meta property=\"og:title\" content=\"Valomoji skalavimo priemon\u0117 su actu - MONAT Lithuania\" \/>\n\t\t<meta property=\"og:description\" content=\"--&gt;\" \/>\n\t\t<meta property=\"og:url\" content=\"https:\/\/monatglobal.com\/lt\/vinegar-rinse\/\" \/>\n\t\t<meta property=\"article:published_time\" content=\"2022-04-06T17:16:24+00:00\" \/>\n\t\t<meta property=\"article:modified_time\" content=\"2026-02-20T19:31:54+00:00\" \/>\n\t\t<meta name=\"twitter:card\" content=\"summary_large_image\" \/>\n\t\t<meta name=\"twitter:title\" content=\"Valomoji skalavimo priemon\u0117 su actu - MONAT Lithuania\" \/>\n\t\t<meta name=\"twitter:description\" content=\"--&gt;\" \/>\n\t\t<script type=\"application\/ld+json\" class=\"aioseo-schema\">\n\t\t\t{\"@context\":\"https:\\\/\\\/schema.org\",\"@graph\":[{\"@type\":\"BreadcrumbList\",\"@id\":\"https:\\\/\\\/monatglobal.com\\\/lt\\\/vinegar-rinse\\\/#breadcrumblist\",\"itemListElement\":[{\"@type\":\"ListItem\",\"@id\":\"https:\\\/\\\/monatglobal.com\\\/lt#listItem\",\"position\":1,\"name\":\"Home\",\"item\":\"https:\\\/\\\/monatglobal.com\\\/lt\",\"nextItem\":{\"@type\":\"ListItem\",\"@id\":\"https:\\\/\\\/monatglobal.com\\\/lt\\\/vinegar-rinse\\\/#listItem\",\"name\":\"Valomoji skalavimo priemon\\u0117 su actu\"}},{\"@type\":\"ListItem\",\"@id\":\"https:\\\/\\\/monatglobal.com\\\/lt\\\/vinegar-rinse\\\/#listItem\",\"position\":2,\"name\":\"Valomoji skalavimo priemon\\u0117 su actu\",\"previousItem\":{\"@type\":\"ListItem\",\"@id\":\"https:\\\/\\\/monatglobal.com\\\/lt#listItem\",\"name\":\"Home\"}}]},{\"@type\":\"Organization\",\"@id\":\"https:\\\/\\\/monatglobal.com\\\/lt\\\/#organization\",\"name\":\"MONAT Lithuania\",\"url\":\"https:\\\/\\\/monatglobal.com\\\/lt\\\/\"},{\"@type\":\"WebPage\",\"@id\":\"https:\\\/\\\/monatglobal.com\\\/lt\\\/vinegar-rinse\\\/#webpage\",\"url\":\"https:\\\/\\\/monatglobal.com\\\/lt\\\/vinegar-rinse\\\/\",\"name\":\"Valomoji skalavimo priemon\\u0117 su actu - MONAT Lithuania\",\"description\":\"-->\",\"inLanguage\":\"lt-LT\",\"isPartOf\":{\"@id\":\"https:\\\/\\\/monatglobal.com\\\/lt\\\/#website\"},\"breadcrumb\":{\"@id\":\"https:\\\/\\\/monatglobal.com\\\/lt\\\/vinegar-rinse\\\/#breadcrumblist\"},\"image\":{\"@type\":\"ImageObject\",\"url\":\"https:\\\/\\\/monatglobal.com\\\/lt\\\/wp-content\\\/uploads\\\/sites\\\/11\\\/2022\\\/04\\\/Purifying-Vinegar-Rinse-ecomm.png\",\"@id\":\"https:\\\/\\\/monatglobal.com\\\/lt\\\/vinegar-rinse\\\/#mainImage\",\"width\":641,\"height\":800},\"primaryImageOfPage\":{\"@id\":\"https:\\\/\\\/monatglobal.com\\\/lt\\\/vinegar-rinse\\\/#mainImage\"},\"datePublished\":\"2022-04-06T18:16:24+01:00\",\"dateModified\":\"2026-02-20T19:31:54+00:00\"},{\"@type\":\"WebSite\",\"@id\":\"https:\\\/\\\/monatglobal.com\\\/lt\\\/#website\",\"url\":\"https:\\\/\\\/monatglobal.com\\\/lt\\\/\",\"name\":\"MONAT Lithuania\",\"inLanguage\":\"lt-LT\",\"publisher\":{\"@id\":\"https:\\\/\\\/monatglobal.com\\\/lt\\\/#organization\"}}]}\n\t\t<\/script>\n\t\t<!-- All in One SEO Pro -->\r\n\t\t<title>Valomoji skalavimo priemon\u0117 su actu - MONAT Lithuania<\/title>\n\n","aioseo_head_json":{"title":"Valomoji skalavimo priemon\u0117 su actu - MONAT Lithuania","description":"-->","canonical_url":"https:\/\/monatglobal.com\/lt\/vinegar-rinse\/","robots":"max-image-preview:large","keywords":"","webmasterTools":{"miscellaneous":""},"schema":{"@context":"https:\/\/schema.org","@graph":[{"@type":"BreadcrumbList","@id":"https:\/\/monatglobal.com\/lt\/vinegar-rinse\/#breadcrumblist","itemListElement":[{"@type":"ListItem","@id":"https:\/\/monatglobal.com\/lt#listItem","position":1,"name":"Home","item":"https:\/\/monatglobal.com\/lt","nextItem":{"@type":"ListItem","@id":"https:\/\/monatglobal.com\/lt\/vinegar-rinse\/#listItem","name":"Valomoji skalavimo priemon\u0117 su actu"}},{"@type":"ListItem","@id":"https:\/\/monatglobal.com\/lt\/vinegar-rinse\/#listItem","position":2,"name":"Valomoji skalavimo priemon\u0117 su actu","previousItem":{"@type":"ListItem","@id":"https:\/\/monatglobal.com\/lt#listItem","name":"Home"}}]},{"@type":"Organization","@id":"https:\/\/monatglobal.com\/lt\/#organization","name":"MONAT Lithuania","url":"https:\/\/monatglobal.com\/lt\/"},{"@type":"WebPage","@id":"https:\/\/monatglobal.com\/lt\/vinegar-rinse\/#webpage","url":"https:\/\/monatglobal.com\/lt\/vinegar-rinse\/","name":"Valomoji skalavimo priemon\u0117 su actu - MONAT Lithuania","description":"-->","inLanguage":"lt-LT","isPartOf":{"@id":"https:\/\/monatglobal.com\/lt\/#website"},"breadcrumb":{"@id":"https:\/\/monatglobal.com\/lt\/vinegar-rinse\/#breadcrumblist"},"image":{"@type":"ImageObject","url":"https:\/\/monatglobal.com\/lt\/wp-content\/uploads\/sites\/11\/2022\/04\/Purifying-Vinegar-Rinse-ecomm.png","@id":"https:\/\/monatglobal.com\/lt\/vinegar-rinse\/#mainImage","width":641,"height":800},"primaryImageOfPage":{"@id":"https:\/\/monatglobal.com\/lt\/vinegar-rinse\/#mainImage"},"datePublished":"2022-04-06T18:16:24+01:00","dateModified":"2026-02-20T19:31:54+00:00"},{"@type":"WebSite","@id":"https:\/\/monatglobal.com\/lt\/#website","url":"https:\/\/monatglobal.com\/lt\/","name":"MONAT Lithuania","inLanguage":"lt-LT","publisher":{"@id":"https:\/\/monatglobal.com\/lt\/#organization"}}]},"og:locale":"lt_LT","og:site_name":"MONAT Lithuania -","og:type":"article","og:title":"Valomoji skalavimo priemon\u0117 su actu - MONAT Lithuania","og:description":"--&gt;","og:url":"https:\/\/monatglobal.com\/lt\/vinegar-rinse\/","article:published_time":"2022-04-06T17:16:24+00:00","article:modified_time":"2026-02-20T19:31:54+00:00","twitter:card":"summary_large_image","twitter:title":"Valomoji skalavimo priemon\u0117 su actu - MONAT Lithuania","twitter:description":"--&gt;"},"aioseo_meta_data":{"post_id":"68332","title":null,"description":null,"keywords":null,"keyphrases":{"focus":{"keyphrase":"","score":0,"analysis":{"keyphraseInTitle":{"score":0,"maxScore":9,"error":1}}},"additional":[]},"primary_term":null,"canonical_url":null,"og_title":null,"og_description":null,"og_object_type":"default","og_image_type":"default","og_image_url":null,"og_image_width":null,"og_image_height":null,"og_image_custom_url":null,"og_image_custom_fields":null,"og_video":"","og_custom_url":null,"og_article_section":null,"og_article_tags":null,"twitter_use_og":false,"twitter_card":"default","twitter_image_type":"default","twitter_image_url":null,"twitter_image_custom_url":null,"twitter_image_custom_fields":null,"twitter_title":null,"twitter_description":null,"schema":{"blockGraphs":[],"customGraphs":[],"default":{"data":{"Article":[],"Course":[],"Dataset":[],"FAQPage":[],"Movie":[],"Person":[],"Product":[],"ProductReview":[],"Car":[],"Recipe":[],"Service":[],"SoftwareApplication":[],"WebPage":[]},"graphName":"WebPage","isEnabled":true},"graphs":[]},"schema_type":"default","schema_type_options":null,"pillar_content":false,"robots_default":true,"robots_noindex":false,"robots_noarchive":false,"robots_nosnippet":false,"robots_nofollow":false,"robots_noimageindex":false,"robots_noodp":false,"robots_notranslate":false,"robots_max_snippet":"-1","robots_max_videopreview":"-1","robots_max_imagepreview":"large","priority":null,"frequency":"default","local_seo":null,"seo_analyzer_scan_date":"2026-02-20 20:11:00","breadcrumb_settings":null,"limit_modified_date":false,"reviewed_by":"0","open_ai":null,"ai":{"faqs":[],"keyPoints":[],"titles":[],"descriptions":[],"socialPosts":{"email":[],"linkedin":[],"twitter":[],"facebook":[],"instagram":[]}},"created":"2023-07-26 19:23:01","updated":"2026-02-20 20:11:00"},"aioseo_breadcrumb":"<div class=\"aioseo-breadcrumbs\"><span class=\"aioseo-breadcrumb\">\n\t<a href=\"https:\/\/monatglobal.com\/lt\" title=\"Home\">Home<\/a>\n<\/span><span class=\"aioseo-breadcrumb-separator\">&raquo;<\/span><span class=\"aioseo-breadcrumb\">\n\tValomoji skalavimo priemon\u0117 su actu\n<\/span><\/div>","aioseo_breadcrumb_json":[{"label":"Home","link":"https:\/\/monatglobal.com\/lt"},{"label":"Valomoji skalavimo priemon\u0117 su actu","link":"https:\/\/monatglobal.com\/lt\/vinegar-rinse\/"}],"_links":{"self":[{"href":"https:\/\/monatglobal.com\/lt\/wp-json\/wp\/v2\/pages\/68332","targetHints":{"allow":["GET"]}}],"collection":[{"href":"https:\/\/monatglobal.com\/lt\/wp-json\/wp\/v2\/pages"}],"about":[{"href":"https:\/\/monatglobal.com\/lt\/wp-json\/wp\/v2\/types\/page"}],"author":[{"embeddable":true,"href":"https:\/\/monatglobal.com\/lt\/wp-json\/wp\/v2\/users\/31"}],"replies":[{"embeddable":true,"href":"https:\/\/monatglobal.com\/lt\/wp-json\/wp\/v2\/comments?post=68332"}],"version-history":[{"count":27,"href":"https:\/\/monatglobal.com\/lt\/wp-json\/wp\/v2\/pages\/68332\/revisions"}],"predecessor-version":[{"id":109218,"href":"https:\/\/monatglobal.com\/lt\/wp-json\/wp\/v2\/pages\/68332\/revisions\/109218"}],"wp:featuredmedia":[{"embeddable":true,"href":"https:\/\/monatglobal.com\/lt\/wp-json\/wp\/v2\/media\/69556"}],"wp:attachment":[{"href":"https:\/\/monatglobal.com\/lt\/wp-json\/wp\/v2\/media?parent=68332"}],"wp:term":[{"taxonomy":"category","embeddable":true,"href":"https:\/\/monatglobal.com\/lt\/wp-json\/wp\/v2\/categories?post=68332"},{"taxonomy":"post_tag","embeddable":true,"href":"https:\/\/monatglobal.com\/lt\/wp-json\/wp\/v2\/tags?post=68332"}],"curies":[{"name":"wp","href":"https:\/\/api.w.org\/{rel}","templated":true}]}}