{"id":68179,"date":"2022-04-19T08:00:55","date_gmt":"2022-04-19T07:00:55","guid":{"rendered":"https:\/\/monatglobal.com\/lt\/?page_id=68179"},"modified":"2026-04-06T22:24:20","modified_gmt":"2026-04-06T21:24:20","slug":"skin-clarifying-cleanser","status":"publish","type":"page","link":"https:\/\/monatglobal.com\/lt\/skin-clarifying-cleanser\/","title":{"rendered":"\u201eMONAT BE PURIFIED\u2122\u201c\u201c valomasis prausiklis"},"content":{"rendered":"\n\n\t<link rel=\"stylesheet\" href=\"https:\/\/unpkg.com\/swiper\/swiper-bundle.min.css\" \/>\n<link rel=\"stylesheet\" href=\"https:\/\/monatglobal.com\/wp-content\/creative_css\/product_styles_sheet.css\" \/>\n   <!--==================================================== ECOMM SECTION ====================================================-->\n      <!--==================================================== Ecomm image ====================================================-->\n      <img decoding=\"async\" src=\"https:\/\/monatglobal.com\/pl\/wp-content\/uploads\/sites\/9\/2021\/12\/be-purifying-creamy-cleanser-ecomm-2022.png\" alt=\"BE PURIFIED\u2122 valomasis prausiklis\" loading=\"lazy\"\/>\n      <!--==================================================== Ecomm information  ====================================================-->\n         <p>\u201eBE PURIFIED\u2122&#8221;<\/p>\n         <h1>Valomasis prausiklis<\/h1>\n         \n         <p>Valomasis ir gaivinamasis gelinis prausiklis su veiksmingomis augalin\u0117mis sud\u0117tin\u0117mis&nbsp;dalimis.<\/p>\n         <p>120 ml \u212e 4 fl. oz.<\/p>\n        <!--==================================================== pricing box ====================================================-->\n         <p>Ma\u017emenin\u0117 kaina<br \/>00.00 \u20ac<\/p>\n         <p>VIP kliento kaina<br \/>00.00 \u20ac<\/p>\n        <!--==================================================== pricing box ====================================================-->\n         <p>Nor\u0117dami su\u017einoti daugiau apie \u201eBE PURIFIED\u2122&#8221; valom\u0105j\u012f prausikl\u012f, pasikalb\u0117kite su savo \u201eMONAT Market&nbsp;Partner&#8221;.<\/p>\n          <a href=\"\" target=\"_blank\" role=\"button\" aria-label=\"\"><\/a>\n   <!--==================================================== \/ECOMM SECTION  ====================================================-->\n   <!--==================================================== Benefits image ====================================================-->\n  \n    <source media=\"(max-width: 700px)\" srcset=\"https:\/\/monatglobal.com\/pl\/wp-content\/uploads\/sites\/9\/2021\/12\/BE-PURIFIED-clarifying-cleanser-benefits-_mobile.jpg\" loading=\"lazy\"\/>\n      <img decoding=\"async\" src=\"https:\/\/monatglobal.com\/pl\/wp-content\/uploads\/sites\/9\/2021\/12\/BE-PURIFIED-clarifying-cleanser-benefits-.jpg\" \n      alt=\"\" loading=\"lazy\"\/>\n    \n   <!--==================================================== Benefits text ====================================================-->\n         <h2>NAUDOS<\/h2>\n         <h3>Skirta specialiai riebiai odai, \u0161i formul\u0117 be aliejaus \u0161velniai pa\u0161alina \n         riebal\u0173 pertekli\u0173 ir atkem\u0161a poras, nesausinant&nbsp;odos.<\/h3>\n         <!--==================================================== features image  ====================================================-->\n         <img decoding=\"async\" alt=\"\" src=\"https:\/\/monatglobal.com\/pl\/wp-content\/uploads\/sites\/9\/2021\/12\/BE-PURIFIED-clarifying-cleanser-features.jpg\" loading=\"lazy\"\/>\n      <!--==================================================== features text ====================================================-->\n            <h3>Savyb\u0117s<\/h3>\n               <p>\/ Valo ir dr\u0117kina od\u0105 <\/p>\n               <p>\/ Giliai valo od\u0105 nesausindamas&nbsp;jos <\/p>\n               <p>\/ Veidas ma\u017eiau blizga iki 8&nbsp;valand\u0173 <\/p>\n               <p>\/ V\u0117sina ir gaivina<\/p>\n               <p>\/ Nesausinanti formul\u0117<\/p>\n               <br \/>\n            <p>Fragrance \/ Unwind and enjoy a coconut-forward, citrusy aroma with notes of blood orange, coconut husk, cashew nut and&nbsp;sandalwood. <\/p>\n            <p> Texture \/ Cream <\/p>\n   <!--==================================================== composition image mobile ====================================================-->\n   <img decoding=\"async\" alt=\"\" src=\"https:\/\/monatglobal.com\/pl\/wp-content\/uploads\/sites\/9\/2021\/12\/BE-PURIFIED-clarifying-cleanser-comp-1.jpg\" loading=\"lazy\"\/>\n   <!--==================================================== Why it works text ====================================================-->\n      \n      <h3>\u0160is lengvos tekst\u016bros \u0161velnus gelinis prausiklis yra papildytas augaliniais \u017ealiosios\n      arbatos, rozmarino ir tikrojo alavijo lap\u0173 ekstraktais, taip pat veiksmingu glikoliu ir pieno AHA (alfa hidroksi r\u016bg\u0161tis), \n      kurie maitina, atgaivina ir valo od\u0105.<\/h3>\n      <p>Be to, veidas ma\u017eiau blizga iki 8&nbsp;valand\u0173.<\/p>\n<!--==================================================== Composition section ====================================================-->\n      <img decoding=\"async\" alt=\"\" src=\"https:\/\/monatglobal.com\/pl\/wp-content\/uploads\/sites\/9\/2021\/12\/BE-PURIFIED-clarifying-cleanser-comp-1.jpg\" loading=\"lazy\"\/>\n      <img decoding=\"async\" alt=\"\" \n      src=\"https:\/\/monatglobal.com\/pl\/wp-content\/uploads\/sites\/9\/2021\/12\/BE-PURIFIED-clarifying-cleanser-comp-3.jpg\" loading=\"lazy\"\/>\n            <!--==================================================== Directions text ====================================================--> \n               <h3>Naudojimas<\/h3>\n                    <p>\/ Sudr\u0117kinkite od\u0105.<\/p>\n                    <p>\/ U\u017etepkite nedidel\u012f kiek\u012f ant pir\u0161t\u0173 galiuk\u0173 ir&nbsp;emulsuokite.<\/p>\n                    <p>\/ Sukamaisiais judesiais \u0161velniai valykite od\u0105.<\/p>\n                    <p>\/ Nuplaukite \u0161iltu vandeniu ir \u0161velniai nusausinkite&nbsp;od\u0105.<\/p>\n                    <p>\/ Toliau atlikite \u012fprastas proced\u016bras su \u201eMONAT&#8221; odos prie\u017ei\u016brai skirtais&nbsp;produktais.<\/p>\n            <!--==================================================== Directions video ====================================================-->\n      <p>Be Balanced\u2122 <br \/>Lightweight Moisturizer <br \/>0:35<\/p>\n      <a href=\"\" target=\"_blank\"  role=\"button\" aria-label=\"\"><\/a>\n   <!--==================================================== Ingredients section  ====================================================-->\n      <h2>PAGRINDIN\u0116S AKTYVIOSIOS MED\u017dIAGOS<\/h2>\n      <p>Glikolio r\u016bg\u0161tis + pieno&nbsp;r\u016bg\u0161tis<\/p>\n      <p>Augaliniai ekstraktai <\/p>\n      <p>Guls\u010diosios serenojos&nbsp;ekstraktas <\/p>\n      <p>Niacinamidas<\/p>\n        <button id=\"myBtn\" type=\"button\">\u017dR. I\u0160SAM\u0172 SUDEDAM\u0172J\u0172 DALI\u0172 S\u0104RA\u0160\u0104<\/button>\n      <!--==================================================== Modal content  ====================================================-->\n         &times;\n         Aqua\/Water\/Eau, Sodium Cocoyl Glutamate, Cocamidopropyl Betaine, Propanediol, Acacia Senegal Gum, Aloe Barbadensis \n         Leaf Juice, Serenoa Serrulata Fruit Extract, Tocopherol, Rosmarinus Officinalis (Rosemary) Leaf Extract, Camellia Sinensis Leaf \n         Extract, Maclura Cochinchinensis Leaf Prenylflavonoids, Helianthus Annuus (Sunflower) Extract, Oryza Sativa (Rice) Bran Extract, \n         Lactic Acid, Niacinamide, Citric Acid, Cocamidopropyl Dimethylamine, Glycerin, Cocamide MIPA, Fragrance\/Parfum, PEG-150 Distearate, \n         Glycolic Acid, Xanthan Gum, Sodium C14-16 Olefin Sulfonate, Sodium Chloride, Potassium Sorbate, Sodium&nbsp;Benzoate.\n   <!--==================================================== You might also like section ====================================================-->\n      <h2>JUMS TAIP PAT GALI PATIKTI<\/h2>\n      <!--==================================================== Slider YOU MIGHT ALSO LIKE ====================================================-->\n          <!---->\n          <!--   -->\n                <!-- Slides products-->\n          <!--      -->\n          <!--         <a href=\"\/lt\/charcoal-mask\/\" aria-label=\"Go to MONAT BE PURIFIED\u2122 \u0161altos anglies kauk\u0117 page\">-->\n          <!--          <img decoding=\"async\" src=\"https:\/\/monatglobal.com\/wp-content\/uploads\/2022\/12\/cold-charcoal-mask-ecomm-2022-min.png\" alt=\"MONAT BE PURIFIED\u2122 \u0161altos anglies kauk\u0117\" loading=\"lazy\"\/>-->\n          <!--          <p>\u201eMONAT BE PURIFIED\u2122\" <br \/>\u0161altos anglies kauk\u0117<\/p>-->\n          <!--        <\/a>-->\n          <!--      -->\n          <!--      -->\n          <!--         <a href=\"\/lt\/skin-oil-free-moisturizer\/\" aria-label=\"Go to MONAT BE PURIFIED\u2122 dr\u0117kinamasis kremas be aliejaus page\">-->\n          <!--          <img decoding=\"async\" src=\"https:\/\/monatglobal.com\/wp-content\/uploads\/2022\/12\/Be-purifyied-oil-free-moisturizer_Ecomm.png\" alt=\"MONAT BE PURIFIED\u2122 dr\u0117kinamasis kremas be aliejaus\" loading=\"lazy\"\/>-->\n          <!--          <p>\u201eMONAT BE PURIFIED\u2122\" <br \/>dr\u0117kinamasis kremas be aliejaus<\/p>-->\n          <!--        <\/a>-->\n          <!--      -->\n          <!--      -->\n          <!--         <a href=\"\/lt\/creamy-cleanser\/\" aria-label=\"Go to BE GENTLE\u2122 kreminis prausiklis page\">-->\n          <!--            <img decoding=\"async\" src=\"https:\/\/monatglobal.com\/wp-content\/uploads\/2022\/12\/BE-GENTLE-Creamy-Cleanser-ecomm-2022-min.png\" alt=\"BE GENTLE\u2122 kreminis prausiklis\" loading=\"lazy\"\/>-->\n          <!--            <p>\u201eBE GENTLE\u2122\" <br \/>kreminis prausiklis<\/p>-->\n          <!--         <\/a>-->\n          <!--      -->\n          <!--      -->\n          <!--         <a href=\"\/lt\/sun-veil-sunscreen\/\" aria-label=\"Go to Sun Veil\u2122 kasdien\u0117 mineralin\u0117 apsauga nuo saul\u0117s SPF 30 page\">-->\n          <!--            <img decoding=\"async\" src=\"https:\/\/monatglobal.com\/pl\/wp-content\/uploads\/sites\/9\/2021\/12\/sun-veil-ecomm-2022.png\" alt=\"Sun Veil\u2122 kasdien\u0117 mineralin\u0117 apsauga nuo saul\u0117s SPF 30\" loading=\"lazy\"\/>-->\n          <!--            <p>\u201eSun Veil\u2122\" kasdien\u0117 mineralin\u0117 <br \/> apsauga nuo saul\u0117s SPF 30<\/p>-->\n          <!--         <\/a>-->\n          <!--      -->\n          <!--   -->\n             <!-- If we need navigation buttons -->\n          <!--   -->\n          <!--   -->\n             <!-- If we need paginations -->\n          <!--   -->\n          <!---->\n         <!--==================================================== If we need navigation buttons  ====================================================-->\n         <!--==================================================== If we need paginations  ====================================================-->\n    <a href=\"\" aria-label=\"\"><\/a>\n<!--==================================================== this link has to go last for it to work   ====================================================-->\n\n","protected":false},"excerpt":{"rendered":"<p>\u201eBE PURIFIED\u2122&#8221; Valomasis prausiklis Valomasis ir gaivinamasis gelinis prausiklis su veiksmingomis augalin\u0117mis sud\u0117tin\u0117mis&nbsp;dalimis. 120 ml \u212e 4 fl. oz. Ma\u017emenin\u0117 kaina00.00 \u20ac VIP kliento kaina00.00 \u20ac Nor\u0117dami su\u017einoti daugiau apie \u201eBE PURIFIED\u2122&#8221; valom\u0105j\u012f prausikl\u012f, pasikalb\u0117kite su savo \u201eMONAT Market&nbsp;Partner&#8221;. NAUDOS Skirta specialiai riebiai odai, \u0161i formul\u0117 be aliejaus \u0161velniai pa\u0161alina riebal\u0173 pertekli\u0173 ir atkem\u0161a poras,&hellip;<\/p>\n","protected":false},"author":31,"featured_media":69543,"parent":0,"menu_order":0,"comment_status":"closed","ping_status":"closed","template":"","meta":{"inline_featured_image":false,"om_disable_all_campaigns":false,"_monsterinsights_skip_tracking":false,"_monsterinsights_sitenote_active":false,"_monsterinsights_sitenote_note":"","_monsterinsights_sitenote_category":0,"footnotes":""},"categories":[32],"tags":[],"class_list":["post-68179","page","type-page","status-publish","has-post-thumbnail","hentry","category-product-lt"],"aioseo_notices":[],"aioseo_head":"\n\t\t<!-- All in One SEO Pro 4.9.6 - aioseo.com -->\n\t<meta name=\"description\" content=\"\u201eBE PURIFIED\u2122&quot; Valomasis prausiklis Valomasis ir gaivinamasis gelinis prausiklis su veiksmingomis augalin\u0117mis sud\u0117tin\u0117mis dalimis. 120 ml \u212e 4 fl. oz. Ma\u017emenin\u0117 kaina00.00 \u20ac VIP kliento kaina00.00 \u20ac Nor\u0117dami su\u017einoti daugiau apie \u201eBE PURIFIED\u2122&quot; valom\u0105j\u012f prausikl\u012f, pasikalb\u0117kite su savo \u201eMONAT Market Partner&quot;. NAUDOS Skirta specialiai riebiai odai, \u0161i formul\u0117 be aliejaus \u0161velniai pa\u0161alina riebal\u0173 pertekli\u0173 ir atkem\u0161a poras,\" \/>\n\t<meta name=\"robots\" content=\"max-image-preview:large\" \/>\n\t<link rel=\"canonical\" href=\"https:\/\/monatglobal.com\/lt\/skin-clarifying-cleanser\/\" \/>\n\t<meta name=\"generator\" content=\"All in One SEO Pro (AIOSEO) 4.9.6\" \/>\n\t\t<meta property=\"og:locale\" content=\"lt_LT\" \/>\n\t\t<meta property=\"og:site_name\" content=\"MONAT Lithuania -\" \/>\n\t\t<meta property=\"og:type\" content=\"article\" \/>\n\t\t<meta property=\"og:title\" content=\"\u201eMONAT BE PURIFIED\u2122\u201c\u201c valomasis prausiklis - MONAT Lithuania\" \/>\n\t\t<meta property=\"og:description\" content=\"\u201eBE PURIFIED\u2122&quot; Valomasis prausiklis Valomasis ir gaivinamasis gelinis prausiklis su veiksmingomis augalin\u0117mis sud\u0117tin\u0117mis dalimis. 120 ml \u212e 4 fl. oz. Ma\u017emenin\u0117 kaina00.00 \u20ac VIP kliento kaina00.00 \u20ac Nor\u0117dami su\u017einoti daugiau apie \u201eBE PURIFIED\u2122&quot; valom\u0105j\u012f prausikl\u012f, pasikalb\u0117kite su savo \u201eMONAT Market Partner&quot;. NAUDOS Skirta specialiai riebiai odai, \u0161i formul\u0117 be aliejaus \u0161velniai pa\u0161alina riebal\u0173 pertekli\u0173 ir atkem\u0161a poras,\" \/>\n\t\t<meta property=\"og:url\" content=\"https:\/\/monatglobal.com\/lt\/skin-clarifying-cleanser\/\" \/>\n\t\t<meta property=\"article:published_time\" content=\"2022-04-19T07:00:55+00:00\" \/>\n\t\t<meta property=\"article:modified_time\" content=\"2026-04-06T21:24:20+00:00\" \/>\n\t\t<meta name=\"twitter:card\" content=\"summary_large_image\" \/>\n\t\t<meta name=\"twitter:title\" content=\"\u201eMONAT BE PURIFIED\u2122\u201c\u201c valomasis prausiklis - MONAT Lithuania\" \/>\n\t\t<meta name=\"twitter:description\" content=\"\u201eBE PURIFIED\u2122&quot; Valomasis prausiklis Valomasis ir gaivinamasis gelinis prausiklis su veiksmingomis augalin\u0117mis sud\u0117tin\u0117mis dalimis. 120 ml \u212e 4 fl. oz. Ma\u017emenin\u0117 kaina00.00 \u20ac VIP kliento kaina00.00 \u20ac Nor\u0117dami su\u017einoti daugiau apie \u201eBE PURIFIED\u2122&quot; valom\u0105j\u012f prausikl\u012f, pasikalb\u0117kite su savo \u201eMONAT Market Partner&quot;. NAUDOS Skirta specialiai riebiai odai, \u0161i formul\u0117 be aliejaus \u0161velniai pa\u0161alina riebal\u0173 pertekli\u0173 ir atkem\u0161a poras,\" \/>\n\t\t<script type=\"application\/ld+json\" class=\"aioseo-schema\">\n\t\t\t{\"@context\":\"https:\\\/\\\/schema.org\",\"@graph\":[{\"@type\":\"BreadcrumbList\",\"@id\":\"https:\\\/\\\/monatglobal.com\\\/lt\\\/skin-clarifying-cleanser\\\/#breadcrumblist\",\"itemListElement\":[{\"@type\":\"ListItem\",\"@id\":\"https:\\\/\\\/monatglobal.com\\\/lt#listItem\",\"position\":1,\"name\":\"Home\",\"item\":\"https:\\\/\\\/monatglobal.com\\\/lt\",\"nextItem\":{\"@type\":\"ListItem\",\"@id\":\"https:\\\/\\\/monatglobal.com\\\/lt\\\/skin-clarifying-cleanser\\\/#listItem\",\"name\":\"\\u201eMONAT BE PURIFIED\\u2122\\u201c\\u201c valomasis prausiklis\"}},{\"@type\":\"ListItem\",\"@id\":\"https:\\\/\\\/monatglobal.com\\\/lt\\\/skin-clarifying-cleanser\\\/#listItem\",\"position\":2,\"name\":\"\\u201eMONAT BE PURIFIED\\u2122\\u201c\\u201c valomasis prausiklis\",\"previousItem\":{\"@type\":\"ListItem\",\"@id\":\"https:\\\/\\\/monatglobal.com\\\/lt#listItem\",\"name\":\"Home\"}}]},{\"@type\":\"Organization\",\"@id\":\"https:\\\/\\\/monatglobal.com\\\/lt\\\/#organization\",\"name\":\"MONAT Lithuania\",\"url\":\"https:\\\/\\\/monatglobal.com\\\/lt\\\/\"},{\"@type\":\"WebPage\",\"@id\":\"https:\\\/\\\/monatglobal.com\\\/lt\\\/skin-clarifying-cleanser\\\/#webpage\",\"url\":\"https:\\\/\\\/monatglobal.com\\\/lt\\\/skin-clarifying-cleanser\\\/\",\"name\":\"\\u201eMONAT BE PURIFIED\\u2122\\u201c\\u201c valomasis prausiklis - MONAT Lithuania\",\"description\":\"\\u201eBE PURIFIED\\u2122\\\" Valomasis prausiklis Valomasis ir gaivinamasis gelinis prausiklis su veiksmingomis augalin\\u0117mis sud\\u0117tin\\u0117mis dalimis. 120 ml \\u212e 4 fl. oz. Ma\\u017emenin\\u0117 kaina00.00 \\u20ac VIP kliento kaina00.00 \\u20ac Nor\\u0117dami su\\u017einoti daugiau apie \\u201eBE PURIFIED\\u2122\\\" valom\\u0105j\\u012f prausikl\\u012f, pasikalb\\u0117kite su savo \\u201eMONAT Market Partner\\\". NAUDOS Skirta specialiai riebiai odai, \\u0161i formul\\u0117 be aliejaus \\u0161velniai pa\\u0161alina riebal\\u0173 pertekli\\u0173 ir atkem\\u0161a poras,\",\"inLanguage\":\"lt-LT\",\"isPartOf\":{\"@id\":\"https:\\\/\\\/monatglobal.com\\\/lt\\\/#website\"},\"breadcrumb\":{\"@id\":\"https:\\\/\\\/monatglobal.com\\\/lt\\\/skin-clarifying-cleanser\\\/#breadcrumblist\"},\"image\":{\"@type\":\"ImageObject\",\"url\":\"https:\\\/\\\/monatglobal.com\\\/lt\\\/wp-content\\\/uploads\\\/sites\\\/11\\\/2022\\\/03\\\/be-purifying-creamy-cleanser-ecomm-2022.png\",\"@id\":\"https:\\\/\\\/monatglobal.com\\\/lt\\\/skin-clarifying-cleanser\\\/#mainImage\",\"width\":641,\"height\":800},\"primaryImageOfPage\":{\"@id\":\"https:\\\/\\\/monatglobal.com\\\/lt\\\/skin-clarifying-cleanser\\\/#mainImage\"},\"datePublished\":\"2022-04-19T08:00:55+01:00\",\"dateModified\":\"2026-04-06T22:24:20+01:00\"},{\"@type\":\"WebSite\",\"@id\":\"https:\\\/\\\/monatglobal.com\\\/lt\\\/#website\",\"url\":\"https:\\\/\\\/monatglobal.com\\\/lt\\\/\",\"name\":\"MONAT Lithuania\",\"inLanguage\":\"lt-LT\",\"publisher\":{\"@id\":\"https:\\\/\\\/monatglobal.com\\\/lt\\\/#organization\"}}]}\n\t\t<\/script>\n\t\t<!-- All in One SEO Pro -->\r\n\t\t<title>\u201eMONAT BE PURIFIED\u2122\u201c\u201c valomasis prausiklis - MONAT Lithuania<\/title>\n\n","aioseo_head_json":{"title":"\u201eMONAT BE PURIFIED\u2122\u201c\u201c valomasis prausiklis - MONAT Lithuania","description":"\u201eBE PURIFIED\u2122\" Valomasis prausiklis Valomasis ir gaivinamasis gelinis prausiklis su veiksmingomis augalin\u0117mis sud\u0117tin\u0117mis dalimis. 120 ml \u212e 4 fl. oz. Ma\u017emenin\u0117 kaina00.00 \u20ac VIP kliento kaina00.00 \u20ac Nor\u0117dami su\u017einoti daugiau apie \u201eBE PURIFIED\u2122\" valom\u0105j\u012f prausikl\u012f, pasikalb\u0117kite su savo \u201eMONAT Market Partner\". NAUDOS Skirta specialiai riebiai odai, \u0161i formul\u0117 be aliejaus \u0161velniai pa\u0161alina riebal\u0173 pertekli\u0173 ir atkem\u0161a poras,","canonical_url":"https:\/\/monatglobal.com\/lt\/skin-clarifying-cleanser\/","robots":"max-image-preview:large","keywords":"","webmasterTools":{"miscellaneous":""},"schema":{"@context":"https:\/\/schema.org","@graph":[{"@type":"BreadcrumbList","@id":"https:\/\/monatglobal.com\/lt\/skin-clarifying-cleanser\/#breadcrumblist","itemListElement":[{"@type":"ListItem","@id":"https:\/\/monatglobal.com\/lt#listItem","position":1,"name":"Home","item":"https:\/\/monatglobal.com\/lt","nextItem":{"@type":"ListItem","@id":"https:\/\/monatglobal.com\/lt\/skin-clarifying-cleanser\/#listItem","name":"\u201eMONAT BE PURIFIED\u2122\u201c\u201c valomasis prausiklis"}},{"@type":"ListItem","@id":"https:\/\/monatglobal.com\/lt\/skin-clarifying-cleanser\/#listItem","position":2,"name":"\u201eMONAT BE PURIFIED\u2122\u201c\u201c valomasis prausiklis","previousItem":{"@type":"ListItem","@id":"https:\/\/monatglobal.com\/lt#listItem","name":"Home"}}]},{"@type":"Organization","@id":"https:\/\/monatglobal.com\/lt\/#organization","name":"MONAT Lithuania","url":"https:\/\/monatglobal.com\/lt\/"},{"@type":"WebPage","@id":"https:\/\/monatglobal.com\/lt\/skin-clarifying-cleanser\/#webpage","url":"https:\/\/monatglobal.com\/lt\/skin-clarifying-cleanser\/","name":"\u201eMONAT BE PURIFIED\u2122\u201c\u201c valomasis prausiklis - MONAT Lithuania","description":"\u201eBE PURIFIED\u2122\" Valomasis prausiklis Valomasis ir gaivinamasis gelinis prausiklis su veiksmingomis augalin\u0117mis sud\u0117tin\u0117mis dalimis. 120 ml \u212e 4 fl. oz. Ma\u017emenin\u0117 kaina00.00 \u20ac VIP kliento kaina00.00 \u20ac Nor\u0117dami su\u017einoti daugiau apie \u201eBE PURIFIED\u2122\" valom\u0105j\u012f prausikl\u012f, pasikalb\u0117kite su savo \u201eMONAT Market Partner\". NAUDOS Skirta specialiai riebiai odai, \u0161i formul\u0117 be aliejaus \u0161velniai pa\u0161alina riebal\u0173 pertekli\u0173 ir atkem\u0161a poras,","inLanguage":"lt-LT","isPartOf":{"@id":"https:\/\/monatglobal.com\/lt\/#website"},"breadcrumb":{"@id":"https:\/\/monatglobal.com\/lt\/skin-clarifying-cleanser\/#breadcrumblist"},"image":{"@type":"ImageObject","url":"https:\/\/monatglobal.com\/lt\/wp-content\/uploads\/sites\/11\/2022\/03\/be-purifying-creamy-cleanser-ecomm-2022.png","@id":"https:\/\/monatglobal.com\/lt\/skin-clarifying-cleanser\/#mainImage","width":641,"height":800},"primaryImageOfPage":{"@id":"https:\/\/monatglobal.com\/lt\/skin-clarifying-cleanser\/#mainImage"},"datePublished":"2022-04-19T08:00:55+01:00","dateModified":"2026-04-06T22:24:20+01:00"},{"@type":"WebSite","@id":"https:\/\/monatglobal.com\/lt\/#website","url":"https:\/\/monatglobal.com\/lt\/","name":"MONAT Lithuania","inLanguage":"lt-LT","publisher":{"@id":"https:\/\/monatglobal.com\/lt\/#organization"}}]},"og:locale":"lt_LT","og:site_name":"MONAT Lithuania -","og:type":"article","og:title":"\u201eMONAT BE PURIFIED\u2122\u201c\u201c valomasis prausiklis - MONAT Lithuania","og:description":"\u201eBE PURIFIED\u2122&quot; Valomasis prausiklis Valomasis ir gaivinamasis gelinis prausiklis su veiksmingomis augalin\u0117mis sud\u0117tin\u0117mis dalimis. 120 ml \u212e 4 fl. oz. Ma\u017emenin\u0117 kaina00.00 \u20ac VIP kliento kaina00.00 \u20ac Nor\u0117dami su\u017einoti daugiau apie \u201eBE PURIFIED\u2122&quot; valom\u0105j\u012f prausikl\u012f, pasikalb\u0117kite su savo \u201eMONAT Market Partner&quot;. NAUDOS Skirta specialiai riebiai odai, \u0161i formul\u0117 be aliejaus \u0161velniai pa\u0161alina riebal\u0173 pertekli\u0173 ir atkem\u0161a poras,","og:url":"https:\/\/monatglobal.com\/lt\/skin-clarifying-cleanser\/","article:published_time":"2022-04-19T07:00:55+00:00","article:modified_time":"2026-04-06T21:24:20+00:00","twitter:card":"summary_large_image","twitter:title":"\u201eMONAT BE PURIFIED\u2122\u201c\u201c valomasis prausiklis - MONAT Lithuania","twitter:description":"\u201eBE PURIFIED\u2122&quot; Valomasis prausiklis Valomasis ir gaivinamasis gelinis prausiklis su veiksmingomis augalin\u0117mis sud\u0117tin\u0117mis dalimis. 120 ml \u212e 4 fl. oz. Ma\u017emenin\u0117 kaina00.00 \u20ac VIP kliento kaina00.00 \u20ac Nor\u0117dami su\u017einoti daugiau apie \u201eBE PURIFIED\u2122&quot; valom\u0105j\u012f prausikl\u012f, pasikalb\u0117kite su savo \u201eMONAT Market Partner&quot;. NAUDOS Skirta specialiai riebiai odai, \u0161i formul\u0117 be aliejaus \u0161velniai pa\u0161alina riebal\u0173 pertekli\u0173 ir atkem\u0161a poras,"},"aioseo_meta_data":{"post_id":"68179","title":null,"description":null,"keywords":null,"keyphrases":{"focus":{"keyphrase":"","score":0,"analysis":{"keyphraseInTitle":{"score":0,"maxScore":9,"error":1}}},"additional":[]},"primary_term":null,"canonical_url":null,"og_title":null,"og_description":null,"og_object_type":"default","og_image_type":"default","og_image_url":null,"og_image_width":null,"og_image_height":null,"og_image_custom_url":null,"og_image_custom_fields":null,"og_video":"","og_custom_url":null,"og_article_section":null,"og_article_tags":null,"twitter_use_og":false,"twitter_card":"default","twitter_image_type":"default","twitter_image_url":null,"twitter_image_custom_url":null,"twitter_image_custom_fields":null,"twitter_title":null,"twitter_description":null,"schema":{"blockGraphs":[],"customGraphs":[],"default":{"data":{"Article":[],"Course":[],"Dataset":[],"FAQPage":[],"Movie":[],"Person":[],"Product":[],"ProductReview":[],"Car":[],"Recipe":[],"Service":[],"SoftwareApplication":[],"WebPage":[]},"graphName":"WebPage","isEnabled":true},"graphs":[]},"schema_type":"default","schema_type_options":null,"pillar_content":false,"robots_default":true,"robots_noindex":false,"robots_noarchive":false,"robots_nosnippet":false,"robots_nofollow":false,"robots_noimageindex":false,"robots_noodp":false,"robots_notranslate":false,"robots_max_snippet":"-1","robots_max_videopreview":"-1","robots_max_imagepreview":"large","priority":null,"frequency":"default","local_seo":null,"seo_analyzer_scan_date":"2026-04-07 17:31:25","breadcrumb_settings":null,"limit_modified_date":false,"reviewed_by":"0","open_ai":null,"ai":{"faqs":[],"keyPoints":[],"titles":[],"descriptions":[],"socialPosts":{"email":[],"linkedin":[],"twitter":[],"facebook":[],"instagram":[]}},"created":"2023-07-26 19:25:54","updated":"2026-04-07 17:32:47"},"aioseo_breadcrumb":"<div class=\"aioseo-breadcrumbs\"><span class=\"aioseo-breadcrumb\">\n\t<a href=\"https:\/\/monatglobal.com\/lt\" title=\"Home\">Home<\/a>\n<\/span><span class=\"aioseo-breadcrumb-separator\">&raquo;<\/span><span class=\"aioseo-breadcrumb\">\n\t\u201eMONAT BE PURIFIED\u2122\u201c\u201c valomasis prausiklis\n<\/span><\/div>","aioseo_breadcrumb_json":[{"label":"Home","link":"https:\/\/monatglobal.com\/lt"},{"label":"\u201eMONAT BE PURIFIED\u2122\u201c\u201c valomasis prausiklis","link":"https:\/\/monatglobal.com\/lt\/skin-clarifying-cleanser\/"}],"_links":{"self":[{"href":"https:\/\/monatglobal.com\/lt\/wp-json\/wp\/v2\/pages\/68179","targetHints":{"allow":["GET"]}}],"collection":[{"href":"https:\/\/monatglobal.com\/lt\/wp-json\/wp\/v2\/pages"}],"about":[{"href":"https:\/\/monatglobal.com\/lt\/wp-json\/wp\/v2\/types\/page"}],"author":[{"embeddable":true,"href":"https:\/\/monatglobal.com\/lt\/wp-json\/wp\/v2\/users\/31"}],"replies":[{"embeddable":true,"href":"https:\/\/monatglobal.com\/lt\/wp-json\/wp\/v2\/comments?post=68179"}],"version-history":[{"count":21,"href":"https:\/\/monatglobal.com\/lt\/wp-json\/wp\/v2\/pages\/68179\/revisions"}],"predecessor-version":[{"id":109333,"href":"https:\/\/monatglobal.com\/lt\/wp-json\/wp\/v2\/pages\/68179\/revisions\/109333"}],"wp:featuredmedia":[{"embeddable":true,"href":"https:\/\/monatglobal.com\/lt\/wp-json\/wp\/v2\/media\/69543"}],"wp:attachment":[{"href":"https:\/\/monatglobal.com\/lt\/wp-json\/wp\/v2\/media?parent=68179"}],"wp:term":[{"taxonomy":"category","embeddable":true,"href":"https:\/\/monatglobal.com\/lt\/wp-json\/wp\/v2\/categories?post=68179"},{"taxonomy":"post_tag","embeddable":true,"href":"https:\/\/monatglobal.com\/lt\/wp-json\/wp\/v2\/tags?post=68179"}],"curies":[{"name":"wp","href":"https:\/\/api.w.org\/{rel}","templated":true}]}}