{"id":68159,"date":"2022-04-19T08:00:54","date_gmt":"2022-04-19T07:00:54","guid":{"rendered":"https:\/\/monatglobal.com\/lt\/?page_id=68159"},"modified":"2026-02-20T21:22:42","modified_gmt":"2026-02-20T21:22:42","slug":"charcoal-mask","status":"publish","type":"page","link":"https:\/\/monatglobal.com\/lt\/charcoal-mask\/","title":{"rendered":"\u201eBE PURIFIED\u2122\u201c \u0161altos anglies kauk\u0117"},"content":{"rendered":"\n<link rel=\"stylesheet\" href=\"https:\/\/unpkg.com\/swiper\/swiper-bundle.min.css\">\n<link rel=\"stylesheet\" href=\"https:\/\/monatglobal.com\/wp-content\/creative_css\/product_styles_sheet.css\">\n   <!--==================================================== ECOMM SECTION ====================================================-->\n      <!--==================================================== Ecomm image ====================================================-->\n      <img decoding=\"async\" src=\"https:\/\/monatglobal.com\/pl\/wp-content\/uploads\/sites\/9\/2021\/12\/cold-charcoal-mask-ecomm-2022.png\" alt=\"BE PURIFIED\u2122 \u0161altos anglies kauk\u0117\" loading=\"lazy\">\n      <!--==================================================== Ecomm information  ====================================================-->\n         <p>\u201eBE PURIFIED\u2122&#8221;<\/p>\n         <h1>\u0160altos anglies&nbsp;kauk\u0117<\/h1>\n         \n         Unikalus v\u0117sinantis valomosios med\u017eio anglies ir moli\u0173, kuriuose gausu mineral\u0173, mi\u0161inys, padedantis \n         ma\u017einti por\u0173 pastebimum\u0105 ir giliai valantis&nbsp;od\u0105.\n         <p>100 ml \u212e 3.4 fl. oz.<\/p>\n        <!--==================================================== pricing box ====================================================-->\n         <p>Ma\u017emenin\u0117 kaina<br>00.00 \u20ac<\/p>\n         <p>VIP kliento kaina<br>00.00 \u20ac<\/p>\n        <!--==================================================== pricing box ====================================================-->\n         <p>Nor\u0117dami su\u017einoti daugiau apiet \u201eBE PURIFIED\u2122&#8221; \u0161altos anglies kauk\u0119, pasikalb\u0117kite su savo \u201eMONAT Market Partner&#8221;.<\/p>\n          <a href=\"\" target=\"_blank\" role=\"button\" aria-label=\"\" rel=\"noopener\"><\/a>\n   <!--==================================================== \/ECOMM SECTION  ====================================================-->\n   <!--==================================================== Benefits image ====================================================-->\n  \n    <source media=\"(max-width: 700px)\" srcset=\"https:\/\/monatglobal.com\/pl\/wp-content\/uploads\/sites\/9\/2021\/12\/BE-PURIFIED-cold-charcoal-Mask-benefits-.jpg\" loading=\"lazy\">\n      <img decoding=\"async\" src=\"https:\/\/monatglobal.com\/pl\/wp-content\/uploads\/sites\/9\/2021\/12\/BE-PURIFIED-cold-charcoal-Mask-benefits-.jpg\" alt=\"\" loading=\"lazy\">\n    \n   <!--==================================================== Benefits text ====================================================-->\n         <h2>NAUDOS<\/h2>\n         <h3>Skirta specialiai riebiai odai, \u0161i formul\u0117 be aliejaus \u0161velniai sugeria riebal\u0173 \n         pertekli\u0173, odai suteikia v\u0117sumo poj\u016bt\u012f bei atgaivina&nbsp;od\u0105.<\/h3>\n         <!--==================================================== features image  ====================================================-->\n         <img decoding=\"async\" alt=\"\" src=\"https:\/\/monatglobal.com\/pl\/wp-content\/uploads\/sites\/9\/2021\/12\/BE-PURIFIED-cold-charcoal-Mask-features.jpg\" loading=\"lazy\">\n      <!--==================================================== features text ====================================================-->\n            <h3>Savyb\u0117s<\/h3>\n               <p>\/ Sutraukia poras, tod\u0117l jos ma\u017eiau&nbsp;pastebimos <\/p>\n               <p>\/ Suteikia matin\u012f efekt\u0105 \/ suma\u017eina veido blizges\u012f iki 8&nbsp;valand\u0173<\/p>\n               <p>\/ Atkem\u0161a poras <\/p>\n               <p>\/ Tinka jautriai&nbsp;odai<\/p>\n               <br>\n            <p>Fragrance \/ Unwind and enjoy a coconut-forward, citrusy aroma with notes of blood orange, coconut husk, cashew nut and&nbsp;sandalwood. <\/p>\n            <p> Texture \/ Cream <\/p>\n   <!--==================================================== composition image mobile ====================================================-->\n   <img decoding=\"async\" alt=\"\" src=\"https:\/\/monatglobal.com\/pl\/wp-content\/uploads\/sites\/9\/2021\/12\/BE-PURIFIED-cold-charcoal-Mask-comp-1.jpg\" loading=\"lazy\">\n   <!--==================================================== Why it works text ====================================================-->\n      \n      <h3>Papildyta mineral\u0173 gausiu moliu, anglimi ir salicilo r\u016bg\u0161timi, \u0161i valomoji kauk\u0117 atkem\u0161a \n      poras ir i\u0161 karto suteikia matin\u012f efekt\u0105, kuris suma\u017eina odos blizg\u0117jim\u0105 iki 8&nbsp;valand\u0173.<\/h3>\n<!--==================================================== Composition section ====================================================-->\n      <img decoding=\"async\" alt=\"\" src=\"https:\/\/monatglobal.com\/pl\/wp-content\/uploads\/sites\/9\/2021\/12\/BE-PURIFIED-cold-charcoal-Mask-comp-1.jpg\" loading=\"lazy\">\n      <img decoding=\"async\" alt=\"\" src=\"https:\/\/monatglobal.com\/pl\/wp-content\/uploads\/sites\/9\/2021\/12\/BE-PURIFIED-cold-charcoal-Mask-comp-3.jpg\" loading=\"lazy\">\n            <!--==================================================== Directions text ====================================================--> \n               <h3>Naudojimas<\/h3>\n                    <p>\/ Pir\u0161t\u0173 galiukais paimkite nedidel\u012f kiek\u012f&nbsp;priemon\u0117s.<\/p>\n                    <p>\/ Tolygiai tepkite ant \u0161varios, sausos&nbsp;odos.<\/p>\n                    <p>\/ Palaukite 10-15 minu\u010di\u0173, kol kauk\u0117&nbsp;i\u0161d\u017eius.<\/p>\n                    <p>\/ Nuplaukite \u0161iltu vandeniu ir \u0161velniai&nbsp;nusausinkite.<\/p>\n                    <p>\/ Toliau atlikite \u012fprastas proced\u016bras su \u201eMONAT&#8221; odos prie\u017ei\u016brai skirtais&nbsp;produktais.<\/p>\n            <!--==================================================== Directions video ====================================================-->\n      <p>Be Balanced\u2122 <br>Lightweight Moisturizer <br>0:35<\/p>\n      <a href=\"\" target=\"_blank\" role=\"button\" aria-label=\"\" rel=\"noopener\"><\/a>\n   <!--==================================================== Ingredients section  ====================================================-->\n      <h2>PAGRINDIN\u0116S AKTYVIOSIOS MED\u017dIAGOS<\/h2>\n      <p>Baltasis molis <\/p>\n      <p>Bentonito molis<\/p>\n      <p>Med\u017eio anglis<\/p>\n      <p>Salicilo r\u016bg\u0161tis<\/p>\n        <button id=\"myBtn\" type=\"button\">\u017dR. I\u0160SAM\u0172 SUDEDAM\u0172J\u0172 DALI\u0172 S\u0104RA\u0160\u0104<\/button>\n      <!--==================================================== Modal content  ====================================================-->\n         \u00d7\n         Aqua\/Water\/Eau, Kaolin, Cetearyl Alcohol, Bentonite, Charcoal Powder, Propanediol, Sodium Laurylglucosides \n         Hydroxypropylsulfonate, Glycerin, Salicylic Acid, Lactic Acid, Menthol, Menthone, Maclura Cochinchinensis Leaf Prenylflavonoids, \n         Sodium Cocoamphoacetate, Xanthan Gum, Cocamidopropyl Hydroxysultaine, Sodium Phytate, Pentylene Glycol, Phenethyl Alcohol,&nbsp;Alcohol.\n   <!--==================================================== You might also like section ====================================================-->\n      <h2>JUMS TAIP PAT GALI PATIKTI<\/h2>\n      <!--==================================================== Slider YOU MIGHT ALSO LIKE ====================================================-->\n          <!---->\n          <!--   -->\n                <!-- Slides products-->\n          <!--      -->\n          <!--         <a href=\"\/lt\/skin-clarifying-cleanser\" aria-label=\"Go to MONAT BE PURIFIED\u2122 valomasis prausiklis page\">-->\n          <!--          <img decoding=\"async\" src=\"https:\/\/monatglobal.com\/wp-content\/uploads\/2022\/12\/be-puried-clarifying-cleanser-ecomm-2022.png\" alt=\"MONAT BE PURIFIED\u2122 valomasis prausiklis\" loading=\"lazy\"\/>-->\n          <!--          <p>\u201eMONAT BE PURIFIED\u2122\" <br \/>valomasis prausiklis<\/p>-->\n          <!--        <\/a>-->\n          <!--      -->\n          <!--      -->\n          <!--         <a href=\"\/lt\/skin-oil-free-moisturizer\/\" aria-label=\"Go to MONAT BE PURIFIED\u2122 dr\u0117kinamasis kremas be aliejaus page\">-->\n          <!--          <img decoding=\"async\" src=\"https:\/\/monatglobal.com\/wp-content\/uploads\/2022\/12\/oil-free-moisturizer-E_comm.png\" alt=\"MONAT BE PURIFIED\u2122 dr\u0117kinamasis kremas be aliejaus\" loading=\"lazy\"\/>-->\n          <!--          <p>\u201eMONAT BE PURIFIED\u2122\" <br \/>dr\u0117kinamasis kremas be aliejaus<\/p>-->\n          <!--        <\/a>-->\n          <!--      -->\n          <!--      -->\n          <!--         <a href=\"\/lt\/creamy-cleanser\/\" aria-label=\"Go to BE GENTLE\u2122 kreminis prausiklis page\">-->\n          <!--            <img decoding=\"async\" src=\"https:\/\/monatglobal.com\/wp-content\/uploads\/2022\/12\/BE-GENTLE-Creamy-Cleanser-ecomm-2022-min.png\" alt=\"BE GENTLE\u2122 kreminis prausiklis\" loading=\"lazy\"\/>-->\n          <!--            <p>\u201eBE GENTLE\u2122\" <br \/>kreminis prausiklis<\/p>-->\n          <!--         <\/a>-->\n          <!--      -->\n          <!--      -->\n          <!--         <a href=\"\/lt\/sun-veil-sunscreen\/\" aria-label=\"Go to Sun Veil\u2122 kasdien\u0117 mineralin\u0117 apsauga nuo saul\u0117s SPF 30 page\">-->\n          <!--            <img decoding=\"async\" src=\"https:\/\/monatglobal.com\/wp-content\/uploads\/2022\/12\/sun-veil-ecomm-2022-min.png\" alt=\"Sun Veil\u2122 kasdien\u0117 mineralin\u0117 apsauga nuo saul\u0117s SPF 30\" loading=\"lazy\"\/>-->\n          <!--            <p>\u201eSun Veil\u2122\" kasdien\u0117 mineralin\u0117 <br \/> apsauga nuo saul\u0117s SPF 30<\/p>-->\n          <!--         <\/a>-->\n          <!--       -->\n          <!--   -->\n             <!-- If we need navigation buttons -->\n          <!--   -->\n          <!--   -->\n             <!-- If we need paginations -->\n          <!--   -->\n          <!---->\n         <!--==================================================== If we need navigation buttons  ====================================================-->\n         <!--==================================================== If we need paginations  ====================================================-->\n    <a href=\"\" aria-label=\"\"><\/a>\n<!--==================================================== this link has to go last for it to work   ====================================================-->\n","protected":false},"excerpt":{"rendered":"<p>\u201eBE PURIFIED\u2122&#8221; \u0160altos anglies&nbsp;kauk\u0117 Unikalus v\u0117sinantis valomosios med\u017eio anglies ir moli\u0173, kuriuose gausu mineral\u0173, mi\u0161inys, padedantis ma\u017einti por\u0173 pastebimum\u0105 ir giliai valantis&nbsp;od\u0105. 100 ml \u212e 3.4 fl. oz. Ma\u017emenin\u0117 kaina00.00 \u20ac VIP kliento kaina00.00 \u20ac Nor\u0117dami su\u017einoti daugiau apiet \u201eBE PURIFIED\u2122&#8221; \u0161altos anglies kauk\u0119, pasikalb\u0117kite su savo \u201eMONAT Market Partner&#8221;. NAUDOS Skirta specialiai riebiai odai,&hellip;<\/p>\n","protected":false},"author":31,"featured_media":69508,"parent":0,"menu_order":0,"comment_status":"closed","ping_status":"closed","template":"","meta":{"inline_featured_image":false,"om_disable_all_campaigns":false,"_monsterinsights_skip_tracking":false,"_monsterinsights_sitenote_active":false,"_monsterinsights_sitenote_note":"","_monsterinsights_sitenote_category":0,"footnotes":""},"categories":[32],"tags":[],"class_list":["post-68159","page","type-page","status-publish","has-post-thumbnail","hentry","category-product-lt"],"aioseo_notices":[],"aioseo_head":"\n\t\t<!-- All in One SEO Pro 4.9.5.2 - aioseo.com -->\n\t<meta name=\"description\" content=\"--&gt;\" \/>\n\t<meta name=\"robots\" content=\"max-image-preview:large\" \/>\n\t<link rel=\"canonical\" href=\"https:\/\/monatglobal.com\/lt\/charcoal-mask\/\" \/>\n\t<meta name=\"generator\" content=\"All in One SEO Pro (AIOSEO) 4.9.5.2\" \/>\n\t\t<meta property=\"og:locale\" content=\"lt_LT\" \/>\n\t\t<meta property=\"og:site_name\" content=\"MONAT Lithuania -\" \/>\n\t\t<meta property=\"og:type\" content=\"article\" \/>\n\t\t<meta property=\"og:title\" content=\"\u201eBE PURIFIED\u2122\u201c \u0161altos anglies kauk\u0117 - MONAT Lithuania\" \/>\n\t\t<meta property=\"og:description\" content=\"--&gt;\" \/>\n\t\t<meta property=\"og:url\" content=\"https:\/\/monatglobal.com\/lt\/charcoal-mask\/\" \/>\n\t\t<meta property=\"article:published_time\" content=\"2022-04-19T07:00:54+00:00\" \/>\n\t\t<meta property=\"article:modified_time\" content=\"2026-02-20T21:22:42+00:00\" \/>\n\t\t<meta name=\"twitter:card\" content=\"summary_large_image\" \/>\n\t\t<meta name=\"twitter:title\" content=\"\u201eBE PURIFIED\u2122\u201c \u0161altos anglies kauk\u0117 - MONAT Lithuania\" \/>\n\t\t<meta name=\"twitter:description\" content=\"--&gt;\" \/>\n\t\t<script type=\"application\/ld+json\" class=\"aioseo-schema\">\n\t\t\t{\"@context\":\"https:\\\/\\\/schema.org\",\"@graph\":[{\"@type\":\"BreadcrumbList\",\"@id\":\"https:\\\/\\\/monatglobal.com\\\/lt\\\/charcoal-mask\\\/#breadcrumblist\",\"itemListElement\":[{\"@type\":\"ListItem\",\"@id\":\"https:\\\/\\\/monatglobal.com\\\/lt#listItem\",\"position\":1,\"name\":\"Home\",\"item\":\"https:\\\/\\\/monatglobal.com\\\/lt\",\"nextItem\":{\"@type\":\"ListItem\",\"@id\":\"https:\\\/\\\/monatglobal.com\\\/lt\\\/charcoal-mask\\\/#listItem\",\"name\":\"\\u201eBE PURIFIED\\u2122\\u201c \\u0161altos anglies kauk\\u0117\"}},{\"@type\":\"ListItem\",\"@id\":\"https:\\\/\\\/monatglobal.com\\\/lt\\\/charcoal-mask\\\/#listItem\",\"position\":2,\"name\":\"\\u201eBE PURIFIED\\u2122\\u201c \\u0161altos anglies kauk\\u0117\",\"previousItem\":{\"@type\":\"ListItem\",\"@id\":\"https:\\\/\\\/monatglobal.com\\\/lt#listItem\",\"name\":\"Home\"}}]},{\"@type\":\"Organization\",\"@id\":\"https:\\\/\\\/monatglobal.com\\\/lt\\\/#organization\",\"name\":\"MONAT Lithuania\",\"url\":\"https:\\\/\\\/monatglobal.com\\\/lt\\\/\"},{\"@type\":\"WebPage\",\"@id\":\"https:\\\/\\\/monatglobal.com\\\/lt\\\/charcoal-mask\\\/#webpage\",\"url\":\"https:\\\/\\\/monatglobal.com\\\/lt\\\/charcoal-mask\\\/\",\"name\":\"\\u201eBE PURIFIED\\u2122\\u201c \\u0161altos anglies kauk\\u0117 - MONAT Lithuania\",\"description\":\"-->\",\"inLanguage\":\"lt-LT\",\"isPartOf\":{\"@id\":\"https:\\\/\\\/monatglobal.com\\\/lt\\\/#website\"},\"breadcrumb\":{\"@id\":\"https:\\\/\\\/monatglobal.com\\\/lt\\\/charcoal-mask\\\/#breadcrumblist\"},\"image\":{\"@type\":\"ImageObject\",\"url\":\"https:\\\/\\\/monatglobal.com\\\/lt\\\/wp-content\\\/uploads\\\/sites\\\/11\\\/2022\\\/02\\\/Cold-Charcoal-Mask.png\",\"@id\":\"https:\\\/\\\/monatglobal.com\\\/lt\\\/charcoal-mask\\\/#mainImage\",\"width\":341,\"height\":450},\"primaryImageOfPage\":{\"@id\":\"https:\\\/\\\/monatglobal.com\\\/lt\\\/charcoal-mask\\\/#mainImage\"},\"datePublished\":\"2022-04-19T08:00:54+01:00\",\"dateModified\":\"2026-02-20T21:22:42+00:00\"},{\"@type\":\"WebSite\",\"@id\":\"https:\\\/\\\/monatglobal.com\\\/lt\\\/#website\",\"url\":\"https:\\\/\\\/monatglobal.com\\\/lt\\\/\",\"name\":\"MONAT Lithuania\",\"inLanguage\":\"lt-LT\",\"publisher\":{\"@id\":\"https:\\\/\\\/monatglobal.com\\\/lt\\\/#organization\"}}]}\n\t\t<\/script>\n\t\t<!-- All in One SEO Pro -->\r\n\t\t<title>\u201eBE PURIFIED\u2122\u201c \u0161altos anglies kauk\u0117 - MONAT Lithuania<\/title>\n\n","aioseo_head_json":{"title":"\u201eBE PURIFIED\u2122\u201c \u0161altos anglies kauk\u0117 - MONAT Lithuania","description":"-->","canonical_url":"https:\/\/monatglobal.com\/lt\/charcoal-mask\/","robots":"max-image-preview:large","keywords":"","webmasterTools":{"miscellaneous":""},"schema":{"@context":"https:\/\/schema.org","@graph":[{"@type":"BreadcrumbList","@id":"https:\/\/monatglobal.com\/lt\/charcoal-mask\/#breadcrumblist","itemListElement":[{"@type":"ListItem","@id":"https:\/\/monatglobal.com\/lt#listItem","position":1,"name":"Home","item":"https:\/\/monatglobal.com\/lt","nextItem":{"@type":"ListItem","@id":"https:\/\/monatglobal.com\/lt\/charcoal-mask\/#listItem","name":"\u201eBE PURIFIED\u2122\u201c \u0161altos anglies kauk\u0117"}},{"@type":"ListItem","@id":"https:\/\/monatglobal.com\/lt\/charcoal-mask\/#listItem","position":2,"name":"\u201eBE PURIFIED\u2122\u201c \u0161altos anglies kauk\u0117","previousItem":{"@type":"ListItem","@id":"https:\/\/monatglobal.com\/lt#listItem","name":"Home"}}]},{"@type":"Organization","@id":"https:\/\/monatglobal.com\/lt\/#organization","name":"MONAT Lithuania","url":"https:\/\/monatglobal.com\/lt\/"},{"@type":"WebPage","@id":"https:\/\/monatglobal.com\/lt\/charcoal-mask\/#webpage","url":"https:\/\/monatglobal.com\/lt\/charcoal-mask\/","name":"\u201eBE PURIFIED\u2122\u201c \u0161altos anglies kauk\u0117 - MONAT Lithuania","description":"-->","inLanguage":"lt-LT","isPartOf":{"@id":"https:\/\/monatglobal.com\/lt\/#website"},"breadcrumb":{"@id":"https:\/\/monatglobal.com\/lt\/charcoal-mask\/#breadcrumblist"},"image":{"@type":"ImageObject","url":"https:\/\/monatglobal.com\/lt\/wp-content\/uploads\/sites\/11\/2022\/02\/Cold-Charcoal-Mask.png","@id":"https:\/\/monatglobal.com\/lt\/charcoal-mask\/#mainImage","width":341,"height":450},"primaryImageOfPage":{"@id":"https:\/\/monatglobal.com\/lt\/charcoal-mask\/#mainImage"},"datePublished":"2022-04-19T08:00:54+01:00","dateModified":"2026-02-20T21:22:42+00:00"},{"@type":"WebSite","@id":"https:\/\/monatglobal.com\/lt\/#website","url":"https:\/\/monatglobal.com\/lt\/","name":"MONAT Lithuania","inLanguage":"lt-LT","publisher":{"@id":"https:\/\/monatglobal.com\/lt\/#organization"}}]},"og:locale":"lt_LT","og:site_name":"MONAT Lithuania -","og:type":"article","og:title":"\u201eBE PURIFIED\u2122\u201c \u0161altos anglies kauk\u0117 - MONAT Lithuania","og:description":"--&gt;","og:url":"https:\/\/monatglobal.com\/lt\/charcoal-mask\/","article:published_time":"2022-04-19T07:00:54+00:00","article:modified_time":"2026-02-20T21:22:42+00:00","twitter:card":"summary_large_image","twitter:title":"\u201eBE PURIFIED\u2122\u201c \u0161altos anglies kauk\u0117 - MONAT Lithuania","twitter:description":"--&gt;"},"aioseo_meta_data":{"post_id":"68159","title":null,"description":null,"keywords":null,"keyphrases":{"focus":{"keyphrase":"","score":0,"analysis":{"keyphraseInTitle":{"score":0,"maxScore":9,"error":1}}},"additional":[]},"primary_term":null,"canonical_url":null,"og_title":null,"og_description":null,"og_object_type":"default","og_image_type":"default","og_image_url":null,"og_image_width":null,"og_image_height":null,"og_image_custom_url":null,"og_image_custom_fields":null,"og_video":"","og_custom_url":null,"og_article_section":null,"og_article_tags":null,"twitter_use_og":false,"twitter_card":"default","twitter_image_type":"default","twitter_image_url":null,"twitter_image_custom_url":null,"twitter_image_custom_fields":null,"twitter_title":null,"twitter_description":null,"schema":{"blockGraphs":[],"customGraphs":[],"default":{"data":{"Article":[],"Course":[],"Dataset":[],"FAQPage":[],"Movie":[],"Person":[],"Product":[],"ProductReview":[],"Car":[],"Recipe":[],"Service":[],"SoftwareApplication":[],"WebPage":[]},"graphName":"WebPage","isEnabled":true},"graphs":[]},"schema_type":"default","schema_type_options":null,"pillar_content":false,"robots_default":true,"robots_noindex":false,"robots_noarchive":false,"robots_nosnippet":false,"robots_nofollow":false,"robots_noimageindex":false,"robots_noodp":false,"robots_notranslate":false,"robots_max_snippet":"-1","robots_max_videopreview":"-1","robots_max_imagepreview":"large","priority":null,"frequency":"default","local_seo":null,"seo_analyzer_scan_date":"2026-02-20 21:23:02","breadcrumb_settings":null,"limit_modified_date":false,"reviewed_by":"0","open_ai":null,"ai":{"faqs":[],"keyPoints":[],"titles":[],"descriptions":[],"socialPosts":{"email":[],"linkedin":[],"twitter":[],"facebook":[],"instagram":[]}},"created":"2023-07-26 19:25:54","updated":"2026-02-20 21:35:01"},"aioseo_breadcrumb":"<div class=\"aioseo-breadcrumbs\"><span class=\"aioseo-breadcrumb\">\n\t<a href=\"https:\/\/monatglobal.com\/lt\" title=\"Home\">Home<\/a>\n<\/span><span class=\"aioseo-breadcrumb-separator\">&raquo;<\/span><span class=\"aioseo-breadcrumb\">\n\t\u201eBE PURIFIED\u2122\u201c \u0161altos anglies kauk\u0117\n<\/span><\/div>","aioseo_breadcrumb_json":[{"label":"Home","link":"https:\/\/monatglobal.com\/lt"},{"label":"\u201eBE PURIFIED\u2122\u201c \u0161altos anglies kauk\u0117","link":"https:\/\/monatglobal.com\/lt\/charcoal-mask\/"}],"_links":{"self":[{"href":"https:\/\/monatglobal.com\/lt\/wp-json\/wp\/v2\/pages\/68159","targetHints":{"allow":["GET"]}}],"collection":[{"href":"https:\/\/monatglobal.com\/lt\/wp-json\/wp\/v2\/pages"}],"about":[{"href":"https:\/\/monatglobal.com\/lt\/wp-json\/wp\/v2\/types\/page"}],"author":[{"embeddable":true,"href":"https:\/\/monatglobal.com\/lt\/wp-json\/wp\/v2\/users\/31"}],"replies":[{"embeddable":true,"href":"https:\/\/monatglobal.com\/lt\/wp-json\/wp\/v2\/comments?post=68159"}],"version-history":[{"count":20,"href":"https:\/\/monatglobal.com\/lt\/wp-json\/wp\/v2\/pages\/68159\/revisions"}],"predecessor-version":[{"id":109243,"href":"https:\/\/monatglobal.com\/lt\/wp-json\/wp\/v2\/pages\/68159\/revisions\/109243"}],"wp:featuredmedia":[{"embeddable":true,"href":"https:\/\/monatglobal.com\/lt\/wp-json\/wp\/v2\/media\/69508"}],"wp:attachment":[{"href":"https:\/\/monatglobal.com\/lt\/wp-json\/wp\/v2\/media?parent=68159"}],"wp:term":[{"taxonomy":"category","embeddable":true,"href":"https:\/\/monatglobal.com\/lt\/wp-json\/wp\/v2\/categories?post=68159"},{"taxonomy":"post_tag","embeddable":true,"href":"https:\/\/monatglobal.com\/lt\/wp-json\/wp\/v2\/tags?post=68159"}],"curies":[{"name":"wp","href":"https:\/\/api.w.org\/{rel}","templated":true}]}}