{"id":68011,"date":"2022-02-28T09:00:12","date_gmt":"2022-02-28T09:00:12","guid":{"rendered":"https:\/\/monatglobal.com\/lt\/?page_id=68011"},"modified":"2026-02-20T16:56:19","modified_gmt":"2026-02-20T16:56:19","slug":"monat-junior-gentle-detangler","status":"publish","type":"page","link":"https:\/\/monatglobal.com\/lt\/monat-junior-gentle-detangler\/","title":{"rendered":"\u201eMONAT JUNIOR\u2122\u201c \u0160VELNUS PUR\u0160KIKLIS NEPAKLUSNIEMS PLAUKAMS"},"content":{"rendered":"\n<link rel=\"stylesheet\" href=\"https:\/\/unpkg.com\/swiper\/swiper-bundle.min.css\">\n<link rel=\"stylesheet\" href=\"https:\/\/monatglobal.com\/wp-content\/creative_css\/product_styles_sheet.css\">\n   <!--==================================================== ECOMM SECTION ====================================================-->\n      <!--==================================================== Ecomm image ====================================================-->\n      <img decoding=\"async\" src=\"https:\/\/monatglobal.com\/wp-content\/uploads\/2021\/10\/MONAT-JUNIOR-Gentle-Detangler-ecomm.png\" alt=\"\u201eMONAT JUNIOR\u2122\" \u0160velnus=\"\" pur\u0160kiklis=\"\" nepaklusniems=\"\" plaukams\"=\"\" loading=\"lazy\">\n      <!--==================================================== Ecomm information  ====================================================-->\n         <p>\u201eMONAT JUNIOR\u2122&#8221;<\/p>\n         <h1>\u0160velnus pur\u0161kiklis <br>nepaklusniems plaukams<\/h1>\n         \n         <p>Laim\u0117kite kov\u0105 prie\u0161 susivelian\u010dius ir nepaklusnius plaukus jai n\u0117&nbsp;neprasid\u0117jus!<\/p>\n         <p>177 ml \u212e 6 fl. oz.<\/p>\n       <!--==================================================== pricing box ====================================================--> \n         <p>Ma\u017emenin\u0117 kaina<br>00.00 \u20ac<\/p>\n         <p>VIP kliento kaina<br>00.00 \u20ac<\/p>\n         <!--==================================================== pricing box ====================================================--> \n         Nor\u0117dami su\u017einoti daugiau apie \n             \u201eMONAT Junior\u2122&#8221; \u0161veln\u0173 pur\u0161kikl\u012f nepaklusniems plaukams, susisiekite su savo \u201eMONAT Market&nbsp;Partner&#8221;.\n          <a href=\"\" target=\"_blank\" role=\"button\" aria-label=\"\" rel=\"noopener\"><\/a>\n   <!--==================================================== \/ECOMM SECTION  ====================================================-->\n   <!--==================================================== Benefits image ====================================================-->\n   \n      <source media=\"(max-width: 700px)\" srcset=\"https:\/\/monatglobal.com\/wp-content\/uploads\/2021\/10\/MONAT-JUNIOR-Gentle-Detangler-benefits-mobile.jpg\" loading=\"lazy\">\n      <img decoding=\"async\" alt=\"\" src=\"https:\/\/monatglobal.com\/wp-content\/uploads\/2021\/10\/MONAT-JUNIOR-Gentle-Detangler-benefits.jpg\" loading=\"lazy\">\n   \n   <!--==================================================== Benefits text ====================================================-->\n         <h2>NAUDOS<\/h2>\n         <h3>\u0160velnus pur\u0161kiklis nepaklusniems vaik\u0173 plaukams padeda t\u0117vams \n         laim\u0117ti kov\u0105 prie\u0161 susiv\u0117lusius&nbsp;plaukus.<\/h3>\n         \u0160is produktas taip pat puikiai tinka suaugusiesiems, kuri\u0173 plaukai link\u0119 veltis. \u201eMONAT Junior\u2122&#8221; \u0161velnaus \n         pur\u0161kiklio nepaklusniems plaukams formul\u0117 sukurta specialiai vaikams, tod\u0117l yra saugi, \u0161velni ir nesukelia a\u0161arojimo. \n         Ji patikrinta dermatolog\u0173 ir&nbsp;oftalmolog\u0173.\n         <!--==================================================== features image  ====================================================-->\n         <img decoding=\"async\" alt=\"\" src=\"https:\/\/monatglobal.com\/wp-content\/uploads\/2021\/10\/MONAT-JUNIOR-Gentle-Detangler-features.jpg\" loading=\"lazy\">\n      <!--==================================================== features text ====================================================-->\n            <h3>I\u0161 karto:<\/h3>\n               <p>\/ Saugi ir \u0161velni formul\u0117 sukurta&nbsp;vaikams<\/p>\n               <p>\/ Nesukelia&nbsp;a\u0161arojimo <\/p>\n               <p>\/ Nor\u0117dami geriausi\u0173 rezultat\u0173, naudokite po \u201eMONAT Junior\u2122&#8221; \u0161velnaus \u0161amp\u016bno ir&nbsp;kondicionieriaus<\/p>\n               <br>\n            <p>Fragrance \/ Peony and Pink Pepper<\/p>\n            <p> Texture \/ Lightweight Gel<\/p>\n   <!--==================================================== composition image mobile ====================================================-->\n   <img decoding=\"async\" alt=\"\" src=\"https:\/\/monatglobal.com\/wp-content\/uploads\/2021\/10\/MONAT-JUNIOR-Gentle-Detangler-composition1.jpg\" loading=\"lazy\">\n   <!--==================================================== Why it works text ====================================================-->\n      <h2>Mamutas su magi\u0161kais kar\u010diais \u017eino, kad plaukai veliasi ne d\u0117l j\u016bs\u0173&nbsp;kalt\u0117s<\/h2>\n      <h3>Mamos ir t\u0117\u010diai &#8211; mes jus girdime! Su \u0161ukomis kovojote daugiau kart\u0173, nei nor\u0117tum\u0117te&nbsp;pripa\u017einti.<\/h3>\n      Nesijaudinkite &#8211; mes galime pad\u0117ti. Suk\u016br\u0117me priemon\u0119 susiv\u0117lusiems plaukams, kuri yra patikrinta dermatolog\u0173 \n      bei oftalmolog\u0173 ir puikiai tinka vis\u0173 tip\u0173 bei tekst\u016br\u0173 plaukams. Tiesiog u\u017epurk\u0161kite jos ant saus\u0173 arba dr\u0117gn\u0173 \n      plauk\u0173 ir i\u0161\u0161ukuokite &#8211; plaukai taps mink\u0161ti ir&nbsp;\u017evilgantys.\n<!--==================================================== Composition section ====================================================-->\n      <img decoding=\"async\" alt=\"\" src=\"https:\/\/monatglobal.com\/wp-content\/uploads\/2021\/10\/MONAT-JUNIOR-Gentle-Detangler-composition1.jpg\" loading=\"lazy\">\n      <img decoding=\"async\" alt=\"\" src=\"https:\/\/monatglobal.com\/wp-content\/uploads\/2021\/10\/MONAT-JUNIOR-Gentle-Detangler-composition3.jpg\" loading=\"lazy\">\n            <!--==================================================== Directions text ====================================================--> \n               <h3>Naudojimas<\/h3>\n               <p>\/ Naudokite po \u201eMONAT Junior\u2122&#8221; \u0161velnaus&nbsp;kondicionieriaus.<\/p>\n               <p>\/ Purk\u0161kite ant dr\u0117gn\u0173 plauk\u0173 pagal&nbsp;poreik\u012f.<\/p>\n               <p>\/ Paskirstykite priemon\u0119 ant plauk\u0173&nbsp;\u0161ukomis.<\/p>\n            <!--==================================================== Directions video ====================================================-->\n      <p>MONAT Junior\u2122 <br>Gentle Detangler<br>1:34<\/p>\n      <a href=\"\" target=\"_blank\" role=\"button\" aria-label=\"\" rel=\"noopener\"><\/a>\n   <!--==================================================== Ingredients section  ====================================================-->\n      <h2>PAGRINDIN\u0116S SUDEDAMOSIOS DALYS<\/h2>\n               <p>Alyvuogi\u0173 aliejus<\/p>\n               <p>Er\u0161k\u0117tro\u017e\u0117s<\/p>\n               <p>\u017dalioji arbata<\/p>\n               <p>Ramun\u0117l\u0117s<\/p>\n        <button id=\"myBtn\" type=\"button\">SUDEDAM\u0172J\u0172 DALI\u0172 S\u0104RA\u0160AS<\/button>\n      <!--==================================================== Modal content  ====================================================-->\n         \u00d7\n         Water, Propanediol, Isoamyl Laurate, Cetearyl Alcohol, Chamomilla Recutita (Matricaria) Leaf Extract, Camellia Sinensis Leaf Extract, \n         Rosa Canina Fruit Extract, Olea Europaea (Olive) Fruit Oil, Glycerin, Tocopherol, Sodium Phytate, Behentrimonium Chloride, Stearamidopropyl Dimethylamine, \n         Fragrance, Benzyl Alcohol, Ethylhexylglycerin.\n   <!--==================================================== You might also like section ====================================================-->\n      <h2>JUMS TAIP PAT GALI PATIKTI<\/h2>\n      <!--==================================================== Slider YOU MIGHT ALSO LIKE ====================================================-->\n      <!---->\n      <!--   -->\n            <!--==================================================== Slides products ====================================================-->\n      <!--      -->\n      <!--         <a href=\"\/lt\/monat-junior-gentle-shampoo\/\" aria-label=\"Go to \u201eMONAT JUNIOR\u2122\" \u0160velnus \u0161amp\u016bnas page\">-->\n      <!--            <img decoding=\"async\" src=\"https:\/\/monatglobal.com\/wp-content\/uploads\/2022\/12\/MONAT-JUNIOR-Gentle-Shampoo-ecomm-min.png\" alt=\"\u201eMONAT JUNIOR\u2122\" \u0160velnus \u0161amp\u016bnas\" loading=\"lazy\"\/>-->\n      <!--            <p>\u201eMONAT JUNIOR\u2122\" <br \/>\u0160velnus \u0161amp\u016bnas<\/p>-->\n      <!--         <\/a>-->\n      <!--      -->\n      <!--      -->\n      <!--         <a href=\"\/lt\/monat-junior-gentle-conditioner\/\" aria-label=\"Go to \u201eMONAT JUNIOR\u2122\" \u0160velnus kondicionierius page\">-->\n      <!--            <img decoding=\"async\" src=\"https:\/\/monatglobal.com\/wp-content\/uploads\/2022\/12\/MONAT-JUNIOR-Gentle-Conditioner-E_comm-min.png\" alt=\"\u201eMONAT JUNIOR\u2122\" \u0160velnus kondicionierius\" loading=\"lazy\"\/>-->\n      <!--            <p>\u201eMONAT JUNIOR\u2122\" <br \/>\u0160velnus kondicionierius<\/p>-->\n      <!--         <\/a>-->\n      <!--      -->\n      <!--   -->\n         <!--==================================================== If we need navigation buttons  ====================================================-->\n      <!--   -->\n      <!--   -->\n         <!--==================================================== If we need paginations  ====================================================-->\n      <!--   -->\n      <!---->\n         <!--==================================================== If we need navigation buttons  ====================================================-->\n         <!--==================================================== If we need paginations  ====================================================-->\n    <a href=\"\" aria-label=\"\"><\/a>\n<!--==================================================== this link has to go last for it to work   ====================================================-->\n","protected":false},"excerpt":{"rendered":"","protected":false},"author":31,"featured_media":69514,"parent":0,"menu_order":0,"comment_status":"closed","ping_status":"closed","template":"","meta":{"inline_featured_image":false,"om_disable_all_campaigns":false,"_monsterinsights_skip_tracking":false,"_monsterinsights_sitenote_active":false,"_monsterinsights_sitenote_note":"","_monsterinsights_sitenote_category":0,"footnotes":""},"categories":[32],"tags":[],"class_list":["post-68011","page","type-page","status-publish","has-post-thumbnail","hentry","category-product-lt"],"aioseo_notices":[],"aioseo_head":"\n\t\t<!-- All in One SEO Pro 4.9.6 - aioseo.com -->\n\t<meta name=\"description\" content=\"--&gt;\" \/>\n\t<meta name=\"robots\" content=\"max-image-preview:large\" \/>\n\t<link rel=\"canonical\" href=\"https:\/\/monatglobal.com\/lt\/monat-junior-gentle-detangler\/\" \/>\n\t<meta name=\"generator\" content=\"All in One SEO Pro (AIOSEO) 4.9.6\" \/>\n\t\t<meta property=\"og:locale\" content=\"lt_LT\" \/>\n\t\t<meta property=\"og:site_name\" content=\"MONAT Lithuania -\" \/>\n\t\t<meta property=\"og:type\" content=\"article\" \/>\n\t\t<meta property=\"og:title\" content=\"\u201eMONAT JUNIOR\u2122\u201c \u0160VELNUS PUR\u0160KIKLIS NEPAKLUSNIEMS PLAUKAMS - MONAT Lithuania\" \/>\n\t\t<meta property=\"og:description\" content=\"--&gt;\" \/>\n\t\t<meta property=\"og:url\" content=\"https:\/\/monatglobal.com\/lt\/monat-junior-gentle-detangler\/\" \/>\n\t\t<meta property=\"article:published_time\" content=\"2022-02-28T09:00:12+00:00\" \/>\n\t\t<meta property=\"article:modified_time\" content=\"2026-02-20T16:56:19+00:00\" \/>\n\t\t<meta name=\"twitter:card\" content=\"summary_large_image\" \/>\n\t\t<meta name=\"twitter:title\" content=\"\u201eMONAT JUNIOR\u2122\u201c \u0160VELNUS PUR\u0160KIKLIS NEPAKLUSNIEMS PLAUKAMS - MONAT Lithuania\" \/>\n\t\t<meta name=\"twitter:description\" content=\"--&gt;\" \/>\n\t\t<script type=\"application\/ld+json\" class=\"aioseo-schema\">\n\t\t\t{\"@context\":\"https:\\\/\\\/schema.org\",\"@graph\":[{\"@type\":\"BreadcrumbList\",\"@id\":\"https:\\\/\\\/monatglobal.com\\\/lt\\\/monat-junior-gentle-detangler\\\/#breadcrumblist\",\"itemListElement\":[{\"@type\":\"ListItem\",\"@id\":\"https:\\\/\\\/monatglobal.com\\\/lt#listItem\",\"position\":1,\"name\":\"Home\",\"item\":\"https:\\\/\\\/monatglobal.com\\\/lt\",\"nextItem\":{\"@type\":\"ListItem\",\"@id\":\"https:\\\/\\\/monatglobal.com\\\/lt\\\/monat-junior-gentle-detangler\\\/#listItem\",\"name\":\"\\u201eMONAT JUNIOR\\u2122\\u201c \\u0160VELNUS PUR\\u0160KIKLIS NEPAKLUSNIEMS PLAUKAMS\"}},{\"@type\":\"ListItem\",\"@id\":\"https:\\\/\\\/monatglobal.com\\\/lt\\\/monat-junior-gentle-detangler\\\/#listItem\",\"position\":2,\"name\":\"\\u201eMONAT JUNIOR\\u2122\\u201c \\u0160VELNUS PUR\\u0160KIKLIS NEPAKLUSNIEMS PLAUKAMS\",\"previousItem\":{\"@type\":\"ListItem\",\"@id\":\"https:\\\/\\\/monatglobal.com\\\/lt#listItem\",\"name\":\"Home\"}}]},{\"@type\":\"Organization\",\"@id\":\"https:\\\/\\\/monatglobal.com\\\/lt\\\/#organization\",\"name\":\"MONAT Lithuania\",\"url\":\"https:\\\/\\\/monatglobal.com\\\/lt\\\/\"},{\"@type\":\"WebPage\",\"@id\":\"https:\\\/\\\/monatglobal.com\\\/lt\\\/monat-junior-gentle-detangler\\\/#webpage\",\"url\":\"https:\\\/\\\/monatglobal.com\\\/lt\\\/monat-junior-gentle-detangler\\\/\",\"name\":\"\\u201eMONAT JUNIOR\\u2122\\u201c \\u0160VELNUS PUR\\u0160KIKLIS NEPAKLUSNIEMS PLAUKAMS - MONAT Lithuania\",\"description\":\"-->\",\"inLanguage\":\"lt-LT\",\"isPartOf\":{\"@id\":\"https:\\\/\\\/monatglobal.com\\\/lt\\\/#website\"},\"breadcrumb\":{\"@id\":\"https:\\\/\\\/monatglobal.com\\\/lt\\\/monat-junior-gentle-detangler\\\/#breadcrumblist\"},\"image\":{\"@type\":\"ImageObject\",\"url\":\"https:\\\/\\\/monatglobal.com\\\/lt\\\/wp-content\\\/uploads\\\/sites\\\/11\\\/2022\\\/02\\\/MONAT-JUNIOR-Gentle-Detangler-ecomm.png\",\"@id\":\"https:\\\/\\\/monatglobal.com\\\/lt\\\/monat-junior-gentle-detangler\\\/#mainImage\",\"width\":641,\"height\":800},\"primaryImageOfPage\":{\"@id\":\"https:\\\/\\\/monatglobal.com\\\/lt\\\/monat-junior-gentle-detangler\\\/#mainImage\"},\"datePublished\":\"2022-02-28T09:00:12+00:00\",\"dateModified\":\"2026-02-20T16:56:19+00:00\"},{\"@type\":\"WebSite\",\"@id\":\"https:\\\/\\\/monatglobal.com\\\/lt\\\/#website\",\"url\":\"https:\\\/\\\/monatglobal.com\\\/lt\\\/\",\"name\":\"MONAT Lithuania\",\"inLanguage\":\"lt-LT\",\"publisher\":{\"@id\":\"https:\\\/\\\/monatglobal.com\\\/lt\\\/#organization\"}}]}\n\t\t<\/script>\n\t\t<!-- All in One SEO Pro -->\r\n\t\t<title>\u201eMONAT JUNIOR\u2122\u201c \u0160VELNUS PUR\u0160KIKLIS NEPAKLUSNIEMS PLAUKAMS - MONAT Lithuania<\/title>\n\n","aioseo_head_json":{"title":"\u201eMONAT JUNIOR\u2122\u201c \u0160VELNUS PUR\u0160KIKLIS NEPAKLUSNIEMS PLAUKAMS - MONAT Lithuania","description":"-->","canonical_url":"https:\/\/monatglobal.com\/lt\/monat-junior-gentle-detangler\/","robots":"max-image-preview:large","keywords":"","webmasterTools":{"miscellaneous":""},"schema":{"@context":"https:\/\/schema.org","@graph":[{"@type":"BreadcrumbList","@id":"https:\/\/monatglobal.com\/lt\/monat-junior-gentle-detangler\/#breadcrumblist","itemListElement":[{"@type":"ListItem","@id":"https:\/\/monatglobal.com\/lt#listItem","position":1,"name":"Home","item":"https:\/\/monatglobal.com\/lt","nextItem":{"@type":"ListItem","@id":"https:\/\/monatglobal.com\/lt\/monat-junior-gentle-detangler\/#listItem","name":"\u201eMONAT JUNIOR\u2122\u201c \u0160VELNUS PUR\u0160KIKLIS NEPAKLUSNIEMS PLAUKAMS"}},{"@type":"ListItem","@id":"https:\/\/monatglobal.com\/lt\/monat-junior-gentle-detangler\/#listItem","position":2,"name":"\u201eMONAT JUNIOR\u2122\u201c \u0160VELNUS PUR\u0160KIKLIS NEPAKLUSNIEMS PLAUKAMS","previousItem":{"@type":"ListItem","@id":"https:\/\/monatglobal.com\/lt#listItem","name":"Home"}}]},{"@type":"Organization","@id":"https:\/\/monatglobal.com\/lt\/#organization","name":"MONAT Lithuania","url":"https:\/\/monatglobal.com\/lt\/"},{"@type":"WebPage","@id":"https:\/\/monatglobal.com\/lt\/monat-junior-gentle-detangler\/#webpage","url":"https:\/\/monatglobal.com\/lt\/monat-junior-gentle-detangler\/","name":"\u201eMONAT JUNIOR\u2122\u201c \u0160VELNUS PUR\u0160KIKLIS NEPAKLUSNIEMS PLAUKAMS - MONAT Lithuania","description":"-->","inLanguage":"lt-LT","isPartOf":{"@id":"https:\/\/monatglobal.com\/lt\/#website"},"breadcrumb":{"@id":"https:\/\/monatglobal.com\/lt\/monat-junior-gentle-detangler\/#breadcrumblist"},"image":{"@type":"ImageObject","url":"https:\/\/monatglobal.com\/lt\/wp-content\/uploads\/sites\/11\/2022\/02\/MONAT-JUNIOR-Gentle-Detangler-ecomm.png","@id":"https:\/\/monatglobal.com\/lt\/monat-junior-gentle-detangler\/#mainImage","width":641,"height":800},"primaryImageOfPage":{"@id":"https:\/\/monatglobal.com\/lt\/monat-junior-gentle-detangler\/#mainImage"},"datePublished":"2022-02-28T09:00:12+00:00","dateModified":"2026-02-20T16:56:19+00:00"},{"@type":"WebSite","@id":"https:\/\/monatglobal.com\/lt\/#website","url":"https:\/\/monatglobal.com\/lt\/","name":"MONAT Lithuania","inLanguage":"lt-LT","publisher":{"@id":"https:\/\/monatglobal.com\/lt\/#organization"}}]},"og:locale":"lt_LT","og:site_name":"MONAT Lithuania -","og:type":"article","og:title":"\u201eMONAT JUNIOR\u2122\u201c \u0160VELNUS PUR\u0160KIKLIS NEPAKLUSNIEMS PLAUKAMS - MONAT Lithuania","og:description":"--&gt;","og:url":"https:\/\/monatglobal.com\/lt\/monat-junior-gentle-detangler\/","article:published_time":"2022-02-28T09:00:12+00:00","article:modified_time":"2026-02-20T16:56:19+00:00","twitter:card":"summary_large_image","twitter:title":"\u201eMONAT JUNIOR\u2122\u201c \u0160VELNUS PUR\u0160KIKLIS NEPAKLUSNIEMS PLAUKAMS - MONAT Lithuania","twitter:description":"--&gt;"},"aioseo_meta_data":{"post_id":"68011","title":null,"description":null,"keywords":null,"keyphrases":{"focus":{"keyphrase":"","score":0,"analysis":{"keyphraseInTitle":{"score":0,"maxScore":9,"error":1}}},"additional":[]},"primary_term":null,"canonical_url":null,"og_title":null,"og_description":null,"og_object_type":"default","og_image_type":"default","og_image_url":null,"og_image_width":null,"og_image_height":null,"og_image_custom_url":null,"og_image_custom_fields":null,"og_video":"","og_custom_url":null,"og_article_section":null,"og_article_tags":null,"twitter_use_og":false,"twitter_card":"default","twitter_image_type":"default","twitter_image_url":null,"twitter_image_custom_url":null,"twitter_image_custom_fields":null,"twitter_title":null,"twitter_description":null,"schema":{"blockGraphs":[],"customGraphs":[],"default":{"data":{"Article":[],"Course":[],"Dataset":[],"FAQPage":[],"Movie":[],"Person":[],"Product":[],"ProductReview":[],"Car":[],"Recipe":[],"Service":[],"SoftwareApplication":[],"WebPage":[]},"graphName":"WebPage","isEnabled":true},"graphs":[]},"schema_type":"default","schema_type_options":null,"pillar_content":false,"robots_default":true,"robots_noindex":false,"robots_noarchive":false,"robots_nosnippet":false,"robots_nofollow":false,"robots_noimageindex":false,"robots_noodp":false,"robots_notranslate":false,"robots_max_snippet":"-1","robots_max_videopreview":"-1","robots_max_imagepreview":"large","priority":null,"frequency":"default","local_seo":null,"seo_analyzer_scan_date":"2026-02-20 16:58:39","breadcrumb_settings":null,"limit_modified_date":false,"reviewed_by":"0","open_ai":null,"ai":{"faqs":[],"keyPoints":[],"titles":[],"descriptions":[],"socialPosts":{"email":[],"linkedin":[],"twitter":[],"facebook":[],"instagram":[]}},"created":"2023-07-26 19:20:15","updated":"2026-02-20 17:05:54"},"aioseo_breadcrumb":"<div class=\"aioseo-breadcrumbs\"><span class=\"aioseo-breadcrumb\">\n\t<a href=\"https:\/\/monatglobal.com\/lt\" title=\"Home\">Home<\/a>\n<\/span><span class=\"aioseo-breadcrumb-separator\">&raquo;<\/span><span class=\"aioseo-breadcrumb\">\n\t\u201eMONAT JUNIOR\u2122\u201c \u0160VELNUS PUR\u0160KIKLIS NEPAKLUSNIEMS PLAUKAMS\n<\/span><\/div>","aioseo_breadcrumb_json":[{"label":"Home","link":"https:\/\/monatglobal.com\/lt"},{"label":"\u201eMONAT JUNIOR\u2122\u201c \u0160VELNUS PUR\u0160KIKLIS NEPAKLUSNIEMS PLAUKAMS","link":"https:\/\/monatglobal.com\/lt\/monat-junior-gentle-detangler\/"}],"_links":{"self":[{"href":"https:\/\/monatglobal.com\/lt\/wp-json\/wp\/v2\/pages\/68011","targetHints":{"allow":["GET"]}}],"collection":[{"href":"https:\/\/monatglobal.com\/lt\/wp-json\/wp\/v2\/pages"}],"about":[{"href":"https:\/\/monatglobal.com\/lt\/wp-json\/wp\/v2\/types\/page"}],"author":[{"embeddable":true,"href":"https:\/\/monatglobal.com\/lt\/wp-json\/wp\/v2\/users\/31"}],"replies":[{"embeddable":true,"href":"https:\/\/monatglobal.com\/lt\/wp-json\/wp\/v2\/comments?post=68011"}],"version-history":[{"count":22,"href":"https:\/\/monatglobal.com\/lt\/wp-json\/wp\/v2\/pages\/68011\/revisions"}],"predecessor-version":[{"id":109184,"href":"https:\/\/monatglobal.com\/lt\/wp-json\/wp\/v2\/pages\/68011\/revisions\/109184"}],"wp:featuredmedia":[{"embeddable":true,"href":"https:\/\/monatglobal.com\/lt\/wp-json\/wp\/v2\/media\/69514"}],"wp:attachment":[{"href":"https:\/\/monatglobal.com\/lt\/wp-json\/wp\/v2\/media?parent=68011"}],"wp:term":[{"taxonomy":"category","embeddable":true,"href":"https:\/\/monatglobal.com\/lt\/wp-json\/wp\/v2\/categories?post=68011"},{"taxonomy":"post_tag","embeddable":true,"href":"https:\/\/monatglobal.com\/lt\/wp-json\/wp\/v2\/tags?post=68011"}],"curies":[{"name":"wp","href":"https:\/\/api.w.org\/{rel}","templated":true}]}}