{"id":68008,"date":"2022-02-28T09:00:04","date_gmt":"2022-02-28T09:00:04","guid":{"rendered":"https:\/\/monatglobal.com\/lt\/?page_id=68008"},"modified":"2026-02-20T16:54:23","modified_gmt":"2026-02-20T16:54:23","slug":"monat-junior-gentle-conditioner","status":"publish","type":"page","link":"https:\/\/monatglobal.com\/lt\/monat-junior-gentle-conditioner\/","title":{"rendered":"\u201eMONAT JUNIOR\u2122\u201c \u0160VELNUS KONDICIONIERIUS"},"content":{"rendered":"\n<link rel=\"stylesheet\" href=\"https:\/\/unpkg.com\/swiper\/swiper-bundle.min.css\">\n<link rel=\"stylesheet\" href=\"https:\/\/monatglobal.com\/wp-content\/creative_css\/product_styles_sheet.css\">\n   <!--==================================================== ECOMM SECTION ====================================================-->\n      <!--==================================================== Ecomm image ====================================================-->\n      <img decoding=\"async\" src=\"https:\/\/monatglobal.com\/wp-content\/uploads\/2021\/10\/MONAT-JUNIOR-Gentle-Conditioner-ecomm.png\" alt=\"MONAT JUNIOR\u2122 \u0160VELNUS KONDICIONIERIUS\" loading=\"lazy\">\n      <!--==================================================== Ecomm information  ====================================================-->\n         <p>\u201eMONAT JUNIOR\u2122&#8221;<\/p>\n         <h1>\u0160velnus <br>kondicionierius<\/h1>\n         \n         <p>Pa\u017eabokite tuos kar\u010dius!<\/p>\n         <p>177 ml \u212e 6 fl. oz.<\/p>\n        <!--==================================================== pricing box ====================================================--> \n         <p>Ma\u017emenin\u0117 kaina<br>00.00 \u20ac<\/p>\n         <p>VIP kliento kaina<br>00.00 \u20ac<\/p>\n       <!--==================================================== pricing box ====================================================--> \n         Nor\u0117dami su\u017einoti daugiau apie \n            \u201eMONAT Junior\u2122&#8221; \u0161veln\u0173 kondicionieri\u0173, susisiekite su savo \u201eMONAT Market&nbsp;Partner&#8221;.\n          <a href=\"\" target=\"_blank\" role=\"button\" aria-label=\"\" rel=\"noopener\"><\/a>\n   <!--==================================================== \/ECOMM SECTION  ====================================================-->\n   <!--==================================================== Benefits image ====================================================-->\n   \n      <source media=\"(max-width: 700px)\" srcset=\"https:\/\/monatglobal.com\/wp-content\/uploads\/2021\/10\/MONAT-JUNIOR-Gentle-Conditioner-benefits_mobile.jpg\" loading=\"lazy\">\n      <img decoding=\"async\" alt=\"\" src=\"https:\/\/monatglobal.com\/wp-content\/uploads\/2021\/10\/MONAT-JUNIOR-Gentle-Conditioner-benefits.jpg\" loading=\"lazy\">\n   \n   <!--==================================================== Benefits text ====================================================-->\n         <h2>NAUDOS<\/h2>\n         <h3>\u201eMONAT Junior\u2122&#8221; \u0161velnus kondicionierius sukurtas taip, kad vaik\u0173 plaukams \n         suteikt\u0173 \u017evilgesio, pad\u0117t\u0173 suvaldyti nepaklusnius plaukus ir b\u016bt\u0173 greitai bei lengvai&nbsp;i\u0161skalaujamas.<\/h3>\n         <p>\u0160i formul\u0117 sukurta specialiai vaikams, tod\u0117l yra saugi, \u0161velni ir nesukelia a\u0161arojimo. Ji patikrinta dermatolog\u0173 ir&nbsp;oftalmolog\u0173. <\/p>\n         <!--==================================================== features image  ====================================================-->\n         <img decoding=\"async\" alt=\"\" src=\"https:\/\/monatglobal.com\/wp-content\/uploads\/2021\/10\/MONAT-JUNIOR-Gentle-Conditioner-features_.jpg\" loading=\"lazy\">\n      <!--==================================================== features text ====================================================-->\n            <h3>I\u0161 karto:<\/h3>\n               <p>\/ Saugi ir \u0161velni formul\u0117 sukurta&nbsp;vaikams<\/p>\n               <p>\/ Nesukelia a\u0161arojimo <\/p>\n               <p>\/ Nor\u0117dami geriausi\u0173 rezultat\u0173, naudokite ant su \u201eMONAT Junior\u2122&#8221; \u0161velniu \u0161amp\u016bnu i\u0161plaut\u0173&nbsp;plauk\u0173.<\/p>\n               <br>\n            <p>Fragrance \/ Peony and Pink Pepper<\/p>\n            <p> Texture \/ Lightweight Gel<\/p>\n   <!--==================================================== composition image mobile ====================================================-->\n   <img decoding=\"async\" alt=\"\" src=\"https:\/\/monatglobal.com\/wp-content\/uploads\/2021\/10\/MONAT-JUNIOR-Gentle-Conditioner-composition1.jpg\" loading=\"lazy\">\n   <!--==================================================== Why it works text ====================================================-->\n      <h2>Me\u0161k\u0117nas \u017evilgan\u010diu kailiuku pad\u0117s sutramdyti tuos kar\u010dius!<\/h2>\n      <h3>\u201eMONAT Junior&#8221; \u0161velnus kondicionierius sutramdys tuos kar\u010dius kart\u0105 ir visiems \n      laikams! Kaip ir kiti \u0161ios linijos produktai jis yra ypa\u010d saugus ir \u0161velnus j\u016bs\u0173 ma\u017eylio galvos odai ir&nbsp;plaukams.<\/h3>\n      Po kondicionieriaus naudokite m\u016bs\u0173 \u0161veln\u0173 pur\u0161kikl\u012f nepaklusniems plaukams ir neklau\u017eadoms sruogoms i\u0161tarkite \n      \u201eate&#8221;. Pakanka vos monetos dyd\u017eio priemon\u0117s kiekio, tod\u0117l buteliuko u\u017eteks&nbsp;ilgam!\n<!--==================================================== Composition section ====================================================-->\n      <img decoding=\"async\" alt=\"\" src=\"https:\/\/monatglobal.com\/wp-content\/uploads\/2021\/10\/MONAT-JUNIOR-Gentle-Conditioner-composition1.jpg\" loading=\"lazy\">\n      <img decoding=\"async\" alt=\"\" src=\"https:\/\/monatglobal.com\/wp-content\/uploads\/2021\/10\/MONAT-JUNIOR-Gentle-Conditioner-composition3.jpg\" loading=\"lazy\">\n            <!--==================================================== Directions text ====================================================--> \n               <h3>Naudojimas<\/h3>\n               <p>\/ Monetos dyd\u017eio priemon\u0117s kiek\u012f \u012fmasa\u017euokite \u012f dr\u0117gnus&nbsp;plaukus.<\/p>\n               <p>\/ Kruop\u0161\u010diai nuskalaukite.<\/p>\n               <p>\/ Toliau naudokite \u201eMONAT Junior\u2122&#8221; \u0161veln\u0173 pur\u0161kikl\u012f nepaklusniems&nbsp;plaukams.<\/p>\n            <!--==================================================== Directions video ====================================================-->\n      <p>MONAT Junior\u2122 <br>Gentle Conditioner<br>1:34<\/p>\n      <a href=\"\" target=\"_blank\" role=\"button\" aria-label=\"\" rel=\"noopener\"><\/a>\n   <!--==================================================== Ingredients section  ====================================================-->\n      <h2>PAGRINDIN\u0116S SUDEDAMOSIOS DALYS<\/h2>\n               <p>Alyvuogi\u0173 aliejus<\/p>\n               <p>Er\u0161k\u0117tro\u017e\u0117s<\/p>\n               <p>\u017dalioji arbata<\/p>\n               <p>Ramun\u0117l\u0117s<\/p>\n               <p>Glicerinas<\/p>\n        <button id=\"myBtn\" type=\"button\">SUDEDAM\u0172J\u0172 DALI\u0172 S\u0104RA\u0160AS<\/button>\n      <!--==================================================== Modal content  ====================================================-->\n         \u00d7\n         Water, Cetearyl Alcohol, Isoamyl Laurate, Behentrimonium Chloride, Propanediol, Chamomilla Recutita (Matricaria) Leaf Extract, \n         Camellia Sinensis Leaf Extract, Rosa Canina Fruit Extract, Olea Europaea (Olive) Fruit Oil, Glycerin, Tocopherol, Sodium Phytate, \n         Stearamidopropyl Dimethylamine, Citric Acid, Fragrance, Benzyl Alcohol, Ethylhexylglycerin.\n   <!--==================================================== You might also like section ====================================================-->\n      <h2>JUMS TAIP PAT GALI PATIKTI<\/h2>\n      <!--==================================================== Slider YOU MIGHT ALSO LIKE ====================================================-->\n      <!---->\n      <!--   -->\n            <!--==================================================== Slides products ====================================================-->\n      <!--      -->\n      <!--         <a href=\"\/lt\/monat-junior-gentle-shampoo\/\" aria-label=\"Go to MONAT JUNIOR\u2122 \u0160velnus \u0161amp\u016bnas page\">-->\n      <!--            <img decoding=\"async\" src=\"https:\/\/monatglobal.com\/wp-content\/uploads\/2022\/12\/MONAT-JUNIOR-Gentle-Shampoo-ecomm-min.png\" alt=\"\u201eMONAT JUNIOR\u2122\" \u0160velnus \u0161amp\u016bnas\" loading=\"lazy\"\/>-->\n      <!--            <p>\u201eMONAT JUNIOR\u2122\" <br \/>\u0160velnus \u0161amp\u016bnas<\/p>-->\n      <!--         <\/a>-->\n      <!--      -->\n      <!--      -->\n      <!--         <a href=\"\/lt\/monat-junior-gentle-detangler\/\" aria-label=\"Go to MONAT JUNIOR\u2122 \u0160velnus pur\u0161kiklis nepaklusniems plaukams page\">-->\n      <!--            <img decoding=\"async\" src=\"https:\/\/monatglobal.com\/wp-content\/uploads\/2022\/12\/Monat-Junior-Detangler_Ecomm-min.png\" alt=\"MONAT JUNIOR\u2122 \u0160velnus pur\u0161kiklis nepaklusniems plaukams\" loading=\"lazy\"\/>-->\n      <!--            <p>\u201eMONAT JUNIOR\u2122\" <br \/>\u0160velnus pur\u0161kiklis <br \/>nepaklusniems plaukams<\/p>-->\n      <!--         <\/a>-->\n      <!--      -->\n      <!--   -->\n         <!--==================================================== If we need navigation buttons  ====================================================-->\n      <!--   -->\n      <!--   -->\n         <!--==================================================== If we need paginations  ====================================================-->\n      <!--   -->\n      <!---->\n         <!--==================================================== If we need navigation buttons  ====================================================-->\n         <!--==================================================== If we need paginations  ====================================================-->\n    <a href=\"\" aria-label=\"\"><\/a>\n<!--==================================================== this link has to go last for it to work   ====================================================-->\n","protected":false},"excerpt":{"rendered":"<p>\u201eMONAT JUNIOR\u2122&#8221; \u0160velnus kondicionierius Pa\u017eabokite tuos kar\u010dius! 177 ml \u212e 6 fl. oz. Ma\u017emenin\u0117 kaina00.00 \u20ac VIP kliento kaina00.00 \u20ac Nor\u0117dami su\u017einoti daugiau apie \u201eMONAT Junior\u2122&#8221; \u0161veln\u0173 kondicionieri\u0173, susisiekite su savo \u201eMONAT Market&nbsp;Partner&#8221;. NAUDOS \u201eMONAT Junior\u2122&#8221; \u0161velnus kondicionierius sukurtas taip, kad vaik\u0173 plaukams suteikt\u0173 \u017evilgesio, pad\u0117t\u0173 suvaldyti nepaklusnius plaukus ir b\u016bt\u0173 greitai bei lengvai&nbsp;i\u0161skalaujamas. \u0160i&hellip;<\/p>\n","protected":false},"author":31,"featured_media":69513,"parent":0,"menu_order":0,"comment_status":"closed","ping_status":"closed","template":"","meta":{"inline_featured_image":false,"om_disable_all_campaigns":false,"_monsterinsights_skip_tracking":false,"_monsterinsights_sitenote_active":false,"_monsterinsights_sitenote_note":"","_monsterinsights_sitenote_category":0,"footnotes":""},"categories":[32],"tags":[],"class_list":["post-68008","page","type-page","status-publish","has-post-thumbnail","hentry","category-product-lt"],"aioseo_notices":[],"aioseo_head":"\n\t\t<!-- All in One SEO Pro 4.9.5.2 - aioseo.com -->\n\t<meta name=\"description\" content=\"--&gt;\" \/>\n\t<meta name=\"robots\" content=\"max-image-preview:large\" \/>\n\t<link rel=\"canonical\" href=\"https:\/\/monatglobal.com\/lt\/monat-junior-gentle-conditioner\/\" \/>\n\t<meta name=\"generator\" content=\"All in One SEO Pro (AIOSEO) 4.9.5.2\" \/>\n\t\t<meta property=\"og:locale\" content=\"lt_LT\" \/>\n\t\t<meta property=\"og:site_name\" content=\"MONAT Lithuania -\" \/>\n\t\t<meta property=\"og:type\" content=\"article\" \/>\n\t\t<meta property=\"og:title\" content=\"\u201eMONAT JUNIOR\u2122\u201c \u0160VELNUS KONDICIONIERIUS - MONAT Lithuania\" \/>\n\t\t<meta property=\"og:description\" content=\"--&gt;\" \/>\n\t\t<meta property=\"og:url\" content=\"https:\/\/monatglobal.com\/lt\/monat-junior-gentle-conditioner\/\" \/>\n\t\t<meta property=\"article:published_time\" content=\"2022-02-28T09:00:04+00:00\" \/>\n\t\t<meta property=\"article:modified_time\" content=\"2026-02-20T16:54:23+00:00\" \/>\n\t\t<meta name=\"twitter:card\" content=\"summary_large_image\" \/>\n\t\t<meta name=\"twitter:title\" content=\"\u201eMONAT JUNIOR\u2122\u201c \u0160VELNUS KONDICIONIERIUS - MONAT Lithuania\" \/>\n\t\t<meta name=\"twitter:description\" content=\"--&gt;\" \/>\n\t\t<script type=\"application\/ld+json\" class=\"aioseo-schema\">\n\t\t\t{\"@context\":\"https:\\\/\\\/schema.org\",\"@graph\":[{\"@type\":\"BreadcrumbList\",\"@id\":\"https:\\\/\\\/monatglobal.com\\\/lt\\\/monat-junior-gentle-conditioner\\\/#breadcrumblist\",\"itemListElement\":[{\"@type\":\"ListItem\",\"@id\":\"https:\\\/\\\/monatglobal.com\\\/lt#listItem\",\"position\":1,\"name\":\"Home\",\"item\":\"https:\\\/\\\/monatglobal.com\\\/lt\",\"nextItem\":{\"@type\":\"ListItem\",\"@id\":\"https:\\\/\\\/monatglobal.com\\\/lt\\\/monat-junior-gentle-conditioner\\\/#listItem\",\"name\":\"\\u201eMONAT JUNIOR\\u2122\\u201c \\u0160VELNUS KONDICIONIERIUS\"}},{\"@type\":\"ListItem\",\"@id\":\"https:\\\/\\\/monatglobal.com\\\/lt\\\/monat-junior-gentle-conditioner\\\/#listItem\",\"position\":2,\"name\":\"\\u201eMONAT JUNIOR\\u2122\\u201c \\u0160VELNUS KONDICIONIERIUS\",\"previousItem\":{\"@type\":\"ListItem\",\"@id\":\"https:\\\/\\\/monatglobal.com\\\/lt#listItem\",\"name\":\"Home\"}}]},{\"@type\":\"Organization\",\"@id\":\"https:\\\/\\\/monatglobal.com\\\/lt\\\/#organization\",\"name\":\"MONAT Lithuania\",\"url\":\"https:\\\/\\\/monatglobal.com\\\/lt\\\/\"},{\"@type\":\"WebPage\",\"@id\":\"https:\\\/\\\/monatglobal.com\\\/lt\\\/monat-junior-gentle-conditioner\\\/#webpage\",\"url\":\"https:\\\/\\\/monatglobal.com\\\/lt\\\/monat-junior-gentle-conditioner\\\/\",\"name\":\"\\u201eMONAT JUNIOR\\u2122\\u201c \\u0160VELNUS KONDICIONIERIUS - MONAT Lithuania\",\"description\":\"-->\",\"inLanguage\":\"lt-LT\",\"isPartOf\":{\"@id\":\"https:\\\/\\\/monatglobal.com\\\/lt\\\/#website\"},\"breadcrumb\":{\"@id\":\"https:\\\/\\\/monatglobal.com\\\/lt\\\/monat-junior-gentle-conditioner\\\/#breadcrumblist\"},\"image\":{\"@type\":\"ImageObject\",\"url\":\"https:\\\/\\\/monatglobal.com\\\/lt\\\/wp-content\\\/uploads\\\/sites\\\/11\\\/2022\\\/02\\\/MONAT-JUNIOR-Gentle-Conditioner-ecomm.png\",\"@id\":\"https:\\\/\\\/monatglobal.com\\\/lt\\\/monat-junior-gentle-conditioner\\\/#mainImage\",\"width\":641,\"height\":800},\"primaryImageOfPage\":{\"@id\":\"https:\\\/\\\/monatglobal.com\\\/lt\\\/monat-junior-gentle-conditioner\\\/#mainImage\"},\"datePublished\":\"2022-02-28T09:00:04+00:00\",\"dateModified\":\"2026-02-20T16:54:23+00:00\"},{\"@type\":\"WebSite\",\"@id\":\"https:\\\/\\\/monatglobal.com\\\/lt\\\/#website\",\"url\":\"https:\\\/\\\/monatglobal.com\\\/lt\\\/\",\"name\":\"MONAT Lithuania\",\"inLanguage\":\"lt-LT\",\"publisher\":{\"@id\":\"https:\\\/\\\/monatglobal.com\\\/lt\\\/#organization\"}}]}\n\t\t<\/script>\n\t\t<!-- All in One SEO Pro -->\r\n\t\t<title>\u201eMONAT JUNIOR\u2122\u201c \u0160VELNUS KONDICIONIERIUS - MONAT Lithuania<\/title>\n\n","aioseo_head_json":{"title":"\u201eMONAT JUNIOR\u2122\u201c \u0160VELNUS KONDICIONIERIUS - MONAT Lithuania","description":"-->","canonical_url":"https:\/\/monatglobal.com\/lt\/monat-junior-gentle-conditioner\/","robots":"max-image-preview:large","keywords":"","webmasterTools":{"miscellaneous":""},"schema":{"@context":"https:\/\/schema.org","@graph":[{"@type":"BreadcrumbList","@id":"https:\/\/monatglobal.com\/lt\/monat-junior-gentle-conditioner\/#breadcrumblist","itemListElement":[{"@type":"ListItem","@id":"https:\/\/monatglobal.com\/lt#listItem","position":1,"name":"Home","item":"https:\/\/monatglobal.com\/lt","nextItem":{"@type":"ListItem","@id":"https:\/\/monatglobal.com\/lt\/monat-junior-gentle-conditioner\/#listItem","name":"\u201eMONAT JUNIOR\u2122\u201c \u0160VELNUS KONDICIONIERIUS"}},{"@type":"ListItem","@id":"https:\/\/monatglobal.com\/lt\/monat-junior-gentle-conditioner\/#listItem","position":2,"name":"\u201eMONAT JUNIOR\u2122\u201c \u0160VELNUS KONDICIONIERIUS","previousItem":{"@type":"ListItem","@id":"https:\/\/monatglobal.com\/lt#listItem","name":"Home"}}]},{"@type":"Organization","@id":"https:\/\/monatglobal.com\/lt\/#organization","name":"MONAT Lithuania","url":"https:\/\/monatglobal.com\/lt\/"},{"@type":"WebPage","@id":"https:\/\/monatglobal.com\/lt\/monat-junior-gentle-conditioner\/#webpage","url":"https:\/\/monatglobal.com\/lt\/monat-junior-gentle-conditioner\/","name":"\u201eMONAT JUNIOR\u2122\u201c \u0160VELNUS KONDICIONIERIUS - MONAT Lithuania","description":"-->","inLanguage":"lt-LT","isPartOf":{"@id":"https:\/\/monatglobal.com\/lt\/#website"},"breadcrumb":{"@id":"https:\/\/monatglobal.com\/lt\/monat-junior-gentle-conditioner\/#breadcrumblist"},"image":{"@type":"ImageObject","url":"https:\/\/monatglobal.com\/lt\/wp-content\/uploads\/sites\/11\/2022\/02\/MONAT-JUNIOR-Gentle-Conditioner-ecomm.png","@id":"https:\/\/monatglobal.com\/lt\/monat-junior-gentle-conditioner\/#mainImage","width":641,"height":800},"primaryImageOfPage":{"@id":"https:\/\/monatglobal.com\/lt\/monat-junior-gentle-conditioner\/#mainImage"},"datePublished":"2022-02-28T09:00:04+00:00","dateModified":"2026-02-20T16:54:23+00:00"},{"@type":"WebSite","@id":"https:\/\/monatglobal.com\/lt\/#website","url":"https:\/\/monatglobal.com\/lt\/","name":"MONAT Lithuania","inLanguage":"lt-LT","publisher":{"@id":"https:\/\/monatglobal.com\/lt\/#organization"}}]},"og:locale":"lt_LT","og:site_name":"MONAT Lithuania -","og:type":"article","og:title":"\u201eMONAT JUNIOR\u2122\u201c \u0160VELNUS KONDICIONIERIUS - MONAT Lithuania","og:description":"--&gt;","og:url":"https:\/\/monatglobal.com\/lt\/monat-junior-gentle-conditioner\/","article:published_time":"2022-02-28T09:00:04+00:00","article:modified_time":"2026-02-20T16:54:23+00:00","twitter:card":"summary_large_image","twitter:title":"\u201eMONAT JUNIOR\u2122\u201c \u0160VELNUS KONDICIONIERIUS - MONAT Lithuania","twitter:description":"--&gt;"},"aioseo_meta_data":{"post_id":"68008","title":null,"description":null,"keywords":null,"keyphrases":{"focus":{"keyphrase":"","score":0,"analysis":{"keyphraseInTitle":{"score":0,"maxScore":9,"error":1}}},"additional":[]},"primary_term":null,"canonical_url":null,"og_title":null,"og_description":null,"og_object_type":"default","og_image_type":"default","og_image_url":null,"og_image_width":null,"og_image_height":null,"og_image_custom_url":null,"og_image_custom_fields":null,"og_video":"","og_custom_url":null,"og_article_section":null,"og_article_tags":null,"twitter_use_og":false,"twitter_card":"default","twitter_image_type":"default","twitter_image_url":null,"twitter_image_custom_url":null,"twitter_image_custom_fields":null,"twitter_title":null,"twitter_description":null,"schema":{"blockGraphs":[],"customGraphs":[],"default":{"data":{"Article":[],"Course":[],"Dataset":[],"FAQPage":[],"Movie":[],"Person":[],"Product":[],"ProductReview":[],"Car":[],"Recipe":[],"Service":[],"SoftwareApplication":[],"WebPage":[]},"graphName":"WebPage","isEnabled":true},"graphs":[]},"schema_type":"default","schema_type_options":null,"pillar_content":false,"robots_default":true,"robots_noindex":false,"robots_noarchive":false,"robots_nosnippet":false,"robots_nofollow":false,"robots_noimageindex":false,"robots_noodp":false,"robots_notranslate":false,"robots_max_snippet":"-1","robots_max_videopreview":"-1","robots_max_imagepreview":"large","priority":null,"frequency":"default","local_seo":null,"seo_analyzer_scan_date":"2026-02-20 16:58:37","breadcrumb_settings":null,"limit_modified_date":false,"reviewed_by":"0","open_ai":null,"ai":{"faqs":[],"keyPoints":[],"titles":[],"descriptions":[],"socialPosts":{"email":[],"linkedin":[],"twitter":[],"facebook":[],"instagram":[]}},"created":"2023-07-26 19:20:15","updated":"2026-02-20 17:05:54"},"aioseo_breadcrumb":"<div class=\"aioseo-breadcrumbs\"><span class=\"aioseo-breadcrumb\">\n\t<a href=\"https:\/\/monatglobal.com\/lt\" title=\"Home\">Home<\/a>\n<\/span><span class=\"aioseo-breadcrumb-separator\">&raquo;<\/span><span class=\"aioseo-breadcrumb\">\n\t\u201eMONAT JUNIOR\u2122\u201c \u0160VELNUS KONDICIONIERIUS\n<\/span><\/div>","aioseo_breadcrumb_json":[{"label":"Home","link":"https:\/\/monatglobal.com\/lt"},{"label":"\u201eMONAT JUNIOR\u2122\u201c \u0160VELNUS KONDICIONIERIUS","link":"https:\/\/monatglobal.com\/lt\/monat-junior-gentle-conditioner\/"}],"_links":{"self":[{"href":"https:\/\/monatglobal.com\/lt\/wp-json\/wp\/v2\/pages\/68008","targetHints":{"allow":["GET"]}}],"collection":[{"href":"https:\/\/monatglobal.com\/lt\/wp-json\/wp\/v2\/pages"}],"about":[{"href":"https:\/\/monatglobal.com\/lt\/wp-json\/wp\/v2\/types\/page"}],"author":[{"embeddable":true,"href":"https:\/\/monatglobal.com\/lt\/wp-json\/wp\/v2\/users\/31"}],"replies":[{"embeddable":true,"href":"https:\/\/monatglobal.com\/lt\/wp-json\/wp\/v2\/comments?post=68008"}],"version-history":[{"count":19,"href":"https:\/\/monatglobal.com\/lt\/wp-json\/wp\/v2\/pages\/68008\/revisions"}],"predecessor-version":[{"id":109183,"href":"https:\/\/monatglobal.com\/lt\/wp-json\/wp\/v2\/pages\/68008\/revisions\/109183"}],"wp:featuredmedia":[{"embeddable":true,"href":"https:\/\/monatglobal.com\/lt\/wp-json\/wp\/v2\/media\/69513"}],"wp:attachment":[{"href":"https:\/\/monatglobal.com\/lt\/wp-json\/wp\/v2\/media?parent=68008"}],"wp:term":[{"taxonomy":"category","embeddable":true,"href":"https:\/\/monatglobal.com\/lt\/wp-json\/wp\/v2\/categories?post=68008"},{"taxonomy":"post_tag","embeddable":true,"href":"https:\/\/monatglobal.com\/lt\/wp-json\/wp\/v2\/tags?post=68008"}],"curies":[{"name":"wp","href":"https:\/\/api.w.org\/{rel}","templated":true}]}}