{"id":67941,"date":"2022-02-28T09:00:41","date_gmt":"2022-02-28T09:00:41","guid":{"rendered":"https:\/\/monatglobal.com\/lt\/?page_id=67941"},"modified":"2026-02-20T17:01:23","modified_gmt":"2026-02-20T17:01:23","slug":"monat-junior-gentle-shampoo","status":"publish","type":"page","link":"https:\/\/monatglobal.com\/lt\/monat-junior-gentle-shampoo\/","title":{"rendered":"\u201eMONAT JUNIOR\u2122\u201c \u0160VELNUS \u0160AMP\u016aNAS"},"content":{"rendered":"\n<link rel=\"stylesheet\" href=\"https:\/\/unpkg.com\/swiper\/swiper-bundle.min.css\">\n<link rel=\"stylesheet\" href=\"https:\/\/monatglobal.com\/wp-content\/creative_css\/product_styles_sheet.css\">\n   <!--==================================================== ECOMM SECTION ====================================================-->\n      <!--==================================================== Ecomm image ====================================================-->\n      <img decoding=\"async\" src=\"https:\/\/monatglobal.com\/wp-content\/uploads\/2021\/10\/MONAT-JUNIOR-Gentle-Shampoo-ecomm.png\" alt=\"MONAT JUNIOR\u2122 \u0160VELNUS \u0160AMP\u016aNAS\" loading=\"lazy\">\n      <!--==================================================== Ecomm information  ====================================================-->\n         <p>\u201eMONAT JUNIOR\u2122&#8221; <\/p>\n         <h1>\u0160velnus <br>\u0161amp\u016bnas<\/h1>\n         \n         <p>Lai maudyn\u0117s v\u0117l tampa&nbsp;smagios!<\/p>\n         <p>237 ml \u212e 8 fl. oz.<\/p>\n         <!--==================================================== pricing box ====================================================--> \n         <p>Ma\u017emenin\u0117 kaina<br>00.00 \u20ac<\/p>\n         <p>VIP kliento kaina<br>00.00 \u20ac<\/p>\n        <!--==================================================== pricing box ====================================================--> \n         Nor\u0117dami su\u017einoti daugiau apie \n            \u201eMONAT Junior\u2122&#8221; \u0161veln\u0173 \u0161amp\u016bn\u0105, susisiekite su savo \u201eMONAT Market&nbsp;Partner&#8221;.\n          <a href=\"\" target=\"_blank\" role=\"button\" aria-label=\"\" rel=\"noopener\"><\/a>\n   <!--==================================================== \/ECOMM SECTION  ====================================================-->\n   <!--==================================================== Benefits image ====================================================-->\n   \n      <source media=\"(max-width: 700px)\" srcset=\"https:\/\/monatglobal.com\/wp-content\/uploads\/2021\/10\/MONAT-JUNIOR-Gentle-Shampoo-benefits-mobile.jpg\" loading=\"lazy\">\n      <img decoding=\"async\" alt=\"\" src=\"https:\/\/monatglobal.com\/wp-content\/uploads\/2021\/10\/MONAT-JUNIOR-Gentle-Shampoo-benefits.jpg\" loading=\"lazy\">\n   \n   <!--==================================================== Benefits text ====================================================-->\n         <h2>NAUDOS<\/h2>\n         <h3>\u0160velnus ir nedirginantis \u0161amp\u016bnas, skirtas i\u0161plauti vaik\u0173 plaukus j\u0173&nbsp;nei\u0161sausinant.<\/h3>\n         Puikiai tinka aktyviems vaikams, m\u0117gstantiems \u017eaisti lauke! \u201eMONAT Junior\u2122&#8221; \u0161velnaus \u0161amp\u016bno formul\u0117 sukurta \n         specialiai vaikams, tod\u0117l yra saugi, \u0161velni ir nesukelia a\u0161arojimo. Ji patikrinta dermatolog\u0173 ir&nbsp;oftalmolog\u0173.\n         <!--==================================================== features image  ====================================================-->\n         <img decoding=\"async\" alt=\"\" src=\"https:\/\/monatglobal.com\/wp-content\/uploads\/2021\/10\/MONAT-JUNIOR-Gentle-Shampoo-features.jpg\" loading=\"lazy\">\n      <!--==================================================== features text ====================================================-->\n            <h3>I\u0161 karto:<\/h3>\n               <p>\/ Saugi ir \u0161velni formul\u0117 sukurta&nbsp;vaikams<\/p>\n               <p>\/ Nesukelia a\u0161arojimo <\/p>\n               <p>\/ Nor\u0117dami geriausi\u0173 rezultat\u0173, po \u0161amp\u016bno naudokite \u201eMONAT Junior\u2122&#8221; \u0161veln\u0173&nbsp;kondicionieri\u0173<\/p>\n               <br>\n            <p>Fragrance \/ Peony and Pink Pepper<\/p>\n            <p> Texture \/ Lightweight Gel<\/p>\n   <!--==================================================== composition image mobile ====================================================-->\n   <img decoding=\"async\" alt=\"\" src=\"https:\/\/monatglobal.com\/wp-content\/uploads\/2021\/10\/MONAT-JUNIOR-Gentle-Shampoo-composition1.jpg\" loading=\"lazy\">\n   <!--==================================================== Why it works text ====================================================-->\n      <h2>Ilgakasis li\u016btas privers j\u016bs\u0173 vaikus riaumoti i\u0161&nbsp;juoko<\/h2>\n      <h3>Paverskite maudynes smagiomis (o dar svarbiau &#8211; saugiomis) naudodami m\u016bs\u0173 \u0161veln\u0173 ir nedirginant\u012f&nbsp;\u0161amp\u016bn\u0105.<\/h3>\n      Puikiai tinka aktyviems vaikams, kurie m\u0117gsta \u017eaisti lauke &#8211; \u0161amp\u016bnas visi\u0161kai i\u0161plaus j\u0173 kar\u010dius j\u0173 \n      nei\u0161sausindamas. Kartu naudojant m\u016bs\u0173 dr\u0117kinam\u0105j\u012f \u201eMONAT Junior\u2122&#8221; \u0161veln\u0173 kondicionieri\u0173 j\u016bs\u0173 ma\u017eylio plaukai\n      bus glotn\u016bs ir&nbsp;\u017evilgantys.\n<!--==================================================== Composition section ====================================================-->\n      <img decoding=\"async\" alt=\"\" src=\"https:\/\/monatglobal.com\/wp-content\/uploads\/2021\/10\/MONAT-JUNIOR-Gentle-Shampoo-composition1.jpg\" loading=\"lazy\">\n      <img decoding=\"async\" alt=\"\" src=\"https:\/\/monatglobal.com\/wp-content\/uploads\/2021\/10\/MONAT-JUNIOR-Gentle-Shampoo-composition3.jpg\" loading=\"lazy\">\n            <!--==================================================== Directions text ====================================================--> \n               <h3>Naudojimas<\/h3>\n               <p>\/ Prad\u0117kite su nedideliu \u0161amp\u016bno&nbsp;kiekiu.<\/p>\n               <p>\/ Patrinkite delnus, kad priemon\u0117&nbsp;suputot\u0173.<\/p>\n               <p>\/ \u012emasa\u017euokite \u0161amp\u016bn\u0105 \u012f \u0161lapius plaukus prad\u0117dami nuo \u0161akn\u0173 ir jud\u0117dami link galiuk\u0173, o tada kruop\u0161\u010diai&nbsp;i\u0161skalaukite.<\/p>\n               <p>\/ Po to naudokite \u201eMONAT Junior\u2122&#8221; \u0161veln\u0173&nbsp;kondicionieri\u0173.<\/p>\n            <!--==================================================== Directions video ====================================================-->\n      <p>&gt;MONAT Junior\u2122 <br>Gentle Shampoo<br>1:34<\/p>\n      <a href=\"\" target=\"_blank\" role=\"button\" aria-label=\"\" rel=\"noopener\"><\/a>\n   <!--==================================================== Ingredients section  ====================================================-->\n      <h2>PAGRINDIN\u0116S SUDEDAMOSIOS DALYS<\/h2>\n               <p>\u201eSugaNate 160 NC&#8221;<\/p>\n        <button id=\"myBtn\" type=\"button\">SUDEDAM\u0172J\u0172 DALI\u0172 S\u0104RA\u0160AS<\/button>\n      <!--==================================================== Modal content  ====================================================-->\n         \u00d7\n         <p>Aqua\/Water\/Eau, Sodium Laurylglucosides Hydroxypropylsulfonate, Cocamidopropyl Hydroxysultaine, Sodium Chloride, Sodium Methyl Cocoyl Taurate, Sodium Bis-Hydroxyethylglycinate Coco-Glucosides Crosspolymer, Cocamidopropyl PG-Dimonium Chloride Phosphate, Glycerin, Coconut Acid, Cocamidopropyl Dimethylamine, Tetrasodium EDTA, Sodium Stearoyl Lactylate, Fragrance\/Parfum, Sodium Benzoate, Potassium Sorbate, Citric Acid, Linalool, Amyl Cinnamal.<\/p>\n         <!--Water, Sodium Laurylglucosides Hydroxypropylsulfonate, Cocamidopropyl Hydroxysultaine, Sodium Methyl Cocoyl \n         Taurate, Sodium Bis-Hydroxyethylglycinate Coco-Glucosides Crosspolymer, Cocamidopropyl PG-Dimonium Chloride Phosphate, \n         Caprylyl\/Capryl Glucoside, Sodium Stearoyl Lactylate, Sodium Cocoyl Glutamate, Polyglyceryl-5 Oleate, Glyceryl Caprylate, \n         Citric Acid, Fragrance, Sodium Benzoate, Potassium Sorbate.-->\n   <!--==================================================== You might also like section ====================================================-->\n      <h2>JUMS TAIP PAT GALI PATIKTI<\/h2>\n      <!--==================================================== Slider YOU MIGHT ALSO LIKE ====================================================-->\n      <!---->\n      <!--   -->\n            <!--==================================================== Slides products ====================================================-->\n      <!--      -->\n      <!--         <a href=\"\/lt\/monat-junior-gentle-conditioner\/\" aria-label=\"Go to MONAT JUNIOR\u2122 \u0160velnus kondicionierius page\">-->\n      <!--            <img decoding=\"async\" src=\"https:\/\/monatglobal.com\/wp-content\/uploads\/2022\/12\/MONAT-JUNIOR-Gentle-Conditioner-E_comm-min.png\" alt=\"\u201eMONAT JUNIOR\u2122\" \u0160velnus kondicionierius\" loading=\"lazy\"\/>-->\n      <!--            <p>\u201eMONAT JUNIOR\u2122\" <br \/>\u0160velnus kondicionierius<\/p>-->\n      <!--         <\/a>-->\n      <!--      -->\n      <!--      -->\n      <!--         <a href=\"\/lt\/monat-junior-gentle-detangler\/\" aria-label=\"Go to MONAT JUNIOR\u2122 \u0160velnus pur\u0161kiklis nepaklusniems plaukams page\">-->\n      <!--            <img decoding=\"async\" src=\"https:\/\/monatglobal.com\/wp-content\/uploads\/2022\/12\/Monat-Junior-Detangler_Ecomm-min.png\" alt=\"MONAT JUNIOR\u2122 \u0160velnus pur\u0161kiklis nepaklusniems plaukams\" loading=\"lazy\"\/>-->\n      <!--            <p>\u201eMONAT JUNIOR\u2122\" <br \/>\u0160velnus pur\u0161kiklis <br \/>nepaklusniems plaukams<\/p>-->\n      <!--         <\/a>-->\n      <!--      -->\n      <!--   -->\n         <!--==================================================== If we need navigation buttons  ====================================================-->\n      <!--   -->\n      <!--   -->\n         <!--==================================================== If we need paginations  ====================================================-->\n      <!--   -->\n      <!---->\n         <!--==================================================== If we need navigation buttons  ====================================================-->\n         <!--==================================================== If we need paginations  ====================================================-->\n    <a href=\"\" aria-label=\"\"><\/a>\n<!--==================================================== this link has to go last for it to work   ====================================================-->\n","protected":false},"excerpt":{"rendered":"<p>\u201eMONAT JUNIOR\u2122&#8221; \u0160velnus \u0161amp\u016bnas Lai maudyn\u0117s v\u0117l tampa&nbsp;smagios! 237 ml \u212e 8 fl. oz. Ma\u017emenin\u0117 kaina00.00 \u20ac VIP kliento kaina00.00 \u20ac Nor\u0117dami su\u017einoti daugiau apie \u201eMONAT Junior\u2122&#8221; \u0161veln\u0173 \u0161amp\u016bn\u0105, susisiekite su savo \u201eMONAT Market&nbsp;Partner&#8221;. NAUDOS \u0160velnus ir nedirginantis \u0161amp\u016bnas, skirtas i\u0161plauti vaik\u0173 plaukus j\u0173&nbsp;nei\u0161sausinant. Puikiai tinka aktyviems vaikams, m\u0117gstantiems \u017eaisti lauke! \u201eMONAT Junior\u2122&#8221; \u0161velnaus \u0161amp\u016bno&hellip;<\/p>\n","protected":false},"author":31,"featured_media":69515,"parent":0,"menu_order":0,"comment_status":"closed","ping_status":"closed","template":"","meta":{"inline_featured_image":false,"om_disable_all_campaigns":false,"_monsterinsights_skip_tracking":false,"_monsterinsights_sitenote_active":false,"_monsterinsights_sitenote_note":"","_monsterinsights_sitenote_category":0,"footnotes":""},"categories":[32],"tags":[],"class_list":["post-67941","page","type-page","status-publish","has-post-thumbnail","hentry","category-product-lt"],"aioseo_notices":[],"aioseo_head":"\n\t\t<!-- All in One SEO Pro 4.9.6 - aioseo.com -->\n\t<meta name=\"description\" content=\"--&gt;\" \/>\n\t<meta name=\"robots\" content=\"max-image-preview:large\" \/>\n\t<link rel=\"canonical\" href=\"https:\/\/monatglobal.com\/lt\/monat-junior-gentle-shampoo\/\" \/>\n\t<meta name=\"generator\" content=\"All in One SEO Pro (AIOSEO) 4.9.6\" \/>\n\t\t<meta property=\"og:locale\" content=\"lt_LT\" \/>\n\t\t<meta property=\"og:site_name\" content=\"MONAT Lithuania -\" \/>\n\t\t<meta property=\"og:type\" content=\"article\" \/>\n\t\t<meta property=\"og:title\" content=\"\u201eMONAT JUNIOR\u2122\u201c \u0160VELNUS \u0160AMP\u016aNAS - MONAT Lithuania\" \/>\n\t\t<meta property=\"og:description\" content=\"--&gt;\" \/>\n\t\t<meta property=\"og:url\" content=\"https:\/\/monatglobal.com\/lt\/monat-junior-gentle-shampoo\/\" \/>\n\t\t<meta property=\"article:published_time\" content=\"2022-02-28T09:00:41+00:00\" \/>\n\t\t<meta property=\"article:modified_time\" content=\"2026-02-20T17:01:23+00:00\" \/>\n\t\t<meta name=\"twitter:card\" content=\"summary_large_image\" \/>\n\t\t<meta name=\"twitter:title\" content=\"\u201eMONAT JUNIOR\u2122\u201c \u0160VELNUS \u0160AMP\u016aNAS - MONAT Lithuania\" \/>\n\t\t<meta name=\"twitter:description\" content=\"--&gt;\" \/>\n\t\t<script type=\"application\/ld+json\" class=\"aioseo-schema\">\n\t\t\t{\"@context\":\"https:\\\/\\\/schema.org\",\"@graph\":[{\"@type\":\"BreadcrumbList\",\"@id\":\"https:\\\/\\\/monatglobal.com\\\/lt\\\/monat-junior-gentle-shampoo\\\/#breadcrumblist\",\"itemListElement\":[{\"@type\":\"ListItem\",\"@id\":\"https:\\\/\\\/monatglobal.com\\\/lt#listItem\",\"position\":1,\"name\":\"Home\",\"item\":\"https:\\\/\\\/monatglobal.com\\\/lt\",\"nextItem\":{\"@type\":\"ListItem\",\"@id\":\"https:\\\/\\\/monatglobal.com\\\/lt\\\/monat-junior-gentle-shampoo\\\/#listItem\",\"name\":\"\\u201eMONAT JUNIOR\\u2122\\u201c \\u0160VELNUS \\u0160AMP\\u016aNAS\"}},{\"@type\":\"ListItem\",\"@id\":\"https:\\\/\\\/monatglobal.com\\\/lt\\\/monat-junior-gentle-shampoo\\\/#listItem\",\"position\":2,\"name\":\"\\u201eMONAT JUNIOR\\u2122\\u201c \\u0160VELNUS \\u0160AMP\\u016aNAS\",\"previousItem\":{\"@type\":\"ListItem\",\"@id\":\"https:\\\/\\\/monatglobal.com\\\/lt#listItem\",\"name\":\"Home\"}}]},{\"@type\":\"Organization\",\"@id\":\"https:\\\/\\\/monatglobal.com\\\/lt\\\/#organization\",\"name\":\"MONAT Lithuania\",\"url\":\"https:\\\/\\\/monatglobal.com\\\/lt\\\/\"},{\"@type\":\"WebPage\",\"@id\":\"https:\\\/\\\/monatglobal.com\\\/lt\\\/monat-junior-gentle-shampoo\\\/#webpage\",\"url\":\"https:\\\/\\\/monatglobal.com\\\/lt\\\/monat-junior-gentle-shampoo\\\/\",\"name\":\"\\u201eMONAT JUNIOR\\u2122\\u201c \\u0160VELNUS \\u0160AMP\\u016aNAS - MONAT Lithuania\",\"description\":\"-->\",\"inLanguage\":\"lt-LT\",\"isPartOf\":{\"@id\":\"https:\\\/\\\/monatglobal.com\\\/lt\\\/#website\"},\"breadcrumb\":{\"@id\":\"https:\\\/\\\/monatglobal.com\\\/lt\\\/monat-junior-gentle-shampoo\\\/#breadcrumblist\"},\"image\":{\"@type\":\"ImageObject\",\"url\":\"https:\\\/\\\/monatglobal.com\\\/lt\\\/wp-content\\\/uploads\\\/sites\\\/11\\\/2022\\\/02\\\/MONAT-JUNIOR-Gentle-Shampoo-ecomm.png\",\"@id\":\"https:\\\/\\\/monatglobal.com\\\/lt\\\/monat-junior-gentle-shampoo\\\/#mainImage\",\"width\":641,\"height\":800},\"primaryImageOfPage\":{\"@id\":\"https:\\\/\\\/monatglobal.com\\\/lt\\\/monat-junior-gentle-shampoo\\\/#mainImage\"},\"datePublished\":\"2022-02-28T09:00:41+00:00\",\"dateModified\":\"2026-02-20T17:01:23+00:00\"},{\"@type\":\"WebSite\",\"@id\":\"https:\\\/\\\/monatglobal.com\\\/lt\\\/#website\",\"url\":\"https:\\\/\\\/monatglobal.com\\\/lt\\\/\",\"name\":\"MONAT Lithuania\",\"inLanguage\":\"lt-LT\",\"publisher\":{\"@id\":\"https:\\\/\\\/monatglobal.com\\\/lt\\\/#organization\"}}]}\n\t\t<\/script>\n\t\t<!-- All in One SEO Pro -->\r\n\t\t<title>\u201eMONAT JUNIOR\u2122\u201c \u0160VELNUS \u0160AMP\u016aNAS - MONAT Lithuania<\/title>\n\n","aioseo_head_json":{"title":"\u201eMONAT JUNIOR\u2122\u201c \u0160VELNUS \u0160AMP\u016aNAS - MONAT Lithuania","description":"-->","canonical_url":"https:\/\/monatglobal.com\/lt\/monat-junior-gentle-shampoo\/","robots":"max-image-preview:large","keywords":"","webmasterTools":{"miscellaneous":""},"schema":{"@context":"https:\/\/schema.org","@graph":[{"@type":"BreadcrumbList","@id":"https:\/\/monatglobal.com\/lt\/monat-junior-gentle-shampoo\/#breadcrumblist","itemListElement":[{"@type":"ListItem","@id":"https:\/\/monatglobal.com\/lt#listItem","position":1,"name":"Home","item":"https:\/\/monatglobal.com\/lt","nextItem":{"@type":"ListItem","@id":"https:\/\/monatglobal.com\/lt\/monat-junior-gentle-shampoo\/#listItem","name":"\u201eMONAT JUNIOR\u2122\u201c \u0160VELNUS \u0160AMP\u016aNAS"}},{"@type":"ListItem","@id":"https:\/\/monatglobal.com\/lt\/monat-junior-gentle-shampoo\/#listItem","position":2,"name":"\u201eMONAT JUNIOR\u2122\u201c \u0160VELNUS \u0160AMP\u016aNAS","previousItem":{"@type":"ListItem","@id":"https:\/\/monatglobal.com\/lt#listItem","name":"Home"}}]},{"@type":"Organization","@id":"https:\/\/monatglobal.com\/lt\/#organization","name":"MONAT Lithuania","url":"https:\/\/monatglobal.com\/lt\/"},{"@type":"WebPage","@id":"https:\/\/monatglobal.com\/lt\/monat-junior-gentle-shampoo\/#webpage","url":"https:\/\/monatglobal.com\/lt\/monat-junior-gentle-shampoo\/","name":"\u201eMONAT JUNIOR\u2122\u201c \u0160VELNUS \u0160AMP\u016aNAS - MONAT Lithuania","description":"-->","inLanguage":"lt-LT","isPartOf":{"@id":"https:\/\/monatglobal.com\/lt\/#website"},"breadcrumb":{"@id":"https:\/\/monatglobal.com\/lt\/monat-junior-gentle-shampoo\/#breadcrumblist"},"image":{"@type":"ImageObject","url":"https:\/\/monatglobal.com\/lt\/wp-content\/uploads\/sites\/11\/2022\/02\/MONAT-JUNIOR-Gentle-Shampoo-ecomm.png","@id":"https:\/\/monatglobal.com\/lt\/monat-junior-gentle-shampoo\/#mainImage","width":641,"height":800},"primaryImageOfPage":{"@id":"https:\/\/monatglobal.com\/lt\/monat-junior-gentle-shampoo\/#mainImage"},"datePublished":"2022-02-28T09:00:41+00:00","dateModified":"2026-02-20T17:01:23+00:00"},{"@type":"WebSite","@id":"https:\/\/monatglobal.com\/lt\/#website","url":"https:\/\/monatglobal.com\/lt\/","name":"MONAT Lithuania","inLanguage":"lt-LT","publisher":{"@id":"https:\/\/monatglobal.com\/lt\/#organization"}}]},"og:locale":"lt_LT","og:site_name":"MONAT Lithuania -","og:type":"article","og:title":"\u201eMONAT JUNIOR\u2122\u201c \u0160VELNUS \u0160AMP\u016aNAS - MONAT Lithuania","og:description":"--&gt;","og:url":"https:\/\/monatglobal.com\/lt\/monat-junior-gentle-shampoo\/","article:published_time":"2022-02-28T09:00:41+00:00","article:modified_time":"2026-02-20T17:01:23+00:00","twitter:card":"summary_large_image","twitter:title":"\u201eMONAT JUNIOR\u2122\u201c \u0160VELNUS \u0160AMP\u016aNAS - MONAT Lithuania","twitter:description":"--&gt;"},"aioseo_meta_data":{"post_id":"67941","title":null,"description":null,"keywords":null,"keyphrases":{"focus":{"keyphrase":"","score":0,"analysis":{"keyphraseInTitle":{"score":0,"maxScore":9,"error":1}}},"additional":[]},"primary_term":null,"canonical_url":null,"og_title":null,"og_description":null,"og_object_type":"default","og_image_type":"default","og_image_url":null,"og_image_width":null,"og_image_height":null,"og_image_custom_url":null,"og_image_custom_fields":null,"og_video":"","og_custom_url":null,"og_article_section":null,"og_article_tags":null,"twitter_use_og":false,"twitter_card":"default","twitter_image_type":"default","twitter_image_url":null,"twitter_image_custom_url":null,"twitter_image_custom_fields":null,"twitter_title":null,"twitter_description":null,"schema":{"blockGraphs":[],"customGraphs":[],"default":{"data":{"Article":[],"Course":[],"Dataset":[],"FAQPage":[],"Movie":[],"Person":[],"Product":[],"ProductReview":[],"Car":[],"Recipe":[],"Service":[],"SoftwareApplication":[],"WebPage":[]},"graphName":"WebPage","isEnabled":true},"graphs":[]},"schema_type":"default","schema_type_options":null,"pillar_content":false,"robots_default":true,"robots_noindex":false,"robots_noarchive":false,"robots_nosnippet":false,"robots_nofollow":false,"robots_noimageindex":false,"robots_noodp":false,"robots_notranslate":false,"robots_max_snippet":"-1","robots_max_videopreview":"-1","robots_max_imagepreview":"large","priority":null,"frequency":"default","local_seo":null,"seo_analyzer_scan_date":"2026-02-20 17:15:00","breadcrumb_settings":null,"limit_modified_date":false,"reviewed_by":"0","open_ai":null,"ai":{"faqs":[],"keyPoints":[],"titles":[],"descriptions":[],"socialPosts":{"email":[],"linkedin":[],"twitter":[],"facebook":[],"instagram":[]}},"created":"2023-07-26 19:20:15","updated":"2026-02-20 17:15:00"},"aioseo_breadcrumb":"<div class=\"aioseo-breadcrumbs\"><span class=\"aioseo-breadcrumb\">\n\t<a href=\"https:\/\/monatglobal.com\/lt\" title=\"Home\">Home<\/a>\n<\/span><span class=\"aioseo-breadcrumb-separator\">&raquo;<\/span><span class=\"aioseo-breadcrumb\">\n\t\u201eMONAT JUNIOR\u2122\u201c \u0160VELNUS \u0160AMP\u016aNAS\n<\/span><\/div>","aioseo_breadcrumb_json":[{"label":"Home","link":"https:\/\/monatglobal.com\/lt"},{"label":"\u201eMONAT JUNIOR\u2122\u201c \u0160VELNUS \u0160AMP\u016aNAS","link":"https:\/\/monatglobal.com\/lt\/monat-junior-gentle-shampoo\/"}],"_links":{"self":[{"href":"https:\/\/monatglobal.com\/lt\/wp-json\/wp\/v2\/pages\/67941","targetHints":{"allow":["GET"]}}],"collection":[{"href":"https:\/\/monatglobal.com\/lt\/wp-json\/wp\/v2\/pages"}],"about":[{"href":"https:\/\/monatglobal.com\/lt\/wp-json\/wp\/v2\/types\/page"}],"author":[{"embeddable":true,"href":"https:\/\/monatglobal.com\/lt\/wp-json\/wp\/v2\/users\/31"}],"replies":[{"embeddable":true,"href":"https:\/\/monatglobal.com\/lt\/wp-json\/wp\/v2\/comments?post=67941"}],"version-history":[{"count":21,"href":"https:\/\/monatglobal.com\/lt\/wp-json\/wp\/v2\/pages\/67941\/revisions"}],"predecessor-version":[{"id":109185,"href":"https:\/\/monatglobal.com\/lt\/wp-json\/wp\/v2\/pages\/67941\/revisions\/109185"}],"wp:featuredmedia":[{"embeddable":true,"href":"https:\/\/monatglobal.com\/lt\/wp-json\/wp\/v2\/media\/69515"}],"wp:attachment":[{"href":"https:\/\/monatglobal.com\/lt\/wp-json\/wp\/v2\/media?parent=67941"}],"wp:term":[{"taxonomy":"category","embeddable":true,"href":"https:\/\/monatglobal.com\/lt\/wp-json\/wp\/v2\/categories?post=67941"},{"taxonomy":"post_tag","embeddable":true,"href":"https:\/\/monatglobal.com\/lt\/wp-json\/wp\/v2\/tags?post=67941"}],"curies":[{"name":"wp","href":"https:\/\/api.w.org\/{rel}","templated":true}]}}