{"id":67780,"date":"2022-01-31T17:33:56","date_gmt":"2022-01-31T17:33:56","guid":{"rendered":"https:\/\/monatglobal.com\/lt\/?page_id=67780"},"modified":"2024-02-05T14:25:11","modified_gmt":"2024-02-05T14:25:11","slug":"passport-copy-2","status":"publish","type":"page","link":"https:\/\/monatglobal.com\/lt\/passport-copy-2\/","title":{"rendered":"Passport 2023"},"content":{"rendered":"\n<section id=\"bannerSec\">\n        <h1>\u201eMONAT&#8221;geid\u017eiamiausia vieta!<\/h1>\n        2023 m. spalio 16-19 d.\n        <p>\u201eGrand Hyatt Baha Mar&#8221;<br>NASSAU, BAHAMAS<\/p>\n    <img decoding=\"async\" src=\"https:\/\/monatglobal.com\/wp-content\/uploads\/2023\/02\/blue-palm-1.svg\" alt=\" silhouette of a tropical blue palm\">\n    <img decoding=\"async\" src=\"https:\/\/monatglobal.com\/wp-content\/uploads\/2023\/02\/light-leaf.png\" alt=\" silhouette of a tropical light leaf\">\n    <img decoding=\"async\" src=\"https:\/\/monatglobal.com\/wp-content\/uploads\/2023\/02\/peach-leave.svg\" alt=\" silhouette of a tropical monstera lead\">\n    <img decoding=\"async\" src=\"https:\/\/monatglobal.com\/wp-content\/uploads\/2023\/02\/light-spots.svg\" alt=\" light spots graphic\">\n<\/section>\n<section id=\"underBannerSec\">\n        <img decoding=\"async\" id=\"PassportLogo\" src=\"https:\/\/monatglobal.com\/wp-content\/uploads\/2023\/02\/passport-2023.svg\" alt=\"Passport Bahamas 2023 logo\">\n        <h2>Turkio spalvos vanduo ir balto sm\u0117lio papl\u016bdimiai. Puik\u016bs patogumai ir prabang\u016bs kambariai. Daugiau nei keturiasde\u0161imt pasaulinio lygio&nbsp;restoran\u0173. <\/h2> \n            <p>Nemokama galimyb\u0117 lankytis naujame \u012fsp\u016bdingame \u201eBaha Bay&#8221; papl\u016bdimio vandens&nbsp;parke!<\/p>\n            <a href=\"https:\/\/bahabay.bahamar.com\/\" target=\"_blank\" rel=\"noopener\">SNor\u0117dami  gauti daugiau informacijos, nar\u0161ykite svetain\u0117je<\/a>\n            <p>Nesibaigian\u010dios linksmyb\u0117s, palaimingas poilsis ir dar daugiau laukia j\u016bs\u0173 Bahamose per \u201ePassport&nbsp;2023&#8243;.<\/p>\n            <p>Tik pa\u017evelkite, kaip smagiai praleidome pra\u0117jusius&nbsp;metus!<\/p>\n<\/section>\n<section id=\"dreamSec\">\n            <h2>Paverskite \u0161i\u0105 svajon\u0119 savo&nbsp;realybe.<\/h2>\n            <p>Griebkite savo pas\u0105 ir pab\u0117kite \u012f viet\u0105, kuriai nereikia jokio&nbsp;filtro. <\/p>\n    <img decoding=\"async\" src=\"https:\/\/monatglobal.com\/wp-content\/uploads\/2023\/02\/flamingo-.svg\" alt=\" flat style pink flamingo graphic\">\n    <img decoding=\"async\" src=\"https:\/\/monatglobal.com\/wp-content\/uploads\/2023\/02\/blue-leaf.svg\" alt=\"silhouette of a tropical blue leaf\">\n<\/section>\n        <h2>Norite u\u017esidirbti maitinim\u0105 per \u201ePassport&#8221;?<\/h2>\n        <p>Spauskite \u010dia, kad su\u017einotum\u0117te informacij\u0105 apie m\u016bs\u0173 smagi\u0105 paskat\u0105 &#8211; u\u017esidirbti maitinim\u0105 \u201eBaha Mar&#8221; vie\u0161nag\u0117s&nbsp;metu!<\/p>\n        <a href=\"https:\/\/mymonat.com\/crm\/resource_library\/r\/12893\/a\/16525\/c\/541?source=attachments\" target=\"_blank\" rel=\"noopener\">DUK<\/a>\n<section id=\"gallerySec\">\n        <img decoding=\"async\" src=\"https:\/\/monatglobal.com\/wp-content\/uploads\/2023\/02\/bikini-hat-pool-woman-min.jpg\" alt=\" famale with  blue hat posing standing in the middle of a pool surounded of palm trees\">\n        <img decoding=\"async\" src=\"https:\/\/monatglobal.com\/wp-content\/uploads\/2023\/02\/hat-beach-women-min.jpg\" alt=\"brunette female wearing beige hat lying on  little rocks floor lifting her feet up\">\n        <img decoding=\"async\" src=\"https:\/\/monatglobal.com\/wp-content\/uploads\/2023\/02\/group-at-the-beach_..jpg\" alt=\" group of women in biking walking and laughing on the beach\">\n        <img decoding=\"async\" src=\"https:\/\/monatglobal.com\/wp-content\/uploads\/2023\/02\/underwated-picture-min.jpg\" alt=\" under water picture of blue sea\">\n    <h2>\n        J\u016bs\u0173 atsidavimas nusipelno<br>\n        \u0160IOS VIETOS!\n    <\/h2>\n        <img decoding=\"async\" src=\"https:\/\/monatglobal.com\/wp-content\/uploads\/2023\/02\/flamingo-pic-min.jpg\" alt=\"pink flamingos in a row on the beach \">\n        <img decoding=\"async\" src=\"https:\/\/monatglobal.com\/wp-content\/uploads\/2023\/02\/group-monat-logo.jpg\" alt=\"group of women posing with a Monat logo in the background\">\n        <img decoding=\"async\" src=\"https:\/\/monatglobal.com\/wp-content\/uploads\/2023\/02\/withe-sand-beach-min.jpg\" alt=\"air view of the beach \">\n            <img decoding=\"async\" src=\"https:\/\/monatglobal.com\/wp-content\/uploads\/2023\/02\/water-park.jpg\" alt=\" picture of four people floating down the warterpark stream\">\n            <img decoding=\"async\" src=\"https:\/\/monatglobal.com\/wp-content\/uploads\/2023\/02\/coconut-cocktail.jpg\" alt=\" picture of a female enjoing a coconut cocktail\">\n<\/section>\n<section id=\"qualificationSec\">\n        <h2>Paskutin\u0117 \u201epassport&#8221;<br>galimyb\u0117 \u0161\u012f&nbsp;rugpj\u016bt\u012f!<\/h2>\n        <p>2023 m. vasario 1 d. &#8211; rugpj\u016b\u010dio 31 d. <br>atitikite pradinius 1 pakopos reikalavimus ir pasimatysime \u201eBaha&nbsp;Mar&#8221;!<\/p><br>\n        <p>Vieta: Dvigubinimas T\u0119siasi!<\/p>\n        <p>Nauji \u201eMarket Partner&#8221;, kurie rugpj\u016b\u010dio 1-31 d. u\u017esiregistruoja su produkto paketu, \u012fskai\u010diuojami DVIGUBAI \u012f asmeninio r\u0117m\u0117jo ir asmeninio grup\u0117s r\u0117m\u0117jo reikalavimus, taikomus tik 1 pakopos&nbsp;kvalifikacijai!&nbsp;*<\/p>\n        \u012e KELION\u0116S KAIN\u0104 NE\u012eSKAI\u010cIUOTI SKRYD\u017dIO BILIETAI TIEMS, KURIE KVALIFIKUOJASI RUGPJ\u016aT\u012e\n\n        <p>*Tai nepad\u0117s jums pasiekti auk\u0161tesn\u0117s pakopos. Jei kvalifikuojat\u0117s rugpj\u016bt\u012f arba naudojat\u0117s Vieta: Dvigubinimas, kad \u012fgytum\u0117te teis\u0119 \u012f \u201ePassport&#8221;, gausite kelion\u0119, ta\u010diau u\u017e skryd\u012f tur\u0117site susimok\u0117ti patys. \u201ePassport&#8221; Bingo kvalifikacija neprat\u0119siama&nbsp;rugpj\u016b\u010diui.<\/p>\n            REIKALAVIMAI\n            APDOVANOJIMAS\n                <p>LYGIS 1<\/p>\n                    <p>ASMENINIS R\u0116M\u0116JAS: 4 MPs, 12 VIPs <\/p>\n                    <p>ASMENIN\u0116S GRUP\u0116S R\u0116M\u0116JAS: 10 MPs, 30 VIPs<\/p>\n                    <p>GRUP\u0116S DYDIS: 50,000 GV<\/p>\n                    <p>MOKAMA PAGAL RANG\u0104 PER PASKUTIN\u012e KVALIFIKACIJOS M\u0116NES\u012e: Mokama pagal rang\u0105 MMB+ liepos&nbsp;m\u0117n.<\/p>\n                <p>KELION\u0116 VIENAM<br>Privatus kambarys + L\u0117ktuvo bilietai vienam asmeniui (Sve\u010dio atsive\u017eti neprivaloma &#8211; sve\u010dio l\u0117ktuvo bilietai&nbsp;ne\u012fskai\u010diuoti.)<\/p>\n                <p>LYGIS 2<\/p>\n                    <p>ASMENINIS R\u0116M\u0116JAS: 6 MPs, 24 VIPs<\/p>\n                    <p>ASMENIN\u0116S GRUP\u0116S R\u0116M\u0116JAS: 30 MPs, 90 VIPs<\/p>\n                    <p>GRUP\u0116S DYDIS: 70,000 GV<\/p>\n                    <p>MOKAMA PAGAL RANG\u0104 PER PASKUTIN\u012e KVALIFIKACIJOS M\u0116NES\u012e: Mokama pagal rang\u0105 AMM+ liepos&nbsp;m\u0117n.<\/p>\n                <p>KELION\u0116 DVIEMS<br>Privatus kambarys + L\u0117ktuvo bilietai dviem&nbsp;asmenims<\/p>\n                <p>LYGIS 3<\/p>\n                    <p>ASMENINIS R\u0116M\u0116JAS: 10 MPs, 36 VIPs<\/p>\n                    <p>ASMENIN\u0116S GRUP\u0116S R\u0116M\u0116JAS: 45 MPs, 140 VIPs<\/p>\n                    <p>GRUP\u0116S DYDIS: 100,000 GV<\/p>\n                    <p>MOKAMA PAGAL RANG\u0104 PER PASKUTIN\u012e KVALIFIKACIJOS M\u0116NES\u012e: Mokama pagal rang\u0105 MM+ liepos&nbsp;m\u0117n.<\/p>\n                <p>KELION\u0116 DVIEMS<br>Pagerintas privatus kambarys + L\u0117ktuvo bilietai dviem&nbsp;asmenims<\/p>\n            <p>Kiekvienoje \u0161alyje taisykl\u0117s gali skirtis.<br>\u201eMarket Partners&#8221; tur\u0117t\u0173 per\u017ei\u016br\u0117ti DUK savo registracijos \u0161alyje, kad su\u017einot\u0173, kokie yra kvalifikaciniai&nbsp;kriterijai<\/p>\n        <p>Kiekvienoje \u0161alyje taisykl\u0117s gali skirtis. \u201eMarket Partners&#8221; tur\u0117t\u0173 per\u017ei\u016br\u0117ti DUK savo registracijos \u0161alyje, kad su\u017einot\u0173, kokie yra kvalifikaciniai&nbsp;kriterijai<\/p>\n    <img decoding=\"async\" src=\"https:\/\/monatglobal.com\/wp-content\/uploads\/2023\/02\/duo-color-leaf.svg\" alt=\" silhouette of a tropical plant\">\n    <img decoding=\"async\" src=\"https:\/\/monatglobal.com\/wp-content\/uploads\/2023\/02\/Turquoise-leaf.svg\" alt=\"silhouette of monstera tropical blue leaf\">\n    <img decoding=\"async\" src=\"https:\/\/monatglobal.com\/wp-content\/uploads\/2023\/02\/blue-spots.svg\" alt=\" light spots graphic\">\n<\/section>\n<section id=\"includedSec\">\n        <h2>KAS \u012eTRAUKTA?<\/h2>\n            <ul>\n                <li>\n                    <p>1<\/p>\n                    <p>3 naktys vie\u0161butyje \u201eGrand Hyatt Baha&nbsp;Mar&#8221;<\/p>\n                <\/li>\n                <li>\n                    <p>2<\/p>\n                    <p>Skrydis \u012f abi puses \u012f Nasau,Bahamus<\/p>\n                <\/li>\n                <li>\n                    <p>3<\/p>\n                    <p>Pus\u0117s dienos mokymai<\/p>\n                <\/li>\n                <li>\n                    <p>4<\/p>\n                    <p>Bendravimas su daugiau nei 1 500 \u201eMarket&nbsp;Partner&#8221;<\/p>\n                <\/li>\n            <\/ul>\n            <ul>\n                <li>\n                    <p>5<\/p>\n                    <p>I\u0161skirtinis pripa\u017einimas<\/p>\n                <\/li>\n                <li>\n                    <p>6<\/p>\n                    <p>Daugiau nei 40 maitinimo viet\u0173<\/p>\n                <\/li> \n                <li>\n                    <p>7<\/p>\n                    <p>Galimyb\u0117 lankytis \u201eBaha Bay&#8221; vandens parke<br>prie vandenyno<\/p>\n                <\/li>\n            <\/ul>\n            <p>Norite u\u017esidirbti maitinim\u0105 per \u201ePassport&#8221;? <\/p>\n            <p><a href=\"https:\/\/mymonat.com\/crm\/resource_library\/r\/541?market=25\" target=\"_blank\" rel=\"noopener\">Spauskite \u010dia,<\/a> kad su\u017einotum\u0117te informacij\u0105 apie m\u016bs\u0173 smagi\u0105 paskat\u0105 &#8211; u\u017esidirbti maitinim\u0105 \u201eBaha Mar&#8221; vie\u0161nag\u0117s&nbsp;metu! <\/p>\n            <a id=\"FAQ_btn\" href=\"https:\/\/mymonat.com\/crm\/resource_library\/r\/12084\/a\/14878\/c\/541?source=attachments\" target=\"_blank\" rel=\"noopener\">DUK<\/a>\n            <a id=\"termsAndC\" href=\"https:\/\/mymonat.com\/uploads\/global\/LS23 Annoucements\/LT_Passaport 2023_Terms and Conditions_020223_v1.pdf\" target=\"_blank\" rel=\"noopener\">\n                Taisykl\u0117s ir s\u0105lygos\n            <\/a>\n        #monatpassport\n    <img decoding=\"async\" src=\"https:\/\/monatglobal.com\/wp-content\/uploads\/2023\/02\/red-palm.svg\" alt=\"silhouette of a tropical branch\">\n    <img decoding=\"async\" src=\"https:\/\/monatglobal.com\/wp-content\/uploads\/2023\/02\/blue-algae-.svg\" alt=\"silhouette of a coral\">\n<\/section>\n","protected":false},"excerpt":{"rendered":"<p>\u201eMONAT&#8221;geid\u017eiamiausia vieta! 2023 m. spalio 16-19 d. \u201eGrand Hyatt Baha Mar&#8221;NASSAU, BAHAMAS Turkio spalvos vanduo ir balto sm\u0117lio papl\u016bdimiai. Puik\u016bs patogumai ir prabang\u016bs kambariai. Daugiau nei keturiasde\u0161imt pasaulinio lygio&nbsp;restoran\u0173. Nemokama galimyb\u0117 lankytis naujame \u012fsp\u016bdingame \u201eBaha Bay&#8221; papl\u016bdimio vandens&nbsp;parke! SNor\u0117dami gauti daugiau informacijos, nar\u0161ykite svetain\u0117je Nesibaigian\u010dios linksmyb\u0117s, palaimingas poilsis ir dar daugiau laukia j\u016bs\u0173 Bahamose per&hellip;<\/p>\n","protected":false},"author":31,"featured_media":76084,"parent":0,"menu_order":0,"comment_status":"closed","ping_status":"closed","template":"","meta":{"inline_featured_image":false,"om_disable_all_campaigns":false,"_monsterinsights_skip_tracking":false,"_monsterinsights_sitenote_active":false,"_monsterinsights_sitenote_note":"","_monsterinsights_sitenote_category":0,"footnotes":""},"categories":[],"tags":[],"class_list":["post-67780","page","type-page","status-publish","has-post-thumbnail","hentry"],"aioseo_notices":[],"aioseo_head":"\n\t\t<!-- All in One SEO Pro 4.9.6 - aioseo.com -->\n\t<meta name=\"description\" content=\"\u201eMONAT&quot;geid\u017eiamiausia vieta! 2023 m. spalio 16-19 d. \u201eGrand Hyatt Baha Mar&quot;NASSAU, BAHAMAS Turkio spalvos vanduo ir balto sm\u0117lio papl\u016bdimiai. Puik\u016bs patogumai ir prabang\u016bs kambariai. Daugiau nei keturiasde\u0161imt pasaulinio lygio restoran\u0173. Nemokama galimyb\u0117 lankytis naujame \u012fsp\u016bdingame \u201eBaha Bay&quot; papl\u016bdimio vandens parke! SNor\u0117dami gauti daugiau informacijos, nar\u0161ykite svetain\u0117je Nesibaigian\u010dios linksmyb\u0117s, palaimingas poilsis ir dar daugiau laukia j\u016bs\u0173 Bahamose per\" \/>\n\t<meta name=\"robots\" content=\"max-image-preview:large\" \/>\n\t<link rel=\"canonical\" href=\"https:\/\/monatglobal.com\/lt\/passport-copy-2\/\" \/>\n\t<meta name=\"generator\" content=\"All in One SEO Pro (AIOSEO) 4.9.6\" \/>\n\t\t<meta property=\"og:locale\" content=\"lt_LT\" \/>\n\t\t<meta property=\"og:site_name\" content=\"MONAT Lithuania -\" \/>\n\t\t<meta property=\"og:type\" content=\"article\" \/>\n\t\t<meta property=\"og:title\" content=\"Passport 2023 - MONAT Lithuania\" \/>\n\t\t<meta property=\"og:description\" content=\"\u201eMONAT&quot;geid\u017eiamiausia vieta! 2023 m. spalio 16-19 d. \u201eGrand Hyatt Baha Mar&quot;NASSAU, BAHAMAS Turkio spalvos vanduo ir balto sm\u0117lio papl\u016bdimiai. Puik\u016bs patogumai ir prabang\u016bs kambariai. Daugiau nei keturiasde\u0161imt pasaulinio lygio restoran\u0173. Nemokama galimyb\u0117 lankytis naujame \u012fsp\u016bdingame \u201eBaha Bay&quot; papl\u016bdimio vandens parke! SNor\u0117dami gauti daugiau informacijos, nar\u0161ykite svetain\u0117je Nesibaigian\u010dios linksmyb\u0117s, palaimingas poilsis ir dar daugiau laukia j\u016bs\u0173 Bahamose per\" \/>\n\t\t<meta property=\"og:url\" content=\"https:\/\/monatglobal.com\/lt\/passport-copy-2\/\" \/>\n\t\t<meta property=\"article:published_time\" content=\"2022-01-31T17:33:56+00:00\" \/>\n\t\t<meta property=\"article:modified_time\" content=\"2024-02-05T14:25:11+00:00\" \/>\n\t\t<meta name=\"twitter:card\" content=\"summary_large_image\" \/>\n\t\t<meta name=\"twitter:title\" content=\"Passport 2023 - MONAT Lithuania\" \/>\n\t\t<meta name=\"twitter:description\" content=\"\u201eMONAT&quot;geid\u017eiamiausia vieta! 2023 m. spalio 16-19 d. \u201eGrand Hyatt Baha Mar&quot;NASSAU, BAHAMAS Turkio spalvos vanduo ir balto sm\u0117lio papl\u016bdimiai. Puik\u016bs patogumai ir prabang\u016bs kambariai. Daugiau nei keturiasde\u0161imt pasaulinio lygio restoran\u0173. Nemokama galimyb\u0117 lankytis naujame \u012fsp\u016bdingame \u201eBaha Bay&quot; papl\u016bdimio vandens parke! SNor\u0117dami gauti daugiau informacijos, nar\u0161ykite svetain\u0117je Nesibaigian\u010dios linksmyb\u0117s, palaimingas poilsis ir dar daugiau laukia j\u016bs\u0173 Bahamose per\" \/>\n\t\t<script type=\"application\/ld+json\" class=\"aioseo-schema\">\n\t\t\t{\"@context\":\"https:\\\/\\\/schema.org\",\"@graph\":[{\"@type\":\"BreadcrumbList\",\"@id\":\"https:\\\/\\\/monatglobal.com\\\/lt\\\/passport-copy-2\\\/#breadcrumblist\",\"itemListElement\":[{\"@type\":\"ListItem\",\"@id\":\"https:\\\/\\\/monatglobal.com\\\/lt#listItem\",\"position\":1,\"name\":\"Home\",\"item\":\"https:\\\/\\\/monatglobal.com\\\/lt\",\"nextItem\":{\"@type\":\"ListItem\",\"@id\":\"https:\\\/\\\/monatglobal.com\\\/lt\\\/passport-copy-2\\\/#listItem\",\"name\":\"Passport 2023\"}},{\"@type\":\"ListItem\",\"@id\":\"https:\\\/\\\/monatglobal.com\\\/lt\\\/passport-copy-2\\\/#listItem\",\"position\":2,\"name\":\"Passport 2023\",\"previousItem\":{\"@type\":\"ListItem\",\"@id\":\"https:\\\/\\\/monatglobal.com\\\/lt#listItem\",\"name\":\"Home\"}}]},{\"@type\":\"Organization\",\"@id\":\"https:\\\/\\\/monatglobal.com\\\/lt\\\/#organization\",\"name\":\"MONAT Lithuania\",\"url\":\"https:\\\/\\\/monatglobal.com\\\/lt\\\/\"},{\"@type\":\"WebPage\",\"@id\":\"https:\\\/\\\/monatglobal.com\\\/lt\\\/passport-copy-2\\\/#webpage\",\"url\":\"https:\\\/\\\/monatglobal.com\\\/lt\\\/passport-copy-2\\\/\",\"name\":\"Passport 2023 - MONAT Lithuania\",\"description\":\"\\u201eMONAT\\\"geid\\u017eiamiausia vieta! 2023 m. spalio 16-19 d. \\u201eGrand Hyatt Baha Mar\\\"NASSAU, BAHAMAS Turkio spalvos vanduo ir balto sm\\u0117lio papl\\u016bdimiai. Puik\\u016bs patogumai ir prabang\\u016bs kambariai. Daugiau nei keturiasde\\u0161imt pasaulinio lygio restoran\\u0173. Nemokama galimyb\\u0117 lankytis naujame \\u012fsp\\u016bdingame \\u201eBaha Bay\\\" papl\\u016bdimio vandens parke! SNor\\u0117dami gauti daugiau informacijos, nar\\u0161ykite svetain\\u0117je Nesibaigian\\u010dios linksmyb\\u0117s, palaimingas poilsis ir dar daugiau laukia j\\u016bs\\u0173 Bahamose per\",\"inLanguage\":\"lt-LT\",\"isPartOf\":{\"@id\":\"https:\\\/\\\/monatglobal.com\\\/lt\\\/#website\"},\"breadcrumb\":{\"@id\":\"https:\\\/\\\/monatglobal.com\\\/lt\\\/passport-copy-2\\\/#breadcrumblist\"},\"image\":{\"@type\":\"ImageObject\",\"url\":\"https:\\\/\\\/monatglobal.com\\\/lt\\\/wp-content\\\/uploads\\\/sites\\\/11\\\/2023\\\/02\\\/Passport2023-ft-img-lt.jpg\",\"@id\":\"https:\\\/\\\/monatglobal.com\\\/lt\\\/passport-copy-2\\\/#mainImage\",\"width\":1899,\"height\":697},\"primaryImageOfPage\":{\"@id\":\"https:\\\/\\\/monatglobal.com\\\/lt\\\/passport-copy-2\\\/#mainImage\"},\"datePublished\":\"2022-01-31T17:33:56+00:00\",\"dateModified\":\"2024-02-05T14:25:11+00:00\"},{\"@type\":\"WebSite\",\"@id\":\"https:\\\/\\\/monatglobal.com\\\/lt\\\/#website\",\"url\":\"https:\\\/\\\/monatglobal.com\\\/lt\\\/\",\"name\":\"MONAT Lithuania\",\"inLanguage\":\"lt-LT\",\"publisher\":{\"@id\":\"https:\\\/\\\/monatglobal.com\\\/lt\\\/#organization\"}}]}\n\t\t<\/script>\n\t\t<!-- All in One SEO Pro -->\r\n\t\t<title>Passport 2023 - MONAT Lithuania<\/title>\n\n","aioseo_head_json":{"title":"Passport 2023 - MONAT Lithuania","description":"\u201eMONAT\"geid\u017eiamiausia vieta! 2023 m. spalio 16-19 d. \u201eGrand Hyatt Baha Mar\"NASSAU, BAHAMAS Turkio spalvos vanduo ir balto sm\u0117lio papl\u016bdimiai. Puik\u016bs patogumai ir prabang\u016bs kambariai. Daugiau nei keturiasde\u0161imt pasaulinio lygio restoran\u0173. Nemokama galimyb\u0117 lankytis naujame \u012fsp\u016bdingame \u201eBaha Bay\" papl\u016bdimio vandens parke! SNor\u0117dami gauti daugiau informacijos, nar\u0161ykite svetain\u0117je Nesibaigian\u010dios linksmyb\u0117s, palaimingas poilsis ir dar daugiau laukia j\u016bs\u0173 Bahamose per","canonical_url":"https:\/\/monatglobal.com\/lt\/passport-copy-2\/","robots":"max-image-preview:large","keywords":"","webmasterTools":{"miscellaneous":""},"schema":{"@context":"https:\/\/schema.org","@graph":[{"@type":"BreadcrumbList","@id":"https:\/\/monatglobal.com\/lt\/passport-copy-2\/#breadcrumblist","itemListElement":[{"@type":"ListItem","@id":"https:\/\/monatglobal.com\/lt#listItem","position":1,"name":"Home","item":"https:\/\/monatglobal.com\/lt","nextItem":{"@type":"ListItem","@id":"https:\/\/monatglobal.com\/lt\/passport-copy-2\/#listItem","name":"Passport 2023"}},{"@type":"ListItem","@id":"https:\/\/monatglobal.com\/lt\/passport-copy-2\/#listItem","position":2,"name":"Passport 2023","previousItem":{"@type":"ListItem","@id":"https:\/\/monatglobal.com\/lt#listItem","name":"Home"}}]},{"@type":"Organization","@id":"https:\/\/monatglobal.com\/lt\/#organization","name":"MONAT Lithuania","url":"https:\/\/monatglobal.com\/lt\/"},{"@type":"WebPage","@id":"https:\/\/monatglobal.com\/lt\/passport-copy-2\/#webpage","url":"https:\/\/monatglobal.com\/lt\/passport-copy-2\/","name":"Passport 2023 - MONAT Lithuania","description":"\u201eMONAT\"geid\u017eiamiausia vieta! 2023 m. spalio 16-19 d. \u201eGrand Hyatt Baha Mar\"NASSAU, BAHAMAS Turkio spalvos vanduo ir balto sm\u0117lio papl\u016bdimiai. Puik\u016bs patogumai ir prabang\u016bs kambariai. Daugiau nei keturiasde\u0161imt pasaulinio lygio restoran\u0173. Nemokama galimyb\u0117 lankytis naujame \u012fsp\u016bdingame \u201eBaha Bay\" papl\u016bdimio vandens parke! SNor\u0117dami gauti daugiau informacijos, nar\u0161ykite svetain\u0117je Nesibaigian\u010dios linksmyb\u0117s, palaimingas poilsis ir dar daugiau laukia j\u016bs\u0173 Bahamose per","inLanguage":"lt-LT","isPartOf":{"@id":"https:\/\/monatglobal.com\/lt\/#website"},"breadcrumb":{"@id":"https:\/\/monatglobal.com\/lt\/passport-copy-2\/#breadcrumblist"},"image":{"@type":"ImageObject","url":"https:\/\/monatglobal.com\/lt\/wp-content\/uploads\/sites\/11\/2023\/02\/Passport2023-ft-img-lt.jpg","@id":"https:\/\/monatglobal.com\/lt\/passport-copy-2\/#mainImage","width":1899,"height":697},"primaryImageOfPage":{"@id":"https:\/\/monatglobal.com\/lt\/passport-copy-2\/#mainImage"},"datePublished":"2022-01-31T17:33:56+00:00","dateModified":"2024-02-05T14:25:11+00:00"},{"@type":"WebSite","@id":"https:\/\/monatglobal.com\/lt\/#website","url":"https:\/\/monatglobal.com\/lt\/","name":"MONAT Lithuania","inLanguage":"lt-LT","publisher":{"@id":"https:\/\/monatglobal.com\/lt\/#organization"}}]},"og:locale":"lt_LT","og:site_name":"MONAT Lithuania -","og:type":"article","og:title":"Passport 2023 - MONAT Lithuania","og:description":"\u201eMONAT&quot;geid\u017eiamiausia vieta! 2023 m. spalio 16-19 d. \u201eGrand Hyatt Baha Mar&quot;NASSAU, BAHAMAS Turkio spalvos vanduo ir balto sm\u0117lio papl\u016bdimiai. Puik\u016bs patogumai ir prabang\u016bs kambariai. Daugiau nei keturiasde\u0161imt pasaulinio lygio restoran\u0173. Nemokama galimyb\u0117 lankytis naujame \u012fsp\u016bdingame \u201eBaha Bay&quot; papl\u016bdimio vandens parke! SNor\u0117dami gauti daugiau informacijos, nar\u0161ykite svetain\u0117je Nesibaigian\u010dios linksmyb\u0117s, palaimingas poilsis ir dar daugiau laukia j\u016bs\u0173 Bahamose per","og:url":"https:\/\/monatglobal.com\/lt\/passport-copy-2\/","article:published_time":"2022-01-31T17:33:56+00:00","article:modified_time":"2024-02-05T14:25:11+00:00","twitter:card":"summary_large_image","twitter:title":"Passport 2023 - MONAT Lithuania","twitter:description":"\u201eMONAT&quot;geid\u017eiamiausia vieta! 2023 m. spalio 16-19 d. \u201eGrand Hyatt Baha Mar&quot;NASSAU, BAHAMAS Turkio spalvos vanduo ir balto sm\u0117lio papl\u016bdimiai. Puik\u016bs patogumai ir prabang\u016bs kambariai. Daugiau nei keturiasde\u0161imt pasaulinio lygio restoran\u0173. Nemokama galimyb\u0117 lankytis naujame \u012fsp\u016bdingame \u201eBaha Bay&quot; papl\u016bdimio vandens parke! SNor\u0117dami gauti daugiau informacijos, nar\u0161ykite svetain\u0117je Nesibaigian\u010dios linksmyb\u0117s, palaimingas poilsis ir dar daugiau laukia j\u016bs\u0173 Bahamose per"},"aioseo_meta_data":{"post_id":"67780","title":null,"description":null,"keywords":[],"keyphrases":{"focus":{"keyphrase":"","score":0,"analysis":{"keyphraseInTitle":{"score":0,"maxScore":9,"error":1}}},"additional":[]},"primary_term":null,"canonical_url":null,"og_title":null,"og_description":null,"og_object_type":"default","og_image_type":"default","og_image_url":null,"og_image_width":null,"og_image_height":null,"og_image_custom_url":null,"og_image_custom_fields":null,"og_video":"","og_custom_url":null,"og_article_section":null,"og_article_tags":[],"twitter_use_og":false,"twitter_card":"default","twitter_image_type":"default","twitter_image_url":null,"twitter_image_custom_url":null,"twitter_image_custom_fields":null,"twitter_title":null,"twitter_description":null,"schema":{"blockGraphs":[],"customGraphs":[],"default":{"data":{"Article":[],"Course":[],"Dataset":[],"FAQPage":[],"Movie":[],"Person":[],"Product":[],"ProductReview":[],"Car":[],"Recipe":[],"Service":[],"SoftwareApplication":[],"WebPage":[]},"graphName":"WebPage","isEnabled":true},"graphs":[]},"schema_type":"default","schema_type_options":null,"pillar_content":false,"robots_default":true,"robots_noindex":false,"robots_noarchive":false,"robots_nosnippet":false,"robots_nofollow":false,"robots_noimageindex":false,"robots_noodp":false,"robots_notranslate":false,"robots_max_snippet":"-1","robots_max_videopreview":"-1","robots_max_imagepreview":"large","priority":null,"frequency":"default","local_seo":null,"seo_analyzer_scan_date":"2025-08-15 01:31:55","breadcrumb_settings":null,"limit_modified_date":false,"reviewed_by":null,"open_ai":null,"ai":null,"created":"2023-07-26 19:20:15","updated":"2025-08-15 01:31:55"},"aioseo_breadcrumb":"<div class=\"aioseo-breadcrumbs\"><span class=\"aioseo-breadcrumb\">\n\t<a href=\"https:\/\/monatglobal.com\/lt\" title=\"Home\">Home<\/a>\n<\/span><span class=\"aioseo-breadcrumb-separator\">&raquo;<\/span><span class=\"aioseo-breadcrumb\">\n\tPassport 2023\n<\/span><\/div>","aioseo_breadcrumb_json":[{"label":"Home","link":"https:\/\/monatglobal.com\/lt"},{"label":"Passport 2023","link":"https:\/\/monatglobal.com\/lt\/passport-copy-2\/"}],"_links":{"self":[{"href":"https:\/\/monatglobal.com\/lt\/wp-json\/wp\/v2\/pages\/67780","targetHints":{"allow":["GET"]}}],"collection":[{"href":"https:\/\/monatglobal.com\/lt\/wp-json\/wp\/v2\/pages"}],"about":[{"href":"https:\/\/monatglobal.com\/lt\/wp-json\/wp\/v2\/types\/page"}],"author":[{"embeddable":true,"href":"https:\/\/monatglobal.com\/lt\/wp-json\/wp\/v2\/users\/31"}],"replies":[{"embeddable":true,"href":"https:\/\/monatglobal.com\/lt\/wp-json\/wp\/v2\/comments?post=67780"}],"version-history":[{"count":17,"href":"https:\/\/monatglobal.com\/lt\/wp-json\/wp\/v2\/pages\/67780\/revisions"}],"predecessor-version":[{"id":84092,"href":"https:\/\/monatglobal.com\/lt\/wp-json\/wp\/v2\/pages\/67780\/revisions\/84092"}],"wp:featuredmedia":[{"embeddable":true,"href":"https:\/\/monatglobal.com\/lt\/wp-json\/wp\/v2\/media\/76084"}],"wp:attachment":[{"href":"https:\/\/monatglobal.com\/lt\/wp-json\/wp\/v2\/media?parent=67780"}],"wp:term":[{"taxonomy":"category","embeddable":true,"href":"https:\/\/monatglobal.com\/lt\/wp-json\/wp\/v2\/categories?post=67780"},{"taxonomy":"post_tag","embeddable":true,"href":"https:\/\/monatglobal.com\/lt\/wp-json\/wp\/v2\/tags?post=67780"}],"curies":[{"name":"wp","href":"https:\/\/api.w.org\/{rel}","templated":true}]}}