{"id":67762,"date":"2022-01-27T22:45:33","date_gmt":"2022-01-27T22:45:33","guid":{"rendered":"https:\/\/monatglobal.com\/lt\/?page_id=67762"},"modified":"2024-03-08T16:42:00","modified_gmt":"2024-03-08T16:42:00","slug":"before-and-after-submit","status":"publish","type":"page","link":"https:\/\/monatglobal.com\/lt\/before-and-after-submit\/","title":{"rendered":"Prie\u0161 ir po"},"content":{"rendered":"\n\n         <h1>Prie\u0161 ir po<\/h1>\n         <h2>PASIDALINKITE <br \/>SAVO PRIE\u0160 IR PO <br \/>NUOTRAUKOMIS<\/h2>\n               <p>Prie\u0161 panaudojant pur\u0161kikl\u012f <br \/>nuo plauk\u0173 v\u0117limosi<\/p>\n               Panaudojus pur\u0161kikl\u012f<br \/> nuo plauk\u0173 v\u0117limosi vien\u0105 kart\u0105\n               <h2>D\u0117kojame, kad pasidalijote savo \u201eprie\u0161 ir po&#8221; nuotraukomis su&nbsp;mumis!<\/h2>\n               Jei jau paskelb\u0117me vien\u0105 i\u0161 j\u016bs\u0173 \u201eprie\u0161 ir po&#8221; nuotrauk\u0173, neteikite t\u0173 pa\u010di\u0173 nuotrauk\u0173 \n               i\u0161 naujo. Nor\u0117tume pamatyti k\u0105 nors&nbsp;naujo!\n                       * Pastaba: jei esate stilistas (-\u0117) ir nor\u0117tum\u0117te pateikti daugiau \u201eprie\u0161 ir po&#8221; nuotrauk\u0173, si\u0173skite el. \n                       lai\u0161k\u0105 adresu <a href=\"mailto:marketing@monatglobal.com\">marketing@monatglobal.com<\/a>.\n            <hr \/>\n         <h3>Patarimai, kaip s\u0117kmingai pateikti&nbsp;nuotraukas<\/h3>\n         <p>Darydami ir teikdami \u201eprie\u0161 ir po&#8221; nuotraukas, vadovaukit\u0117s \u0161iomis nuotrauk\u0173 pateikimo&nbsp;gair\u0117mis:<\/p>\n               <h2>S\u0105lygos \u201eMONAT&#8221; plauk\u0173 prie\u017ei\u016bros&nbsp;produktams<\/h2>\n                     <p>\/ Visos teikiamos nuotraukos ir jose matomi rezultatai turi b\u016bti&nbsp;tikri.<\/p>\n                  \/  Fotografuojant \u201eprie\u0161&#8221; nuotrauk\u0105, j\u016bs\u0173 plaukuose neturi b\u016bti joki\u0173 plauk\u0173 prie\u017ei\u016bros produkt\u0173. \n                  Darant \u201epo&#8221; nuotrauk\u0105, plaukuose turi b\u016bti TIK \u201eMONAT&#8221; produktai ir (arba) arba turi b\u016bti matomas rezultatas panaudojus TIK \u201eMONAT&#8221;&nbsp;produktus.\n                  \/ Nurodykite produkto naudojimo laik\u0105 (laikotarpio nurodymo pavyzdys: \u201ePrie\u0161&#8221; nuotraukoje turi b\u016bti nurodyta \u201e1 [produkto pavadinimas] \n                  naudojimo diena&#8221;, o \u201epo&#8221; nuotraukoje tur\u0117t\u0173 b\u016bti nurodyta \u201e30 [produkto pavadinimas] naudojimo&nbsp;diena&#8221;\n                     <p>\/ Nurodykite, kaip da\u017enai ir kiek laiko naudojote \u201eMONAT&#8221;&nbsp;produkt\u0105.<\/p>\n                      <p>\/ Nurodykite naudot\u0173 \u201eMONAT&#8221; produkt\u0173&nbsp;pavadinimus.<\/p>\n                    <a href=\"\/lt?page_id=67762#form\">\u012eKELTI NUOTRAUKAS<\/a>\n               <h2>S\u0105lygos \u201eMONAT&#8221; odos prie\u017ei\u016bros&nbsp;produktams<\/h2>\n                  <p>\/ Visos teikiamos nuotraukos ir jose matomi rezultatai turi b\u016bti&nbsp;tikri.<\/p>\n                  \/ \u201ePrie\u0161 ir po&#8221; nuotraukose, kuriose demonstruojami odos prie\u017ei\u016bros produkt\u0173 rezultatai, \n                  veidas gali b\u016bti su makia\u017eu tol, kol jis neturi \u012ftakos rezultatams. Darant \u201epo&#8221; nuotrauk\u0105, turi b\u016bti matomas rezultatas panaudojus TIK \u201eMONAT&#8221;&nbsp;produktus.\n                  <p>\/ Laikykite plaukus atitrauktus nuo&nbsp;veido.<\/p>\n                  \/ Nurodykite produkto naudojimo laik\u0105 (laikotarpio nurodymo pavyzdys: \u201ePrie\u0161&#8221; nuotraukoje turi b\u016bti nurodyta \u201e1 [produkto pavadinimas] naudojimo diena&#8221;, o \u201epo&#8221; \n                  nuotraukoje tur\u0117t\u0173 b\u016bti nurodyta \u201e30 [produkto pavadinimas] naudojimo&nbsp;diena&#8221;.\n                  <p>\/ Nurodykite, kaip da\u017enai ir kiek laiko naudojote \u201eMONAT&#8221;&nbsp;produkt\u0105.<\/p>\n                  <p>\/ Nurodykite naudot\u0173 \u201eMONAT&#8221; produkt\u0173&nbsp;pavadinimus.<\/p>\n                    <a href=\"\/lt?page_id=67762#form\">\u012eKELTI NUOTRAUKAS<\/a>\n         <h3>Kitos b\u016btinos&nbsp;s\u0105lygos<\/h3>\n                <p>\/ Visos pateiktos nuotraukos turi palaikyti ir atitikti \u201eMONAT&#8221; parei\u0161kimus apie&nbsp;produktus.<\/p>\n                <p>\/ Visose nuotraukose naudokite t\u0105 pat\u012f ap\u0161vietim\u0105, t\u0105 pat\u012f fotografavimo kamp\u0105 (pageidautina i\u0161 priekio), t\u0105 pa\u010di\u0105 poz\u0105 ir neutral\u0173 \/ vienspalv\u012f&nbsp;fon\u0105.<\/p>\n                <p>\/ Vaizdas nuotraukose negali b\u016bti koreguotas, redaguotas ar su&nbsp;filtrais.<\/p>\n                <p>\/ Veido makia\u017e\u0105 galite naudoti TIK \u201eMONAT&#8221; plauk\u0173 prie\u017ei\u016bros produkto \u201eprie\u0161 ir po&#8221; nuotraukose. Makia\u017eo \u012fvaizdis ir (arba) spalvos bei tekst\u016bros PRIVALO b\u016bti vienodi abiejose&nbsp;nuotraukose.<\/p>\n                <p>\/ Nuotraukos turi b\u016bti didel\u0117s skiriamosios gebos (ma\u017eiausiai 300 dpi arba didesn\u0117s). Naudokite didel\u0117s skiriamosios gebos nustatym\u0105 savo fotoaparate \/&nbsp;telefone.<\/p>\n                <p>\/ Nuotraukose turite b\u016bti j\u016bs ir turite b\u016bti atpa\u017e\u012fstami kaip tas pats asmuo kiekvienoje&nbsp;nuotraukoje.<\/p>\n                <p>\/ Nurodykite nuotrauk\u0173 darymo dat\u0105 ir pa\u017eym\u0117kite, koks laiko tarpas skiria nuotraukas \u201eprie\u0161&#8221; ir&nbsp;\u201epo&#8221;.<\/p>\n                <p>\/ Jei naudojat\u0117s fotografo paslaugomis, \u012fsitikinkite, kad turite fotografo leidim\u0105 naudoti nuotraukas skelbiant jas \u201eMONAT&#8221; svetain\u0117se, socialin\u0117s \u017einiasklaidos svetain\u0117se ar kitoje reklamin\u0117je&nbsp;med\u017eiagoje.<\/p>\n                <p>\/ I\u0161saugokite pasira\u0161ytas ir datuotas \u201eprie\u0161 ir po&#8221; nuotrauk\u0173, atsiliepim\u0173 ir pagrindim\u0173&nbsp;kopijas.<\/p>\n                <p>\/ Nurodykite savo kontaktin\u0119 informacij\u0105, \u012fskaitant \u201eMONAT Market Partner&#8221; ID, vard\u0105, pavard\u0119, adres\u0105, telefono numer\u012f ir el. pa\u0161to&nbsp;adres\u0105.<\/p>\n\t<strong>PAREI\u0160KIMAS.  <\/strong>\nNe vis\u0173 rezultatai bus vienodi. Rezultatai gali skirtis priklausomai nuo individuali\u0173 veiksni\u0173, toki\u0173 kaip am\u017eius, naudojami produktai, lytis, sveikatos b\u016bkl\u0117, mityba ir gyvenimo b\u016bdas. Visos pateiktos nuotraukos tampa \u201eMONAT&#8221; nuosavybe. \u201eMONAT&#8221; gali laisvai naudoti pateiktas nuotraukas savo rinkodaros med\u017eiagoje, bet kokioje medijoje, \u012fskaitant socialin\u0119 \u017einiasklaid\u0105. Pateikdami savo nuotraukas \u201eMONAT&#8221;, patvirtinate, kad esate sulauk\u0119 pilnametyst\u0117s ir kad suteikiate \u201eMONAT&#8221; ir \u201eMONAT&#8221; \u012fgaliotiems asmenims absoliu\u010di\u0105 ir neat\u0161aukiam\u0105 teis\u0119 ir licencij\u0105 naudoti, atgaminti, redaguoti, eksponuoti, demonstruoti, rodyti, apsaugoti autori\u0173 teis\u0117mis ir (arba) skelbti ir platinti nuotraukas visomis formomis ir visose medijose meno, reklamos, vie\u0161inimo, vie\u0161\u0173 demonstracij\u0173, parod\u0173 ir (arba) kitais tikslais. Taip pat patvirtinate, kad sutinkate, jog negausite kompensacijos arba pinig\u0173, priz\u0173 ar atlygio u\u017e tai, kad \u201eMONAT&#8221; naudos j\u016bs\u0173 nuotraukas. Nuotraukos ar atsiliepimo pateikimas negarantuoja, kad j\u016bs\u0173 nuotrauk\u0105 ar atsiliepim\u0105 \u201eMONAT&#8221; atrinks naudojimui&nbsp;reklamose.\n\n\n","protected":false},"excerpt":{"rendered":"<p>Prie\u0161 ir po PASIDALINKITE SAVO PRIE\u0160 IR PO NUOTRAUKOMIS Prie\u0161 panaudojant pur\u0161kikl\u012f nuo plauk\u0173 v\u0117limosi Panaudojus pur\u0161kikl\u012f nuo plauk\u0173 v\u0117limosi vien\u0105 kart\u0105 D\u0117kojame, kad pasidalijote savo \u201eprie\u0161 ir po&#8221; nuotraukomis su&nbsp;mumis! Jei jau paskelb\u0117me vien\u0105 i\u0161 j\u016bs\u0173 \u201eprie\u0161 ir po&#8221; nuotrauk\u0173, neteikite t\u0173 pa\u010di\u0173 nuotrauk\u0173 i\u0161 naujo. Nor\u0117tume pamatyti k\u0105 nors&nbsp;naujo! * Pastaba: jei esate&hellip;<\/p>\n","protected":false},"author":31,"featured_media":67793,"parent":0,"menu_order":0,"comment_status":"closed","ping_status":"closed","template":"","meta":{"inline_featured_image":false,"om_disable_all_campaigns":false,"_monsterinsights_skip_tracking":false,"_monsterinsights_sitenote_active":false,"_monsterinsights_sitenote_note":"","_monsterinsights_sitenote_category":0,"footnotes":""},"categories":[],"tags":[],"class_list":["post-67762","page","type-page","status-publish","has-post-thumbnail","hentry"],"aioseo_notices":[],"aioseo_head":"\n\t\t<!-- All in One SEO Pro 4.9.6 - aioseo.com -->\n\t<meta name=\"description\" content=\"Prie\u0161 ir po PASIDALINKITE SAVO PRIE\u0160 IR PO NUOTRAUKOMIS Prie\u0161 panaudojant pur\u0161kikl\u012f nuo plauk\u0173 v\u0117limosi Panaudojus pur\u0161kikl\u012f nuo plauk\u0173 v\u0117limosi vien\u0105 kart\u0105 D\u0117kojame, kad pasidalijote savo \u201eprie\u0161 ir po&quot; nuotraukomis su mumis! Jei jau paskelb\u0117me vien\u0105 i\u0161 j\u016bs\u0173 \u201eprie\u0161 ir po&quot; nuotrauk\u0173, neteikite t\u0173 pa\u010di\u0173 nuotrauk\u0173 i\u0161 naujo. Nor\u0117tume pamatyti k\u0105 nors naujo! * Pastaba: jei esate\" \/>\n\t<meta name=\"robots\" content=\"max-image-preview:large\" \/>\n\t<link rel=\"canonical\" href=\"https:\/\/monatglobal.com\/lt\/before-and-after-submit\/\" \/>\n\t<meta name=\"generator\" content=\"All in One SEO Pro (AIOSEO) 4.9.6\" \/>\n\t\t<meta property=\"og:locale\" content=\"lt_LT\" \/>\n\t\t<meta property=\"og:site_name\" content=\"MONAT Lithuania -\" \/>\n\t\t<meta property=\"og:type\" content=\"article\" \/>\n\t\t<meta property=\"og:title\" content=\"Prie\u0161 ir po - MONAT Lithuania\" \/>\n\t\t<meta property=\"og:description\" content=\"Prie\u0161 ir po PASIDALINKITE SAVO PRIE\u0160 IR PO NUOTRAUKOMIS Prie\u0161 panaudojant pur\u0161kikl\u012f nuo plauk\u0173 v\u0117limosi Panaudojus pur\u0161kikl\u012f nuo plauk\u0173 v\u0117limosi vien\u0105 kart\u0105 D\u0117kojame, kad pasidalijote savo \u201eprie\u0161 ir po&quot; nuotraukomis su mumis! Jei jau paskelb\u0117me vien\u0105 i\u0161 j\u016bs\u0173 \u201eprie\u0161 ir po&quot; nuotrauk\u0173, neteikite t\u0173 pa\u010di\u0173 nuotrauk\u0173 i\u0161 naujo. Nor\u0117tume pamatyti k\u0105 nors naujo! * Pastaba: jei esate\" \/>\n\t\t<meta property=\"og:url\" content=\"https:\/\/monatglobal.com\/lt\/before-and-after-submit\/\" \/>\n\t\t<meta property=\"article:published_time\" content=\"2022-01-27T22:45:33+00:00\" \/>\n\t\t<meta property=\"article:modified_time\" content=\"2024-03-08T16:42:00+00:00\" \/>\n\t\t<meta name=\"twitter:card\" content=\"summary_large_image\" \/>\n\t\t<meta name=\"twitter:title\" content=\"Prie\u0161 ir po - MONAT Lithuania\" \/>\n\t\t<meta name=\"twitter:description\" content=\"Prie\u0161 ir po PASIDALINKITE SAVO PRIE\u0160 IR PO NUOTRAUKOMIS Prie\u0161 panaudojant pur\u0161kikl\u012f nuo plauk\u0173 v\u0117limosi Panaudojus pur\u0161kikl\u012f nuo plauk\u0173 v\u0117limosi vien\u0105 kart\u0105 D\u0117kojame, kad pasidalijote savo \u201eprie\u0161 ir po&quot; nuotraukomis su mumis! Jei jau paskelb\u0117me vien\u0105 i\u0161 j\u016bs\u0173 \u201eprie\u0161 ir po&quot; nuotrauk\u0173, neteikite t\u0173 pa\u010di\u0173 nuotrauk\u0173 i\u0161 naujo. Nor\u0117tume pamatyti k\u0105 nors naujo! * Pastaba: jei esate\" \/>\n\t\t<script type=\"application\/ld+json\" class=\"aioseo-schema\">\n\t\t\t{\"@context\":\"https:\\\/\\\/schema.org\",\"@graph\":[{\"@type\":\"BreadcrumbList\",\"@id\":\"https:\\\/\\\/monatglobal.com\\\/lt\\\/before-and-after-submit\\\/#breadcrumblist\",\"itemListElement\":[{\"@type\":\"ListItem\",\"@id\":\"https:\\\/\\\/monatglobal.com\\\/lt#listItem\",\"position\":1,\"name\":\"Home\",\"item\":\"https:\\\/\\\/monatglobal.com\\\/lt\",\"nextItem\":{\"@type\":\"ListItem\",\"@id\":\"https:\\\/\\\/monatglobal.com\\\/lt\\\/before-and-after-submit\\\/#listItem\",\"name\":\"Prie\\u0161 ir po\"}},{\"@type\":\"ListItem\",\"@id\":\"https:\\\/\\\/monatglobal.com\\\/lt\\\/before-and-after-submit\\\/#listItem\",\"position\":2,\"name\":\"Prie\\u0161 ir po\",\"previousItem\":{\"@type\":\"ListItem\",\"@id\":\"https:\\\/\\\/monatglobal.com\\\/lt#listItem\",\"name\":\"Home\"}}]},{\"@type\":\"Organization\",\"@id\":\"https:\\\/\\\/monatglobal.com\\\/lt\\\/#organization\",\"name\":\"MONAT Lithuania\",\"url\":\"https:\\\/\\\/monatglobal.com\\\/lt\\\/\"},{\"@type\":\"WebPage\",\"@id\":\"https:\\\/\\\/monatglobal.com\\\/lt\\\/before-and-after-submit\\\/#webpage\",\"url\":\"https:\\\/\\\/monatglobal.com\\\/lt\\\/before-and-after-submit\\\/\",\"name\":\"Prie\\u0161 ir po - MONAT Lithuania\",\"description\":\"Prie\\u0161 ir po PASIDALINKITE SAVO PRIE\\u0160 IR PO NUOTRAUKOMIS Prie\\u0161 panaudojant pur\\u0161kikl\\u012f nuo plauk\\u0173 v\\u0117limosi Panaudojus pur\\u0161kikl\\u012f nuo plauk\\u0173 v\\u0117limosi vien\\u0105 kart\\u0105 D\\u0117kojame, kad pasidalijote savo \\u201eprie\\u0161 ir po\\\" nuotraukomis su mumis! Jei jau paskelb\\u0117me vien\\u0105 i\\u0161 j\\u016bs\\u0173 \\u201eprie\\u0161 ir po\\\" nuotrauk\\u0173, neteikite t\\u0173 pa\\u010di\\u0173 nuotrauk\\u0173 i\\u0161 naujo. Nor\\u0117tume pamatyti k\\u0105 nors naujo! * Pastaba: jei esate\",\"inLanguage\":\"lt-LT\",\"isPartOf\":{\"@id\":\"https:\\\/\\\/monatglobal.com\\\/lt\\\/#website\"},\"breadcrumb\":{\"@id\":\"https:\\\/\\\/monatglobal.com\\\/lt\\\/before-and-after-submit\\\/#breadcrumblist\"},\"image\":{\"@type\":\"ImageObject\",\"url\":67793,\"@id\":\"https:\\\/\\\/monatglobal.com\\\/lt\\\/before-and-after-submit\\\/#mainImage\"},\"primaryImageOfPage\":{\"@id\":\"https:\\\/\\\/monatglobal.com\\\/lt\\\/before-and-after-submit\\\/#mainImage\"},\"datePublished\":\"2022-01-27T22:45:33+00:00\",\"dateModified\":\"2024-03-08T16:42:00+00:00\"},{\"@type\":\"WebSite\",\"@id\":\"https:\\\/\\\/monatglobal.com\\\/lt\\\/#website\",\"url\":\"https:\\\/\\\/monatglobal.com\\\/lt\\\/\",\"name\":\"MONAT Lithuania\",\"inLanguage\":\"lt-LT\",\"publisher\":{\"@id\":\"https:\\\/\\\/monatglobal.com\\\/lt\\\/#organization\"}}]}\n\t\t<\/script>\n\t\t<!-- All in One SEO Pro -->\r\n\t\t<title>Prie\u0161 ir po - MONAT Lithuania<\/title>\n\n","aioseo_head_json":{"title":"Prie\u0161 ir po - MONAT Lithuania","description":"Prie\u0161 ir po PASIDALINKITE SAVO PRIE\u0160 IR PO NUOTRAUKOMIS Prie\u0161 panaudojant pur\u0161kikl\u012f nuo plauk\u0173 v\u0117limosi Panaudojus pur\u0161kikl\u012f nuo plauk\u0173 v\u0117limosi vien\u0105 kart\u0105 D\u0117kojame, kad pasidalijote savo \u201eprie\u0161 ir po\" nuotraukomis su mumis! Jei jau paskelb\u0117me vien\u0105 i\u0161 j\u016bs\u0173 \u201eprie\u0161 ir po\" nuotrauk\u0173, neteikite t\u0173 pa\u010di\u0173 nuotrauk\u0173 i\u0161 naujo. Nor\u0117tume pamatyti k\u0105 nors naujo! * Pastaba: jei esate","canonical_url":"https:\/\/monatglobal.com\/lt\/before-and-after-submit\/","robots":"max-image-preview:large","keywords":"","webmasterTools":{"miscellaneous":""},"schema":{"@context":"https:\/\/schema.org","@graph":[{"@type":"BreadcrumbList","@id":"https:\/\/monatglobal.com\/lt\/before-and-after-submit\/#breadcrumblist","itemListElement":[{"@type":"ListItem","@id":"https:\/\/monatglobal.com\/lt#listItem","position":1,"name":"Home","item":"https:\/\/monatglobal.com\/lt","nextItem":{"@type":"ListItem","@id":"https:\/\/monatglobal.com\/lt\/before-and-after-submit\/#listItem","name":"Prie\u0161 ir po"}},{"@type":"ListItem","@id":"https:\/\/monatglobal.com\/lt\/before-and-after-submit\/#listItem","position":2,"name":"Prie\u0161 ir po","previousItem":{"@type":"ListItem","@id":"https:\/\/monatglobal.com\/lt#listItem","name":"Home"}}]},{"@type":"Organization","@id":"https:\/\/monatglobal.com\/lt\/#organization","name":"MONAT Lithuania","url":"https:\/\/monatglobal.com\/lt\/"},{"@type":"WebPage","@id":"https:\/\/monatglobal.com\/lt\/before-and-after-submit\/#webpage","url":"https:\/\/monatglobal.com\/lt\/before-and-after-submit\/","name":"Prie\u0161 ir po - MONAT Lithuania","description":"Prie\u0161 ir po PASIDALINKITE SAVO PRIE\u0160 IR PO NUOTRAUKOMIS Prie\u0161 panaudojant pur\u0161kikl\u012f nuo plauk\u0173 v\u0117limosi Panaudojus pur\u0161kikl\u012f nuo plauk\u0173 v\u0117limosi vien\u0105 kart\u0105 D\u0117kojame, kad pasidalijote savo \u201eprie\u0161 ir po\" nuotraukomis su mumis! Jei jau paskelb\u0117me vien\u0105 i\u0161 j\u016bs\u0173 \u201eprie\u0161 ir po\" nuotrauk\u0173, neteikite t\u0173 pa\u010di\u0173 nuotrauk\u0173 i\u0161 naujo. Nor\u0117tume pamatyti k\u0105 nors naujo! * Pastaba: jei esate","inLanguage":"lt-LT","isPartOf":{"@id":"https:\/\/monatglobal.com\/lt\/#website"},"breadcrumb":{"@id":"https:\/\/monatglobal.com\/lt\/before-and-after-submit\/#breadcrumblist"},"image":{"@type":"ImageObject","url":67793,"@id":"https:\/\/monatglobal.com\/lt\/before-and-after-submit\/#mainImage"},"primaryImageOfPage":{"@id":"https:\/\/monatglobal.com\/lt\/before-and-after-submit\/#mainImage"},"datePublished":"2022-01-27T22:45:33+00:00","dateModified":"2024-03-08T16:42:00+00:00"},{"@type":"WebSite","@id":"https:\/\/monatglobal.com\/lt\/#website","url":"https:\/\/monatglobal.com\/lt\/","name":"MONAT Lithuania","inLanguage":"lt-LT","publisher":{"@id":"https:\/\/monatglobal.com\/lt\/#organization"}}]},"og:locale":"lt_LT","og:site_name":"MONAT Lithuania -","og:type":"article","og:title":"Prie\u0161 ir po - MONAT Lithuania","og:description":"Prie\u0161 ir po PASIDALINKITE SAVO PRIE\u0160 IR PO NUOTRAUKOMIS Prie\u0161 panaudojant pur\u0161kikl\u012f nuo plauk\u0173 v\u0117limosi Panaudojus pur\u0161kikl\u012f nuo plauk\u0173 v\u0117limosi vien\u0105 kart\u0105 D\u0117kojame, kad pasidalijote savo \u201eprie\u0161 ir po&quot; nuotraukomis su mumis! Jei jau paskelb\u0117me vien\u0105 i\u0161 j\u016bs\u0173 \u201eprie\u0161 ir po&quot; nuotrauk\u0173, neteikite t\u0173 pa\u010di\u0173 nuotrauk\u0173 i\u0161 naujo. Nor\u0117tume pamatyti k\u0105 nors naujo! * Pastaba: jei esate","og:url":"https:\/\/monatglobal.com\/lt\/before-and-after-submit\/","article:published_time":"2022-01-27T22:45:33+00:00","article:modified_time":"2024-03-08T16:42:00+00:00","twitter:card":"summary_large_image","twitter:title":"Prie\u0161 ir po - MONAT Lithuania","twitter:description":"Prie\u0161 ir po PASIDALINKITE SAVO PRIE\u0160 IR PO NUOTRAUKOMIS Prie\u0161 panaudojant pur\u0161kikl\u012f nuo plauk\u0173 v\u0117limosi Panaudojus pur\u0161kikl\u012f nuo plauk\u0173 v\u0117limosi vien\u0105 kart\u0105 D\u0117kojame, kad pasidalijote savo \u201eprie\u0161 ir po&quot; nuotraukomis su mumis! Jei jau paskelb\u0117me vien\u0105 i\u0161 j\u016bs\u0173 \u201eprie\u0161 ir po&quot; nuotrauk\u0173, neteikite t\u0173 pa\u010di\u0173 nuotrauk\u0173 i\u0161 naujo. Nor\u0117tume pamatyti k\u0105 nors naujo! * Pastaba: jei esate"},"aioseo_meta_data":{"post_id":"67762","title":null,"description":null,"keywords":[],"keyphrases":{"focus":{"keyphrase":"","score":0,"analysis":{"keyphraseInTitle":{"score":0,"maxScore":9,"error":1}}},"additional":[]},"primary_term":null,"canonical_url":null,"og_title":null,"og_description":null,"og_object_type":"default","og_image_type":"default","og_image_url":null,"og_image_width":null,"og_image_height":null,"og_image_custom_url":null,"og_image_custom_fields":null,"og_video":"","og_custom_url":null,"og_article_section":null,"og_article_tags":[],"twitter_use_og":false,"twitter_card":"default","twitter_image_type":"default","twitter_image_url":null,"twitter_image_custom_url":null,"twitter_image_custom_fields":null,"twitter_title":null,"twitter_description":null,"schema":{"blockGraphs":[],"customGraphs":[],"default":{"data":{"Article":[],"Course":[],"Dataset":[],"FAQPage":[],"Movie":[],"Person":[],"Product":[],"ProductReview":[],"Car":[],"Recipe":[],"Service":[],"SoftwareApplication":[],"WebPage":[]},"graphName":"WebPage","isEnabled":true},"graphs":[]},"schema_type":"default","schema_type_options":null,"pillar_content":false,"robots_default":true,"robots_noindex":false,"robots_noarchive":false,"robots_nosnippet":false,"robots_nofollow":false,"robots_noimageindex":false,"robots_noodp":false,"robots_notranslate":false,"robots_max_snippet":"-1","robots_max_videopreview":"-1","robots_max_imagepreview":"large","priority":null,"frequency":"default","local_seo":null,"seo_analyzer_scan_date":"2025-08-15 01:31:53","breadcrumb_settings":null,"limit_modified_date":false,"reviewed_by":null,"open_ai":"{\"title\":{\"suggestions\":[],\"usage\":0},\"description\":{\"suggestions\":[],\"usage\":0}}","ai":null,"created":"2023-07-26 19:20:15","updated":"2025-08-15 01:31:53"},"aioseo_breadcrumb":"<div class=\"aioseo-breadcrumbs\"><span class=\"aioseo-breadcrumb\">\n\t<a href=\"https:\/\/monatglobal.com\/lt\" title=\"Home\">Home<\/a>\n<\/span><span class=\"aioseo-breadcrumb-separator\">&raquo;<\/span><span class=\"aioseo-breadcrumb\">\n\tPrie\u0161 ir po\n<\/span><\/div>","aioseo_breadcrumb_json":[{"label":"Home","link":"https:\/\/monatglobal.com\/lt"},{"label":"Prie\u0161 ir po","link":"https:\/\/monatglobal.com\/lt\/before-and-after-submit\/"}],"_links":{"self":[{"href":"https:\/\/monatglobal.com\/lt\/wp-json\/wp\/v2\/pages\/67762","targetHints":{"allow":["GET"]}}],"collection":[{"href":"https:\/\/monatglobal.com\/lt\/wp-json\/wp\/v2\/pages"}],"about":[{"href":"https:\/\/monatglobal.com\/lt\/wp-json\/wp\/v2\/types\/page"}],"author":[{"embeddable":true,"href":"https:\/\/monatglobal.com\/lt\/wp-json\/wp\/v2\/users\/31"}],"replies":[{"embeddable":true,"href":"https:\/\/monatglobal.com\/lt\/wp-json\/wp\/v2\/comments?post=67762"}],"version-history":[{"count":4,"href":"https:\/\/monatglobal.com\/lt\/wp-json\/wp\/v2\/pages\/67762\/revisions"}],"predecessor-version":[{"id":84148,"href":"https:\/\/monatglobal.com\/lt\/wp-json\/wp\/v2\/pages\/67762\/revisions\/84148"}],"wp:featuredmedia":[{"embeddable":true,"href":"https:\/\/monatglobal.com\/lt\/wp-json\/"}],"wp:attachment":[{"href":"https:\/\/monatglobal.com\/lt\/wp-json\/wp\/v2\/media?parent=67762"}],"wp:term":[{"taxonomy":"category","embeddable":true,"href":"https:\/\/monatglobal.com\/lt\/wp-json\/wp\/v2\/categories?post=67762"},{"taxonomy":"post_tag","embeddable":true,"href":"https:\/\/monatglobal.com\/lt\/wp-json\/wp\/v2\/tags?post=67762"}],"curies":[{"name":"wp","href":"https:\/\/api.w.org\/{rel}","templated":true}]}}