{"id":67594,"date":"2022-01-25T19:54:42","date_gmt":"2022-01-25T19:54:42","guid":{"rendered":"https:\/\/monatglobal.com\/lt\/?page_id=67594"},"modified":"2023-01-05T21:45:32","modified_gmt":"2023-01-05T21:45:32","slug":"balance","status":"publish","type":"page","link":"https:\/\/monatglobal.com\/lt\/balance\/","title":{"rendered":"\u201eMONAT Balance\u2122\u201c"},"content":{"rendered":"\n\n\t<link rel=\"stylesheet\" href=\"https:\/\/unpkg.com\/swiper\/swiper-bundle.min.css\" \/>\n<link rel=\"stylesheet\" href=\"https:\/\/monatglobal.com\/wp-content\/creative_css\/product_styles_sheet.css\" \/>\n   <!--==================================================== ECOMM SECTION ====================================================-->\n      <!--==================================================== Ecomm image ====================================================-->\n       \n      <source media=\"(max-width: 700px)\" srcset=\"https:\/\/monatglobal.com\/es\/wp-content\/uploads\/sites\/10\/2022\/01\/balance-ecomm-2022_mobile.png\" alt=\"MONAT Balance\u2122\"\/>\n      <img decoding=\"async\" src=\"https:\/\/monatglobal.com\/es\/wp-content\/uploads\/sites\/10\/2022\/01\/balance-ecomm-2022.png\" alt=\"MONAT Balance\u2122\"\/>\n         \n      <!--==================================================== Ecomm information  ====================================================-->\n         \n         <h1>\u201eMONAT Balance\u2122&#8221;<\/h1>\n         \n         M\u016bs\u0173 kapsul\u0117je yra 5 milijardai aktyvi\u0173 12 padermi\u0173 pieno r\u016bg\u0161ties \n         bakterij\u0173, palaikan\u010di\u0173 normal\u0173 vir\u0161kinim\u0105 bei normali\u0105 odos, plauk\u0173 ir nag\u0173&nbsp;b\u016bkl\u0119.*\n         <p>30 vegani\u0161k\u0173 kapsuli\u0173<\/p>\n               <p>Ma\u017emenin\u0117 kaina<br \/>76 \u20ac<\/p>\n               <p>VIP kliento kaina<br \/>65 \u20ac<\/p>\n         <p>Nor\u0117dami su\u017einoti daugiau apiet \u201eMONAT Balance\u2122&#8221;, pasikalb\u0117kite su savo \u201eMONAT Market Partner&#8221;. <\/p>\n            <a href=\"https:\/\/corp.mymonat.com\/shop\/products\/monat-balance-6000002310\/?globallanguage=lt&#038;globalmarket=lt\" target=\"_blank\" aria-label=\"Go to \u201eMONAT Balance\u2122\" rel=\"noopener\">PIRKTI DABAR<\/a>\n   <!--==================================================== \/ECOMM SECTION  ====================================================-->\n   <!--==================================================== Benefits image ====================================================-->\n  \n    <source media=\"(max-width: 700px)\" srcset=\"https:\/\/monatglobal.com\/es\/wp-content\/uploads\/sites\/10\/2022\/01\/balance-benefits_mobile.jpg\"\/>\n      <img decoding=\"async\" src=\"https:\/\/monatglobal.com\/es\/wp-content\/uploads\/sites\/10\/2022\/01\/balance-benefits_desk.jpg\" \n      alt=\"\"\/>\n    \n   <!--==================================================== Benefits text ====================================================-->\n         <h2>NAUDOS<\/h2>\n         <h3>Prebiotinis papildas yra svarbus norint sukurti ir palaikyti sveik\u0105 \n         imunin\u0119 sistem\u0105 bei skatinti sveik\u0105 vir\u0161kinamojo trakto&nbsp;veikl\u0105.<\/h3>\n         <p>Palaiko normal\u0173 vir\u0161kinim\u0105 ir normali\u0105 odos, plauk\u0173 ir nag\u0173&nbsp;b\u016bkl\u0119.*<\/p>\n         <!--==================================================== features image  ====================================================-->\n         <img decoding=\"async\" alt=\"\" src=\"https:\/\/monatglobal.com\/es\/wp-content\/uploads\/sites\/10\/2022\/01\/balance-features.jpg\"\/>\n      <!--==================================================== features text ====================================================-->\n            <h3>Palaiko vir\u0161kinim\u0105 ir padeda palaikyti normali\u0105 imunin\u0117s sistemos veikl\u0105.*<\/h3>\n               <p>\/ Kalcis prisideda prie normalios vir\u0161kinimo ferment\u0173 veiklos ir taip palaiko&nbsp;vir\u0161kinim\u0105.*<\/p>\n               <p>\/ Kalcis ir cinkas palaiko normali\u0105 odos, plauk\u0173 ir nag\u0173 b\u016bkl\u0119 bei normali\u0105 imunin\u0117s sistemos&nbsp;veikl\u0105.*<\/p>\n               <p>\/ 5 milijardai aktyvi\u0173 12 padermi\u0173 pieno r\u016bg\u0161ties&nbsp;bakterij\u0173.* <\/p>\n               \/ *Cinkas padeda palaikyti normali\u0105 kognityvin\u0119 funkcij\u0105, padeda normaliai funkcionuoti imuninei sistemai \n               ir apsaugo l\u0105steles nuo oksidacinio&nbsp;streso.*\n               <br \/>\n            <p>Fragrance \/ Unwind and enjoy a coconut-forward, citrusy aroma with notes of blood orange, coconut husk, cashew nut and&nbsp;sandalwood. <\/p>\n            <p> Texture \/ Cream <\/p>\n   <!--==================================================== composition image mobile ====================================================-->\n   <img decoding=\"async\" alt=\"\" src=\"https:\/\/monatglobal.com\/es\/wp-content\/uploads\/sites\/10\/2022\/01\/balance-composition-1.jpg\"\/>\n   <!--==================================================== Why it works text ====================================================-->\n      <h2>* M\u016bs\u0173 \u201eBalance&#8221; formul\u0117 padeda palaikyti normali\u0105 vir\u0161kinimo veikl\u0105.<\/h2>\n      <h3>Bakterijos, naudojamos m\u016bs\u0173 formul\u0117je, veikia taip pat kaip \n      pieno r\u016bg\u0161ties bakterijos \u017earnyne ir padeda palaikyti sveik\u0105 \u017earnyno bakterij\u0173&nbsp;sistem\u0105.<\/h3>\n<!--==================================================== Composition section ====================================================-->\n      <img decoding=\"async\" alt=\"\" src=\"https:\/\/monatglobal.com\/es\/wp-content\/uploads\/sites\/10\/2022\/01\/balance-composition-1.jpg\"\/>\n      <img decoding=\"async\" alt=\"\" \n      src=\"https:\/\/monatglobal.com\/es\/wp-content\/uploads\/sites\/10\/2022\/01\/balance-composition-3.jpg\"\/>\n            <!--==================================================== Directions text ====================================================--> \n               <h3>Naudojimas<\/h3>\n                    <p>\/ Gerkite po vien\u0105 (1) kapsul\u0119 per dien\u0105 prie\u0161 pirm\u0105j\u012f valg\u012f, u\u017esigerdami pilna stikline&nbsp;vandens.<\/p>\n            <!--==================================================== Directions video ====================================================-->\n      <p>Eye Smooth\u2122  <br \/>0:32<\/p>\n   <a href=\"https:\/\/corp.mymonat.com\/shop\/products\/monat-balance-6000002310\/?globallanguage=lt&#038;globalmarket=lt\" target=\"_blank\" aria-label=\"Go to MONAT Balance\u2122 shop\" rel=\"noopener\">PIRKTI DABAR<\/a>\n   <!--==================================================== Ingredients section  ====================================================-->\n      <h2>PAGRINDIN\u0116S AKTYVIOSIOS MED\u017dIAGOS<\/h2>\n      <p>Prebiotikai: inulinas, ry\u017ei\u0173 luobeli\u0173&nbsp;milteliai.<\/p>\n        <button id=\"myBtn\" type=\"button\">\u017dR. I\u0160SAM\u0172 SUDEDAM\u0172J\u0172 DALI\u0172 S\u0104RA\u0160\u0104<\/button>\n      <!--==================================================== Modal content  ====================================================-->\n         &times;\n         calcium oxide, inulin (chicory), glazing agent: hydroxypropyl methyl cellulose (vegetable \n         capsule shell), anti-caking agent: silicon dioxide, 5.1 % bacteria mixture (Lactobacillus acidophilus, \n         lactobacillus plantarum, bifidobacterium lactis, lactobacillus casei, lactobacillus paracasei, \n         lactobacillus brevis, lactobacillus rhamnosus, bifidobacterium breve, lactobacillus salivarius, \n         bifidobacterium bifidum, bifidobacterium longum, lactobacillus gasseri), rice hull powder (Oryza), \n         licorice root powder (Glycyrrhiza glabra), DL-alpha-tocopheryl acetate, zinc&nbsp;oxide\n   <!--==================================================== You might also like section ====================================================-->\n      <h2>JUMS TAIP PAT GALI PATIKTI<\/h2>\n      <!--==================================================== Slider YOU MIGHT ALSO LIKE ====================================================-->\n                <!-- Slides products-->\n                   <a href=\"\/lt?page_id=65641\" aria-label=\"Go to Collagen Key\u2122 page\">\n                    <img decoding=\"async\" src=\"https:\/\/monatglobal.com\/wp-content\/uploads\/2022\/12\/Collagen-key-ecomm-2022-min.png\" alt=\"Collagen Key\u2122 \"\/>\n                    <p>\u201eCollagen Key\u2122&#8221; <\/p>\n                  <\/a>\n                   <a href=\"\/lt?page_id=65665\" aria-label=\"Go to Total Greens\u2122 page\">\n                    <img decoding=\"async\" src=\"https:\/\/monatglobal.com\/wp-content\/uploads\/2022\/12\/Total-greens-ecomm-2022-min.png\" alt=\"Total Greens\u2122\"\/>\n                    <p>\u201eTotal Greens\u2122&#8221;<\/p>\n                  <\/a>\n                   <a href=\"\/lt?page_id=65683\" aria-label=\"Go to Vegani\u0161ki baltymai page\">\n                      <img decoding=\"async\" src=\"https:\/\/monatglobal.com\/wp-content\/uploads\/2022\/12\/Vegan-protein-powder-ecomm-2022-min.png\" alt=\"Vegani\u0161ki baltymai\"\/>\n                      <p>Vegani\u0161ki baltymai<\/p>\n                   <\/a>\n             <!-- If we need navigation buttons -->\n             <!-- If we need paginations -->\n  <a href=\"\/lt?page_id=66820\" aria-label=\"Go to Visi Wellness produktai\"><p>Visi \u201eWellness&#8221; produktai<\/p><\/a>\n<!--==================================================== this link has to go last for it to work   ====================================================-->\n\n","protected":false},"excerpt":{"rendered":"<p>\u201eMONAT Balance\u2122&#8221; M\u016bs\u0173 kapsul\u0117je yra 5 milijardai aktyvi\u0173 12 padermi\u0173 pieno r\u016bg\u0161ties bakterij\u0173, palaikan\u010di\u0173 normal\u0173 vir\u0161kinim\u0105 bei normali\u0105 odos, plauk\u0173 ir nag\u0173&nbsp;b\u016bkl\u0119.* 30 vegani\u0161k\u0173 kapsuli\u0173 Ma\u017emenin\u0117 kaina76 \u20ac VIP kliento kaina65 \u20ac Nor\u0117dami su\u017einoti daugiau apiet \u201eMONAT Balance\u2122&#8221;, pasikalb\u0117kite su savo \u201eMONAT Market Partner&#8221;. PIRKTI DABAR NAUDOS Prebiotinis papildas yra svarbus norint sukurti ir palaikyti&hellip;<\/p>\n","protected":false},"author":31,"featured_media":67595,"parent":0,"menu_order":0,"comment_status":"closed","ping_status":"closed","template":"","meta":{"inline_featured_image":false,"om_disable_all_campaigns":false,"_monsterinsights_skip_tracking":false,"_monsterinsights_sitenote_active":false,"_monsterinsights_sitenote_note":"","_monsterinsights_sitenote_category":0,"footnotes":""},"categories":[],"tags":[],"class_list":["post-67594","page","type-page","status-publish","has-post-thumbnail","hentry"],"aioseo_notices":[],"aioseo_head":"\n\t\t<!-- All in One SEO Pro 4.9.5.2 - aioseo.com -->\n\t<meta name=\"description\" content=\"\u201eMONAT Balance\u2122&quot; M\u016bs\u0173 kapsul\u0117je yra 5 milijardai aktyvi\u0173 12 padermi\u0173 pieno r\u016bg\u0161ties bakterij\u0173, palaikan\u010di\u0173 normal\u0173 vir\u0161kinim\u0105 bei normali\u0105 odos, plauk\u0173 ir nag\u0173 b\u016bkl\u0119.* 30 vegani\u0161k\u0173 kapsuli\u0173 Ma\u017emenin\u0117 kaina76 \u20ac VIP kliento kaina65 \u20ac Nor\u0117dami su\u017einoti daugiau apiet \u201eMONAT Balance\u2122&quot;, pasikalb\u0117kite su savo \u201eMONAT Market Partner&quot;. PIRKTI DABAR NAUDOS Prebiotinis papildas yra svarbus norint sukurti ir palaikyti\" \/>\n\t<meta name=\"robots\" content=\"max-image-preview:large\" \/>\n\t<link rel=\"canonical\" href=\"https:\/\/monatglobal.com\/lt\/balance\/\" \/>\n\t<meta name=\"generator\" content=\"All in One SEO Pro (AIOSEO) 4.9.5.2\" \/>\n\t\t<meta property=\"og:locale\" content=\"lt_LT\" \/>\n\t\t<meta property=\"og:site_name\" content=\"MONAT Lithuania -\" \/>\n\t\t<meta property=\"og:type\" content=\"article\" \/>\n\t\t<meta property=\"og:title\" content=\"\u201eMONAT Balance\u2122\u201c - MONAT Lithuania\" \/>\n\t\t<meta property=\"og:description\" content=\"\u201eMONAT Balance\u2122&quot; M\u016bs\u0173 kapsul\u0117je yra 5 milijardai aktyvi\u0173 12 padermi\u0173 pieno r\u016bg\u0161ties bakterij\u0173, palaikan\u010di\u0173 normal\u0173 vir\u0161kinim\u0105 bei normali\u0105 odos, plauk\u0173 ir nag\u0173 b\u016bkl\u0119.* 30 vegani\u0161k\u0173 kapsuli\u0173 Ma\u017emenin\u0117 kaina76 \u20ac VIP kliento kaina65 \u20ac Nor\u0117dami su\u017einoti daugiau apiet \u201eMONAT Balance\u2122&quot;, pasikalb\u0117kite su savo \u201eMONAT Market Partner&quot;. PIRKTI DABAR NAUDOS Prebiotinis papildas yra svarbus norint sukurti ir palaikyti\" \/>\n\t\t<meta property=\"og:url\" content=\"https:\/\/monatglobal.com\/lt\/balance\/\" \/>\n\t\t<meta property=\"article:published_time\" content=\"2022-01-25T19:54:42+00:00\" \/>\n\t\t<meta property=\"article:modified_time\" content=\"2023-01-05T21:45:32+00:00\" \/>\n\t\t<meta name=\"twitter:card\" content=\"summary_large_image\" \/>\n\t\t<meta name=\"twitter:title\" content=\"\u201eMONAT Balance\u2122\u201c - MONAT Lithuania\" \/>\n\t\t<meta name=\"twitter:description\" content=\"\u201eMONAT Balance\u2122&quot; M\u016bs\u0173 kapsul\u0117je yra 5 milijardai aktyvi\u0173 12 padermi\u0173 pieno r\u016bg\u0161ties bakterij\u0173, palaikan\u010di\u0173 normal\u0173 vir\u0161kinim\u0105 bei normali\u0105 odos, plauk\u0173 ir nag\u0173 b\u016bkl\u0119.* 30 vegani\u0161k\u0173 kapsuli\u0173 Ma\u017emenin\u0117 kaina76 \u20ac VIP kliento kaina65 \u20ac Nor\u0117dami su\u017einoti daugiau apiet \u201eMONAT Balance\u2122&quot;, pasikalb\u0117kite su savo \u201eMONAT Market Partner&quot;. PIRKTI DABAR NAUDOS Prebiotinis papildas yra svarbus norint sukurti ir palaikyti\" \/>\n\t\t<script type=\"application\/ld+json\" class=\"aioseo-schema\">\n\t\t\t{\"@context\":\"https:\\\/\\\/schema.org\",\"@graph\":[{\"@type\":\"BreadcrumbList\",\"@id\":\"https:\\\/\\\/monatglobal.com\\\/lt\\\/balance\\\/#breadcrumblist\",\"itemListElement\":[{\"@type\":\"ListItem\",\"@id\":\"https:\\\/\\\/monatglobal.com\\\/lt#listItem\",\"position\":1,\"name\":\"Home\",\"item\":\"https:\\\/\\\/monatglobal.com\\\/lt\",\"nextItem\":{\"@type\":\"ListItem\",\"@id\":\"https:\\\/\\\/monatglobal.com\\\/lt\\\/balance\\\/#listItem\",\"name\":\"\\u201eMONAT Balance\\u2122\\u201c\"}},{\"@type\":\"ListItem\",\"@id\":\"https:\\\/\\\/monatglobal.com\\\/lt\\\/balance\\\/#listItem\",\"position\":2,\"name\":\"\\u201eMONAT Balance\\u2122\\u201c\",\"previousItem\":{\"@type\":\"ListItem\",\"@id\":\"https:\\\/\\\/monatglobal.com\\\/lt#listItem\",\"name\":\"Home\"}}]},{\"@type\":\"Organization\",\"@id\":\"https:\\\/\\\/monatglobal.com\\\/lt\\\/#organization\",\"name\":\"MONAT Lithuania\",\"url\":\"https:\\\/\\\/monatglobal.com\\\/lt\\\/\"},{\"@type\":\"WebPage\",\"@id\":\"https:\\\/\\\/monatglobal.com\\\/lt\\\/balance\\\/#webpage\",\"url\":\"https:\\\/\\\/monatglobal.com\\\/lt\\\/balance\\\/\",\"name\":\"\\u201eMONAT Balance\\u2122\\u201c - MONAT Lithuania\",\"description\":\"\\u201eMONAT Balance\\u2122\\\" M\\u016bs\\u0173 kapsul\\u0117je yra 5 milijardai aktyvi\\u0173 12 padermi\\u0173 pieno r\\u016bg\\u0161ties bakterij\\u0173, palaikan\\u010di\\u0173 normal\\u0173 vir\\u0161kinim\\u0105 bei normali\\u0105 odos, plauk\\u0173 ir nag\\u0173 b\\u016bkl\\u0119.* 30 vegani\\u0161k\\u0173 kapsuli\\u0173 Ma\\u017emenin\\u0117 kaina76 \\u20ac VIP kliento kaina65 \\u20ac Nor\\u0117dami su\\u017einoti daugiau apiet \\u201eMONAT Balance\\u2122\\\", pasikalb\\u0117kite su savo \\u201eMONAT Market Partner\\\". PIRKTI DABAR NAUDOS Prebiotinis papildas yra svarbus norint sukurti ir palaikyti\",\"inLanguage\":\"lt-LT\",\"isPartOf\":{\"@id\":\"https:\\\/\\\/monatglobal.com\\\/lt\\\/#website\"},\"breadcrumb\":{\"@id\":\"https:\\\/\\\/monatglobal.com\\\/lt\\\/balance\\\/#breadcrumblist\"},\"image\":{\"@type\":\"ImageObject\",\"url\":67595,\"@id\":\"https:\\\/\\\/monatglobal.com\\\/lt\\\/balance\\\/#mainImage\"},\"primaryImageOfPage\":{\"@id\":\"https:\\\/\\\/monatglobal.com\\\/lt\\\/balance\\\/#mainImage\"},\"datePublished\":\"2022-01-25T19:54:42+00:00\",\"dateModified\":\"2023-01-05T21:45:32+00:00\"},{\"@type\":\"WebSite\",\"@id\":\"https:\\\/\\\/monatglobal.com\\\/lt\\\/#website\",\"url\":\"https:\\\/\\\/monatglobal.com\\\/lt\\\/\",\"name\":\"MONAT Lithuania\",\"inLanguage\":\"lt-LT\",\"publisher\":{\"@id\":\"https:\\\/\\\/monatglobal.com\\\/lt\\\/#organization\"}}]}\n\t\t<\/script>\n\t\t<!-- All in One SEO Pro -->\r\n\t\t<title>\u201eMONAT Balance\u2122\u201c - MONAT Lithuania<\/title>\n\n","aioseo_head_json":{"title":"\u201eMONAT Balance\u2122\u201c - MONAT Lithuania","description":"\u201eMONAT Balance\u2122\" M\u016bs\u0173 kapsul\u0117je yra 5 milijardai aktyvi\u0173 12 padermi\u0173 pieno r\u016bg\u0161ties bakterij\u0173, palaikan\u010di\u0173 normal\u0173 vir\u0161kinim\u0105 bei normali\u0105 odos, plauk\u0173 ir nag\u0173 b\u016bkl\u0119.* 30 vegani\u0161k\u0173 kapsuli\u0173 Ma\u017emenin\u0117 kaina76 \u20ac VIP kliento kaina65 \u20ac Nor\u0117dami su\u017einoti daugiau apiet \u201eMONAT Balance\u2122\", pasikalb\u0117kite su savo \u201eMONAT Market Partner\". PIRKTI DABAR NAUDOS Prebiotinis papildas yra svarbus norint sukurti ir palaikyti","canonical_url":"https:\/\/monatglobal.com\/lt\/balance\/","robots":"max-image-preview:large","keywords":"","webmasterTools":{"miscellaneous":""},"schema":{"@context":"https:\/\/schema.org","@graph":[{"@type":"BreadcrumbList","@id":"https:\/\/monatglobal.com\/lt\/balance\/#breadcrumblist","itemListElement":[{"@type":"ListItem","@id":"https:\/\/monatglobal.com\/lt#listItem","position":1,"name":"Home","item":"https:\/\/monatglobal.com\/lt","nextItem":{"@type":"ListItem","@id":"https:\/\/monatglobal.com\/lt\/balance\/#listItem","name":"\u201eMONAT Balance\u2122\u201c"}},{"@type":"ListItem","@id":"https:\/\/monatglobal.com\/lt\/balance\/#listItem","position":2,"name":"\u201eMONAT Balance\u2122\u201c","previousItem":{"@type":"ListItem","@id":"https:\/\/monatglobal.com\/lt#listItem","name":"Home"}}]},{"@type":"Organization","@id":"https:\/\/monatglobal.com\/lt\/#organization","name":"MONAT Lithuania","url":"https:\/\/monatglobal.com\/lt\/"},{"@type":"WebPage","@id":"https:\/\/monatglobal.com\/lt\/balance\/#webpage","url":"https:\/\/monatglobal.com\/lt\/balance\/","name":"\u201eMONAT Balance\u2122\u201c - MONAT Lithuania","description":"\u201eMONAT Balance\u2122\" M\u016bs\u0173 kapsul\u0117je yra 5 milijardai aktyvi\u0173 12 padermi\u0173 pieno r\u016bg\u0161ties bakterij\u0173, palaikan\u010di\u0173 normal\u0173 vir\u0161kinim\u0105 bei normali\u0105 odos, plauk\u0173 ir nag\u0173 b\u016bkl\u0119.* 30 vegani\u0161k\u0173 kapsuli\u0173 Ma\u017emenin\u0117 kaina76 \u20ac VIP kliento kaina65 \u20ac Nor\u0117dami su\u017einoti daugiau apiet \u201eMONAT Balance\u2122\", pasikalb\u0117kite su savo \u201eMONAT Market Partner\". PIRKTI DABAR NAUDOS Prebiotinis papildas yra svarbus norint sukurti ir palaikyti","inLanguage":"lt-LT","isPartOf":{"@id":"https:\/\/monatglobal.com\/lt\/#website"},"breadcrumb":{"@id":"https:\/\/monatglobal.com\/lt\/balance\/#breadcrumblist"},"image":{"@type":"ImageObject","url":67595,"@id":"https:\/\/monatglobal.com\/lt\/balance\/#mainImage"},"primaryImageOfPage":{"@id":"https:\/\/monatglobal.com\/lt\/balance\/#mainImage"},"datePublished":"2022-01-25T19:54:42+00:00","dateModified":"2023-01-05T21:45:32+00:00"},{"@type":"WebSite","@id":"https:\/\/monatglobal.com\/lt\/#website","url":"https:\/\/monatglobal.com\/lt\/","name":"MONAT Lithuania","inLanguage":"lt-LT","publisher":{"@id":"https:\/\/monatglobal.com\/lt\/#organization"}}]},"og:locale":"lt_LT","og:site_name":"MONAT Lithuania -","og:type":"article","og:title":"\u201eMONAT Balance\u2122\u201c - MONAT Lithuania","og:description":"\u201eMONAT Balance\u2122&quot; M\u016bs\u0173 kapsul\u0117je yra 5 milijardai aktyvi\u0173 12 padermi\u0173 pieno r\u016bg\u0161ties bakterij\u0173, palaikan\u010di\u0173 normal\u0173 vir\u0161kinim\u0105 bei normali\u0105 odos, plauk\u0173 ir nag\u0173 b\u016bkl\u0119.* 30 vegani\u0161k\u0173 kapsuli\u0173 Ma\u017emenin\u0117 kaina76 \u20ac VIP kliento kaina65 \u20ac Nor\u0117dami su\u017einoti daugiau apiet \u201eMONAT Balance\u2122&quot;, pasikalb\u0117kite su savo \u201eMONAT Market Partner&quot;. PIRKTI DABAR NAUDOS Prebiotinis papildas yra svarbus norint sukurti ir palaikyti","og:url":"https:\/\/monatglobal.com\/lt\/balance\/","article:published_time":"2022-01-25T19:54:42+00:00","article:modified_time":"2023-01-05T21:45:32+00:00","twitter:card":"summary_large_image","twitter:title":"\u201eMONAT Balance\u2122\u201c - MONAT Lithuania","twitter:description":"\u201eMONAT Balance\u2122&quot; M\u016bs\u0173 kapsul\u0117je yra 5 milijardai aktyvi\u0173 12 padermi\u0173 pieno r\u016bg\u0161ties bakterij\u0173, palaikan\u010di\u0173 normal\u0173 vir\u0161kinim\u0105 bei normali\u0105 odos, plauk\u0173 ir nag\u0173 b\u016bkl\u0119.* 30 vegani\u0161k\u0173 kapsuli\u0173 Ma\u017emenin\u0117 kaina76 \u20ac VIP kliento kaina65 \u20ac Nor\u0117dami su\u017einoti daugiau apiet \u201eMONAT Balance\u2122&quot;, pasikalb\u0117kite su savo \u201eMONAT Market Partner&quot;. PIRKTI DABAR NAUDOS Prebiotinis papildas yra svarbus norint sukurti ir palaikyti"},"aioseo_meta_data":{"post_id":"67594","title":null,"description":null,"keywords":null,"keyphrases":null,"primary_term":null,"canonical_url":null,"og_title":null,"og_description":null,"og_object_type":"default","og_image_type":"default","og_image_url":null,"og_image_width":null,"og_image_height":null,"og_image_custom_url":null,"og_image_custom_fields":null,"og_video":null,"og_custom_url":null,"og_article_section":null,"og_article_tags":null,"twitter_use_og":false,"twitter_card":"default","twitter_image_type":"default","twitter_image_url":null,"twitter_image_custom_url":null,"twitter_image_custom_fields":null,"twitter_title":null,"twitter_description":null,"schema":{"blockGraphs":[],"customGraphs":[],"default":{"data":{"Article":[],"Course":[],"Dataset":[],"FAQPage":[],"Movie":[],"Person":[],"Product":[],"ProductReview":[],"Car":[],"Recipe":[],"Service":[],"SoftwareApplication":[],"WebPage":[]},"graphName":"","isEnabled":true},"graphs":[]},"schema_type":"default","schema_type_options":null,"pillar_content":false,"robots_default":true,"robots_noindex":false,"robots_noarchive":false,"robots_nosnippet":false,"robots_nofollow":false,"robots_noimageindex":false,"robots_noodp":false,"robots_notranslate":false,"robots_max_snippet":null,"robots_max_videopreview":null,"robots_max_imagepreview":"large","priority":null,"frequency":null,"local_seo":null,"seo_analyzer_scan_date":"2025-08-15 01:31:51","breadcrumb_settings":null,"limit_modified_date":false,"reviewed_by":null,"open_ai":null,"ai":null,"created":"2023-07-26 19:20:15","updated":"2025-08-15 01:31:51"},"aioseo_breadcrumb":"<div class=\"aioseo-breadcrumbs\"><span class=\"aioseo-breadcrumb\">\n\t<a href=\"https:\/\/monatglobal.com\/lt\" title=\"Home\">Home<\/a>\n<\/span><span class=\"aioseo-breadcrumb-separator\">&raquo;<\/span><span class=\"aioseo-breadcrumb\">\n\t\u201eMONAT Balance\u2122\u201c\n<\/span><\/div>","aioseo_breadcrumb_json":[{"label":"Home","link":"https:\/\/monatglobal.com\/lt"},{"label":"\u201eMONAT Balance\u2122\u201c","link":"https:\/\/monatglobal.com\/lt\/balance\/"}],"_links":{"self":[{"href":"https:\/\/monatglobal.com\/lt\/wp-json\/wp\/v2\/pages\/67594","targetHints":{"allow":["GET"]}}],"collection":[{"href":"https:\/\/monatglobal.com\/lt\/wp-json\/wp\/v2\/pages"}],"about":[{"href":"https:\/\/monatglobal.com\/lt\/wp-json\/wp\/v2\/types\/page"}],"author":[{"embeddable":true,"href":"https:\/\/monatglobal.com\/lt\/wp-json\/wp\/v2\/users\/31"}],"replies":[{"embeddable":true,"href":"https:\/\/monatglobal.com\/lt\/wp-json\/wp\/v2\/comments?post=67594"}],"version-history":[{"count":6,"href":"https:\/\/monatglobal.com\/lt\/wp-json\/wp\/v2\/pages\/67594\/revisions"}],"predecessor-version":[{"id":75894,"href":"https:\/\/monatglobal.com\/lt\/wp-json\/wp\/v2\/pages\/67594\/revisions\/75894"}],"wp:featuredmedia":[{"embeddable":true,"href":"https:\/\/monatglobal.com\/lt\/wp-json\/"}],"wp:attachment":[{"href":"https:\/\/monatglobal.com\/lt\/wp-json\/wp\/v2\/media?parent=67594"}],"wp:term":[{"taxonomy":"category","embeddable":true,"href":"https:\/\/monatglobal.com\/lt\/wp-json\/wp\/v2\/categories?post=67594"},{"taxonomy":"post_tag","embeddable":true,"href":"https:\/\/monatglobal.com\/lt\/wp-json\/wp\/v2\/tags?post=67594"}],"curies":[{"name":"wp","href":"https:\/\/api.w.org\/{rel}","templated":true}]}}