{"id":67259,"date":"2022-01-10T15:16:56","date_gmt":"2022-01-10T15:16:56","guid":{"rendered":"https:\/\/monatglobal.com\/lt\/?page_id=67259"},"modified":"2022-10-05T23:16:44","modified_gmt":"2022-10-05T22:16:44","slug":"new-leadership-experience-july","status":"publish","type":"page","link":"https:\/\/monatglobal.com\/lt\/new-leadership-experience-july\/","title":{"rendered":"New Leadership Experience"},"content":{"rendered":"\n\n           <img decoding=\"async\" src=\"https:\/\/monatglobal.com\/lt\/wp-content\/uploads\/sites\/11\/2022\/01\/New-Leadership-Experience-2021-lt.png\" alt=\"New Leadership Esperience logo\"\/>\n<p>2022 m. liepos 22-24 d.<br \/> MAJAMIS, FLORIDA<\/p>\n        <p>\u012esivaizduokite, kad  <br \/>treniruojat\u0117s Majamyje!<\/p>\n        <p>Perkelkite savo lyderyst\u0119 \u012f kit\u0105 lygmen\u012f, dalyvaudami Naujos Lyderyst\u0117s Patirtyje 2022 m. liepos&nbsp;m\u0117nes\u012f!<\/p>\n        Mokykit\u0117s kartu su auk\u0161\u010diausio lygio vadovais ir su\u017einokite, k\u0105 lyderyst\u0117 rei\u0161kia \u201eMONAT&#8221;. \n        Taip pat tur\u0117site galimyb\u0119 mokytis i\u0161 pasitik\u0117jimo ir pardavimo eksperto Todd Duncan i\u0161skirtin\u0117je grupin\u0117je mokym\u0173&nbsp;sesijoje.\n     <img decoding=\"async\" src=\"https:\/\/monatglobal.com\/wp-content\/uploads\/2021\/11\/yellow-arrows-.png\" alt=\"New market partner diamond graphic\"\/>\n   <img decoding=\"async\" src=\"https:\/\/monatglobal.com\/wp-content\/uploads\/2021\/11\/monat-leadership.png\" alt=\"New market partner diamond graphic\"\/>\n       <h2>Kvalifikacijos kriterijai<\/h2>\n    <p>2022 m. sausio 1 d. &#8211; 2022 m. bir\u017eelio 30 d.<\/p>\n     \n         I\u0161vykoje gali dalyvauti visi JAV, Kanados ir Europos \u201eMarket Partner&#8221;, atitinkantys toliau pateikiamus&nbsp;reikalavimus*:\n     \n         a)\t\u201eMarket Partner&#8221;, kurie nuo 2022 m. sausio 1 d. turi \u201eManaging Market Builder&#8221; &#8211; \u201eManaging Market Mentor&#8221; rang\u0105 \n         bei kuriems keturis m\u0117nesius i\u0161 \u0161e\u0161i\u0173 mokama kaip \u0161iems karjeros rangams. Per tuos \u0161e\u0161is m\u0117nesius jie taip pat turi \n         sukurti tris&nbsp;\u201eBlock&#8221;. \n     \n         b)\tdalyvavimui keliamus reikalavimus atitiks \u201eMarket Partner&#8221;, pak\u0117l\u0119 savo rang\u0105 \u012f MMB, AMM, MM arba MMM pat\u012f pirm\u0105j\u012f kart\u0105 \n         bet kuriuo kvalifikacinio laikotarpio metu, i\u0161laik\u0119 mokama kaip rang\u0105 pagal toliau pateikt\u0105 diagram\u0105 ir per tuos \u0161e\u0161is \n         m\u0117nesius i\u0161 viso suk\u016br\u0119 tris&nbsp;\u201eBlock&#8221;.\n                <ul>\n                    <p>Nauji 2022 m. sausio m\u0117n. MMB &#8211; MMM<\/p>\n                <\/ul>\n            I\u0161laikyti mokama kaip rang\u0105 3 i\u0161 5 likusi\u0173 kvalifikacini\u0173 m\u0117nesi\u0173 \n            (vasario m\u0117n. &#8211; bir\u017eelio m\u0117n.) + sukurti 3&nbsp;\u201eBlocks&#8221;\n                <ul>\n                    <p>Nauji 2022 m. vasario m\u0117n. MMB &#8211; MMM<\/p>\n                <\/ul>\n            I\u0161laikyti mokama kaip rang\u0105 3 i\u0161 4 likusi\u0173 kvalifikacini\u0173 m\u0117nesi\u0173 \n            (kovo m\u0117n. &#8211; bir\u017eelio m\u0117n.) + sukurti 3&nbsp;\u201eBlocks&#8221;\n                <ul>\n                    <p>Nauji 2022 m. kovo m\u0117n. MMB &#8211; MMM<\/p>\n                <\/ul>\n            I\u0161laikyti mokama kaip rang\u0105 2 i\u0161 3 likusi\u0173 kvalifikacini\u0173 m\u0117nesi\u0173 \n            (baland\u017eio m\u0117n. &#8211; bir\u017eelio m\u0117n.) + sukurti 3&nbsp;\u201eBlocks&#8221;\n                <ul>\n                    <p>Nauji 2022 m. baland\u017eio m\u0117n. MMB &#8211; MMM<\/p>\n                <\/ul>\n            I\u0161laikyti mokama kaip rang\u0105 1 i\u0161 2 likusi\u0173 kvalifikacini\u0173 m\u0117nesi\u0173 \n            (gegu\u017e\u0117s m\u0117n. &#8211; bir\u017eelio m\u0117n.) + sukurti 3&nbsp;\u201eBlocks&#8221;\n                <ul>\n                    <p>Nauji 2022 m. gegu\u017e\u0117s m\u0117n. MMB &#8211; MMM<\/p>\n                <\/ul>\n            <p>I\u0161laikyti mokama kaip rang\u0105 vis\u0105 bir\u017eelio m\u0117nes\u012f + sukurti 3&nbsp;\u201eBlocks&#8221; <\/p>\n                <ul>\n                    <p>Nauji 2022 m. bir\u017eelio m\u0117n. MMB &#8211; MMM<\/p>\n                <\/ul>\n            <p>Taip pat turi sukurti 3&nbsp;\u201eBlocks&#8221;<\/p>\n    <!-- Mobile -->\n                <ul>\n                    <p>Nauji 2022 m. sausio m\u0117n. MMB &#8211; MMM<\/p>\n                <\/ul>\n            I\u0161laikyti mokama kaip rang\u0105 3 i\u0161 5 likusi\u0173 kvalifikacini\u0173 m\u0117nesi\u0173 \n            (vasario m\u0117n. &#8211; bir\u017eelio m\u0117n.) + sukurti 3&nbsp;\u201eBlocks&#8221;\n                <ul>\n                    <p>Nauji 2022 m. vasario m\u0117n. MMB &#8211; MMM<\/p>\n                <\/ul>\n            I\u0161laikyti mokama kaip rang\u0105 3 i\u0161 4 likusi\u0173 kvalifikacini\u0173 m\u0117nesi\u0173 \n            (kovo m\u0117n. &#8211; bir\u017eelio m\u0117n.) + sukurti 3&nbsp;\u201eBlocks&#8221;\n                <ul>\n                    <p>Nauji 2022 m. kovo m\u0117n. MMB &#8211; MMM<\/p>\n                <\/ul>\n            I\u0161laikyti mokama kaip rang\u0105 2 i\u0161 3 likusi\u0173 kvalifikacini\u0173 m\u0117nesi\u0173 \n            (baland\u017eio m\u0117n. &#8211; bir\u017eelio m\u0117n.) + sukurti 3&nbsp;\u201eBlocks&#8221;\n                <ul>\n                    <p>Nauji 2022 m. baland\u017eio m\u0117n. MMB &#8211; MMM<\/p>\n                <\/ul>\n            I\u0161laikyti mokama kaip rang\u0105 1 i\u0161 2 likusi\u0173 kvalifikacini\u0173 m\u0117nesi\u0173 \n            (gegu\u017e\u0117s m\u0117n. &#8211; bir\u017eelio m\u0117n.) + sukurti 3&nbsp;\u201eBlocks&#8221;\n                <ul>\n                    <p>Nauji 2022 m. gegu\u017e\u0117s m\u0117n. MMB &#8211; MMM<\/p>\n                <\/ul>\n            <p>I\u0161laikyti mokama kaip rang\u0105 vis\u0105 bir\u017eelio m\u0117nes\u012f + sukurti 3&nbsp;\u201eBlocks&#8221; <\/p>\n                <ul>\n                    <p>Nauji 2022 m. bir\u017eelio m\u0117n. MMB &#8211; MMM<\/p>\n                <\/ul>\n            <p>Taip pat turi sukurti 3&nbsp;\u201eBlocks&#8221;<\/p>\n            <p>* Nor\u0117damas atitikti reikalavimus, dalyvauti siekiantis asmuo turi b\u016bti anks\u010diau nedalyvav\u0119s naujos lyderyst\u0117s&nbsp;patirtyje.<\/p>\n            <p>*VIP, u\u017eregistruoti kaip j\u016bs\u0173 \u201eblocks&#8221; dalis, turi tur\u0117ti aktyv\u0173 \u201eFlexship&#8221;. Kad VIP registracija b\u016bt\u0173 tinkama, VIP turi tur\u0117ti aktyv\u0173 \u201eFlexship&#8221; iki m\u0117nesio, einan\u010dio po registracijos, 15&nbsp;dienos.<\/p>\n     <img decoding=\"async\" src=\"https:\/\/monatglobal.com\/wp-content\/uploads\/2021\/11\/yellow-arrows-reversed.png\" alt=\"New market partner diamond graphic\"\/>\n    <h2>KAS \u012eEINA \u012e KAIN\u0104?<\/h2>\n                  <p>Bilietai pirmyn ir atgal \u012f Majam\u012f,&nbsp;Florid\u0105<\/p>\n                  <p>2 nakt\u0173 apgyvendinimas<\/p>\n                  <p>Pus\u0117s dienos mokymai su pagrindiniu pasitik\u0117jimo ir pardavimo ekspertu Todd&nbsp;Duncan<\/p>\n                  <p>Ekskursija po \u201eMONAT&#8221; skirstom\u0105j\u012f&nbsp;centr\u0105<\/p>\n                  <p>Netik\u0117ti sve\u010diai!<\/p>\n    <a href=\"https:\/\/monatglobal.com\/lt\/wp-content\/uploads\/sites\/11\/2022\/05\/LT_New_Leadership_Experience_FAQ_05232022_V2.pdf\" target=\"_blank\" rel=\"noopener\">DUK<\/a>    \n    <a href=\"https:\/\/monatglobal.com\/lt\/wp-content\/uploads\/sites\/11\/2022\/03\/LT_NLE_July_Challenge_FAQ_03112022_V1.pdf\" target=\"_blank\" rel=\"noopener\">I\u0161\u0161\u016bkio DUK<\/a>    \n    <a href=\"https:\/\/monatglobal.com\/lt\/wp-content\/uploads\/sites\/11\/2022\/06\/LT_New-Leadership-Experience-Terms-Conditions_051022_v4.pdf\" target=\"_blank\" rel=\"noopener\">Taisykl\u0117s ir s\u0105lygos<\/a>    \n\n","protected":false},"excerpt":{"rendered":"<p>2022 m. liepos 22-24 d. MAJAMIS, FLORIDA \u012esivaizduokite, kad treniruojat\u0117s Majamyje! Perkelkite savo lyderyst\u0119 \u012f kit\u0105 lygmen\u012f, dalyvaudami Naujos Lyderyst\u0117s Patirtyje 2022 m. liepos&nbsp;m\u0117nes\u012f! Mokykit\u0117s kartu su auk\u0161\u010diausio lygio vadovais ir su\u017einokite, k\u0105 lyderyst\u0117 rei\u0161kia \u201eMONAT&#8221;. Taip pat tur\u0117site galimyb\u0119 mokytis i\u0161 pasitik\u0117jimo ir pardavimo eksperto Todd Duncan i\u0161skirtin\u0117je grupin\u0117je mokym\u0173&nbsp;sesijoje. Kvalifikacijos kriterijai 2022 m.&hellip;<\/p>\n","protected":false},"author":31,"featured_media":67289,"parent":0,"menu_order":0,"comment_status":"closed","ping_status":"closed","template":"","meta":{"inline_featured_image":false,"om_disable_all_campaigns":false,"_monsterinsights_skip_tracking":false,"_monsterinsights_sitenote_active":false,"_monsterinsights_sitenote_note":"","_monsterinsights_sitenote_category":0,"footnotes":""},"categories":[],"tags":[],"class_list":["post-67259","page","type-page","status-publish","has-post-thumbnail","hentry"],"aioseo_notices":[],"aioseo_head":"\n\t\t<!-- All in One SEO Pro 4.9.6 - aioseo.com -->\n\t<meta name=\"description\" content=\"2022 m. liepos 22-24 d. MAJAMIS, FLORIDA \u012esivaizduokite, kad treniruojat\u0117s Majamyje! Perkelkite savo lyderyst\u0119 \u012f kit\u0105 lygmen\u012f, dalyvaudami Naujos Lyderyst\u0117s Patirtyje 2022 m. liepos m\u0117nes\u012f! Mokykit\u0117s kartu su auk\u0161\u010diausio lygio vadovais ir su\u017einokite, k\u0105 lyderyst\u0117 rei\u0161kia \u201eMONAT&quot;. Taip pat tur\u0117site galimyb\u0119 mokytis i\u0161 pasitik\u0117jimo ir pardavimo eksperto Todd Duncan i\u0161skirtin\u0117je grupin\u0117je mokym\u0173 sesijoje. Kvalifikacijos kriterijai 2022 m.\" \/>\n\t<meta name=\"robots\" content=\"max-image-preview:large\" \/>\n\t<link rel=\"canonical\" href=\"https:\/\/monatglobal.com\/lt\/new-leadership-experience-july\/\" \/>\n\t<meta name=\"generator\" content=\"All in One SEO Pro (AIOSEO) 4.9.6\" \/>\n\t\t<meta property=\"og:locale\" content=\"lt_LT\" \/>\n\t\t<meta property=\"og:site_name\" content=\"MONAT Lithuania -\" \/>\n\t\t<meta property=\"og:type\" content=\"article\" \/>\n\t\t<meta property=\"og:title\" content=\"New Leadership Experience - MONAT Lithuania\" \/>\n\t\t<meta property=\"og:description\" content=\"2022 m. liepos 22-24 d. MAJAMIS, FLORIDA \u012esivaizduokite, kad treniruojat\u0117s Majamyje! Perkelkite savo lyderyst\u0119 \u012f kit\u0105 lygmen\u012f, dalyvaudami Naujos Lyderyst\u0117s Patirtyje 2022 m. liepos m\u0117nes\u012f! Mokykit\u0117s kartu su auk\u0161\u010diausio lygio vadovais ir su\u017einokite, k\u0105 lyderyst\u0117 rei\u0161kia \u201eMONAT&quot;. Taip pat tur\u0117site galimyb\u0119 mokytis i\u0161 pasitik\u0117jimo ir pardavimo eksperto Todd Duncan i\u0161skirtin\u0117je grupin\u0117je mokym\u0173 sesijoje. Kvalifikacijos kriterijai 2022 m.\" \/>\n\t\t<meta property=\"og:url\" content=\"https:\/\/monatglobal.com\/lt\/new-leadership-experience-july\/\" \/>\n\t\t<meta property=\"article:published_time\" content=\"2022-01-10T15:16:56+00:00\" \/>\n\t\t<meta property=\"article:modified_time\" content=\"2022-10-05T22:16:44+00:00\" \/>\n\t\t<meta name=\"twitter:card\" content=\"summary_large_image\" \/>\n\t\t<meta name=\"twitter:title\" content=\"New Leadership Experience - MONAT Lithuania\" \/>\n\t\t<meta name=\"twitter:description\" content=\"2022 m. liepos 22-24 d. MAJAMIS, FLORIDA \u012esivaizduokite, kad treniruojat\u0117s Majamyje! Perkelkite savo lyderyst\u0119 \u012f kit\u0105 lygmen\u012f, dalyvaudami Naujos Lyderyst\u0117s Patirtyje 2022 m. liepos m\u0117nes\u012f! Mokykit\u0117s kartu su auk\u0161\u010diausio lygio vadovais ir su\u017einokite, k\u0105 lyderyst\u0117 rei\u0161kia \u201eMONAT&quot;. Taip pat tur\u0117site galimyb\u0119 mokytis i\u0161 pasitik\u0117jimo ir pardavimo eksperto Todd Duncan i\u0161skirtin\u0117je grupin\u0117je mokym\u0173 sesijoje. Kvalifikacijos kriterijai 2022 m.\" \/>\n\t\t<script type=\"application\/ld+json\" class=\"aioseo-schema\">\n\t\t\t{\"@context\":\"https:\\\/\\\/schema.org\",\"@graph\":[{\"@type\":\"BreadcrumbList\",\"@id\":\"https:\\\/\\\/monatglobal.com\\\/lt\\\/new-leadership-experience-july\\\/#breadcrumblist\",\"itemListElement\":[{\"@type\":\"ListItem\",\"@id\":\"https:\\\/\\\/monatglobal.com\\\/lt#listItem\",\"position\":1,\"name\":\"Home\",\"item\":\"https:\\\/\\\/monatglobal.com\\\/lt\",\"nextItem\":{\"@type\":\"ListItem\",\"@id\":\"https:\\\/\\\/monatglobal.com\\\/lt\\\/new-leadership-experience-july\\\/#listItem\",\"name\":\"New Leadership Experience\"}},{\"@type\":\"ListItem\",\"@id\":\"https:\\\/\\\/monatglobal.com\\\/lt\\\/new-leadership-experience-july\\\/#listItem\",\"position\":2,\"name\":\"New Leadership Experience\",\"previousItem\":{\"@type\":\"ListItem\",\"@id\":\"https:\\\/\\\/monatglobal.com\\\/lt#listItem\",\"name\":\"Home\"}}]},{\"@type\":\"Organization\",\"@id\":\"https:\\\/\\\/monatglobal.com\\\/lt\\\/#organization\",\"name\":\"MONAT Lithuania\",\"url\":\"https:\\\/\\\/monatglobal.com\\\/lt\\\/\"},{\"@type\":\"WebPage\",\"@id\":\"https:\\\/\\\/monatglobal.com\\\/lt\\\/new-leadership-experience-july\\\/#webpage\",\"url\":\"https:\\\/\\\/monatglobal.com\\\/lt\\\/new-leadership-experience-july\\\/\",\"name\":\"New Leadership Experience - MONAT Lithuania\",\"description\":\"2022 m. liepos 22-24 d. MAJAMIS, FLORIDA \\u012esivaizduokite, kad treniruojat\\u0117s Majamyje! Perkelkite savo lyderyst\\u0119 \\u012f kit\\u0105 lygmen\\u012f, dalyvaudami Naujos Lyderyst\\u0117s Patirtyje 2022 m. liepos m\\u0117nes\\u012f! Mokykit\\u0117s kartu su auk\\u0161\\u010diausio lygio vadovais ir su\\u017einokite, k\\u0105 lyderyst\\u0117 rei\\u0161kia \\u201eMONAT\\\". Taip pat tur\\u0117site galimyb\\u0119 mokytis i\\u0161 pasitik\\u0117jimo ir pardavimo eksperto Todd Duncan i\\u0161skirtin\\u0117je grupin\\u0117je mokym\\u0173 sesijoje. Kvalifikacijos kriterijai 2022 m.\",\"inLanguage\":\"lt-LT\",\"isPartOf\":{\"@id\":\"https:\\\/\\\/monatglobal.com\\\/lt\\\/#website\"},\"breadcrumb\":{\"@id\":\"https:\\\/\\\/monatglobal.com\\\/lt\\\/new-leadership-experience-july\\\/#breadcrumblist\"},\"image\":{\"@type\":\"ImageObject\",\"url\":67289,\"@id\":\"https:\\\/\\\/monatglobal.com\\\/lt\\\/new-leadership-experience-july\\\/#mainImage\"},\"primaryImageOfPage\":{\"@id\":\"https:\\\/\\\/monatglobal.com\\\/lt\\\/new-leadership-experience-july\\\/#mainImage\"},\"datePublished\":\"2022-01-10T15:16:56+00:00\",\"dateModified\":\"2022-10-05T23:16:44+01:00\"},{\"@type\":\"WebSite\",\"@id\":\"https:\\\/\\\/monatglobal.com\\\/lt\\\/#website\",\"url\":\"https:\\\/\\\/monatglobal.com\\\/lt\\\/\",\"name\":\"MONAT Lithuania\",\"inLanguage\":\"lt-LT\",\"publisher\":{\"@id\":\"https:\\\/\\\/monatglobal.com\\\/lt\\\/#organization\"}}]}\n\t\t<\/script>\n\t\t<!-- All in One SEO Pro -->\r\n\t\t<title>New Leadership Experience - MONAT Lithuania<\/title>\n\n","aioseo_head_json":{"title":"New Leadership Experience - MONAT Lithuania","description":"2022 m. liepos 22-24 d. MAJAMIS, FLORIDA \u012esivaizduokite, kad treniruojat\u0117s Majamyje! Perkelkite savo lyderyst\u0119 \u012f kit\u0105 lygmen\u012f, dalyvaudami Naujos Lyderyst\u0117s Patirtyje 2022 m. liepos m\u0117nes\u012f! Mokykit\u0117s kartu su auk\u0161\u010diausio lygio vadovais ir su\u017einokite, k\u0105 lyderyst\u0117 rei\u0161kia \u201eMONAT\". Taip pat tur\u0117site galimyb\u0119 mokytis i\u0161 pasitik\u0117jimo ir pardavimo eksperto Todd Duncan i\u0161skirtin\u0117je grupin\u0117je mokym\u0173 sesijoje. Kvalifikacijos kriterijai 2022 m.","canonical_url":"https:\/\/monatglobal.com\/lt\/new-leadership-experience-july\/","robots":"max-image-preview:large","keywords":"","webmasterTools":{"miscellaneous":""},"schema":{"@context":"https:\/\/schema.org","@graph":[{"@type":"BreadcrumbList","@id":"https:\/\/monatglobal.com\/lt\/new-leadership-experience-july\/#breadcrumblist","itemListElement":[{"@type":"ListItem","@id":"https:\/\/monatglobal.com\/lt#listItem","position":1,"name":"Home","item":"https:\/\/monatglobal.com\/lt","nextItem":{"@type":"ListItem","@id":"https:\/\/monatglobal.com\/lt\/new-leadership-experience-july\/#listItem","name":"New Leadership Experience"}},{"@type":"ListItem","@id":"https:\/\/monatglobal.com\/lt\/new-leadership-experience-july\/#listItem","position":2,"name":"New Leadership Experience","previousItem":{"@type":"ListItem","@id":"https:\/\/monatglobal.com\/lt#listItem","name":"Home"}}]},{"@type":"Organization","@id":"https:\/\/monatglobal.com\/lt\/#organization","name":"MONAT Lithuania","url":"https:\/\/monatglobal.com\/lt\/"},{"@type":"WebPage","@id":"https:\/\/monatglobal.com\/lt\/new-leadership-experience-july\/#webpage","url":"https:\/\/monatglobal.com\/lt\/new-leadership-experience-july\/","name":"New Leadership Experience - MONAT Lithuania","description":"2022 m. liepos 22-24 d. MAJAMIS, FLORIDA \u012esivaizduokite, kad treniruojat\u0117s Majamyje! Perkelkite savo lyderyst\u0119 \u012f kit\u0105 lygmen\u012f, dalyvaudami Naujos Lyderyst\u0117s Patirtyje 2022 m. liepos m\u0117nes\u012f! Mokykit\u0117s kartu su auk\u0161\u010diausio lygio vadovais ir su\u017einokite, k\u0105 lyderyst\u0117 rei\u0161kia \u201eMONAT\". Taip pat tur\u0117site galimyb\u0119 mokytis i\u0161 pasitik\u0117jimo ir pardavimo eksperto Todd Duncan i\u0161skirtin\u0117je grupin\u0117je mokym\u0173 sesijoje. Kvalifikacijos kriterijai 2022 m.","inLanguage":"lt-LT","isPartOf":{"@id":"https:\/\/monatglobal.com\/lt\/#website"},"breadcrumb":{"@id":"https:\/\/monatglobal.com\/lt\/new-leadership-experience-july\/#breadcrumblist"},"image":{"@type":"ImageObject","url":67289,"@id":"https:\/\/monatglobal.com\/lt\/new-leadership-experience-july\/#mainImage"},"primaryImageOfPage":{"@id":"https:\/\/monatglobal.com\/lt\/new-leadership-experience-july\/#mainImage"},"datePublished":"2022-01-10T15:16:56+00:00","dateModified":"2022-10-05T23:16:44+01:00"},{"@type":"WebSite","@id":"https:\/\/monatglobal.com\/lt\/#website","url":"https:\/\/monatglobal.com\/lt\/","name":"MONAT Lithuania","inLanguage":"lt-LT","publisher":{"@id":"https:\/\/monatglobal.com\/lt\/#organization"}}]},"og:locale":"lt_LT","og:site_name":"MONAT Lithuania -","og:type":"article","og:title":"New Leadership Experience - MONAT Lithuania","og:description":"2022 m. liepos 22-24 d. MAJAMIS, FLORIDA \u012esivaizduokite, kad treniruojat\u0117s Majamyje! Perkelkite savo lyderyst\u0119 \u012f kit\u0105 lygmen\u012f, dalyvaudami Naujos Lyderyst\u0117s Patirtyje 2022 m. liepos m\u0117nes\u012f! Mokykit\u0117s kartu su auk\u0161\u010diausio lygio vadovais ir su\u017einokite, k\u0105 lyderyst\u0117 rei\u0161kia \u201eMONAT&quot;. Taip pat tur\u0117site galimyb\u0119 mokytis i\u0161 pasitik\u0117jimo ir pardavimo eksperto Todd Duncan i\u0161skirtin\u0117je grupin\u0117je mokym\u0173 sesijoje. Kvalifikacijos kriterijai 2022 m.","og:url":"https:\/\/monatglobal.com\/lt\/new-leadership-experience-july\/","article:published_time":"2022-01-10T15:16:56+00:00","article:modified_time":"2022-10-05T22:16:44+00:00","twitter:card":"summary_large_image","twitter:title":"New Leadership Experience - MONAT Lithuania","twitter:description":"2022 m. liepos 22-24 d. MAJAMIS, FLORIDA \u012esivaizduokite, kad treniruojat\u0117s Majamyje! Perkelkite savo lyderyst\u0119 \u012f kit\u0105 lygmen\u012f, dalyvaudami Naujos Lyderyst\u0117s Patirtyje 2022 m. liepos m\u0117nes\u012f! Mokykit\u0117s kartu su auk\u0161\u010diausio lygio vadovais ir su\u017einokite, k\u0105 lyderyst\u0117 rei\u0161kia \u201eMONAT&quot;. Taip pat tur\u0117site galimyb\u0119 mokytis i\u0161 pasitik\u0117jimo ir pardavimo eksperto Todd Duncan i\u0161skirtin\u0117je grupin\u0117je mokym\u0173 sesijoje. Kvalifikacijos kriterijai 2022 m."},"aioseo_meta_data":{"post_id":"67259","title":null,"description":null,"keywords":null,"keyphrases":null,"primary_term":null,"canonical_url":null,"og_title":null,"og_description":null,"og_object_type":"default","og_image_type":"default","og_image_url":null,"og_image_width":null,"og_image_height":null,"og_image_custom_url":null,"og_image_custom_fields":null,"og_video":null,"og_custom_url":null,"og_article_section":null,"og_article_tags":null,"twitter_use_og":false,"twitter_card":"default","twitter_image_type":"default","twitter_image_url":null,"twitter_image_custom_url":null,"twitter_image_custom_fields":null,"twitter_title":null,"twitter_description":null,"schema":{"blockGraphs":[],"customGraphs":[],"default":{"data":{"Article":[],"Course":[],"Dataset":[],"FAQPage":[],"Movie":[],"Person":[],"Product":[],"ProductReview":[],"Car":[],"Recipe":[],"Service":[],"SoftwareApplication":[],"WebPage":[]},"graphName":"","isEnabled":true},"graphs":[]},"schema_type":"default","schema_type_options":null,"pillar_content":false,"robots_default":true,"robots_noindex":false,"robots_noarchive":false,"robots_nosnippet":false,"robots_nofollow":false,"robots_noimageindex":false,"robots_noodp":false,"robots_notranslate":false,"robots_max_snippet":null,"robots_max_videopreview":null,"robots_max_imagepreview":"large","priority":null,"frequency":null,"local_seo":null,"seo_analyzer_scan_date":"2025-08-15 01:29:20","breadcrumb_settings":null,"limit_modified_date":false,"reviewed_by":null,"open_ai":null,"ai":null,"created":"2023-07-26 19:17:18","updated":"2025-08-15 01:29:20"},"aioseo_breadcrumb":"<div class=\"aioseo-breadcrumbs\"><span class=\"aioseo-breadcrumb\">\n\t<a href=\"https:\/\/monatglobal.com\/lt\" title=\"Home\">Home<\/a>\n<\/span><span class=\"aioseo-breadcrumb-separator\">&raquo;<\/span><span class=\"aioseo-breadcrumb\">\n\tNew Leadership Experience\n<\/span><\/div>","aioseo_breadcrumb_json":[{"label":"Home","link":"https:\/\/monatglobal.com\/lt"},{"label":"New Leadership Experience","link":"https:\/\/monatglobal.com\/lt\/new-leadership-experience-july\/"}],"_links":{"self":[{"href":"https:\/\/monatglobal.com\/lt\/wp-json\/wp\/v2\/pages\/67259","targetHints":{"allow":["GET"]}}],"collection":[{"href":"https:\/\/monatglobal.com\/lt\/wp-json\/wp\/v2\/pages"}],"about":[{"href":"https:\/\/monatglobal.com\/lt\/wp-json\/wp\/v2\/types\/page"}],"author":[{"embeddable":true,"href":"https:\/\/monatglobal.com\/lt\/wp-json\/wp\/v2\/users\/31"}],"replies":[{"embeddable":true,"href":"https:\/\/monatglobal.com\/lt\/wp-json\/wp\/v2\/comments?post=67259"}],"version-history":[{"count":5,"href":"https:\/\/monatglobal.com\/lt\/wp-json\/wp\/v2\/pages\/67259\/revisions"}],"predecessor-version":[{"id":71556,"href":"https:\/\/monatglobal.com\/lt\/wp-json\/wp\/v2\/pages\/67259\/revisions\/71556"}],"wp:featuredmedia":[{"embeddable":true,"href":"https:\/\/monatglobal.com\/lt\/wp-json\/"}],"wp:attachment":[{"href":"https:\/\/monatglobal.com\/lt\/wp-json\/wp\/v2\/media?parent=67259"}],"wp:term":[{"taxonomy":"category","embeddable":true,"href":"https:\/\/monatglobal.com\/lt\/wp-json\/wp\/v2\/categories?post=67259"},{"taxonomy":"post_tag","embeddable":true,"href":"https:\/\/monatglobal.com\/lt\/wp-json\/wp\/v2\/tags?post=67259"}],"curies":[{"name":"wp","href":"https:\/\/api.w.org\/{rel}","templated":true}]}}