{"id":66884,"date":"2022-01-05T09:00:39","date_gmt":"2022-01-05T09:00:39","guid":{"rendered":"https:\/\/monatglobal.com\/lt\/?page_id=66884"},"modified":"2026-03-23T20:49:21","modified_gmt":"2026-03-23T20:49:21","slug":"vinegar-scrub-shampoo","status":"publish","type":"page","link":"https:\/\/monatglobal.com\/lt\/vinegar-scrub-shampoo\/","title":{"rendered":"Galvos od\u0105 valantis \u0161veitiklis &#124; MONAT priemon\u0117 riebaluoti linkusiems plaukams"},"content":{"rendered":"\n<link rel=\"stylesheet\" href=\"https:\/\/unpkg.com\/swiper\/swiper-bundle.min.css\">\n<link rel=\"stylesheet\" href=\"https:\/\/monatglobal.com\/wp-content\/creative_css\/product_styles_sheet.css\">\n   <!--==================================================== ECOMM SECTION ====================================================-->\n      <!--==================================================== Ecomm image ====================================================-->\n       \n      <source media=\"(max-width: 700px)\" srcset=\"https:\/\/monatglobal.com\/lt\/wp-content\/uploads\/sites\/11\/2021\/12\/scalp-purifying-scrub-ecomm-2022_mobile.png\" loading=\"lazy\">\n      <img decoding=\"async\" src=\"https:\/\/monatglobal.com\/lt\/wp-content\/uploads\/sites\/11\/2021\/12\/scalp-purifying-scrub-ecomm-2022-.png\" alt=\"Galvos od\u0105 valantis \u0161veitiklis\" loading=\"lazy\">\n         \n      <!--==================================================== Ecomm information  ====================================================-->\n         \n         <h1>Galvos od\u0105 <br>valantis \u0161veitiklis<\/h1>\n         \n         <p>Giliai valo, i\u0161plauna ir ramina, o plaukai atrodo \u0161var\u016bs ir atgaivinti.<\/p>\n         <p>134 ml \u212e 4.5 fl. oz.<\/p>\n         <!--==================================================== pricing box ====================================================-->\n         <p>Ma\u017emenin\u0117 kaina<br>00.00 \u20ac<\/p>\n         <p>VIP kliento kaina<br>00.00 \u20ac<\/p>\n        <!--==================================================== pricing box ====================================================-->\n         <p>Nor\u0117dami su\u017einoti daugiau apie galvos od\u0105 valant\u012f \u0161veitikl\u012f su actu, pasikalb\u0117kite su savo \u201eMONAT Market&nbsp;Partner&#8221;.<\/p>\n          <a href=\"\" target=\"_blank\" role=\"button\" aria-label=\"\" rel=\"noopener\"><\/a>\n   <!--==================================================== \/ECOMM SECTION  ====================================================-->\n   <!--==================================================== Benefits image ====================================================-->\n  \n    <source media=\"(max-width: 700px)\" srcset=\"https:\/\/monatglobal.com\/lt\/wp-content\/uploads\/sites\/11\/2021\/12\/Scalp-Purifying-Scrub_mobile.jpg\" loading=\"lazy\">\n      <img decoding=\"async\" src=\"https:\/\/monatglobal.com\/lt\/wp-content\/uploads\/sites\/11\/2021\/12\/Scalp-Purifying-Scrub-benefits-.jpg\" alt=\"\" loading=\"lazy\">\n    \n   <!--==================================================== Benefits text ====================================================-->\n         <h2>NAUDOS<\/h2>\n         <h3>\u0160is novatori\u0161kas \u201e2 in 1&#8243; \u0161veitiklis ir \u0161amp\u016bnas padeda i\u0161tirpdyti negyv\u0105sias odos l\u0105steles, \u012fsisen\u0117jusias produkt\u0173 sankaupas ir aplinkos ter\u0161alus, d\u0117l kuri\u0173 plaukai atrodo netvarkingi.<\/h3>\n     <p>Sud\u0117tyje yra \u201eREJUVENIQE<sup>\u00ae<\/sup>&#8222;, kuris dr\u0117kina plaukus, tod\u0117l plaukai tampa \u0161var\u016bs ir atgaivinti.<\/p>\n         <!--==================================================== features image  ====================================================-->\n         <img decoding=\"async\" alt=\"\" src=\"https:\/\/monatglobal.com\/lt\/wp-content\/uploads\/sites\/11\/2021\/12\/scalp-purifying-scrub-features.jpg\" loading=\"lazy\">\n      <!--==================================================== features text ====================================================-->\n            <h3>Savyb\u0117s<\/h3>\n               <p>\/ Nu\u0161vei\u010dia galvos od\u0105 ir plaukus<\/p>\n               <p>\/ I\u0161tirpdo sebum\u0105 ir \u012fsisen\u0117jusias produkt\u0173 sankaupas<\/p>\n        <p>\/  Valo ir \u0161alina ne\u0161varumus\/<\/p>\n        <p>\/ Ma\u017eina riebal\u0173 pertekli\u0173 ir atkuria galvos odos pusiausvyr\u0105<\/p>\n         <p>\/ Padeda pailginti laik\u0105 tarp plovim\u0173<\/p>\n               <br>\n            <p>Fragrance \/ Unwind and enjoy a coconut-forward, citrusy aroma with notes of blood orange, coconut husk, cashew nut and&nbsp;sandalwood. <\/p>\n            <p> Texture \/ Cream <\/p>\n   <!--==================================================== composition image mobile ====================================================-->\n   <img decoding=\"async\" alt=\"\" src=\"https:\/\/monatglobal.com\/wp-content\/uploads\/2021\/08\/grey-image-placeholder.jpg\" loading=\"lazy\">\n   <!--==================================================== Why it works text ====================================================-->\n      <h2>REJUVENECE Y CALMA<\/h2>\n      <h3>La Mascarilla Exfoliante Perfeccionadora Berry Refined Scrub\u2122, elimina la piel apagada para \n      lucir un brillo m\u00e1s suave y uniforme que seguramente te&nbsp;iluminar\u00e1.<\/h3>\n      Formulado con \u00e1cidos frutales naturales (AHA), extractos de az\u00facar granulado naturalmente exfoliantes, \n      REJUVENIQE S\u2122 y semillas de ar\u00e1ndanos ideales para limpiar la piel y lucir un cutis suave y de aspecto saludable. Este fresco y \n      moderno producto multiacci\u00f3n te permite , en menos de 5 minutos, refinar y exfoliar tu&nbsp;piel.\n<!--==================================================== Composition section ====================================================-->\n      <img decoding=\"async\" alt=\"\" src=\"https:\/\/monatglobal.com\/lt\/wp-content\/uploads\/sites\/11\/2021\/12\/scalp-purifying-scrub-comp-1.jpg\" loading=\"lazy\">\n      <img decoding=\"async\" alt=\"\" src=\"https:\/\/monatglobal.com\/lt\/wp-content\/uploads\/sites\/11\/2021\/12\/scalp-purifying-scrub-comp-3.jpg\" loading=\"lazy\">\n            <!--==================================================== Directions text ====================================================--> \n               <h3>Naudojimas<\/h3>\n                    <p>\/ Paruo\u0161kite emulsij\u0105 delnuose ir u\u017etepkite ant dr\u0117gn\u0173 plauk\u0173 bei galvos odos.<\/p>\n                    <p>\/ \u012emasa\u017euokite \u012f galvos od\u0105, kad \u0161velniai nu\u0161veistum\u0117te ir i\u0161plautum\u0117te plaukus.<\/p>\n                    <p>\/  Kruop\u0161\u010diai i\u0161skalaukite.<\/p>\n                    <p>\/ Toliau naudokite savo m\u0117gstamiausi\u0105 \u201eMONAT&#8221; kondicionieri\u0173.<\/p>\n                   <p> \/ Naudokite vien\u0105 kart\u0105 per savait\u0119 arba pagal poreik\u012f.<\/p>\n            <!--==================================================== Directions video ====================================================-->\n      <p>Be Balanced\u2122 <br>Lightweight Moisturizer <br>0:35<\/p>\n         <!--==================================================== Suggestion image  ====================================================-->\n         <img decoding=\"async\" alt=\"\" src=\"https:\/\/monatglobal.com\/es\/wp-content\/uploads\/2021\/12\/berry-refined-scrub-features-SUGGESTIONS.jpg\" loading=\"lazy\">\n      <!--==================================================== Suggestion text ====================================================-->\n            <h3>Sugerencias<\/h3>\n               \/ Personaliza el nivel de exfoliaci\u00f3n utilizando menos agua para una exfoliaci\u00f3n m\u00e1s profunda, o m\u00e1s agua \n               para una exfoliaci\u00f3n m\u00e1s&nbsp;suave.\n               <p>\/ Aplica protector solar 15 minutos antes de salir a la&nbsp;calle.<\/p>\n      <a href=\"\" target=\"_blank\" role=\"button\" aria-label=\"\" rel=\"noopener\"><\/a>\n   <!--==================================================== Ingredients section  ====================================================-->\n      <h2>PAGRINDIN\u0116S AKTYVIOSIOS MED\u017dIAGOS<\/h2>\n          <p>Supervaisi\u0173 AHA<\/p>\n      <p>Vitaminas B6<\/p> \n      <p>\u201eREJUVENIQE<sup>\u00ae<\/sup>&#8222;<\/p>\n      <p>Obuoli\u0173 sidro actas<\/p>\n      <p>Ro\u017einis molis<\/p>\n        <button id=\"myBtn\" type=\"button\">\u017dR. I\u0160SAM\u0172 SUDEDAM\u0172J\u0172 DALI\u0172 S\u0104RA\u0160\u0104 <\/button>\n      <!--==================================================== Modal content  ====================================================-->\n         \u00d7\n         <p>Sucrose, Aqua\/Water\/Eau, Sodium C14-16 Olefin Sulfonate, Cocamidopropyl Betaine, Cocamide MIPA, Propanediol, Acetum\/Vinegar\/Vinaigre, PEG-150 Distearate, Glycerin, Glyceryl Stearate, Illite, PEG-100 Stearate, Adansonia Digitata Oil, Mauritia Flexuosa Fruit Oil, Cocos Nucifera (Coconut) Oil, Gardenia Taitensis Flower Extract, Moringa Oleifera Seed Oil, Caryocar Brasiliense Fruit Oil, Helianthus Annuus (Sunflower) Seed Oil, Solanum Lycopersicum (Tomato) Seed Oil, Citrus Aurantifolia (Lime) Oil, Citrus Aurantium Bergamia (Bergamot) Fruit Oil, Daucus Carota Sativa (Carrot) Seed Oil, Citrus Limon (Lemon) Peel Oil, Camellia Oleifera Seed Oil, Crambe Abyssinica Seed Oil, Limnanthes Alba (Meadowfoam) Seed Oil, Glycolic Acid, Maclura Cochinchinensis Leaf Prenylflavonoids, Saccharum Officinarum\/Sugar Cane Extract\/Extrait de canne \u00e0 sucre, Sodium Polyglutamate, Musa Sapientum (Banana) Pulp Extract, Mangifera Indica (Mango) Pulp Extract, Sodium Isethionate, Montmorillonite, Coconut Acid, Pyridoxine HCl, Hippophae Rhamnoides Oil, Menthol, Kaolin (CI 77004), PEG-120 Methyl Glucose Dioleate, Sodium Chloride, Sodium Cocoyl Isethionate, Potassium Sorbate, Benzyl Alcohol, Fragrance\/Parfum, Pentylene Glycol, Phenethyl Alcohol.<\/p>\n   <!--==================================================== You might also like section ====================================================-->\n      <h2>JUMS TAIP PAT GALI PATIKTI<\/h2>\n      <!--==================================================== Slider YOU MIGHT ALSO LIKE ====================================================-->\n          <!---->\n          <!--   -->\n                <!-- Slides products-->\n          <!--      -->\n          <!--         <a href=\"https:\/\/monatglobal.com\/lt\/vinegar-shampoo\/?globallanguage=lt&globalmarket=lt\" aria-label=\"Go to VALOMASIS \u0160AMP\u016aNAS SU ACTU shop\">-->\n          <!--          <img decoding=\"async\" src=\"https:\/\/monatglobal.com\/wp-content\/uploads\/2022\/12\/Purifying-vinegar-shampoo-ecomm-2022.png\" alt=\"EXFOLIANTE PURIFICANTE DE CUERO CABELLUDO\" loading=\"lazy\"\/>-->\n          <!--          <p>VALOMASIS \u0160AMP\u016aNAS SU ACTU<\/p>-->\n          <!--        <\/a>-->\n          <!--      -->\n          <!--      -->\n          <!--         <a href=\" https:\/\/corp.mymonat.com\/shop\/products\/advanced-hydrating-conditioner-6000004507?taxon_id=30\" aria-label=\"Go to CHAMP\u00da ACONDICIONADOR EN SECO MONAT STUDIO ONE\u2122 THE CHAMP\u2122  shop\">-->\n          <!--          <img decoding=\"async\" src=\"https:\/\/monatglobal.com\/lt\/wp-content\/uploads\/sites\/11\/2021\/12\/Advanced-Hyddrating-Conditioner-ecomm-2022.png\" alt=\"ACONDICIONADOR HIDRATANTE AVANZADO\" loading=\"lazy\"\/>-->\n          <!--          <p>PA\u017dANGUS DR\u0116KINANTIS<br \/> KONDICIONIERIUS<\/p>-->\n          <!--        <\/a>-->\n          <!--      -->\n          <!--      -->\n          <!--         <a href=\"https:\/\/corp.mymonat.com\/shop\/products\/monat-studio-one-the-champ-conditioning-dry-shampoo-6000005285?taxon_id=30\" aria-label=\"Go to CREMA HIDRATANTE NUTRITIVA BE GENTLE\u2122 page\">-->\n          <!--            <img decoding=\"async\" src=\"https:\/\/monatglobal.com\/wp-content\/uploads\/2022\/12\/CHAMPU-ACONDICIONADOR-EN-SECO-MONAT-STUDIO-ONE-THE-CHAMP-ecomm.png\" alt=\"CHAMP\u00da ACONDICIONADOR EN SECO MONAT STUDIO ONE\u2122 THE CHAMP\u2122\" loading=\"lazy\"\/>-->\n          <!--            <p>\u201eMONAT STUDIO ONE THE CHAMP\u2122\"<br \/> KONDICIONUOJANTIS SAUSAS \u0160AMP\u016aNAS<\/p>-->\n          <!--         <\/a>-->\n          <!--      -->\n          <!--   -->\n             <!-- If we need navigation buttons -->\n          <!--   -->\n          <!--   -->\n             <!-- If we need paginations -->\n          <!--   -->\n          <!---->\n         <!--==================================================== If we need navigation buttons  ====================================================-->\n         <!--==================================================== If we need paginations  ====================================================-->\n    <a href=\"\" aria-label=\"\"><\/a>\n<!--==================================================== this link has to go last for it to work   ====================================================-->\n","protected":false},"excerpt":{"rendered":"<p>Galvos od\u0105 valantis \u0161veitiklis Giliai valo, i\u0161plauna ir ramina, o plaukai atrodo \u0161var\u016bs ir atgaivinti. 134 ml \u212e 4.5 fl. oz. Ma\u017emenin\u0117 kaina00.00 \u20ac VIP kliento kaina00.00 \u20ac Nor\u0117dami su\u017einoti daugiau apie galvos od\u0105 valant\u012f \u0161veitikl\u012f su actu, pasikalb\u0117kite su savo \u201eMONAT Market&nbsp;Partner&#8221;. NAUDOS \u0160is novatori\u0161kas \u201e2 in 1&#8243; \u0161veitiklis ir \u0161amp\u016bnas padeda i\u0161tirpdyti negyv\u0105sias&hellip;<\/p>\n","protected":false},"author":31,"featured_media":69439,"parent":0,"menu_order":0,"comment_status":"closed","ping_status":"closed","template":"","meta":{"inline_featured_image":false,"om_disable_all_campaigns":false,"_monsterinsights_skip_tracking":false,"_monsterinsights_sitenote_active":false,"_monsterinsights_sitenote_note":"","_monsterinsights_sitenote_category":0,"footnotes":""},"categories":[32],"tags":[],"class_list":["post-66884","page","type-page","status-publish","has-post-thumbnail","hentry","category-product-lt"],"aioseo_notices":[],"aioseo_head":"\n\t\t<!-- All in One SEO Pro 4.9.6 - aioseo.com -->\n\t<meta name=\"description\" content=\"--&gt;\" \/>\n\t<meta name=\"robots\" content=\"max-image-preview:large\" \/>\n\t<link rel=\"canonical\" href=\"https:\/\/monatglobal.com\/lt\/vinegar-scrub-shampoo\/\" \/>\n\t<meta name=\"generator\" content=\"All in One SEO Pro (AIOSEO) 4.9.6\" \/>\n\t\t<meta property=\"og:locale\" content=\"lt_LT\" \/>\n\t\t<meta property=\"og:site_name\" content=\"MONAT Lithuania -\" \/>\n\t\t<meta property=\"og:type\" content=\"article\" \/>\n\t\t<meta property=\"og:title\" content=\"Galvos od\u0105 valantis \u0161veitiklis | MONAT priemon\u0117 riebaluoti linkusiems plaukams - MONAT Lithuania\" \/>\n\t\t<meta property=\"og:description\" content=\"--&gt;\" \/>\n\t\t<meta property=\"og:url\" content=\"https:\/\/monatglobal.com\/lt\/vinegar-scrub-shampoo\/\" \/>\n\t\t<meta property=\"article:published_time\" content=\"2022-01-05T09:00:39+00:00\" \/>\n\t\t<meta property=\"article:modified_time\" content=\"2026-03-23T20:49:21+00:00\" \/>\n\t\t<meta name=\"twitter:card\" content=\"summary_large_image\" \/>\n\t\t<meta name=\"twitter:title\" content=\"Galvos od\u0105 valantis \u0161veitiklis | MONAT priemon\u0117 riebaluoti linkusiems plaukams - MONAT Lithuania\" \/>\n\t\t<meta name=\"twitter:description\" content=\"--&gt;\" \/>\n\t\t<script type=\"application\/ld+json\" class=\"aioseo-schema\">\n\t\t\t{\"@context\":\"https:\\\/\\\/schema.org\",\"@graph\":[{\"@type\":\"BreadcrumbList\",\"@id\":\"https:\\\/\\\/monatglobal.com\\\/lt\\\/vinegar-scrub-shampoo\\\/#breadcrumblist\",\"itemListElement\":[{\"@type\":\"ListItem\",\"@id\":\"https:\\\/\\\/monatglobal.com\\\/lt#listItem\",\"position\":1,\"name\":\"Home\",\"item\":\"https:\\\/\\\/monatglobal.com\\\/lt\",\"nextItem\":{\"@type\":\"ListItem\",\"@id\":\"https:\\\/\\\/monatglobal.com\\\/lt\\\/vinegar-scrub-shampoo\\\/#listItem\",\"name\":\"Galvos od\\u0105 valantis \\u0161veitiklis &#124; MONAT priemon\\u0117 riebaluoti linkusiems plaukams\"}},{\"@type\":\"ListItem\",\"@id\":\"https:\\\/\\\/monatglobal.com\\\/lt\\\/vinegar-scrub-shampoo\\\/#listItem\",\"position\":2,\"name\":\"Galvos od\\u0105 valantis \\u0161veitiklis &#124; MONAT priemon\\u0117 riebaluoti linkusiems plaukams\",\"previousItem\":{\"@type\":\"ListItem\",\"@id\":\"https:\\\/\\\/monatglobal.com\\\/lt#listItem\",\"name\":\"Home\"}}]},{\"@type\":\"Organization\",\"@id\":\"https:\\\/\\\/monatglobal.com\\\/lt\\\/#organization\",\"name\":\"MONAT Lithuania\",\"url\":\"https:\\\/\\\/monatglobal.com\\\/lt\\\/\"},{\"@type\":\"WebPage\",\"@id\":\"https:\\\/\\\/monatglobal.com\\\/lt\\\/vinegar-scrub-shampoo\\\/#webpage\",\"url\":\"https:\\\/\\\/monatglobal.com\\\/lt\\\/vinegar-scrub-shampoo\\\/\",\"name\":\"Galvos od\\u0105 valantis \\u0161veitiklis | MONAT priemon\\u0117 riebaluoti linkusiems plaukams - MONAT Lithuania\",\"description\":\"-->\",\"inLanguage\":\"lt-LT\",\"isPartOf\":{\"@id\":\"https:\\\/\\\/monatglobal.com\\\/lt\\\/#website\"},\"breadcrumb\":{\"@id\":\"https:\\\/\\\/monatglobal.com\\\/lt\\\/vinegar-scrub-shampoo\\\/#breadcrumblist\"},\"image\":{\"@type\":\"ImageObject\",\"url\":\"https:\\\/\\\/monatglobal.com\\\/lt\\\/wp-content\\\/uploads\\\/sites\\\/11\\\/2021\\\/12\\\/scalp-purifying-scrub-ecomm-2022-.png\",\"@id\":\"https:\\\/\\\/monatglobal.com\\\/lt\\\/vinegar-scrub-shampoo\\\/#mainImage\",\"width\":641,\"height\":800},\"primaryImageOfPage\":{\"@id\":\"https:\\\/\\\/monatglobal.com\\\/lt\\\/vinegar-scrub-shampoo\\\/#mainImage\"},\"datePublished\":\"2022-01-05T09:00:39+00:00\",\"dateModified\":\"2026-03-23T20:49:21+00:00\"},{\"@type\":\"WebSite\",\"@id\":\"https:\\\/\\\/monatglobal.com\\\/lt\\\/#website\",\"url\":\"https:\\\/\\\/monatglobal.com\\\/lt\\\/\",\"name\":\"MONAT Lithuania\",\"inLanguage\":\"lt-LT\",\"publisher\":{\"@id\":\"https:\\\/\\\/monatglobal.com\\\/lt\\\/#organization\"}}]}\n\t\t<\/script>\n\t\t<!-- All in One SEO Pro -->\r\n\t\t<title>Galvos od\u0105 valantis \u0161veitiklis | MONAT priemon\u0117 riebaluoti linkusiems plaukams - MONAT Lithuania<\/title>\n\n","aioseo_head_json":{"title":"Galvos od\u0105 valantis \u0161veitiklis | MONAT priemon\u0117 riebaluoti linkusiems plaukams - MONAT Lithuania","description":"-->","canonical_url":"https:\/\/monatglobal.com\/lt\/vinegar-scrub-shampoo\/","robots":"max-image-preview:large","keywords":"","webmasterTools":{"miscellaneous":""},"schema":{"@context":"https:\/\/schema.org","@graph":[{"@type":"BreadcrumbList","@id":"https:\/\/monatglobal.com\/lt\/vinegar-scrub-shampoo\/#breadcrumblist","itemListElement":[{"@type":"ListItem","@id":"https:\/\/monatglobal.com\/lt#listItem","position":1,"name":"Home","item":"https:\/\/monatglobal.com\/lt","nextItem":{"@type":"ListItem","@id":"https:\/\/monatglobal.com\/lt\/vinegar-scrub-shampoo\/#listItem","name":"Galvos od\u0105 valantis \u0161veitiklis &#124; MONAT priemon\u0117 riebaluoti linkusiems plaukams"}},{"@type":"ListItem","@id":"https:\/\/monatglobal.com\/lt\/vinegar-scrub-shampoo\/#listItem","position":2,"name":"Galvos od\u0105 valantis \u0161veitiklis &#124; MONAT priemon\u0117 riebaluoti linkusiems plaukams","previousItem":{"@type":"ListItem","@id":"https:\/\/monatglobal.com\/lt#listItem","name":"Home"}}]},{"@type":"Organization","@id":"https:\/\/monatglobal.com\/lt\/#organization","name":"MONAT Lithuania","url":"https:\/\/monatglobal.com\/lt\/"},{"@type":"WebPage","@id":"https:\/\/monatglobal.com\/lt\/vinegar-scrub-shampoo\/#webpage","url":"https:\/\/monatglobal.com\/lt\/vinegar-scrub-shampoo\/","name":"Galvos od\u0105 valantis \u0161veitiklis | MONAT priemon\u0117 riebaluoti linkusiems plaukams - MONAT Lithuania","description":"-->","inLanguage":"lt-LT","isPartOf":{"@id":"https:\/\/monatglobal.com\/lt\/#website"},"breadcrumb":{"@id":"https:\/\/monatglobal.com\/lt\/vinegar-scrub-shampoo\/#breadcrumblist"},"image":{"@type":"ImageObject","url":"https:\/\/monatglobal.com\/lt\/wp-content\/uploads\/sites\/11\/2021\/12\/scalp-purifying-scrub-ecomm-2022-.png","@id":"https:\/\/monatglobal.com\/lt\/vinegar-scrub-shampoo\/#mainImage","width":641,"height":800},"primaryImageOfPage":{"@id":"https:\/\/monatglobal.com\/lt\/vinegar-scrub-shampoo\/#mainImage"},"datePublished":"2022-01-05T09:00:39+00:00","dateModified":"2026-03-23T20:49:21+00:00"},{"@type":"WebSite","@id":"https:\/\/monatglobal.com\/lt\/#website","url":"https:\/\/monatglobal.com\/lt\/","name":"MONAT Lithuania","inLanguage":"lt-LT","publisher":{"@id":"https:\/\/monatglobal.com\/lt\/#organization"}}]},"og:locale":"lt_LT","og:site_name":"MONAT Lithuania -","og:type":"article","og:title":"Galvos od\u0105 valantis \u0161veitiklis | MONAT priemon\u0117 riebaluoti linkusiems plaukams - MONAT Lithuania","og:description":"--&gt;","og:url":"https:\/\/monatglobal.com\/lt\/vinegar-scrub-shampoo\/","article:published_time":"2022-01-05T09:00:39+00:00","article:modified_time":"2026-03-23T20:49:21+00:00","twitter:card":"summary_large_image","twitter:title":"Galvos od\u0105 valantis \u0161veitiklis | MONAT priemon\u0117 riebaluoti linkusiems plaukams - MONAT Lithuania","twitter:description":"--&gt;"},"aioseo_meta_data":{"post_id":"66884","title":null,"description":null,"keywords":null,"keyphrases":{"focus":{"keyphrase":"","score":0,"analysis":{"keyphraseInTitle":{"score":0,"maxScore":9,"error":1}}},"additional":[]},"primary_term":null,"canonical_url":null,"og_title":null,"og_description":null,"og_object_type":"default","og_image_type":"default","og_image_url":null,"og_image_width":null,"og_image_height":null,"og_image_custom_url":null,"og_image_custom_fields":null,"og_video":"","og_custom_url":null,"og_article_section":null,"og_article_tags":null,"twitter_use_og":false,"twitter_card":"default","twitter_image_type":"default","twitter_image_url":null,"twitter_image_custom_url":null,"twitter_image_custom_fields":null,"twitter_title":null,"twitter_description":null,"schema":{"blockGraphs":[],"customGraphs":[],"default":{"data":{"Article":[],"Course":[],"Dataset":[],"FAQPage":[],"Movie":[],"Person":[],"Product":[],"ProductReview":[],"Car":[],"Recipe":[],"Service":[],"SoftwareApplication":[],"WebPage":[]},"graphName":"WebPage","isEnabled":true},"graphs":[]},"schema_type":"default","schema_type_options":null,"pillar_content":false,"robots_default":true,"robots_noindex":false,"robots_noarchive":false,"robots_nosnippet":false,"robots_nofollow":false,"robots_noimageindex":false,"robots_noodp":false,"robots_notranslate":false,"robots_max_snippet":"-1","robots_max_videopreview":"-1","robots_max_imagepreview":"large","priority":null,"frequency":"default","local_seo":null,"seo_analyzer_scan_date":"2026-03-23 21:20:33","breadcrumb_settings":null,"limit_modified_date":false,"reviewed_by":"0","open_ai":null,"ai":{"faqs":[],"keyPoints":[],"titles":[],"descriptions":[],"socialPosts":{"email":[],"linkedin":[],"twitter":[],"facebook":[],"instagram":[]}},"created":"2023-07-26 19:14:55","updated":"2026-03-23 21:23:32"},"aioseo_breadcrumb":"<div class=\"aioseo-breadcrumbs\"><span class=\"aioseo-breadcrumb\">\n\t<a href=\"https:\/\/monatglobal.com\/lt\" title=\"Home\">Home<\/a>\n<\/span><span class=\"aioseo-breadcrumb-separator\">&raquo;<\/span><span class=\"aioseo-breadcrumb\">\n\tGalvos od\u0105 valantis \u0161veitiklis | MONAT priemon\u0117 riebaluoti linkusiems plaukams\n<\/span><\/div>","aioseo_breadcrumb_json":[{"label":"Home","link":"https:\/\/monatglobal.com\/lt"},{"label":"Galvos od\u0105 valantis \u0161veitiklis &#124; MONAT priemon\u0117 riebaluoti linkusiems plaukams","link":"https:\/\/monatglobal.com\/lt\/vinegar-scrub-shampoo\/"}],"_links":{"self":[{"href":"https:\/\/monatglobal.com\/lt\/wp-json\/wp\/v2\/pages\/66884","targetHints":{"allow":["GET"]}}],"collection":[{"href":"https:\/\/monatglobal.com\/lt\/wp-json\/wp\/v2\/pages"}],"about":[{"href":"https:\/\/monatglobal.com\/lt\/wp-json\/wp\/v2\/types\/page"}],"author":[{"embeddable":true,"href":"https:\/\/monatglobal.com\/lt\/wp-json\/wp\/v2\/users\/31"}],"replies":[{"embeddable":true,"href":"https:\/\/monatglobal.com\/lt\/wp-json\/wp\/v2\/comments?post=66884"}],"version-history":[{"count":31,"href":"https:\/\/monatglobal.com\/lt\/wp-json\/wp\/v2\/pages\/66884\/revisions"}],"predecessor-version":[{"id":109220,"href":"https:\/\/monatglobal.com\/lt\/wp-json\/wp\/v2\/pages\/66884\/revisions\/109220"}],"wp:featuredmedia":[{"embeddable":true,"href":"https:\/\/monatglobal.com\/lt\/wp-json\/wp\/v2\/media\/69439"}],"wp:attachment":[{"href":"https:\/\/monatglobal.com\/lt\/wp-json\/wp\/v2\/media?parent=66884"}],"wp:term":[{"taxonomy":"category","embeddable":true,"href":"https:\/\/monatglobal.com\/lt\/wp-json\/wp\/v2\/categories?post=66884"},{"taxonomy":"post_tag","embeddable":true,"href":"https:\/\/monatglobal.com\/lt\/wp-json\/wp\/v2\/tags?post=66884"}],"curies":[{"name":"wp","href":"https:\/\/api.w.org\/{rel}","templated":true}]}}