{"id":66855,"date":"2021-12-16T21:19:49","date_gmt":"2021-12-16T21:19:49","guid":{"rendered":"https:\/\/monatglobal.com\/lt\/?page_id=66855"},"modified":"2026-02-23T14:34:55","modified_gmt":"2026-02-23T14:34:55","slug":"skincare-duo","status":"publish","type":"page","link":"https:\/\/monatglobal.com\/lt\/skincare-duo\/","title":{"rendered":"Skaistinamasis ir atkuriamasis rinkinys"},"content":{"rendered":"\n<link rel=\"stylesheet\" href=\"https:\/\/unpkg.com\/swiper\/swiper-bundle.min.css\">\n<link rel=\"stylesheet\" href=\"https:\/\/monatglobal.com\/wp-content\/creative_css\/product_styles_sheet.css\">\n   <!--==================================================== ECOMM SECTION ====================================================-->\n      <!--==================================================== Ecomm image ====================================================-->\n      <img decoding=\"async\" src=\"https:\/\/monatglobal.com\/lt\/wp-content\/uploads\/sites\/11\/2021\/12\/skincare-duo-ecomm-2022.png\" alt=\"Skaistinamasis ir atkuriamasis rinkinys\" loading=\"lazy\">\n      <!--==================================================== Ecomm information  ====================================================-->\n         \n         <h1>Skaistinamasis ir atkuriamasis rinkinys<\/h1>\n         \n         <p>Vis\u0173 tip\u0173 odos skaistinimui ir maitinimui<\/p>\n         \n      <!--==================================================== pricing box  ====================================================-->\n         <p>Ma\u017emenin\u0117 kaina<br>00.00 \u20ac<\/p>\n         <p>VIP kliento kaina<br>00.00 \u20ac<\/p>\n       <!--==================================================== pricing box  ====================================================-->    \n          Nor\u0117dami su\u017einoti daugiau apie skaistinam\u0105j\u012f ir atkuriam\u0105j\u012f rinkin\u012f, pasikalb\u0117kite \n          su savo \u201eMONAT Market&nbsp;Partner&#8221;.\n          <a href=\"\" target=\"_blank\" role=\"button\" aria-label=\"\" rel=\"noopener\"><\/a>\n   <!--==================================================== \/ECOMM SECTION  ====================================================-->\n   <!--==================================================== Benefits image ====================================================-->\n  \n    <source media=\"(max-width: 700px)\" srcset=\"https:\/\/monatglobal.com\/lt\/wp-content\/uploads\/sites\/11\/2021\/12\/brighten-recover-duo-benefits_mobile.jpg\" loading=\"lazy\">\n      <img decoding=\"async\" src=\"https:\/\/monatglobal.com\/lt\/wp-content\/uploads\/sites\/11\/2021\/12\/skincare-brughten-recover-duo-benefits-.jpg\" alt=\"\" loading=\"lazy\">\n    \n   <!--==================================================== Benefits text ====================================================-->\n         <h2>NAUDOS<\/h2>\n         <h3>Perkelkite savo \u201eMONAT&#8221; odos prie\u017ei\u016bros rutin\u0105 \u012f visi\u0161kai nauj\u0105 lyg\u012f kartu su dviem \n         NAUJAIS sveikos odos revoliucijos&nbsp;nariais! <\/h3>\n         Pristatome \u201eC. Radiance\u2122&#8221; skaistinant\u012f serum\u0105, kuriame yra 15 % vitamino C ir \u201eNight Haven\u2122&#8221; naktin\u012f \n         krem\u0105, apsaugant\u012f nuo sen\u0117jimo, sudaryt\u0105 i\u0161 intensyviai dr\u0117kinan\u010dio \u201eREJUVENIQE S\u2122&#8221; ir giliai dr\u0117kinan\u010dio avokad\u0173 aliejaus&nbsp;mi\u0161inio.\n        <!--==================================================== features image  ====================================================-->\n        <img decoding=\"async\" src=\"https:\/\/monatglobal.com\/lt\/wp-content\/uploads\/sites\/11\/2021\/12\/Brighten-Recover-Duo-features.jpg\" alt=\"\" loading=\"lazy\">\n      <!--==================================================== features text ====================================================-->\n          <h3>Savyb\u0117s<\/h3>\n            <p>\/ Oda akimirksniu atrodo gaivesn\u0117, skaistesn\u0117 ir labiau \u0161vytinti<\/p>\n            <p>\/ Suma\u017eina pigmentini\u0173 d\u0117mi\u0173, raudonio ir problem\u0173 atsiradim\u0105 po ilgalaikio saul\u0117s poveikio<\/p>\n            <p>\/ U\u017etikrina odos sluoksni\u0173 atk\u016brim\u0105 ir maitinim\u0105 nakties metu<\/p>\n            <p>\/ Suma\u017eina rauk\u0161li\u0173 ir smulki\u0173 rauk\u0161leli\u0173 atsiradim\u0105<\/p>\n            <p>\/ Oda tampa glotnesn\u0117, \u0161velnesn\u0117 ir elastingesn\u0117<\/p>\n      <h2>SKAISTINAMASIS IR ATKURIAMASIS RINKINYS I\u0160 PIRMO&nbsp;\u017dVILGSNIO<\/h2>\n            <!--==================================================== Slides products ====================================================-->\n                   <a href=\"\/lt\/skincare-c-radiance\/\" aria-label=\"Go to C. Radiance\u2122 Illuminating Serum page\">\n                    <img decoding=\"async\" src=\"https:\/\/monatglobal.com\/au\/wp-content\/uploads\/sites\/12\/2021\/12\/C-Radiance-Illuminating-Serum-ecomm-2022.png\" alt=\"C. Radiance\u2122 Illuminating Serum\" loading=\"lazy\">\n                    <p>\u201eC. RADIANCE\u2122&#8221;<br> SKAISTINANTIS SERUMAS<\/p>\n                  <\/a>\n                   <a href=\"\/lt\/skincare-night-age-control-cream\/\" aria-label=\"Go to Night Haven\u2122 Overnight Age Control Cream page\">\n                    <img decoding=\"async\" src=\"https:\/\/monatglobal.com\/au\/wp-content\/uploads\/sites\/12\/2021\/12\/night-heaven-ecomm-2022.png\" alt=\"Night Haven\u2122 Overnight Age Control Cream\" loading=\"lazy\">\n                    <p>\u201eNIGHT HAVEN\u2122&#8221;<br> NAKTINIS KREMAS, APSAUGANTIS NUO SEN\u0116JIMO<\/p>\n                  <\/a>\n         <!--==================================================== If we need navigation buttons  ====================================================-->\n         <!--==================================================== If we need paginations  ====================================================-->\n   <!--==================================================== composition image mobile ====================================================-->\n   <img decoding=\"async\" alt=\"\" src=\"https:\/\/monatglobal.com\/au\/wp-content\/uploads\/sites\/12\/2021\/12\/C_Radiance_illuminating-serum-.jpg\" loading=\"lazy\">\n   <!--==================================================== Why it works text ====================================================-->\n<!--==================================================== Composition section ====================================================-->\n      <img decoding=\"async\" alt=\"\" src=\"https:\/\/monatglobal.com\/au\/wp-content\/uploads\/sites\/12\/2021\/12\/C_Radiance_illuminating-serum-.jpg\" loading=\"lazy\">\n      <img decoding=\"async\" alt=\"\" src=\"https:\/\/monatglobal.com\/wp-content\/uploads\/2021\/08\/grey-image-placeholder.jpg\" loading=\"lazy\">\n      <h2>PIEL DE ASPECTO SANO EN 4 PASOS<\/h2>\n      <h3>\u0160is pasaki\u0161kas rinkinys yra skirtas pagerinti gro\u017eio rutin\u0105 ir dien\u0105, ir nakt\u012f, kad \n      atsik\u0117lusi ryte&nbsp;\u0161vyt\u0117tum\u0117te!<\/h3>\n  <h3>Naudojimas<\/h3>\n        <p>NUKREIPKITE<\/p>\n        <p>Naudokite dien\u0105<\/p>\n        <p>Nor\u0117dami pa\u0161viesinti od\u0105 ir pagerinti jos i\u0161vaizd\u0105, kasdien tepkite \u201eC. Radiance\u2122&#8221; skaistinant\u012f&nbsp;serum\u0105<\/p>\n            <p>\/ Tepkite kasdien, kaip dieninio naudojimo krem\u0105, po paruo\u0161imo&nbsp;etapo.<\/p>\n            <p>\/ I\u0161spauskite vien\u0105 paspaudim\u0105 ir tolygiai paskirstykite ant pir\u0161t\u0173&nbsp;galiuk\u0173.<\/p>\n            <p>\/ \u0160velniai prispauskite ant kaktos, skruost\u0173, smakro, kaklo ir&nbsp;dekolt\u0117.<\/p>\n            <p>\/ Nor\u0117dami pasiekti geriausi\u0173 rezultat\u0173, prad\u0117kite nuo centro ir \u0161velniai paglostykite kakl\u0105 \u012f i\u0161or\u0119 ir&nbsp;auk\u0161tyn.<\/p>\n            <p>\/ Palaukite, kol produktas visi\u0161kai susigers ir tik tada tepkite \u201eMONAT&#8221; dr\u0117kinam\u0105j\u012f&nbsp;krem\u0105.<\/p>\n        <p>PAPILDYKITE<\/p>\n        <p>Naudojimas vakare<\/p>\n        Jeigu norite, kad J\u016bs\u0173 oda b\u016bt\u0173 putlesn\u0117 ir glotnesn\u0117, prie\u0161 mieg\u0105 tepkite \u201eNight \n        Haven\u2122&#8221; naktin\u012f krem\u0105, apsaugant\u012f nuo&nbsp;sen\u0117jimo.\n            <p>\/ Tepkite kiekvien\u0105&nbsp;vakar\u0105.<\/p>\n            \/ Tepkite tik tuomet, kai \u201eMONAT Rewind\u2122&#8221;  am\u017ei\u0173 koreguojantis serumas ir \u201eEye Smooth\u2122&#8221; maitinamasis paaki\u0173 \n            kremas pilnai&nbsp;susigers.\n            <p>\/ Rinkinyje esan\u010dia mentele u\u017ekabinkite nedidel\u012f kiek\u012f i\u0161&nbsp;indelio.<\/p>\n            <p>\/ Tolygiai paskirstykite ant pir\u0161t\u0173&nbsp;galiuk\u0173.<\/p>\n            <p>\/ Masa\u017euokite veid\u0105, kakl\u0105 ir dekolt\u0117 srit\u012f, naudodami judesius \u012f vir\u0161\u0173, kad atgaivintum\u0117te&nbsp;od\u0105.<\/p>\n      <p>Be Balanced\u2122 <br>Lightweight Moisturizer <br>0:35<\/p>\n         <!--==================================================== features image  ====================================================-->\n         <img decoding=\"async\" alt=\"\" src=\"https:\/\/monatglobal.com\/lt\/wp-content\/uploads\/sites\/11\/2021\/12\/Brighten-Recover-Duo-suggestions.png\" loading=\"lazy\">\n      <!--==================================================== features text ====================================================-->\n            <h3>Rekomendacijos<\/h3>\n               \/ Jau\u010diate, kad oda yra itin sausa? U\u017ela\u0161inkite 1-2 \u201eREJUVENIQE light by MONAT\u2122&#8221; la\u0161us ant delno ir sumai\u0161ykite su \n               \u201eNight Haven\u2122&#8221; naktiniu kremu, apsaugan\u010diu nuo&nbsp;sen\u0117jimo.\n      <a href=\"\" target=\"_blank\" role=\"button\" aria-label=\"\" rel=\"noopener\"><\/a>\n   <!--==================================================== Ingredients section  ====================================================-->\n      <h2>PAGRINDIN\u0116S AKTYVIOSIOS MED\u017dIAGOS<\/h2>\n      <p>\u201eC. RADIANCE\u2122&#8221; <br>SKAISTINANTIS SERUMAS<\/p>\n      <p>Kakadu slyv\u0173&nbsp;kompleksas<\/p>\n      <p>Antioksidantai<\/p>\n      <p>Hialurono r\u016bg\u0161tis<\/p>\n      <p>Ferulin\u0117 r\u016bg\u0161tis<\/p>\n      <p>Saldymed\u017eio \u0161akn\u0173 ekstraktas<\/p>\n      <p>Niacinamidas<\/p>\n      <p>\u201eNIGHT HAVEN\u2122&#8221; NAKTINIS KREMAS,<br> APSAUGANTIS NUO SEN\u0116JIMO<\/p>\n      <p>\u201eREJUVENIQE S\u2122&#8221;<\/p>\n      <p>Keramidai<\/p>\n      <p>Hialurono r\u016bg\u0161tis<\/p>\n      <p>Avokad\u0173 aliejus<\/p>\n      <p>Taukmed\u017ei\u0173 sviestas<\/p>\n        <button id=\"myBtn\" type=\"button\">\u017dR. I\u0160SAM\u0172 SUDEDAM\u0172J\u0172 DALI\u0172 S\u0104RA\u0160\u0104<\/button>\n      <!--==================================================== Modal content  ====================================================-->\n         \u00d7\n         <p>\u201eC. RADIANCE\u2122&#8221; <br>SKAISTINANTIS SERUMAS<\/p>\n         Aqua\/Water\/Eau, Sodium Ascorbyl Phosphate, Glycerin, PEG-8 Dimethicone, Citric Acid, Terminalia Ferdinandiana Fruit \n         Extract, Tetrahexyldecyl Ascorbate, Sodium Hyaluronate, Ferulic Acid, Vaccinium Angustifolium (Blueberry) Fruit Extract, \n         Vaccinium Macrocarpon (Cranberry) Fruit Extract, Lycium Barbarum Fruit Extract, Euterpe Oleracea Fruit Extract, Glycyrrhiza \n         Glabra (Licorice) Root Extract, Niacinamide, Squalane, Tocopheryl Acetate, Betaine, Proline, Serine, Inositol, Tocopherol, \n         Propanediol, Xanthan Gum, Lecithin, Sclerotium Gum, Pullulan, Hydrogenated Lecithin, Polysorbate 20, Dimethicone, Dimethiconol, \n         Fragrance\/Parfum, Benzyl Alcohol,&nbsp;Ethylhexylglycerin.\n         <p>\u201eNIGHT HAVEN\u2122&#8221; NAKTINIS KREMAS, <br>APSAUGANTIS NUO SEN\u0116JIMO<\/p>\n         Aqua\/Water\/Eau, Trimethylolpropane Triisostearate, Ethyl Macadamiate, Hydrogenated Sunflower Seed Oil Polyglyceryl-3 Esters, \n         Persea Gratissima (Avocado) Oil, Dimethicone, Helianthus Annuus (Sunflower) Seed Oil, Butyrospermum Parkii (Shea) Butter, \n         Ceramide NP, Ceramide AP, Ceramide EOP, Sodium Hyaluronate, Bidens Pilosa Extract, Phytosphingosine, Glycyrrhiza Glabra \n         (Licorice) Root Extract, Physalis Angulata Extract, Limnanthes Alba (Meadowfoam) Seed Oil, Crambe Abyssinica Seed Oil, \n         Camellia Oleifera Seed Oil, Solanum Lycopersicum (Tomato) Seed Oil, Daucus Carota Sativa (Carrot) Seed Oil, Citrus Limon \n         (Lemon) Peel Oil, Citrus Aurantifolia (Lime) Oil, Citrus Aurantium Bergamia (Bergamot) Fruit Oil, Adansonia Digitata Oil, \n         Mauritia Flexuosa Fruit Oil, Cocos Nucifera (Coconut) Oil, Gardenia Taitensis Flower Extract, Moringa Oleifera Seed Oil, \n         Caryocar Brasiliense Fruit Oil, Olea Europaea (Olive) Fruit Oil, Simmondsia Chinensis (Jojoba) Seed Extract, Gossypium \n         Herbaceum (Cotton) Seed Oil, Linum Usitatissimum (Linseed) Seed Oil, Elaeis Guineensis (Palm) Oil, Glycerin, Tocopherol, \n         Xanthan Gum, Sodium Polyacrylate, Xylitol, Caprylic Acid, Glyceryl Stearate, Caprylic\/Capric Triglyceride, Hydrogenated \n         Sunflower Seed Oil Glyceryl Esters, Cetearyl Alcohol, Sodium Stearoyl Lactylate, Sodium Lauroyl Lactylate, Dimethiconol, \n         Cholesterol, Carbomer, Fragrance\/Parfum, Ethylhexylglycerin, Benzyl&nbsp;Alcohol.\n   <!--==================================================== You might also like section ====================================================-->\n      <h2>JUMS TAIP PAT GALI PATIKTI<\/h2>\n      <!--==================================================== Slider YOU MIGHT ALSO LIKE ====================================================-->\n      <!---->\n      <!--   -->\n            <!--==================================================== Slides products ====================================================-->\n      <!--      -->\n      <!--         <a href=\"\/lt\/be-gentle-routine\/\" aria-label=\"Go to \u201eBE GENTLE\u2122\" kasdien\u0116=\"\" proced\u016ara=\"\" page\"=\"\">-->\n      <!--            <img decoding=\"async\" src=\"https:\/\/monatglobal.com\/wp-content\/uploads\/2022\/12\/Be-Gentle-Routine-E_comm-min.png\" alt=\"\u201eBE GENTLE\u2122\" kasdien\u0116=\"\" proced\u016ara\"=\"\" loading=\"lazy\"\/>-->\n      <!--            <p>\u201eBE GENTLE\u2122\" <br \/>KASDIEN\u0116 PROCED\u016aRA<\/p>-->\n      <!--         <\/a>-->\n      <!--      -->\n      <!--      -->\n      <!--         <a href=\"\/lt\/be-balanced-routine\/\" aria-label=\"Go to \u201eBE BALANCED\u2122\" kasdien\u0116=\"\" proced\u016ara=\"\" page\"=\"\">-->\n      <!--            <img decoding=\"async\" src=\"https:\/\/monatglobal.com\/wp-content\/uploads\/2022\/12\/Be-Balanced-Routine-Skincare-E_comm-min.png\" alt=\"\u201eBE BALANCED\u2122\" kasdien\u0116=\"\" proced\u016ara\"=\"\" loading=\"lazy\"\/>-->\n      <!--            <p>\u201eBE BALANCED\u2122\" <br \/>KASDIEN\u0116 PROCED\u016aRA<\/p>-->\n      <!--         <\/a>-->\n      <!--      -->\n      <!--   -->\n         <!--==================================================== If we need navigation buttons  ====================================================-->\n      <!--   -->\n      <!--   -->\n         <!--==================================================== If we need paginations  ====================================================-->\n      <!--   -->\n      <!---->\n         <!--==================================================== If we need navigation buttons  ====================================================-->\n         <!--==================================================== If we need paginations  ====================================================-->\n    <a href=\"\" aria-label=\"\"><\/a>\n<!--==================================================== this link has to go last for it to work   ====================================================-->\n","protected":false},"excerpt":{"rendered":"<p>Skaistinamasis ir atkuriamasis rinkinys Vis\u0173 tip\u0173 odos skaistinimui ir maitinimui Ma\u017emenin\u0117 kaina00.00 \u20ac VIP kliento kaina00.00 \u20ac Nor\u0117dami su\u017einoti daugiau apie skaistinam\u0105j\u012f ir atkuriam\u0105j\u012f rinkin\u012f, pasikalb\u0117kite su savo \u201eMONAT Market&nbsp;Partner&#8221;. NAUDOS Perkelkite savo \u201eMONAT&#8221; odos prie\u017ei\u016bros rutin\u0105 \u012f visi\u0161kai nauj\u0105 lyg\u012f kartu su dviem NAUJAIS sveikos odos revoliucijos&nbsp;nariais! Pristatome \u201eC. Radiance\u2122&#8221; skaistinant\u012f serum\u0105, kuriame yra&hellip;<\/p>\n","protected":false},"author":31,"featured_media":69385,"parent":0,"menu_order":0,"comment_status":"closed","ping_status":"closed","template":"","meta":{"inline_featured_image":false,"om_disable_all_campaigns":false,"_monsterinsights_skip_tracking":false,"_monsterinsights_sitenote_active":false,"_monsterinsights_sitenote_note":"","_monsterinsights_sitenote_category":0,"footnotes":""},"categories":[32],"tags":[],"class_list":["post-66855","page","type-page","status-publish","has-post-thumbnail","hentry","category-product-lt"],"aioseo_notices":[],"aioseo_head":"\n\t\t<!-- All in One SEO Pro 4.9.6 - aioseo.com -->\n\t<meta name=\"description\" content=\"--&gt;\" \/>\n\t<meta name=\"robots\" content=\"max-image-preview:large\" \/>\n\t<link rel=\"canonical\" href=\"https:\/\/monatglobal.com\/lt\/skincare-duo\/\" \/>\n\t<meta name=\"generator\" content=\"All in One SEO Pro (AIOSEO) 4.9.6\" \/>\n\t\t<meta property=\"og:locale\" content=\"lt_LT\" \/>\n\t\t<meta property=\"og:site_name\" content=\"MONAT Lithuania -\" \/>\n\t\t<meta property=\"og:type\" content=\"article\" \/>\n\t\t<meta property=\"og:title\" content=\"Skaistinamasis ir atkuriamasis rinkinys - MONAT Lithuania\" \/>\n\t\t<meta property=\"og:description\" content=\"--&gt;\" \/>\n\t\t<meta property=\"og:url\" content=\"https:\/\/monatglobal.com\/lt\/skincare-duo\/\" \/>\n\t\t<meta property=\"article:published_time\" content=\"2021-12-16T21:19:49+00:00\" \/>\n\t\t<meta property=\"article:modified_time\" content=\"2026-02-23T14:34:55+00:00\" \/>\n\t\t<meta name=\"twitter:card\" content=\"summary_large_image\" \/>\n\t\t<meta name=\"twitter:title\" content=\"Skaistinamasis ir atkuriamasis rinkinys - MONAT Lithuania\" \/>\n\t\t<meta name=\"twitter:description\" content=\"--&gt;\" \/>\n\t\t<script type=\"application\/ld+json\" class=\"aioseo-schema\">\n\t\t\t{\"@context\":\"https:\\\/\\\/schema.org\",\"@graph\":[{\"@type\":\"BreadcrumbList\",\"@id\":\"https:\\\/\\\/monatglobal.com\\\/lt\\\/skincare-duo\\\/#breadcrumblist\",\"itemListElement\":[{\"@type\":\"ListItem\",\"@id\":\"https:\\\/\\\/monatglobal.com\\\/lt#listItem\",\"position\":1,\"name\":\"Home\",\"item\":\"https:\\\/\\\/monatglobal.com\\\/lt\",\"nextItem\":{\"@type\":\"ListItem\",\"@id\":\"https:\\\/\\\/monatglobal.com\\\/lt\\\/skincare-duo\\\/#listItem\",\"name\":\"Skaistinamasis ir atkuriamasis rinkinys\"}},{\"@type\":\"ListItem\",\"@id\":\"https:\\\/\\\/monatglobal.com\\\/lt\\\/skincare-duo\\\/#listItem\",\"position\":2,\"name\":\"Skaistinamasis ir atkuriamasis rinkinys\",\"previousItem\":{\"@type\":\"ListItem\",\"@id\":\"https:\\\/\\\/monatglobal.com\\\/lt#listItem\",\"name\":\"Home\"}}]},{\"@type\":\"Organization\",\"@id\":\"https:\\\/\\\/monatglobal.com\\\/lt\\\/#organization\",\"name\":\"MONAT Lithuania\",\"url\":\"https:\\\/\\\/monatglobal.com\\\/lt\\\/\"},{\"@type\":\"WebPage\",\"@id\":\"https:\\\/\\\/monatglobal.com\\\/lt\\\/skincare-duo\\\/#webpage\",\"url\":\"https:\\\/\\\/monatglobal.com\\\/lt\\\/skincare-duo\\\/\",\"name\":\"Skaistinamasis ir atkuriamasis rinkinys - MONAT Lithuania\",\"description\":\"-->\",\"inLanguage\":\"lt-LT\",\"isPartOf\":{\"@id\":\"https:\\\/\\\/monatglobal.com\\\/lt\\\/#website\"},\"breadcrumb\":{\"@id\":\"https:\\\/\\\/monatglobal.com\\\/lt\\\/skincare-duo\\\/#breadcrumblist\"},\"image\":{\"@type\":\"ImageObject\",\"url\":\"https:\\\/\\\/monatglobal.com\\\/lt\\\/wp-content\\\/uploads\\\/sites\\\/11\\\/2021\\\/12\\\/Brighten-Recover-Duo-1.png\",\"@id\":\"https:\\\/\\\/monatglobal.com\\\/lt\\\/skincare-duo\\\/#mainImage\",\"width\":402,\"height\":450},\"primaryImageOfPage\":{\"@id\":\"https:\\\/\\\/monatglobal.com\\\/lt\\\/skincare-duo\\\/#mainImage\"},\"datePublished\":\"2021-12-16T21:19:49+00:00\",\"dateModified\":\"2026-02-23T14:34:55+00:00\"},{\"@type\":\"WebSite\",\"@id\":\"https:\\\/\\\/monatglobal.com\\\/lt\\\/#website\",\"url\":\"https:\\\/\\\/monatglobal.com\\\/lt\\\/\",\"name\":\"MONAT Lithuania\",\"inLanguage\":\"lt-LT\",\"publisher\":{\"@id\":\"https:\\\/\\\/monatglobal.com\\\/lt\\\/#organization\"}}]}\n\t\t<\/script>\n\t\t<!-- All in One SEO Pro -->\r\n\t\t<title>Skaistinamasis ir atkuriamasis rinkinys - MONAT Lithuania<\/title>\n\n","aioseo_head_json":{"title":"Skaistinamasis ir atkuriamasis rinkinys - MONAT Lithuania","description":"-->","canonical_url":"https:\/\/monatglobal.com\/lt\/skincare-duo\/","robots":"max-image-preview:large","keywords":"","webmasterTools":{"miscellaneous":""},"schema":{"@context":"https:\/\/schema.org","@graph":[{"@type":"BreadcrumbList","@id":"https:\/\/monatglobal.com\/lt\/skincare-duo\/#breadcrumblist","itemListElement":[{"@type":"ListItem","@id":"https:\/\/monatglobal.com\/lt#listItem","position":1,"name":"Home","item":"https:\/\/monatglobal.com\/lt","nextItem":{"@type":"ListItem","@id":"https:\/\/monatglobal.com\/lt\/skincare-duo\/#listItem","name":"Skaistinamasis ir atkuriamasis rinkinys"}},{"@type":"ListItem","@id":"https:\/\/monatglobal.com\/lt\/skincare-duo\/#listItem","position":2,"name":"Skaistinamasis ir atkuriamasis rinkinys","previousItem":{"@type":"ListItem","@id":"https:\/\/monatglobal.com\/lt#listItem","name":"Home"}}]},{"@type":"Organization","@id":"https:\/\/monatglobal.com\/lt\/#organization","name":"MONAT Lithuania","url":"https:\/\/monatglobal.com\/lt\/"},{"@type":"WebPage","@id":"https:\/\/monatglobal.com\/lt\/skincare-duo\/#webpage","url":"https:\/\/monatglobal.com\/lt\/skincare-duo\/","name":"Skaistinamasis ir atkuriamasis rinkinys - MONAT Lithuania","description":"-->","inLanguage":"lt-LT","isPartOf":{"@id":"https:\/\/monatglobal.com\/lt\/#website"},"breadcrumb":{"@id":"https:\/\/monatglobal.com\/lt\/skincare-duo\/#breadcrumblist"},"image":{"@type":"ImageObject","url":"https:\/\/monatglobal.com\/lt\/wp-content\/uploads\/sites\/11\/2021\/12\/Brighten-Recover-Duo-1.png","@id":"https:\/\/monatglobal.com\/lt\/skincare-duo\/#mainImage","width":402,"height":450},"primaryImageOfPage":{"@id":"https:\/\/monatglobal.com\/lt\/skincare-duo\/#mainImage"},"datePublished":"2021-12-16T21:19:49+00:00","dateModified":"2026-02-23T14:34:55+00:00"},{"@type":"WebSite","@id":"https:\/\/monatglobal.com\/lt\/#website","url":"https:\/\/monatglobal.com\/lt\/","name":"MONAT Lithuania","inLanguage":"lt-LT","publisher":{"@id":"https:\/\/monatglobal.com\/lt\/#organization"}}]},"og:locale":"lt_LT","og:site_name":"MONAT Lithuania -","og:type":"article","og:title":"Skaistinamasis ir atkuriamasis rinkinys - MONAT Lithuania","og:description":"--&gt;","og:url":"https:\/\/monatglobal.com\/lt\/skincare-duo\/","article:published_time":"2021-12-16T21:19:49+00:00","article:modified_time":"2026-02-23T14:34:55+00:00","twitter:card":"summary_large_image","twitter:title":"Skaistinamasis ir atkuriamasis rinkinys - MONAT Lithuania","twitter:description":"--&gt;"},"aioseo_meta_data":{"post_id":"66855","title":null,"description":null,"keywords":null,"keyphrases":{"focus":{"keyphrase":"","score":0,"analysis":{"keyphraseInTitle":{"score":0,"maxScore":9,"error":1}}},"additional":[]},"primary_term":null,"canonical_url":null,"og_title":null,"og_description":null,"og_object_type":"default","og_image_type":"default","og_image_url":null,"og_image_width":null,"og_image_height":null,"og_image_custom_url":null,"og_image_custom_fields":null,"og_video":"","og_custom_url":null,"og_article_section":null,"og_article_tags":null,"twitter_use_og":false,"twitter_card":"default","twitter_image_type":"default","twitter_image_url":null,"twitter_image_custom_url":null,"twitter_image_custom_fields":null,"twitter_title":null,"twitter_description":null,"schema":{"blockGraphs":[],"customGraphs":[],"default":{"data":{"Article":[],"Course":[],"Dataset":[],"FAQPage":[],"Movie":[],"Person":[],"Product":[],"ProductReview":[],"Car":[],"Recipe":[],"Service":[],"SoftwareApplication":[],"WebPage":[]},"graphName":"WebPage","isEnabled":true},"graphs":[]},"schema_type":"default","schema_type_options":null,"pillar_content":false,"robots_default":true,"robots_noindex":false,"robots_noarchive":false,"robots_nosnippet":false,"robots_nofollow":false,"robots_noimageindex":false,"robots_noodp":false,"robots_notranslate":false,"robots_max_snippet":"-1","robots_max_videopreview":"-1","robots_max_imagepreview":"large","priority":null,"frequency":"default","local_seo":null,"seo_analyzer_scan_date":"2026-02-23 14:49:34","breadcrumb_settings":null,"limit_modified_date":false,"reviewed_by":"0","open_ai":null,"ai":{"faqs":[],"keyPoints":[],"titles":[],"descriptions":[],"socialPosts":{"email":[],"linkedin":[],"twitter":[],"facebook":[],"instagram":[]}},"created":"2023-07-26 19:14:55","updated":"2026-02-23 14:49:34"},"aioseo_breadcrumb":"<div class=\"aioseo-breadcrumbs\"><span class=\"aioseo-breadcrumb\">\n\t<a href=\"https:\/\/monatglobal.com\/lt\" title=\"Home\">Home<\/a>\n<\/span><span class=\"aioseo-breadcrumb-separator\">&raquo;<\/span><span class=\"aioseo-breadcrumb\">\n\tSkaistinamasis ir atkuriamasis rinkinys\n<\/span><\/div>","aioseo_breadcrumb_json":[{"label":"Home","link":"https:\/\/monatglobal.com\/lt"},{"label":"Skaistinamasis ir atkuriamasis rinkinys","link":"https:\/\/monatglobal.com\/lt\/skincare-duo\/"}],"_links":{"self":[{"href":"https:\/\/monatglobal.com\/lt\/wp-json\/wp\/v2\/pages\/66855","targetHints":{"allow":["GET"]}}],"collection":[{"href":"https:\/\/monatglobal.com\/lt\/wp-json\/wp\/v2\/pages"}],"about":[{"href":"https:\/\/monatglobal.com\/lt\/wp-json\/wp\/v2\/types\/page"}],"author":[{"embeddable":true,"href":"https:\/\/monatglobal.com\/lt\/wp-json\/wp\/v2\/users\/31"}],"replies":[{"embeddable":true,"href":"https:\/\/monatglobal.com\/lt\/wp-json\/wp\/v2\/comments?post=66855"}],"version-history":[{"count":23,"href":"https:\/\/monatglobal.com\/lt\/wp-json\/wp\/v2\/pages\/66855\/revisions"}],"predecessor-version":[{"id":109272,"href":"https:\/\/monatglobal.com\/lt\/wp-json\/wp\/v2\/pages\/66855\/revisions\/109272"}],"wp:featuredmedia":[{"embeddable":true,"href":"https:\/\/monatglobal.com\/lt\/wp-json\/wp\/v2\/media\/69385"}],"wp:attachment":[{"href":"https:\/\/monatglobal.com\/lt\/wp-json\/wp\/v2\/media?parent=66855"}],"wp:term":[{"taxonomy":"category","embeddable":true,"href":"https:\/\/monatglobal.com\/lt\/wp-json\/wp\/v2\/categories?post=66855"},{"taxonomy":"post_tag","embeddable":true,"href":"https:\/\/monatglobal.com\/lt\/wp-json\/wp\/v2\/tags?post=66855"}],"curies":[{"name":"wp","href":"https:\/\/api.w.org\/{rel}","templated":true}]}}