{"id":65736,"date":"2022-02-21T09:00:19","date_gmt":"2022-02-21T09:00:19","guid":{"rendered":"https:\/\/monatglobal.com\/lt\/?page_id=65736"},"modified":"2026-02-20T21:38:32","modified_gmt":"2026-02-20T21:38:32","slug":"bakuchiol","status":"publish","type":"page","link":"https:\/\/monatglobal.com\/lt\/bakuchiol\/","title":{"rendered":"Botaninis baku\u010diolis vegani\u0161kas retinolio alternatyvos losjonas"},"content":{"rendered":"\n<link rel=\"stylesheet\" href=\"https:\/\/unpkg.com\/swiper\/swiper-bundle.min.css\">\n<link rel=\"stylesheet\" href=\"https:\/\/monatglobal.com\/wp-content\/creative_css\/product_styles_sheet.css\">\n  <!--==================================================== ECOMM SECTION ====================================================-->\n    <!--==================================================== Ecomm image ====================================================-->\n    <img decoding=\"async\" src=\"https:\/\/monatglobal.com\/lt\/wp-content\/uploads\/sites\/11\/2021\/12\/Bakuchiol-Botanic-ecomm.png\" alt=\"\" loading=\"lazy\">\n    <!--==================================================== Ecomm information  ====================================================-->\n      \n      <h1>Botaninis<br> baku\u010diolis<\/h1>\n      <p>Vegani\u0161kas retinolio alternatyvos&nbsp;losjonas<\/p>\n      <p>Lengvas, greitai \u012fsigeriantis vegani\u0161kas retinolio alternatyvos losjonas, saugus ir \u0161velnus kasdieniniam&nbsp;naudojimui.<\/p>\n      <p>30 ml e 1 fl. oz.<\/p>\n      <!--==================================================== pricing box ====================================================-->\n         <p>Ma\u017emenin\u0117 kaina<br>00.00 \u20ac<\/p>\n         <p>VIP kliento kaina<br>00.00 \u20ac<\/p>\n      <!--==================================================== pricing box ====================================================-->\n      Nor\u0117dami su\u017einoti daugiau apie Botanin\u012f baku\u010diol\u012f, vegani\u0161k\u0105 \n      retinolio alternatyvos losjon\u0105, susisiekite su savo \u201eMONAT Market&nbsp;Partner&#8221;.\n          <a href=\"\" target=\"_blank\" role=\"button\" aria-label=\"\" rel=\"noopener\"><\/a>\n  <!--==================================================== \/ECOMM SECTION  ====================================================-->\n  <!--==================================================== Benefits image ====================================================-->\n  \n    <source media=\"(max-width: 700px)\" srcset=\"https:\/\/monatglobal.com\/lt\/wp-content\/uploads\/sites\/11\/2021\/12\/bakuchiol-benefits_mobile.jpg\" loading=\"lazy\">\n      <img decoding=\"async\" src=\"https:\/\/monatglobal.com\/lt\/wp-content\/uploads\/sites\/11\/2021\/12\/bakuchiol-benefits.jpg\" alt=\"\" loading=\"lazy\">\n    \n    <!--==================================================== Benefits text ====================================================-->\n        <h2>NAUDOS<\/h2>\n        <h3>Praturtintas gamtos, \u0161is lengvas losjonas papildytas stipriomis botanin\u0117mis aktyviosiomis med\u017eiagomis, \n        kurios veikia kartu, kad pad\u0117t\u0173 suma\u017einti am\u017eiaus d\u0117mi\u0173 atsiradim\u0105, nevienod\u0105 odos atspalv\u012f, smulkias rauk\u0161leles bei&nbsp;rauk\u0161les.<\/h3>\n        <!--==================================================== features image  ====================================================-->\n        <img decoding=\"async\" src=\"https:\/\/monatglobal.com\/lt\/wp-content\/uploads\/sites\/11\/2021\/12\/botanic-bakuchiol-features.jpg\" alt=\"\" loading=\"lazy\">\n      <!--==================================================== features text ====================================================-->\n          <h3>Savyb\u0117s<\/h3>\n            <p>\/ Padeda suma\u017einti am\u017eiaus d\u0117mi\u0173 atsiradim\u0105, kad oda b\u016bt\u0173&nbsp;tolygesn\u0117<\/p>\n            <p>\/ Pagerina odos tonus\u0105 ir&nbsp;tekst\u016br\u0105<\/p>\n            <p>\/ Padaro od\u0105 lygesn\u0119 ir labiau&nbsp;spindin\u010di\u0105<\/p>\n            <p>\/ Nukreipia ir suma\u017eina rauk\u0161li\u0173 bei smulki\u0173 rauk\u0161leli\u0173&nbsp;atsiradim\u0105<\/p>\n            <p>\/ Tinka visiems odos tipams, net ir jautriai&nbsp;odai<\/p>\n            <p>\/ U\u017etikrina 24 valand\u0173&nbsp;dr\u0117kinim\u0105<\/p>\n    <!--==================================================== composition image mobile ====================================================-->\n    <img decoding=\"async\" alt=\"\" src=\"https:\/\/monatglobal.com\/lt\/wp-content\/uploads\/sites\/11\/2021\/12\/botanic-bakuchiol-composition-1.jpg\" loading=\"lazy\">\n    <!--==================================================== Why it works text ====================================================-->\n      \n      <h3>M\u016bs\u0173 lengva, greitai \u012fsigerianti formul\u0117, tinkanti visiems odos tipams, padeda sukurti glotnesn\u0119 \n      ir spindin\u010di\u0105&nbsp;od\u0105.<\/h3>\n      Sustiprinkite savo odos prie\u017ei\u016bros rutin\u0105 kartu su botaniniu baku\u010dioliu, vegani\u0161ku retinolio alternatyvos losjonu. M\u016bs\u0173 \n      nat\u016bralaus pagrindo formul\u0117 yra sumai\u0161yta su botanin\u0117mis veikliosiomis med\u017eiagomis, \u012fskaitant \u201eREJUVENIQE S\u2122&#8221;, baku\u010diol\u012f ir \n      augalin\u012f skvalan\u0105. Baku\u010diolio, \u012f retinolio poveik\u012f pana\u0161\u016bs rezultatai si\u016blo puiki\u0105 alternatyv\u0105 odos prie\u017ei\u016bros&nbsp;pasaulyje.\n  <!--==================================================== Composition section ====================================================-->\n      <img decoding=\"async\" src=\"https:\/\/monatglobal.com\/lt\/wp-content\/uploads\/sites\/11\/2021\/12\/botanic-bakuchiol-composition-1.jpg\" alt=\"\" loading=\"lazy\">\n      <img decoding=\"async\" src=\"https:\/\/monatglobal.com\/lt\/wp-content\/uploads\/sites\/11\/2021\/12\/botanic-bakuchiol-composition-2-1.jpg\" alt=\"\" loading=\"lazy\">\n          <!--==================================================== Directions text ====================================================--> \n            <h3>Naudojimas<\/h3>\n              <p>Naudokite kiekvien\u0105&nbsp;dien\u0105.<\/p>\n              <p>\/ I\u0161spauskite ant pir\u0161t\u0173 galiuk\u0173 ir tolygiai&nbsp;paskirstykite.<\/p>\n              <p>\/ Sukamaisiais judesiais \u0161velniai \u012fmasa\u017euokite \u012f nuvalyt\u0105&nbsp;od\u0105.<\/p>\n              <p>\/ Palaukite, kol produktas visi\u0161kai \u012fsigers ir tik tada tepkite \u201eMONAT&#8221; dr\u0117kinam\u0105j\u012f&nbsp;krem\u0105.<\/p>\n              <p>\/ Kasdien naudokite SPF, kaip&nbsp;nurodyta.<\/p>\n          <!--==================================================== Directions video ====================================================-->\n    <p>Damage Repair <br>Bond-Fortifying Hair Leave-In Cr\u00e8me  <br>1:28<\/p>\n         <!--==================================================== suggestion image  ====================================================-->\n         <img decoding=\"async\" alt=\"\" src=\"https:\/\/monatglobal.com\/lt\/wp-content\/uploads\/sites\/11\/2021\/12\/botanic-bakuchiol-suggestions.jpg\" loading=\"lazy\">\n      <!--==================================================== features text ====================================================-->\n            <h3>Sveikos odos patarimas<\/h3>\n               \/ Baku\u010diolis da\u017enai vadinamas gamtos retinoliu. Jis yra \u017einomas d\u0117l vis\u0173 retinolio privalum\u0173, ta\u010diau neturi retinoliui b\u016bdingo \n               jautrinan\u010dio odos poveikio, tod\u0117l jis yra \u0161velnus ir veiksmingas vis\u0173 tip\u0173 odai, \u012fskaitant jautri\u0105 od\u0105. Nor\u0117dami pasiekti geriausi\u0173 \n               rezultat\u0173, \u012ftraukite \u012f savo gro\u017eio proced\u016br\u0173 rutin\u0105 ir naudokite po \u201eMONAT&#8221;&nbsp;serumo.\n               &nbsp;&nbsp;&nbsp;Naudodami kartu su \u201eRewind\u2122&#8221; am\u017ei\u0173 koreguojan\u010diu serumu, pasieksite optimalius rezultatus, \n               kad oda b\u016bt\u0173 \u0161vytinti ir sveika bet kokio&nbsp;am\u017eiaus.\n      <a href=\"\" target=\"_blank\" role=\"button\" aria-label=\"\" rel=\"noopener\"><\/a>\n  <!--==================================================== Ingredients section  ====================================================-->\n    <h2>Sudedam\u0173j\u0173 dali\u0173 ap\u017evalga<\/h2>\n      <p>\u201eREJUVENIQE S\u2122&#8221;<\/p>\n      <p>Baku\u010diolis<\/p>\n      <p>Augalin\u0117s kilm\u0117s skvalanas<\/p>\n      <p>Padinami<\/p>\n      <p>Valgom\u0173j\u0173 plukenetij\u0173&nbsp;aliejus<\/p>\n      <p>Anigozanthos ekstraktas<\/p>\n      <p>Retinoatas<\/p>\n  <button id=\"myBtn\" type=\"button\">SUDEDAM\u0172J\u0172 DALI\u0172 S\u0104RA\u0160AS<\/button>\n  <!--==================================================== Modal content  ====================================================-->\n    \u00d7\n    Aqua\/Water\/Eau, Squalane, Glycerin, Propanediol, Hydroxyethyl Acrylate\/Sodium Acryloyldimethyl Taurate Copolymer, Bakuchiol, \n    Hydroxypinacolone Retinoate, Padina Pavonica Thallus Extract, Plukenetia Volubilis Seed Oil, Anigozanthos Flavidus Extract, Simmondsia \n    Chinensis (Jojoba) Seed Oil, Limnanthes Alba (Meadowfoam) Seed Oil, Crambe Abyssinica Seed Oil, Camellia Oleifera Seed Oil, Solanum \n    Lycopersicum (Tomato) Seed Oil, Daucus Carota Sativa (Carrot) Seed Oil, Citrus Limon (Lemon) Peel Oil, Citrus Aurantifolia (Lime) \n    Oil, Citrus Aurantium Bergamia (Bergamot) Fruit Oil, Adansonia Digitata Oil, Mauritia Flexuosa Fruit Oil, Cocos Nucifera (Coconut) \n    Oil, Gardenia Taitensis Flower Extract, Moringa Oleifera Seed Oil, Caryocar Brasiliense Fruit Oil, Helianthus Annuus (Sunflower) Seed \n    Oil, Olea Europaea (Olive) Fruit Oil, Simmondsia Chinensis (Jojoba) Seed Extract, Glyceryl Polyacrylate, Sodium Phytate, Sodium Stearoyl \n    Lactylate, Hydrogenated Lecithin, Dimethyl Isosorbide, Fragrance\/Parfum, Tocopherol, Ethylhexylglycerin, Benzyl&nbsp;Alcohol.\n<!--==================================================== You might also like section ====================================================-->\n  <h2>JUMS TAIP PAT GALI PATIKTI<\/h2>\n  <!--==================================================== Slider YOU MIGHT ALSO LIKE ====================================================-->\n          <!---->\n          <!--   -->\n                <!-- Slides products-->\n          <!--      -->\n          <!--         <a href=\"\/lt\/skincare-night-age-control-cream\/\" target=\"_blank\" aria-label=\"Go to NIGHT HAVEN\u2122 NAKTINIS KREMAS, APSAUGANTIS NUO SEN\u0116JIMO shop\" rel=\"noopener\">-->\n          <!--          <img decoding=\"async\" src=\"https:\/\/monatglobal.com\/wp-content\/uploads\/2022\/12\/Night-Haven-Age-control_Ecomm-min.png\" alt=\"NIGHT HAVEN\u2122 NAKTINIS KREMAS, APSAUGANTIS NUO SEN\u0116JIMO\" --\/>\n          <!--          loading=\"lazy\"\/>-->\n          <!--          <p>\u201eNIGHT HAVEN\u2122\" NAKTINIS KREMAS, APSAUGANTIS NUO&nbsp;SEN\u0116JIMO<\/p>-->\n          <!--        <\/a>-->\n          <!--      -->\n          <!--      -->\n          <!--         <a href=\"\/lt\/age-control-nectar\/\" target=\"_blank\" aria-label=\"Go to REWIND\u2122 AM\u017dI\u0172 KOREGUOJANTIS SERUMAS shop\" rel=\"noopener\">-->\n          <!--          <img decoding=\"async\" src=\"https:\/\/monatglobal.com\/wp-content\/uploads\/2022\/12\/Rewind-Age-Control-Nectar-ecomm-min.png\" alt=\"REWIND\u2122 AM\u017dI\u0172 KOREGUOJANTIS SERUMAS\" loading=\"lazy\"\/>-->\n          <!--          <p>\u201eREWIND\u2122\" AM\u017dI\u0172 KOREGUOJANTIS&nbsp;SERUMAS<\/p>-->\n          <!--        <\/a>-->\n          <!--      -->\n          <!--      -->\n          <!--         <a href=\"\/lt\/skin-revitalizing\/\" target=\"_blank\" aria-label=\"Go to Skin Revitalizing Essence\u2122 shop\" rel=\"noopener\">-->\n          <!--            <img decoding=\"async\" src=\"https:\/\/monatglobal.com\/wp-content\/uploads\/2022\/12\/Skin-Revitalizing-Essence-ecomm-2022-min.png\" alt=\"Skin Revitalizing Essence\u2122\" loading=\"lazy\"\/>-->\n          <!--            <p>\u201eSkin Revitalizing Essence\u2122\"<\/p>-->\n          <!--         <\/a>-->\n          <!--      -->\n          <!--   -->\n             <!-- If we need navigation buttons -->\n          <!--   -->\n          <!--   -->\n             <!-- If we need paginations -->\n          <!--   -->\n          <!---->\n         <!--==================================================== If we need navigation buttons  ====================================================-->\n         <!--==================================================== If we need paginations  ====================================================-->\n    <a href=\"\" aria-label=\"\"><\/a>\n<!--==================================================== this link has to go last for it to work   ====================================================-->\n","protected":false},"excerpt":{"rendered":"<p>Botaninis baku\u010diolis Vegani\u0161kas retinolio alternatyvos&nbsp;losjonas Lengvas, greitai \u012fsigeriantis vegani\u0161kas retinolio alternatyvos losjonas, saugus ir \u0161velnus kasdieniniam&nbsp;naudojimui. 30 ml e 1 fl. oz. Ma\u017emenin\u0117 kaina00.00 \u20ac VIP kliento kaina00.00 \u20ac Nor\u0117dami su\u017einoti daugiau apie Botanin\u012f baku\u010diol\u012f, vegani\u0161k\u0105 retinolio alternatyvos losjon\u0105, susisiekite su savo \u201eMONAT Market&nbsp;Partner&#8221;. NAUDOS Praturtintas gamtos, \u0161is lengvas losjonas papildytas stipriomis botanin\u0117mis aktyviosiomis med\u017eiagomis,&hellip;<\/p>\n","protected":false},"author":31,"featured_media":69379,"parent":0,"menu_order":0,"comment_status":"closed","ping_status":"closed","template":"","meta":{"inline_featured_image":false,"om_disable_all_campaigns":false,"_monsterinsights_skip_tracking":false,"_monsterinsights_sitenote_active":false,"_monsterinsights_sitenote_note":"","_monsterinsights_sitenote_category":0,"footnotes":""},"categories":[32],"tags":[],"class_list":["post-65736","page","type-page","status-publish","has-post-thumbnail","hentry","category-product-lt"],"aioseo_notices":[],"aioseo_head":"\n\t\t<!-- All in One SEO Pro 4.9.6 - aioseo.com -->\n\t<meta name=\"robots\" content=\"max-image-preview:large\" \/>\n\t<link rel=\"canonical\" href=\"https:\/\/monatglobal.com\/lt\/bakuchiol\/\" \/>\n\t<meta name=\"generator\" content=\"All in One SEO Pro (AIOSEO) 4.9.6\" \/>\n\t\t<meta property=\"og:locale\" content=\"lt_LT\" \/>\n\t\t<meta property=\"og:site_name\" content=\"MONAT Lithuania -\" \/>\n\t\t<meta property=\"og:type\" content=\"article\" \/>\n\t\t<meta property=\"og:title\" content=\"Botaninis baku\u010diolis vegani\u0161kas retinolio alternatyvos losjonas - MONAT Lithuania\" \/>\n\t\t<meta property=\"og:url\" content=\"https:\/\/monatglobal.com\/lt\/bakuchiol\/\" \/>\n\t\t<meta property=\"article:published_time\" content=\"2022-02-21T09:00:19+00:00\" \/>\n\t\t<meta property=\"article:modified_time\" content=\"2026-02-20T21:38:32+00:00\" \/>\n\t\t<meta name=\"twitter:card\" content=\"summary_large_image\" \/>\n\t\t<meta name=\"twitter:title\" content=\"Botaninis baku\u010diolis vegani\u0161kas retinolio alternatyvos losjonas - MONAT Lithuania\" \/>\n\t\t<script type=\"application\/ld+json\" class=\"aioseo-schema\">\n\t\t\t{\"@context\":\"https:\\\/\\\/schema.org\",\"@graph\":[{\"@type\":\"BreadcrumbList\",\"@id\":\"https:\\\/\\\/monatglobal.com\\\/lt\\\/bakuchiol\\\/#breadcrumblist\",\"itemListElement\":[{\"@type\":\"ListItem\",\"@id\":\"https:\\\/\\\/monatglobal.com\\\/lt#listItem\",\"position\":1,\"name\":\"Home\",\"item\":\"https:\\\/\\\/monatglobal.com\\\/lt\",\"nextItem\":{\"@type\":\"ListItem\",\"@id\":\"https:\\\/\\\/monatglobal.com\\\/lt\\\/bakuchiol\\\/#listItem\",\"name\":\"Botaninis baku\\u010diolis vegani\\u0161kas retinolio alternatyvos losjonas\"}},{\"@type\":\"ListItem\",\"@id\":\"https:\\\/\\\/monatglobal.com\\\/lt\\\/bakuchiol\\\/#listItem\",\"position\":2,\"name\":\"Botaninis baku\\u010diolis vegani\\u0161kas retinolio alternatyvos losjonas\",\"previousItem\":{\"@type\":\"ListItem\",\"@id\":\"https:\\\/\\\/monatglobal.com\\\/lt#listItem\",\"name\":\"Home\"}}]},{\"@type\":\"Organization\",\"@id\":\"https:\\\/\\\/monatglobal.com\\\/lt\\\/#organization\",\"name\":\"MONAT Lithuania\",\"url\":\"https:\\\/\\\/monatglobal.com\\\/lt\\\/\"},{\"@type\":\"WebPage\",\"@id\":\"https:\\\/\\\/monatglobal.com\\\/lt\\\/bakuchiol\\\/#webpage\",\"url\":\"https:\\\/\\\/monatglobal.com\\\/lt\\\/bakuchiol\\\/\",\"name\":\"Botaninis baku\\u010diolis vegani\\u0161kas retinolio alternatyvos losjonas - MONAT Lithuania\",\"inLanguage\":\"lt-LT\",\"isPartOf\":{\"@id\":\"https:\\\/\\\/monatglobal.com\\\/lt\\\/#website\"},\"breadcrumb\":{\"@id\":\"https:\\\/\\\/monatglobal.com\\\/lt\\\/bakuchiol\\\/#breadcrumblist\"},\"image\":{\"@type\":\"ImageObject\",\"url\":\"https:\\\/\\\/monatglobal.com\\\/lt\\\/wp-content\\\/uploads\\\/sites\\\/11\\\/2021\\\/12\\\/Bakuchiol-Botanic-ecomm.png\",\"@id\":\"https:\\\/\\\/monatglobal.com\\\/lt\\\/bakuchiol\\\/#mainImage\",\"width\":641,\"height\":800},\"primaryImageOfPage\":{\"@id\":\"https:\\\/\\\/monatglobal.com\\\/lt\\\/bakuchiol\\\/#mainImage\"},\"datePublished\":\"2022-02-21T09:00:19+00:00\",\"dateModified\":\"2026-02-20T21:38:32+00:00\"},{\"@type\":\"WebSite\",\"@id\":\"https:\\\/\\\/monatglobal.com\\\/lt\\\/#website\",\"url\":\"https:\\\/\\\/monatglobal.com\\\/lt\\\/\",\"name\":\"MONAT Lithuania\",\"inLanguage\":\"lt-LT\",\"publisher\":{\"@id\":\"https:\\\/\\\/monatglobal.com\\\/lt\\\/#organization\"}}]}\n\t\t<\/script>\n\t\t<!-- All in One SEO Pro -->\r\n\t\t<title>Botaninis baku\u010diolis vegani\u0161kas retinolio alternatyvos losjonas - MONAT Lithuania<\/title>\n\n","aioseo_head_json":{"title":"Botaninis baku\u010diolis vegani\u0161kas retinolio alternatyvos losjonas - MONAT Lithuania","description":"","canonical_url":"https:\/\/monatglobal.com\/lt\/bakuchiol\/","robots":"max-image-preview:large","keywords":"","webmasterTools":{"miscellaneous":""},"schema":{"@context":"https:\/\/schema.org","@graph":[{"@type":"BreadcrumbList","@id":"https:\/\/monatglobal.com\/lt\/bakuchiol\/#breadcrumblist","itemListElement":[{"@type":"ListItem","@id":"https:\/\/monatglobal.com\/lt#listItem","position":1,"name":"Home","item":"https:\/\/monatglobal.com\/lt","nextItem":{"@type":"ListItem","@id":"https:\/\/monatglobal.com\/lt\/bakuchiol\/#listItem","name":"Botaninis baku\u010diolis vegani\u0161kas retinolio alternatyvos losjonas"}},{"@type":"ListItem","@id":"https:\/\/monatglobal.com\/lt\/bakuchiol\/#listItem","position":2,"name":"Botaninis baku\u010diolis vegani\u0161kas retinolio alternatyvos losjonas","previousItem":{"@type":"ListItem","@id":"https:\/\/monatglobal.com\/lt#listItem","name":"Home"}}]},{"@type":"Organization","@id":"https:\/\/monatglobal.com\/lt\/#organization","name":"MONAT Lithuania","url":"https:\/\/monatglobal.com\/lt\/"},{"@type":"WebPage","@id":"https:\/\/monatglobal.com\/lt\/bakuchiol\/#webpage","url":"https:\/\/monatglobal.com\/lt\/bakuchiol\/","name":"Botaninis baku\u010diolis vegani\u0161kas retinolio alternatyvos losjonas - MONAT Lithuania","inLanguage":"lt-LT","isPartOf":{"@id":"https:\/\/monatglobal.com\/lt\/#website"},"breadcrumb":{"@id":"https:\/\/monatglobal.com\/lt\/bakuchiol\/#breadcrumblist"},"image":{"@type":"ImageObject","url":"https:\/\/monatglobal.com\/lt\/wp-content\/uploads\/sites\/11\/2021\/12\/Bakuchiol-Botanic-ecomm.png","@id":"https:\/\/monatglobal.com\/lt\/bakuchiol\/#mainImage","width":641,"height":800},"primaryImageOfPage":{"@id":"https:\/\/monatglobal.com\/lt\/bakuchiol\/#mainImage"},"datePublished":"2022-02-21T09:00:19+00:00","dateModified":"2026-02-20T21:38:32+00:00"},{"@type":"WebSite","@id":"https:\/\/monatglobal.com\/lt\/#website","url":"https:\/\/monatglobal.com\/lt\/","name":"MONAT Lithuania","inLanguage":"lt-LT","publisher":{"@id":"https:\/\/monatglobal.com\/lt\/#organization"}}]},"og:locale":"lt_LT","og:site_name":"MONAT Lithuania -","og:type":"article","og:title":"Botaninis baku\u010diolis vegani\u0161kas retinolio alternatyvos losjonas - MONAT Lithuania","og:url":"https:\/\/monatglobal.com\/lt\/bakuchiol\/","article:published_time":"2022-02-21T09:00:19+00:00","article:modified_time":"2026-02-20T21:38:32+00:00","twitter:card":"summary_large_image","twitter:title":"Botaninis baku\u010diolis vegani\u0161kas retinolio alternatyvos losjonas - MONAT Lithuania"},"aioseo_meta_data":{"post_id":"65736","title":null,"description":null,"keywords":null,"keyphrases":{"focus":{"keyphrase":"","score":0,"analysis":{"keyphraseInTitle":{"score":0,"maxScore":9,"error":1}}},"additional":[]},"primary_term":null,"canonical_url":null,"og_title":null,"og_description":null,"og_object_type":"default","og_image_type":"default","og_image_url":null,"og_image_width":null,"og_image_height":null,"og_image_custom_url":null,"og_image_custom_fields":null,"og_video":"","og_custom_url":null,"og_article_section":null,"og_article_tags":null,"twitter_use_og":false,"twitter_card":"default","twitter_image_type":"default","twitter_image_url":null,"twitter_image_custom_url":null,"twitter_image_custom_fields":null,"twitter_title":null,"twitter_description":null,"schema":{"blockGraphs":[],"customGraphs":[],"default":{"data":{"Article":[],"Course":[],"Dataset":[],"FAQPage":[],"Movie":[],"Person":[],"Product":[],"ProductReview":[],"Car":[],"Recipe":[],"Service":[],"SoftwareApplication":[],"WebPage":[]},"graphName":"WebPage","isEnabled":true},"graphs":[]},"schema_type":"default","schema_type_options":null,"pillar_content":false,"robots_default":true,"robots_noindex":false,"robots_noarchive":false,"robots_nosnippet":false,"robots_nofollow":false,"robots_noimageindex":false,"robots_noodp":false,"robots_notranslate":false,"robots_max_snippet":"-1","robots_max_videopreview":"-1","robots_max_imagepreview":"large","priority":null,"frequency":"default","local_seo":null,"seo_analyzer_scan_date":"2026-02-20 21:41:04","breadcrumb_settings":null,"limit_modified_date":false,"reviewed_by":"0","open_ai":null,"ai":{"faqs":[],"keyPoints":[],"titles":[],"descriptions":[],"socialPosts":{"email":[],"linkedin":[],"twitter":[],"facebook":[],"instagram":[]}},"created":"2023-07-26 19:20:15","updated":"2026-02-20 21:41:04"},"aioseo_breadcrumb":"<div class=\"aioseo-breadcrumbs\"><span class=\"aioseo-breadcrumb\">\n\t<a href=\"https:\/\/monatglobal.com\/lt\" title=\"Home\">Home<\/a>\n<\/span><span class=\"aioseo-breadcrumb-separator\">&raquo;<\/span><span class=\"aioseo-breadcrumb\">\n\tBotaninis baku\u010diolis vegani\u0161kas retinolio alternatyvos losjonas\n<\/span><\/div>","aioseo_breadcrumb_json":[{"label":"Home","link":"https:\/\/monatglobal.com\/lt"},{"label":"Botaninis baku\u010diolis vegani\u0161kas retinolio alternatyvos losjonas","link":"https:\/\/monatglobal.com\/lt\/bakuchiol\/"}],"_links":{"self":[{"href":"https:\/\/monatglobal.com\/lt\/wp-json\/wp\/v2\/pages\/65736","targetHints":{"allow":["GET"]}}],"collection":[{"href":"https:\/\/monatglobal.com\/lt\/wp-json\/wp\/v2\/pages"}],"about":[{"href":"https:\/\/monatglobal.com\/lt\/wp-json\/wp\/v2\/types\/page"}],"author":[{"embeddable":true,"href":"https:\/\/monatglobal.com\/lt\/wp-json\/wp\/v2\/users\/31"}],"replies":[{"embeddable":true,"href":"https:\/\/monatglobal.com\/lt\/wp-json\/wp\/v2\/comments?post=65736"}],"version-history":[{"count":18,"href":"https:\/\/monatglobal.com\/lt\/wp-json\/wp\/v2\/pages\/65736\/revisions"}],"predecessor-version":[{"id":109247,"href":"https:\/\/monatglobal.com\/lt\/wp-json\/wp\/v2\/pages\/65736\/revisions\/109247"}],"wp:featuredmedia":[{"embeddable":true,"href":"https:\/\/monatglobal.com\/lt\/wp-json\/wp\/v2\/media\/69379"}],"wp:attachment":[{"href":"https:\/\/monatglobal.com\/lt\/wp-json\/wp\/v2\/media?parent=65736"}],"wp:term":[{"taxonomy":"category","embeddable":true,"href":"https:\/\/monatglobal.com\/lt\/wp-json\/wp\/v2\/categories?post=65736"},{"taxonomy":"post_tag","embeddable":true,"href":"https:\/\/monatglobal.com\/lt\/wp-json\/wp\/v2\/tags?post=65736"}],"curies":[{"name":"wp","href":"https:\/\/api.w.org\/{rel}","templated":true}]}}