{"id":65729,"date":"2021-12-08T21:27:33","date_gmt":"2021-12-08T21:27:33","guid":{"rendered":"https:\/\/monatglobal.com\/lt\/?page_id=65729"},"modified":"2022-12-06T20:23:19","modified_gmt":"2022-12-06T20:23:19","slug":"the-science-of-monat","status":"publish","type":"page","link":"https:\/\/monatglobal.com\/lt\/the-science-of-monat\/","title":{"rendered":"\u201eMONAT\u201c mokslas"},"content":{"rendered":"\n<h1>\u201eMONAT&#8221; mokslas<\/h1>\n        <h2>\u201eMONAT&#8221; sudedamosios dalys yra nat\u016bralios, saugios ir grynos. Kadangi ir kiti preki\u0173 \u017eenklai \n        pripa\u017e\u012fsta botanini\u0173 aliej\u0173 gali\u0105, kuo i\u0161siskiria&nbsp;\u201eMONAT&#8221;?<\/h2>\n        Atsakymas slypi m\u016bs\u0173 turtingose formul\u0117se, d\u0117l kuri\u0173 \u0161ios nat\u016bralaus pagrindo sudedamosios dalys harmoningai veikia tarpusavyje, \n        susijungia ir reaguoja, leisdamos atsiskleisti j\u0173 nat\u016bralioms savyb\u0117ms ir pakyl\u0117damos \u201eMONAT&#8221; \u012f kit\u0105 lyg\u012f. \u0160iek tiek apie moksl\u0105, \n        slypint\u012f u\u017e&nbsp;\u201eMONAT&#8221;.\n              <p>\u201eREJUVENIQE\u2122&#8221; Intensyvaus poveikio&nbsp;aliejus<\/p>\n              Daugiau nei 13 nat\u016brali\u0173 augal\u0173 ir eterini\u0173 aliej\u0173 sud\u0117tyje turintis derinys, praturtintas omega riebal\u0173 r\u016bg\u0161timis, \n              antioksidantais ir maistingomis med\u017eiagomis, puikiai tinka odai ir&nbsp;plaukams.\n              <p>CAPIXYL\u2122<\/p>\n              <p>Unikalus aktyvusis kompleksas, kuris padeda stiprinti ir storinti plaukus, skatindamas nat\u016bral\u0173 j\u0173&nbsp;augim\u0105.<\/p>\n              <p>PROCATALINE\u2122<\/p>\n              Su sud\u0117tyje esan\u010diu \u017eirni\u0173 ekstraktu, \u0161is auk\u0161tos technologijos derinys palaiko sveikai ir jaunai atrodan\u010di\u0173 plauk\u0173 i\u0161vaizd\u0105, \n              pad\u0117damas apsaugoti plaukus nuo i\u0161orini\u0173 aplinkos&nbsp;veiksni\u0173.\n              <p>CRODASORB\u2122<\/p>\n              <p>Itin veiksminga sudedamoji dalis, kuri padeda i\u0161saugoti nat\u016brali\u0105 plauk\u0173 pigmentacij\u0105 ir u\u017etikrina plauk\u0173 sruog\u0173 apsaug\u0105 ir&nbsp;tvirtum\u0105.<\/p>\n            <p>MES ESAME \u201eMONAT&#8221;<\/p>\n            <h2>\u012esipareigoj\u0119 u\u017etikrinti kokyb\u0119 ir&nbsp;saugum\u0105<\/h2>\n            \u201eMONAT&#8221; mes naudojame tik saugias ir veiksmingas sudedam\u0105sias dalis ir med\u017eiagas, kurios sujungia \n            geriausias mokslo ir gamtos savybes. M\u016bs\u0173 nat\u016bralaus pagrindo sudedamosios dalys testuojamos ir kuriamos taip, kad \n            u\u017etikrintume j\u016bs\u0173&nbsp;saugum\u0105.\n            <p>Taip!Mes naudojame tik saugias ir klini\u0161kai patikrintas sudedam\u0105sias&nbsp;dalis.<\/p>\n            Visos \u201eMONAT&#8221; formul\u0117s yra klini\u0161kai patikrintos nepriklausom\u0173 laboratorij\u0173, siekiant u\u017etikrinti, kad jos \n            nesukelia dirginimo. Mes gaminame savo produktus taip, kad \u0161ie atitikt\u0173 auk\u0161\u010diausius JAV, Kanados ir Europos&nbsp;standartus.\n            Kalbant apie m\u016bs\u0173 produkt\u0173 saugum\u0105, mes tvirtai \u012fsipareigojame naudoti tik tas sudedam\u0105sias dalis, \n            kurias nustat\u0117 kaip saugias naudoti pagal paskirt\u012f patikimos tre\u010diosios \u0161alys, tokios kaip Kosmetikos ingredient\u0173 ap\u017evalgos \n            ekspert\u0173 komisija (CIR) JAV ir Vartotoj\u0173 saugos mokslinis komitetas (VSMK) Europoje.\n            Be to, visose \u201eMONAT&#8221; formul\u0117se yra naudojamos sudedamosios dalys, kurias FDA, \u201eHealth Canada&#8221; ir grie\u017etesn\u0117 \n            Europos Komisija laiko \u201esaugiomis numatytai kosmetikos&nbsp;paskir\u010diai&#8221;.\n            <p>Taip!Mes naudojame saugius&nbsp;da\u017eiklius.<\/p>\n            <p>Mes naudojame saugius da\u017eiklius, patvirtintus FDA, \u201eHealth Canada&#8221; ir Europos Komisijos Europos&nbsp;S\u0105jungoje.<\/p>\n            <p>Taip! Mes naudojame saugius&nbsp;kvapiklius.<\/p>\n            Mes naudojame tik tas kvapi\u0105sias med\u017eiagas, kuri\u0173 sudedamosios dalys buvo patvirtintos kaip saugios \n            Kvapi\u0173j\u0173 med\u017eiag\u0173 mokslini\u0173 tyrim\u0173 instituto (RIFM) ir Tarptautin\u0117s kvapi\u0173j\u0173 med\u017eiag\u0173 gamintoj\u0173 asociacijos&nbsp;(IFRA).\n            RIFM ir IFRA yra mokslo institucijos, u\u017etikrinan\u010dios saug\u0173 kvapikli\u0173 ir kvapi\u0173j\u0173 med\u017eiag\u0173, randam\u0173 \n            asmens prie\u017ei\u016bros gaminiuose, naudojim\u0105 visame&nbsp;pasaulyje.\n            <p>Taip!Mes esame draugi\u0161ki veganams ir&nbsp;gyv\u016bnams.<\/p>\n            Nenaudojame joki\u0173 sudedam\u0173j\u0173 dali\u0173, gaut\u0173 i\u0161 gyv\u016bn\u0173 ar \u0161alutini\u0173 gyv\u016bnini\u0173 produkt\u0173. Mes niekada neu\u017esiimame \n            bandymais su&nbsp;gyv\u016bnais.\n            <p>Taip!Mes esame:<\/p>\n    <h2>Taip! <br>We Are Modern Nature\u2122<\/h2>\n","protected":false},"excerpt":{"rendered":"<p>\u201eMONAT&#8221; mokslas \u201eMONAT&#8221; sudedamosios dalys yra nat\u016bralios, saugios ir grynos. Kadangi ir kiti preki\u0173 \u017eenklai pripa\u017e\u012fsta botanini\u0173 aliej\u0173 gali\u0105, kuo i\u0161siskiria&nbsp;\u201eMONAT&#8221;? Atsakymas slypi m\u016bs\u0173 turtingose formul\u0117se, d\u0117l kuri\u0173 \u0161ios nat\u016bralaus pagrindo sudedamosios dalys harmoningai veikia tarpusavyje, susijungia ir reaguoja, leisdamos atsiskleisti j\u0173 nat\u016bralioms savyb\u0117ms ir pakyl\u0117damos \u201eMONAT&#8221; \u012f kit\u0105 lyg\u012f. \u0160iek tiek apie moksl\u0105, slypint\u012f&hellip;<\/p>\n","protected":false},"author":31,"featured_media":65735,"parent":0,"menu_order":0,"comment_status":"closed","ping_status":"closed","template":"","meta":{"inline_featured_image":false,"om_disable_all_campaigns":false,"_monsterinsights_skip_tracking":false,"_monsterinsights_sitenote_active":false,"_monsterinsights_sitenote_note":"","_monsterinsights_sitenote_category":0,"footnotes":""},"categories":[],"tags":[],"class_list":["post-65729","page","type-page","status-publish","has-post-thumbnail","hentry"],"aioseo_notices":[],"aioseo_head":"\n\t\t<!-- All in One SEO Pro 4.9.5.2 - aioseo.com -->\n\t<meta name=\"description\" content=\"\u201eMONAT&quot; mokslas \u201eMONAT&quot; sudedamosios dalys yra nat\u016bralios, saugios ir grynos. Kadangi ir kiti preki\u0173 \u017eenklai pripa\u017e\u012fsta botanini\u0173 aliej\u0173 gali\u0105, kuo i\u0161siskiria \u201eMONAT&quot;? Atsakymas slypi m\u016bs\u0173 turtingose formul\u0117se, d\u0117l kuri\u0173 \u0161ios nat\u016bralaus pagrindo sudedamosios dalys harmoningai veikia tarpusavyje, susijungia ir reaguoja, leisdamos atsiskleisti j\u0173 nat\u016bralioms savyb\u0117ms ir pakyl\u0117damos \u201eMONAT&quot; \u012f kit\u0105 lyg\u012f. \u0160iek tiek apie moksl\u0105, slypint\u012f\" \/>\n\t<meta name=\"robots\" content=\"max-image-preview:large\" \/>\n\t<link rel=\"canonical\" href=\"https:\/\/monatglobal.com\/lt\/the-science-of-monat\/\" \/>\n\t<meta name=\"generator\" content=\"All in One SEO Pro (AIOSEO) 4.9.5.2\" \/>\n\t\t<meta property=\"og:locale\" content=\"lt_LT\" \/>\n\t\t<meta property=\"og:site_name\" content=\"MONAT Lithuania -\" \/>\n\t\t<meta property=\"og:type\" content=\"article\" \/>\n\t\t<meta property=\"og:title\" content=\"\u201eMONAT\u201c mokslas - MONAT Lithuania\" \/>\n\t\t<meta property=\"og:description\" content=\"\u201eMONAT&quot; mokslas \u201eMONAT&quot; sudedamosios dalys yra nat\u016bralios, saugios ir grynos. Kadangi ir kiti preki\u0173 \u017eenklai pripa\u017e\u012fsta botanini\u0173 aliej\u0173 gali\u0105, kuo i\u0161siskiria \u201eMONAT&quot;? Atsakymas slypi m\u016bs\u0173 turtingose formul\u0117se, d\u0117l kuri\u0173 \u0161ios nat\u016bralaus pagrindo sudedamosios dalys harmoningai veikia tarpusavyje, susijungia ir reaguoja, leisdamos atsiskleisti j\u0173 nat\u016bralioms savyb\u0117ms ir pakyl\u0117damos \u201eMONAT&quot; \u012f kit\u0105 lyg\u012f. \u0160iek tiek apie moksl\u0105, slypint\u012f\" \/>\n\t\t<meta property=\"og:url\" content=\"https:\/\/monatglobal.com\/lt\/the-science-of-monat\/\" \/>\n\t\t<meta property=\"article:published_time\" content=\"2021-12-08T21:27:33+00:00\" \/>\n\t\t<meta property=\"article:modified_time\" content=\"2022-12-06T20:23:19+00:00\" \/>\n\t\t<meta name=\"twitter:card\" content=\"summary_large_image\" \/>\n\t\t<meta name=\"twitter:title\" content=\"\u201eMONAT\u201c mokslas - MONAT Lithuania\" \/>\n\t\t<meta name=\"twitter:description\" content=\"\u201eMONAT&quot; mokslas \u201eMONAT&quot; sudedamosios dalys yra nat\u016bralios, saugios ir grynos. Kadangi ir kiti preki\u0173 \u017eenklai pripa\u017e\u012fsta botanini\u0173 aliej\u0173 gali\u0105, kuo i\u0161siskiria \u201eMONAT&quot;? Atsakymas slypi m\u016bs\u0173 turtingose formul\u0117se, d\u0117l kuri\u0173 \u0161ios nat\u016bralaus pagrindo sudedamosios dalys harmoningai veikia tarpusavyje, susijungia ir reaguoja, leisdamos atsiskleisti j\u0173 nat\u016bralioms savyb\u0117ms ir pakyl\u0117damos \u201eMONAT&quot; \u012f kit\u0105 lyg\u012f. \u0160iek tiek apie moksl\u0105, slypint\u012f\" \/>\n\t\t<script type=\"application\/ld+json\" class=\"aioseo-schema\">\n\t\t\t{\"@context\":\"https:\\\/\\\/schema.org\",\"@graph\":[{\"@type\":\"BreadcrumbList\",\"@id\":\"https:\\\/\\\/monatglobal.com\\\/lt\\\/the-science-of-monat\\\/#breadcrumblist\",\"itemListElement\":[{\"@type\":\"ListItem\",\"@id\":\"https:\\\/\\\/monatglobal.com\\\/lt#listItem\",\"position\":1,\"name\":\"Home\",\"item\":\"https:\\\/\\\/monatglobal.com\\\/lt\",\"nextItem\":{\"@type\":\"ListItem\",\"@id\":\"https:\\\/\\\/monatglobal.com\\\/lt\\\/the-science-of-monat\\\/#listItem\",\"name\":\"\\u201eMONAT\\u201c mokslas\"}},{\"@type\":\"ListItem\",\"@id\":\"https:\\\/\\\/monatglobal.com\\\/lt\\\/the-science-of-monat\\\/#listItem\",\"position\":2,\"name\":\"\\u201eMONAT\\u201c mokslas\",\"previousItem\":{\"@type\":\"ListItem\",\"@id\":\"https:\\\/\\\/monatglobal.com\\\/lt#listItem\",\"name\":\"Home\"}}]},{\"@type\":\"Organization\",\"@id\":\"https:\\\/\\\/monatglobal.com\\\/lt\\\/#organization\",\"name\":\"MONAT Lithuania\",\"url\":\"https:\\\/\\\/monatglobal.com\\\/lt\\\/\"},{\"@type\":\"WebPage\",\"@id\":\"https:\\\/\\\/monatglobal.com\\\/lt\\\/the-science-of-monat\\\/#webpage\",\"url\":\"https:\\\/\\\/monatglobal.com\\\/lt\\\/the-science-of-monat\\\/\",\"name\":\"\\u201eMONAT\\u201c mokslas - MONAT Lithuania\",\"description\":\"\\u201eMONAT\\\" mokslas \\u201eMONAT\\\" sudedamosios dalys yra nat\\u016bralios, saugios ir grynos. Kadangi ir kiti preki\\u0173 \\u017eenklai pripa\\u017e\\u012fsta botanini\\u0173 aliej\\u0173 gali\\u0105, kuo i\\u0161siskiria \\u201eMONAT\\\"? Atsakymas slypi m\\u016bs\\u0173 turtingose formul\\u0117se, d\\u0117l kuri\\u0173 \\u0161ios nat\\u016bralaus pagrindo sudedamosios dalys harmoningai veikia tarpusavyje, susijungia ir reaguoja, leisdamos atsiskleisti j\\u0173 nat\\u016bralioms savyb\\u0117ms ir pakyl\\u0117damos \\u201eMONAT\\\" \\u012f kit\\u0105 lyg\\u012f. \\u0160iek tiek apie moksl\\u0105, slypint\\u012f\",\"inLanguage\":\"lt-LT\",\"isPartOf\":{\"@id\":\"https:\\\/\\\/monatglobal.com\\\/lt\\\/#website\"},\"breadcrumb\":{\"@id\":\"https:\\\/\\\/monatglobal.com\\\/lt\\\/the-science-of-monat\\\/#breadcrumblist\"},\"image\":{\"@type\":\"ImageObject\",\"url\":65735,\"@id\":\"https:\\\/\\\/monatglobal.com\\\/lt\\\/the-science-of-monat\\\/#mainImage\"},\"primaryImageOfPage\":{\"@id\":\"https:\\\/\\\/monatglobal.com\\\/lt\\\/the-science-of-monat\\\/#mainImage\"},\"datePublished\":\"2021-12-08T21:27:33+00:00\",\"dateModified\":\"2022-12-06T20:23:19+00:00\"},{\"@type\":\"WebSite\",\"@id\":\"https:\\\/\\\/monatglobal.com\\\/lt\\\/#website\",\"url\":\"https:\\\/\\\/monatglobal.com\\\/lt\\\/\",\"name\":\"MONAT Lithuania\",\"inLanguage\":\"lt-LT\",\"publisher\":{\"@id\":\"https:\\\/\\\/monatglobal.com\\\/lt\\\/#organization\"}}]}\n\t\t<\/script>\n\t\t<!-- All in One SEO Pro -->\r\n\t\t<title>\u201eMONAT\u201c mokslas - MONAT Lithuania<\/title>\n\n","aioseo_head_json":{"title":"\u201eMONAT\u201c mokslas - MONAT Lithuania","description":"\u201eMONAT\" mokslas \u201eMONAT\" sudedamosios dalys yra nat\u016bralios, saugios ir grynos. Kadangi ir kiti preki\u0173 \u017eenklai pripa\u017e\u012fsta botanini\u0173 aliej\u0173 gali\u0105, kuo i\u0161siskiria \u201eMONAT\"? Atsakymas slypi m\u016bs\u0173 turtingose formul\u0117se, d\u0117l kuri\u0173 \u0161ios nat\u016bralaus pagrindo sudedamosios dalys harmoningai veikia tarpusavyje, susijungia ir reaguoja, leisdamos atsiskleisti j\u0173 nat\u016bralioms savyb\u0117ms ir pakyl\u0117damos \u201eMONAT\" \u012f kit\u0105 lyg\u012f. \u0160iek tiek apie moksl\u0105, slypint\u012f","canonical_url":"https:\/\/monatglobal.com\/lt\/the-science-of-monat\/","robots":"max-image-preview:large","keywords":"","webmasterTools":{"miscellaneous":""},"schema":{"@context":"https:\/\/schema.org","@graph":[{"@type":"BreadcrumbList","@id":"https:\/\/monatglobal.com\/lt\/the-science-of-monat\/#breadcrumblist","itemListElement":[{"@type":"ListItem","@id":"https:\/\/monatglobal.com\/lt#listItem","position":1,"name":"Home","item":"https:\/\/monatglobal.com\/lt","nextItem":{"@type":"ListItem","@id":"https:\/\/monatglobal.com\/lt\/the-science-of-monat\/#listItem","name":"\u201eMONAT\u201c mokslas"}},{"@type":"ListItem","@id":"https:\/\/monatglobal.com\/lt\/the-science-of-monat\/#listItem","position":2,"name":"\u201eMONAT\u201c mokslas","previousItem":{"@type":"ListItem","@id":"https:\/\/monatglobal.com\/lt#listItem","name":"Home"}}]},{"@type":"Organization","@id":"https:\/\/monatglobal.com\/lt\/#organization","name":"MONAT Lithuania","url":"https:\/\/monatglobal.com\/lt\/"},{"@type":"WebPage","@id":"https:\/\/monatglobal.com\/lt\/the-science-of-monat\/#webpage","url":"https:\/\/monatglobal.com\/lt\/the-science-of-monat\/","name":"\u201eMONAT\u201c mokslas - MONAT Lithuania","description":"\u201eMONAT\" mokslas \u201eMONAT\" sudedamosios dalys yra nat\u016bralios, saugios ir grynos. Kadangi ir kiti preki\u0173 \u017eenklai pripa\u017e\u012fsta botanini\u0173 aliej\u0173 gali\u0105, kuo i\u0161siskiria \u201eMONAT\"? Atsakymas slypi m\u016bs\u0173 turtingose formul\u0117se, d\u0117l kuri\u0173 \u0161ios nat\u016bralaus pagrindo sudedamosios dalys harmoningai veikia tarpusavyje, susijungia ir reaguoja, leisdamos atsiskleisti j\u0173 nat\u016bralioms savyb\u0117ms ir pakyl\u0117damos \u201eMONAT\" \u012f kit\u0105 lyg\u012f. \u0160iek tiek apie moksl\u0105, slypint\u012f","inLanguage":"lt-LT","isPartOf":{"@id":"https:\/\/monatglobal.com\/lt\/#website"},"breadcrumb":{"@id":"https:\/\/monatglobal.com\/lt\/the-science-of-monat\/#breadcrumblist"},"image":{"@type":"ImageObject","url":65735,"@id":"https:\/\/monatglobal.com\/lt\/the-science-of-monat\/#mainImage"},"primaryImageOfPage":{"@id":"https:\/\/monatglobal.com\/lt\/the-science-of-monat\/#mainImage"},"datePublished":"2021-12-08T21:27:33+00:00","dateModified":"2022-12-06T20:23:19+00:00"},{"@type":"WebSite","@id":"https:\/\/monatglobal.com\/lt\/#website","url":"https:\/\/monatglobal.com\/lt\/","name":"MONAT Lithuania","inLanguage":"lt-LT","publisher":{"@id":"https:\/\/monatglobal.com\/lt\/#organization"}}]},"og:locale":"lt_LT","og:site_name":"MONAT Lithuania -","og:type":"article","og:title":"\u201eMONAT\u201c mokslas - MONAT Lithuania","og:description":"\u201eMONAT&quot; mokslas \u201eMONAT&quot; sudedamosios dalys yra nat\u016bralios, saugios ir grynos. Kadangi ir kiti preki\u0173 \u017eenklai pripa\u017e\u012fsta botanini\u0173 aliej\u0173 gali\u0105, kuo i\u0161siskiria \u201eMONAT&quot;? Atsakymas slypi m\u016bs\u0173 turtingose formul\u0117se, d\u0117l kuri\u0173 \u0161ios nat\u016bralaus pagrindo sudedamosios dalys harmoningai veikia tarpusavyje, susijungia ir reaguoja, leisdamos atsiskleisti j\u0173 nat\u016bralioms savyb\u0117ms ir pakyl\u0117damos \u201eMONAT&quot; \u012f kit\u0105 lyg\u012f. \u0160iek tiek apie moksl\u0105, slypint\u012f","og:url":"https:\/\/monatglobal.com\/lt\/the-science-of-monat\/","article:published_time":"2021-12-08T21:27:33+00:00","article:modified_time":"2022-12-06T20:23:19+00:00","twitter:card":"summary_large_image","twitter:title":"\u201eMONAT\u201c mokslas - MONAT Lithuania","twitter:description":"\u201eMONAT&quot; mokslas \u201eMONAT&quot; sudedamosios dalys yra nat\u016bralios, saugios ir grynos. Kadangi ir kiti preki\u0173 \u017eenklai pripa\u017e\u012fsta botanini\u0173 aliej\u0173 gali\u0105, kuo i\u0161siskiria \u201eMONAT&quot;? Atsakymas slypi m\u016bs\u0173 turtingose formul\u0117se, d\u0117l kuri\u0173 \u0161ios nat\u016bralaus pagrindo sudedamosios dalys harmoningai veikia tarpusavyje, susijungia ir reaguoja, leisdamos atsiskleisti j\u0173 nat\u016bralioms savyb\u0117ms ir pakyl\u0117damos \u201eMONAT&quot; \u012f kit\u0105 lyg\u012f. \u0160iek tiek apie moksl\u0105, slypint\u012f"},"aioseo_meta_data":{"post_id":"65729","title":null,"description":null,"keywords":null,"keyphrases":null,"primary_term":null,"canonical_url":null,"og_title":null,"og_description":null,"og_object_type":"default","og_image_type":"default","og_image_url":null,"og_image_width":null,"og_image_height":null,"og_image_custom_url":null,"og_image_custom_fields":null,"og_video":null,"og_custom_url":null,"og_article_section":null,"og_article_tags":null,"twitter_use_og":false,"twitter_card":"default","twitter_image_type":"default","twitter_image_url":null,"twitter_image_custom_url":null,"twitter_image_custom_fields":null,"twitter_title":null,"twitter_description":null,"schema":{"blockGraphs":[],"customGraphs":[],"default":{"data":{"Article":[],"Course":[],"Dataset":[],"FAQPage":[],"Movie":[],"Person":[],"Product":[],"ProductReview":[],"Car":[],"Recipe":[],"Service":[],"SoftwareApplication":[],"WebPage":[]},"graphName":"","isEnabled":true},"graphs":[]},"schema_type":"default","schema_type_options":null,"pillar_content":false,"robots_default":true,"robots_noindex":false,"robots_noarchive":false,"robots_nosnippet":false,"robots_nofollow":false,"robots_noimageindex":false,"robots_noodp":false,"robots_notranslate":false,"robots_max_snippet":null,"robots_max_videopreview":null,"robots_max_imagepreview":"large","priority":null,"frequency":null,"local_seo":null,"seo_analyzer_scan_date":"2025-08-15 01:18:12","breadcrumb_settings":null,"limit_modified_date":false,"reviewed_by":null,"open_ai":null,"ai":null,"created":"2023-07-26 19:14:55","updated":"2025-08-15 01:18:12"},"aioseo_breadcrumb":"<div class=\"aioseo-breadcrumbs\"><span class=\"aioseo-breadcrumb\">\n\t<a href=\"https:\/\/monatglobal.com\/lt\" title=\"Home\">Home<\/a>\n<\/span><span class=\"aioseo-breadcrumb-separator\">&raquo;<\/span><span class=\"aioseo-breadcrumb\">\n\t\u201eMONAT\u201c mokslas\n<\/span><\/div>","aioseo_breadcrumb_json":[{"label":"Home","link":"https:\/\/monatglobal.com\/lt"},{"label":"\u201eMONAT\u201c mokslas","link":"https:\/\/monatglobal.com\/lt\/the-science-of-monat\/"}],"_links":{"self":[{"href":"https:\/\/monatglobal.com\/lt\/wp-json\/wp\/v2\/pages\/65729","targetHints":{"allow":["GET"]}}],"collection":[{"href":"https:\/\/monatglobal.com\/lt\/wp-json\/wp\/v2\/pages"}],"about":[{"href":"https:\/\/monatglobal.com\/lt\/wp-json\/wp\/v2\/types\/page"}],"author":[{"embeddable":true,"href":"https:\/\/monatglobal.com\/lt\/wp-json\/wp\/v2\/users\/31"}],"replies":[{"embeddable":true,"href":"https:\/\/monatglobal.com\/lt\/wp-json\/wp\/v2\/comments?post=65729"}],"version-history":[{"count":1,"href":"https:\/\/monatglobal.com\/lt\/wp-json\/wp\/v2\/pages\/65729\/revisions"}],"predecessor-version":[{"id":75511,"href":"https:\/\/monatglobal.com\/lt\/wp-json\/wp\/v2\/pages\/65729\/revisions\/75511"}],"wp:featuredmedia":[{"embeddable":true,"href":"https:\/\/monatglobal.com\/lt\/wp-json\/"}],"wp:attachment":[{"href":"https:\/\/monatglobal.com\/lt\/wp-json\/wp\/v2\/media?parent=65729"}],"wp:term":[{"taxonomy":"category","embeddable":true,"href":"https:\/\/monatglobal.com\/lt\/wp-json\/wp\/v2\/categories?post=65729"},{"taxonomy":"post_tag","embeddable":true,"href":"https:\/\/monatglobal.com\/lt\/wp-json\/wp\/v2\/tags?post=65729"}],"curies":[{"name":"wp","href":"https:\/\/api.w.org\/{rel}","templated":true}]}}