{"id":65722,"date":"2021-12-07T21:20:30","date_gmt":"2021-12-07T21:20:30","guid":{"rendered":"https:\/\/monatglobal.com\/lt\/?page_id=65722"},"modified":"2025-01-24T20:00:19","modified_gmt":"2025-01-24T20:00:19","slug":"sustainability","status":"publish","type":"page","link":"https:\/\/monatglobal.com\/lt\/sustainability\/","title":{"rendered":"\u201eMONAT\u201c tvarumas"},"content":{"rendered":"\n\n         <h2>\u201eMONAT&#8221; \u012fmon\u0117je suprantame tvarumo svarb\u0105 ir jo vaidmen\u012f mums laikantis savo&nbsp;vertybi\u0173.<\/h2>\n         Esame \u012fsipareigoj\u0119 atsi\u017evelgti \u012f savo ekologin\u012f p\u0117dsak\u0105, u\u017etikrinti, kad darome teigiam\u0105 poveik\u012f m\u016bs\u0173 bendruomen\u0117ms ir m\u016bs\u0173 planetai, pagarbiai \n         elgtis su \u017emon\u0117mis ir visuose savo verslo aspektuose nepamir\u0161ti&nbsp;d\u0117kingumo.\n             <h3>Kaip pasaulin\u0117 \u012fmon\u0117, turinti pasaulin\u012f ekologin\u012f p\u0117dsak\u0105, mes vertiname savo poveik\u012f kaip \n             galimyb\u0119 \u012fgyvendinti svarbius teigiamus&nbsp;poky\u010dius.<\/h3>\n             <p>Tod\u0117l suk\u016br\u0117me sistem\u0105, nulemsian\u010di\u0105 m\u016bs\u0173 ateities strategij\u0105, tikslus ir&nbsp;veiksmus.<\/p>\n                <img decoding=\"async\" src=\"https:\/\/monatglobal.com\/wp-content\/uploads\/2021\/04\/monat_means-modern-nature1.jpg\" loading=\"lazy\"\/>\n                <p>rei\u0161kia<\/p>\n                <h2>\u201eModern Nature&#8221; <br \/>(liet. \u0161iuolaikin\u0117 gamta)<\/h2>\n                Kadangi \u201eMONAT&#8221; produktai yra paremti gamta ir priklauso nuo nat\u016brali\u0173 pagrindini\u0173 sudedam\u0173j\u0173 dali\u0173, \n                unikali\u0173 formuli\u0173 ir \u012frodytos naudos, viso to \u0161altinio &#8211; <em>gra\u017eaus pasaulio, kuriame gyvename, \n                apsaugojim\u0105 laikome savo&nbsp;pareiga.<\/em>\n                <img decoding=\"async\" src=\"https:\/\/monatglobal.com\/wp-content\/uploads\/2021\/04\/charcoal-nature-1.jpg\" loading=\"lazy\"\/>\n                <img decoding=\"async\" src=\"https:\/\/monatglobal.com\/wp-content\/uploads\/2021\/04\/Moisturizer-texture-.jpg\" loading=\"lazy\"\/>\n      <img decoding=\"async\" alt=\"\" src=\"https:\/\/monatglobal.com\/wp-content\/uploads\/2021\/04\/micellar-nature.jpg\" loading=\"lazy\"\/>\n      <img decoding=\"async\" alt=\"\" src=\"https:\/\/monatglobal.com\/wp-content\/uploads\/2021\/04\/modern-nature.jpg\" loading=\"lazy\"\/>\n                    <h2>Mes siekiame r\u016bpintis savo bendruomen\u0117mis, gamta ir savo verslu, \n                    laikydamiesi standart\u0173 ir praktikos, kurie laikosi ant trij\u0173&nbsp;rams\u010di\u0173:<\/h2>\n                    <p>Sveika planeta<\/p>\n                    Mes r\u016bpinam\u0117s savo poveikiu aplinkai matuodami, valdydami ir siekdami patobulinimo&nbsp;tiksl\u0173.\n                    <hr \/>\n                    <ul>\n                        <li>Perdirbimas ir i\u0161saugojimas<\/li>\n                        <li>Energija ir i\u0161metamos med\u017eiagos<\/li> \n                        <li>Aplinka ir gamta<\/li>\n                    <\/ul>\n                    <p>Tikslingas verslas ir&nbsp;produktai<\/p>\n                    Mes gyvename pagal savo vertybes ir \u012fgyvendiname savo tiksl\u0105 per savo unikal\u0173 verslo model\u012f, kuris sukuria galimybes \n                    keisti gyvenimus, bei m\u016bs\u0173 produktus, kurie yra saug\u016bs, tvar\u016bs, novatori\u0161ki ir nat\u016bralaus&nbsp;pagrindo.\n                    <hr \/>\n                    <ul>\n                        <li>Produktai ir \u012fpakavimas<\/li>\n                        <li>Operacijos ir logistika<\/li> \n                        <li>Valdymas ir etika<\/li>\n                    <\/ul>\n                    <p>D\u017eiaugsmingi \u017emon\u0117s ir&nbsp;bendruomen\u0117s<\/p>\n                    <p>Mes darome visk\u0105, kad u\u017etikrintume, jog prisidedame prie d\u017eiaugsmingos ir pilnavert\u0117s vis\u0173 suinteresuot\u0173j\u0173 \u0161ali\u0173 gyvenimo&nbsp;patirties.<\/p>\n                    <hr \/>\n                    <ul>\n                        <li>M\u016bs\u0173 darbuotojai<\/li>\n                        <li>M\u016bs\u0173 \u201eMarket Partner&#8221; ir klientai<\/li> \n                        <li>M\u016bs\u0173 bendruomen\u0117s ir m\u016bs\u0173 pasaulis<\/li>\n                    <\/ul>\n            <h2>Kuriame ir pradedame iniciatyvas, kuriomis sprend\u017eiami m\u016bs\u0173 suinteresuotosioms \u0161alims aktualiausi ir \n            did\u017eiausi\u0105 poveik\u012f planetai turintys&nbsp;klausimai.<\/h2>\n            <p>\u0160i\u0173 projekt\u0173 pavyzd\u017eiai:<\/p>\n                <img decoding=\"async\" src=\"https:\/\/monatglobal.com\/wp-content\/uploads\/2021\/04\/Energy-and-Emissions.jpg\" loading=\"lazy\"\/>\n                        <p>Energija ir i\u0161metamos med\u017eiagos<\/p>\n                        <hr \/>\n                        <p>Geriname savo sunaudojam\u0105 energij\u0105 ir i\u0161metamas med\u017eiagas, atnaujindami savo objektus LED ap\u0161vietimu ir energij\u0105 taupan\u010dia&nbsp;\u012franga.<\/p>\n                <img decoding=\"async\" src=\"https:\/\/monatglobal.com\/wp-content\/uploads\/2021\/04\/Environment-and-Nature-1.jpg\" loading=\"lazy\"\/>\n                        <p>Aplinka ir gamta<\/p>\n                        <hr \/>\n                        Etapais vykdomas m\u016bs\u0173 produkt\u0173 asortimento gyvavimo ciklo vertinimas, pradedant nuo labiausiai parduodam\u0173 preki\u0173 ir analizuojant \n                        kiekvieno produkto bendr\u0105 p\u0117dsak\u0105 bei nustatant geriausius b\u016bdus, kaip pagerinti&nbsp;proces\u0105.\n                <img decoding=\"async\" src=\"https:\/\/monatglobal.com\/wp-content\/uploads\/2021\/04\/Governance-and-Ethics.jpg\" loading=\"lazy\"\/>\n                        <p>Valdymas ir etika<\/p>\n                        <hr \/>\n                        <p>Valdymo mechanizm\u0173 suk\u016brimas siekiant u\u017etikrinti tvarum\u0105 i\u0161lieka strateginiu tikslu visose verslo srityse ir&nbsp;ateityje.<\/p>\n                <img decoding=\"async\" src=\"https:\/\/monatglobal.com\/wp-content\/uploads\/2021\/04\/Our-Employees.jpg\" loading=\"lazy\"\/>\n                        <p>M\u016bs\u0173 darbuotojai<\/p>\n                        <hr \/>\n                        <p>Geros praktikos diegimas, siekiant u\u017etikrinti saugi\u0105 ir sveik\u0105 darbo viet\u0105 visuose m\u016bs\u0173&nbsp;objektuose.<\/p>\n        <h2>What is the MONAT<br \/> Recycling Program?<\/h2>\n        The MONAT Recycling Program is a solution that gives our Market Partners, VIPs, and Customers the ability \n        to properly discard empty MONAT product containers in the most environmentally responsible&nbsp;way. \n        We are partnering with TerraCycle<sup>\u00ae<\/sup>, the global leader in collecting and repurposing hard-to-recycle \n        waste, to make our packaging&nbsp;recyclable.\n        Visit the <a href=\"https:\/\/monatglobal.com\/recycle\/\">MONAT Recycling Program<\/a> \n        page to learn more and sign&nbsp;up!\n\n","protected":false},"excerpt":{"rendered":"<p>\u201eMONAT&#8221; \u012fmon\u0117je suprantame tvarumo svarb\u0105 ir jo vaidmen\u012f mums laikantis savo&nbsp;vertybi\u0173. Esame \u012fsipareigoj\u0119 atsi\u017evelgti \u012f savo ekologin\u012f p\u0117dsak\u0105, u\u017etikrinti, kad darome teigiam\u0105 poveik\u012f m\u016bs\u0173 bendruomen\u0117ms ir m\u016bs\u0173 planetai, pagarbiai elgtis su \u017emon\u0117mis ir visuose savo verslo aspektuose nepamir\u0161ti&nbsp;d\u0117kingumo. Kaip pasaulin\u0117 \u012fmon\u0117, turinti pasaulin\u012f ekologin\u012f p\u0117dsak\u0105, mes vertiname savo poveik\u012f kaip galimyb\u0119 \u012fgyvendinti svarbius teigiamus&nbsp;poky\u010dius. Tod\u0117l&hellip;<\/p>\n","protected":false},"author":31,"featured_media":66999,"parent":0,"menu_order":0,"comment_status":"closed","ping_status":"closed","template":"","meta":{"inline_featured_image":false,"om_disable_all_campaigns":false,"_monsterinsights_skip_tracking":false,"_monsterinsights_sitenote_active":false,"_monsterinsights_sitenote_note":"","_monsterinsights_sitenote_category":0,"footnotes":""},"categories":[],"tags":[],"class_list":["post-65722","page","type-page","status-publish","has-post-thumbnail","hentry"],"aioseo_notices":[],"aioseo_head":"\n\t\t<!-- All in One SEO Pro 4.9.6 - aioseo.com -->\n\t<meta name=\"description\" content=\"\u201eMONAT&quot; \u012fmon\u0117je suprantame tvarumo svarb\u0105 ir jo vaidmen\u012f mums laikantis savo vertybi\u0173. Esame \u012fsipareigoj\u0119 atsi\u017evelgti \u012f savo ekologin\u012f p\u0117dsak\u0105, u\u017etikrinti, kad darome teigiam\u0105 poveik\u012f m\u016bs\u0173 bendruomen\u0117ms ir m\u016bs\u0173 planetai, pagarbiai elgtis su \u017emon\u0117mis ir visuose savo verslo aspektuose nepamir\u0161ti d\u0117kingumo. Kaip pasaulin\u0117 \u012fmon\u0117, turinti pasaulin\u012f ekologin\u012f p\u0117dsak\u0105, mes vertiname savo poveik\u012f kaip galimyb\u0119 \u012fgyvendinti svarbius teigiamus poky\u010dius. Tod\u0117l\" \/>\n\t<meta name=\"robots\" content=\"max-image-preview:large\" \/>\n\t<link rel=\"canonical\" href=\"https:\/\/monatglobal.com\/lt\/sustainability\/\" \/>\n\t<meta name=\"generator\" content=\"All in One SEO Pro (AIOSEO) 4.9.6\" \/>\n\t\t<meta property=\"og:locale\" content=\"lt_LT\" \/>\n\t\t<meta property=\"og:site_name\" content=\"MONAT Lithuania -\" \/>\n\t\t<meta property=\"og:type\" content=\"article\" \/>\n\t\t<meta property=\"og:title\" content=\"\u201eMONAT\u201c tvarumas - MONAT Lithuania\" \/>\n\t\t<meta property=\"og:description\" content=\"\u201eMONAT&quot; \u012fmon\u0117je suprantame tvarumo svarb\u0105 ir jo vaidmen\u012f mums laikantis savo vertybi\u0173. Esame \u012fsipareigoj\u0119 atsi\u017evelgti \u012f savo ekologin\u012f p\u0117dsak\u0105, u\u017etikrinti, kad darome teigiam\u0105 poveik\u012f m\u016bs\u0173 bendruomen\u0117ms ir m\u016bs\u0173 planetai, pagarbiai elgtis su \u017emon\u0117mis ir visuose savo verslo aspektuose nepamir\u0161ti d\u0117kingumo. Kaip pasaulin\u0117 \u012fmon\u0117, turinti pasaulin\u012f ekologin\u012f p\u0117dsak\u0105, mes vertiname savo poveik\u012f kaip galimyb\u0119 \u012fgyvendinti svarbius teigiamus poky\u010dius. Tod\u0117l\" \/>\n\t\t<meta property=\"og:url\" content=\"https:\/\/monatglobal.com\/lt\/sustainability\/\" \/>\n\t\t<meta property=\"article:published_time\" content=\"2021-12-07T21:20:30+00:00\" \/>\n\t\t<meta property=\"article:modified_time\" content=\"2025-01-24T20:00:19+00:00\" \/>\n\t\t<meta name=\"twitter:card\" content=\"summary_large_image\" \/>\n\t\t<meta name=\"twitter:title\" content=\"\u201eMONAT\u201c tvarumas - MONAT Lithuania\" \/>\n\t\t<meta name=\"twitter:description\" content=\"\u201eMONAT&quot; \u012fmon\u0117je suprantame tvarumo svarb\u0105 ir jo vaidmen\u012f mums laikantis savo vertybi\u0173. Esame \u012fsipareigoj\u0119 atsi\u017evelgti \u012f savo ekologin\u012f p\u0117dsak\u0105, u\u017etikrinti, kad darome teigiam\u0105 poveik\u012f m\u016bs\u0173 bendruomen\u0117ms ir m\u016bs\u0173 planetai, pagarbiai elgtis su \u017emon\u0117mis ir visuose savo verslo aspektuose nepamir\u0161ti d\u0117kingumo. Kaip pasaulin\u0117 \u012fmon\u0117, turinti pasaulin\u012f ekologin\u012f p\u0117dsak\u0105, mes vertiname savo poveik\u012f kaip galimyb\u0119 \u012fgyvendinti svarbius teigiamus poky\u010dius. Tod\u0117l\" \/>\n\t\t<script type=\"application\/ld+json\" class=\"aioseo-schema\">\n\t\t\t{\"@context\":\"https:\\\/\\\/schema.org\",\"@graph\":[{\"@type\":\"BreadcrumbList\",\"@id\":\"https:\\\/\\\/monatglobal.com\\\/lt\\\/sustainability\\\/#breadcrumblist\",\"itemListElement\":[{\"@type\":\"ListItem\",\"@id\":\"https:\\\/\\\/monatglobal.com\\\/lt#listItem\",\"position\":1,\"name\":\"Home\",\"item\":\"https:\\\/\\\/monatglobal.com\\\/lt\",\"nextItem\":{\"@type\":\"ListItem\",\"@id\":\"https:\\\/\\\/monatglobal.com\\\/lt\\\/sustainability\\\/#listItem\",\"name\":\"\\u201eMONAT\\u201c tvarumas\"}},{\"@type\":\"ListItem\",\"@id\":\"https:\\\/\\\/monatglobal.com\\\/lt\\\/sustainability\\\/#listItem\",\"position\":2,\"name\":\"\\u201eMONAT\\u201c tvarumas\",\"previousItem\":{\"@type\":\"ListItem\",\"@id\":\"https:\\\/\\\/monatglobal.com\\\/lt#listItem\",\"name\":\"Home\"}}]},{\"@type\":\"Organization\",\"@id\":\"https:\\\/\\\/monatglobal.com\\\/lt\\\/#organization\",\"name\":\"MONAT Lithuania\",\"url\":\"https:\\\/\\\/monatglobal.com\\\/lt\\\/\"},{\"@type\":\"WebPage\",\"@id\":\"https:\\\/\\\/monatglobal.com\\\/lt\\\/sustainability\\\/#webpage\",\"url\":\"https:\\\/\\\/monatglobal.com\\\/lt\\\/sustainability\\\/\",\"name\":\"\\u201eMONAT\\u201c tvarumas - MONAT Lithuania\",\"description\":\"\\u201eMONAT\\\" \\u012fmon\\u0117je suprantame tvarumo svarb\\u0105 ir jo vaidmen\\u012f mums laikantis savo vertybi\\u0173. Esame \\u012fsipareigoj\\u0119 atsi\\u017evelgti \\u012f savo ekologin\\u012f p\\u0117dsak\\u0105, u\\u017etikrinti, kad darome teigiam\\u0105 poveik\\u012f m\\u016bs\\u0173 bendruomen\\u0117ms ir m\\u016bs\\u0173 planetai, pagarbiai elgtis su \\u017emon\\u0117mis ir visuose savo verslo aspektuose nepamir\\u0161ti d\\u0117kingumo. Kaip pasaulin\\u0117 \\u012fmon\\u0117, turinti pasaulin\\u012f ekologin\\u012f p\\u0117dsak\\u0105, mes vertiname savo poveik\\u012f kaip galimyb\\u0119 \\u012fgyvendinti svarbius teigiamus poky\\u010dius. Tod\\u0117l\",\"inLanguage\":\"lt-LT\",\"isPartOf\":{\"@id\":\"https:\\\/\\\/monatglobal.com\\\/lt\\\/#website\"},\"breadcrumb\":{\"@id\":\"https:\\\/\\\/monatglobal.com\\\/lt\\\/sustainability\\\/#breadcrumblist\"},\"image\":{\"@type\":\"ImageObject\",\"url\":66999,\"@id\":\"https:\\\/\\\/monatglobal.com\\\/lt\\\/sustainability\\\/#mainImage\"},\"primaryImageOfPage\":{\"@id\":\"https:\\\/\\\/monatglobal.com\\\/lt\\\/sustainability\\\/#mainImage\"},\"datePublished\":\"2021-12-07T21:20:30+00:00\",\"dateModified\":\"2025-01-24T20:00:19+00:00\"},{\"@type\":\"WebSite\",\"@id\":\"https:\\\/\\\/monatglobal.com\\\/lt\\\/#website\",\"url\":\"https:\\\/\\\/monatglobal.com\\\/lt\\\/\",\"name\":\"MONAT Lithuania\",\"inLanguage\":\"lt-LT\",\"publisher\":{\"@id\":\"https:\\\/\\\/monatglobal.com\\\/lt\\\/#organization\"}}]}\n\t\t<\/script>\n\t\t<!-- All in One SEO Pro -->\r\n\t\t<title>\u201eMONAT\u201c tvarumas - MONAT Lithuania<\/title>\n\n","aioseo_head_json":{"title":"\u201eMONAT\u201c tvarumas - MONAT Lithuania","description":"\u201eMONAT\" \u012fmon\u0117je suprantame tvarumo svarb\u0105 ir jo vaidmen\u012f mums laikantis savo vertybi\u0173. Esame \u012fsipareigoj\u0119 atsi\u017evelgti \u012f savo ekologin\u012f p\u0117dsak\u0105, u\u017etikrinti, kad darome teigiam\u0105 poveik\u012f m\u016bs\u0173 bendruomen\u0117ms ir m\u016bs\u0173 planetai, pagarbiai elgtis su \u017emon\u0117mis ir visuose savo verslo aspektuose nepamir\u0161ti d\u0117kingumo. Kaip pasaulin\u0117 \u012fmon\u0117, turinti pasaulin\u012f ekologin\u012f p\u0117dsak\u0105, mes vertiname savo poveik\u012f kaip galimyb\u0119 \u012fgyvendinti svarbius teigiamus poky\u010dius. Tod\u0117l","canonical_url":"https:\/\/monatglobal.com\/lt\/sustainability\/","robots":"max-image-preview:large","keywords":"","webmasterTools":{"miscellaneous":""},"schema":{"@context":"https:\/\/schema.org","@graph":[{"@type":"BreadcrumbList","@id":"https:\/\/monatglobal.com\/lt\/sustainability\/#breadcrumblist","itemListElement":[{"@type":"ListItem","@id":"https:\/\/monatglobal.com\/lt#listItem","position":1,"name":"Home","item":"https:\/\/monatglobal.com\/lt","nextItem":{"@type":"ListItem","@id":"https:\/\/monatglobal.com\/lt\/sustainability\/#listItem","name":"\u201eMONAT\u201c tvarumas"}},{"@type":"ListItem","@id":"https:\/\/monatglobal.com\/lt\/sustainability\/#listItem","position":2,"name":"\u201eMONAT\u201c tvarumas","previousItem":{"@type":"ListItem","@id":"https:\/\/monatglobal.com\/lt#listItem","name":"Home"}}]},{"@type":"Organization","@id":"https:\/\/monatglobal.com\/lt\/#organization","name":"MONAT Lithuania","url":"https:\/\/monatglobal.com\/lt\/"},{"@type":"WebPage","@id":"https:\/\/monatglobal.com\/lt\/sustainability\/#webpage","url":"https:\/\/monatglobal.com\/lt\/sustainability\/","name":"\u201eMONAT\u201c tvarumas - MONAT Lithuania","description":"\u201eMONAT\" \u012fmon\u0117je suprantame tvarumo svarb\u0105 ir jo vaidmen\u012f mums laikantis savo vertybi\u0173. Esame \u012fsipareigoj\u0119 atsi\u017evelgti \u012f savo ekologin\u012f p\u0117dsak\u0105, u\u017etikrinti, kad darome teigiam\u0105 poveik\u012f m\u016bs\u0173 bendruomen\u0117ms ir m\u016bs\u0173 planetai, pagarbiai elgtis su \u017emon\u0117mis ir visuose savo verslo aspektuose nepamir\u0161ti d\u0117kingumo. Kaip pasaulin\u0117 \u012fmon\u0117, turinti pasaulin\u012f ekologin\u012f p\u0117dsak\u0105, mes vertiname savo poveik\u012f kaip galimyb\u0119 \u012fgyvendinti svarbius teigiamus poky\u010dius. Tod\u0117l","inLanguage":"lt-LT","isPartOf":{"@id":"https:\/\/monatglobal.com\/lt\/#website"},"breadcrumb":{"@id":"https:\/\/monatglobal.com\/lt\/sustainability\/#breadcrumblist"},"image":{"@type":"ImageObject","url":66999,"@id":"https:\/\/monatglobal.com\/lt\/sustainability\/#mainImage"},"primaryImageOfPage":{"@id":"https:\/\/monatglobal.com\/lt\/sustainability\/#mainImage"},"datePublished":"2021-12-07T21:20:30+00:00","dateModified":"2025-01-24T20:00:19+00:00"},{"@type":"WebSite","@id":"https:\/\/monatglobal.com\/lt\/#website","url":"https:\/\/monatglobal.com\/lt\/","name":"MONAT Lithuania","inLanguage":"lt-LT","publisher":{"@id":"https:\/\/monatglobal.com\/lt\/#organization"}}]},"og:locale":"lt_LT","og:site_name":"MONAT Lithuania -","og:type":"article","og:title":"\u201eMONAT\u201c tvarumas - MONAT Lithuania","og:description":"\u201eMONAT&quot; \u012fmon\u0117je suprantame tvarumo svarb\u0105 ir jo vaidmen\u012f mums laikantis savo vertybi\u0173. Esame \u012fsipareigoj\u0119 atsi\u017evelgti \u012f savo ekologin\u012f p\u0117dsak\u0105, u\u017etikrinti, kad darome teigiam\u0105 poveik\u012f m\u016bs\u0173 bendruomen\u0117ms ir m\u016bs\u0173 planetai, pagarbiai elgtis su \u017emon\u0117mis ir visuose savo verslo aspektuose nepamir\u0161ti d\u0117kingumo. Kaip pasaulin\u0117 \u012fmon\u0117, turinti pasaulin\u012f ekologin\u012f p\u0117dsak\u0105, mes vertiname savo poveik\u012f kaip galimyb\u0119 \u012fgyvendinti svarbius teigiamus poky\u010dius. Tod\u0117l","og:url":"https:\/\/monatglobal.com\/lt\/sustainability\/","article:published_time":"2021-12-07T21:20:30+00:00","article:modified_time":"2025-01-24T20:00:19+00:00","twitter:card":"summary_large_image","twitter:title":"\u201eMONAT\u201c tvarumas - MONAT Lithuania","twitter:description":"\u201eMONAT&quot; \u012fmon\u0117je suprantame tvarumo svarb\u0105 ir jo vaidmen\u012f mums laikantis savo vertybi\u0173. Esame \u012fsipareigoj\u0119 atsi\u017evelgti \u012f savo ekologin\u012f p\u0117dsak\u0105, u\u017etikrinti, kad darome teigiam\u0105 poveik\u012f m\u016bs\u0173 bendruomen\u0117ms ir m\u016bs\u0173 planetai, pagarbiai elgtis su \u017emon\u0117mis ir visuose savo verslo aspektuose nepamir\u0161ti d\u0117kingumo. Kaip pasaulin\u0117 \u012fmon\u0117, turinti pasaulin\u012f ekologin\u012f p\u0117dsak\u0105, mes vertiname savo poveik\u012f kaip galimyb\u0119 \u012fgyvendinti svarbius teigiamus poky\u010dius. Tod\u0117l"},"aioseo_meta_data":{"post_id":"65722","title":null,"description":null,"keywords":null,"keyphrases":null,"primary_term":null,"canonical_url":null,"og_title":null,"og_description":null,"og_object_type":"default","og_image_type":"default","og_image_url":null,"og_image_width":null,"og_image_height":null,"og_image_custom_url":null,"og_image_custom_fields":null,"og_video":null,"og_custom_url":null,"og_article_section":null,"og_article_tags":null,"twitter_use_og":false,"twitter_card":"default","twitter_image_type":"default","twitter_image_url":null,"twitter_image_custom_url":null,"twitter_image_custom_fields":null,"twitter_title":null,"twitter_description":null,"schema":{"blockGraphs":[],"customGraphs":[],"default":{"data":{"Article":[],"Course":[],"Dataset":[],"FAQPage":[],"Movie":[],"Person":[],"Product":[],"ProductReview":[],"Car":[],"Recipe":[],"Service":[],"SoftwareApplication":[],"WebPage":[]},"graphName":"","isEnabled":true},"graphs":[]},"schema_type":"default","schema_type_options":null,"pillar_content":false,"robots_default":true,"robots_noindex":false,"robots_noarchive":false,"robots_nosnippet":false,"robots_nofollow":false,"robots_noimageindex":false,"robots_noodp":false,"robots_notranslate":false,"robots_max_snippet":null,"robots_max_videopreview":null,"robots_max_imagepreview":"large","priority":null,"frequency":null,"local_seo":null,"seo_analyzer_scan_date":"2025-08-15 01:18:10","breadcrumb_settings":null,"limit_modified_date":false,"reviewed_by":null,"open_ai":null,"ai":null,"created":"2023-07-26 19:11:12","updated":"2026-02-10 05:14:04"},"aioseo_breadcrumb":"<div class=\"aioseo-breadcrumbs\"><span class=\"aioseo-breadcrumb\">\n\t<a href=\"https:\/\/monatglobal.com\/lt\" title=\"Home\">Home<\/a>\n<\/span><span class=\"aioseo-breadcrumb-separator\">&raquo;<\/span><span class=\"aioseo-breadcrumb\">\n\t\u201eMONAT\u201c tvarumas\n<\/span><\/div>","aioseo_breadcrumb_json":[{"label":"Home","link":"https:\/\/monatglobal.com\/lt"},{"label":"\u201eMONAT\u201c tvarumas","link":"https:\/\/monatglobal.com\/lt\/sustainability\/"}],"_links":{"self":[{"href":"https:\/\/monatglobal.com\/lt\/wp-json\/wp\/v2\/pages\/65722","targetHints":{"allow":["GET"]}}],"collection":[{"href":"https:\/\/monatglobal.com\/lt\/wp-json\/wp\/v2\/pages"}],"about":[{"href":"https:\/\/monatglobal.com\/lt\/wp-json\/wp\/v2\/types\/page"}],"author":[{"embeddable":true,"href":"https:\/\/monatglobal.com\/lt\/wp-json\/wp\/v2\/users\/31"}],"replies":[{"embeddable":true,"href":"https:\/\/monatglobal.com\/lt\/wp-json\/wp\/v2\/comments?post=65722"}],"version-history":[{"count":3,"href":"https:\/\/monatglobal.com\/lt\/wp-json\/wp\/v2\/pages\/65722\/revisions"}],"predecessor-version":[{"id":86307,"href":"https:\/\/monatglobal.com\/lt\/wp-json\/wp\/v2\/pages\/65722\/revisions\/86307"}],"wp:featuredmedia":[{"embeddable":true,"href":"https:\/\/monatglobal.com\/lt\/wp-json\/"}],"wp:attachment":[{"href":"https:\/\/monatglobal.com\/lt\/wp-json\/wp\/v2\/media?parent=65722"}],"wp:term":[{"taxonomy":"category","embeddable":true,"href":"https:\/\/monatglobal.com\/lt\/wp-json\/wp\/v2\/categories?post=65722"},{"taxonomy":"post_tag","embeddable":true,"href":"https:\/\/monatglobal.com\/lt\/wp-json\/wp\/v2\/tags?post=65722"}],"curies":[{"name":"wp","href":"https:\/\/api.w.org\/{rel}","templated":true}]}}