{"id":65683,"date":"2022-01-10T09:00:19","date_gmt":"2022-01-10T09:00:19","guid":{"rendered":"https:\/\/monatglobal.com\/lt\/?page_id=65683"},"modified":"2025-03-11T15:28:03","modified_gmt":"2025-03-11T15:28:03","slug":"vegan-protein","status":"publish","type":"page","link":"https:\/\/monatglobal.com\/lt\/vegan-protein\/","title":{"rendered":"\u201eMONAT\u201c vegani\u0161ki baltymai &#124; Geros savijautos produktai"},"content":{"rendered":"\n\n\t<link rel=\"stylesheet\" href=\"https:\/\/unpkg.com\/swiper\/swiper-bundle.min.css\" \/>\n<link rel=\"stylesheet\" href=\"https:\/\/monatglobal.com\/wp-content\/creative_css\/product_styles_sheet.css\" \/>\n  <!--==================================================== ECOMM SECTION ====================================================-->\n    <!--==================================================== Ecomm image ====================================================-->\n    <img decoding=\"async\" src=\"https:\/\/monatglobal.com\/uk\/wp-content\/uploads\/sites\/6\/2021\/09\/VEGAN-PROTEIN-POWDER-ECOM_UE-2021.png\" alt=\"MONAT vegani\u0161ki baltymai\"\/>\n    <!--==================================================== Ecomm information  ====================================================-->\n      <p>\u201eMONAT&#8221;<\/p>\n      <h1>Vegani\u0161ki<br \/>baltymai<\/h1>\n      <p>100 % mi\u0161inys augaliniu pagrindu<\/p>\n      <p>Vienas skanus kau\u0161elis suteiks augalin\u0117s kilm\u0117s baltym\u0173 papildym\u0105 bet kuriuo paros&nbsp;metu.<\/p>\n      <p>Grynasis sv. (840 g)<\/p>\n          <p>Ma\u017emenin\u0117 kaina<br \/>94 \u20ac<\/p>\n          <p>VIP kliento kaina<br \/>80 \u20ac<\/p>\n      Nor\u0117dami su\u017einoti daugiau apie \u201eMONAT&#8221; vegani\u0161ki baltymai, \n      pasikalb\u0117kite su savo \u201eMONAT Market&nbsp;Partner&#8221;.\n        <a href=\"https:\/\/corp.mymonat.com\/shop\/products\/monat-vegan-protein-6000002287?taxon_id=28\/?globallanguage=lt&#038;globalmarket=lt\" target=\"_blank\" aria-label=\"Go to MONAT vegani\u0161ki baltymai shop\" rel=\"noopener\">PIRKTI DABAR<\/a>\n        <a>i\u0161parduota<\/a>\n  <!--==================================================== \/ECOMM SECTION  ====================================================-->\n  <!--==================================================== Benefits image ====================================================-->\n  \n    <source media=\"(max-width: 700px)\" srcset=\"https:\/\/monatglobal.com\/uk\/wp-content\/uploads\/sites\/6\/2021\/09\/VEGAN-PROTEIN-POWDER-benefits-mobile.jpg\"\/>\n      <img decoding=\"async\" src=\"https:\/\/monatglobal.com\/uk\/wp-content\/uploads\/sites\/6\/2021\/09\/VEGAN-PROTEIN-POWDER-benefits.jpg\" \n      alt=\"\"\/>\n    \n    <!--==================================================== Benefits text ====================================================-->\n         <h2>Naudos<\/h2>\n               <p>\/ Didelis baltym\u0173 kiekis.<\/p>\n               <p>\/ Baltymai padeda palaikyti ir auginti raumen\u0173&nbsp;mas\u0119.<\/p>\n               <p>\/ Vitaminas B6 prisideda prie \u012fprastos baltym\u0173 ir glikogeno&nbsp;apykaitos.<\/p>\n               <p>\/ Cinkas prisideda prie \u012fprastos baltym\u0173&nbsp;sintez\u0117s.<\/p>\n        <!--==================================================== features image  ====================================================-->\n        <img decoding=\"async\" src=\"https:\/\/monatglobal.com\/wp-content\/uploads\/2021\/08\/VEGAN-PROTEIN-POWDER-Features.jpg\" \n        alt=\"\"\/>\n      <!--==================================================== features text ====================================================-->\n          <h3>Padeda pri\u017ei\u016br\u0117t ir auginti raumen\u0173&nbsp;mas\u0119. <\/h3>\n            <p>\/ 20 gram\u0173 nauding\u0173 vegani\u0161k\u0173 baltym\u0173, jokio prid\u0117tinio cukraus ir tik 115 kcal vienoje porcijoje.<\/p>\n            <p>\/ \u0160ilko \u0161velnumo tekst\u016bra su gard\u017eiu vanil\u0117s skoniu.<\/p>\n            <p>\/ Gali b\u016bti lengvai mai\u0161oma su vandeniu arba j\u016bs\u0173 m\u0117gstamu glotnu\u010diu.<\/p>\n             <br \/>\n             <p>Tekst\u016bra \/ Maloniai \u0161velni.<\/p>\n    <!--==================================================== composition image mobile ====================================================-->\n    <img decoding=\"async\" alt=\"\" src=\"https:\/\/monatglobal.com\/uk\/wp-content\/uploads\/sites\/6\/2021\/09\/VEGAN-PROTEIN-POWDER-UK-comp-1.jpg\"\/>\n    <!--==================================================== Why it works text ====================================================-->\n      \n      <h3>\u0160is puikaus skonio \u0161velnus augalini\u0173 baltym\u0173 ir supermaisto produkt\u0173 mi\u0161inys padeda palaikyti \n      kasdienius baltym\u0173 poreikius aktyviai gyvensenai, padeda palaikyti raumen\u0173 mas\u0119 ir j\u0105&nbsp;auginti.<\/h3>\n            <p>\/ Sud\u0117tyje yra 20 g vegani\u0161k\u0173 baltym\u0173.<\/p>\n            <p>\/ \u0160ilko \u0161velnumo tekst\u016bra su puikiu vanil\u0117s&nbsp;skoniu.<\/p>\n            <p>\/ Gali b\u016bti lengvai mai\u0161oma su vandeniu arba j\u016bs\u0173 m\u0117gstamu&nbsp;glotnu\u010diu.<\/p>\n            <p>\/ Jokio prid\u0117tinio cukraus ir tik 115 kcal vienoje&nbsp;porcijoje.<\/p>\n  <!--==================================================== Composition section ====================================================-->\n      <img decoding=\"async\" src=\"https:\/\/monatglobal.com\/uk\/wp-content\/uploads\/sites\/6\/2021\/09\/VEGAN-PROTEIN-POWDER-UK-comp-1.jpg\" \n      alt=\"\"\/>\n      <img decoding=\"async\" src=\"https:\/\/monatglobal.com\/wp-content\/uploads\/2021\/08\/VEGAN-PROTEIN-POWDER-comp-3-men.jpg\" \n      alt=\"\"\/>\n          <!--==================================================== Directions text ====================================================--> \n            <h3>Kaip vartoti <\/h3>\n              <p>\/ 30 sekund\u017ei\u0173 mai\u0161ykite produkt\u0105 su 230-300 ml vandens arba m\u0117gstamu&nbsp;g\u0117rimu.<\/p>\n              <p>\/ Gerkite pra\u0117jus 30 min. po treniruot\u0117s arba bet kuriuo metu, kai norite pasim\u0117gauti skaniu ir daug baltym\u0173 turin\u010diu&nbsp;g\u0117rimu.<\/p>\n          <!--==================================================== Directions video ====================================================-->\n    <p>Damage Repair <br \/>Bond-Fortifying Hair Leave-In Cr\u00e8me  <br \/>1:28<\/p>\n    <a href=\"https:\/\/corp.mymonat.com\/shop\/products\/monat-vegan-protein-6000002287?taxon_id=28\/?globallanguage=lt&#038;globalmarket=lt\" target=\"_blank\" aria-label=\"Go to MONAT vegani\u0161ki baltymai shop\" rel=\"noopener\">PIRKTI DABAR<\/a>\n        <a>i\u0161parduota<\/a>\n  <!--==================================================== Ingredients section  ====================================================-->\n    <h2>Pagrindin\u0117s sudedamosios dalys <\/h2>\n               <p>Augalin\u0117s kilm\u0117s baltym\u0173&nbsp;mi\u0161inys<\/p>\n               <p>Gryb\u0173 mi\u0161inys<\/p>\n               <p>Aminor\u016bg\u0161tys<\/p>\n  <button id=\"myBtn\" type=\"button\">SUDEDAM\u0172J\u0172 DALI\u0172 S\u0104RA\u0160AS<\/button>\n  <!--==================================================== Modal content  ====================================================-->\n    &times;\n    SUDEDAMOSIOS DALYS: 91.4% pea protein isolate, emulsifier: lecithins, natural flavouring, sweetener: steviol glycosides, magnesium oxide, \n    maitake fruit body extract 10:1, (Grifola frondosa, contains 10% plysaccharides), chaga fruit body extract 4:1 (Inonotus obliquus, contains 10% \n    polysaccharides), cordyceps sinensis extract 10:1, sea salt, zinc gluconate, 0.01% rice protein concentrate (Oryza), 0.01% sunflower seed protein \n    powder, 0.01% pumpkin seed protein powder, pyridoxin&nbsp;hydrochloride.\n      <p>*\u0160is produktas n\u0117ra skirtas diagnozei nustatyti, gydyti ar apsaugoti nuo bet kokios&nbsp;ligos.<\/p>\n<!--==================================================== You might also like section ====================================================-->\n  <h2>JUMS TAIP PAT GALI PATIKTI<\/h2>\n  <!--==================================================== Slider YOU MIGHT ALSO LIKE ====================================================-->\n            <!--==================================================== Slides products ====================================================-->\n               <a href=\"\/lt?page_id=65641\" aria-label=\"Go to Collagen Key\u2122 page\">\n                  <img decoding=\"async\" src=\"https:\/\/monatglobal.com\/wp-content\/uploads\/2022\/12\/Collagen-key-ecomm-2022-min.png\" alt=\"Collagen Key\u2122 \"\/>\n                  <p>\u201eCollagen Key\u2122&#8221; <\/p>\n               <\/a>\n               <a href=\"\/lt?page_id=65665\" aria-label=\"Go to MONAT Total Greens\u2122 page\">\n                  <img decoding=\"async\" src=\"https:\/\/monatglobal.com\/wp-content\/uploads\/2022\/12\/Total-greens-ecomm-2022-min.png\" alt=\"MONAT Total Greens\u2122\"\/>\n                  <p>\u201eMONAT Total Greens\u2122&#8221;<\/p>\n               <\/a>\n         <!--==================================================== If we need navigation buttons  ====================================================-->\n         <!--==================================================== If we need paginations  ====================================================-->\n  <a href=\"\/lt?page_id=66820\" aria-label=\"Go to Visi Wellness produktai\"><p>Visi \u201eWellness&#8221; produktai<\/p><\/a>\n<!--==================================================== this link has to go last for it to work   ====================================================-->\n\n","protected":false},"excerpt":{"rendered":"<p>\u201eMONAT&#8221; Vegani\u0161kibaltymai 100 % mi\u0161inys augaliniu pagrindu Vienas skanus kau\u0161elis suteiks augalin\u0117s kilm\u0117s baltym\u0173 papildym\u0105 bet kuriuo paros&nbsp;metu. Grynasis sv. (840 g) Ma\u017emenin\u0117 kaina94 \u20ac VIP kliento kaina80 \u20ac Nor\u0117dami su\u017einoti daugiau apie \u201eMONAT&#8221; vegani\u0161ki baltymai, pasikalb\u0117kite su savo \u201eMONAT Market&nbsp;Partner&#8221;. PIRKTI DABAR i\u0161parduota Naudos \/ Didelis baltym\u0173 kiekis. \/ Baltymai padeda palaikyti ir auginti&hellip;<\/p>\n","protected":false},"author":31,"featured_media":65684,"parent":0,"menu_order":0,"comment_status":"closed","ping_status":"closed","template":"","meta":{"inline_featured_image":false,"om_disable_all_campaigns":false,"_monsterinsights_skip_tracking":false,"_monsterinsights_sitenote_active":false,"_monsterinsights_sitenote_note":"","_monsterinsights_sitenote_category":0,"footnotes":""},"categories":[],"tags":[],"class_list":["post-65683","page","type-page","status-publish","has-post-thumbnail","hentry"],"aioseo_notices":[],"aioseo_head":"\n\t\t<!-- All in One SEO Pro 4.9.6 - aioseo.com -->\n\t<meta name=\"description\" content=\"\u201eMONAT&quot; Vegani\u0161kibaltymai 100 % mi\u0161inys augaliniu pagrindu Vienas skanus kau\u0161elis suteiks augalin\u0117s kilm\u0117s baltym\u0173 papildym\u0105 bet kuriuo paros metu. Grynasis sv. (840 g) Ma\u017emenin\u0117 kaina94 \u20ac VIP kliento kaina80 \u20ac Nor\u0117dami su\u017einoti daugiau apie \u201eMONAT&quot; vegani\u0161ki baltymai, pasikalb\u0117kite su savo \u201eMONAT Market Partner&quot;. PIRKTI DABAR i\u0161parduota Naudos \/ Didelis baltym\u0173 kiekis. \/ Baltymai padeda palaikyti ir auginti\" \/>\n\t<meta name=\"robots\" content=\"max-image-preview:large\" \/>\n\t<link rel=\"canonical\" href=\"https:\/\/monatglobal.com\/lt\/vegan-protein\/\" \/>\n\t<meta name=\"generator\" content=\"All in One SEO Pro (AIOSEO) 4.9.6\" \/>\n\t\t<meta property=\"og:locale\" content=\"lt_LT\" \/>\n\t\t<meta property=\"og:site_name\" content=\"MONAT Lithuania -\" \/>\n\t\t<meta property=\"og:type\" content=\"article\" \/>\n\t\t<meta property=\"og:title\" content=\"\u201eMONAT\u201c vegani\u0161ki baltymai | Geros savijautos produktai - MONAT Lithuania\" \/>\n\t\t<meta property=\"og:description\" content=\"\u201eMONAT&quot; Vegani\u0161kibaltymai 100 % mi\u0161inys augaliniu pagrindu Vienas skanus kau\u0161elis suteiks augalin\u0117s kilm\u0117s baltym\u0173 papildym\u0105 bet kuriuo paros metu. Grynasis sv. (840 g) Ma\u017emenin\u0117 kaina94 \u20ac VIP kliento kaina80 \u20ac Nor\u0117dami su\u017einoti daugiau apie \u201eMONAT&quot; vegani\u0161ki baltymai, pasikalb\u0117kite su savo \u201eMONAT Market Partner&quot;. PIRKTI DABAR i\u0161parduota Naudos \/ Didelis baltym\u0173 kiekis. \/ Baltymai padeda palaikyti ir auginti\" \/>\n\t\t<meta property=\"og:url\" content=\"https:\/\/monatglobal.com\/lt\/vegan-protein\/\" \/>\n\t\t<meta property=\"article:published_time\" content=\"2022-01-10T09:00:19+00:00\" \/>\n\t\t<meta property=\"article:modified_time\" content=\"2025-03-11T15:28:03+00:00\" \/>\n\t\t<meta name=\"twitter:card\" content=\"summary_large_image\" \/>\n\t\t<meta name=\"twitter:title\" content=\"\u201eMONAT\u201c vegani\u0161ki baltymai | Geros savijautos produktai - MONAT Lithuania\" \/>\n\t\t<meta name=\"twitter:description\" content=\"\u201eMONAT&quot; Vegani\u0161kibaltymai 100 % mi\u0161inys augaliniu pagrindu Vienas skanus kau\u0161elis suteiks augalin\u0117s kilm\u0117s baltym\u0173 papildym\u0105 bet kuriuo paros metu. Grynasis sv. (840 g) Ma\u017emenin\u0117 kaina94 \u20ac VIP kliento kaina80 \u20ac Nor\u0117dami su\u017einoti daugiau apie \u201eMONAT&quot; vegani\u0161ki baltymai, pasikalb\u0117kite su savo \u201eMONAT Market Partner&quot;. PIRKTI DABAR i\u0161parduota Naudos \/ Didelis baltym\u0173 kiekis. \/ Baltymai padeda palaikyti ir auginti\" \/>\n\t\t<script type=\"application\/ld+json\" class=\"aioseo-schema\">\n\t\t\t{\"@context\":\"https:\\\/\\\/schema.org\",\"@graph\":[{\"@type\":\"BreadcrumbList\",\"@id\":\"https:\\\/\\\/monatglobal.com\\\/lt\\\/vegan-protein\\\/#breadcrumblist\",\"itemListElement\":[{\"@type\":\"ListItem\",\"@id\":\"https:\\\/\\\/monatglobal.com\\\/lt#listItem\",\"position\":1,\"name\":\"Home\",\"item\":\"https:\\\/\\\/monatglobal.com\\\/lt\",\"nextItem\":{\"@type\":\"ListItem\",\"@id\":\"https:\\\/\\\/monatglobal.com\\\/lt\\\/vegan-protein\\\/#listItem\",\"name\":\"\\u201eMONAT\\u201c vegani\\u0161ki baltymai &#124; Geros savijautos produktai\"}},{\"@type\":\"ListItem\",\"@id\":\"https:\\\/\\\/monatglobal.com\\\/lt\\\/vegan-protein\\\/#listItem\",\"position\":2,\"name\":\"\\u201eMONAT\\u201c vegani\\u0161ki baltymai &#124; Geros savijautos produktai\",\"previousItem\":{\"@type\":\"ListItem\",\"@id\":\"https:\\\/\\\/monatglobal.com\\\/lt#listItem\",\"name\":\"Home\"}}]},{\"@type\":\"Organization\",\"@id\":\"https:\\\/\\\/monatglobal.com\\\/lt\\\/#organization\",\"name\":\"MONAT Lithuania\",\"url\":\"https:\\\/\\\/monatglobal.com\\\/lt\\\/\"},{\"@type\":\"WebPage\",\"@id\":\"https:\\\/\\\/monatglobal.com\\\/lt\\\/vegan-protein\\\/#webpage\",\"url\":\"https:\\\/\\\/monatglobal.com\\\/lt\\\/vegan-protein\\\/\",\"name\":\"\\u201eMONAT\\u201c vegani\\u0161ki baltymai | Geros savijautos produktai - MONAT Lithuania\",\"description\":\"\\u201eMONAT\\\" Vegani\\u0161kibaltymai 100 % mi\\u0161inys augaliniu pagrindu Vienas skanus kau\\u0161elis suteiks augalin\\u0117s kilm\\u0117s baltym\\u0173 papildym\\u0105 bet kuriuo paros metu. Grynasis sv. (840 g) Ma\\u017emenin\\u0117 kaina94 \\u20ac VIP kliento kaina80 \\u20ac Nor\\u0117dami su\\u017einoti daugiau apie \\u201eMONAT\\\" vegani\\u0161ki baltymai, pasikalb\\u0117kite su savo \\u201eMONAT Market Partner\\\". PIRKTI DABAR i\\u0161parduota Naudos \\\/ Didelis baltym\\u0173 kiekis. \\\/ Baltymai padeda palaikyti ir auginti\",\"inLanguage\":\"lt-LT\",\"isPartOf\":{\"@id\":\"https:\\\/\\\/monatglobal.com\\\/lt\\\/#website\"},\"breadcrumb\":{\"@id\":\"https:\\\/\\\/monatglobal.com\\\/lt\\\/vegan-protein\\\/#breadcrumblist\"},\"image\":{\"@type\":\"ImageObject\",\"url\":65684,\"@id\":\"https:\\\/\\\/monatglobal.com\\\/lt\\\/vegan-protein\\\/#mainImage\"},\"primaryImageOfPage\":{\"@id\":\"https:\\\/\\\/monatglobal.com\\\/lt\\\/vegan-protein\\\/#mainImage\"},\"datePublished\":\"2022-01-10T09:00:19+00:00\",\"dateModified\":\"2025-03-11T15:28:03+00:00\"},{\"@type\":\"WebSite\",\"@id\":\"https:\\\/\\\/monatglobal.com\\\/lt\\\/#website\",\"url\":\"https:\\\/\\\/monatglobal.com\\\/lt\\\/\",\"name\":\"MONAT Lithuania\",\"inLanguage\":\"lt-LT\",\"publisher\":{\"@id\":\"https:\\\/\\\/monatglobal.com\\\/lt\\\/#organization\"}}]}\n\t\t<\/script>\n\t\t<!-- All in One SEO Pro -->\r\n\t\t<title>\u201eMONAT\u201c vegani\u0161ki baltymai | Geros savijautos produktai - MONAT Lithuania<\/title>\n\n","aioseo_head_json":{"title":"\u201eMONAT\u201c vegani\u0161ki baltymai | Geros savijautos produktai - MONAT Lithuania","description":"\u201eMONAT\" Vegani\u0161kibaltymai 100 % mi\u0161inys augaliniu pagrindu Vienas skanus kau\u0161elis suteiks augalin\u0117s kilm\u0117s baltym\u0173 papildym\u0105 bet kuriuo paros metu. Grynasis sv. (840 g) Ma\u017emenin\u0117 kaina94 \u20ac VIP kliento kaina80 \u20ac Nor\u0117dami su\u017einoti daugiau apie \u201eMONAT\" vegani\u0161ki baltymai, pasikalb\u0117kite su savo \u201eMONAT Market Partner\". PIRKTI DABAR i\u0161parduota Naudos \/ Didelis baltym\u0173 kiekis. \/ Baltymai padeda palaikyti ir auginti","canonical_url":"https:\/\/monatglobal.com\/lt\/vegan-protein\/","robots":"max-image-preview:large","keywords":"","webmasterTools":{"miscellaneous":""},"schema":{"@context":"https:\/\/schema.org","@graph":[{"@type":"BreadcrumbList","@id":"https:\/\/monatglobal.com\/lt\/vegan-protein\/#breadcrumblist","itemListElement":[{"@type":"ListItem","@id":"https:\/\/monatglobal.com\/lt#listItem","position":1,"name":"Home","item":"https:\/\/monatglobal.com\/lt","nextItem":{"@type":"ListItem","@id":"https:\/\/monatglobal.com\/lt\/vegan-protein\/#listItem","name":"\u201eMONAT\u201c vegani\u0161ki baltymai &#124; Geros savijautos produktai"}},{"@type":"ListItem","@id":"https:\/\/monatglobal.com\/lt\/vegan-protein\/#listItem","position":2,"name":"\u201eMONAT\u201c vegani\u0161ki baltymai &#124; Geros savijautos produktai","previousItem":{"@type":"ListItem","@id":"https:\/\/monatglobal.com\/lt#listItem","name":"Home"}}]},{"@type":"Organization","@id":"https:\/\/monatglobal.com\/lt\/#organization","name":"MONAT Lithuania","url":"https:\/\/monatglobal.com\/lt\/"},{"@type":"WebPage","@id":"https:\/\/monatglobal.com\/lt\/vegan-protein\/#webpage","url":"https:\/\/monatglobal.com\/lt\/vegan-protein\/","name":"\u201eMONAT\u201c vegani\u0161ki baltymai | Geros savijautos produktai - MONAT Lithuania","description":"\u201eMONAT\" Vegani\u0161kibaltymai 100 % mi\u0161inys augaliniu pagrindu Vienas skanus kau\u0161elis suteiks augalin\u0117s kilm\u0117s baltym\u0173 papildym\u0105 bet kuriuo paros metu. Grynasis sv. (840 g) Ma\u017emenin\u0117 kaina94 \u20ac VIP kliento kaina80 \u20ac Nor\u0117dami su\u017einoti daugiau apie \u201eMONAT\" vegani\u0161ki baltymai, pasikalb\u0117kite su savo \u201eMONAT Market Partner\". PIRKTI DABAR i\u0161parduota Naudos \/ Didelis baltym\u0173 kiekis. \/ Baltymai padeda palaikyti ir auginti","inLanguage":"lt-LT","isPartOf":{"@id":"https:\/\/monatglobal.com\/lt\/#website"},"breadcrumb":{"@id":"https:\/\/monatglobal.com\/lt\/vegan-protein\/#breadcrumblist"},"image":{"@type":"ImageObject","url":65684,"@id":"https:\/\/monatglobal.com\/lt\/vegan-protein\/#mainImage"},"primaryImageOfPage":{"@id":"https:\/\/monatglobal.com\/lt\/vegan-protein\/#mainImage"},"datePublished":"2022-01-10T09:00:19+00:00","dateModified":"2025-03-11T15:28:03+00:00"},{"@type":"WebSite","@id":"https:\/\/monatglobal.com\/lt\/#website","url":"https:\/\/monatglobal.com\/lt\/","name":"MONAT Lithuania","inLanguage":"lt-LT","publisher":{"@id":"https:\/\/monatglobal.com\/lt\/#organization"}}]},"og:locale":"lt_LT","og:site_name":"MONAT Lithuania -","og:type":"article","og:title":"\u201eMONAT\u201c vegani\u0161ki baltymai | Geros savijautos produktai - MONAT Lithuania","og:description":"\u201eMONAT&quot; Vegani\u0161kibaltymai 100 % mi\u0161inys augaliniu pagrindu Vienas skanus kau\u0161elis suteiks augalin\u0117s kilm\u0117s baltym\u0173 papildym\u0105 bet kuriuo paros metu. Grynasis sv. (840 g) Ma\u017emenin\u0117 kaina94 \u20ac VIP kliento kaina80 \u20ac Nor\u0117dami su\u017einoti daugiau apie \u201eMONAT&quot; vegani\u0161ki baltymai, pasikalb\u0117kite su savo \u201eMONAT Market Partner&quot;. PIRKTI DABAR i\u0161parduota Naudos \/ Didelis baltym\u0173 kiekis. \/ Baltymai padeda palaikyti ir auginti","og:url":"https:\/\/monatglobal.com\/lt\/vegan-protein\/","article:published_time":"2022-01-10T09:00:19+00:00","article:modified_time":"2025-03-11T15:28:03+00:00","twitter:card":"summary_large_image","twitter:title":"\u201eMONAT\u201c vegani\u0161ki baltymai | Geros savijautos produktai - MONAT Lithuania","twitter:description":"\u201eMONAT&quot; Vegani\u0161kibaltymai 100 % mi\u0161inys augaliniu pagrindu Vienas skanus kau\u0161elis suteiks augalin\u0117s kilm\u0117s baltym\u0173 papildym\u0105 bet kuriuo paros metu. Grynasis sv. (840 g) Ma\u017emenin\u0117 kaina94 \u20ac VIP kliento kaina80 \u20ac Nor\u0117dami su\u017einoti daugiau apie \u201eMONAT&quot; vegani\u0161ki baltymai, pasikalb\u0117kite su savo \u201eMONAT Market Partner&quot;. PIRKTI DABAR i\u0161parduota Naudos \/ Didelis baltym\u0173 kiekis. \/ Baltymai padeda palaikyti ir auginti"},"aioseo_meta_data":{"post_id":"65683","title":null,"description":null,"keywords":null,"keyphrases":null,"primary_term":null,"canonical_url":null,"og_title":null,"og_description":null,"og_object_type":"default","og_image_type":"default","og_image_url":null,"og_image_width":null,"og_image_height":null,"og_image_custom_url":null,"og_image_custom_fields":null,"og_video":null,"og_custom_url":null,"og_article_section":null,"og_article_tags":null,"twitter_use_og":false,"twitter_card":"default","twitter_image_type":"default","twitter_image_url":null,"twitter_image_custom_url":null,"twitter_image_custom_fields":null,"twitter_title":null,"twitter_description":null,"schema":{"blockGraphs":[],"customGraphs":[],"default":{"data":{"Article":[],"Course":[],"Dataset":[],"FAQPage":[],"Movie":[],"Person":[],"Product":[],"ProductReview":[],"Car":[],"Recipe":[],"Service":[],"SoftwareApplication":[],"WebPage":[]},"graphName":"","isEnabled":true},"graphs":[]},"schema_type":"default","schema_type_options":null,"pillar_content":false,"robots_default":true,"robots_noindex":false,"robots_noarchive":false,"robots_nosnippet":false,"robots_nofollow":false,"robots_noimageindex":false,"robots_noodp":false,"robots_notranslate":false,"robots_max_snippet":null,"robots_max_videopreview":null,"robots_max_imagepreview":"large","priority":null,"frequency":null,"local_seo":null,"seo_analyzer_scan_date":"2025-08-15 01:25:05","breadcrumb_settings":null,"limit_modified_date":false,"reviewed_by":null,"open_ai":null,"ai":null,"created":"2023-07-26 19:17:17","updated":"2026-02-10 05:14:32"},"aioseo_breadcrumb":"<div class=\"aioseo-breadcrumbs\"><span class=\"aioseo-breadcrumb\">\n\t<a href=\"https:\/\/monatglobal.com\/lt\" title=\"Home\">Home<\/a>\n<\/span><span class=\"aioseo-breadcrumb-separator\">&raquo;<\/span><span class=\"aioseo-breadcrumb\">\n\t\u201eMONAT\u201c vegani\u0161ki baltymai | Geros savijautos produktai\n<\/span><\/div>","aioseo_breadcrumb_json":[{"label":"Home","link":"https:\/\/monatglobal.com\/lt"},{"label":"\u201eMONAT\u201c vegani\u0161ki baltymai &#124; Geros savijautos produktai","link":"https:\/\/monatglobal.com\/lt\/vegan-protein\/"}],"_links":{"self":[{"href":"https:\/\/monatglobal.com\/lt\/wp-json\/wp\/v2\/pages\/65683","targetHints":{"allow":["GET"]}}],"collection":[{"href":"https:\/\/monatglobal.com\/lt\/wp-json\/wp\/v2\/pages"}],"about":[{"href":"https:\/\/monatglobal.com\/lt\/wp-json\/wp\/v2\/types\/page"}],"author":[{"embeddable":true,"href":"https:\/\/monatglobal.com\/lt\/wp-json\/wp\/v2\/users\/31"}],"replies":[{"embeddable":true,"href":"https:\/\/monatglobal.com\/lt\/wp-json\/wp\/v2\/comments?post=65683"}],"version-history":[{"count":8,"href":"https:\/\/monatglobal.com\/lt\/wp-json\/wp\/v2\/pages\/65683\/revisions"}],"predecessor-version":[{"id":86409,"href":"https:\/\/monatglobal.com\/lt\/wp-json\/wp\/v2\/pages\/65683\/revisions\/86409"}],"wp:featuredmedia":[{"embeddable":true,"href":"https:\/\/monatglobal.com\/lt\/wp-json\/"}],"wp:attachment":[{"href":"https:\/\/monatglobal.com\/lt\/wp-json\/wp\/v2\/media?parent=65683"}],"wp:term":[{"taxonomy":"category","embeddable":true,"href":"https:\/\/monatglobal.com\/lt\/wp-json\/wp\/v2\/categories?post=65683"},{"taxonomy":"post_tag","embeddable":true,"href":"https:\/\/monatglobal.com\/lt\/wp-json\/wp\/v2\/tags?post=65683"}],"curies":[{"name":"wp","href":"https:\/\/api.w.org\/{rel}","templated":true}]}}