{"id":65641,"date":"2022-01-10T09:00:26","date_gmt":"2022-01-10T09:00:26","guid":{"rendered":"https:\/\/monatglobal.com\/lt\/?page_id=65641"},"modified":"2025-03-11T15:38:36","modified_gmt":"2025-03-11T15:38:36","slug":"collagen","status":"publish","type":"page","link":"https:\/\/monatglobal.com\/lt\/collagen\/","title":{"rendered":"\u201eMONAT Collagen Key\u2122\u201c &#124; Vegani\u0161ko kolageno statybiniai blokai &#124; Gera savijauta"},"content":{"rendered":"\n\n\t<link rel=\"stylesheet\" href=\"https:\/\/unpkg.com\/swiper\/swiper-bundle.min.css\" \/>\n<link rel=\"stylesheet\" href=\"https:\/\/monatglobal.com\/wp-content\/creative_css\/product_styles_sheet.css\" \/>\n  <!--==================================================== ECOMM SECTION ====================================================-->\n    <!--==================================================== Ecomm image ====================================================-->\n    <img decoding=\"async\" src=\"https:\/\/monatglobal.com\/lt\/wp-content\/uploads\/sites\/11\/2021\/12\/collagen-key-EU-ecomm-2022.png\" alt=\"\"\/>\n    <!--==================================================== Ecomm information  ====================================================-->\n      \n      <h1> \u201eCollagen Key\u2122&#8221;<\/h1>\n      \n      <p>Viskas viename mi\u0161inys, palaikantis gro\u017e\u012f i\u0161 vidaus.<\/p>\n      <p>5.29 oz. (150 g) 30 porcij\u0173<\/p>\n          <p>Ma\u017emenin\u0117 kaina<br \/>72 \u20ac<\/p>\n          <p>VIP kliento kaina<br \/>61 \u20ac<\/p>\n      Nor\u0117dami su\u017einoti daugiau apie \u201eCollagen Key\u2122&#8221;, \n      pasikalb\u0117kite su savo \u201eMONAT Market&nbsp;Partner&#8221;.\n        <a href=\"https:\/\/corp.mymonat.com\/shop\/products\/collagen-key-6000002331\/?globallanguage=lt&#038;globalmarket=lt\" target=\"_blank\" aria-label=\"Go to Collagen Key\u2122 shop\" rel=\"noopener\">PIRKTI DABAR<\/a>\n        <a> i\u0161parduota<\/a>\n  <!--==================================================== \/ECOMM SECTION  ====================================================-->\n  <!--==================================================== Benefits image ====================================================-->\n  \n    <source media=\"(max-width: 700px)\" srcset=\"https:\/\/monatglobal.com\/uk\/wp-content\/uploads\/sites\/6\/2021\/05\/benefits-ck-1.jpg\"\/>\n      <img decoding=\"async\" src=\"https:\/\/monatglobal.com\/uk\/wp-content\/uploads\/sites\/6\/2021\/05\/benefits-ck-1.jpg\" \n      alt=\"\"\/>\n    \n    <!--==================================================== Benefits text ====================================================-->\n        <h2>NAUDOS<\/h2>\n        <h3>Unikali viskas viename vegani\u0161ka formul\u0117, kuri padeda j\u016bs\u0173 organizme palaikyti nat\u016brali\u0105 kolageno \n        gamyb\u0105, kuris yra reikalingas normaliai plauk\u0173, odos ir nag\u0173 b\u016bklei&nbsp;palaikyti.&nbsp;*<\/h3>\n        <!--==================================================== features image  ====================================================-->\n        <img decoding=\"async\" src=\"https:\/\/monatglobal.com\/lt\/wp-content\/uploads\/sites\/11\/2021\/12\/collagen-key-features-EU.jpg\" \n        alt=\"\"\/>\n      <!--==================================================== features text ====================================================-->\n          <h3>Padeda palaikyti nat\u016brali\u0105 kalogeno gamyb\u0105 organizme.<\/h3>\n                <p>\/ Vegani\u0161kos kilm\u0117s aminor\u016bg\u0161tys kolageno gamybos&nbsp;skatinimui<\/p>\n                <p>\/ Padeda palaikyti normali\u0105 odos, plauk\u0173 ir nag\u0173&nbsp;b\u016bkl\u0119&nbsp;*<\/p>\n                <p>\/ Vitaminas C prisideda prie normalaus kolageno susidarymo, tod\u0117l oda atrodo&nbsp;puikiai.<\/p>\n                <p>\/ Papildomi vitaminai ir mineralai:<\/p>\n            <ul>\n                <li>Biotinas padeda palaikyti normali\u0105 plauk\u0173 ir odos&nbsp;b\u016bkl\u0119.<\/li>\n                <li>Cinkas padeda palaikyti normali\u0105 plauk\u0173, odos ir nag\u0173&nbsp;b\u016bkl\u0119.<\/li>\n                <li>Manganas prisideda prie normalaus jungiamojo audinio susidarymo, kuris padeda palaikyti normali\u0105 odos&nbsp;b\u016bkl\u0119.<\/li>\n                <li>Manganas, vitaminas B2 (riboflavinas), cinkas ir vitaminas C padeda apsaugoti l\u0105steles nuo oksidacinio&nbsp;streso.<\/li>\n            <\/ul>\n                <p>\/ Puikaus abrikos\u0173 ir pasiflor\u0173&nbsp;skonio. <\/p>\n                <p>\/ Sud\u0117tyje n\u0117ra dirbtini\u0173 kvap\u0173 ar&nbsp;da\u017eikli\u0173. <\/p>\n                <p>\/ Be prid\u0117tinio cukraus.<\/p>\n    <!--==================================================== composition image mobile ====================================================-->\n    <img decoding=\"async\" alt=\"\" src=\"https:\/\/monatglobal.com\/lt\/wp-content\/uploads\/sites\/11\/2021\/12\/collagen-key-comp-1-EU.jpg\"\/>\n    <!--==================================================== Why it works text ====================================================-->\n      <h2>Suteikia b\u016btin\u0173 sudedam\u0173j\u0173 dali\u0173 stipriai vidinei palaikymo sistemai.&nbsp;*<\/h2>\n      <h3>Manganas, vitaminas B2 (riboflavinas), cinkas ir vitaminas C padeda \n      apsaugoti l\u0105steles nuo oksidacinio&nbsp;streso. *<\/h3>\n      <p>Sud\u0117tyje yra aminor\u016bg\u0161\u010di\u0173 mi\u0161inio, kur\u012f organizmas naudoja kolageno gamybai ir&nbsp;pakeitimui.*<\/p>\n  <!--==================================================== Composition section ====================================================-->\n      <img decoding=\"async\" src=\"https:\/\/monatglobal.com\/lt\/wp-content\/uploads\/sites\/11\/2021\/12\/collagen-key-comp-1-EU.jpg\" \n      alt=\"\"\/>\n      <img decoding=\"async\" src=\"https:\/\/monatglobal.com\/lt\/wp-content\/uploads\/sites\/11\/2021\/12\/collagen-key-comp-3.jpg\" \n      alt=\"\"\/>\n          <!--==================================================== Directions text ====================================================--> \n            <h3>Kaip vartoti<\/h3>\n              <p>\/ Sumai\u0161ykite vien\u0105 kau\u0161el\u012f (5 g) su 230 ml&nbsp;vandens.<\/p>\n              <p>\/ Nor\u0117dami gauti did\u017eiausi\u0105 naud\u0105, vartokite&nbsp;kasdien.<\/p>\n          <!--==================================================== Directions video ====================================================-->\n    <p>Damage Repair <br \/>Bond-Fortifying Hair Leave-In Cr\u00e8me  <br \/>1:28<\/p>\n    <a href=\"https:\/\/corp.mymonat.com\/shop\/products\/collagen-key-6000002331\/?globallanguage=lt&#038;globalmarket=lt\" target=\"_blank\" aria-label=\"Go to Collagen Key\u2122 shop\" rel=\"noopener\">PIRKTI DABAR<\/a>\n        <a> i\u0161parduota<\/a>\n  <!--==================================================== Ingredients section  ====================================================-->\n    <h2>Sudedam\u0173j\u0173 dali\u0173 ap\u017evalga<\/h2>\n      <p>Vegani\u0161k\u0173 aminor\u016bg\u0161\u010di\u0173 mi\u0161inys<\/p>\n      <p>Trans-resveratrolis<\/p>\n      <p>Biotinas<\/p>\n      <p>Cinkas<\/p>\n      <p>Manganas<\/p>\n      <p>Vitaminas C<\/p>\n  <button id=\"myBtn\" type=\"button\">SUDEDAM\u0172J\u0172 DALI\u0172 S\u0104RA\u0160AS<\/button>\n  <!--==================================================== Modal content  ====================================================-->\n    &times;\n    Maltodextrin, glycine, acid: citric acid, natural flavour, beetroot root powder (Beta vulgaris), L-ascorbic acid, trans-resveratrol, \n    sweetener: steviol glycosides, nicotinamide, calcium-D-pantothenate, zinc citrate, pyridoxine hydrochloride, thiamin hydrochloride, riboflavin, \n    D-biotin, manganese sulfate, L-proline, L-methionine, calcium-L-methylfolate,&nbsp;methylcobalamin.\n<!--==================================================== You might also like section ====================================================-->\n  <h2>JUMS TAIP PAT GALI PATIKTI<\/h2>\n  <!--==================================================== Slider YOU MIGHT ALSO LIKE ====================================================-->\n            <!--==================================================== Slides products ====================================================-->\n               <a href=\"\/lt?page_id=65683\" aria-label=\"Go to MONAT vegani\u0161ki baltymai page\">\n                  <img decoding=\"async\" src=\"https:\/\/monatglobal.com\/wp-content\/uploads\/2022\/12\/Vegan-protein-powder-ecomm-2022-min.png\" alt=\"MONAT vegani\u0161ki baltymai\"\/>\n                  <p>\u201eMONAT&#8221; vegani\u0161ki baltymai<\/p>\n               <\/a>\n               <a href=\"\/lt?page_id=65665\" aria-label=\"Go to MONAT Total Greens\u2122 page\">\n                  <img decoding=\"async\" src=\"https:\/\/monatglobal.com\/wp-content\/uploads\/2022\/12\/Total-greens-ecomm-2022-min.png\" alt=\"MONAT Total Greens\u2122\"\/>\n                  <p>\u201eMONAT Total Greens\u2122&#8221;<\/p>\n               <\/a>\n         <!--==================================================== If we need navigation buttons  ====================================================-->\n         <!--==================================================== If we need paginations  ====================================================-->\n  <a href=\"\/lt?page_id=66820\" aria-label=\"Go to Visi Wellness produktai\"><p>Visi \u201eWellness&#8221; produktai<\/p><\/a>\n<!--==================================================== this link has to go last for it to work   ====================================================-->\n\n","protected":false},"excerpt":{"rendered":"<p>\u201eCollagen Key\u2122&#8221; Viskas viename mi\u0161inys, palaikantis gro\u017e\u012f i\u0161 vidaus. 5.29 oz. (150 g) 30 porcij\u0173 Ma\u017emenin\u0117 kaina72 \u20ac VIP kliento kaina61 \u20ac Nor\u0117dami su\u017einoti daugiau apie \u201eCollagen Key\u2122&#8221;, pasikalb\u0117kite su savo \u201eMONAT Market&nbsp;Partner&#8221;. PIRKTI DABAR i\u0161parduota NAUDOS Unikali viskas viename vegani\u0161ka formul\u0117, kuri padeda j\u016bs\u0173 organizme palaikyti nat\u016brali\u0105 kolageno gamyb\u0105, kuris yra reikalingas normaliai plauk\u0173,&hellip;<\/p>\n","protected":false},"author":31,"featured_media":65642,"parent":0,"menu_order":0,"comment_status":"closed","ping_status":"closed","template":"","meta":{"inline_featured_image":false,"om_disable_all_campaigns":false,"_monsterinsights_skip_tracking":false,"_monsterinsights_sitenote_active":false,"_monsterinsights_sitenote_note":"","_monsterinsights_sitenote_category":0,"footnotes":""},"categories":[],"tags":[],"class_list":["post-65641","page","type-page","status-publish","has-post-thumbnail","hentry"],"aioseo_notices":[],"aioseo_head":"\n\t\t<!-- All in One SEO Pro 4.9.6 - aioseo.com -->\n\t<meta name=\"description\" content=\"\u201eCollagen Key\u2122&quot; Viskas viename mi\u0161inys, palaikantis gro\u017e\u012f i\u0161 vidaus. 5.29 oz. (150 g) 30 porcij\u0173 Ma\u017emenin\u0117 kaina72 \u20ac VIP kliento kaina61 \u20ac Nor\u0117dami su\u017einoti daugiau apie \u201eCollagen Key\u2122&quot;, pasikalb\u0117kite su savo \u201eMONAT Market Partner&quot;. PIRKTI DABAR i\u0161parduota NAUDOS Unikali viskas viename vegani\u0161ka formul\u0117, kuri padeda j\u016bs\u0173 organizme palaikyti nat\u016brali\u0105 kolageno gamyb\u0105, kuris yra reikalingas normaliai plauk\u0173,\" \/>\n\t<meta name=\"robots\" content=\"max-image-preview:large\" \/>\n\t<link rel=\"canonical\" href=\"https:\/\/monatglobal.com\/lt\/collagen\/\" \/>\n\t<meta name=\"generator\" content=\"All in One SEO Pro (AIOSEO) 4.9.6\" \/>\n\t\t<meta property=\"og:locale\" content=\"lt_LT\" \/>\n\t\t<meta property=\"og:site_name\" content=\"MONAT Lithuania -\" \/>\n\t\t<meta property=\"og:type\" content=\"article\" \/>\n\t\t<meta property=\"og:title\" content=\"\u201eMONAT Collagen Key\u2122\u201c | Vegani\u0161ko kolageno statybiniai blokai | Gera savijauta - MONAT Lithuania\" \/>\n\t\t<meta property=\"og:description\" content=\"\u201eCollagen Key\u2122&quot; Viskas viename mi\u0161inys, palaikantis gro\u017e\u012f i\u0161 vidaus. 5.29 oz. (150 g) 30 porcij\u0173 Ma\u017emenin\u0117 kaina72 \u20ac VIP kliento kaina61 \u20ac Nor\u0117dami su\u017einoti daugiau apie \u201eCollagen Key\u2122&quot;, pasikalb\u0117kite su savo \u201eMONAT Market Partner&quot;. PIRKTI DABAR i\u0161parduota NAUDOS Unikali viskas viename vegani\u0161ka formul\u0117, kuri padeda j\u016bs\u0173 organizme palaikyti nat\u016brali\u0105 kolageno gamyb\u0105, kuris yra reikalingas normaliai plauk\u0173,\" \/>\n\t\t<meta property=\"og:url\" content=\"https:\/\/monatglobal.com\/lt\/collagen\/\" \/>\n\t\t<meta property=\"article:published_time\" content=\"2022-01-10T09:00:26+00:00\" \/>\n\t\t<meta property=\"article:modified_time\" content=\"2025-03-11T15:38:36+00:00\" \/>\n\t\t<meta name=\"twitter:card\" content=\"summary_large_image\" \/>\n\t\t<meta name=\"twitter:title\" content=\"\u201eMONAT Collagen Key\u2122\u201c | Vegani\u0161ko kolageno statybiniai blokai | Gera savijauta - MONAT Lithuania\" \/>\n\t\t<meta name=\"twitter:description\" content=\"\u201eCollagen Key\u2122&quot; Viskas viename mi\u0161inys, palaikantis gro\u017e\u012f i\u0161 vidaus. 5.29 oz. (150 g) 30 porcij\u0173 Ma\u017emenin\u0117 kaina72 \u20ac VIP kliento kaina61 \u20ac Nor\u0117dami su\u017einoti daugiau apie \u201eCollagen Key\u2122&quot;, pasikalb\u0117kite su savo \u201eMONAT Market Partner&quot;. PIRKTI DABAR i\u0161parduota NAUDOS Unikali viskas viename vegani\u0161ka formul\u0117, kuri padeda j\u016bs\u0173 organizme palaikyti nat\u016brali\u0105 kolageno gamyb\u0105, kuris yra reikalingas normaliai plauk\u0173,\" \/>\n\t\t<script type=\"application\/ld+json\" class=\"aioseo-schema\">\n\t\t\t{\"@context\":\"https:\\\/\\\/schema.org\",\"@graph\":[{\"@type\":\"BreadcrumbList\",\"@id\":\"https:\\\/\\\/monatglobal.com\\\/lt\\\/collagen\\\/#breadcrumblist\",\"itemListElement\":[{\"@type\":\"ListItem\",\"@id\":\"https:\\\/\\\/monatglobal.com\\\/lt#listItem\",\"position\":1,\"name\":\"Home\",\"item\":\"https:\\\/\\\/monatglobal.com\\\/lt\",\"nextItem\":{\"@type\":\"ListItem\",\"@id\":\"https:\\\/\\\/monatglobal.com\\\/lt\\\/collagen\\\/#listItem\",\"name\":\"\\u201eMONAT Collagen Key\\u2122\\u201c &#124; Vegani\\u0161ko kolageno statybiniai blokai &#124; Gera savijauta\"}},{\"@type\":\"ListItem\",\"@id\":\"https:\\\/\\\/monatglobal.com\\\/lt\\\/collagen\\\/#listItem\",\"position\":2,\"name\":\"\\u201eMONAT Collagen Key\\u2122\\u201c &#124; Vegani\\u0161ko kolageno statybiniai blokai &#124; Gera savijauta\",\"previousItem\":{\"@type\":\"ListItem\",\"@id\":\"https:\\\/\\\/monatglobal.com\\\/lt#listItem\",\"name\":\"Home\"}}]},{\"@type\":\"Organization\",\"@id\":\"https:\\\/\\\/monatglobal.com\\\/lt\\\/#organization\",\"name\":\"MONAT Lithuania\",\"url\":\"https:\\\/\\\/monatglobal.com\\\/lt\\\/\"},{\"@type\":\"WebPage\",\"@id\":\"https:\\\/\\\/monatglobal.com\\\/lt\\\/collagen\\\/#webpage\",\"url\":\"https:\\\/\\\/monatglobal.com\\\/lt\\\/collagen\\\/\",\"name\":\"\\u201eMONAT Collagen Key\\u2122\\u201c | Vegani\\u0161ko kolageno statybiniai blokai | Gera savijauta - MONAT Lithuania\",\"description\":\"\\u201eCollagen Key\\u2122\\\" Viskas viename mi\\u0161inys, palaikantis gro\\u017e\\u012f i\\u0161 vidaus. 5.29 oz. (150 g) 30 porcij\\u0173 Ma\\u017emenin\\u0117 kaina72 \\u20ac VIP kliento kaina61 \\u20ac Nor\\u0117dami su\\u017einoti daugiau apie \\u201eCollagen Key\\u2122\\\", pasikalb\\u0117kite su savo \\u201eMONAT Market Partner\\\". PIRKTI DABAR i\\u0161parduota NAUDOS Unikali viskas viename vegani\\u0161ka formul\\u0117, kuri padeda j\\u016bs\\u0173 organizme palaikyti nat\\u016brali\\u0105 kolageno gamyb\\u0105, kuris yra reikalingas normaliai plauk\\u0173,\",\"inLanguage\":\"lt-LT\",\"isPartOf\":{\"@id\":\"https:\\\/\\\/monatglobal.com\\\/lt\\\/#website\"},\"breadcrumb\":{\"@id\":\"https:\\\/\\\/monatglobal.com\\\/lt\\\/collagen\\\/#breadcrumblist\"},\"image\":{\"@type\":\"ImageObject\",\"url\":65642,\"@id\":\"https:\\\/\\\/monatglobal.com\\\/lt\\\/collagen\\\/#mainImage\"},\"primaryImageOfPage\":{\"@id\":\"https:\\\/\\\/monatglobal.com\\\/lt\\\/collagen\\\/#mainImage\"},\"datePublished\":\"2022-01-10T09:00:26+00:00\",\"dateModified\":\"2025-03-11T15:38:36+00:00\"},{\"@type\":\"WebSite\",\"@id\":\"https:\\\/\\\/monatglobal.com\\\/lt\\\/#website\",\"url\":\"https:\\\/\\\/monatglobal.com\\\/lt\\\/\",\"name\":\"MONAT Lithuania\",\"inLanguage\":\"lt-LT\",\"publisher\":{\"@id\":\"https:\\\/\\\/monatglobal.com\\\/lt\\\/#organization\"}}]}\n\t\t<\/script>\n\t\t<!-- All in One SEO Pro -->\r\n\t\t<title>\u201eMONAT Collagen Key\u2122\u201c | Vegani\u0161ko kolageno statybiniai blokai | Gera savijauta - MONAT Lithuania<\/title>\n\n","aioseo_head_json":{"title":"\u201eMONAT Collagen Key\u2122\u201c | Vegani\u0161ko kolageno statybiniai blokai | Gera savijauta - MONAT Lithuania","description":"\u201eCollagen Key\u2122\" Viskas viename mi\u0161inys, palaikantis gro\u017e\u012f i\u0161 vidaus. 5.29 oz. (150 g) 30 porcij\u0173 Ma\u017emenin\u0117 kaina72 \u20ac VIP kliento kaina61 \u20ac Nor\u0117dami su\u017einoti daugiau apie \u201eCollagen Key\u2122\", pasikalb\u0117kite su savo \u201eMONAT Market Partner\". PIRKTI DABAR i\u0161parduota NAUDOS Unikali viskas viename vegani\u0161ka formul\u0117, kuri padeda j\u016bs\u0173 organizme palaikyti nat\u016brali\u0105 kolageno gamyb\u0105, kuris yra reikalingas normaliai plauk\u0173,","canonical_url":"https:\/\/monatglobal.com\/lt\/collagen\/","robots":"max-image-preview:large","keywords":"","webmasterTools":{"miscellaneous":""},"schema":{"@context":"https:\/\/schema.org","@graph":[{"@type":"BreadcrumbList","@id":"https:\/\/monatglobal.com\/lt\/collagen\/#breadcrumblist","itemListElement":[{"@type":"ListItem","@id":"https:\/\/monatglobal.com\/lt#listItem","position":1,"name":"Home","item":"https:\/\/monatglobal.com\/lt","nextItem":{"@type":"ListItem","@id":"https:\/\/monatglobal.com\/lt\/collagen\/#listItem","name":"\u201eMONAT Collagen Key\u2122\u201c &#124; Vegani\u0161ko kolageno statybiniai blokai &#124; Gera savijauta"}},{"@type":"ListItem","@id":"https:\/\/monatglobal.com\/lt\/collagen\/#listItem","position":2,"name":"\u201eMONAT Collagen Key\u2122\u201c &#124; Vegani\u0161ko kolageno statybiniai blokai &#124; Gera savijauta","previousItem":{"@type":"ListItem","@id":"https:\/\/monatglobal.com\/lt#listItem","name":"Home"}}]},{"@type":"Organization","@id":"https:\/\/monatglobal.com\/lt\/#organization","name":"MONAT Lithuania","url":"https:\/\/monatglobal.com\/lt\/"},{"@type":"WebPage","@id":"https:\/\/monatglobal.com\/lt\/collagen\/#webpage","url":"https:\/\/monatglobal.com\/lt\/collagen\/","name":"\u201eMONAT Collagen Key\u2122\u201c | Vegani\u0161ko kolageno statybiniai blokai | Gera savijauta - MONAT Lithuania","description":"\u201eCollagen Key\u2122\" Viskas viename mi\u0161inys, palaikantis gro\u017e\u012f i\u0161 vidaus. 5.29 oz. (150 g) 30 porcij\u0173 Ma\u017emenin\u0117 kaina72 \u20ac VIP kliento kaina61 \u20ac Nor\u0117dami su\u017einoti daugiau apie \u201eCollagen Key\u2122\", pasikalb\u0117kite su savo \u201eMONAT Market Partner\". PIRKTI DABAR i\u0161parduota NAUDOS Unikali viskas viename vegani\u0161ka formul\u0117, kuri padeda j\u016bs\u0173 organizme palaikyti nat\u016brali\u0105 kolageno gamyb\u0105, kuris yra reikalingas normaliai plauk\u0173,","inLanguage":"lt-LT","isPartOf":{"@id":"https:\/\/monatglobal.com\/lt\/#website"},"breadcrumb":{"@id":"https:\/\/monatglobal.com\/lt\/collagen\/#breadcrumblist"},"image":{"@type":"ImageObject","url":65642,"@id":"https:\/\/monatglobal.com\/lt\/collagen\/#mainImage"},"primaryImageOfPage":{"@id":"https:\/\/monatglobal.com\/lt\/collagen\/#mainImage"},"datePublished":"2022-01-10T09:00:26+00:00","dateModified":"2025-03-11T15:38:36+00:00"},{"@type":"WebSite","@id":"https:\/\/monatglobal.com\/lt\/#website","url":"https:\/\/monatglobal.com\/lt\/","name":"MONAT Lithuania","inLanguage":"lt-LT","publisher":{"@id":"https:\/\/monatglobal.com\/lt\/#organization"}}]},"og:locale":"lt_LT","og:site_name":"MONAT Lithuania -","og:type":"article","og:title":"\u201eMONAT Collagen Key\u2122\u201c | Vegani\u0161ko kolageno statybiniai blokai | Gera savijauta - MONAT Lithuania","og:description":"\u201eCollagen Key\u2122&quot; Viskas viename mi\u0161inys, palaikantis gro\u017e\u012f i\u0161 vidaus. 5.29 oz. (150 g) 30 porcij\u0173 Ma\u017emenin\u0117 kaina72 \u20ac VIP kliento kaina61 \u20ac Nor\u0117dami su\u017einoti daugiau apie \u201eCollagen Key\u2122&quot;, pasikalb\u0117kite su savo \u201eMONAT Market Partner&quot;. PIRKTI DABAR i\u0161parduota NAUDOS Unikali viskas viename vegani\u0161ka formul\u0117, kuri padeda j\u016bs\u0173 organizme palaikyti nat\u016brali\u0105 kolageno gamyb\u0105, kuris yra reikalingas normaliai plauk\u0173,","og:url":"https:\/\/monatglobal.com\/lt\/collagen\/","article:published_time":"2022-01-10T09:00:26+00:00","article:modified_time":"2025-03-11T15:38:36+00:00","twitter:card":"summary_large_image","twitter:title":"\u201eMONAT Collagen Key\u2122\u201c | Vegani\u0161ko kolageno statybiniai blokai | Gera savijauta - MONAT Lithuania","twitter:description":"\u201eCollagen Key\u2122&quot; Viskas viename mi\u0161inys, palaikantis gro\u017e\u012f i\u0161 vidaus. 5.29 oz. (150 g) 30 porcij\u0173 Ma\u017emenin\u0117 kaina72 \u20ac VIP kliento kaina61 \u20ac Nor\u0117dami su\u017einoti daugiau apie \u201eCollagen Key\u2122&quot;, pasikalb\u0117kite su savo \u201eMONAT Market Partner&quot;. PIRKTI DABAR i\u0161parduota NAUDOS Unikali viskas viename vegani\u0161ka formul\u0117, kuri padeda j\u016bs\u0173 organizme palaikyti nat\u016brali\u0105 kolageno gamyb\u0105, kuris yra reikalingas normaliai plauk\u0173,"},"aioseo_meta_data":{"post_id":"65641","title":null,"description":null,"keywords":null,"keyphrases":null,"primary_term":null,"canonical_url":null,"og_title":null,"og_description":null,"og_object_type":"default","og_image_type":"default","og_image_url":null,"og_image_width":null,"og_image_height":null,"og_image_custom_url":null,"og_image_custom_fields":null,"og_video":null,"og_custom_url":null,"og_article_section":null,"og_article_tags":null,"twitter_use_og":false,"twitter_card":"default","twitter_image_type":"default","twitter_image_url":null,"twitter_image_custom_url":null,"twitter_image_custom_fields":null,"twitter_title":null,"twitter_description":null,"schema":{"blockGraphs":[],"customGraphs":[],"default":{"data":{"Article":[],"Course":[],"Dataset":[],"FAQPage":[],"Movie":[],"Person":[],"Product":[],"ProductReview":[],"Car":[],"Recipe":[],"Service":[],"SoftwareApplication":[],"WebPage":[]},"graphName":"","isEnabled":true},"graphs":[]},"schema_type":"default","schema_type_options":null,"pillar_content":false,"robots_default":true,"robots_noindex":false,"robots_noarchive":false,"robots_nosnippet":false,"robots_nofollow":false,"robots_noimageindex":false,"robots_noodp":false,"robots_notranslate":false,"robots_max_snippet":null,"robots_max_videopreview":null,"robots_max_imagepreview":"large","priority":null,"frequency":null,"local_seo":null,"seo_analyzer_scan_date":"2025-08-15 01:29:15","breadcrumb_settings":null,"limit_modified_date":false,"reviewed_by":null,"open_ai":null,"ai":null,"created":"2023-07-26 19:17:17","updated":"2026-02-10 05:14:34"},"aioseo_breadcrumb":"<div class=\"aioseo-breadcrumbs\"><span class=\"aioseo-breadcrumb\">\n\t<a href=\"https:\/\/monatglobal.com\/lt\" title=\"Home\">Home<\/a>\n<\/span><span class=\"aioseo-breadcrumb-separator\">&raquo;<\/span><span class=\"aioseo-breadcrumb\">\n\t\u201eMONAT Collagen Key\u2122\u201c | Vegani\u0161ko kolageno statybiniai blokai | Gera savijauta\n<\/span><\/div>","aioseo_breadcrumb_json":[{"label":"Home","link":"https:\/\/monatglobal.com\/lt"},{"label":"\u201eMONAT Collagen Key\u2122\u201c &#124; Vegani\u0161ko kolageno statybiniai blokai &#124; Gera savijauta","link":"https:\/\/monatglobal.com\/lt\/collagen\/"}],"_links":{"self":[{"href":"https:\/\/monatglobal.com\/lt\/wp-json\/wp\/v2\/pages\/65641","targetHints":{"allow":["GET"]}}],"collection":[{"href":"https:\/\/monatglobal.com\/lt\/wp-json\/wp\/v2\/pages"}],"about":[{"href":"https:\/\/monatglobal.com\/lt\/wp-json\/wp\/v2\/types\/page"}],"author":[{"embeddable":true,"href":"https:\/\/monatglobal.com\/lt\/wp-json\/wp\/v2\/users\/31"}],"replies":[{"embeddable":true,"href":"https:\/\/monatglobal.com\/lt\/wp-json\/wp\/v2\/comments?post=65641"}],"version-history":[{"count":9,"href":"https:\/\/monatglobal.com\/lt\/wp-json\/wp\/v2\/pages\/65641\/revisions"}],"predecessor-version":[{"id":86410,"href":"https:\/\/monatglobal.com\/lt\/wp-json\/wp\/v2\/pages\/65641\/revisions\/86410"}],"wp:featuredmedia":[{"embeddable":true,"href":"https:\/\/monatglobal.com\/lt\/wp-json\/"}],"wp:attachment":[{"href":"https:\/\/monatglobal.com\/lt\/wp-json\/wp\/v2\/media?parent=65641"}],"wp:term":[{"taxonomy":"category","embeddable":true,"href":"https:\/\/monatglobal.com\/lt\/wp-json\/wp\/v2\/categories?post=65641"},{"taxonomy":"post_tag","embeddable":true,"href":"https:\/\/monatglobal.com\/lt\/wp-json\/wp\/v2\/tags?post=65641"}],"curies":[{"name":"wp","href":"https:\/\/api.w.org\/{rel}","templated":true}]}}