{"id":65603,"date":"2022-01-17T09:00:44","date_gmt":"2022-01-17T09:00:44","guid":{"rendered":"https:\/\/monatglobal.com\/lt\/?page_id=65603"},"modified":"2026-02-20T21:46:21","modified_gmt":"2026-02-20T21:46:21","slug":"hyaluronic-serum","status":"publish","type":"page","link":"https:\/\/monatglobal.com\/lt\/hyaluronic-serum\/","title":{"rendered":"\u201eMONAT Hydration Booster\u2122\u201c &#124; Tobulas sausos odos dr\u0117kinimas"},"content":{"rendered":"\n<link rel=\"stylesheet\" href=\"https:\/\/unpkg.com\/swiper\/swiper-bundle.min.css\">\n<link rel=\"stylesheet\" href=\"https:\/\/monatglobal.com\/wp-content\/creative_css\/product_styles_sheet.css\">\n   <!--==================================================== ECOMM SECTION ====================================================-->\n      <!--==================================================== Ecomm image ====================================================-->\n      <img decoding=\"async\" src=\"https:\/\/monatglobal.com\/wp-content\/uploads\/2021\/08\/Hydration-Booster-Hyaluronic-Serum-Plus_ecomm.png\" alt=\"Advanced Hydrating Conditioner\" loading=\"lazy\">\n      <!--==================================================== Ecomm information  ====================================================-->\n         <p>\u201eMONAT<\/p>\n         <h1>Hydration <br>Booster\u2122&#8221; <\/h1>\n         <p>Hialurono r\u016bg\u0161ties serumas \u201ePlus&#8221;<\/p>\n         <p>Itin dr\u0117kinantis serumas, suteikiantis mink\u0161tesn\u0119, glotnesn\u0119 ir jaunatvi\u0161kesn\u0119&nbsp;i\u0161vaizd\u0105<\/p>\n         <p>30 ml \u212e 1 fl. oz.<\/p>\n         <!--==================================================== pricing box ====================================================-->\n         <p>Ma\u017emenin\u0117 kaina<br>00.00 \u20ac<\/p>\n         <p>VIP kliento kaina<br>00.00 \u20ac<\/p>\n         <!--==================================================== pricing box ====================================================-->\n         <p>Nor\u0117dami su\u017einoti daugiau apie \u201eMONAT Hydration Booster\u2122&#8221;, pasikalb\u0117kite su savo \u201eMONAT Market Partner&#8221;.<\/p>\n          <a href=\"\" target=\"_blank\" role=\"button\" aria-label=\"\" rel=\"noopener\"><\/a>\n   <!--==================================================== \/ECOMM SECTION  ====================================================-->\n   <!--==================================================== Benefits image ====================================================-->\n   \n      <source media=\"(max-width: 700px)\" srcset=\"https:\/\/monatglobal.com\/wp-content\/uploads\/2021\/08\/Hydration-Booster-Hyaluronic-Serum-Plus-benefits-mobile.jpg\" loading=\"lazy\">\n      <img decoding=\"async\" src=\"https:\/\/monatglobal.com\/wp-content\/uploads\/2021\/08\/Hydration-Booster-Hyaluronic-Serum-Plus-benefits.jpg\" alt=\"Woman smiling while looking to her left side. High contrast image.  Holding MONAT's Hydration Booster on her left hand while applying \n      the eyedropper on her cheeks.\" loading=\"lazy\">\n   \n   <!--==================================================== Benefits text ====================================================-->\n         <h2>Naudos<\/h2>\n         <h3>\u0160is aliejaus sud\u0117tyje neturintis, dr\u0117kinantis serumas u\u017etikrina nat\u016bral\u0173 odos dr\u0117gm\u0117s&nbsp;balans\u0105. <\/h3>\n         Koncentruot\u0173 gryn\u0173j\u0173 hialurono ir poliglutamo r\u016bg\u0161\u010di\u0173, vitamin\u0173, j\u016brini\u0173 dumbli\u0173 ir vaisi\u0173 ekstrakt\u0173 derinys j\u016bs\u0173 odai suteikia \n         putlumo ir papildymo&nbsp;poj\u016bt\u012f.\n         <!--==================================================== features image  ====================================================-->\n         <img decoding=\"async\" src=\"https:\/\/monatglobal.com\/wp-content\/uploads\/2021\/08\/monat-hydration-booster-features.jpg\" alt=\"MONAT Hydrate &amp; Refresh serum set on bathroom's vanity. Background shows a towel and zen-type daylight scenario.\" loading=\"lazy\">\n      <!--==================================================== features text ====================================================-->\n            <h3>Tobulas i\u0161saus\u0117jusios odos&nbsp;dr\u0117kinimas<\/h3>\n               <p>\/ Pagerina dr\u0117kinim\u0105 ir akivaizd\u017eiai putlina&nbsp;od\u0105<\/p>\n               <p>\/ Dr\u0117kina od\u0105 iki 8&nbsp;valand\u0173<\/p>\n               <p>\/ Oda tampa \u0161velnesn\u0117, lygesn\u0117 ir&nbsp;elastingesn\u0117 <\/p>\n               <p>\/ Apsaugo nuo \u017ealing\u0173 aplinkos&nbsp;veiksni\u0173  <\/p>\n               <p>\/ Galima naudoti vien\u0105 arba kaip dr\u0117kinimo poveik\u012f stiprinan\u010di\u0105 priemon\u0119, jo prid\u0117dami \u012f savo m\u0117gstam\u0105 dr\u0117kinam\u0105j\u0105&nbsp;priemon\u0119<\/p>\n                <br>\n   <!--==================================================== composition image mobile ====================================================-->\n   <img decoding=\"async\" src=\"https:\/\/monatglobal.com\/wp-content\/uploads\/2021\/08\/monat-hydration-booster-comp-1.jpg\" alt=\"MONAT's Hydration Booster product is set over a solid pink background with serum spilled as additional texture.\" loading=\"lazy\">\n   <!--==================================================== Why it works text ====================================================-->\n      <h2>Oda tampa juntamai putli ir&nbsp;sudr\u0117kinta.<\/h2>\n      <h3>\u0160is ypa\u010d dr\u0117kinantis veido ir kaklo serumas su hialurono r\u016bg\u0161timi sustiprina nat\u016bral\u0173 odos \n      dr\u0117gm\u0117s barjer\u0105, tod\u0117l oda tampa juntamai&nbsp;stangresn\u0117.<\/h3>\n<!--==================================================== Composition section ====================================================-->\n      <img decoding=\"async\" src=\"https:\/\/monatglobal.com\/wp-content\/uploads\/2021\/08\/monat-hydration-booster-comp-1.jpg\" alt=\"MONAT's Hydration Booster product is set over a solid pink background with serum spilled as additional texture.\" loading=\"lazy\">\n      <img decoding=\"async\" src=\"https:\/\/monatglobal.com\/wp-content\/uploads\/2021\/08\/monat-hydration-booster-comp-3.jpg\" alt=\"An african-american woman looking directly at the camera while applying the serum with the eyedropper. Left hand \n      showcases MONAT's Hydration Booster.\" loading=\"lazy\">\n            <!--==================================================== Directions text ====================================================--> \n               <h3>Kaip naudoti<\/h3>\n               <p>\/ \u012epilkite serumo \u012f&nbsp;la\u0161intuv\u0105 <\/p>\n               <p>\/ Ryte ir vakare u\u017ela\u0161inkite 3 &#8211; 4 la\u0161us ant veido ir&nbsp;kaklo.<\/p>\n               <p>\/ Tepkite po valymo, vien\u0105 arba prid\u0117kite produkto \u012f savo m\u0117gstam\u0105  \u201eMONAT&#8221; dr\u0117kinam\u0105j\u0105&nbsp;priemon\u0119.<\/p>\n            <!--==================================================== Directions video ====================================================-->\n      <p>\u201eMONAT Hydration Booster\u2122&#8221; <br>0:40<\/p>\n      <a href=\"\" target=\"_blank\" role=\"button\" aria-label=\"\" rel=\"noopener\"><\/a>\n   <!--==================================================== Ingredients section  ====================================================-->\n      <h2>Pagrindin\u0117s sudedamosios dalys <\/h2>\n               <p>Kokos\u0173 vanduo<\/p>\n               <p>Poliglutamo r\u016bg\u0161tis<\/p>\n               <p>Hialurono r\u016bg\u0161tis<\/p>\n               <p>Vegani\u0161kos kilm\u0117s&nbsp;kolagenas<\/p>\n               <p>J\u016briniai dumbliai<\/p>\n               <p>Vitaminas B5<\/p>\n               <p>Arb\u016bz\u0173 ekstraktas<\/p>\n        <button id=\"myBtn\" type=\"button\">Sudedam\u0173j\u0173 dali\u0173 s\u0105ra\u0161as<\/button>\n      <!--==================================================== Modal content  ====================================================-->\n         \u00d7\n         Aqua\/Water\/Eau, Cocos Nucifera (Coconut) Water, Propanediol, Hydroxyethyl Acrylate\/Sodium Acryloyldimethyl Taurate Copolymer, \n         Panthenol, Xanthan Gum, Glycerin, Sodium Polyglutamate, Cocos Nucifera (Coconut) Fruit Extract, Sorbitan Isostearate, Disodium EDTA-Copper, \n         Citric Acid, Hydrolyzed Soy Protein, Rice Amino Acids, Proline, Citrullus Lanatus (Watermelon) Fruit Extract, Hydrolyzed Adansonia Digitata \n         Seed Extract, Sodium Hyaluronate, Padina Pavonica Thallus Extract, PEG-8 Dimethicone, Sodium Benzoate, Potassium Sorbate, Phenoxyethanol,&nbsp;Ethylhexylglycerin.\n   <!--==================================================== You might also like section ====================================================-->\n      <h2>Rekomenduojami produktai <\/h2>\n      <!--==================================================== Slider YOU MIGHT ALSO LIKE ====================================================-->\n      <!---->\n      <!--   -->\n            <!--==================================================== Slides products ====================================================-->\n      <!--      -->\n      <!--         <a href=\"\/lt\/face-mist\/\" aria-label=\"Go to \u201eMONAT Hydrate + Refresh\u2122\" Veido dulksna page\">-->\n      <!--            <img decoding=\"async\" src=\"https:\/\/monatglobal.com\/wp-content\/uploads\/2022\/12\/MONAT_HYDRATE-REFRESH_ecomm-optimized.png\" alt=\"\u201eMONAT Hydrate + Refresh\u2122\" Veido dulksna\" loading=\"lazy\"\/>-->\n      <!--            <p>\u201eMONAT Hydrate + Refresh\u2122\" <br \/>Veido dulksna<\/p>-->\n      <!--         <\/a>-->\n      <!--      -->\n      <!--      -->\n      <!--         <a href=\"\/lt\/skin-revitalizing\/\" aria-label=\"Go to \u201eSkin Revitalizing Essence\u2122\" shop\">-->\n      <!--            <img decoding=\"async\" src=\"https:\/\/monatglobal.com\/wp-content\/uploads\/2022\/12\/Skin-Revitalizing-Essence-ecomm-2022-min.png\" alt=\"\u201eSkin Revitalizing Essence\u2122\" loading=\"lazy\"\/>-->\n      <!--            <p>\u201eSkin Revitalizing Essence\u2122\"<\/p>-->\n      <!--         <\/a>-->\n      <!--      -->\n      <!--      -->\n      <!--         <a href=\"\/lt\/rejuveniqe-tm-oil-intensive\/\" aria-label=\"Go to \u201eREJUVENIQE\u00ae\" page>-->\n      <!--            <img decoding=\"async\" src=\"https:\/\/monatglobal.com\/wp-content\/uploads\/2022\/12\/oil-free-moisturizer-E_comm.png\" alt=\"\u201eREJUVENIQE<sup\/>\u00ae\" loading=\"lazy\"\/>-->\n      <!--            <p>\u201eREJUVENIQE<sup>\u00ae<\/sup>\"<\/p>-->\n      <!--         <\/a>-->\n      <!--      -->\n      <!--   -->\n         <!--==================================================== If we need navigation buttons  ====================================================-->\n      <!--   -->\n      <!--   -->\n         <!--==================================================== If we need paginations  ====================================================-->\n      <!--   -->\n      <!---->\n         <!--==================================================== If we need navigation buttons  ====================================================-->\n         <!--==================================================== If we need paginations  ====================================================-->\n    <a href=\"\" aria-label=\"\"><\/a>\n<!--==================================================== this link has to go last for it to work   ====================================================-->\n","protected":false},"excerpt":{"rendered":"<p>\u201eMONAT Hydration Booster\u2122&#8221; Hialurono r\u016bg\u0161ties serumas \u201ePlus&#8221; Itin dr\u0117kinantis serumas, suteikiantis mink\u0161tesn\u0119, glotnesn\u0119 ir jaunatvi\u0161kesn\u0119&nbsp;i\u0161vaizd\u0105 30 ml \u212e 1 fl. oz. Ma\u017emenin\u0117 kaina00.00 \u20ac VIP kliento kaina00.00 \u20ac Nor\u0117dami su\u017einoti daugiau apie \u201eMONAT Hydration Booster\u2122&#8221;, pasikalb\u0117kite su savo \u201eMONAT Market Partner&#8221;. Naudos \u0160is aliejaus sud\u0117tyje neturintis, dr\u0117kinantis serumas u\u017etikrina nat\u016bral\u0173 odos dr\u0117gm\u0117s&nbsp;balans\u0105. Koncentruot\u0173 gryn\u0173j\u0173 hialurono&hellip;<\/p>\n","protected":false},"author":31,"featured_media":69234,"parent":0,"menu_order":0,"comment_status":"closed","ping_status":"closed","template":"","meta":{"inline_featured_image":false,"om_disable_all_campaigns":false,"_monsterinsights_skip_tracking":false,"_monsterinsights_sitenote_active":false,"_monsterinsights_sitenote_note":"","_monsterinsights_sitenote_category":0,"footnotes":""},"categories":[32],"tags":[],"class_list":["post-65603","page","type-page","status-publish","has-post-thumbnail","hentry","category-product-lt"],"aioseo_notices":[],"aioseo_head":"\n\t\t<!-- All in One SEO Pro 4.9.6 - aioseo.com -->\n\t<meta name=\"description\" content=\"--&gt;\" \/>\n\t<meta name=\"robots\" content=\"max-image-preview:large\" \/>\n\t<link rel=\"canonical\" href=\"https:\/\/monatglobal.com\/lt\/hyaluronic-serum\/\" \/>\n\t<meta name=\"generator\" content=\"All in One SEO Pro (AIOSEO) 4.9.6\" \/>\n\t\t<meta property=\"og:locale\" content=\"lt_LT\" \/>\n\t\t<meta property=\"og:site_name\" content=\"MONAT Lithuania -\" \/>\n\t\t<meta property=\"og:type\" content=\"article\" \/>\n\t\t<meta property=\"og:title\" content=\"\u201eMONAT Hydration Booster\u2122\u201c | Tobulas sausos odos dr\u0117kinimas - MONAT Lithuania\" \/>\n\t\t<meta property=\"og:description\" content=\"--&gt;\" \/>\n\t\t<meta property=\"og:url\" content=\"https:\/\/monatglobal.com\/lt\/hyaluronic-serum\/\" \/>\n\t\t<meta property=\"article:published_time\" content=\"2022-01-17T09:00:44+00:00\" \/>\n\t\t<meta property=\"article:modified_time\" content=\"2026-02-20T21:46:21+00:00\" \/>\n\t\t<meta name=\"twitter:card\" content=\"summary_large_image\" \/>\n\t\t<meta name=\"twitter:title\" content=\"\u201eMONAT Hydration Booster\u2122\u201c | Tobulas sausos odos dr\u0117kinimas - MONAT Lithuania\" \/>\n\t\t<meta name=\"twitter:description\" content=\"--&gt;\" \/>\n\t\t<script type=\"application\/ld+json\" class=\"aioseo-schema\">\n\t\t\t{\"@context\":\"https:\\\/\\\/schema.org\",\"@graph\":[{\"@type\":\"BreadcrumbList\",\"@id\":\"https:\\\/\\\/monatglobal.com\\\/lt\\\/hyaluronic-serum\\\/#breadcrumblist\",\"itemListElement\":[{\"@type\":\"ListItem\",\"@id\":\"https:\\\/\\\/monatglobal.com\\\/lt#listItem\",\"position\":1,\"name\":\"Home\",\"item\":\"https:\\\/\\\/monatglobal.com\\\/lt\",\"nextItem\":{\"@type\":\"ListItem\",\"@id\":\"https:\\\/\\\/monatglobal.com\\\/lt\\\/hyaluronic-serum\\\/#listItem\",\"name\":\"\\u201eMONAT Hydration Booster\\u2122\\u201c &#124; Tobulas sausos odos dr\\u0117kinimas\"}},{\"@type\":\"ListItem\",\"@id\":\"https:\\\/\\\/monatglobal.com\\\/lt\\\/hyaluronic-serum\\\/#listItem\",\"position\":2,\"name\":\"\\u201eMONAT Hydration Booster\\u2122\\u201c &#124; Tobulas sausos odos dr\\u0117kinimas\",\"previousItem\":{\"@type\":\"ListItem\",\"@id\":\"https:\\\/\\\/monatglobal.com\\\/lt#listItem\",\"name\":\"Home\"}}]},{\"@type\":\"Organization\",\"@id\":\"https:\\\/\\\/monatglobal.com\\\/lt\\\/#organization\",\"name\":\"MONAT Lithuania\",\"url\":\"https:\\\/\\\/monatglobal.com\\\/lt\\\/\"},{\"@type\":\"WebPage\",\"@id\":\"https:\\\/\\\/monatglobal.com\\\/lt\\\/hyaluronic-serum\\\/#webpage\",\"url\":\"https:\\\/\\\/monatglobal.com\\\/lt\\\/hyaluronic-serum\\\/\",\"name\":\"\\u201eMONAT Hydration Booster\\u2122\\u201c | Tobulas sausos odos dr\\u0117kinimas - MONAT Lithuania\",\"description\":\"-->\",\"inLanguage\":\"lt-LT\",\"isPartOf\":{\"@id\":\"https:\\\/\\\/monatglobal.com\\\/lt\\\/#website\"},\"breadcrumb\":{\"@id\":\"https:\\\/\\\/monatglobal.com\\\/lt\\\/hyaluronic-serum\\\/#breadcrumblist\"},\"image\":{\"@type\":\"ImageObject\",\"url\":\"https:\\\/\\\/monatglobal.com\\\/lt\\\/wp-content\\\/uploads\\\/sites\\\/11\\\/2021\\\/11\\\/Hydration-Booster-Hyaluronic-Serum-Plus_ecomm-1.png.webp\",\"@id\":\"https:\\\/\\\/monatglobal.com\\\/lt\\\/hyaluronic-serum\\\/#mainImage\",\"width\":641,\"height\":800},\"primaryImageOfPage\":{\"@id\":\"https:\\\/\\\/monatglobal.com\\\/lt\\\/hyaluronic-serum\\\/#mainImage\"},\"datePublished\":\"2022-01-17T09:00:44+00:00\",\"dateModified\":\"2026-02-20T21:46:21+00:00\"},{\"@type\":\"WebSite\",\"@id\":\"https:\\\/\\\/monatglobal.com\\\/lt\\\/#website\",\"url\":\"https:\\\/\\\/monatglobal.com\\\/lt\\\/\",\"name\":\"MONAT Lithuania\",\"inLanguage\":\"lt-LT\",\"publisher\":{\"@id\":\"https:\\\/\\\/monatglobal.com\\\/lt\\\/#organization\"}}]}\n\t\t<\/script>\n\t\t<!-- All in One SEO Pro -->\r\n\t\t<title>\u201eMONAT Hydration Booster\u2122\u201c | Tobulas sausos odos dr\u0117kinimas - MONAT Lithuania<\/title>\n\n","aioseo_head_json":{"title":"\u201eMONAT Hydration Booster\u2122\u201c | Tobulas sausos odos dr\u0117kinimas - MONAT Lithuania","description":"-->","canonical_url":"https:\/\/monatglobal.com\/lt\/hyaluronic-serum\/","robots":"max-image-preview:large","keywords":"","webmasterTools":{"miscellaneous":""},"schema":{"@context":"https:\/\/schema.org","@graph":[{"@type":"BreadcrumbList","@id":"https:\/\/monatglobal.com\/lt\/hyaluronic-serum\/#breadcrumblist","itemListElement":[{"@type":"ListItem","@id":"https:\/\/monatglobal.com\/lt#listItem","position":1,"name":"Home","item":"https:\/\/monatglobal.com\/lt","nextItem":{"@type":"ListItem","@id":"https:\/\/monatglobal.com\/lt\/hyaluronic-serum\/#listItem","name":"\u201eMONAT Hydration Booster\u2122\u201c &#124; Tobulas sausos odos dr\u0117kinimas"}},{"@type":"ListItem","@id":"https:\/\/monatglobal.com\/lt\/hyaluronic-serum\/#listItem","position":2,"name":"\u201eMONAT Hydration Booster\u2122\u201c &#124; Tobulas sausos odos dr\u0117kinimas","previousItem":{"@type":"ListItem","@id":"https:\/\/monatglobal.com\/lt#listItem","name":"Home"}}]},{"@type":"Organization","@id":"https:\/\/monatglobal.com\/lt\/#organization","name":"MONAT Lithuania","url":"https:\/\/monatglobal.com\/lt\/"},{"@type":"WebPage","@id":"https:\/\/monatglobal.com\/lt\/hyaluronic-serum\/#webpage","url":"https:\/\/monatglobal.com\/lt\/hyaluronic-serum\/","name":"\u201eMONAT Hydration Booster\u2122\u201c | Tobulas sausos odos dr\u0117kinimas - MONAT Lithuania","description":"-->","inLanguage":"lt-LT","isPartOf":{"@id":"https:\/\/monatglobal.com\/lt\/#website"},"breadcrumb":{"@id":"https:\/\/monatglobal.com\/lt\/hyaluronic-serum\/#breadcrumblist"},"image":{"@type":"ImageObject","url":"https:\/\/monatglobal.com\/lt\/wp-content\/uploads\/sites\/11\/2021\/11\/Hydration-Booster-Hyaluronic-Serum-Plus_ecomm-1.png.webp","@id":"https:\/\/monatglobal.com\/lt\/hyaluronic-serum\/#mainImage","width":641,"height":800},"primaryImageOfPage":{"@id":"https:\/\/monatglobal.com\/lt\/hyaluronic-serum\/#mainImage"},"datePublished":"2022-01-17T09:00:44+00:00","dateModified":"2026-02-20T21:46:21+00:00"},{"@type":"WebSite","@id":"https:\/\/monatglobal.com\/lt\/#website","url":"https:\/\/monatglobal.com\/lt\/","name":"MONAT Lithuania","inLanguage":"lt-LT","publisher":{"@id":"https:\/\/monatglobal.com\/lt\/#organization"}}]},"og:locale":"lt_LT","og:site_name":"MONAT Lithuania -","og:type":"article","og:title":"\u201eMONAT Hydration Booster\u2122\u201c | Tobulas sausos odos dr\u0117kinimas - MONAT Lithuania","og:description":"--&gt;","og:url":"https:\/\/monatglobal.com\/lt\/hyaluronic-serum\/","article:published_time":"2022-01-17T09:00:44+00:00","article:modified_time":"2026-02-20T21:46:21+00:00","twitter:card":"summary_large_image","twitter:title":"\u201eMONAT Hydration Booster\u2122\u201c | Tobulas sausos odos dr\u0117kinimas - MONAT Lithuania","twitter:description":"--&gt;"},"aioseo_meta_data":{"post_id":"65603","title":null,"description":null,"keywords":null,"keyphrases":{"focus":{"keyphrase":"","score":0,"analysis":{"keyphraseInTitle":{"score":0,"maxScore":9,"error":1}}},"additional":[]},"primary_term":null,"canonical_url":null,"og_title":null,"og_description":null,"og_object_type":"default","og_image_type":"default","og_image_url":null,"og_image_width":null,"og_image_height":null,"og_image_custom_url":null,"og_image_custom_fields":null,"og_video":"","og_custom_url":null,"og_article_section":null,"og_article_tags":null,"twitter_use_og":false,"twitter_card":"default","twitter_image_type":"default","twitter_image_url":null,"twitter_image_custom_url":null,"twitter_image_custom_fields":null,"twitter_title":null,"twitter_description":null,"schema":{"blockGraphs":[],"customGraphs":[],"default":{"data":{"Article":[],"Course":[],"Dataset":[],"FAQPage":[],"Movie":[],"Person":[],"Product":[],"ProductReview":[],"Car":[],"Recipe":[],"Service":[],"SoftwareApplication":[],"WebPage":[]},"graphName":"WebPage","isEnabled":true},"graphs":[]},"schema_type":"default","schema_type_options":null,"pillar_content":false,"robots_default":true,"robots_noindex":false,"robots_noarchive":false,"robots_nosnippet":false,"robots_nofollow":false,"robots_noimageindex":false,"robots_noodp":false,"robots_notranslate":false,"robots_max_snippet":"-1","robots_max_videopreview":"-1","robots_max_imagepreview":"large","priority":null,"frequency":"default","local_seo":null,"seo_analyzer_scan_date":"2026-02-23 13:56:59","breadcrumb_settings":null,"limit_modified_date":false,"reviewed_by":"0","open_ai":null,"ai":{"faqs":[],"keyPoints":[],"titles":[],"descriptions":[],"socialPosts":{"email":[],"linkedin":[],"twitter":[],"facebook":[],"instagram":[]}},"created":"2023-07-26 19:17:18","updated":"2026-02-23 13:56:59"},"aioseo_breadcrumb":"<div class=\"aioseo-breadcrumbs\"><span class=\"aioseo-breadcrumb\">\n\t<a href=\"https:\/\/monatglobal.com\/lt\" title=\"Home\">Home<\/a>\n<\/span><span class=\"aioseo-breadcrumb-separator\">&raquo;<\/span><span class=\"aioseo-breadcrumb\">\n\t\u201eMONAT Hydration Booster\u2122\u201c | Tobulas sausos odos dr\u0117kinimas\n<\/span><\/div>","aioseo_breadcrumb_json":[{"label":"Home","link":"https:\/\/monatglobal.com\/lt"},{"label":"\u201eMONAT Hydration Booster\u2122\u201c &#124; Tobulas sausos odos dr\u0117kinimas","link":"https:\/\/monatglobal.com\/lt\/hyaluronic-serum\/"}],"_links":{"self":[{"href":"https:\/\/monatglobal.com\/lt\/wp-json\/wp\/v2\/pages\/65603","targetHints":{"allow":["GET"]}}],"collection":[{"href":"https:\/\/monatglobal.com\/lt\/wp-json\/wp\/v2\/pages"}],"about":[{"href":"https:\/\/monatglobal.com\/lt\/wp-json\/wp\/v2\/types\/page"}],"author":[{"embeddable":true,"href":"https:\/\/monatglobal.com\/lt\/wp-json\/wp\/v2\/users\/31"}],"replies":[{"embeddable":true,"href":"https:\/\/monatglobal.com\/lt\/wp-json\/wp\/v2\/comments?post=65603"}],"version-history":[{"count":21,"href":"https:\/\/monatglobal.com\/lt\/wp-json\/wp\/v2\/pages\/65603\/revisions"}],"predecessor-version":[{"id":109251,"href":"https:\/\/monatglobal.com\/lt\/wp-json\/wp\/v2\/pages\/65603\/revisions\/109251"}],"wp:featuredmedia":[{"embeddable":true,"href":"https:\/\/monatglobal.com\/lt\/wp-json\/wp\/v2\/media\/69234"}],"wp:attachment":[{"href":"https:\/\/monatglobal.com\/lt\/wp-json\/wp\/v2\/media?parent=65603"}],"wp:term":[{"taxonomy":"category","embeddable":true,"href":"https:\/\/monatglobal.com\/lt\/wp-json\/wp\/v2\/categories?post=65603"},{"taxonomy":"post_tag","embeddable":true,"href":"https:\/\/monatglobal.com\/lt\/wp-json\/wp\/v2\/tags?post=65603"}],"curies":[{"name":"wp","href":"https:\/\/api.w.org\/{rel}","templated":true}]}}