{"id":65406,"date":"2021-11-15T08:45:00","date_gmt":"2021-11-15T08:45:00","guid":{"rendered":"https:\/\/monatglobal.com\/lt\/?page_id=65406"},"modified":"2026-02-23T14:46:20","modified_gmt":"2026-02-23T14:46:20","slug":"body-wash","status":"publish","type":"page","link":"https:\/\/monatglobal.com\/lt\/body-wash\/","title":{"rendered":"K\u016bno prausiklis &#124; Dr\u0117kinamasis ir maitinamasis k\u016bno prausiklis &#124; \u201eMONAT\u201c odos prie\u017ei\u016bra"},"content":{"rendered":"\n<link rel=\"stylesheet\" href=\"https:\/\/unpkg.com\/swiper\/swiper-bundle.min.css\">\n<link rel=\"stylesheet\" href=\"https:\/\/monatglobal.com\/wp-content\/creative_css\/product_styles_sheet.css\">\n   <!--==================================================== ECOMM SECTION ====================================================-->\n   <p>BESTSELERIAI<\/p>\n      <!--==================================================== Ecomm image ====================================================-->\n      <img decoding=\"async\" src=\"https:\/\/monatglobal.com\/wp-content\/uploads\/2021\/08\/Moistturizw-replenish-body-wash-ecomm.png\" alt=\"Gel de ba\u00f1o Hidrata y Recupera MONAT BODY CARE\u2122\" loading=\"lazy\">\n      <!--==================================================== Ecomm information  ====================================================-->\n         <p>BESTSELERIAI<\/p>\n         <p>\u201eMONAT BODY CARE\u2122&#8221; <\/p>\n         <h1>Dr\u0117kinamasis  ir maitinamasis k\u016bno prausiklis<\/h1>\n         \n         <p>Gaivinantis k\u016bno prausiklis, kuris palieka od\u0105 \u0161velni\u0105, elasting\u0105 ir&nbsp;papildyt\u0105.<\/p>\n         <p>267 ml \u212e 9 fl. oz.<\/p>\n        <!--==================================================== pricing box  ====================================================-->\n         <p>Ma\u017emenin\u0117 kaina<br>00.00 \u20ac<\/p>\n         <p>VIP kliento kaina<br>00.00 \u20ac<\/p>\n        <!--==================================================== pricing box  ====================================================-->\n         Nor\u0117dami su\u017einoti daugiau apie \n            \u201eMONAT BODY CARE\u2122&#8221; dr\u0117kinamasis ir maitinamasis k\u016bno prausiklis, pasikalb\u0117kite su savo\u201eMONAT Market&nbsp;Partner&#8221;.\n          <a href=\"\" target=\"_blank\" role=\"button\" aria-label=\"\" rel=\"noopener\"><\/a>\n   <!--==================================================== \/ECOMM SECTION  ====================================================-->\n   <!--==================================================== Benefits image ====================================================-->\n   \n      <source media=\"(max-width: 700px)\" srcset=\"https:\/\/monatglobal.com\/wp-content\/uploads\/2021\/09\/Moisturize-Replenish-Body-Wash-benefits_mobile.jpg\" loading=\"lazy\">\n      <img decoding=\"async\" alt=\"Frontal closeup of a caucassian woman's body features. She smiles while holding MONAT's Moisturize &amp; Replenish Body Wash.\" src=\"https:\/\/monatglobal.com\/wp-content\/uploads\/2021\/09\/Moisturize-Replenish-Body-Wash-benefits-.jpg\" loading=\"lazy\">\n   \n   <!--==================================================== Benefits text ====================================================-->\n         <h2>NAUDOS<\/h2>\n         <h3>\u0160i maitinanti formul\u0117 \u0161velniai valo, tuo pa\u010diu suteikdama ilgai i\u0161liekan\u010di\u0105 dr\u0117gm\u0119, padedan\u010di\u0105 i\u0161gydyti&nbsp;i\u0161saus\u0117jim\u0105. <\/h3>\n         <p>Sud\u0117tyje yra nat\u016brali\u0173 veikli\u0173j\u0173 med\u017eiag\u0173, kurios dr\u0117kina nepalikdamos liku\u010di\u0173. Oda lieka mink\u0161ta ir lygi nuo galvos iki koj\u0173 pir\u0161t\u0173&nbsp;galiuk\u0173.<\/p>\n         <!--==================================================== features image  ====================================================-->\n         <img decoding=\"async\" alt=\"MONAT's Moisturize &amp; Replenish Body Wash lays centered over a solid peach color background exhibiting its main ingredients such as rose \n         petals &amp; oils ornamenting the main product. \" src=\"https:\/\/monatglobal.com\/wp-content\/uploads\/2021\/09\/Moisturize-Replenish-Body-Wash-Features-.jpg\" loading=\"lazy\">\n      <!--==================================================== features text ====================================================-->\n            <h3>Raminanti du\u0161o&nbsp;galia.<\/h3>\n               <p>\/ \u0160velniai valo nepa\u017eeisdamas ir nesausindamas&nbsp;odos<\/p>\n               <p>\/ Akimirksniu sudr\u0117kina, nuramina, papildo ir maitina&nbsp;od\u0105  <\/p>\n               \/ Dr\u0117kina iki 24&nbsp;valand\u0173 \n               <p>\/ Suteikia odai malon\u0173, raminant\u012f&nbsp;poj\u016bt\u012f<\/p>\n               <p>\/ \u0160variai nuplauna, oda tampa \u0161velni ir&nbsp;elastinga<\/p>\n               <br>\n            <p>Kvapas  \/ Bij\u016bnas ir ro\u017einis pipiras<\/p>\n            <p> Tekst\u016bra  \/ Lengvai \u012fsigeriantis gelis<\/p>\n   <!--==================================================== composition image mobile ====================================================-->\n   <img decoding=\"async\" alt=\"MONAT's Moisturize &amp; Replenish Body Wash being upheld by a woman's hand covered in bath foam, \n   showcasing the product's aesthetics and texture.\" src=\"https:\/\/monatglobal.com\/wp-content\/uploads\/2021\/09\/comp1-Moisturize-Replenish-Body-Wash-.jpg\" loading=\"lazy\">\n   <!--==================================================== Why it works text ====================================================-->\n      <h2>Giliai dr\u0117kina ir maitina, atskleisdamas gra\u017ei\u0105, sveikai atrodan\u010di\u0105&nbsp;od\u0105.<\/h2>\n      <h3>Pasilepinkite naudodami \u0161\u012f nauj\u0105 dr\u0117kinant\u012f&nbsp;prausikl\u012f. <\/h3>\n      Gaivinantys g\u0117li\u0173 ekstraktai mink\u0161tina ir ramina saus\u0105 od\u0105, o \u201eREJUVENIQE S\u2122&#8221; ir burok\u0117li\u0173 ekstraktas padeda j\u0105 pamaitinti ir papildyti. \n      Oda tampa sudr\u0117kinta ir \u0161vari, bet&nbsp;nepa\u017eeista.\n<!--==================================================== Composition section ====================================================-->\n      <img decoding=\"async\" alt=\"MONAT's Moisturize &amp; Replenish Body Wash being upheld by a woman's hand covered in bath foam, showcasing the \n      product's aesthetics and texture.\" src=\"https:\/\/monatglobal.com\/wp-content\/uploads\/2021\/09\/comp1_Moisturize-Replenish-Body-Wash-.jpg\" loading=\"lazy\">\n      <img decoding=\"async\" alt=\"Closeup of an african-american woman's shoulder. This picture is intended to show its enhancing results after treatment.\" src=\"https:\/\/monatglobal.com\/wp-content\/uploads\/2021\/09\/comp3-Moisturize-Replenish-Body_Wash.jpg\" loading=\"lazy\">\n            <!--==================================================== Directions text ====================================================--> \n               <h3>NAUDOJIMAS<\/h3>\n               <p>\/ Tepkite ant dr\u0117gnos k\u016bno odos.<\/p>\n               <p>\/ Masa\u017euokite kol suputos ir nuskalaukite.<\/p>\n               <p>\/ Toliau naudokite \u201eMONAT BODY CARE\u2122&#8221; kasdien\u0119 priemon\u0119.<\/p>\n            <!--==================================================== Directions video ====================================================-->\n      <p>\u201eMONAT BODY CARE\u2122&#8221; <br>dr\u0117kinamasis ir maitinamasis k\u016bno prausiklis<br>1:34<\/p>\n      <a href=\"\" target=\"_blank\" role=\"button\" aria-label=\"\" rel=\"noopener\"><\/a>\n   <!--==================================================== Ingredients section  ====================================================-->\n      <h2>PAGRINDIN\u0116S SUDEDAMOSIOS DALYS<\/h2>\n               <p>\u201eREJUVATERIC AMS\u2122&#8221;<\/p>\n               <p>\u201eREJUVENIQE S\u2122&#8221;<\/p>\n               <p>Glikolio r\u016bg\u0161tis<\/p>\n               <p>Niacinamidai<\/p>\n               <p>Fruktooligosacharidai<\/p>\n               <p>Ro\u017ei\u0173 vanduo<\/p>\n        <button id=\"myBtn\" type=\"button\">SUDEDAM\u0172J\u0172 DALI\u0172 S\u0104RA\u0160AS<\/button>\n      <!--==================================================== Modal content  ====================================================-->\n         \u00d7\n         Aqua\/Water\/Eau, Sodium Lauroyl Methyl Isethionate, Cocamidopropyl Betaine, Sodium Methyl Oleoyl Taurate, Sodium Cocoyl \n         Isethionate, Fragrance\/Parfum, Propanediol, Rosa Damascena Flower Water, Beta Vulgaris (Beet) Root Extract \/Beta Vulgaris\/Extrait de \n         racine de betterave, Fructooligosaccharides, Adansonia Digitata Oil, Caryocar Brasiliense Fruit Oil, Cocos Nucifera (Coconut) Oil, \n         Gardenia Taitensis Flower Extract, Helianthus Annuus (Sunflower) Seed Oil, Mauritia Flexuosa Fruit Oil, Moringa Oleifera Seed Oil, \n         Simmondsia Chinensis (Jojoba) Seed Extract, Citrus Aurantifolia (Lime) Oil, Citrus Aurantium Bergamia (Bergamot) Fruit Oil, Camellia \n         Oleifera Seed Oil, Olea Europaea (Olive) Fruit Oil, Citrus Limon (Lemon) Peel Oil, Daucus Carota Sativa (Carrot) Seed Oil, Solanum \n         Lycopersicum (Tomato) Seed Oil, Crambe Abyssinica Seed Oil, Tocopherol, Limnanthes Alba (Meadowfoam) Seed Oil, Lactic Acid, Citric \n         Acid, Potassium Lactate, Sodium Chloride, Glycolic Acid, Trisodium Ethylenediamine Disuccinate, Polyquaternium-7, Ethylhexylglycerin, \n         Niacinamide, Polyquaternium-10, Cocamidopropyl Dimethylamine, Cocamidopropyl Hydroxysultaine, Glycerin, Abyssinian \/Meadowfoamamidopropyl \n         Hydroxysultaine, Potassium Sorbate, Sodium Benzoate, Benzyl Alcohol.\n   <!--==================================================== You might also like section ====================================================-->\n      <h2>JUMS TAIP PAT GALI PATIKTI<\/h2>\n      <!--==================================================== Slider YOU MIGHT ALSO LIKE ====================================================-->\n      <!---->\n      <!--   -->\n            <!--==================================================== Slides products ====================================================-->\n      <!--      -->\n      <!--         <a href=\"\/lt\/body-hydrate-serum\/\" aria-label=\"Go to \u201eMONAT BODY CARE\u2122\" dr\u0117kinantis ir atkuriantis k\u016bno serumas page\">-->\n      <!--            <img decoding=\"async\" src=\"https:\/\/monatglobal.com\/wp-content\/uploads\/2022\/12\/HYDRATE-REPAIR-BODY-SERUM-ecomm-min.png\" alt=\"\u201eMONAT BODY CARE\u2122\" dr\u0117kinantis ir atkuriantis k\u016bno serumas\" loading=\"lazy\"\/>-->\n      <!--            <p>\u201eMONAT BODY CARE\u2122\" <br \/>dr\u0117kinantis ir atkuriantis k\u016bno serumas<\/p>-->\n      <!--         <\/a>-->\n      <!--      -->\n      <!--      -->\n      <!--         <a href=\"\/lt\/body-lotion\/\" aria-label=\"Go to \u201eMONAT BODY CARE\u2122\" glotninantis ir atnaujinantis k\u016bno losjonas page\">-->\n      <!--            <img decoding=\"async\" src=\"https:\/\/monatglobal.com\/wp-content\/uploads\/2022\/12\/SMOOTH-RENEW-BODY-LOTION-ecomm-1-min.png\" alt=\"\u201eMONAT BODY CARE\u2122\" glotninantis ir atnaujinantis k\u016bno losjonas\" loading=\"lazy\"\/>-->\n      <!--            <p>\u201eMONAT BODY CARE\u2122\" glotninantis ir atnaujinantis k\u016bno losjonas<\/p>-->\n      <!--         <\/a>-->\n      <!--      -->\n      <!--      -->\n      <!--         <a href=\"\/lt\/hand-cream\/\" aria-label=\"Go to \u201eMONAT BODY CARE\u2122\" \u0161ilkinis ir raminantis rank\u0173 kremas page\">-->\n      <!--            <img decoding=\"async\" src=\"https:\/\/monatglobal.com\/wp-content\/uploads\/2022\/12\/SILKY-SOOTHING-HAND-CREAM-ecomm-min.png\" alt=\"\u201eMONAT BODY CARE\u2122\" \u0161ilkinis ir raminantis rank\u0173 kremas\" loading=\"lazy\"\/>-->\n      <!--            <p>\u201eMONAT BODY CARE\u2122\" \u0161ilkinis ir raminantis rank\u0173 kremas<\/p>-->\n      <!--         <\/a>-->\n      <!--      -->\n      <!--   -->\n         <!--==================================================== If we need navigation buttons  ====================================================-->\n      <!--   -->\n      <!--   -->\n         <!--==================================================== If we need paginations  ====================================================-->\n      <!--   -->\n      <!---->\n         <!--==================================================== If we need navigation buttons  ====================================================-->\n         <!--==================================================== If we need paginations  ====================================================-->\n    <a href=\"\" aria-label=\"\"><\/a>\n<!--==================================================== this link has to go last for it to work   ====================================================-->\n","protected":false},"excerpt":{"rendered":"<p>BESTSELERIAI BESTSELERIAI \u201eMONAT BODY CARE\u2122&#8221; Dr\u0117kinamasis ir maitinamasis k\u016bno prausiklis Gaivinantis k\u016bno prausiklis, kuris palieka od\u0105 \u0161velni\u0105, elasting\u0105 ir&nbsp;papildyt\u0105. 267 ml \u212e 9 fl. oz. Ma\u017emenin\u0117 kaina00.00 \u20ac VIP kliento kaina00.00 \u20ac Nor\u0117dami su\u017einoti daugiau apie \u201eMONAT BODY CARE\u2122&#8221; dr\u0117kinamasis ir maitinamasis k\u016bno prausiklis, pasikalb\u0117kite su savo\u201eMONAT Market&nbsp;Partner&#8221;. NAUDOS \u0160i maitinanti formul\u0117 \u0161velniai valo, tuo&hellip;<\/p>\n","protected":false},"author":31,"featured_media":69159,"parent":0,"menu_order":0,"comment_status":"closed","ping_status":"closed","template":"","meta":{"inline_featured_image":false,"om_disable_all_campaigns":false,"_monsterinsights_skip_tracking":false,"_monsterinsights_sitenote_active":false,"_monsterinsights_sitenote_note":"","_monsterinsights_sitenote_category":0,"footnotes":""},"categories":[32],"tags":[],"class_list":["post-65406","page","type-page","status-publish","has-post-thumbnail","hentry","category-product-lt"],"aioseo_notices":[],"aioseo_head":"\n\t\t<!-- All in One SEO Pro 4.9.6 - aioseo.com -->\n\t<meta name=\"description\" content=\"BESTSELERIAI --&gt;\" \/>\n\t<meta name=\"robots\" content=\"max-image-preview:large\" \/>\n\t<link rel=\"canonical\" href=\"https:\/\/monatglobal.com\/lt\/body-wash\/\" \/>\n\t<meta name=\"generator\" content=\"All in One SEO Pro (AIOSEO) 4.9.6\" \/>\n\t\t<meta property=\"og:locale\" content=\"lt_LT\" \/>\n\t\t<meta property=\"og:site_name\" content=\"MONAT Lithuania -\" \/>\n\t\t<meta property=\"og:type\" content=\"article\" \/>\n\t\t<meta property=\"og:title\" content=\"K\u016bno prausiklis | Dr\u0117kinamasis ir maitinamasis k\u016bno prausiklis | \u201eMONAT\u201c odos prie\u017ei\u016bra - MONAT Lithuania\" \/>\n\t\t<meta property=\"og:description\" content=\"BESTSELERIAI --&gt;\" \/>\n\t\t<meta property=\"og:url\" content=\"https:\/\/monatglobal.com\/lt\/body-wash\/\" \/>\n\t\t<meta property=\"article:published_time\" content=\"2021-11-15T08:45:00+00:00\" \/>\n\t\t<meta property=\"article:modified_time\" content=\"2026-02-23T14:46:20+00:00\" \/>\n\t\t<meta name=\"twitter:card\" content=\"summary_large_image\" \/>\n\t\t<meta name=\"twitter:title\" content=\"K\u016bno prausiklis | Dr\u0117kinamasis ir maitinamasis k\u016bno prausiklis | \u201eMONAT\u201c odos prie\u017ei\u016bra - MONAT Lithuania\" \/>\n\t\t<meta name=\"twitter:description\" content=\"BESTSELERIAI --&gt;\" \/>\n\t\t<script type=\"application\/ld+json\" class=\"aioseo-schema\">\n\t\t\t{\"@context\":\"https:\\\/\\\/schema.org\",\"@graph\":[{\"@type\":\"BreadcrumbList\",\"@id\":\"https:\\\/\\\/monatglobal.com\\\/lt\\\/body-wash\\\/#breadcrumblist\",\"itemListElement\":[{\"@type\":\"ListItem\",\"@id\":\"https:\\\/\\\/monatglobal.com\\\/lt#listItem\",\"position\":1,\"name\":\"Home\",\"item\":\"https:\\\/\\\/monatglobal.com\\\/lt\",\"nextItem\":{\"@type\":\"ListItem\",\"@id\":\"https:\\\/\\\/monatglobal.com\\\/lt\\\/body-wash\\\/#listItem\",\"name\":\"K\\u016bno prausiklis &#124; Dr\\u0117kinamasis ir maitinamasis k\\u016bno prausiklis &#124; \\u201eMONAT\\u201c odos prie\\u017ei\\u016bra\"}},{\"@type\":\"ListItem\",\"@id\":\"https:\\\/\\\/monatglobal.com\\\/lt\\\/body-wash\\\/#listItem\",\"position\":2,\"name\":\"K\\u016bno prausiklis &#124; Dr\\u0117kinamasis ir maitinamasis k\\u016bno prausiklis &#124; \\u201eMONAT\\u201c odos prie\\u017ei\\u016bra\",\"previousItem\":{\"@type\":\"ListItem\",\"@id\":\"https:\\\/\\\/monatglobal.com\\\/lt#listItem\",\"name\":\"Home\"}}]},{\"@type\":\"Organization\",\"@id\":\"https:\\\/\\\/monatglobal.com\\\/lt\\\/#organization\",\"name\":\"MONAT Lithuania\",\"url\":\"https:\\\/\\\/monatglobal.com\\\/lt\\\/\"},{\"@type\":\"WebPage\",\"@id\":\"https:\\\/\\\/monatglobal.com\\\/lt\\\/body-wash\\\/#webpage\",\"url\":\"https:\\\/\\\/monatglobal.com\\\/lt\\\/body-wash\\\/\",\"name\":\"K\\u016bno prausiklis | Dr\\u0117kinamasis ir maitinamasis k\\u016bno prausiklis | \\u201eMONAT\\u201c odos prie\\u017ei\\u016bra - MONAT Lithuania\",\"description\":\"BESTSELERIAI -->\",\"inLanguage\":\"lt-LT\",\"isPartOf\":{\"@id\":\"https:\\\/\\\/monatglobal.com\\\/lt\\\/#website\"},\"breadcrumb\":{\"@id\":\"https:\\\/\\\/monatglobal.com\\\/lt\\\/body-wash\\\/#breadcrumblist\"},\"image\":{\"@type\":\"ImageObject\",\"url\":\"https:\\\/\\\/monatglobal.com\\\/lt\\\/wp-content\\\/uploads\\\/sites\\\/11\\\/2021\\\/10\\\/Moistturizw-replenish-body-wash-ecomm-1.png\",\"@id\":\"https:\\\/\\\/monatglobal.com\\\/lt\\\/body-wash\\\/#mainImage\",\"width\":641,\"height\":800},\"primaryImageOfPage\":{\"@id\":\"https:\\\/\\\/monatglobal.com\\\/lt\\\/body-wash\\\/#mainImage\"},\"datePublished\":\"2021-11-15T08:45:00+00:00\",\"dateModified\":\"2026-02-23T14:46:20+00:00\"},{\"@type\":\"WebSite\",\"@id\":\"https:\\\/\\\/monatglobal.com\\\/lt\\\/#website\",\"url\":\"https:\\\/\\\/monatglobal.com\\\/lt\\\/\",\"name\":\"MONAT Lithuania\",\"inLanguage\":\"lt-LT\",\"publisher\":{\"@id\":\"https:\\\/\\\/monatglobal.com\\\/lt\\\/#organization\"}}]}\n\t\t<\/script>\n\t\t<!-- All in One SEO Pro -->\r\n\t\t<title>K\u016bno prausiklis | Dr\u0117kinamasis ir maitinamasis k\u016bno prausiklis | \u201eMONAT\u201c odos prie\u017ei\u016bra - MONAT Lithuania<\/title>\n\n","aioseo_head_json":{"title":"K\u016bno prausiklis | Dr\u0117kinamasis ir maitinamasis k\u016bno prausiklis | \u201eMONAT\u201c odos prie\u017ei\u016bra - MONAT Lithuania","description":"BESTSELERIAI -->","canonical_url":"https:\/\/monatglobal.com\/lt\/body-wash\/","robots":"max-image-preview:large","keywords":"","webmasterTools":{"miscellaneous":""},"schema":{"@context":"https:\/\/schema.org","@graph":[{"@type":"BreadcrumbList","@id":"https:\/\/monatglobal.com\/lt\/body-wash\/#breadcrumblist","itemListElement":[{"@type":"ListItem","@id":"https:\/\/monatglobal.com\/lt#listItem","position":1,"name":"Home","item":"https:\/\/monatglobal.com\/lt","nextItem":{"@type":"ListItem","@id":"https:\/\/monatglobal.com\/lt\/body-wash\/#listItem","name":"K\u016bno prausiklis &#124; Dr\u0117kinamasis ir maitinamasis k\u016bno prausiklis &#124; \u201eMONAT\u201c odos prie\u017ei\u016bra"}},{"@type":"ListItem","@id":"https:\/\/monatglobal.com\/lt\/body-wash\/#listItem","position":2,"name":"K\u016bno prausiklis &#124; Dr\u0117kinamasis ir maitinamasis k\u016bno prausiklis &#124; \u201eMONAT\u201c odos prie\u017ei\u016bra","previousItem":{"@type":"ListItem","@id":"https:\/\/monatglobal.com\/lt#listItem","name":"Home"}}]},{"@type":"Organization","@id":"https:\/\/monatglobal.com\/lt\/#organization","name":"MONAT Lithuania","url":"https:\/\/monatglobal.com\/lt\/"},{"@type":"WebPage","@id":"https:\/\/monatglobal.com\/lt\/body-wash\/#webpage","url":"https:\/\/monatglobal.com\/lt\/body-wash\/","name":"K\u016bno prausiklis | Dr\u0117kinamasis ir maitinamasis k\u016bno prausiklis | \u201eMONAT\u201c odos prie\u017ei\u016bra - MONAT Lithuania","description":"BESTSELERIAI -->","inLanguage":"lt-LT","isPartOf":{"@id":"https:\/\/monatglobal.com\/lt\/#website"},"breadcrumb":{"@id":"https:\/\/monatglobal.com\/lt\/body-wash\/#breadcrumblist"},"image":{"@type":"ImageObject","url":"https:\/\/monatglobal.com\/lt\/wp-content\/uploads\/sites\/11\/2021\/10\/Moistturizw-replenish-body-wash-ecomm-1.png","@id":"https:\/\/monatglobal.com\/lt\/body-wash\/#mainImage","width":641,"height":800},"primaryImageOfPage":{"@id":"https:\/\/monatglobal.com\/lt\/body-wash\/#mainImage"},"datePublished":"2021-11-15T08:45:00+00:00","dateModified":"2026-02-23T14:46:20+00:00"},{"@type":"WebSite","@id":"https:\/\/monatglobal.com\/lt\/#website","url":"https:\/\/monatglobal.com\/lt\/","name":"MONAT Lithuania","inLanguage":"lt-LT","publisher":{"@id":"https:\/\/monatglobal.com\/lt\/#organization"}}]},"og:locale":"lt_LT","og:site_name":"MONAT Lithuania -","og:type":"article","og:title":"K\u016bno prausiklis | Dr\u0117kinamasis ir maitinamasis k\u016bno prausiklis | \u201eMONAT\u201c odos prie\u017ei\u016bra - MONAT Lithuania","og:description":"BESTSELERIAI --&gt;","og:url":"https:\/\/monatglobal.com\/lt\/body-wash\/","article:published_time":"2021-11-15T08:45:00+00:00","article:modified_time":"2026-02-23T14:46:20+00:00","twitter:card":"summary_large_image","twitter:title":"K\u016bno prausiklis | Dr\u0117kinamasis ir maitinamasis k\u016bno prausiklis | \u201eMONAT\u201c odos prie\u017ei\u016bra - MONAT Lithuania","twitter:description":"BESTSELERIAI --&gt;"},"aioseo_meta_data":{"post_id":"65406","title":null,"description":null,"keywords":null,"keyphrases":{"focus":{"keyphrase":"","score":0,"analysis":{"keyphraseInTitle":{"score":0,"maxScore":9,"error":1}}},"additional":[]},"primary_term":null,"canonical_url":null,"og_title":null,"og_description":null,"og_object_type":"default","og_image_type":"default","og_image_url":null,"og_image_width":null,"og_image_height":null,"og_image_custom_url":null,"og_image_custom_fields":null,"og_video":"","og_custom_url":null,"og_article_section":null,"og_article_tags":null,"twitter_use_og":false,"twitter_card":"default","twitter_image_type":"default","twitter_image_url":null,"twitter_image_custom_url":null,"twitter_image_custom_fields":null,"twitter_title":null,"twitter_description":null,"schema":{"blockGraphs":[],"customGraphs":[],"default":{"data":{"Article":[],"Course":[],"Dataset":[],"FAQPage":[],"Movie":[],"Person":[],"Product":[],"ProductReview":[],"Car":[],"Recipe":[],"Service":[],"SoftwareApplication":[],"WebPage":[]},"graphName":"WebPage","isEnabled":true},"graphs":[]},"schema_type":"default","schema_type_options":null,"pillar_content":false,"robots_default":true,"robots_noindex":false,"robots_noarchive":false,"robots_nosnippet":false,"robots_nofollow":false,"robots_noimageindex":false,"robots_noodp":false,"robots_notranslate":false,"robots_max_snippet":"-1","robots_max_videopreview":"-1","robots_max_imagepreview":"large","priority":null,"frequency":"default","local_seo":null,"seo_analyzer_scan_date":"2026-02-23 14:49:32","breadcrumb_settings":null,"limit_modified_date":false,"reviewed_by":"0","open_ai":null,"ai":{"faqs":[],"keyPoints":[],"titles":[],"descriptions":[],"socialPosts":{"email":[],"linkedin":[],"twitter":[],"facebook":[],"instagram":[]}},"created":"2023-07-26 19:11:12","updated":"2026-02-23 14:49:32"},"aioseo_breadcrumb":"<div class=\"aioseo-breadcrumbs\"><span class=\"aioseo-breadcrumb\">\n\t<a href=\"https:\/\/monatglobal.com\/lt\" title=\"Home\">Home<\/a>\n<\/span><span class=\"aioseo-breadcrumb-separator\">&raquo;<\/span><span class=\"aioseo-breadcrumb\">\n\tK\u016bno prausiklis | Dr\u0117kinamasis ir maitinamasis k\u016bno prausiklis | \u201eMONAT\u201c odos prie\u017ei\u016bra\n<\/span><\/div>","aioseo_breadcrumb_json":[{"label":"Home","link":"https:\/\/monatglobal.com\/lt"},{"label":"K\u016bno prausiklis &#124; Dr\u0117kinamasis ir maitinamasis k\u016bno prausiklis &#124; \u201eMONAT\u201c odos prie\u017ei\u016bra","link":"https:\/\/monatglobal.com\/lt\/body-wash\/"}],"_links":{"self":[{"href":"https:\/\/monatglobal.com\/lt\/wp-json\/wp\/v2\/pages\/65406","targetHints":{"allow":["GET"]}}],"collection":[{"href":"https:\/\/monatglobal.com\/lt\/wp-json\/wp\/v2\/pages"}],"about":[{"href":"https:\/\/monatglobal.com\/lt\/wp-json\/wp\/v2\/types\/page"}],"author":[{"embeddable":true,"href":"https:\/\/monatglobal.com\/lt\/wp-json\/wp\/v2\/users\/31"}],"replies":[{"embeddable":true,"href":"https:\/\/monatglobal.com\/lt\/wp-json\/wp\/v2\/comments?post=65406"}],"version-history":[{"count":24,"href":"https:\/\/monatglobal.com\/lt\/wp-json\/wp\/v2\/pages\/65406\/revisions"}],"predecessor-version":[{"id":109274,"href":"https:\/\/monatglobal.com\/lt\/wp-json\/wp\/v2\/pages\/65406\/revisions\/109274"}],"wp:featuredmedia":[{"embeddable":true,"href":"https:\/\/monatglobal.com\/lt\/wp-json\/wp\/v2\/media\/69159"}],"wp:attachment":[{"href":"https:\/\/monatglobal.com\/lt\/wp-json\/wp\/v2\/media?parent=65406"}],"wp:term":[{"taxonomy":"category","embeddable":true,"href":"https:\/\/monatglobal.com\/lt\/wp-json\/wp\/v2\/categories?post=65406"},{"taxonomy":"post_tag","embeddable":true,"href":"https:\/\/monatglobal.com\/lt\/wp-json\/wp\/v2\/tags?post=65406"}],"curies":[{"name":"wp","href":"https:\/\/api.w.org\/{rel}","templated":true}]}}