{"id":62931,"date":"2021-10-05T23:20:18","date_gmt":"2021-10-05T22:20:18","guid":{"rendered":"https:\/\/monatglobal.com\/lt\/?page_id=62931"},"modified":"2026-02-20T16:45:07","modified_gmt":"2026-02-20T16:45:07","slug":"rejuveniqe-oil","status":"publish","type":"page","link":"https:\/\/monatglobal.com\/lt\/rejuveniqe-oil\/","title":{"rendered":"\u201eREJUVENIQE\u00ae\u201c"},"content":{"rendered":"\n<link rel=\"stylesheet\" href=\"https:\/\/unpkg.com\/swiper\/swiper-bundle.min.css\">\n<link rel=\"stylesheet\" href=\"https:\/\/monatglobal.com\/wp-content\/creative_css\/product_styles_sheet.css\">\n  <!--==================================================== ECOMM SECTION ====================================================-->\n  <p>BESTSELERIAI<\/p>\n    <!--==================================================== Ecomm image ====================================================-->\n    <img decoding=\"async\" src=\"https:\/\/monatglobal.com\/es\/wp-content\/uploads\/sites\/10\/2021\/10\/rejuveniqe_2021-ecomm.png\" alt=\"MONAT REJUVENIQE\u00ae \" loading=\"lazy\">\n      <!--==================================================== Ecomm information  ====================================================-->\n        NUEVO\n        \n        <p>BESTSELERIAI<\/p>\n        <h1>REJUVENIQE<sup>\u00ae<\/sup><\/h1>\n        \n        <p>Patentuotas 13+ nat\u016brali\u0173 augal\u0173 ir eterini\u0173 aliej\u0173 mi\u0161inys plaukams ir&nbsp;odai.<\/p>\n        <p>30 ml \uff451.0 fl.oz.<\/p>\n        <!--==================================================== pricing box ====================================================--> \n         <p>Ma\u017emenin\u0117 kaina<br>00.00 \u20ac<\/p>\n         <p>VIP kliento kaina<br>00.00 \u20ac<\/p>\n        <!--==================================================== pricing box ====================================================--> \n        <p>Nor\u0117dami su\u017einoti daugiau apie \u201eREJUVENIQE<sup>\u00ae<\/sup>&#8222;, pasikalb\u0117kite su savo \u201eMONAT Market&nbsp;Partner&#8221;.<\/p>\n          <a href=\"\" target=\"_blank\" role=\"button\" aria-label=\"\" rel=\"noopener\"><\/a>\n    <!--==================================================== \/ECOMM SECTION  ====================================================-->\n    <!--==================================================== Benefits image ====================================================-->\n    \n      <source media=\"(max-width: 700px)\" srcset=\"https:\/\/monatglobal.com\/nz\/wp-content\/uploads\/sites\/15\/2022\/10\/rejuveniqe-benefits_mobile.jpg\" loading=\"lazy\">\n        <img decoding=\"async\" src=\"https:\/\/monatglobal.com\/nz\/wp-content\/uploads\/sites\/15\/2022\/10\/Rejuvenique-benefits-2021.jpg\" alt=\"Three females smiling while one of them is holding REJUVENIQE\u00ae\" loading=\"lazy\">\n      \n      <!--==================================================== Benefits text ====================================================-->\n          <h2>NAUDOS<\/h2>\n          <h3>\u0160is daugiafunkcis aliejus skirtas stiprinti plaukus ir od\u0105*, pagerinti \u017evilges\u012f**, ma\u017einti slinkim\u0105** ir dr\u0117kinti&nbsp;od\u0105**.<\/h3>\n          *Remiantis statisti\u0161kai reik\u0161mingu plauk\u0173 l\u016b\u017ein\u0117jimo tyrimu, \u012fvertinusiu l\u016b\u017ein\u0117jan\u010di\u0173 skaidul\u0173 suma\u017e\u0117jim\u0105 pakartotinai \u0161ukuojant ir&nbsp;formuojant.<br>\n          **Remiantis tre\u010diosios \u0161alies laboratorijos instrumentiniais&nbsp;tyrimais.\n          <!--==================================================== features image  ====================================================-->\n          <img decoding=\"async\" src=\"https:\/\/monatglobal.com\/nz\/wp-content\/uploads\/sites\/15\/2022\/10\/Rejuveniqe-feautres.jpg\" alt=\"REJUVENIQE\u00ae laying on a flat surface, along with ingredients such as lemon and lime slices, sunflower seeds, coconut shavings and a white flower\" loading=\"lazy\">\n        <!--==================================================== features text ====================================================-->\n            <h3>Savyb\u0117s<\/h3>\n              <p>\/ Patentuotas 13+ nat\u016brali\u0173 augal\u0173 ir eterini\u0173 aliej\u0173&nbsp;mi\u0161inys<\/p>\n              <p>\/ Pipet\u0117 leid\u017eia tiksliai tepti ant galvos&nbsp;odos<\/p>\n              <p>\/ Taip pat gali b\u016bti naudojamas veido ar k\u016bno&nbsp;dr\u0117kinimui<\/p>\n              <p>\/ Universalus: nuplaukite arba palikite ant plauk\u0173, veido ar&nbsp;k\u016bno<\/p>\n              <p>\/ La\u0161inkite \u012f savo kauk\u0119 ar krem\u0105, kad padidintum\u0117te&nbsp;dr\u0117kinim\u0105<\/p>\n      <!--==================================================== composition image mobile ====================================================-->\n      <img decoding=\"async\" alt=\"Two REJUVENIQE\u00ae laying on a flat, tan surface\" src=\"https:\/\/monatglobal.com\/nz\/wp-content\/uploads\/sites\/15\/2022\/10\/Rejuveniqe-comp-1.jpg\" loading=\"lazy\">\n      <!--==================================================== Why it works text ====================================================-->\n        <h2>THE CROWN JEWEL OF TRUE OPPULENCE<\/h2>\n        <h3>MONAT siek\u0117 rasti pa\u010dius i\u0161skirtiniausius aliejus, kurie pad\u0117t\u0173 subalansuoti, atjauninti ir pagerinti plaukus bei&nbsp;od\u0105.<\/h3>\n        <p>Abisinijos aliejus buvo pirmasis ingredientas, parinktas d\u0117l savo nuostabi\u0173 jauninan\u010di\u0173&nbsp;savybi\u0173.<\/p>\n        <p>Wyj\u0105tkowo wydajny &#8211; wystarczy na\u0142o\u017cy\u0107 niewielk\u0105 ilo\u015b\u0107&nbsp;produktu.<\/p>\n    <!--==================================================== Composition section ====================================================-->\n        <img decoding=\"async\" src=\"https:\/\/monatglobal.com\/nz\/wp-content\/uploads\/sites\/15\/2022\/10\/Rejuveniqe-comp-1.jpg\" alt=\"Two REJUVENIQE\u00ae laying on a flat, tan surface\" loading=\"lazy\">\n        <img decoding=\"async\" src=\"https:\/\/monatglobal.com\/es\/wp-content\/uploads\/sites\/10\/2021\/09\/small-square.png\" alt=\"Brunette with a ponytail holding REJUVENIQE\u00ae\" loading=\"lazy\">\n            <!--==================================================== Directions text ====================================================--> \n              <h3>Naudojimas<\/h3>\n              <p><strong>Proced\u016bra prie\u0161 \u0161amp\u016bn\u0105:<\/strong><\/p>\n              <p>\/ Gausiai i\u0161tepkite sausus arba dr\u0117gnus plaukus ir galvos&nbsp;od\u0105.<\/p>\n              <p>\/ Palikite 15&nbsp;minu\u010di\u0173.<\/p>\n              <p>\/ Kruop\u0161\u010diai nuplaukite, i\u0161trinkite \u0161amp\u016bnu ir&nbsp;kondicionuokite.<\/p>\n            <!--==================================================== Directions video ====================================================-->\n        <p><strong>Intensyvaus dr\u0117kinimo proced\u016bra:<\/strong><\/p>\n        <p>\/ Gausiai i\u0161tepkite dr\u0117gnus plaukus ir galvos&nbsp;od\u0105.<\/p>\n        <p>\/ \/ U\u017ed\u0117kite \u0161ilt\u0105, dr\u0117gn\u0105 rank\u0161luost\u012f ir palikite 30&nbsp;minu\u010di\u0173.<\/p>\n        <p>\/ Kruop\u0161\u010diai nuplaukite, i\u0161trinkite \u0161amp\u016bnu ir&nbsp;kondicionuokite.<\/p>\n        <br>\n        <p><strong>Nenuplaunama baigiamoji proced\u016bra:<\/strong><\/p>\n        <p>\/ I\u0161d\u017ei\u016bvus plaukams, nedidel\u012f kiek\u012f patrinkite tarp deln\u0173 ir u\u017etepkite ant&nbsp;galiuk\u0173.<\/p>\n        <br>\n        <p><strong>Veido dr\u0117kinimui:<\/strong><\/p>\n        <p>\/ Tepkite ryte ir vakare ant veido, kaklo ir dekolt\u0117 srities prie\u0161 dr\u0117kinam\u0105j\u012f krem\u0105, sutelkdami d\u0117mes\u012f \u012f problemines vietas, tokias kaip smulkios rauk\u0161lel\u0117s, kad akimirksniu dr\u0117kintum\u0117te ir&nbsp;apsaugotum\u0117te.<\/p>\n        <p><strong>K\u016bno dr\u0117kinimui:<\/strong><\/p>\n        <p>\/ \/ Ryte ir vakare tepkite alk\u016bnes, kelius, sausas vietas, pleiskanojan\u010dias vietas ir&nbsp;rankas.<\/p>\n        <br>\n        <p><strong>PAPILDOMAS NAUDOJIMAS:<\/strong><\/p>\n        <p>\/ Sumai\u0161ykite su m\u0117gstamu dr\u0117kinamuoju kremu (veido ar k\u016bno), kad padidintum\u0117te&nbsp;dr\u0117kinim\u0105.<\/p>\n        <p>\/ Prid\u0117kite prie kondicionieriaus arba plauk\u0173 kauk\u0117s, kad pagerintum\u0117te kondicionavim\u0105 ir&nbsp;blizges\u012f.<\/p>\n        <p>\/ Sumai\u0161ykite su savo m\u0117gstamu skystu makia\u017eo pagrindu, kad sausesnio klimato s\u0105lygomis veidas gaut\u0173 papildomos&nbsp;dr\u0117gm\u0117s.<\/p>\n        <p>\/ Prie\u0161 kelion\u0119 l\u0117ktuvu patap\u0161nokite kelis la\u0161us ant veido, kad suma\u017eintum\u0117te dr\u0117gm\u0117s&nbsp;praradim\u0105.<\/p>\n      <a href=\"\" target=\"_blank\" role=\"button\" aria-label=\"\" rel=\"noopener\"><\/a>\n    <!--==================================================== Ingredients section  ====================================================-->\n      <h2>PAGRINDIN\u0116S SUDEDAMOSIOS DALYS<\/h2>\n           <img decoding=\"async\" src=\"https:\/\/monatglobal.com\/wp-content\/uploads\/2022\/11\/Abyssinian-Oil.svg\" alt=\"Abyssinian Oil\">\n          <p>Abisinijos aliejus<\/p>\n          <img decoding=\"async\" src=\"https:\/\/monatglobal.com\/wp-content\/uploads\/2022\/11\/Meadowfoam-Oil.svg\" alt=\"Meadowfoam Oil\">\n        <p>Meadowfoam aliejus<\/p>\n            <img decoding=\"async\" src=\"https:\/\/monatglobal.com\/wp-content\/uploads\/2022\/12\/carrotoil.svg\" alt=\"Carrot Seed Oil\">\n          <p>Mork\u0173 s\u0117kl\u0173 aliejus<\/p>\n  <button id=\"myBtn\" type=\"button\">SUDEDAM\u0172J\u0172 DALI\u0172 S\u0104RA\u0160AS<\/button>\n  <!--==================================================== Modal content  ====================================================-->\n    \u00d7\n    <p>Limnanthes Alba (meadowfoam) s\u0117kl\u0173 aliejus, Crambe Abyssinica s\u0117kl\u0173 aliejus, Camellia Oleifera s\u0117kl\u0173 aliejus, Solanum Lycopersicum (pomidor\u0173) s\u0117kl\u0173 aliejus, Daucus Carota Sativa (mork\u0173) s\u0117kl\u0173 aliejus, citrusini\u0173 citrin\u0173 (citrin\u0173) \u017eieveli\u0173 aliejus, citrusini\u0173 vaisi\u0173 aliejus, citrusinis aliejus (Lime) Citrus Aurantium Bergamia (Bergamo\u010di\u0173) vaisi\u0173 aliejus, Adansonia Digitata aliejus, Mauritia Flexuosa vaisi\u0173 aliejus, Cocos Nucifera (kokos\u0173) aliejus, Gardenia Taitensis g\u0117li\u0173 ekstraktas, Moringa Oleifera s\u0117kl\u0173 aliejus, Caryocar Brasiliense Oflower, Heluusd Fruit O Ann Seet Limonenas, Linalolas.<\/p>\n<!--==================================================== You might also like section ====================================================-->\n  <h2>JUMS TAIP PAT GALI PATIKTI<\/h2>\n  <!--==================================================== Slider YOU MIGHT ALSO LIKE ====================================================-->\n  <!---->\n  <!--  -->\n      <!--==================================================== Slides products ====================================================-->\n  <!--    -->\n  <!--      <a href=\"\/lt\/rejuvabeads\/\" aria-label=\"Go to REJUVABEADS page\">-->\n  <!--        <img decoding=\"async\" src=\"https:\/\/monatglobal.com\/wp-content\/uploads\/2022\/12\/Rejevabeads-ecomm.png\" loading=\"lazy\"\/>-->\n  <!--        <p>REJUVABEADS<sup>\u00ae<\/sup><\/p>-->\n  <!--      <\/a>-->\n  <!--    -->\n  <!--    -->\n  <!--      <a href=\"\/lt\/replenish-masque\/\" aria-label=\"Go to Replenish Kauk\u0117 page\">-->\n  <!--        <img decoding=\"async\" src=\"https:\/\/monatglobal.com\/wp-content\/uploads\/2022\/12\/replenish-masque-e-comm-min.png\" alt=\"Replenish Kauk\u0117\" loading=\"lazy\"\/>-->\n  <!--        <p>Replenish<br \/>Kauk\u0117<\/p>-->\n  <!--      <\/a>-->\n  <!--    -->\n  <!--    -->\n  <!--      <a href=\"\/lt\/lightweight-moisturizer\/\" aria-label=\"Go to BE BE BALANCED\u2122 Greitai \u012esigeriantis Dr\u0117kinamasis Kremas Page\">-->\n  <!--        <img decoding=\"async\" src=\"https:\/\/monatglobal.com\/wp-content\/uploads\/2022\/12\/BE-BALANCED-Lightweight-Moisturizer_ecomm-min.png\" alt=\"BE BALANCED\u2122 Greitai \u012esigeriantis Dr\u0117kinamasis Kremas\" loading=\"lazy\"\/>-->\n  <!--        <p>BE BALANCED\u2122<br \/>Greitai \u012esigeriantis<br \/>Dr\u0117kinamasis Kremas<\/p>-->\n  <!--      <\/a>-->\n  <!--    -->\n  <!--  -->\n    <!--==================================================== If we need navigation buttons  ====================================================-->\n  <!--  -->\n  <!--  -->\n    <!--==================================================== If we need paginations  ====================================================-->\n  <!--  -->\n  <!---->\n         <!--==================================================== If we need navigation buttons  ====================================================-->\n         <!--==================================================== If we need paginations  ====================================================-->\n    <a href=\"\" aria-label=\"\"><\/a>\n     <!--==================================================== this link has to go last for it to work   ====================================================-->\n","protected":false},"excerpt":{"rendered":"<p>BESTSELERIAI NUEVO BESTSELERIAI REJUVENIQE\u00ae Patentuotas 13+ nat\u016brali\u0173 augal\u0173 ir eterini\u0173 aliej\u0173 mi\u0161inys plaukams ir&nbsp;odai. 30 ml \uff451.0 fl.oz. Ma\u017emenin\u0117 kaina00.00 \u20ac VIP kliento kaina00.00 \u20ac Nor\u0117dami su\u017einoti daugiau apie \u201eREJUVENIQE\u00ae&#8222;, pasikalb\u0117kite su savo \u201eMONAT Market&nbsp;Partner&#8221;. NAUDOS \u0160is daugiafunkcis aliejus skirtas stiprinti plaukus ir od\u0105*, pagerinti \u017evilges\u012f**, ma\u017einti slinkim\u0105** ir dr\u0117kinti&nbsp;od\u0105**. *Remiantis statisti\u0161kai reik\u0161mingu plauk\u0173 l\u016b\u017ein\u0117jimo&hellip;<\/p>\n","protected":false},"author":31,"featured_media":69099,"parent":0,"menu_order":0,"comment_status":"closed","ping_status":"closed","template":"","meta":{"inline_featured_image":false,"om_disable_all_campaigns":false,"_monsterinsights_skip_tracking":false,"_monsterinsights_sitenote_active":false,"_monsterinsights_sitenote_note":"","_monsterinsights_sitenote_category":0,"footnotes":""},"categories":[32],"tags":[],"class_list":["post-62931","page","type-page","status-publish","has-post-thumbnail","hentry","category-product-lt"],"aioseo_notices":[],"aioseo_head":"\n\t\t<!-- All in One SEO Pro 4.9.5.2 - aioseo.com -->\n\t<meta name=\"description\" content=\"BESTSELERIAI --&gt;\" \/>\n\t<meta name=\"robots\" content=\"max-image-preview:large\" \/>\n\t<link rel=\"canonical\" href=\"https:\/\/monatglobal.com\/lt\/rejuveniqe-oil\/\" \/>\n\t<meta name=\"generator\" content=\"All in One SEO Pro (AIOSEO) 4.9.5.2\" \/>\n\t\t<meta property=\"og:locale\" content=\"lt_LT\" \/>\n\t\t<meta property=\"og:site_name\" content=\"MONAT Lithuania -\" \/>\n\t\t<meta property=\"og:type\" content=\"article\" \/>\n\t\t<meta property=\"og:title\" content=\"\u201eREJUVENIQE\u00ae\u201c - MONAT Lithuania\" \/>\n\t\t<meta property=\"og:description\" content=\"BESTSELERIAI --&gt;\" \/>\n\t\t<meta property=\"og:url\" content=\"https:\/\/monatglobal.com\/lt\/rejuveniqe-oil\/\" \/>\n\t\t<meta property=\"article:published_time\" content=\"2021-10-05T22:20:18+00:00\" \/>\n\t\t<meta property=\"article:modified_time\" content=\"2026-02-20T16:45:07+00:00\" \/>\n\t\t<meta name=\"twitter:card\" content=\"summary_large_image\" \/>\n\t\t<meta name=\"twitter:title\" content=\"\u201eREJUVENIQE\u00ae\u201c - MONAT Lithuania\" \/>\n\t\t<meta name=\"twitter:description\" content=\"BESTSELERIAI --&gt;\" \/>\n\t\t<script type=\"application\/ld+json\" class=\"aioseo-schema\">\n\t\t\t{\"@context\":\"https:\\\/\\\/schema.org\",\"@graph\":[{\"@type\":\"BreadcrumbList\",\"@id\":\"https:\\\/\\\/monatglobal.com\\\/lt\\\/rejuveniqe-oil\\\/#breadcrumblist\",\"itemListElement\":[{\"@type\":\"ListItem\",\"@id\":\"https:\\\/\\\/monatglobal.com\\\/lt#listItem\",\"position\":1,\"name\":\"Home\",\"item\":\"https:\\\/\\\/monatglobal.com\\\/lt\",\"nextItem\":{\"@type\":\"ListItem\",\"@id\":\"https:\\\/\\\/monatglobal.com\\\/lt\\\/rejuveniqe-oil\\\/#listItem\",\"name\":\"\\u201eREJUVENIQE\\u00ae\\u201c\"}},{\"@type\":\"ListItem\",\"@id\":\"https:\\\/\\\/monatglobal.com\\\/lt\\\/rejuveniqe-oil\\\/#listItem\",\"position\":2,\"name\":\"\\u201eREJUVENIQE\\u00ae\\u201c\",\"previousItem\":{\"@type\":\"ListItem\",\"@id\":\"https:\\\/\\\/monatglobal.com\\\/lt#listItem\",\"name\":\"Home\"}}]},{\"@type\":\"Organization\",\"@id\":\"https:\\\/\\\/monatglobal.com\\\/lt\\\/#organization\",\"name\":\"MONAT Lithuania\",\"url\":\"https:\\\/\\\/monatglobal.com\\\/lt\\\/\"},{\"@type\":\"WebPage\",\"@id\":\"https:\\\/\\\/monatglobal.com\\\/lt\\\/rejuveniqe-oil\\\/#webpage\",\"url\":\"https:\\\/\\\/monatglobal.com\\\/lt\\\/rejuveniqe-oil\\\/\",\"name\":\"\\u201eREJUVENIQE\\u00ae\\u201c - MONAT Lithuania\",\"description\":\"BESTSELERIAI -->\",\"inLanguage\":\"lt-LT\",\"isPartOf\":{\"@id\":\"https:\\\/\\\/monatglobal.com\\\/lt\\\/#website\"},\"breadcrumb\":{\"@id\":\"https:\\\/\\\/monatglobal.com\\\/lt\\\/rejuveniqe-oil\\\/#breadcrumblist\"},\"image\":{\"@type\":\"ImageObject\",\"url\":\"https:\\\/\\\/monatglobal.com\\\/lt\\\/wp-content\\\/uploads\\\/sites\\\/11\\\/2021\\\/08\\\/REJUVENIQE\\u00ae-Oil-Intensive.png.webp\",\"@id\":\"https:\\\/\\\/monatglobal.com\\\/lt\\\/rejuveniqe-oil\\\/#mainImage\",\"width\":438,\"height\":500},\"primaryImageOfPage\":{\"@id\":\"https:\\\/\\\/monatglobal.com\\\/lt\\\/rejuveniqe-oil\\\/#mainImage\"},\"datePublished\":\"2021-10-05T23:20:18+01:00\",\"dateModified\":\"2026-02-20T16:45:07+00:00\"},{\"@type\":\"WebSite\",\"@id\":\"https:\\\/\\\/monatglobal.com\\\/lt\\\/#website\",\"url\":\"https:\\\/\\\/monatglobal.com\\\/lt\\\/\",\"name\":\"MONAT Lithuania\",\"inLanguage\":\"lt-LT\",\"publisher\":{\"@id\":\"https:\\\/\\\/monatglobal.com\\\/lt\\\/#organization\"}}]}\n\t\t<\/script>\n\t\t<!-- All in One SEO Pro -->\r\n\t\t<title>\u201eREJUVENIQE\u00ae\u201c - MONAT Lithuania<\/title>\n\n","aioseo_head_json":{"title":"\u201eREJUVENIQE\u00ae\u201c - MONAT Lithuania","description":"BESTSELERIAI -->","canonical_url":"https:\/\/monatglobal.com\/lt\/rejuveniqe-oil\/","robots":"max-image-preview:large","keywords":"","webmasterTools":{"miscellaneous":""},"schema":{"@context":"https:\/\/schema.org","@graph":[{"@type":"BreadcrumbList","@id":"https:\/\/monatglobal.com\/lt\/rejuveniqe-oil\/#breadcrumblist","itemListElement":[{"@type":"ListItem","@id":"https:\/\/monatglobal.com\/lt#listItem","position":1,"name":"Home","item":"https:\/\/monatglobal.com\/lt","nextItem":{"@type":"ListItem","@id":"https:\/\/monatglobal.com\/lt\/rejuveniqe-oil\/#listItem","name":"\u201eREJUVENIQE\u00ae\u201c"}},{"@type":"ListItem","@id":"https:\/\/monatglobal.com\/lt\/rejuveniqe-oil\/#listItem","position":2,"name":"\u201eREJUVENIQE\u00ae\u201c","previousItem":{"@type":"ListItem","@id":"https:\/\/monatglobal.com\/lt#listItem","name":"Home"}}]},{"@type":"Organization","@id":"https:\/\/monatglobal.com\/lt\/#organization","name":"MONAT Lithuania","url":"https:\/\/monatglobal.com\/lt\/"},{"@type":"WebPage","@id":"https:\/\/monatglobal.com\/lt\/rejuveniqe-oil\/#webpage","url":"https:\/\/monatglobal.com\/lt\/rejuveniqe-oil\/","name":"\u201eREJUVENIQE\u00ae\u201c - MONAT Lithuania","description":"BESTSELERIAI -->","inLanguage":"lt-LT","isPartOf":{"@id":"https:\/\/monatglobal.com\/lt\/#website"},"breadcrumb":{"@id":"https:\/\/monatglobal.com\/lt\/rejuveniqe-oil\/#breadcrumblist"},"image":{"@type":"ImageObject","url":"https:\/\/monatglobal.com\/lt\/wp-content\/uploads\/sites\/11\/2021\/08\/REJUVENIQE\u00ae-Oil-Intensive.png.webp","@id":"https:\/\/monatglobal.com\/lt\/rejuveniqe-oil\/#mainImage","width":438,"height":500},"primaryImageOfPage":{"@id":"https:\/\/monatglobal.com\/lt\/rejuveniqe-oil\/#mainImage"},"datePublished":"2021-10-05T23:20:18+01:00","dateModified":"2026-02-20T16:45:07+00:00"},{"@type":"WebSite","@id":"https:\/\/monatglobal.com\/lt\/#website","url":"https:\/\/monatglobal.com\/lt\/","name":"MONAT Lithuania","inLanguage":"lt-LT","publisher":{"@id":"https:\/\/monatglobal.com\/lt\/#organization"}}]},"og:locale":"lt_LT","og:site_name":"MONAT Lithuania -","og:type":"article","og:title":"\u201eREJUVENIQE\u00ae\u201c - MONAT Lithuania","og:description":"BESTSELERIAI --&gt;","og:url":"https:\/\/monatglobal.com\/lt\/rejuveniqe-oil\/","article:published_time":"2021-10-05T22:20:18+00:00","article:modified_time":"2026-02-20T16:45:07+00:00","twitter:card":"summary_large_image","twitter:title":"\u201eREJUVENIQE\u00ae\u201c - MONAT Lithuania","twitter:description":"BESTSELERIAI --&gt;"},"aioseo_meta_data":{"post_id":"62931","title":null,"description":null,"keywords":null,"keyphrases":{"focus":{"keyphrase":"","score":0,"analysis":{"keyphraseInTitle":{"score":0,"maxScore":9,"error":1}}},"additional":[]},"primary_term":null,"canonical_url":null,"og_title":null,"og_description":null,"og_object_type":"default","og_image_type":"default","og_image_url":null,"og_image_width":null,"og_image_height":null,"og_image_custom_url":null,"og_image_custom_fields":null,"og_video":"","og_custom_url":null,"og_article_section":null,"og_article_tags":null,"twitter_use_og":false,"twitter_card":"default","twitter_image_type":"default","twitter_image_url":null,"twitter_image_custom_url":null,"twitter_image_custom_fields":null,"twitter_title":null,"twitter_description":null,"schema":{"blockGraphs":[],"customGraphs":[],"default":{"data":{"Article":[],"Course":[],"Dataset":[],"FAQPage":[],"Movie":[],"Person":[],"Product":[],"ProductReview":[],"Car":[],"Recipe":[],"Service":[],"SoftwareApplication":[],"WebPage":[]},"graphName":"WebPage","isEnabled":true},"graphs":[]},"schema_type":"default","schema_type_options":null,"pillar_content":false,"robots_default":true,"robots_noindex":false,"robots_noarchive":false,"robots_nosnippet":false,"robots_nofollow":false,"robots_noimageindex":false,"robots_noodp":false,"robots_notranslate":false,"robots_max_snippet":"-1","robots_max_videopreview":"-1","robots_max_imagepreview":"large","priority":null,"frequency":"default","local_seo":null,"seo_analyzer_scan_date":"2026-02-20 16:58:35","breadcrumb_settings":null,"limit_modified_date":false,"reviewed_by":"0","open_ai":null,"ai":{"faqs":[],"keyPoints":[],"titles":[],"descriptions":[],"socialPosts":{"email":[],"linkedin":[],"twitter":[],"facebook":[],"instagram":[]}},"created":"2023-07-26 19:11:12","updated":"2026-02-20 16:58:35"},"aioseo_breadcrumb":"<div class=\"aioseo-breadcrumbs\"><span class=\"aioseo-breadcrumb\">\n\t<a href=\"https:\/\/monatglobal.com\/lt\" title=\"Home\">Home<\/a>\n<\/span><span class=\"aioseo-breadcrumb-separator\">&raquo;<\/span><span class=\"aioseo-breadcrumb\">\n\t\u201eREJUVENIQE\u00ae\u201c\n<\/span><\/div>","aioseo_breadcrumb_json":[{"label":"Home","link":"https:\/\/monatglobal.com\/lt"},{"label":"\u201eREJUVENIQE\u00ae\u201c","link":"https:\/\/monatglobal.com\/lt\/rejuveniqe-oil\/"}],"_links":{"self":[{"href":"https:\/\/monatglobal.com\/lt\/wp-json\/wp\/v2\/pages\/62931","targetHints":{"allow":["GET"]}}],"collection":[{"href":"https:\/\/monatglobal.com\/lt\/wp-json\/wp\/v2\/pages"}],"about":[{"href":"https:\/\/monatglobal.com\/lt\/wp-json\/wp\/v2\/types\/page"}],"author":[{"embeddable":true,"href":"https:\/\/monatglobal.com\/lt\/wp-json\/wp\/v2\/users\/31"}],"replies":[{"embeddable":true,"href":"https:\/\/monatglobal.com\/lt\/wp-json\/wp\/v2\/comments?post=62931"}],"version-history":[{"count":32,"href":"https:\/\/monatglobal.com\/lt\/wp-json\/wp\/v2\/pages\/62931\/revisions"}],"predecessor-version":[{"id":109179,"href":"https:\/\/monatglobal.com\/lt\/wp-json\/wp\/v2\/pages\/62931\/revisions\/109179"}],"wp:featuredmedia":[{"embeddable":true,"href":"https:\/\/monatglobal.com\/lt\/wp-json\/wp\/v2\/media\/69099"}],"wp:attachment":[{"href":"https:\/\/monatglobal.com\/lt\/wp-json\/wp\/v2\/media?parent=62931"}],"wp:term":[{"taxonomy":"category","embeddable":true,"href":"https:\/\/monatglobal.com\/lt\/wp-json\/wp\/v2\/categories?post=62931"},{"taxonomy":"post_tag","embeddable":true,"href":"https:\/\/monatglobal.com\/lt\/wp-json\/wp\/v2\/tags?post=62931"}],"curies":[{"name":"wp","href":"https:\/\/api.w.org\/{rel}","templated":true}]}}