{"id":62679,"date":"2021-08-20T01:44:36","date_gmt":"2021-08-20T00:44:36","guid":{"rendered":"https:\/\/monatglobal.com\/lt\/?page_id=62679"},"modified":"2021-08-20T01:44:36","modified_gmt":"2021-08-20T00:44:36","slug":"prekiu-grazinimo-pinigu-grazinimo-ir-atsaukimo-politika-copy","status":"publish","type":"page","link":"https:\/\/monatglobal.com\/lt\/prekiu-grazinimo-pinigu-grazinimo-ir-atsaukimo-politika-copy\/","title":{"rendered":"Copy of Preki\u0173 gr\u0105\u017einimo, pinig\u0173 gr\u0105\u017einimo ir at\u0161aukimo politika"},"content":{"rendered":"","protected":true},"excerpt":{"rendered":"","protected":true},"author":31,"featured_media":0,"parent":0,"menu_order":0,"comment_status":"closed","ping_status":"closed","template":"","meta":{"inline_featured_image":false,"om_disable_all_campaigns":false,"_monsterinsights_skip_tracking":false,"_monsterinsights_sitenote_active":false,"_monsterinsights_sitenote_note":"","_monsterinsights_sitenote_category":0,"footnotes":""},"categories":[],"tags":[],"class_list":["post-62679","page","type-page","status-publish","post-password-required","hentry"],"aioseo_notices":[],"aioseo_head":"\n\t\t<!-- All in One SEO Pro 4.9.6 - aioseo.com -->\n\t<meta name=\"robots\" content=\"max-image-preview:large\" \/>\n\t<link rel=\"canonical\" href=\"https:\/\/monatglobal.com\/lt\/prekiu-grazinimo-pinigu-grazinimo-ir-atsaukimo-politika-copy\/\" \/>\n\t<meta name=\"generator\" content=\"All in One SEO Pro (AIOSEO) 4.9.6\" \/>\n\t\t<meta property=\"og:locale\" content=\"lt_LT\" \/>\n\t\t<meta property=\"og:site_name\" content=\"MONAT Lithuania -\" \/>\n\t\t<meta property=\"og:type\" content=\"article\" \/>\n\t\t<meta property=\"og:title\" content=\"Apsaugota: Copy of Preki\u0173 gr\u0105\u017einimo, pinig\u0173 gr\u0105\u017einimo ir at\u0161aukimo politika - MONAT Lithuania\" \/>\n\t\t<meta property=\"og:url\" content=\"https:\/\/monatglobal.com\/lt\/prekiu-grazinimo-pinigu-grazinimo-ir-atsaukimo-politika-copy\/\" \/>\n\t\t<meta property=\"article:published_time\" content=\"2021-08-20T00:44:36+00:00\" \/>\n\t\t<meta property=\"article:modified_time\" content=\"2021-08-20T00:44:36+00:00\" \/>\n\t\t<meta name=\"twitter:card\" content=\"summary_large_image\" \/>\n\t\t<meta name=\"twitter:title\" content=\"Apsaugota: Copy of Preki\u0173 gr\u0105\u017einimo, pinig\u0173 gr\u0105\u017einimo ir at\u0161aukimo politika - MONAT Lithuania\" \/>\n\t\t<script type=\"application\/ld+json\" class=\"aioseo-schema\">\n\t\t\t{\"@context\":\"https:\\\/\\\/schema.org\",\"@graph\":[{\"@type\":\"BreadcrumbList\",\"@id\":\"https:\\\/\\\/monatglobal.com\\\/lt\\\/prekiu-grazinimo-pinigu-grazinimo-ir-atsaukimo-politika-copy\\\/#breadcrumblist\",\"itemListElement\":[{\"@type\":\"ListItem\",\"@id\":\"https:\\\/\\\/monatglobal.com\\\/lt#listItem\",\"position\":1,\"name\":\"Home\",\"item\":\"https:\\\/\\\/monatglobal.com\\\/lt\",\"nextItem\":{\"@type\":\"ListItem\",\"@id\":\"https:\\\/\\\/monatglobal.com\\\/lt\\\/prekiu-grazinimo-pinigu-grazinimo-ir-atsaukimo-politika-copy\\\/#listItem\",\"name\":\"Apsaugota: Copy of Preki\\u0173 gr\\u0105\\u017einimo, pinig\\u0173 gr\\u0105\\u017einimo ir at\\u0161aukimo politika\"}},{\"@type\":\"ListItem\",\"@id\":\"https:\\\/\\\/monatglobal.com\\\/lt\\\/prekiu-grazinimo-pinigu-grazinimo-ir-atsaukimo-politika-copy\\\/#listItem\",\"position\":2,\"name\":\"Apsaugota: Copy of Preki\\u0173 gr\\u0105\\u017einimo, pinig\\u0173 gr\\u0105\\u017einimo ir at\\u0161aukimo politika\",\"previousItem\":{\"@type\":\"ListItem\",\"@id\":\"https:\\\/\\\/monatglobal.com\\\/lt#listItem\",\"name\":\"Home\"}}]},{\"@type\":\"Organization\",\"@id\":\"https:\\\/\\\/monatglobal.com\\\/lt\\\/#organization\",\"name\":\"MONAT Lithuania\",\"url\":\"https:\\\/\\\/monatglobal.com\\\/lt\\\/\"},{\"@type\":\"WebPage\",\"@id\":\"https:\\\/\\\/monatglobal.com\\\/lt\\\/prekiu-grazinimo-pinigu-grazinimo-ir-atsaukimo-politika-copy\\\/#webpage\",\"url\":\"https:\\\/\\\/monatglobal.com\\\/lt\\\/prekiu-grazinimo-pinigu-grazinimo-ir-atsaukimo-politika-copy\\\/\",\"name\":\"Apsaugota: Copy of Preki\\u0173 gr\\u0105\\u017einimo, pinig\\u0173 gr\\u0105\\u017einimo ir at\\u0161aukimo politika - MONAT Lithuania\",\"inLanguage\":\"lt-LT\",\"isPartOf\":{\"@id\":\"https:\\\/\\\/monatglobal.com\\\/lt\\\/#website\"},\"breadcrumb\":{\"@id\":\"https:\\\/\\\/monatglobal.com\\\/lt\\\/prekiu-grazinimo-pinigu-grazinimo-ir-atsaukimo-politika-copy\\\/#breadcrumblist\"},\"datePublished\":\"2021-08-20T01:44:36+01:00\",\"dateModified\":\"2021-08-20T01:44:36+01:00\"},{\"@type\":\"WebSite\",\"@id\":\"https:\\\/\\\/monatglobal.com\\\/lt\\\/#website\",\"url\":\"https:\\\/\\\/monatglobal.com\\\/lt\\\/\",\"name\":\"MONAT Lithuania\",\"inLanguage\":\"lt-LT\",\"publisher\":{\"@id\":\"https:\\\/\\\/monatglobal.com\\\/lt\\\/#organization\"}}]}\n\t\t<\/script>\n\t\t<!-- All in One SEO Pro -->\r\n\t\t<title>Apsaugota: Copy of Preki\u0173 gr\u0105\u017einimo, pinig\u0173 gr\u0105\u017einimo ir at\u0161aukimo politika - MONAT Lithuania<\/title>\n\n","aioseo_head_json":{"title":"Apsaugota: Copy of Preki\u0173 gr\u0105\u017einimo, pinig\u0173 gr\u0105\u017einimo ir at\u0161aukimo politika - MONAT Lithuania","description":"","canonical_url":"https:\/\/monatglobal.com\/lt\/prekiu-grazinimo-pinigu-grazinimo-ir-atsaukimo-politika-copy\/","robots":"max-image-preview:large","keywords":"","webmasterTools":{"miscellaneous":""},"schema":{"@context":"https:\/\/schema.org","@graph":[{"@type":"BreadcrumbList","@id":"https:\/\/monatglobal.com\/lt\/prekiu-grazinimo-pinigu-grazinimo-ir-atsaukimo-politika-copy\/#breadcrumblist","itemListElement":[{"@type":"ListItem","@id":"https:\/\/monatglobal.com\/lt#listItem","position":1,"name":"Home","item":"https:\/\/monatglobal.com\/lt","nextItem":{"@type":"ListItem","@id":"https:\/\/monatglobal.com\/lt\/prekiu-grazinimo-pinigu-grazinimo-ir-atsaukimo-politika-copy\/#listItem","name":"Apsaugota: Copy of Preki\u0173 gr\u0105\u017einimo, pinig\u0173 gr\u0105\u017einimo ir at\u0161aukimo politika"}},{"@type":"ListItem","@id":"https:\/\/monatglobal.com\/lt\/prekiu-grazinimo-pinigu-grazinimo-ir-atsaukimo-politika-copy\/#listItem","position":2,"name":"Apsaugota: Copy of Preki\u0173 gr\u0105\u017einimo, pinig\u0173 gr\u0105\u017einimo ir at\u0161aukimo politika","previousItem":{"@type":"ListItem","@id":"https:\/\/monatglobal.com\/lt#listItem","name":"Home"}}]},{"@type":"Organization","@id":"https:\/\/monatglobal.com\/lt\/#organization","name":"MONAT Lithuania","url":"https:\/\/monatglobal.com\/lt\/"},{"@type":"WebPage","@id":"https:\/\/monatglobal.com\/lt\/prekiu-grazinimo-pinigu-grazinimo-ir-atsaukimo-politika-copy\/#webpage","url":"https:\/\/monatglobal.com\/lt\/prekiu-grazinimo-pinigu-grazinimo-ir-atsaukimo-politika-copy\/","name":"Apsaugota: Copy of Preki\u0173 gr\u0105\u017einimo, pinig\u0173 gr\u0105\u017einimo ir at\u0161aukimo politika - MONAT Lithuania","inLanguage":"lt-LT","isPartOf":{"@id":"https:\/\/monatglobal.com\/lt\/#website"},"breadcrumb":{"@id":"https:\/\/monatglobal.com\/lt\/prekiu-grazinimo-pinigu-grazinimo-ir-atsaukimo-politika-copy\/#breadcrumblist"},"datePublished":"2021-08-20T01:44:36+01:00","dateModified":"2021-08-20T01:44:36+01:00"},{"@type":"WebSite","@id":"https:\/\/monatglobal.com\/lt\/#website","url":"https:\/\/monatglobal.com\/lt\/","name":"MONAT Lithuania","inLanguage":"lt-LT","publisher":{"@id":"https:\/\/monatglobal.com\/lt\/#organization"}}]},"og:locale":"lt_LT","og:site_name":"MONAT Lithuania -","og:type":"article","og:title":"Apsaugota: Copy of Preki\u0173 gr\u0105\u017einimo, pinig\u0173 gr\u0105\u017einimo ir at\u0161aukimo politika - MONAT Lithuania","og:url":"https:\/\/monatglobal.com\/lt\/prekiu-grazinimo-pinigu-grazinimo-ir-atsaukimo-politika-copy\/","article:published_time":"2021-08-20T00:44:36+00:00","article:modified_time":"2021-08-20T00:44:36+00:00","twitter:card":"summary_large_image","twitter:title":"Apsaugota: Copy of Preki\u0173 gr\u0105\u017einimo, pinig\u0173 gr\u0105\u017einimo ir at\u0161aukimo politika - MONAT Lithuania"},"aioseo_meta_data":{"post_id":"62679","title":null,"description":null,"keywords":null,"keyphrases":null,"primary_term":null,"canonical_url":null,"og_title":null,"og_description":null,"og_object_type":"default","og_image_type":"default","og_image_url":null,"og_image_width":null,"og_image_height":null,"og_image_custom_url":null,"og_image_custom_fields":null,"og_video":null,"og_custom_url":null,"og_article_section":null,"og_article_tags":null,"twitter_use_og":false,"twitter_card":"default","twitter_image_type":"default","twitter_image_url":null,"twitter_image_custom_url":null,"twitter_image_custom_fields":null,"twitter_title":null,"twitter_description":null,"schema":{"blockGraphs":[],"customGraphs":[],"default":{"data":{"Article":[],"Course":[],"Dataset":[],"FAQPage":[],"Movie":[],"Person":[],"Product":[],"ProductReview":[],"Car":[],"Recipe":[],"Service":[],"SoftwareApplication":[],"WebPage":[]},"graphName":"","isEnabled":true},"graphs":[]},"schema_type":"default","schema_type_options":null,"pillar_content":false,"robots_default":true,"robots_noindex":false,"robots_noarchive":false,"robots_nosnippet":false,"robots_nofollow":false,"robots_noimageindex":false,"robots_noodp":false,"robots_notranslate":false,"robots_max_snippet":null,"robots_max_videopreview":null,"robots_max_imagepreview":"large","priority":null,"frequency":null,"local_seo":null,"seo_analyzer_scan_date":"2025-08-15 01:12:32","breadcrumb_settings":null,"limit_modified_date":false,"reviewed_by":null,"open_ai":null,"ai":null,"created":"2023-07-26 19:08:15","updated":"2025-08-15 01:12:32"},"aioseo_breadcrumb":"<div class=\"aioseo-breadcrumbs\"><span class=\"aioseo-breadcrumb\">\n\t<a href=\"https:\/\/monatglobal.com\/lt\" title=\"Home\">Home<\/a>\n<\/span><span class=\"aioseo-breadcrumb-separator\">&raquo;<\/span><span class=\"aioseo-breadcrumb\">\n\tApsaugota: Copy of Preki\u0173 gr\u0105\u017einimo, pinig\u0173 gr\u0105\u017einimo ir at\u0161aukimo politika\n<\/span><\/div>","aioseo_breadcrumb_json":[{"label":"Home","link":"https:\/\/monatglobal.com\/lt"},{"label":"Apsaugota: Copy of Preki\u0173 gr\u0105\u017einimo, pinig\u0173 gr\u0105\u017einimo ir at\u0161aukimo politika","link":"https:\/\/monatglobal.com\/lt\/prekiu-grazinimo-pinigu-grazinimo-ir-atsaukimo-politika-copy\/"}],"_links":{"self":[{"href":"https:\/\/monatglobal.com\/lt\/wp-json\/wp\/v2\/pages\/62679","targetHints":{"allow":["GET"]}}],"collection":[{"href":"https:\/\/monatglobal.com\/lt\/wp-json\/wp\/v2\/pages"}],"about":[{"href":"https:\/\/monatglobal.com\/lt\/wp-json\/wp\/v2\/types\/page"}],"author":[{"embeddable":true,"href":"https:\/\/monatglobal.com\/lt\/wp-json\/wp\/v2\/users\/31"}],"replies":[{"embeddable":true,"href":"https:\/\/monatglobal.com\/lt\/wp-json\/wp\/v2\/comments?post=62679"}],"version-history":[{"count":0,"href":"https:\/\/monatglobal.com\/lt\/wp-json\/wp\/v2\/pages\/62679\/revisions"}],"wp:attachment":[{"href":"https:\/\/monatglobal.com\/lt\/wp-json\/wp\/v2\/media?parent=62679"}],"wp:term":[{"taxonomy":"category","embeddable":true,"href":"https:\/\/monatglobal.com\/lt\/wp-json\/wp\/v2\/categories?post=62679"},{"taxonomy":"post_tag","embeddable":true,"href":"https:\/\/monatglobal.com\/lt\/wp-json\/wp\/v2\/tags?post=62679"}],"curies":[{"name":"wp","href":"https:\/\/api.w.org\/{rel}","templated":true}]}}