{"id":62636,"date":"2021-09-01T09:00:18","date_gmt":"2021-09-01T08:00:18","guid":{"rendered":"https:\/\/monatglobal.com\/lt\/?page_id=62636"},"modified":"2026-04-01T12:30:24","modified_gmt":"2026-04-01T11:30:24","slug":"the-monat-opportunity","status":"publish","type":"page","link":"https:\/\/monatglobal.com\/lt\/the-monat-opportunity\/","title":{"rendered":"Galimyb\u0117"},"content":{"rendered":"\n\n\t<style>\n   :root {\n        --mediumSizeP: clamp(1.8rem, 1.6vw, 2.3rem);\n        --smallSizeP: clamp(1.4rem, 1.4vw, 1.8rem);\n        --bigGap: clamp(7rem, 9vw, 12rem);\n        --mediumGap: clamp(5.5rem, 8vw, 10rem);\n        --smallGap: clamp(4rem, 6vw, 6rem); \n   }  \n<\/style>\n    <a href=\"https:\/\/mymonat.com\/pyr_core\/v2_enrollments\/select_market?sponsor_id=&#038;enroll_params=profile_form_type%3Dexpress&#038;market=lt&#038;lang_code=lt\" target=\"_blank\">PRISIJUNKITE DABAR<\/a>\n    <section id=\"bannerSec\">\n            <h1>Metas su\u017eib\u0117ti!<\/h1> \n            \u017dI\u016aR\u0116TI VIS\u0104 \u012eRA\u0160\u0104\n        <!--<video src=\"https:\/\/monatglobal.com\/wp-content\/uploads\/2024\/11\/opp_video-video-converter.com_.mp4\" loop muted autoplay><\/video>-->\n    <\/section>\n    <section id=\"introSec\">\n        <p>\u012esivaizduokite, kad kuriate versl\u0105, kuris kei\u010diasi kartu su j\u016bs\u0173 gyvenimu, ir tuo pa\u010diu dalijat\u0117s savo kasdiene gro\u017eio rutina, naudodami auk\u0161\u010diausios kokyb\u0117s, nat\u016bralius produktus, kurie i\u0161ties veikia. <\/p>\n                 <video src=\"https:\/\/monatglobal.com\/wp-content\/uploads\/2024\/11\/opp_video-video-converter.com_.mp4\" loop muted autoplay><\/video>\n                 <img decoding=\"async\" src=\" https:\/\/monatglobal.com\/wp-content\/uploads\/2024\/11\/products-that-actually-work_img-web-min.jpg\" loading=\"lazy\"\/>\n                 <img decoding=\"async\" src=\"https:\/\/monatglobal.com\/wp-content\/uploads\/2019\/11\/play-btn-shadow.png\" loading=\"lazy\"\/>\u017dI\u016aR\u0116TI VIS\u0104 \u012eRA\u0160\u0104 \n            <img decoding=\"async\" src=\"https:\/\/monatglobal.com\/wp-content\/uploads\/2024\/11\/low-tox-products_img-web-min.jpg\" loading=\"lazy\"\/>\n    <\/section>\n    <section id=\"slideSec\">\n                <h2>Kod\u0117l <br \/> MONAT?<\/h2>\n                <p>Mes nesekame madomis, o jas diktuojame<\/p>\n                <img decoding=\"async\" src=\"https:\/\/monatglobal.com\/wp-content\/uploads\/2024\/11\/trends-we-set-them_slide1-min-2.jpg\" loading=\"lazy\"\/>\n                <img decoding=\"async\" src=\"https:\/\/monatglobal.com\/wp-content\/uploads\/2024\/11\/trends-we-set-them_slide2-min-2.jpg\" loading=\"lazy\"\/>\n                         <img decoding=\"async\" src=\"https:\/\/monatglobal.com\/wp-content\/uploads\/2024\/11\/trends-we-set-them_slide3-min.jpg\" loading=\"lazy\"\/>\n               <img decoding=\"async\" src=\"https:\/\/monatglobal.com\/wp-content\/uploads\/2024\/11\/trends-we-set-them_slide4-2024-min.jpg\" loading=\"lazy\"\/>\n                <img decoding=\"async\" src=\"https:\/\/monatglobal.com\/wp-content\/uploads\/2024\/11\/Why-MONAT-slide_img-5-2024-min.jpg\" loading=\"lazy\"\/>\n                   <img decoding=\"async\" src=\"https:\/\/monatglobal.com\/wp-content\/uploads\/2024\/11\/products-that-actually-work_img-web-min.jpg\" loading=\"lazy\"\/>\n            <!---->\n            <p>Mes nesame \u012fprastas gro\u017eio preki\u0173 \u017eenklas &#8211; esame spar\u010diausiai auganti plauk\u0173 prie\u017ei\u016bros \u012fmon\u0117 ir pirmasis tiesioginis auk\u0161\u010diausios kokyb\u0117s plauk\u0173 prie\u017ei\u016bros priemoni\u0173 pardav\u0117jas visame pasaulyje.<\/p>\n    <\/section>\n        <hr \/>\n        <section>\n                01\n                <h2>Auk\u0161\u010diausios <br \/>kokyb\u0117s produktai, <br \/> tikri rezultatai<\/h2>\n                <p>Nuo 2014 m. MONAT yra galvos odos prie\u017ei\u016bros novatoriai &#8211; gerokai anks\u010diau, nei tai tapo madinga.<br \/><br \/>  M\u016bs\u0173 pa\u017eangiausios sud\u0117tys su nat\u016braliais, netoksi\u0161kais ingredientais suteikia pakelia j\u016bs\u0173 plaukus, od\u0105 ir pasitik\u0117jim\u0105 savimi \u012f kit\u0105 lyg\u012f, kur\u012f galite matyti ir jausti. <\/p>\n                <img decoding=\"async\" src=\"https:\/\/monatglobal.com\/wp-content\/uploads\/2024\/11\/Premium-Products_img-web-min.jpg\" loading=\"lazy\"\/>\n                <img decoding=\"async\" src=\"https:\/\/monatglobal.com\/wp-content\/uploads\/2018\/03\/leaping-bunny-logo-600-540_400x600-e1520273768164.png\" loading=\"lazy\"\/>\n                <p>Be to, esame sertifikuoti \u201eLeaping Bunny&#8221; \u017eenklu, tod\u0117l \u017einokite, kad rimtai \u017ei\u016brime \u012f tai, kad b\u016btume draugi\u0161ki gyv\u016bnams.<\/p>\n                <img decoding=\"async\" src=\"https:\/\/monatglobal.com\/wp-content\/uploads\/2026\/01\/Premium-Products-Real-Results_awward-opportunity-min.jpg\" loading=\"lazy\"\/>\n                <p>Norite \u012frodym\u0173? Tiesiog pa\u017evelkite \u012f m\u016bs\u0173 \u017ead\u0105 atiman\u010dias \u201eprie\u0161&#8221; ir \u201epo&#8221; nuotraukas ir daugiau nei 80 apdovanojim\u0173 u\u017e produktus. Su MONAT j\u016bs\u0173 klientai nuolat gr\u012f\u0161, nes rezultatai <em>tokie<\/em> geri.<\/p>\n        <\/section>\n        <hr \/>\n        <section> \n                02\n                <h2>\u012edarbinkite <br \/>kasdien\u0119 savo <br \/>gro\u017eio rutin\u0105<\/h2>\n                <p>MONAT pagal skai\u010dius:<\/p>\n                     Pardav\u0117me daugiau nei 3,4 mlrd.<br \/><br \/>\n                        I\u0161mok\u0117jome daugiau nei 1,5 mlrd. doleri\u0173 komisini\u0173.<br \/><br \/>\n                        Pad\u0117jome daugiau nei 100 \u017emoni\u0173 pasiekti \u201eMillion Dollar Club&#8221;<br \/><br \/>\n                        Visa tai vos per 10 met\u0173!<br \/><br \/>\n                    \n                <img decoding=\"async\" src=\"https:\/\/monatglobal.com\/wp-content\/uploads\/2024\/11\/Monetize-Your-Beauty-Routine_img-web-min.jpg\" loading=\"lazy\"\/>\n            <p>MONAT galite lanks\u010diai veikti, gauti param\u0105 ir priemones savo tikslams pasiekti. Nem\u0117gstate laukti? Mes jums pad\u0117sime &#8211; turite galimyb\u0119 gauti atlyginim\u0105 iki 5 kart\u0173 per m\u0117nes\u012f, kai padedate kitiems atrasti MONAT. <\/p>\n        <\/section>\n        <hr \/>\n        <section> \n                03\n                <h2>Neprilygstamos bendruomen\u0117s<br \/> atmosfera<\/h2>\n                <p>Asmeninis augimas? Pad\u0117sime. Profesin\u0117s pergal\u0117s?  Neabejotinai.<\/p>\n                <p>Mes ne tik kuriame versl\u0105 &#8211; mes kuriame bendruomen\u0119. Galime suteikti vis\u0105 param\u0105, kurios galite pra\u0161yti; \u0161ioje kelion\u0117je niekada neliksite vieni. M\u016bs\u0173 bendruomen\u0117 yra tikrasis MVP.<\/p>\n                <img decoding=\"async\" src=\"https:\/\/monatglobal.com\/wp-content\/uploads\/2024\/11\/community-vibes_img-web-min.jpg\" loading=\"lazy\"\/>\n            <p>Tobul\u0117jimas yra gyvenimo b\u016bdas, o kai tampate geriausia savo versija, atveriate keli\u0105 kitiems siekti to paties. B\u016btent tai daro mus nesustabdomus.<\/p>\n        <\/section>\n        <hr \/>\n        <section> \n                04\n                <h2>Padarykite <br \/>skirtum\u0105<\/h2>\n                <p>MONAT DNR &#8211; tai m\u016bs\u0173 DNR. <\/p>\n                <img decoding=\"async\" src=\"https:\/\/monatglobal.com\/wp-content\/uploads\/2024\/11\/Make-a-Difference_img-web-min.jpg\" loading=\"lazy\"\/>\n                <p>Per \u201eMONAT Gratitude Foundation\u2122&#8221; jau paaukojome 8 milijonus JAV doleri\u0173 \u0161eimoms, veteranams ir vaik\u0173 \u0161vietimui remti. Bet tai tik prad\u017eia &#8211; j\u016bs taip pat galite tapti \u0161io jud\u0117jimo dalimi! <\/p>\n            <p>B\u016bdami MP partneriais, tur\u0117site galimyb\u0119 keisti tiek savo vietos bendruomen\u0119, tiek vis\u0105 pasaul\u012f dideliais ir ma\u017eais b\u016bdais. Kartu mes kei\u010diame gyvenimus ir darome ilgalaik\u012f poveik\u012f.<\/p>\n        <\/section>\n        <hr \/>\n        <section> \n                05\n                <h2>Sukurtas   <br \/> stabilumui ir  <br \/> s\u0117kmei<\/h2>\n                <p>M\u016bs\u0173 produktai gaminami JAV ir atitinka grie\u017etus Europos standartus, tod\u0117l yra vieni patikimiausi\u0173 gro\u017eio pasaulyje.<\/p>\n                <p>MONAT <b>priklauso \u0161eimai,<\/b> kuri visi\u0161kai kontroliuoja savo gamyb\u0105, mokslinius tyrimus ir taikom\u0105j\u0105 veikl\u0105, bendradarbiauja su visame pasaulyje \u017einomais gro\u017eio pramon\u0117s ekspertais. Tai leid\u017eia mums greitai diegti pa\u017eangiausias naujoves ir u\u017etikrinti nuolatin\u0119 auk\u0161\u010diausios kokyb\u0117s produkt\u0173 kokyb\u0119.<\/p>\n                <img decoding=\"async\" src=\"https:\/\/monatglobal.com\/wp-content\/uploads\/2024\/10\/Built-for-Stability-Success_img_web-min.jpg\" loading=\"lazy\"\/>\n            <p>MONAT \u012fk\u016br\u0117 Urdanet\u0173 \u0161eima &#8211; de\u0161imtme\u010dius patirties ir s\u0117km\u0117s pramon\u0117je turintys savininkai.  Jiems padeda patyrusi ir apdovanojimus pelniusi \u012fmon\u0117s komanda, kuri did\u017eiuojasi glaud\u017eia partneryste su MP partneriais.<\/p>\n        <\/section>\n        <hr \/>\n        <section> \n                06\n                <h2>Verslas <br \/> be sien\u0173<\/h2>\n                <p>O kadangi tikimasi, kad iki 2030 m. plauk\u0173 prie\u017ei\u016bros pramon\u0117 pasieks 35,49 mlrd. doleri\u0173, bendradarbiavimas su tokia lydere kaip MONAT yra rimtas laim\u0117jimas.<\/p>\n                <img decoding=\"async\" src=\"https:\/\/monatglobal.com\/wp-content\/uploads\/2026\/03\/A-Business-Without-Borders_img-web-2026-countries-april-1.jpg\" loading=\"lazy\"\/>\n                <p>Nuo \u0160iaur\u0117s iki Lotyn\u0173 Amerikos, per Europ\u0105 iki Azijos ir Ramiojo vandenyno regiono &#8211; esame jau 17 \u0161ali\u0173 ir tai dar ne pabaiga.<\/p>\n            <p>MONAT pasaulin\u0117 pl\u0117tra yra strategi\u0161kai svarbi.  Prie\u0161 pl\u0117sdami veikl\u0105 \u012f naujas \u0161alis, mes domim\u0117s ir tiriame, siekdami u\u017etikrinti, kad m\u016bs\u0173 MP partneriai b\u016bt\u0173 s\u0117kmingi ir tur\u0117t\u0173 pelning\u0105 versl\u0105.<\/p>\n            <!-- US ONLY -->\n                <p>Es tu futuro, conqu\u00edstalo. Tienes la oportunidad de convertirte en Fundador Visionario en Norteam\u00e9rica y calificar potencialmente para recibir recompensas trimestrales basadas en los mercados con mayores ventas.<\/p>\n                <img decoding=\"async\" src=\"https:\/\/monatglobal.com\/wp-content\/uploads\/2024\/11\/Visionary-Founder-in-North-America_img-web-min.jpg\" loading=\"lazy\"\/>\n            <h2>Sveiki atvyk\u0119 \u012f <br \/> kit\u0105  <br \/> skyri\u0173 <\/h2> \n            <p>Ar esate pasireng\u0119 pasakyti TAIP?  <\/p>\n            <p>I\u0161sirinkite produkt\u0173 rinkin\u012f, <br \/>\u012fsimyl\u0117kite ir prad\u0117kite \u0161vyt\u0117ti!<\/p>\n            <br \/>\n            <br \/>\n        <\/section>\n<br \/>\n<br \/>\n<br \/>\n<br \/> \n\n","protected":false},"excerpt":{"rendered":"<p>PRISIJUNKITE DABAR Metas su\u017eib\u0117ti! \u017dI\u016aR\u0116TI VIS\u0104 \u012eRA\u0160\u0104 \u012esivaizduokite, kad kuriate versl\u0105, kuris kei\u010diasi kartu su j\u016bs\u0173 gyvenimu, ir tuo pa\u010diu dalijat\u0117s savo kasdiene gro\u017eio rutina, naudodami auk\u0161\u010diausios kokyb\u0117s, nat\u016bralius produktus, kurie i\u0161ties veikia. \u017dI\u016aR\u0116TI VIS\u0104 \u012eRA\u0160\u0104 Kod\u0117l MONAT? Mes nesekame madomis, o jas diktuojame Mes nesame \u012fprastas gro\u017eio preki\u0173 \u017eenklas &#8211; esame spar\u010diausiai auganti plauk\u0173&hellip;<\/p>\n","protected":false},"author":31,"featured_media":0,"parent":0,"menu_order":0,"comment_status":"closed","ping_status":"closed","template":"","meta":{"inline_featured_image":false,"om_disable_all_campaigns":false,"_monsterinsights_skip_tracking":false,"_monsterinsights_sitenote_active":false,"_monsterinsights_sitenote_note":"","_monsterinsights_sitenote_category":0,"footnotes":""},"categories":[],"tags":[],"class_list":["post-62636","page","type-page","status-publish","hentry"],"aioseo_notices":[],"aioseo_head":"\n\t\t<!-- All in One SEO Pro 4.9.5.2 - aioseo.com -->\n\t<meta name=\"description\" content=\"PRISIJUNKITE DABAR Metas su\u017eib\u0117ti! \u017dI\u016aR\u0116TI VIS\u0104 \u012eRA\u0160\u0104 \u012esivaizduokite, kad kuriate versl\u0105, kuris kei\u010diasi kartu su j\u016bs\u0173 gyvenimu, ir tuo pa\u010diu dalijat\u0117s savo kasdiene gro\u017eio rutina, naudodami auk\u0161\u010diausios kokyb\u0117s, nat\u016bralius produktus, kurie i\u0161ties veikia. \u017dI\u016aR\u0116TI VIS\u0104 \u012eRA\u0160\u0104 Kod\u0117l MONAT? Mes nesekame madomis, o jas diktuojame Mes nesame \u012fprastas gro\u017eio preki\u0173 \u017eenklas - esame spar\u010diausiai auganti plauk\u0173\" \/>\n\t<meta name=\"robots\" content=\"max-image-preview:large\" \/>\n\t<link rel=\"canonical\" href=\"https:\/\/monatglobal.com\/lt\/the-monat-opportunity\/\" \/>\n\t<meta name=\"generator\" content=\"All in One SEO Pro (AIOSEO) 4.9.5.2\" \/>\n\t\t<meta property=\"og:locale\" content=\"lt_LT\" \/>\n\t\t<meta property=\"og:site_name\" content=\"MONAT Lithuania -\" \/>\n\t\t<meta property=\"og:type\" content=\"article\" \/>\n\t\t<meta property=\"og:title\" content=\"Galimyb\u0117 - MONAT Lithuania\" \/>\n\t\t<meta property=\"og:description\" content=\"PRISIJUNKITE DABAR Metas su\u017eib\u0117ti! \u017dI\u016aR\u0116TI VIS\u0104 \u012eRA\u0160\u0104 \u012esivaizduokite, kad kuriate versl\u0105, kuris kei\u010diasi kartu su j\u016bs\u0173 gyvenimu, ir tuo pa\u010diu dalijat\u0117s savo kasdiene gro\u017eio rutina, naudodami auk\u0161\u010diausios kokyb\u0117s, nat\u016bralius produktus, kurie i\u0161ties veikia. \u017dI\u016aR\u0116TI VIS\u0104 \u012eRA\u0160\u0104 Kod\u0117l MONAT? Mes nesekame madomis, o jas diktuojame Mes nesame \u012fprastas gro\u017eio preki\u0173 \u017eenklas - esame spar\u010diausiai auganti plauk\u0173\" \/>\n\t\t<meta property=\"og:url\" content=\"https:\/\/monatglobal.com\/lt\/the-monat-opportunity\/\" \/>\n\t\t<meta property=\"article:published_time\" content=\"2021-09-01T08:00:18+00:00\" \/>\n\t\t<meta property=\"article:modified_time\" content=\"2026-04-01T11:30:24+00:00\" \/>\n\t\t<meta name=\"twitter:card\" content=\"summary_large_image\" \/>\n\t\t<meta name=\"twitter:title\" content=\"Galimyb\u0117 - MONAT Lithuania\" \/>\n\t\t<meta name=\"twitter:description\" content=\"PRISIJUNKITE DABAR Metas su\u017eib\u0117ti! \u017dI\u016aR\u0116TI VIS\u0104 \u012eRA\u0160\u0104 \u012esivaizduokite, kad kuriate versl\u0105, kuris kei\u010diasi kartu su j\u016bs\u0173 gyvenimu, ir tuo pa\u010diu dalijat\u0117s savo kasdiene gro\u017eio rutina, naudodami auk\u0161\u010diausios kokyb\u0117s, nat\u016bralius produktus, kurie i\u0161ties veikia. \u017dI\u016aR\u0116TI VIS\u0104 \u012eRA\u0160\u0104 Kod\u0117l MONAT? Mes nesekame madomis, o jas diktuojame Mes nesame \u012fprastas gro\u017eio preki\u0173 \u017eenklas - esame spar\u010diausiai auganti plauk\u0173\" \/>\n\t\t<script type=\"application\/ld+json\" class=\"aioseo-schema\">\n\t\t\t{\"@context\":\"https:\\\/\\\/schema.org\",\"@graph\":[{\"@type\":\"BreadcrumbList\",\"@id\":\"https:\\\/\\\/monatglobal.com\\\/lt\\\/the-monat-opportunity\\\/#breadcrumblist\",\"itemListElement\":[{\"@type\":\"ListItem\",\"@id\":\"https:\\\/\\\/monatglobal.com\\\/lt#listItem\",\"position\":1,\"name\":\"Home\",\"item\":\"https:\\\/\\\/monatglobal.com\\\/lt\",\"nextItem\":{\"@type\":\"ListItem\",\"@id\":\"https:\\\/\\\/monatglobal.com\\\/lt\\\/the-monat-opportunity\\\/#listItem\",\"name\":\"Galimyb\\u0117\"}},{\"@type\":\"ListItem\",\"@id\":\"https:\\\/\\\/monatglobal.com\\\/lt\\\/the-monat-opportunity\\\/#listItem\",\"position\":2,\"name\":\"Galimyb\\u0117\",\"previousItem\":{\"@type\":\"ListItem\",\"@id\":\"https:\\\/\\\/monatglobal.com\\\/lt#listItem\",\"name\":\"Home\"}}]},{\"@type\":\"Organization\",\"@id\":\"https:\\\/\\\/monatglobal.com\\\/lt\\\/#organization\",\"name\":\"MONAT Lithuania\",\"url\":\"https:\\\/\\\/monatglobal.com\\\/lt\\\/\"},{\"@type\":\"WebPage\",\"@id\":\"https:\\\/\\\/monatglobal.com\\\/lt\\\/the-monat-opportunity\\\/#webpage\",\"url\":\"https:\\\/\\\/monatglobal.com\\\/lt\\\/the-monat-opportunity\\\/\",\"name\":\"Galimyb\\u0117 - MONAT Lithuania\",\"description\":\"PRISIJUNKITE DABAR Metas su\\u017eib\\u0117ti! \\u017dI\\u016aR\\u0116TI VIS\\u0104 \\u012eRA\\u0160\\u0104 \\u012esivaizduokite, kad kuriate versl\\u0105, kuris kei\\u010diasi kartu su j\\u016bs\\u0173 gyvenimu, ir tuo pa\\u010diu dalijat\\u0117s savo kasdiene gro\\u017eio rutina, naudodami auk\\u0161\\u010diausios kokyb\\u0117s, nat\\u016bralius produktus, kurie i\\u0161ties veikia. \\u017dI\\u016aR\\u0116TI VIS\\u0104 \\u012eRA\\u0160\\u0104 Kod\\u0117l MONAT? Mes nesekame madomis, o jas diktuojame Mes nesame \\u012fprastas gro\\u017eio preki\\u0173 \\u017eenklas - esame spar\\u010diausiai auganti plauk\\u0173\",\"inLanguage\":\"lt-LT\",\"isPartOf\":{\"@id\":\"https:\\\/\\\/monatglobal.com\\\/lt\\\/#website\"},\"breadcrumb\":{\"@id\":\"https:\\\/\\\/monatglobal.com\\\/lt\\\/the-monat-opportunity\\\/#breadcrumblist\"},\"datePublished\":\"2021-09-01T09:00:18+01:00\",\"dateModified\":\"2026-04-01T12:30:24+01:00\"},{\"@type\":\"WebSite\",\"@id\":\"https:\\\/\\\/monatglobal.com\\\/lt\\\/#website\",\"url\":\"https:\\\/\\\/monatglobal.com\\\/lt\\\/\",\"name\":\"MONAT Lithuania\",\"inLanguage\":\"lt-LT\",\"publisher\":{\"@id\":\"https:\\\/\\\/monatglobal.com\\\/lt\\\/#organization\"}}]}\n\t\t<\/script>\n\t\t<!-- All in One SEO Pro -->\r\n\t\t<title>Galimyb\u0117 - MONAT Lithuania<\/title>\n\n","aioseo_head_json":{"title":"Galimyb\u0117 - MONAT Lithuania","description":"PRISIJUNKITE DABAR Metas su\u017eib\u0117ti! \u017dI\u016aR\u0116TI VIS\u0104 \u012eRA\u0160\u0104 \u012esivaizduokite, kad kuriate versl\u0105, kuris kei\u010diasi kartu su j\u016bs\u0173 gyvenimu, ir tuo pa\u010diu dalijat\u0117s savo kasdiene gro\u017eio rutina, naudodami auk\u0161\u010diausios kokyb\u0117s, nat\u016bralius produktus, kurie i\u0161ties veikia. \u017dI\u016aR\u0116TI VIS\u0104 \u012eRA\u0160\u0104 Kod\u0117l MONAT? Mes nesekame madomis, o jas diktuojame Mes nesame \u012fprastas gro\u017eio preki\u0173 \u017eenklas - esame spar\u010diausiai auganti plauk\u0173","canonical_url":"https:\/\/monatglobal.com\/lt\/the-monat-opportunity\/","robots":"max-image-preview:large","keywords":"","webmasterTools":{"miscellaneous":""},"schema":{"@context":"https:\/\/schema.org","@graph":[{"@type":"BreadcrumbList","@id":"https:\/\/monatglobal.com\/lt\/the-monat-opportunity\/#breadcrumblist","itemListElement":[{"@type":"ListItem","@id":"https:\/\/monatglobal.com\/lt#listItem","position":1,"name":"Home","item":"https:\/\/monatglobal.com\/lt","nextItem":{"@type":"ListItem","@id":"https:\/\/monatglobal.com\/lt\/the-monat-opportunity\/#listItem","name":"Galimyb\u0117"}},{"@type":"ListItem","@id":"https:\/\/monatglobal.com\/lt\/the-monat-opportunity\/#listItem","position":2,"name":"Galimyb\u0117","previousItem":{"@type":"ListItem","@id":"https:\/\/monatglobal.com\/lt#listItem","name":"Home"}}]},{"@type":"Organization","@id":"https:\/\/monatglobal.com\/lt\/#organization","name":"MONAT Lithuania","url":"https:\/\/monatglobal.com\/lt\/"},{"@type":"WebPage","@id":"https:\/\/monatglobal.com\/lt\/the-monat-opportunity\/#webpage","url":"https:\/\/monatglobal.com\/lt\/the-monat-opportunity\/","name":"Galimyb\u0117 - MONAT Lithuania","description":"PRISIJUNKITE DABAR Metas su\u017eib\u0117ti! \u017dI\u016aR\u0116TI VIS\u0104 \u012eRA\u0160\u0104 \u012esivaizduokite, kad kuriate versl\u0105, kuris kei\u010diasi kartu su j\u016bs\u0173 gyvenimu, ir tuo pa\u010diu dalijat\u0117s savo kasdiene gro\u017eio rutina, naudodami auk\u0161\u010diausios kokyb\u0117s, nat\u016bralius produktus, kurie i\u0161ties veikia. \u017dI\u016aR\u0116TI VIS\u0104 \u012eRA\u0160\u0104 Kod\u0117l MONAT? Mes nesekame madomis, o jas diktuojame Mes nesame \u012fprastas gro\u017eio preki\u0173 \u017eenklas - esame spar\u010diausiai auganti plauk\u0173","inLanguage":"lt-LT","isPartOf":{"@id":"https:\/\/monatglobal.com\/lt\/#website"},"breadcrumb":{"@id":"https:\/\/monatglobal.com\/lt\/the-monat-opportunity\/#breadcrumblist"},"datePublished":"2021-09-01T09:00:18+01:00","dateModified":"2026-04-01T12:30:24+01:00"},{"@type":"WebSite","@id":"https:\/\/monatglobal.com\/lt\/#website","url":"https:\/\/monatglobal.com\/lt\/","name":"MONAT Lithuania","inLanguage":"lt-LT","publisher":{"@id":"https:\/\/monatglobal.com\/lt\/#organization"}}]},"og:locale":"lt_LT","og:site_name":"MONAT Lithuania -","og:type":"article","og:title":"Galimyb\u0117 - MONAT Lithuania","og:description":"PRISIJUNKITE DABAR Metas su\u017eib\u0117ti! \u017dI\u016aR\u0116TI VIS\u0104 \u012eRA\u0160\u0104 \u012esivaizduokite, kad kuriate versl\u0105, kuris kei\u010diasi kartu su j\u016bs\u0173 gyvenimu, ir tuo pa\u010diu dalijat\u0117s savo kasdiene gro\u017eio rutina, naudodami auk\u0161\u010diausios kokyb\u0117s, nat\u016bralius produktus, kurie i\u0161ties veikia. \u017dI\u016aR\u0116TI VIS\u0104 \u012eRA\u0160\u0104 Kod\u0117l MONAT? Mes nesekame madomis, o jas diktuojame Mes nesame \u012fprastas gro\u017eio preki\u0173 \u017eenklas - esame spar\u010diausiai auganti plauk\u0173","og:url":"https:\/\/monatglobal.com\/lt\/the-monat-opportunity\/","article:published_time":"2021-09-01T08:00:18+00:00","article:modified_time":"2026-04-01T11:30:24+00:00","twitter:card":"summary_large_image","twitter:title":"Galimyb\u0117 - MONAT Lithuania","twitter:description":"PRISIJUNKITE DABAR Metas su\u017eib\u0117ti! \u017dI\u016aR\u0116TI VIS\u0104 \u012eRA\u0160\u0104 \u012esivaizduokite, kad kuriate versl\u0105, kuris kei\u010diasi kartu su j\u016bs\u0173 gyvenimu, ir tuo pa\u010diu dalijat\u0117s savo kasdiene gro\u017eio rutina, naudodami auk\u0161\u010diausios kokyb\u0117s, nat\u016bralius produktus, kurie i\u0161ties veikia. \u017dI\u016aR\u0116TI VIS\u0104 \u012eRA\u0160\u0104 Kod\u0117l MONAT? Mes nesekame madomis, o jas diktuojame Mes nesame \u012fprastas gro\u017eio preki\u0173 \u017eenklas - esame spar\u010diausiai auganti plauk\u0173"},"aioseo_meta_data":{"post_id":"62636","title":null,"description":null,"keywords":null,"keyphrases":null,"primary_term":null,"canonical_url":null,"og_title":null,"og_description":null,"og_object_type":"default","og_image_type":"default","og_image_url":null,"og_image_width":null,"og_image_height":null,"og_image_custom_url":null,"og_image_custom_fields":null,"og_video":null,"og_custom_url":null,"og_article_section":null,"og_article_tags":null,"twitter_use_og":false,"twitter_card":"default","twitter_image_type":"default","twitter_image_url":null,"twitter_image_custom_url":null,"twitter_image_custom_fields":null,"twitter_title":null,"twitter_description":null,"schema":{"blockGraphs":[],"customGraphs":[],"default":{"data":{"Article":[],"Course":[],"Dataset":[],"FAQPage":[],"Movie":[],"Person":[],"Product":[],"ProductReview":[],"Car":[],"Recipe":[],"Service":[],"SoftwareApplication":[],"WebPage":[]},"graphName":"WebPage","isEnabled":true},"graphs":[]},"schema_type":"default","schema_type_options":null,"pillar_content":false,"robots_default":true,"robots_noindex":false,"robots_noarchive":false,"robots_nosnippet":false,"robots_nofollow":false,"robots_noimageindex":false,"robots_noodp":false,"robots_notranslate":false,"robots_max_snippet":null,"robots_max_videopreview":null,"robots_max_imagepreview":"large","priority":null,"frequency":null,"local_seo":null,"seo_analyzer_scan_date":"2026-04-01 12:41:06","breadcrumb_settings":null,"limit_modified_date":false,"reviewed_by":null,"open_ai":null,"ai":null,"created":"2023-07-26 19:08:15","updated":"2026-04-01 12:43:10"},"aioseo_breadcrumb":"<div class=\"aioseo-breadcrumbs\"><span class=\"aioseo-breadcrumb\">\n\t<a href=\"https:\/\/monatglobal.com\/lt\" title=\"Home\">Home<\/a>\n<\/span><span class=\"aioseo-breadcrumb-separator\">&raquo;<\/span><span class=\"aioseo-breadcrumb\">\n\tGalimyb\u0117\n<\/span><\/div>","aioseo_breadcrumb_json":[{"label":"Home","link":"https:\/\/monatglobal.com\/lt"},{"label":"Galimyb\u0117","link":"https:\/\/monatglobal.com\/lt\/the-monat-opportunity\/"}],"_links":{"self":[{"href":"https:\/\/monatglobal.com\/lt\/wp-json\/wp\/v2\/pages\/62636","targetHints":{"allow":["GET"]}}],"collection":[{"href":"https:\/\/monatglobal.com\/lt\/wp-json\/wp\/v2\/pages"}],"about":[{"href":"https:\/\/monatglobal.com\/lt\/wp-json\/wp\/v2\/types\/page"}],"author":[{"embeddable":true,"href":"https:\/\/monatglobal.com\/lt\/wp-json\/wp\/v2\/users\/31"}],"replies":[{"embeddable":true,"href":"https:\/\/monatglobal.com\/lt\/wp-json\/wp\/v2\/comments?post=62636"}],"version-history":[{"count":23,"href":"https:\/\/monatglobal.com\/lt\/wp-json\/wp\/v2\/pages\/62636\/revisions"}],"predecessor-version":[{"id":109328,"href":"https:\/\/monatglobal.com\/lt\/wp-json\/wp\/v2\/pages\/62636\/revisions\/109328"}],"wp:attachment":[{"href":"https:\/\/monatglobal.com\/lt\/wp-json\/wp\/v2\/media?parent=62636"}],"wp:term":[{"taxonomy":"category","embeddable":true,"href":"https:\/\/monatglobal.com\/lt\/wp-json\/wp\/v2\/categories?post=62636"},{"taxonomy":"post_tag","embeddable":true,"href":"https:\/\/monatglobal.com\/lt\/wp-json\/wp\/v2\/tags?post=62636"}],"curies":[{"name":"wp","href":"https:\/\/api.w.org\/{rel}","templated":true}]}}