{"id":62535,"date":"2022-05-01T05:03:42","date_gmt":"2022-05-01T04:03:42","guid":{"rendered":"https:\/\/monatglobal.com\/lt\/?page_id=62535"},"modified":"2025-11-27T00:18:18","modified_gmt":"2025-11-27T00:18:18","slug":"vip","status":"publish","type":"page","link":"https:\/\/monatglobal.com\/lt\/vip\/","title":{"rendered":"vip"},"content":{"rendered":"\n\n\t<style>\n    :root{\n        --gray: #F4F3F2;\n        --green: #8C966A;\n    } \n<\/style>\n    <section id=\"bannerSec\">\n            <h3>Sveiki prisijung\u0119 prie <\/h3>\n            <img decoding=\"async\" id=\"monatLogo_w\" src=\"https:\/\/monatglobal.com\/wp-content\/uploads\/2023\/08\/monat-logo-white-1.svg\" alt=\"monat logo\"\/>\n            <h1>\u201eVIP Perks\u2122&#8221;<br \/> PROGRAMOS<\/h1> \n            <h2>Privilegijos jums tinka.<\/h2>\n            <a href=\"https:\/\/corp.mymonat.com\/pyr_core\/v2_enrollments\/select_market?enroll_params=profile_form_type%3Dvip_for_life&#038;lang_code=lt&#038;market=LT\" target=\"_blank\" rel=\"noopener\">PRISIJUNGTI DABAR<\/a>\n    <\/section> \n        <a href=\"https:\/\/monatglobal.com\/lt\/vip\/#healthy-savings\">PUIKIOS NUOLAIDOS<\/a> \n        <a href=\"https:\/\/monatglobal.com\/lt\/vip\/#exclusive-rewards\">I\u0160SKIRTINIAI PASKATINIMAI<\/a>\n        <a href=\"https:\/\/monatglobal.com\/lt\/vip\/#beautiful-results\">GERI REZULTATAI<\/a>\n    <img decoding=\"async\" src=\"https:\/\/monatglobal.com\/wp-content\/uploads\/2024\/11\/vip-perks-main-banner-2024-final-min.jpg\" alt=\"A woman with dark brown hair sitting on a couch, smiling while holding a MONAT Product bottle, set in a cozy, natural-lit living room\" loading=\"lazy\"\/>\n    <img decoding=\"async\" src=\"https:\/\/monatglobal.com\/wp-content\/uploads\/2024\/11\/vip-perks-main-banner-2024-mobile-min.jpg\" alt=\"A woman with dark brown hair sitting on a couch, smiling while holding a MONAT Product bottle, set in a cozy, natural-lit living room\" loading=\"lazy\"\/>\n        <p>Tapkite MONAT VIP klientu ir m\u0117gaukit\u0117s daugybe privilegij\u0173, \u012fskaitant puikias nuolaidas, i\u0161skirtinius apdovanojimus, gerus rezultatus ir dar daugiau.<\/p>\n        <p>Prisijunkite \u0161iandien ir prad\u0117kite naudotis privilegijomis!<\/p>\n    <section id=\"healthy-savings\">\n                <h2>01 PUIKIOS <br \/> NUOLAIDOS<\/h2>\n            <img decoding=\"async\" src=\"https:\/\/monatglobal.com\/uk\/wp-content\/uploads\/sites\/6\/2024\/11\/HEALTHY-SAVINGS-banner-EU.jpg\" alt=\"A blonde woman wearing a white top smiling as she holds a yellow bottle of Monat product outdoors near a poolside.\" loading=\"lazy\"\/>\n                <img decoding=\"async\" src=\"https:\/\/monatglobal.com\/wp-content\/uploads\/2024\/11\/15-OFF-LITHUANIAN.svg\" alt=\"15 off icon\"\/> \n                <h3>15 % NUOLAIDA <\/h3>\n                <p>Kiekvienam produktui. Kiekvien\u0105 dien\u0105.<\/p>\n                <p>Visada gausite 15 % nuolaid\u0105 visiems MONAT&nbsp;produktams.<\/p>\n                <img decoding=\"async\" src=\"https:\/\/monatglobal.com\/wp-content\/uploads\/2024\/11\/PURCHASE.svg\" alt=\"PURCHASE+ icon\"\/>\n                <h3>SUTAUPYKITE DAR DAUGIAU SU<\/h3>\n                <p>MONAT \u201ePurchase +\u2122&#8221;<\/p>\n                <p>Gaukite papildom\u0105 15-25 % nuolaid\u0105, priklausomai nuo bendros u\u017esakymo&nbsp;sumos.<\/p>\n                <img decoding=\"async\" src=\"https:\/\/monatglobal.com\/wp-content\/uploads\/2024\/11\/FLAT-RATE-SHIPPING.svg\" alt=\"FLAT RATE SHIPPING icon\"\/>\n                <h3>NEMOKAMAS <br \/> PRISTATYMAS<\/h3>\n                <p>Du m\u0117gstamiausi \u017eod\u017eiai.<\/p>\n                <p>Suplanuoti \u201eFlexship&#8221; u\u017esakymai u\u017e 75 \u20ac ir daugiau visada siun\u010diami&nbsp;nemokamai.<\/p>\n    <\/section>\n    <section id=\"exclusive-rewards\">\n            <img decoding=\"async\" src=\"https:\/\/monatglobal.com\/wp-content\/uploads\/2024\/11\/Exclusive-Rewards-NA-pages-min.jpg\" alt=\"A brunette woman holding and examining two Monat product bottles in a warm, homey setting with light wood tones.\" loading=\"lazy\"\/>\n                <h2>02 I\u0160SKIRTINIAI <br \/> PASKATINIMAI<\/h2>\n                <img decoding=\"async\" src=\"https:\/\/monatglobal.com\/wp-content\/uploads\/2024\/11\/VIP-POINTS.svg\" alt=\"VIP POINTS icon\"\/>\n                <h3>VIP KLIENTO TA\u0160KAI<\/h3>\n                <p>U\u017edirbkite. Atsiimkite. Sutaupykite.<\/p>\n                <p>Kaskart apsipirkdami kaupkite ta\u0161kus ir v\u0117liau juos i\u0161keiskite \u012f i\u0161skirtines dovanas, \u012fskaitant rekomenduojamus produktus ar papildomas&nbsp;nuolaidas.<\/p>\n                <img decoding=\"async\" src=\"https:\/\/monatglobal.com\/wp-content\/uploads\/2024\/11\/BIRTHDAY-GIFT.svg\" alt=\"BIRTHDAY GIFT icon\"\/>\n                <h3>GIMTADIENIO <br \/> KUPONAS<\/h3>\n                <p>M\u016bs\u0173 ypatinga dovana.<\/p>\n                <p>Gimtadienio proga gaukite 25 \u20ac kupon\u0105.<\/p>\n                <img decoding=\"async\" src=\"https:\/\/monatglobal.com\/wp-content\/uploads\/2024\/11\/ANNI-GIFT.svg\" alt=\"ANNI GIFT icon\"\/>\n                <h3>JUBILIEJIN\u0116 <br \/> DOVANA<\/h3>\n                <p>Vertiname jus.<\/p>\n                <p>J\u016bs\u0173 VIP kliento naryst\u0117s metini\u0173 proga dovanojame 10&nbsp;\u20ac kupon\u0105.<\/p>\n    <\/section>\n    <section id=\"beautiful-results\"> \n                <h2>03 GERI <br \/> REZULTATAI<\/h2> \n            <img decoding=\"async\" src=\"https:\/\/monatglobal.com\/uk\/wp-content\/uploads\/sites\/6\/2024\/11\/Beautiful-Results-EU-2024-min.jpg\" alt=\"A dark-haired woman in a bathroom, smiling while reaching for a Monat product on a stylish shelf filled with other beauty products.\" loading=\"lazy\"\/>\n                <img decoding=\"async\" src=\"https:\/\/monatglobal.com\/wp-content\/uploads\/2024\/11\/FLEXSHIP-1.svg\" alt=\"FLEXSHIP icon\"\/>\n                <h3>\u201eFLEXSHIP&#8221;<\/h3>\n                <p>Niekada nepritr\u016bksite b\u016btiniausi\u0173 produkt\u0173.<\/p>\n                <p>Patys pasirinkite produktus ir j\u0173 pristatymo da\u017enum\u0105 &#8211; kas 30 arba 60 dien\u0173 &#8211; ir bet kada atnaujinkite u\u017esakym\u0105 arba koreguokite grafik\u0105.<\/p>\n                <img decoding=\"async\" src=\"https:\/\/monatglobal.com\/wp-content\/uploads\/2024\/11\/FREE-PRODUCTS-LITHUANIAN.svg\" alt=\"FREE icon\"\/>\n                <h3>NEMOKAMI <br \/> PRODUKTAI<\/h3>\n                <p>Tur\u0117ti \u201eFlexship&#8221; apsimoka.<\/p>\n                <p>Gaukite NEMOKAM\u0104 produkt\u0105 su antruoju, tre\u010diuoju ir ketvirtuoju \u201eFlexship&#8221; u\u017esakymu u\u017e 75 \u20ac arba daugiau.<\/p>\n                <img decoding=\"async\" src=\"https:\/\/monatglobal.com\/wp-content\/uploads\/2024\/11\/SALES-AND-PROMOS.svg\" alt=\"SALES AND PROMOS icon\"\/>\n                <h3>I\u0160SKIRTINIAI PASI\u016aLYMAI <br \/> IR \u201eFLASH SALES&#8221;<\/h3>\n                <p>VIP kliento akcijos ir galimyb\u0117s.<\/p>\n                <p>Gaunate i\u0161skirtin\u0119 prieig\u0105 prie \u201eFlash Sales&#8221; ir speciali\u0173 pasi\u016blym\u0173, leid\u017eian\u010di\u0173 sutaupyti dar daugiau.<\/p>\n    <\/section>\n<section id=\"preFooter\">\n    <h2>PASIRUO\u0160\u0118 TAPTI <br \/> MONAT VIP KLIENTU?<\/h2>\n    <p>\u017denkite \u017eingsn\u012f link geresni\u0173 plauk\u0173 ir odos. <br \/> Prad\u0117kite rinkti VIP kliento ta\u0161kus u\u017e kiekvien\u0105 pirkin\u012f ir steb\u0117kite, kaip kaupiasi atlygis.<\/p>\n    <a href=\"https:\/\/corp.mymonat.com\/pyr_core\/v2_enrollments\/select_market?enroll_params=profile_form_type%3Dvip_for_life&#038;lang_code=lt&#038;market=LT\" target=\"_blank\" rel=\"noopener\">PRISIJUNGTI DABAR<\/a>\n    <a href=\"https:\/\/monatglobal.com\/lt\/wp-content\/uploads\/sites\/11\/2025\/11\/LT_MONAT-VIP-Perks\u2122-FAQs_111725_v6.pdf\" target=\"_blank\" id=\"faq_btn\" rel=\"noopener\">MONAT VIP PERKS\u2122 DUK<\/a>\n    <a href=\"https:\/\/monatglobal.com\/lt\/wp-content\/uploads\/sites\/11\/2024\/11\/LT_MONAT-VIP-Perks\u2122_TC_112124_v2-2.pdf\" target=\"_blank\" id=\"faq_btn\" rel=\"noopener\">S\u0104LYGOS IR NUOSTATOS<\/a>\n<\/section>\n\n","protected":false},"excerpt":{"rendered":"<p>Sveiki prisijung\u0119 prie \u201eVIP Perks\u2122&#8221; PROGRAMOS Privilegijos jums tinka. PRISIJUNGTI DABAR PUIKIOS NUOLAIDOS I\u0160SKIRTINIAI PASKATINIMAI GERI REZULTATAI Tapkite MONAT VIP klientu ir m\u0117gaukit\u0117s daugybe privilegij\u0173, \u012fskaitant puikias nuolaidas, i\u0161skirtinius apdovanojimus, gerus rezultatus ir dar daugiau. Prisijunkite \u0161iandien ir prad\u0117kite naudotis privilegijomis! 01 PUIKIOS NUOLAIDOS 15 % NUOLAIDA Kiekvienam produktui. Kiekvien\u0105 dien\u0105. Visada gausite 15 %&hellip;<\/p>\n","protected":false},"author":31,"featured_media":0,"parent":0,"menu_order":0,"comment_status":"closed","ping_status":"closed","template":"","meta":{"inline_featured_image":false,"om_disable_all_campaigns":false,"_monsterinsights_skip_tracking":false,"_monsterinsights_sitenote_active":false,"_monsterinsights_sitenote_note":"","_monsterinsights_sitenote_category":0,"footnotes":""},"categories":[],"tags":[],"class_list":["post-62535","page","type-page","status-publish","hentry"],"aioseo_notices":[],"aioseo_head":"\n\t\t<!-- All in One SEO Pro 4.9.5.2 - aioseo.com -->\n\t<meta name=\"description\" content=\"Sveiki prisijung\u0119 prie \u201eVIP Perks\u2122&quot; PROGRAMOS Privilegijos jums tinka. PRISIJUNGTI DABAR PUIKIOS NUOLAIDOS I\u0160SKIRTINIAI PASKATINIMAI GERI REZULTATAI Tapkite MONAT VIP klientu ir m\u0117gaukit\u0117s daugybe privilegij\u0173, \u012fskaitant puikias nuolaidas, i\u0161skirtinius apdovanojimus, gerus rezultatus ir dar daugiau. Prisijunkite \u0161iandien ir prad\u0117kite naudotis privilegijomis! 01 PUIKIOS NUOLAIDOS 15 % NUOLAIDA Kiekvienam produktui. Kiekvien\u0105 dien\u0105. Visada gausite 15 %\" \/>\n\t<meta name=\"robots\" content=\"max-image-preview:large\" \/>\n\t<link rel=\"canonical\" href=\"https:\/\/monatglobal.com\/lt\/vip\/\" \/>\n\t<meta name=\"generator\" content=\"All in One SEO Pro (AIOSEO) 4.9.5.2\" \/>\n\t\t<meta property=\"og:locale\" content=\"lt_LT\" \/>\n\t\t<meta property=\"og:site_name\" content=\"MONAT Lithuania -\" \/>\n\t\t<meta property=\"og:type\" content=\"article\" \/>\n\t\t<meta property=\"og:title\" content=\"vip - MONAT Lithuania\" \/>\n\t\t<meta property=\"og:description\" content=\"Sveiki prisijung\u0119 prie \u201eVIP Perks\u2122&quot; PROGRAMOS Privilegijos jums tinka. PRISIJUNGTI DABAR PUIKIOS NUOLAIDOS I\u0160SKIRTINIAI PASKATINIMAI GERI REZULTATAI Tapkite MONAT VIP klientu ir m\u0117gaukit\u0117s daugybe privilegij\u0173, \u012fskaitant puikias nuolaidas, i\u0161skirtinius apdovanojimus, gerus rezultatus ir dar daugiau. Prisijunkite \u0161iandien ir prad\u0117kite naudotis privilegijomis! 01 PUIKIOS NUOLAIDOS 15 % NUOLAIDA Kiekvienam produktui. Kiekvien\u0105 dien\u0105. Visada gausite 15 %\" \/>\n\t\t<meta property=\"og:url\" content=\"https:\/\/monatglobal.com\/lt\/vip\/\" \/>\n\t\t<meta property=\"article:published_time\" content=\"2022-05-01T04:03:42+00:00\" \/>\n\t\t<meta property=\"article:modified_time\" content=\"2025-11-27T00:18:18+00:00\" \/>\n\t\t<meta name=\"twitter:card\" content=\"summary_large_image\" \/>\n\t\t<meta name=\"twitter:title\" content=\"vip - MONAT Lithuania\" \/>\n\t\t<meta name=\"twitter:description\" content=\"Sveiki prisijung\u0119 prie \u201eVIP Perks\u2122&quot; PROGRAMOS Privilegijos jums tinka. PRISIJUNGTI DABAR PUIKIOS NUOLAIDOS I\u0160SKIRTINIAI PASKATINIMAI GERI REZULTATAI Tapkite MONAT VIP klientu ir m\u0117gaukit\u0117s daugybe privilegij\u0173, \u012fskaitant puikias nuolaidas, i\u0161skirtinius apdovanojimus, gerus rezultatus ir dar daugiau. Prisijunkite \u0161iandien ir prad\u0117kite naudotis privilegijomis! 01 PUIKIOS NUOLAIDOS 15 % NUOLAIDA Kiekvienam produktui. Kiekvien\u0105 dien\u0105. Visada gausite 15 %\" \/>\n\t\t<script type=\"application\/ld+json\" class=\"aioseo-schema\">\n\t\t\t{\"@context\":\"https:\\\/\\\/schema.org\",\"@graph\":[{\"@type\":\"BreadcrumbList\",\"@id\":\"https:\\\/\\\/monatglobal.com\\\/lt\\\/vip\\\/#breadcrumblist\",\"itemListElement\":[{\"@type\":\"ListItem\",\"@id\":\"https:\\\/\\\/monatglobal.com\\\/lt#listItem\",\"position\":1,\"name\":\"Home\",\"item\":\"https:\\\/\\\/monatglobal.com\\\/lt\",\"nextItem\":{\"@type\":\"ListItem\",\"@id\":\"https:\\\/\\\/monatglobal.com\\\/lt\\\/vip\\\/#listItem\",\"name\":\"vip\"}},{\"@type\":\"ListItem\",\"@id\":\"https:\\\/\\\/monatglobal.com\\\/lt\\\/vip\\\/#listItem\",\"position\":2,\"name\":\"vip\",\"previousItem\":{\"@type\":\"ListItem\",\"@id\":\"https:\\\/\\\/monatglobal.com\\\/lt#listItem\",\"name\":\"Home\"}}]},{\"@type\":\"Organization\",\"@id\":\"https:\\\/\\\/monatglobal.com\\\/lt\\\/#organization\",\"name\":\"MONAT Lithuania\",\"url\":\"https:\\\/\\\/monatglobal.com\\\/lt\\\/\"},{\"@type\":\"WebPage\",\"@id\":\"https:\\\/\\\/monatglobal.com\\\/lt\\\/vip\\\/#webpage\",\"url\":\"https:\\\/\\\/monatglobal.com\\\/lt\\\/vip\\\/\",\"name\":\"vip - MONAT Lithuania\",\"description\":\"Sveiki prisijung\\u0119 prie \\u201eVIP Perks\\u2122\\\" PROGRAMOS Privilegijos jums tinka. PRISIJUNGTI DABAR PUIKIOS NUOLAIDOS I\\u0160SKIRTINIAI PASKATINIMAI GERI REZULTATAI Tapkite MONAT VIP klientu ir m\\u0117gaukit\\u0117s daugybe privilegij\\u0173, \\u012fskaitant puikias nuolaidas, i\\u0161skirtinius apdovanojimus, gerus rezultatus ir dar daugiau. Prisijunkite \\u0161iandien ir prad\\u0117kite naudotis privilegijomis! 01 PUIKIOS NUOLAIDOS 15 % NUOLAIDA Kiekvienam produktui. Kiekvien\\u0105 dien\\u0105. Visada gausite 15 %\",\"inLanguage\":\"lt-LT\",\"isPartOf\":{\"@id\":\"https:\\\/\\\/monatglobal.com\\\/lt\\\/#website\"},\"breadcrumb\":{\"@id\":\"https:\\\/\\\/monatglobal.com\\\/lt\\\/vip\\\/#breadcrumblist\"},\"datePublished\":\"2022-05-01T05:03:42+01:00\",\"dateModified\":\"2025-11-27T00:18:18+00:00\"},{\"@type\":\"WebSite\",\"@id\":\"https:\\\/\\\/monatglobal.com\\\/lt\\\/#website\",\"url\":\"https:\\\/\\\/monatglobal.com\\\/lt\\\/\",\"name\":\"MONAT Lithuania\",\"inLanguage\":\"lt-LT\",\"publisher\":{\"@id\":\"https:\\\/\\\/monatglobal.com\\\/lt\\\/#organization\"}}]}\n\t\t<\/script>\n\t\t<!-- All in One SEO Pro -->\r\n\t\t<title>vip - MONAT Lithuania<\/title>\n\n","aioseo_head_json":{"title":"vip - MONAT Lithuania","description":"Sveiki prisijung\u0119 prie \u201eVIP Perks\u2122\" PROGRAMOS Privilegijos jums tinka. PRISIJUNGTI DABAR PUIKIOS NUOLAIDOS I\u0160SKIRTINIAI PASKATINIMAI GERI REZULTATAI Tapkite MONAT VIP klientu ir m\u0117gaukit\u0117s daugybe privilegij\u0173, \u012fskaitant puikias nuolaidas, i\u0161skirtinius apdovanojimus, gerus rezultatus ir dar daugiau. Prisijunkite \u0161iandien ir prad\u0117kite naudotis privilegijomis! 01 PUIKIOS NUOLAIDOS 15 % NUOLAIDA Kiekvienam produktui. Kiekvien\u0105 dien\u0105. Visada gausite 15 %","canonical_url":"https:\/\/monatglobal.com\/lt\/vip\/","robots":"max-image-preview:large","keywords":"","webmasterTools":{"miscellaneous":""},"schema":{"@context":"https:\/\/schema.org","@graph":[{"@type":"BreadcrumbList","@id":"https:\/\/monatglobal.com\/lt\/vip\/#breadcrumblist","itemListElement":[{"@type":"ListItem","@id":"https:\/\/monatglobal.com\/lt#listItem","position":1,"name":"Home","item":"https:\/\/monatglobal.com\/lt","nextItem":{"@type":"ListItem","@id":"https:\/\/monatglobal.com\/lt\/vip\/#listItem","name":"vip"}},{"@type":"ListItem","@id":"https:\/\/monatglobal.com\/lt\/vip\/#listItem","position":2,"name":"vip","previousItem":{"@type":"ListItem","@id":"https:\/\/monatglobal.com\/lt#listItem","name":"Home"}}]},{"@type":"Organization","@id":"https:\/\/monatglobal.com\/lt\/#organization","name":"MONAT Lithuania","url":"https:\/\/monatglobal.com\/lt\/"},{"@type":"WebPage","@id":"https:\/\/monatglobal.com\/lt\/vip\/#webpage","url":"https:\/\/monatglobal.com\/lt\/vip\/","name":"vip - MONAT Lithuania","description":"Sveiki prisijung\u0119 prie \u201eVIP Perks\u2122\" PROGRAMOS Privilegijos jums tinka. PRISIJUNGTI DABAR PUIKIOS NUOLAIDOS I\u0160SKIRTINIAI PASKATINIMAI GERI REZULTATAI Tapkite MONAT VIP klientu ir m\u0117gaukit\u0117s daugybe privilegij\u0173, \u012fskaitant puikias nuolaidas, i\u0161skirtinius apdovanojimus, gerus rezultatus ir dar daugiau. Prisijunkite \u0161iandien ir prad\u0117kite naudotis privilegijomis! 01 PUIKIOS NUOLAIDOS 15 % NUOLAIDA Kiekvienam produktui. Kiekvien\u0105 dien\u0105. Visada gausite 15 %","inLanguage":"lt-LT","isPartOf":{"@id":"https:\/\/monatglobal.com\/lt\/#website"},"breadcrumb":{"@id":"https:\/\/monatglobal.com\/lt\/vip\/#breadcrumblist"},"datePublished":"2022-05-01T05:03:42+01:00","dateModified":"2025-11-27T00:18:18+00:00"},{"@type":"WebSite","@id":"https:\/\/monatglobal.com\/lt\/#website","url":"https:\/\/monatglobal.com\/lt\/","name":"MONAT Lithuania","inLanguage":"lt-LT","publisher":{"@id":"https:\/\/monatglobal.com\/lt\/#organization"}}]},"og:locale":"lt_LT","og:site_name":"MONAT Lithuania -","og:type":"article","og:title":"vip - MONAT Lithuania","og:description":"Sveiki prisijung\u0119 prie \u201eVIP Perks\u2122&quot; PROGRAMOS Privilegijos jums tinka. PRISIJUNGTI DABAR PUIKIOS NUOLAIDOS I\u0160SKIRTINIAI PASKATINIMAI GERI REZULTATAI Tapkite MONAT VIP klientu ir m\u0117gaukit\u0117s daugybe privilegij\u0173, \u012fskaitant puikias nuolaidas, i\u0161skirtinius apdovanojimus, gerus rezultatus ir dar daugiau. Prisijunkite \u0161iandien ir prad\u0117kite naudotis privilegijomis! 01 PUIKIOS NUOLAIDOS 15 % NUOLAIDA Kiekvienam produktui. Kiekvien\u0105 dien\u0105. Visada gausite 15 %","og:url":"https:\/\/monatglobal.com\/lt\/vip\/","article:published_time":"2022-05-01T04:03:42+00:00","article:modified_time":"2025-11-27T00:18:18+00:00","twitter:card":"summary_large_image","twitter:title":"vip - MONAT Lithuania","twitter:description":"Sveiki prisijung\u0119 prie \u201eVIP Perks\u2122&quot; PROGRAMOS Privilegijos jums tinka. PRISIJUNGTI DABAR PUIKIOS NUOLAIDOS I\u0160SKIRTINIAI PASKATINIMAI GERI REZULTATAI Tapkite MONAT VIP klientu ir m\u0117gaukit\u0117s daugybe privilegij\u0173, \u012fskaitant puikias nuolaidas, i\u0161skirtinius apdovanojimus, gerus rezultatus ir dar daugiau. Prisijunkite \u0161iandien ir prad\u0117kite naudotis privilegijomis! 01 PUIKIOS NUOLAIDOS 15 % NUOLAIDA Kiekvienam produktui. Kiekvien\u0105 dien\u0105. Visada gausite 15 %"},"aioseo_meta_data":{"post_id":"62535","title":null,"description":null,"keywords":null,"keyphrases":null,"primary_term":null,"canonical_url":null,"og_title":null,"og_description":null,"og_object_type":"default","og_image_type":"default","og_image_url":null,"og_image_width":null,"og_image_height":null,"og_image_custom_url":null,"og_image_custom_fields":null,"og_video":null,"og_custom_url":null,"og_article_section":null,"og_article_tags":null,"twitter_use_og":false,"twitter_card":"default","twitter_image_type":"default","twitter_image_url":null,"twitter_image_custom_url":null,"twitter_image_custom_fields":null,"twitter_title":null,"twitter_description":null,"schema":{"blockGraphs":[],"customGraphs":[],"default":{"data":{"Article":[],"Course":[],"Dataset":[],"FAQPage":[],"Movie":[],"Person":[],"Product":[],"ProductReview":[],"Car":[],"Recipe":[],"Service":[],"SoftwareApplication":[],"WebPage":[]},"graphName":"WebPage","isEnabled":true},"graphs":[]},"schema_type":"default","schema_type_options":null,"pillar_content":false,"robots_default":true,"robots_noindex":false,"robots_noarchive":false,"robots_nosnippet":false,"robots_nofollow":false,"robots_noimageindex":false,"robots_noodp":false,"robots_notranslate":false,"robots_max_snippet":null,"robots_max_videopreview":null,"robots_max_imagepreview":"large","priority":null,"frequency":null,"local_seo":null,"seo_analyzer_scan_date":"2025-08-15 01:52:34","breadcrumb_settings":null,"limit_modified_date":false,"reviewed_by":null,"open_ai":null,"ai":null,"created":"2023-07-26 19:25:54","updated":"2026-02-11 14:38:55"},"aioseo_breadcrumb":"<div class=\"aioseo-breadcrumbs\"><span class=\"aioseo-breadcrumb\">\n\t<a href=\"https:\/\/monatglobal.com\/lt\" title=\"Home\">Home<\/a>\n<\/span><span class=\"aioseo-breadcrumb-separator\">&raquo;<\/span><span class=\"aioseo-breadcrumb\">\n\tvip\n<\/span><\/div>","aioseo_breadcrumb_json":[{"label":"Home","link":"https:\/\/monatglobal.com\/lt"},{"label":"vip","link":"https:\/\/monatglobal.com\/lt\/vip\/"}],"_links":{"self":[{"href":"https:\/\/monatglobal.com\/lt\/wp-json\/wp\/v2\/pages\/62535","targetHints":{"allow":["GET"]}}],"collection":[{"href":"https:\/\/monatglobal.com\/lt\/wp-json\/wp\/v2\/pages"}],"about":[{"href":"https:\/\/monatglobal.com\/lt\/wp-json\/wp\/v2\/types\/page"}],"author":[{"embeddable":true,"href":"https:\/\/monatglobal.com\/lt\/wp-json\/wp\/v2\/users\/31"}],"replies":[{"embeddable":true,"href":"https:\/\/monatglobal.com\/lt\/wp-json\/wp\/v2\/comments?post=62535"}],"version-history":[{"count":26,"href":"https:\/\/monatglobal.com\/lt\/wp-json\/wp\/v2\/pages\/62535\/revisions"}],"predecessor-version":[{"id":108774,"href":"https:\/\/monatglobal.com\/lt\/wp-json\/wp\/v2\/pages\/62535\/revisions\/108774"}],"wp:attachment":[{"href":"https:\/\/monatglobal.com\/lt\/wp-json\/wp\/v2\/media?parent=62535"}],"wp:term":[{"taxonomy":"category","embeddable":true,"href":"https:\/\/monatglobal.com\/lt\/wp-json\/wp\/v2\/categories?post=62535"},{"taxonomy":"post_tag","embeddable":true,"href":"https:\/\/monatglobal.com\/lt\/wp-json\/wp\/v2\/tags?post=62535"}],"curies":[{"name":"wp","href":"https:\/\/api.w.org\/{rel}","templated":true}]}}