{"id":62222,"date":"2021-08-01T10:00:54","date_gmt":"2021-08-01T09:00:54","guid":{"rendered":"https:\/\/monatglobal.com\/lt\/?page_id=62222"},"modified":"2022-05-31T21:17:36","modified_gmt":"2022-05-31T21:17:36","slug":"reunion-2022","status":"publish","type":"page","link":"https:\/\/monatglobal.com\/lt\/reunion-2022\/","title":{"rendered":"Pranc\u016bzijos Rivjera MONAT Reunion 2022"},"content":{"rendered":"\n\n\t<style>\n   .col_3 { grid-template-columns: repeat(3, 1fr); }\n<\/style>\n<link rel='stylesheet' href='https:\/\/unpkg.com\/swiper\/swiper-bundle.min.css'\/>\n   <h1>Kvalifikacinis laikotarpis:  <br \/>2021 m. rugpj\u016b\u010dio 1 d. &#8211; 2022 m. sausio 31 d.\n<\/h1>\n         <p>RUGPJ\u016aTIS YRA AUTOMATI\u0160KAS<\/p>\n         <h2>Prad\u0117kite savo kvalifikacij\u0105 rugpj\u016bt\u012f!<\/h2>\n         PADVIGUBINKITE savo pirm\u0105j\u012f m\u0117nes\u012f \nsu 1 200 PV!<br \/><br \/>Naujieji \u201eMarket Partners&#8221; rugpj\u016bt\u012f:  <br \/>\n         Automati\u0161kai b\u016bkite kvalifikuoti u\u017e pirm\u0105j\u012f m\u0117nes\u012f!\nToliau pateikiame papildom\u0105 informacij\u0105!\n\n         <a href=\"#august\" aria-label=\"Go to August is automatic section\">I\u0160SAMI\u0104 INFORMACIJ\u0104 \u017dI\u016aR\u0116KITE \u017eemiau!<\/a>\n        Ekstravagancija, prabanga ir nuostab\u016bs Pranc\u016bzijos Rivjeros papl\u016bdimi\u0173 kurortai laukia J\u016bs\u0173!\n\n        Tai yra viena gra\u017eiausi\u0173 pasaulio viet\u0173, tod\u0117l nenuostabu, kad ji traukia milijonierius, Holivudo \u017evaig\u017edes ir kitas turtingas garsenybes, be to, ji laukia J\u016bs\u0173!\n<br \/><br \/>Prisijunkite prie m\u016bs\u0173 dviem nepamir\u0161tamoms naktims Nicoje &#8211; pra\u0161matnioje, kosmopolitin\u0117je Pranc\u016bzijos Rivjeros sostin\u0117je. Dien\u0105 leiskit\u0117s su mumis \u012f kelion\u0119 po stebukling\u0105 Monte Karlo pasaul\u012f, o vakare susitikime i\u0161skirtinei \u0161ventinei vakarienei, kurios metu \u0161v\u0119sime ir pasid\u017eiaugsime ne\u012ftik\u0117tinais J\u016bs\u0173 pasiekimais!\n\n          <img decoding=\"async\" src=\"https:\/\/monatglobal.com\/uk\/wp-content\/uploads\/sites\/6\/2021\/07\/Reunion-2022-cote-d-azur-slide2-1.jpg\" alt=\"Casino Monte-Carlo in the night, hotel de Paris, night illumination, luxury cars\"\/>\n          <img decoding=\"async\" src=\"https:\/\/monatglobal.com\/uk\/wp-content\/uploads\/sites\/6\/2021\/07\/Reunion-2022-cote-d-azur-slide1.jpg\" alt=\"Champagne outdoors on terrace during celebration night event front of the sea, street lights in the background.\"\/>\n          <img decoding=\"async\" src=\"https:\/\/monatglobal.com\/uk\/wp-content\/uploads\/sites\/6\/2021\/07\/Reunion-2022-cote-d-azur-slide4-1.jpg\" alt=\"View of the port of Nice and the hinterland\"\/>\n          <img decoding=\"async\" src=\"https:\/\/monatglobal.com\/uk\/wp-content\/uploads\/sites\/6\/2021\/07\/Reunion-2022-cote-d-azur-slide3-1.jpg\" alt=\"Panoramic aerial view of public beach in Nice in a beautiful summer day, France\"\/>\n      <h3>Kvalifikacijos kriterijai <\/h3>\n      <p>Nor\u0117dami gauti vien\u0105 i\u0161 trij\u0173 pakop\u0173, i\u0161pildykite PV reikalavim\u0105 per penkis, o ne \u0161e\u0161is kvalifikacinio laikotarpio m\u0117nesius: <\/p>\n      <p>Kvalifikacinis laikotarpis:<br \/>2021 m. rugpj\u016b\u010dio 1 d. &#8211; 2022 m. sausio 31 d.<\/p>\n         <p>PV reikalavimai:<br \/> atitikite 6 m\u0117nesi\u0173 reikalavim\u0105 per 5 m\u0117n.<\/p>\n         <p>Karjeros rangas <br \/> MP, MMP, AMB ir MB nuo 2021 m. rugpj\u016b\u010dio 1 d.<\/p>\n         <p>Karjeros rangas <br \/> MMB ir auk\u0161tesni nuo 2021 m. rugpj\u016b\u010dio 1 d .<\/p>\n         <p>Pakopa 1<\/p>\n         <p>Prizas<\/p>\n         <p>1 200 PV*<\/p>\n         <p>2 000 PV**<\/p>\n         <p>Kelion\u0117 + bendras kambarys <\/p>\n         <p>Pakopa 2<\/p>\n         <p>Prizas<\/p>\n         <p>2 400 PV*<\/p>\n         <p>3 500 PV**<\/p>\n         <p>Kelion\u0117 + vienvietis kambarys + 250 \u00a3 maitinimui<\/p>\n         <p>Pakopa 3<\/p>\n         <p>Prizas<\/p>\n         <p>3 600 PV*<\/p>\n         <p>5 000 PV**<\/p>\n         <p>Kelion\u0117 dviems (antroji kelion\u0117 pirmyn ir atgal sutuoktiniui (-ei) \/ ne MP suaug\u0119s sve\u010dias privalo skristi tuo pa\u010diu mar\u0161rutu) + dvivietis kambarys + 250 \u00a3 maitinimui <\/p>\n         <p>*Ma\u017eiausiai 600 PV kas m\u0117nes\u012f privalo sudaryti klient\u0173 pirkimai (VIP arba ma\u017emenin\u0117s prekybos).<\/p>\n         <p>*Ma\u017eiausiai 1 500 PV kas m\u0117nes\u012f privalo sudaryti klient\u0173 pirkimai (VIP arba ma\u017emenin\u0117s prekybos).<\/p>\n         <p>Kelion\u0117 apima &#8211;  kelion\u0119 \u012f abi puses, 2 nakt\u0173 apgyvendinim\u0105, i\u0161kilming\u0105 vakarien\u0119 ir daugyb\u0119 ypating\u0173 \u201eMONAT&#8221; ES akcent\u0173 ir staigmen\u0173!<\/p>\n         <p>Nor\u0117dami atitikti kvalifikacij\u0105, visi \u201eMarket Partners&#8221; 2022 m. sausio m\u0117n. privalo b\u016bti mokami kaip MMP arba auk\u0161\u010diau.<\/p>\n        <h3>RUGPJ\u016aTIS YRA AUTOMATI\u0160KAS<\/h3>\n   <p>\u0160OKITE \u012f kvalifikacij\u0105!<\/p>\n   <p>Rugpj\u016b\u010dio 1-31 d.<\/p>\n   <p>PADVIGUBINKITE savo pirm\u0105j\u012f m\u0117nes\u012f:<\/p>\n   <p>bet kuris \u201eMarket Partner&#8221; JK, Airijoje ir Lenkijoje, rugpj\u016bt\u012f pasiek\u0119s 1 200 ar didesn\u012f asmenin\u012f kiek\u012f (PV), automati\u0161kai gaus 1 pakopos kvalifikacij\u0105 ir antr\u0105 kvalifikacin\u012f m\u0117nes\u012f. Rugpj\u016bt\u012f toliau siekite did\u017eiausio PV kiekio, kad gal\u0117tum\u0117te pakilti \u012f auk\u0161tesnes pakopas.<\/p>\n              <img decoding=\"async\" src=\"https:\/\/monatglobal.com\/wp-content\/uploads\/2018\/01\/UK-icon-normal-1.png\" alt=\"UK Flag\"\/>\n              <img decoding=\"async\" src=\"https:\/\/monatglobal.com\/wp-content\/uploads\/2019\/12\/ie-flag.png\" alt=\"Ireland Flag\"\/>\n              <img decoding=\"async\" src=\"https:\/\/monatglobal.com\/wp-content\/uploads\/2019\/12\/pl-flag.png\" alt=\"Poland Flag\"\/>\n         Naujieji \u201eMarket Partners&#8221; JK, \n         Airijoje, Lenkijoje, Ispanijoje ir Lietuvoje: <br \/> visi nauji \u201eMarket Partners&#8221;, u\u017esiregistrav\u0119 ir \u012fsigij\u0119 \n         produkt\u0173 paket\u0105 rugpj\u016b\u010dio m\u0117n., AUTOMATI\u0160KAI pasieks pirm\u0105j\u012f 1-osios pakopos kvalifikacijos m\u0117nes\u012f! Be to, \n         u\u017eskaitysime antr\u0105j\u012f m\u0117nes\u012f, jeigu per pirm\u0105j\u012f m\u0117nes\u012f pasieksite 1 200 PV arba daugiau!\n              <img decoding=\"async\" src=\"https:\/\/monatglobal.com\/es\/wp-content\/uploads\/sites\/10\/2021\/04\/SPAIN-flag.jpg\" alt=\"Spain Flag\"\/>\n              <img decoding=\"async\" src=\"https:\/\/monatglobal.com\/lt\/wp-content\/uploads\/sites\/11\/2021\/04\/Lietuva-flag.png\" alt=\"Lithuania Flag\"\/>\n         <p>Esami \u201eMarket Partners&#8221; Ispanijoje ir Lietuvoje:<br \/> \u201eMarket Partners&#8221; Ispanijoje ir Lietuvoje gali AUTOMATI\u0160KAI pasiekti pirm\u0105j\u012f 1-osios pakopos kvalifikacijos m\u0117nes\u012f u\u017eregistruodami du naujus \u201eMarket Partners&#8221;, kurie rugpj\u016b\u010dio m\u0117nes\u012f \u012fsigis produkt\u0173 paketus! U\u017eregistruokite tris \u201eMarket Partners&#8221;, kurie \u012fsigis produkt\u0173 paketus, ir mes prid\u0117sime antr\u0105j\u012f m\u0117nes\u012f! Nuo rugs\u0117jo \u201eMarket Partners&#8221; Ispanijoje ir Lietuvoje tur\u0117s \u012fvykdyti tuos pa\u010dius kriterijus kaip ir JK, Airija ir Lenkija.<\/p>\n         <img decoding=\"async\" src=\"https:\/\/monatglobal.com\/uk\/wp-content\/uploads\/sites\/6\/2021\/07\/WHO-MAY-PARTICIPATE-Eu.jpg\" alt=\"Young women walking together and admiring sightseeing attractions on the beautiful street during summer day time\"\/>\n            <h3>Kas turi teis\u0119 dalyvauti?<\/h3>\n            <p>Visi \u201eMarket Partners&#8221; JK, Airijoje, Lenkijoje, Ispanijoje ir Lietuvoje <\/p>\n   <h3>Kas \u012feina \u012f kelion\u0119?<\/h3>\n         <p>Kelion\u0117 \u012f abi puses i\u0161 pasirinkto JK, Airijos, Lenkijos, Ispanijos ar Lietuvos oro uosto*<\/p>\n         2 nakt\u0173 nakvyn\u0117 ir pusry\u010diai Nicoje, Piet\u0173 Pranc\u016bzijoje \n\n         <p>I\u0161kilminga vakarien\u0117<\/p>\n   <a href=\"https:\/\/monatglobal.com\/lt\/wp-content\/uploads\/sites\/11\/2021\/08\/LT_ReunionEurope2022_FAQ_072921_V4.pdf\" target=\"_blank\" aria-label=\"go to FAQ\" rel=\"noopener\">DUK<\/a>\n   <p>* \u017dr. \u201eMONAT Global&#8221; apmok\u0117t\u0173 l\u0117ktuv\u0173 biliet\u0173 pri\u0117mimo  <a href=\"https:\/\/monatglobal.com\/lt\/wp-content\/uploads\/sites\/11\/2021\/08\/LT_Reunion-2022_Terms-and-Conditions_080221_v3.pdf\" target=\"_blank\" aria-label=\"Go to Terms and Conditions\" rel=\"noopener\">s\u0105lygas ir nuostatas.<\/a> <\/p>\n\n","protected":false},"excerpt":{"rendered":"<p>Kvalifikacinis laikotarpis: 2021 m. rugpj\u016b\u010dio 1 d. &#8211; 2022 m. sausio 31 d. RUGPJ\u016aTIS YRA AUTOMATI\u0160KAS Prad\u0117kite savo kvalifikacij\u0105 rugpj\u016bt\u012f! PADVIGUBINKITE savo pirm\u0105j\u012f m\u0117nes\u012f su 1 200 PV! Naujieji \u201eMarket Partners&#8221; rugpj\u016bt\u012f: Automati\u0161kai b\u016bkite kvalifikuoti u\u017e pirm\u0105j\u012f m\u0117nes\u012f! Toliau pateikiame papildom\u0105 informacij\u0105! I\u0160SAMI\u0104 INFORMACIJ\u0104 \u017dI\u016aR\u0116KITE \u017eemiau! Ekstravagancija, prabanga ir nuostab\u016bs Pranc\u016bzijos Rivjeros papl\u016bdimi\u0173 kurortai laukia&hellip;<\/p>\n","protected":false},"author":31,"featured_media":0,"parent":0,"menu_order":0,"comment_status":"closed","ping_status":"closed","template":"","meta":{"inline_featured_image":false,"om_disable_all_campaigns":false,"_monsterinsights_skip_tracking":false,"_monsterinsights_sitenote_active":false,"_monsterinsights_sitenote_note":"","_monsterinsights_sitenote_category":0,"footnotes":""},"categories":[],"tags":[],"class_list":["post-62222","page","type-page","status-publish","hentry"],"aioseo_notices":[],"aioseo_head":"\n\t\t<!-- All in One SEO Pro 4.9.6 - aioseo.com -->\n\t<meta name=\"description\" content=\"Kvalifikacinis laikotarpis: 2021 m. rugpj\u016b\u010dio 1 d. - 2022 m. sausio 31 d. RUGPJ\u016aTIS YRA AUTOMATI\u0160KAS Prad\u0117kite savo kvalifikacij\u0105 rugpj\u016bt\u012f! PADVIGUBINKITE savo pirm\u0105j\u012f m\u0117nes\u012f su 1 200 PV!Naujieji \u201eMarket Partners&quot; rugpj\u016bt\u012f: Automati\u0161kai b\u016bkite kvalifikuoti u\u017e pirm\u0105j\u012f m\u0117nes\u012f! Toliau pateikiame papildom\u0105 informacij\u0105! I\u0160SAMI\u0104 INFORMACIJ\u0104 \u017dI\u016aR\u0116KITE \u017eemiau! Ekstravagancija, prabanga ir nuostab\u016bs Pranc\u016bzijos Rivjeros papl\u016bdimi\u0173 kurortai laukia J\u016bs\u0173!\" \/>\n\t<meta name=\"robots\" content=\"max-image-preview:large\" \/>\n\t<link rel=\"canonical\" href=\"https:\/\/monatglobal.com\/lt\/reunion-2022\/\" \/>\n\t<meta name=\"generator\" content=\"All in One SEO Pro (AIOSEO) 4.9.6\" \/>\n\t\t<meta property=\"og:locale\" content=\"lt_LT\" \/>\n\t\t<meta property=\"og:site_name\" content=\"MONAT Lithuania -\" \/>\n\t\t<meta property=\"og:type\" content=\"article\" \/>\n\t\t<meta property=\"og:title\" content=\"Pranc\u016bzijos Rivjera MONAT Reunion 2022 - MONAT Lithuania\" \/>\n\t\t<meta property=\"og:description\" content=\"Kvalifikacinis laikotarpis: 2021 m. rugpj\u016b\u010dio 1 d. - 2022 m. sausio 31 d. RUGPJ\u016aTIS YRA AUTOMATI\u0160KAS Prad\u0117kite savo kvalifikacij\u0105 rugpj\u016bt\u012f! PADVIGUBINKITE savo pirm\u0105j\u012f m\u0117nes\u012f su 1 200 PV!Naujieji \u201eMarket Partners&quot; rugpj\u016bt\u012f: Automati\u0161kai b\u016bkite kvalifikuoti u\u017e pirm\u0105j\u012f m\u0117nes\u012f! Toliau pateikiame papildom\u0105 informacij\u0105! I\u0160SAMI\u0104 INFORMACIJ\u0104 \u017dI\u016aR\u0116KITE \u017eemiau! Ekstravagancija, prabanga ir nuostab\u016bs Pranc\u016bzijos Rivjeros papl\u016bdimi\u0173 kurortai laukia J\u016bs\u0173!\" \/>\n\t\t<meta property=\"og:url\" content=\"https:\/\/monatglobal.com\/lt\/reunion-2022\/\" \/>\n\t\t<meta property=\"article:published_time\" content=\"2021-08-01T09:00:54+00:00\" \/>\n\t\t<meta property=\"article:modified_time\" content=\"2022-05-31T21:17:36+00:00\" \/>\n\t\t<meta name=\"twitter:card\" content=\"summary_large_image\" \/>\n\t\t<meta name=\"twitter:title\" content=\"Pranc\u016bzijos Rivjera MONAT Reunion 2022 - MONAT Lithuania\" \/>\n\t\t<meta name=\"twitter:description\" content=\"Kvalifikacinis laikotarpis: 2021 m. rugpj\u016b\u010dio 1 d. - 2022 m. sausio 31 d. RUGPJ\u016aTIS YRA AUTOMATI\u0160KAS Prad\u0117kite savo kvalifikacij\u0105 rugpj\u016bt\u012f! PADVIGUBINKITE savo pirm\u0105j\u012f m\u0117nes\u012f su 1 200 PV!Naujieji \u201eMarket Partners&quot; rugpj\u016bt\u012f: Automati\u0161kai b\u016bkite kvalifikuoti u\u017e pirm\u0105j\u012f m\u0117nes\u012f! Toliau pateikiame papildom\u0105 informacij\u0105! I\u0160SAMI\u0104 INFORMACIJ\u0104 \u017dI\u016aR\u0116KITE \u017eemiau! Ekstravagancija, prabanga ir nuostab\u016bs Pranc\u016bzijos Rivjeros papl\u016bdimi\u0173 kurortai laukia J\u016bs\u0173!\" \/>\n\t\t<script type=\"application\/ld+json\" class=\"aioseo-schema\">\n\t\t\t{\"@context\":\"https:\\\/\\\/schema.org\",\"@graph\":[{\"@type\":\"BreadcrumbList\",\"@id\":\"https:\\\/\\\/monatglobal.com\\\/lt\\\/reunion-2022\\\/#breadcrumblist\",\"itemListElement\":[{\"@type\":\"ListItem\",\"@id\":\"https:\\\/\\\/monatglobal.com\\\/lt#listItem\",\"position\":1,\"name\":\"Home\",\"item\":\"https:\\\/\\\/monatglobal.com\\\/lt\",\"nextItem\":{\"@type\":\"ListItem\",\"@id\":\"https:\\\/\\\/monatglobal.com\\\/lt\\\/reunion-2022\\\/#listItem\",\"name\":\"Pranc\\u016bzijos Rivjera MONAT Reunion 2022\"}},{\"@type\":\"ListItem\",\"@id\":\"https:\\\/\\\/monatglobal.com\\\/lt\\\/reunion-2022\\\/#listItem\",\"position\":2,\"name\":\"Pranc\\u016bzijos Rivjera MONAT Reunion 2022\",\"previousItem\":{\"@type\":\"ListItem\",\"@id\":\"https:\\\/\\\/monatglobal.com\\\/lt#listItem\",\"name\":\"Home\"}}]},{\"@type\":\"Organization\",\"@id\":\"https:\\\/\\\/monatglobal.com\\\/lt\\\/#organization\",\"name\":\"MONAT Lithuania\",\"url\":\"https:\\\/\\\/monatglobal.com\\\/lt\\\/\"},{\"@type\":\"WebPage\",\"@id\":\"https:\\\/\\\/monatglobal.com\\\/lt\\\/reunion-2022\\\/#webpage\",\"url\":\"https:\\\/\\\/monatglobal.com\\\/lt\\\/reunion-2022\\\/\",\"name\":\"Pranc\\u016bzijos Rivjera MONAT Reunion 2022 - MONAT Lithuania\",\"description\":\"Kvalifikacinis laikotarpis: 2021 m. rugpj\\u016b\\u010dio 1 d. - 2022 m. sausio 31 d. RUGPJ\\u016aTIS YRA AUTOMATI\\u0160KAS Prad\\u0117kite savo kvalifikacij\\u0105 rugpj\\u016bt\\u012f! PADVIGUBINKITE savo pirm\\u0105j\\u012f m\\u0117nes\\u012f su 1 200 PV!Naujieji \\u201eMarket Partners\\\" rugpj\\u016bt\\u012f: Automati\\u0161kai b\\u016bkite kvalifikuoti u\\u017e pirm\\u0105j\\u012f m\\u0117nes\\u012f! Toliau pateikiame papildom\\u0105 informacij\\u0105! I\\u0160SAMI\\u0104 INFORMACIJ\\u0104 \\u017dI\\u016aR\\u0116KITE \\u017eemiau! Ekstravagancija, prabanga ir nuostab\\u016bs Pranc\\u016bzijos Rivjeros papl\\u016bdimi\\u0173 kurortai laukia J\\u016bs\\u0173!\",\"inLanguage\":\"lt-LT\",\"isPartOf\":{\"@id\":\"https:\\\/\\\/monatglobal.com\\\/lt\\\/#website\"},\"breadcrumb\":{\"@id\":\"https:\\\/\\\/monatglobal.com\\\/lt\\\/reunion-2022\\\/#breadcrumblist\"},\"datePublished\":\"2021-08-01T10:00:54+01:00\",\"dateModified\":\"2022-05-31T21:17:36+01:00\"},{\"@type\":\"WebSite\",\"@id\":\"https:\\\/\\\/monatglobal.com\\\/lt\\\/#website\",\"url\":\"https:\\\/\\\/monatglobal.com\\\/lt\\\/\",\"name\":\"MONAT Lithuania\",\"inLanguage\":\"lt-LT\",\"publisher\":{\"@id\":\"https:\\\/\\\/monatglobal.com\\\/lt\\\/#organization\"}}]}\n\t\t<\/script>\n\t\t<!-- All in One SEO Pro -->\r\n\t\t<title>Pranc\u016bzijos Rivjera MONAT Reunion 2022 - MONAT Lithuania<\/title>\n\n","aioseo_head_json":{"title":"Pranc\u016bzijos Rivjera MONAT Reunion 2022 - MONAT Lithuania","description":"Kvalifikacinis laikotarpis: 2021 m. rugpj\u016b\u010dio 1 d. - 2022 m. sausio 31 d. RUGPJ\u016aTIS YRA AUTOMATI\u0160KAS Prad\u0117kite savo kvalifikacij\u0105 rugpj\u016bt\u012f! PADVIGUBINKITE savo pirm\u0105j\u012f m\u0117nes\u012f su 1 200 PV!Naujieji \u201eMarket Partners\" rugpj\u016bt\u012f: Automati\u0161kai b\u016bkite kvalifikuoti u\u017e pirm\u0105j\u012f m\u0117nes\u012f! Toliau pateikiame papildom\u0105 informacij\u0105! I\u0160SAMI\u0104 INFORMACIJ\u0104 \u017dI\u016aR\u0116KITE \u017eemiau! Ekstravagancija, prabanga ir nuostab\u016bs Pranc\u016bzijos Rivjeros papl\u016bdimi\u0173 kurortai laukia J\u016bs\u0173!","canonical_url":"https:\/\/monatglobal.com\/lt\/reunion-2022\/","robots":"max-image-preview:large","keywords":"","webmasterTools":{"miscellaneous":""},"schema":{"@context":"https:\/\/schema.org","@graph":[{"@type":"BreadcrumbList","@id":"https:\/\/monatglobal.com\/lt\/reunion-2022\/#breadcrumblist","itemListElement":[{"@type":"ListItem","@id":"https:\/\/monatglobal.com\/lt#listItem","position":1,"name":"Home","item":"https:\/\/monatglobal.com\/lt","nextItem":{"@type":"ListItem","@id":"https:\/\/monatglobal.com\/lt\/reunion-2022\/#listItem","name":"Pranc\u016bzijos Rivjera MONAT Reunion 2022"}},{"@type":"ListItem","@id":"https:\/\/monatglobal.com\/lt\/reunion-2022\/#listItem","position":2,"name":"Pranc\u016bzijos Rivjera MONAT Reunion 2022","previousItem":{"@type":"ListItem","@id":"https:\/\/monatglobal.com\/lt#listItem","name":"Home"}}]},{"@type":"Organization","@id":"https:\/\/monatglobal.com\/lt\/#organization","name":"MONAT Lithuania","url":"https:\/\/monatglobal.com\/lt\/"},{"@type":"WebPage","@id":"https:\/\/monatglobal.com\/lt\/reunion-2022\/#webpage","url":"https:\/\/monatglobal.com\/lt\/reunion-2022\/","name":"Pranc\u016bzijos Rivjera MONAT Reunion 2022 - MONAT Lithuania","description":"Kvalifikacinis laikotarpis: 2021 m. rugpj\u016b\u010dio 1 d. - 2022 m. sausio 31 d. RUGPJ\u016aTIS YRA AUTOMATI\u0160KAS Prad\u0117kite savo kvalifikacij\u0105 rugpj\u016bt\u012f! PADVIGUBINKITE savo pirm\u0105j\u012f m\u0117nes\u012f su 1 200 PV!Naujieji \u201eMarket Partners\" rugpj\u016bt\u012f: Automati\u0161kai b\u016bkite kvalifikuoti u\u017e pirm\u0105j\u012f m\u0117nes\u012f! Toliau pateikiame papildom\u0105 informacij\u0105! I\u0160SAMI\u0104 INFORMACIJ\u0104 \u017dI\u016aR\u0116KITE \u017eemiau! Ekstravagancija, prabanga ir nuostab\u016bs Pranc\u016bzijos Rivjeros papl\u016bdimi\u0173 kurortai laukia J\u016bs\u0173!","inLanguage":"lt-LT","isPartOf":{"@id":"https:\/\/monatglobal.com\/lt\/#website"},"breadcrumb":{"@id":"https:\/\/monatglobal.com\/lt\/reunion-2022\/#breadcrumblist"},"datePublished":"2021-08-01T10:00:54+01:00","dateModified":"2022-05-31T21:17:36+01:00"},{"@type":"WebSite","@id":"https:\/\/monatglobal.com\/lt\/#website","url":"https:\/\/monatglobal.com\/lt\/","name":"MONAT Lithuania","inLanguage":"lt-LT","publisher":{"@id":"https:\/\/monatglobal.com\/lt\/#organization"}}]},"og:locale":"lt_LT","og:site_name":"MONAT Lithuania -","og:type":"article","og:title":"Pranc\u016bzijos Rivjera MONAT Reunion 2022 - MONAT Lithuania","og:description":"Kvalifikacinis laikotarpis: 2021 m. rugpj\u016b\u010dio 1 d. - 2022 m. sausio 31 d. RUGPJ\u016aTIS YRA AUTOMATI\u0160KAS Prad\u0117kite savo kvalifikacij\u0105 rugpj\u016bt\u012f! PADVIGUBINKITE savo pirm\u0105j\u012f m\u0117nes\u012f su 1 200 PV!Naujieji \u201eMarket Partners&quot; rugpj\u016bt\u012f: Automati\u0161kai b\u016bkite kvalifikuoti u\u017e pirm\u0105j\u012f m\u0117nes\u012f! Toliau pateikiame papildom\u0105 informacij\u0105! I\u0160SAMI\u0104 INFORMACIJ\u0104 \u017dI\u016aR\u0116KITE \u017eemiau! Ekstravagancija, prabanga ir nuostab\u016bs Pranc\u016bzijos Rivjeros papl\u016bdimi\u0173 kurortai laukia J\u016bs\u0173!","og:url":"https:\/\/monatglobal.com\/lt\/reunion-2022\/","article:published_time":"2021-08-01T09:00:54+00:00","article:modified_time":"2022-05-31T21:17:36+00:00","twitter:card":"summary_large_image","twitter:title":"Pranc\u016bzijos Rivjera MONAT Reunion 2022 - MONAT Lithuania","twitter:description":"Kvalifikacinis laikotarpis: 2021 m. rugpj\u016b\u010dio 1 d. - 2022 m. sausio 31 d. RUGPJ\u016aTIS YRA AUTOMATI\u0160KAS Prad\u0117kite savo kvalifikacij\u0105 rugpj\u016bt\u012f! PADVIGUBINKITE savo pirm\u0105j\u012f m\u0117nes\u012f su 1 200 PV!Naujieji \u201eMarket Partners&quot; rugpj\u016bt\u012f: Automati\u0161kai b\u016bkite kvalifikuoti u\u017e pirm\u0105j\u012f m\u0117nes\u012f! Toliau pateikiame papildom\u0105 informacij\u0105! I\u0160SAMI\u0104 INFORMACIJ\u0104 \u017dI\u016aR\u0116KITE \u017eemiau! Ekstravagancija, prabanga ir nuostab\u016bs Pranc\u016bzijos Rivjeros papl\u016bdimi\u0173 kurortai laukia J\u016bs\u0173!"},"aioseo_meta_data":{"post_id":"62222","title":null,"description":null,"keywords":null,"keyphrases":null,"primary_term":null,"canonical_url":null,"og_title":null,"og_description":null,"og_object_type":"default","og_image_type":"default","og_image_url":null,"og_image_width":null,"og_image_height":null,"og_image_custom_url":null,"og_image_custom_fields":null,"og_video":null,"og_custom_url":null,"og_article_section":null,"og_article_tags":null,"twitter_use_og":false,"twitter_card":"default","twitter_image_type":"default","twitter_image_url":null,"twitter_image_custom_url":null,"twitter_image_custom_fields":null,"twitter_title":null,"twitter_description":null,"schema":{"blockGraphs":[],"customGraphs":[],"default":{"data":{"Article":[],"Course":[],"Dataset":[],"FAQPage":[],"Movie":[],"Person":[],"Product":[],"ProductReview":[],"Car":[],"Recipe":[],"Service":[],"SoftwareApplication":[],"WebPage":[]},"graphName":"","isEnabled":true},"graphs":[]},"schema_type":"default","schema_type_options":null,"pillar_content":false,"robots_default":true,"robots_noindex":false,"robots_noarchive":false,"robots_nosnippet":false,"robots_nofollow":false,"robots_noimageindex":false,"robots_noodp":false,"robots_notranslate":false,"robots_max_snippet":null,"robots_max_videopreview":null,"robots_max_imagepreview":"large","priority":null,"frequency":null,"local_seo":null,"seo_analyzer_scan_date":"2025-08-15 01:12:30","breadcrumb_settings":null,"limit_modified_date":false,"reviewed_by":null,"open_ai":null,"ai":null,"created":"2023-07-26 19:08:15","updated":"2025-08-15 01:12:30"},"aioseo_breadcrumb":"<div class=\"aioseo-breadcrumbs\"><span class=\"aioseo-breadcrumb\">\n\t<a href=\"https:\/\/monatglobal.com\/lt\" title=\"Home\">Home<\/a>\n<\/span><span class=\"aioseo-breadcrumb-separator\">&raquo;<\/span><span class=\"aioseo-breadcrumb\">\n\tPranc\u016bzijos Rivjera MONAT Reunion 2022\n<\/span><\/div>","aioseo_breadcrumb_json":[{"label":"Home","link":"https:\/\/monatglobal.com\/lt"},{"label":"Pranc\u016bzijos Rivjera MONAT Reunion 2022","link":"https:\/\/monatglobal.com\/lt\/reunion-2022\/"}],"_links":{"self":[{"href":"https:\/\/monatglobal.com\/lt\/wp-json\/wp\/v2\/pages\/62222","targetHints":{"allow":["GET"]}}],"collection":[{"href":"https:\/\/monatglobal.com\/lt\/wp-json\/wp\/v2\/pages"}],"about":[{"href":"https:\/\/monatglobal.com\/lt\/wp-json\/wp\/v2\/types\/page"}],"author":[{"embeddable":true,"href":"https:\/\/monatglobal.com\/lt\/wp-json\/wp\/v2\/users\/31"}],"replies":[{"embeddable":true,"href":"https:\/\/monatglobal.com\/lt\/wp-json\/wp\/v2\/comments?post=62222"}],"version-history":[{"count":3,"href":"https:\/\/monatglobal.com\/lt\/wp-json\/wp\/v2\/pages\/62222\/revisions"}],"predecessor-version":[{"id":69725,"href":"https:\/\/monatglobal.com\/lt\/wp-json\/wp\/v2\/pages\/62222\/revisions\/69725"}],"wp:attachment":[{"href":"https:\/\/monatglobal.com\/lt\/wp-json\/wp\/v2\/media?parent=62222"}],"wp:term":[{"taxonomy":"category","embeddable":true,"href":"https:\/\/monatglobal.com\/lt\/wp-json\/wp\/v2\/categories?post=62222"},{"taxonomy":"post_tag","embeddable":true,"href":"https:\/\/monatglobal.com\/lt\/wp-json\/wp\/v2\/tags?post=62222"}],"curies":[{"name":"wp","href":"https:\/\/api.w.org\/{rel}","templated":true}]}}