{"id":58676,"date":"2022-03-07T09:00:37","date_gmt":"2022-03-07T09:00:37","guid":{"rendered":"https:\/\/monatglobal.com\/ca\/?page_id=58675"},"modified":"2026-02-23T15:55:56","modified_gmt":"2026-02-23T15:55:56","slug":"men-face-wash","status":"publish","type":"page","link":"https:\/\/monatglobal.com\/lt\/men-face-wash\/","title":{"rendered":"\u201eMONAT FOR MEN\u2122\u201c veido prausiklis"},"content":{"rendered":"\n<link rel=\"stylesheet\" href=\"https:\/\/unpkg.com\/swiper\/swiper-bundle.min.css\">\n<link rel=\"stylesheet\" href=\"https:\/\/monatglobal.com\/wp-content\/creative_css\/product_styles_sheet.css\">\n   <!--==================================================== ECOMM SECTION ====================================================-->\n      <!--==================================================== Ecomm image ====================================================-->\n      <img decoding=\"async\" src=\"https:\/\/monatglobal.com\/pl\/wp-content\/uploads\/sites\/9\/2022\/01\/essential-face-wash-ecomm-2022.png\" alt=\"MONAT FOR MEN\u2122 \u017bel Do Mycia Twarzy\" loading=\"lazy\">\n      <!--==================================================== Ecomm information  ====================================================-->\n        <p>\u201eMONAT FOR MEN\u2122&#8221;<\/p>\n         <h1>Veido <br>prausiklis<\/h1>\n         \n         <p>Gaivinamasis gelinis veido prausiklis, sukurtas taip, kad giliai valyt\u0173 od\u0105 ir tuo pa\u010diu stimuliuot\u0173 bei atgaivint\u0173&nbsp;j\u0105.<\/p>\n         <p>150 ml \u212e 5 fl. oz.<\/p>\n        <!--==================================================== pricing box  ====================================================--> \n         <p>Ma\u017emenin\u0117 kaina<br>00.00 \u20ac<\/p>\n         <p>VIP kliento kaina<br>00.00 \u20ac<\/p>\n        <!--==================================================== pricing box  ====================================================-->\n         <p>Nor\u0117dami su\u017einoti daugiau apie \u201eMONAT FOR MEN\u2122&#8221; veido prausikl\u012f, pasikalb\u0117kite su savo \u201eMONAT Market&nbsp;Partner&#8221;.<\/p>\n          <a href=\"\" target=\"_blank\" role=\"button\" aria-label=\"\" rel=\"noopener\"><\/a>\n   <!--==================================================== \/ECOMM SECTION  ====================================================-->\n   <!--==================================================== Benefits image ====================================================-->\n  \n    <source media=\"(max-width: 700px)\" srcset=\"https:\/\/monatglobal.com\/pl\/wp-content\/uploads\/sites\/9\/2021\/12\/Essential-face-wash-benefits_mobile.jpg\" loading=\"lazy\">\n      <img decoding=\"async\" src=\"https:\/\/monatglobal.com\/pl\/wp-content\/uploads\/sites\/9\/2021\/12\/skincare-benefits-Recovered.jpg\" alt=\"\" loading=\"lazy\">\n    \n   <!--==================================================== Benefits text ====================================================-->\n         <h2>NAUDOS<\/h2>\n         <h3>Padeda palaikyti sveik\u0105 veido spalv\u0105, panaudojus oda akimirksniu tampa \u0161vari, gaivi ir&nbsp;sudr\u0117kinta.<\/h3>\n         <!--==================================================== features image  ====================================================-->\n         <img decoding=\"async\" alt=\"\" src=\"https:\/\/monatglobal.com\/pl\/wp-content\/uploads\/sites\/9\/2021\/12\/essential-face-wash-features.jpg\" loading=\"lazy\">\n      <!--==================================================== features text ====================================================-->\n            <h3>Savyb\u0117s<\/h3>\n               <p>\/ Pa\u0161alina riebal\u0173 pertekli\u0173, purv\u0105 ir ne\u0161varumus nuo&nbsp;odos<\/p>\n               <p>\/ Atgaivina veido spalv\u0105 ir suteikia blankiai, pavargusiai odai&nbsp;\u017evalumo<\/p>\n               <p>\/ Giliai valo od\u0105 nesausindamas&nbsp;jos<\/p>\n               <p>\/ V\u0117sinanti ir gaivinanti odos&nbsp;prie\u017ei\u016bra<\/p>\n               <p>\/ Pasi\u017eymi lengva tekst\u016bra ir tinka vis\u0173 tip\u0173 odai, \u012fskaitant jautri\u0105&nbsp;od\u0105<\/p>\n               <br>\n            <p>Fragrance \/ Unwind and enjoy a coconut-forward, citrusy aroma with notes of blood orange, coconut husk, cashew nut and&nbsp;sandalwood. <\/p>\n            <p> Texture \/ Cream <\/p>\n   <!--==================================================== composition image mobile ====================================================-->\n   <img decoding=\"async\" alt=\"\" src=\"https:\/\/monatglobal.com\/pl\/wp-content\/uploads\/sites\/9\/2021\/12\/Essential-face-wash-comp1.jpg\" loading=\"lazy\">\n   <!--==================================================== Why it works text ====================================================-->\n      \n      <h3>Sukurtas specialiai vyr\u0173 odai, \u0161is lengvos tekst\u016bros gelinis veido prausiklis giliai i\u0161valo od\u0105 ir akimirksniu suteikia jai gaivumo pli\u016bpsn\u012f, \n      o tai yra svarbus pirmasis veiksmingos odos prie\u017ei\u016bros&nbsp;\u017eingsnis.<\/h3>\n<!--==================================================== Composition section ====================================================-->\n      <img decoding=\"async\" alt=\"\" src=\"https:\/\/monatglobal.com\/pl\/wp-content\/uploads\/sites\/9\/2021\/12\/Essential-face-wash-comp1.jpg\" loading=\"lazy\">\n      <img decoding=\"async\" alt=\"\" src=\"https:\/\/monatglobal.com\/pl\/wp-content\/uploads\/sites\/9\/2021\/12\/essential-face-moisturizer-composition3.jpg\" loading=\"lazy\">\n            <!--==================================================== Directions text ====================================================--> \n               <h3>Kaip naudoti<\/h3>\n                    <p>\/ Nedidel\u012f kiek\u012f u\u017etepkite ant pir\u0161t\u0173&nbsp;galiuk\u0173.<\/p> \n                    <p>\/ \u0160velniai, sukamaisiais judesiais \u012fmasa\u017euokite \u012f dr\u0117gn\u0105 od\u0105, kol prausiklis suputos, vengdami srities apie&nbsp;akis.<\/p> \n                    <p>\/ Gerai nuplaukite veid\u0105 \u0161iltu vandeniu ir&nbsp;nusausinkite.<\/p>\n                    <p>\/ Galima naudoti ryte ir&nbsp;vakare.<\/p>\n                    <p>\/ Po to naudokite \u201eMONAT FOR MEN\u2122&#8221; dr\u0117kinam\u0105j\u012f veido&nbsp;krem\u0105.<\/p>\n            <!--==================================================== Directions video ====================================================-->\n      <p>Be Balanced\u2122 <br>Lightweight Moisturizer <br>0:35<\/p>\n      <a href=\"\" target=\"_blank\" role=\"button\" aria-label=\"\" rel=\"noopener\"><\/a>\n   <!--==================================================== Ingredients section  ====================================================-->\n      <h2>PAGRINDIN\u0116S SUDEDAMOSIOS DALYS<\/h2>\n      <p>REJUVENIQE S\u2122<\/p>\n      <p>Nat\u016bralios vaisi\u0173 AHA r\u016bg\u0161tys <\/p>\n      <p>Niacinamidas (vitaminas B3)<\/p>\n      <p>Arabinio kavamed\u017eio s\u0117kl\u0173 ekstraktas<\/p>\n      <p>Glotninantis kompleksas<\/p>\n        <button id=\"myBtn\" type=\"button\">SUDEDAM\u0172J\u0172 DALI\u0172 S\u0104RA\u0160AS\n<\/button>\n      <!--==================================================== Modal content  ====================================================-->\n         \u00d7\n         Aqua\/Water\/Eau, Cetearyl Alcohol, Glyceryl Stearate SE, Heptyl Undecylenate, Caprylic\/Capric Triglyceride, Cetearyl \n         Glucoside, Butyrospermum Parkii (Shea) Butter, Menthol, Menthone, Niacinamide, Limnanthes Alba (Meadowfoam) Seed Oil, Crambe \n         Abyssinica Seed Oil, Camellia Oleifera Seed Oil, Solanum Lycopersicum (Tomato) Seed Oil, Daucus Carota Sativa (Carrot) Seed Oil, \n         Citrus Limon (Lemon) Peel Oil, Citrus Aurantifolia (Lime) Oil, Citrus Aurantium Bergamia (Bergamot) Fruit Oil, Adansonia Digitata \n         Oil, Mauritia Flexuosa Fruit Oil, Cocos Nucifera (Coconut) Oil, Gardenia Taitensis Flower Extract, Moringa Oleifera Seed Oil, \n         Caryocar Brasiliense Fruit Oil, Helianthus Annuus (Sunflower) Seed Oil, Olea Europaea (Olive) Fruit Oil, Simmondsia Chinensis \n         (Jojoba) Seed Extract, Glycerin, Mangifera Indica (Mango) Pulp Extract, Musa Sapientum (Banana) Pulp Extract, Saccharum Officinarum \n         (Sugarcane) Extract, Glycolic Acid, Caffeine, Coffea Arabica (Coffee) Seed Extract, Lecithin, Bisabolol, Zingiber Officinale (Ginger) \n         Root Extract, Calendula Officinalis Flower Extract, Disodium EDTA-Copper, Benzyl Alcohol, Ethylhexylglycerin, Tocopherol, \n         Fragrance\/Parfum, Alpha-Isomethyl Ionone, Benzyl Benzoate, Citronellol, Coumarin, Limonene, Linalool, Geraniol,&nbsp;Hydroxycitronellal.\n   <!--==================================================== You might also like section ====================================================-->\n      <h2>JUMS TAIP PAT GALI PATIKTI<\/h2>\n      <!--==================================================== Slider YOU MIGHT ALSO LIKE ====================================================-->\n          <!---->\n          <!--   -->\n                <!-- Slides products-->\n          <!--      -->\n          <!--         <a href=\"\/lt\/monat-black-shampoo-conditioner\/\" aria-label=\"Go to \u201eMONAT BLACK\u2122\" \u0161amp\u016bnas + kondicionierius page\">-->\n          <!--          <img decoding=\"async\" src=\"https:\/\/monatglobal.com\/wp-content\/uploads\/2022\/12\/Monat-Black-shampoo-conditioner-Ecomm.png\" alt=\"MONAT BLACK SZAMPON + OD\u017bYWKA\" loading=\"lazy\"\/>-->\n          <!--          <p>\u201eMONAT BLACK\u2122\" <br \/>\u0161amp\u016bnas + kondicionierius<\/p>-->\n          <!--        <\/a>-->\n          <!--      -->\n          <!--      -->\n          <!--         <a href=\"\/lt\/men-face-scrub\/\" aria-label=\"Go to \u201eMONAT FOR MEN\u2122\" veido \u0161veitiklis page\">-->\n          <!--          <img decoding=\"async\" src=\"https:\/\/monatglobal.com\/wp-content\/uploads\/2022\/12\/essential-face-scrub-ecomm-2022-min.png\" alt=\"MONAT FOR MEN\u2122 PEELING DO TWARZY\" loading=\"lazy\"\/>-->\n          <!--          <p>\u201eMONAT FOR MEN\u2122\" <br \/>veido \u0161veitiklis<\/p>-->\n          <!--        <\/a>-->\n          <!--      -->\n          <!--      -->\n          <!--         <a href=\"\/lt\/men-face-moisturizer\/\" aria-label=\"Go to \u201eMONAT FOR MEN\u2122\" dr\u0117kinamasis veido kremas  page\">-->\n          <!--            <img decoding=\"async\" src=\"https:\/\/monatglobal.com\/wp-content\/uploads\/2022\/12\/essential-face-moisturizer-ecomm-2022-min.png\" alt=\"MONAT FOR MEN\u2122 KREM NAWIL\u017bAJ\u0104CY DO TWARZY \" loading=\"lazy\"\/>-->\n          <!--            <p>\u201eMONAT FOR MEN\u2122\" <br \/>dr\u0117kinamasis veido kremas <\/p>-->\n          <!--         <\/a>-->\n          <!--      -->\n          <!--   -->\n             <!-- If we need navigation buttons -->\n          <!--   -->\n          <!--   -->\n             <!-- If we need paginations -->\n          <!--   -->\n          <!---->\n         <!--==================================================== If we need navigation buttons  ====================================================-->\n         <!--==================================================== If we need paginations  ====================================================-->\n    <a href=\"\" aria-label=\"\"><\/a>\n<!--==================================================== this link has to go last for it to work   ====================================================-->\n","protected":false},"excerpt":{"rendered":"<p>\u201eMONAT FOR MEN\u2122&#8221; Veido prausiklis Gaivinamasis gelinis veido prausiklis, sukurtas taip, kad giliai valyt\u0173 od\u0105 ir tuo pa\u010diu stimuliuot\u0173 bei atgaivint\u0173&nbsp;j\u0105. 150 ml \u212e 5 fl. oz. Ma\u017emenin\u0117 kaina00.00 \u20ac VIP kliento kaina00.00 \u20ac Nor\u0117dami su\u017einoti daugiau apie \u201eMONAT FOR MEN\u2122&#8221; veido prausikl\u012f, pasikalb\u0117kite su savo \u201eMONAT Market&nbsp;Partner&#8221;. NAUDOS Padeda palaikyti sveik\u0105 veido spalv\u0105, panaudojus&hellip;<\/p>\n","protected":false},"author":31,"featured_media":69523,"parent":0,"menu_order":0,"comment_status":"closed","ping_status":"closed","template":"","meta":{"inline_featured_image":false,"om_disable_all_campaigns":false,"_monsterinsights_skip_tracking":false,"_monsterinsights_sitenote_active":false,"_monsterinsights_sitenote_note":"","_monsterinsights_sitenote_category":0,"footnotes":""},"categories":[32],"tags":[],"class_list":["post-58676","page","type-page","status-publish","has-post-thumbnail","hentry","category-product-lt"],"aioseo_notices":[],"aioseo_head":"\n\t\t<!-- All in One SEO Pro 4.9.6 - aioseo.com -->\n\t<meta name=\"description\" content=\"--&gt;\" \/>\n\t<meta name=\"robots\" content=\"max-image-preview:large\" \/>\n\t<link rel=\"canonical\" href=\"https:\/\/monatglobal.com\/lt\/men-face-wash\/\" \/>\n\t<meta name=\"generator\" content=\"All in One SEO Pro (AIOSEO) 4.9.6\" \/>\n\t\t<meta property=\"og:locale\" content=\"lt_LT\" \/>\n\t\t<meta property=\"og:site_name\" content=\"MONAT Lithuania -\" \/>\n\t\t<meta property=\"og:type\" content=\"article\" \/>\n\t\t<meta property=\"og:title\" content=\"\u201eMONAT FOR MEN\u2122\u201c veido prausiklis - MONAT Lithuania\" \/>\n\t\t<meta property=\"og:description\" content=\"--&gt;\" \/>\n\t\t<meta property=\"og:url\" content=\"https:\/\/monatglobal.com\/lt\/men-face-wash\/\" \/>\n\t\t<meta property=\"article:published_time\" content=\"2022-03-07T09:00:37+00:00\" \/>\n\t\t<meta property=\"article:modified_time\" content=\"2026-02-23T15:55:56+00:00\" \/>\n\t\t<meta name=\"twitter:card\" content=\"summary_large_image\" \/>\n\t\t<meta name=\"twitter:title\" content=\"\u201eMONAT FOR MEN\u2122\u201c veido prausiklis - MONAT Lithuania\" \/>\n\t\t<meta name=\"twitter:description\" content=\"--&gt;\" \/>\n\t\t<script type=\"application\/ld+json\" class=\"aioseo-schema\">\n\t\t\t{\"@context\":\"https:\\\/\\\/schema.org\",\"@graph\":[{\"@type\":\"BreadcrumbList\",\"@id\":\"https:\\\/\\\/monatglobal.com\\\/lt\\\/men-face-wash\\\/#breadcrumblist\",\"itemListElement\":[{\"@type\":\"ListItem\",\"@id\":\"https:\\\/\\\/monatglobal.com\\\/lt#listItem\",\"position\":1,\"name\":\"Home\",\"item\":\"https:\\\/\\\/monatglobal.com\\\/lt\",\"nextItem\":{\"@type\":\"ListItem\",\"@id\":\"https:\\\/\\\/monatglobal.com\\\/lt\\\/men-face-wash\\\/#listItem\",\"name\":\"\\u201eMONAT FOR MEN\\u2122\\u201c veido prausiklis\"}},{\"@type\":\"ListItem\",\"@id\":\"https:\\\/\\\/monatglobal.com\\\/lt\\\/men-face-wash\\\/#listItem\",\"position\":2,\"name\":\"\\u201eMONAT FOR MEN\\u2122\\u201c veido prausiklis\",\"previousItem\":{\"@type\":\"ListItem\",\"@id\":\"https:\\\/\\\/monatglobal.com\\\/lt#listItem\",\"name\":\"Home\"}}]},{\"@type\":\"Organization\",\"@id\":\"https:\\\/\\\/monatglobal.com\\\/lt\\\/#organization\",\"name\":\"MONAT Lithuania\",\"url\":\"https:\\\/\\\/monatglobal.com\\\/lt\\\/\"},{\"@type\":\"WebPage\",\"@id\":\"https:\\\/\\\/monatglobal.com\\\/lt\\\/men-face-wash\\\/#webpage\",\"url\":\"https:\\\/\\\/monatglobal.com\\\/lt\\\/men-face-wash\\\/\",\"name\":\"\\u201eMONAT FOR MEN\\u2122\\u201c veido prausiklis - MONAT Lithuania\",\"description\":\"-->\",\"inLanguage\":\"lt-LT\",\"isPartOf\":{\"@id\":\"https:\\\/\\\/monatglobal.com\\\/lt\\\/#website\"},\"breadcrumb\":{\"@id\":\"https:\\\/\\\/monatglobal.com\\\/lt\\\/men-face-wash\\\/#breadcrumblist\"},\"image\":{\"@type\":\"ImageObject\",\"url\":\"https:\\\/\\\/monatglobal.com\\\/lt\\\/wp-content\\\/uploads\\\/sites\\\/11\\\/2022\\\/02\\\/essential-face-wash-ecomm-2022.png\",\"@id\":\"https:\\\/\\\/monatglobal.com\\\/lt\\\/men-face-wash\\\/#mainImage\",\"width\":641,\"height\":800},\"primaryImageOfPage\":{\"@id\":\"https:\\\/\\\/monatglobal.com\\\/lt\\\/men-face-wash\\\/#mainImage\"},\"datePublished\":\"2022-03-07T09:00:37+00:00\",\"dateModified\":\"2026-02-23T15:55:56+00:00\"},{\"@type\":\"WebSite\",\"@id\":\"https:\\\/\\\/monatglobal.com\\\/lt\\\/#website\",\"url\":\"https:\\\/\\\/monatglobal.com\\\/lt\\\/\",\"name\":\"MONAT Lithuania\",\"inLanguage\":\"lt-LT\",\"publisher\":{\"@id\":\"https:\\\/\\\/monatglobal.com\\\/lt\\\/#organization\"}}]}\n\t\t<\/script>\n\t\t<!-- All in One SEO Pro -->\r\n\t\t<title>\u201eMONAT FOR MEN\u2122\u201c veido prausiklis - MONAT Lithuania<\/title>\n\n","aioseo_head_json":{"title":"\u201eMONAT FOR MEN\u2122\u201c veido prausiklis - MONAT Lithuania","description":"-->","canonical_url":"https:\/\/monatglobal.com\/lt\/men-face-wash\/","robots":"max-image-preview:large","keywords":"","webmasterTools":{"miscellaneous":""},"schema":{"@context":"https:\/\/schema.org","@graph":[{"@type":"BreadcrumbList","@id":"https:\/\/monatglobal.com\/lt\/men-face-wash\/#breadcrumblist","itemListElement":[{"@type":"ListItem","@id":"https:\/\/monatglobal.com\/lt#listItem","position":1,"name":"Home","item":"https:\/\/monatglobal.com\/lt","nextItem":{"@type":"ListItem","@id":"https:\/\/monatglobal.com\/lt\/men-face-wash\/#listItem","name":"\u201eMONAT FOR MEN\u2122\u201c veido prausiklis"}},{"@type":"ListItem","@id":"https:\/\/monatglobal.com\/lt\/men-face-wash\/#listItem","position":2,"name":"\u201eMONAT FOR MEN\u2122\u201c veido prausiklis","previousItem":{"@type":"ListItem","@id":"https:\/\/monatglobal.com\/lt#listItem","name":"Home"}}]},{"@type":"Organization","@id":"https:\/\/monatglobal.com\/lt\/#organization","name":"MONAT Lithuania","url":"https:\/\/monatglobal.com\/lt\/"},{"@type":"WebPage","@id":"https:\/\/monatglobal.com\/lt\/men-face-wash\/#webpage","url":"https:\/\/monatglobal.com\/lt\/men-face-wash\/","name":"\u201eMONAT FOR MEN\u2122\u201c veido prausiklis - MONAT Lithuania","description":"-->","inLanguage":"lt-LT","isPartOf":{"@id":"https:\/\/monatglobal.com\/lt\/#website"},"breadcrumb":{"@id":"https:\/\/monatglobal.com\/lt\/men-face-wash\/#breadcrumblist"},"image":{"@type":"ImageObject","url":"https:\/\/monatglobal.com\/lt\/wp-content\/uploads\/sites\/11\/2022\/02\/essential-face-wash-ecomm-2022.png","@id":"https:\/\/monatglobal.com\/lt\/men-face-wash\/#mainImage","width":641,"height":800},"primaryImageOfPage":{"@id":"https:\/\/monatglobal.com\/lt\/men-face-wash\/#mainImage"},"datePublished":"2022-03-07T09:00:37+00:00","dateModified":"2026-02-23T15:55:56+00:00"},{"@type":"WebSite","@id":"https:\/\/monatglobal.com\/lt\/#website","url":"https:\/\/monatglobal.com\/lt\/","name":"MONAT Lithuania","inLanguage":"lt-LT","publisher":{"@id":"https:\/\/monatglobal.com\/lt\/#organization"}}]},"og:locale":"lt_LT","og:site_name":"MONAT Lithuania -","og:type":"article","og:title":"\u201eMONAT FOR MEN\u2122\u201c veido prausiklis - MONAT Lithuania","og:description":"--&gt;","og:url":"https:\/\/monatglobal.com\/lt\/men-face-wash\/","article:published_time":"2022-03-07T09:00:37+00:00","article:modified_time":"2026-02-23T15:55:56+00:00","twitter:card":"summary_large_image","twitter:title":"\u201eMONAT FOR MEN\u2122\u201c veido prausiklis - MONAT Lithuania","twitter:description":"--&gt;"},"aioseo_meta_data":{"post_id":"58676","title":null,"description":null,"keywords":null,"keyphrases":{"focus":{"keyphrase":"","score":0,"analysis":{"keyphraseInTitle":{"score":0,"maxScore":9,"error":1}}},"additional":[]},"primary_term":null,"canonical_url":null,"og_title":null,"og_description":null,"og_object_type":"default","og_image_type":"default","og_image_url":null,"og_image_width":null,"og_image_height":null,"og_image_custom_url":null,"og_image_custom_fields":null,"og_video":"","og_custom_url":null,"og_article_section":null,"og_article_tags":null,"twitter_use_og":false,"twitter_card":"default","twitter_image_type":"default","twitter_image_url":null,"twitter_image_custom_url":null,"twitter_image_custom_fields":null,"twitter_title":null,"twitter_description":null,"schema":{"blockGraphs":[],"customGraphs":[],"default":{"data":{"Article":[],"Course":[],"Dataset":[],"FAQPage":[],"Movie":[],"Person":[],"Product":[],"ProductReview":[],"Car":[],"Recipe":[],"Service":[],"SoftwareApplication":[],"WebPage":[]},"graphName":"WebPage","isEnabled":true},"graphs":[]},"schema_type":"default","schema_type_options":null,"pillar_content":false,"robots_default":true,"robots_noindex":false,"robots_noarchive":false,"robots_nosnippet":false,"robots_nofollow":false,"robots_noimageindex":false,"robots_noodp":false,"robots_notranslate":false,"robots_max_snippet":"-1","robots_max_videopreview":"-1","robots_max_imagepreview":"large","priority":null,"frequency":"default","local_seo":null,"seo_analyzer_scan_date":"2026-02-23 16:03:13","breadcrumb_settings":null,"limit_modified_date":false,"reviewed_by":"0","open_ai":null,"ai":{"faqs":[],"keyPoints":[],"titles":[],"descriptions":[],"socialPosts":{"email":[],"linkedin":[],"twitter":[],"facebook":[],"instagram":[]}},"created":"2023-07-26 19:23:01","updated":"2026-02-23 16:03:13"},"aioseo_breadcrumb":"<div class=\"aioseo-breadcrumbs\"><span class=\"aioseo-breadcrumb\">\n\t<a href=\"https:\/\/monatglobal.com\/lt\" title=\"Home\">Home<\/a>\n<\/span><span class=\"aioseo-breadcrumb-separator\">&raquo;<\/span><span class=\"aioseo-breadcrumb\">\n\t\u201eMONAT FOR MEN\u2122\u201c veido prausiklis\n<\/span><\/div>","aioseo_breadcrumb_json":[{"label":"Home","link":"https:\/\/monatglobal.com\/lt"},{"label":"\u201eMONAT FOR MEN\u2122\u201c veido prausiklis","link":"https:\/\/monatglobal.com\/lt\/men-face-wash\/"}],"_links":{"self":[{"href":"https:\/\/monatglobal.com\/lt\/wp-json\/wp\/v2\/pages\/58676","targetHints":{"allow":["GET"]}}],"collection":[{"href":"https:\/\/monatglobal.com\/lt\/wp-json\/wp\/v2\/pages"}],"about":[{"href":"https:\/\/monatglobal.com\/lt\/wp-json\/wp\/v2\/types\/page"}],"author":[{"embeddable":true,"href":"https:\/\/monatglobal.com\/lt\/wp-json\/wp\/v2\/users\/31"}],"replies":[{"embeddable":true,"href":"https:\/\/monatglobal.com\/lt\/wp-json\/wp\/v2\/comments?post=58676"}],"version-history":[{"count":22,"href":"https:\/\/monatglobal.com\/lt\/wp-json\/wp\/v2\/pages\/58676\/revisions"}],"predecessor-version":[{"id":109289,"href":"https:\/\/monatglobal.com\/lt\/wp-json\/wp\/v2\/pages\/58676\/revisions\/109289"}],"wp:featuredmedia":[{"embeddable":true,"href":"https:\/\/monatglobal.com\/lt\/wp-json\/wp\/v2\/media\/69523"}],"wp:attachment":[{"href":"https:\/\/monatglobal.com\/lt\/wp-json\/wp\/v2\/media?parent=58676"}],"wp:term":[{"taxonomy":"category","embeddable":true,"href":"https:\/\/monatglobal.com\/lt\/wp-json\/wp\/v2\/categories?post=58676"},{"taxonomy":"post_tag","embeddable":true,"href":"https:\/\/monatglobal.com\/lt\/wp-json\/wp\/v2\/tags?post=58676"}],"curies":[{"name":"wp","href":"https:\/\/api.w.org\/{rel}","templated":true}]}}