{"id":58643,"date":"2022-03-07T09:00:31","date_gmt":"2022-03-07T09:00:31","guid":{"rendered":"https:\/\/monatglobal.com\/ca\/?page_id=58643"},"modified":"2026-02-23T16:07:20","modified_gmt":"2026-02-23T16:07:20","slug":"men-face-moisturizer","status":"publish","type":"page","link":"https:\/\/monatglobal.com\/lt\/men-face-moisturizer\/","title":{"rendered":"\u201eMONAT FOR MEN\u2122\u201c dr\u0117kinamasis veido kremas"},"content":{"rendered":"\n<link rel=\"stylesheet\" href=\"https:\/\/unpkg.com\/swiper\/swiper-bundle.min.css\">\n<link rel=\"stylesheet\" href=\"https:\/\/monatglobal.com\/wp-content\/creative_css\/product_styles_sheet.css\">\n   <!--==================================================== ECOMM SECTION ====================================================-->\n      <!--==================================================== Ecomm image ====================================================-->\n      <img decoding=\"async\" src=\"https:\/\/monatglobal.com\/pl\/wp-content\/uploads\/sites\/9\/2022\/01\/essential-face-moisturizer-ecomm-2022.png\" alt=\"Hidratante facial esencial MONAT FOR MEN\u2122\" loading=\"lazy\">\n      <!--==================================================== Ecomm information  ====================================================-->\n         <p>\u201eMONAT FOR MEN\u2122&#8221;<\/p>\n         <h1>Dr\u0117kinamasis <br>veido kremas<\/h1>\n         <p>Lengvos tekst\u016bros, neriebus mink\u0161tinamasis dr\u0117kinamasis kremas, kuris dr\u0117kina od\u0105 ir padeda apsaugoti j\u0105 nuo neigiam\u0173 aplinkos&nbsp;veiksni\u0173.<\/p>\n         <p>50 ml \u212e 1.7 fl. oz.<\/p>\n        <!--==================================================== pricing box  ====================================================-->\n         <p>Ma\u017emenin\u0117 kaina<br>00.00 \u20ac<\/p>\n         <p>VIP kliento kaina<br>00.00 \u20ac<\/p>\n        <!--==================================================== pricing box  ====================================================-->\n         <p>Nor\u0117dami su\u017einoti daugiau apie \u201eMONAT FOR MEN\u2122&#8221; dr\u0117kinam\u0105j\u012f veido krem\u0105, pasikalb\u0117kite su savo \u201eMONAT Market&nbsp;Partner&#8221;.<\/p>\n          <a href=\"\" target=\"_blank\" role=\"button\" aria-label=\"\" rel=\"noopener\"><\/a>\n   <!--==================================================== \/ECOMM SECTION  ====================================================-->\n   <!--==================================================== Benefits image ====================================================-->\n  \n    <source media=\"(max-width: 700px)\" srcset=\"https:\/\/monatglobal.com\/pl\/wp-content\/uploads\/sites\/9\/2021\/12\/essential-face-moisturizer-benefits_mobile.jpg\" loading=\"lazy\">\n      <img decoding=\"async\" src=\"https:\/\/monatglobal.com\/pl\/wp-content\/uploads\/sites\/9\/2021\/12\/essential-face-moisturizer-benefits.jpg\" alt=\"\" loading=\"lazy\">\n    \n   <!--==================================================== Benefits text ====================================================-->\n         <h2>NAUDOS<\/h2>\n         <h3>M\u016bs\u0173 greitai \u012fsigerianti, raminanti formul\u0117 v\u0117sina ir gaivina od\u0105, taip pat u\u017etikrina jos dr\u0117kinim\u0105 vis\u0105&nbsp;dien\u0105. \n         <\/h3>\n         <p>Suteikia matin\u012f efekt\u0105, suma\u017eindamas blizges\u012f ir riebal\u0173&nbsp;pertekli\u0173.<\/p>\n         <!--==================================================== features image  ====================================================-->\n         <img decoding=\"async\" alt=\"\" src=\"https:\/\/monatglobal.com\/pl\/wp-content\/uploads\/sites\/9\/2021\/12\/essential-face-moisturizer-features_.jpg\" loading=\"lazy\">\n      <!--==================================================== features text ====================================================-->\n            <h3>Savyb\u0117s<\/h3>\n               <p>\/ Padeda nuraminti&nbsp;od\u0105<\/p>\n               <p>\/ Padeda palaikyti od\u0105 lygesn\u0119, \u0161velnesn\u0119<\/p>\n               <p>\/ Atgaivina od\u0105 ir ji atrodo ma\u017eiau pavargusi, papilk\u0117jusi<\/p> \n               <p>\/ Pagerina odos&nbsp;elastingum\u0105<\/p>\n               <p>\/ Suteikia matin\u012f efekt\u0105, suma\u017eindamas odos&nbsp;blizg\u0117jim\u0105<\/p>\n               <p>\/ Idealiai tinka vyrams su vis\u0173 tip\u0173 oda, \u012fskaitant turin\u010dius jautri\u0105&nbsp;od\u0105<\/p>\n               <br>\n            <p>Fragrance \/ Unwind and enjoy a coconut-forward, citrusy aroma with notes of blood orange, coconut husk, cashew nut and&nbsp;sandalwood. <\/p>\n            <p> Texture \/ Cream <\/p>\n   <!--==================================================== composition image mobile ====================================================-->\n   <img decoding=\"async\" alt=\"\" src=\"https:\/\/monatglobal.com\/pl\/wp-content\/uploads\/sites\/9\/2021\/12\/essential-face-mousturizer.jpg\" loading=\"lazy\">\n   <!--==================================================== Why it works text ====================================================-->\n      \n      <h3>\u0160is lengvos tekst\u016bros dr\u0117kinamasis kremas, sukurtas specialiai vyr\u0173 odai, dr\u0117kina od\u0105 ir suteikia jai gaivumo, \n      tod\u0117l veidas tampa lygesnis, \u0161velnesnis ir atrodo&nbsp;gyvesnis.<\/h3>\n<!--==================================================== Composition section ====================================================-->\n      <img decoding=\"async\" alt=\"\" src=\"https:\/\/monatglobal.com\/pl\/wp-content\/uploads\/sites\/9\/2021\/12\/essential-face-mousturizer.jpg\" loading=\"lazy\">\n      <img decoding=\"async\" alt=\"\" src=\"https:\/\/monatglobal.com\/pl\/wp-content\/uploads\/sites\/9\/2021\/12\/essential-face-moisturizer-composition3.jpg\" loading=\"lazy\">\n            <!--==================================================== Directions text ====================================================--> \n               <h3>Kaip naudoti<\/h3>\n                    <p>\/ Ant pir\u0161t\u0173 galiuk\u0173 u\u017etepkite nedidel\u012f kiek\u012f dr\u0117kinamojo&nbsp;kremo.<\/p> \n                    <p>\/ \u0160velniai \u012fmasa\u017euokite \u012f \u0161vari\u0105, saus\u0105 od\u0105.<\/p> \n                    <p>\/ Galima naudoti ryte ir vakare.<\/p> \n                    <p>\/ Kad oda b\u016bt\u0173 sveika, rekomenduojame kasdien naudoti apsaug\u0105 nuo&nbsp;saul\u0117s.<\/p>\n            <!--==================================================== Directions video ====================================================-->\n      <p>\u201eMONAT FOR MEN\u2122&#8221;<br>dr\u0117kinamasis veido kremas<br>0:35<\/p>\n      <a href=\"\" target=\"_blank\" role=\"button\" aria-label=\"\" rel=\"noopener\"><\/a>\n   <!--==================================================== Ingredients section  ====================================================-->\n      <h2>PAGRINDIN\u0116S SUDEDAMOSIOS DALYS<\/h2>\n      <p>REJUVENIQE S\u2122<\/p>\n      <p>Nat\u016bralios vaisi\u0173 AHA&nbsp;r\u016bg\u0161tys<\/p>\n      <p>Niacinamidas (vitaminas&nbsp;B3)<\/p>\n      <p>Arabinio kavamed\u017eio s\u0117kl\u0173&nbsp;ekstraktas<\/p>\n      <p>Glotninantis kompleksas<\/p>\n        <button id=\"myBtn\" type=\"button\">SUDEDAM\u0172J\u0172 DALI\u0172 S\u0104RA\u0160AS<\/button>\n      <!--==================================================== Modal content  ====================================================-->\n         \u00d7\n         Aqua\/Water\/Eau, Cetearyl Alcohol, Glyceryl Stearate SE, Heptyl Undecylenate, Caprylic\/Capric Triglyceride, Cetearyl \n         Glucoside, Butyrospermum Parkii (Shea) Butter, Menthol, Menthone, Niacinamide, Limnanthes Alba (Meadowfoam) Seed Oil, Crambe \n         Abyssinica Seed Oil, Camellia Oleifera Seed Oil, Solanum Lycopersicum (Tomato) Seed Oil, Daucus Carota Sativa (Carrot) Seed Oil, \n         Citrus Limon (Lemon) Peel Oil, Citrus Aurantifolia (Lime) Oil, Citrus Aurantium Bergamia (Bergamot) Fruit Oil, Adansonia Digitata \n         Oil, Mauritia Flexuosa Fruit Oil, Cocos Nucifera (Coconut) Oil, Gardenia Taitensis Flower Extract, Moringa Oleifera Seed Oil, \n         Caryocar Brasiliense Fruit Oil, Helianthus Annuus (Sunflower) Seed Oil, Olea Europaea (Olive) Fruit Oil, Simmondsia Chinensis \n         (Jojoba) Seed Extract, Glycerin, Mangifera Indica (Mango) Pulp Extract, Musa Sapientum (Banana) Pulp Extract, Saccharum Officinarum \n         (Sugarcane) Extract, Glycolic Acid, Caffeine, Coffea Arabica (Coffee) Seed Extract, Lecithin, Bisabolol, Zingiber Officinale (Ginger) \n         Root Extract, Calendula Officinalis Flower Extract, Disodium EDTA- Copper, Benzyl Alcohol, Ethylhexylglycerin, Tocopherol, \n         Fragrance\/Parfum, Alpha-Isomethyl Ionone, Benzyl Benzoate, Citronellol, Coumarin, Limonene, Linalool, Geraniol,&nbsp;Hydroxycitronellal.\n   <!--==================================================== You might also like section ====================================================-->\n      <h2>JUMS TAIP PAT GALI PATIKTI<\/h2>\n      <!--==================================================== Slider YOU MIGHT ALSO LIKE ====================================================-->\n          <!---->\n          <!--   -->\n                <!-- Slides products-->\n          <!--      -->\n          <!--         <a href=\"\/lt\/monat-black-shampoo-conditioner\/\" aria-label=\"Go to \u201eMONAT BLACK\u2122\" \u0161amp\u016bnas + kondicionierius page\">-->\n          <!--          <img decoding=\"async\" src=\"https:\/\/monatglobal.com\/wp-content\/uploads\/2022\/12\/Monat-Black-shampoo-conditioner-Ecomm.png\" alt=\"\u201eMONAT BLACK\u2122\" \u0161amp\u016bnas + kondicionierius\" loading=\"lazy\"\/>-->\n          <!--          <p>\u201eMONAT BLACK\u2122\" <br \/>\u0161amp\u016bnas + kondicionierius<\/p>-->\n          <!--        <\/a>-->\n          <!--      -->\n          <!--      -->\n          <!--         <a href=\"\/lt\/men-face-scrub\/\" aria-label=\"Go to \u201eMONAT FOR MEN\u2122\" veido \u0161veitiklis page\">-->\n          <!--            <img decoding=\"async\" src=\"https:\/\/monatglobal.com\/wp-content\/uploads\/2022\/12\/essential-face-scrub-ecomm-2022-min.png\" alt=\"\u201eMONAT FOR MEN\u2122\" veido \u0161veitiklis\" loading=\"lazy\"\/>-->\n          <!--            <p>\u201eMONAT FOR MEN\u2122\" <br \/>veido \u0161veitiklis<\/p>-->\n          <!--         <\/a>-->\n          <!--      -->\n          <!--      -->\n          <!--         <a href=\"\/lt\/men-face-wash\/\" aria-label=\"Go to \u201eMONAT FOR MEN\u2122\" veido prausiklis page\">-->\n          <!--          <img decoding=\"async\" src=\"https:\/\/monatglobal.com\/wp-content\/uploads\/2022\/12\/essential-face-wash-ecomm-2022-min.png\" alt=\"\u201eMONAT FOR MEN\u2122\" veido prausiklis\" loading=\"lazy\"\/>-->\n          <!--          <p>\u201eMONAT FOR MEN\u2122\"<br \/> veido prausiklis <\/p>-->\n          <!--        <\/a>-->\n          <!--      -->\n          <!--   -->\n             <!-- If we need navigation buttons -->\n          <!--   -->\n          <!--   -->\n             <!-- If we need paginations -->\n          <!--   -->\n          <!---->\n         <!--==================================================== If we need navigation buttons  ====================================================-->\n         <!--==================================================== If we need paginations  ====================================================-->\n    <a href=\"\" aria-label=\"\"><\/a>\n<!--==================================================== this link has to go last for it to work   ====================================================-->\n","protected":false},"excerpt":{"rendered":"<p>\u201eMONAT FOR MEN\u2122&#8221; Dr\u0117kinamasis veido kremas Lengvos tekst\u016bros, neriebus mink\u0161tinamasis dr\u0117kinamasis kremas, kuris dr\u0117kina od\u0105 ir padeda apsaugoti j\u0105 nuo neigiam\u0173 aplinkos&nbsp;veiksni\u0173. 50 ml \u212e 1.7 fl. oz. Ma\u017emenin\u0117 kaina00.00 \u20ac VIP kliento kaina00.00 \u20ac Nor\u0117dami su\u017einoti daugiau apie \u201eMONAT FOR MEN\u2122&#8221; dr\u0117kinam\u0105j\u012f veido krem\u0105, pasikalb\u0117kite su savo \u201eMONAT Market&nbsp;Partner&#8221;. NAUDOS M\u016bs\u0173 greitai \u012fsigerianti, raminanti&hellip;<\/p>\n","protected":false},"author":31,"featured_media":69511,"parent":0,"menu_order":0,"comment_status":"closed","ping_status":"closed","template":"","meta":{"inline_featured_image":false,"om_disable_all_campaigns":false,"_monsterinsights_skip_tracking":false,"_monsterinsights_sitenote_active":false,"_monsterinsights_sitenote_note":"","_monsterinsights_sitenote_category":0,"footnotes":""},"categories":[32],"tags":[],"class_list":["post-58643","page","type-page","status-publish","has-post-thumbnail","hentry","category-product-lt"],"aioseo_notices":[],"aioseo_head":"\n\t\t<!-- All in One SEO Pro 4.9.6 - aioseo.com -->\n\t<meta name=\"description\" content=\"--&gt;\" \/>\n\t<meta name=\"robots\" content=\"max-image-preview:large\" \/>\n\t<link rel=\"canonical\" href=\"https:\/\/monatglobal.com\/lt\/men-face-moisturizer\/\" \/>\n\t<meta name=\"generator\" content=\"All in One SEO Pro (AIOSEO) 4.9.6\" \/>\n\t\t<meta property=\"og:locale\" content=\"lt_LT\" \/>\n\t\t<meta property=\"og:site_name\" content=\"MONAT Lithuania -\" \/>\n\t\t<meta property=\"og:type\" content=\"article\" \/>\n\t\t<meta property=\"og:title\" content=\"\u201eMONAT FOR MEN\u2122\u201c dr\u0117kinamasis veido kremas - MONAT Lithuania\" \/>\n\t\t<meta property=\"og:description\" content=\"--&gt;\" \/>\n\t\t<meta property=\"og:url\" content=\"https:\/\/monatglobal.com\/lt\/men-face-moisturizer\/\" \/>\n\t\t<meta property=\"article:published_time\" content=\"2022-03-07T09:00:31+00:00\" \/>\n\t\t<meta property=\"article:modified_time\" content=\"2026-02-23T16:07:20+00:00\" \/>\n\t\t<meta name=\"twitter:card\" content=\"summary_large_image\" \/>\n\t\t<meta name=\"twitter:title\" content=\"\u201eMONAT FOR MEN\u2122\u201c dr\u0117kinamasis veido kremas - MONAT Lithuania\" \/>\n\t\t<meta name=\"twitter:description\" content=\"--&gt;\" \/>\n\t\t<script type=\"application\/ld+json\" class=\"aioseo-schema\">\n\t\t\t{\"@context\":\"https:\\\/\\\/schema.org\",\"@graph\":[{\"@type\":\"BreadcrumbList\",\"@id\":\"https:\\\/\\\/monatglobal.com\\\/lt\\\/men-face-moisturizer\\\/#breadcrumblist\",\"itemListElement\":[{\"@type\":\"ListItem\",\"@id\":\"https:\\\/\\\/monatglobal.com\\\/lt#listItem\",\"position\":1,\"name\":\"Home\",\"item\":\"https:\\\/\\\/monatglobal.com\\\/lt\",\"nextItem\":{\"@type\":\"ListItem\",\"@id\":\"https:\\\/\\\/monatglobal.com\\\/lt\\\/men-face-moisturizer\\\/#listItem\",\"name\":\"\\u201eMONAT FOR MEN\\u2122\\u201c dr\\u0117kinamasis veido kremas\"}},{\"@type\":\"ListItem\",\"@id\":\"https:\\\/\\\/monatglobal.com\\\/lt\\\/men-face-moisturizer\\\/#listItem\",\"position\":2,\"name\":\"\\u201eMONAT FOR MEN\\u2122\\u201c dr\\u0117kinamasis veido kremas\",\"previousItem\":{\"@type\":\"ListItem\",\"@id\":\"https:\\\/\\\/monatglobal.com\\\/lt#listItem\",\"name\":\"Home\"}}]},{\"@type\":\"Organization\",\"@id\":\"https:\\\/\\\/monatglobal.com\\\/lt\\\/#organization\",\"name\":\"MONAT Lithuania\",\"url\":\"https:\\\/\\\/monatglobal.com\\\/lt\\\/\"},{\"@type\":\"WebPage\",\"@id\":\"https:\\\/\\\/monatglobal.com\\\/lt\\\/men-face-moisturizer\\\/#webpage\",\"url\":\"https:\\\/\\\/monatglobal.com\\\/lt\\\/men-face-moisturizer\\\/\",\"name\":\"\\u201eMONAT FOR MEN\\u2122\\u201c dr\\u0117kinamasis veido kremas - MONAT Lithuania\",\"description\":\"-->\",\"inLanguage\":\"lt-LT\",\"isPartOf\":{\"@id\":\"https:\\\/\\\/monatglobal.com\\\/lt\\\/#website\"},\"breadcrumb\":{\"@id\":\"https:\\\/\\\/monatglobal.com\\\/lt\\\/men-face-moisturizer\\\/#breadcrumblist\"},\"image\":{\"@type\":\"ImageObject\",\"url\":\"https:\\\/\\\/monatglobal.com\\\/lt\\\/wp-content\\\/uploads\\\/sites\\\/11\\\/2022\\\/02\\\/MB-ESSENTIAL-FACE-MOISTURIZER-1.7oz_eccom-1.png\",\"@id\":\"https:\\\/\\\/monatglobal.com\\\/lt\\\/men-face-moisturizer\\\/#mainImage\",\"width\":618,\"height\":706},\"primaryImageOfPage\":{\"@id\":\"https:\\\/\\\/monatglobal.com\\\/lt\\\/men-face-moisturizer\\\/#mainImage\"},\"datePublished\":\"2022-03-07T09:00:31+00:00\",\"dateModified\":\"2026-02-23T16:07:20+00:00\"},{\"@type\":\"WebSite\",\"@id\":\"https:\\\/\\\/monatglobal.com\\\/lt\\\/#website\",\"url\":\"https:\\\/\\\/monatglobal.com\\\/lt\\\/\",\"name\":\"MONAT Lithuania\",\"inLanguage\":\"lt-LT\",\"publisher\":{\"@id\":\"https:\\\/\\\/monatglobal.com\\\/lt\\\/#organization\"}}]}\n\t\t<\/script>\n\t\t<!-- All in One SEO Pro -->\r\n\t\t<title>\u201eMONAT FOR MEN\u2122\u201c dr\u0117kinamasis veido kremas - MONAT Lithuania<\/title>\n\n","aioseo_head_json":{"title":"\u201eMONAT FOR MEN\u2122\u201c dr\u0117kinamasis veido kremas - MONAT Lithuania","description":"-->","canonical_url":"https:\/\/monatglobal.com\/lt\/men-face-moisturizer\/","robots":"max-image-preview:large","keywords":"","webmasterTools":{"miscellaneous":""},"schema":{"@context":"https:\/\/schema.org","@graph":[{"@type":"BreadcrumbList","@id":"https:\/\/monatglobal.com\/lt\/men-face-moisturizer\/#breadcrumblist","itemListElement":[{"@type":"ListItem","@id":"https:\/\/monatglobal.com\/lt#listItem","position":1,"name":"Home","item":"https:\/\/monatglobal.com\/lt","nextItem":{"@type":"ListItem","@id":"https:\/\/monatglobal.com\/lt\/men-face-moisturizer\/#listItem","name":"\u201eMONAT FOR MEN\u2122\u201c dr\u0117kinamasis veido kremas"}},{"@type":"ListItem","@id":"https:\/\/monatglobal.com\/lt\/men-face-moisturizer\/#listItem","position":2,"name":"\u201eMONAT FOR MEN\u2122\u201c dr\u0117kinamasis veido kremas","previousItem":{"@type":"ListItem","@id":"https:\/\/monatglobal.com\/lt#listItem","name":"Home"}}]},{"@type":"Organization","@id":"https:\/\/monatglobal.com\/lt\/#organization","name":"MONAT Lithuania","url":"https:\/\/monatglobal.com\/lt\/"},{"@type":"WebPage","@id":"https:\/\/monatglobal.com\/lt\/men-face-moisturizer\/#webpage","url":"https:\/\/monatglobal.com\/lt\/men-face-moisturizer\/","name":"\u201eMONAT FOR MEN\u2122\u201c dr\u0117kinamasis veido kremas - MONAT Lithuania","description":"-->","inLanguage":"lt-LT","isPartOf":{"@id":"https:\/\/monatglobal.com\/lt\/#website"},"breadcrumb":{"@id":"https:\/\/monatglobal.com\/lt\/men-face-moisturizer\/#breadcrumblist"},"image":{"@type":"ImageObject","url":"https:\/\/monatglobal.com\/lt\/wp-content\/uploads\/sites\/11\/2022\/02\/MB-ESSENTIAL-FACE-MOISTURIZER-1.7oz_eccom-1.png","@id":"https:\/\/monatglobal.com\/lt\/men-face-moisturizer\/#mainImage","width":618,"height":706},"primaryImageOfPage":{"@id":"https:\/\/monatglobal.com\/lt\/men-face-moisturizer\/#mainImage"},"datePublished":"2022-03-07T09:00:31+00:00","dateModified":"2026-02-23T16:07:20+00:00"},{"@type":"WebSite","@id":"https:\/\/monatglobal.com\/lt\/#website","url":"https:\/\/monatglobal.com\/lt\/","name":"MONAT Lithuania","inLanguage":"lt-LT","publisher":{"@id":"https:\/\/monatglobal.com\/lt\/#organization"}}]},"og:locale":"lt_LT","og:site_name":"MONAT Lithuania -","og:type":"article","og:title":"\u201eMONAT FOR MEN\u2122\u201c dr\u0117kinamasis veido kremas - MONAT Lithuania","og:description":"--&gt;","og:url":"https:\/\/monatglobal.com\/lt\/men-face-moisturizer\/","article:published_time":"2022-03-07T09:00:31+00:00","article:modified_time":"2026-02-23T16:07:20+00:00","twitter:card":"summary_large_image","twitter:title":"\u201eMONAT FOR MEN\u2122\u201c dr\u0117kinamasis veido kremas - MONAT Lithuania","twitter:description":"--&gt;"},"aioseo_meta_data":{"post_id":"58643","title":null,"description":null,"keywords":null,"keyphrases":{"focus":{"keyphrase":"","score":0,"analysis":{"keyphraseInTitle":{"score":0,"maxScore":9,"error":1}}},"additional":[]},"primary_term":null,"canonical_url":null,"og_title":null,"og_description":null,"og_object_type":"default","og_image_type":"default","og_image_url":null,"og_image_width":null,"og_image_height":null,"og_image_custom_url":null,"og_image_custom_fields":null,"og_video":"","og_custom_url":null,"og_article_section":null,"og_article_tags":null,"twitter_use_og":false,"twitter_card":"default","twitter_image_type":"default","twitter_image_url":null,"twitter_image_custom_url":null,"twitter_image_custom_fields":null,"twitter_title":null,"twitter_description":null,"schema":{"blockGraphs":[],"customGraphs":[],"default":{"data":{"Article":[],"Course":[],"Dataset":[],"FAQPage":[],"Movie":[],"Person":[],"Product":[],"ProductReview":[],"Car":[],"Recipe":[],"Service":[],"SoftwareApplication":[],"WebPage":[]},"graphName":"WebPage","isEnabled":true},"graphs":[]},"schema_type":"default","schema_type_options":null,"pillar_content":false,"robots_default":true,"robots_noindex":false,"robots_noarchive":false,"robots_nosnippet":false,"robots_nofollow":false,"robots_noimageindex":false,"robots_noodp":false,"robots_notranslate":false,"robots_max_snippet":"-1","robots_max_videopreview":"-1","robots_max_imagepreview":"large","priority":null,"frequency":"default","local_seo":null,"seo_analyzer_scan_date":"2026-02-23 16:20:19","breadcrumb_settings":null,"limit_modified_date":false,"reviewed_by":"0","open_ai":null,"ai":{"faqs":[],"keyPoints":[],"titles":[],"descriptions":[],"socialPosts":{"email":[],"linkedin":[],"twitter":[],"facebook":[],"instagram":[]}},"created":"2023-07-26 19:23:01","updated":"2026-02-23 16:20:19"},"aioseo_breadcrumb":"<div class=\"aioseo-breadcrumbs\"><span class=\"aioseo-breadcrumb\">\n\t<a href=\"https:\/\/monatglobal.com\/lt\" title=\"Home\">Home<\/a>\n<\/span><span class=\"aioseo-breadcrumb-separator\">&raquo;<\/span><span class=\"aioseo-breadcrumb\">\n\t\u201eMONAT FOR MEN\u2122\u201c dr\u0117kinamasis veido kremas\n<\/span><\/div>","aioseo_breadcrumb_json":[{"label":"Home","link":"https:\/\/monatglobal.com\/lt"},{"label":"\u201eMONAT FOR MEN\u2122\u201c dr\u0117kinamasis veido kremas","link":"https:\/\/monatglobal.com\/lt\/men-face-moisturizer\/"}],"_links":{"self":[{"href":"https:\/\/monatglobal.com\/lt\/wp-json\/wp\/v2\/pages\/58643","targetHints":{"allow":["GET"]}}],"collection":[{"href":"https:\/\/monatglobal.com\/lt\/wp-json\/wp\/v2\/pages"}],"about":[{"href":"https:\/\/monatglobal.com\/lt\/wp-json\/wp\/v2\/types\/page"}],"author":[{"embeddable":true,"href":"https:\/\/monatglobal.com\/lt\/wp-json\/wp\/v2\/users\/31"}],"replies":[{"embeddable":true,"href":"https:\/\/monatglobal.com\/lt\/wp-json\/wp\/v2\/comments?post=58643"}],"version-history":[{"count":24,"href":"https:\/\/monatglobal.com\/lt\/wp-json\/wp\/v2\/pages\/58643\/revisions"}],"predecessor-version":[{"id":109293,"href":"https:\/\/monatglobal.com\/lt\/wp-json\/wp\/v2\/pages\/58643\/revisions\/109293"}],"wp:featuredmedia":[{"embeddable":true,"href":"https:\/\/monatglobal.com\/lt\/wp-json\/wp\/v2\/media\/69511"}],"wp:attachment":[{"href":"https:\/\/monatglobal.com\/lt\/wp-json\/wp\/v2\/media?parent=58643"}],"wp:term":[{"taxonomy":"category","embeddable":true,"href":"https:\/\/monatglobal.com\/lt\/wp-json\/wp\/v2\/categories?post=58643"},{"taxonomy":"post_tag","embeddable":true,"href":"https:\/\/monatglobal.com\/lt\/wp-json\/wp\/v2\/tags?post=58643"}],"curies":[{"name":"wp","href":"https:\/\/api.w.org\/{rel}","templated":true}]}}