{"id":49965,"date":"2020-01-21T12:35:15","date_gmt":"2020-01-21T17:35:15","guid":{"rendered":"https:\/\/monatglobal.com\/?page_id=49907"},"modified":"2026-02-20T17:46:14","modified_gmt":"2026-02-20T17:46:14","slug":"unknot-detangler","status":"publish","type":"page","link":"https:\/\/monatglobal.com\/lt\/unknot-detangler\/","title":{"rendered":"Pur\u0161kiklis nuo plauk\u0173 v\u0117limosi | MONAT Hair Products"},"content":{"rendered":"\n<link rel=\"stylesheet\" href=\"https:\/\/unpkg.com\/swiper\/swiper-bundle.min.css\">\n<link rel=\"stylesheet\" href=\"https:\/\/monatglobal.com\/wp-content\/creative_css\/product_styles_sheet.css\">\n   <!--==================================================== ECOMM SECTION ====================================================-->\n      <!--==================================================== Ecomm image ====================================================-->\n       \n      <img decoding=\"async\" src=\"https:\/\/monatglobal.com\/es\/wp-content\/uploads\/sites\/10\/2022\/07\/unknot-detangler-ecomm.png\" alt=\"Nuotrauka Pur\u0161kiklio nuo Plauk\u0173 V\u0117limosi\" loading=\"lazy\">\n         \n      <!--==================================================== Ecomm information  ====================================================-->\n         \n         <h1>Pur\u0161kiklis nuo<br>plauk\u0173 v\u0117limosi<\/h1>\n         <p>Praturtintas \u201eREJUVENIQE S\u2122&#8221;<\/p>\n         <p>Lengvos tekst\u016bros pur\u0161kiklis nuo plauk\u0173 v\u0117limosi, kuris kondicionuoja ir atkuria plaukus, jie tampa \u0161veln\u016bs ir lengvai i\u0161\u0161ukuojami.<\/p>\n         <p>134 ml \u212e 4.5 fl oz<\/p>\n      <!--==================================================== pricing box ====================================================-->    \n         <p>Ma\u017emenin\u0117 kaina<br>00.00 \u20ac<\/p>\n         <p>VIP kliento kaina<br>00.00 \u20ac<\/p>\n      <!--==================================================== pricing box ====================================================--> \n         <p>Nor\u0117dami su\u017einoti daugiau apie pur\u0161kikl\u012f nuo plauk\u0173 v\u0117limosi, pasikalb\u0117kite su savo \u201eMONAT Market&nbsp;Partner&#8221;.<\/p>\n          <a href=\"\" target=\"_blank\" role=\"button\" aria-label=\"\" rel=\"noopener\"><\/a>\n   <!--==================================================== \/ECOMM SECTION  ====================================================-->\n   <!--==================================================== Benefits image ====================================================-->\n  \n    <source media=\"(max-width: 700px)\" srcset=\"https:\/\/monatglobal.com\/es\/wp-content\/uploads\/sites\/10\/2022\/07\/unknot-detangler-benefits-700-1.jpg\" loading=\"lazy\">\n      <img decoding=\"async\" src=\"https:\/\/monatglobal.com\/es\/wp-content\/uploads\/sites\/10\/2022\/07\/unknot-detangler-benefits-1.jpg\" alt=\"Moteris brunet\u0117, besi\u0161ypsanti, laikydamasi savo storus plaukus.\" loading=\"lazy\">\n    \n   <!--==================================================== Benefits text ====================================================-->\n         <h2>NAUDOS<\/h2>\n         <h3>Plaukai tampa \u0161veln\u016bs, lengvai i\u0161\u0161ukuojami ir kondicionuoti.<\/h3>\n         <p>Padeda sutramdyti nepaklusnius plaukus ir suma\u017eina elektrinim\u0105si. Sugeria UV, tod\u0117l padeda apsaugoti plaukus nuo spalvos blukimo. Stiprina ir apsaugo plaukus nuo \u0161ukavimo \u0161epe\u010diu sukeliamo l\u016b\u017ein\u0117jimo. Paruo\u0161ia plaukus modeliavimo produkt\u0173 naudojimui. Gali b\u016bti naudojamas kasdien tiek ant dr\u0117gn\u0173, tiek ant saus\u0173 plauk\u0173.<\/p>\n         <!--==================================================== features image  ====================================================-->\n         <img decoding=\"async\" alt=\"Pur\u0161kiklis nuo Plauk\u0173 V\u0117limosi guli ant ilg\u0173 \u0161viesi\u0173 plauk\u0173 baltame fone.\" src=\"https:\/\/monatglobal.com\/es\/wp-content\/uploads\/sites\/10\/2022\/07\/unknot-features.jpg\" loading=\"lazy\">\n      <!--==================================================== features text ====================================================-->\n            <h3>Savyb\u0117s<\/h3>\n               <p>\/ Lengvai \u012fsigerianti formul\u0117, kuri i\u0161 karto paver\u010dia plaukus lengviau \u0161ukuojamais ir j\u0173 neapsunkina<\/p>\n               <p>\/ Padeda stiprinti plaukus i\u0161laikant dr\u0117gm\u0119 ir \u0161velnum\u0105<\/p>\n               <p>\/ Saugu naudoti ant da\u017eyt\u0173 plauk\u0173<\/p>\n               <p>\/ Puikiai tinka visiems plauk\u0173 tipams ir tekst\u016broms<\/p>\n               <p>\/ Patikrinta dermatolog\u0173<\/p>\n               <p>\/ Draugi\u0161ka gyv\u016bnams<\/p>\n               <p>\/ Tinka veganams<\/p>\n               <br>\n            <p>Fragrance \/ Unwind and enjoy a coconut-forward, citrusy aroma with notes of blood orange, coconut husk, cashew nut and&nbsp;sandalwood. <\/p>\n            <p> Texture \/ Cream <\/p>\n   <!--==================================================== composition image mobile ====================================================-->\n   <img decoding=\"async\" alt=\"Atidarytas buteliukas Pur\u0161kiklio nuo Plauk\u0173 V\u0117limosi pad\u0117tas ant marmurin\u0117s plytel\u0117s, \u0161alia purpurin\u0117s \u0161ukos, rank\u0161luostis ir ma\u017eas baltas indas.\" src=\"https:\/\/monatglobal.com\/es\/wp-content\/uploads\/sites\/10\/2022\/07\/unknot-detangler-comp-1-1.jpg\" loading=\"lazy\">\n   <!--==================================================== Why it works text ====================================================-->\n      \n      <h3>Kondicionuoja. Mink\u0161tina. Stiprina.<\/h3>\n      <p>Susiv\u0117l\u0119 plaukai niekada netur\u0117t\u0173 trukdyti kuriant tobul\u0105 i\u0161vaizd\u0105. \u201eMONAT&#8221; pur\u0161kiklis nuo plauk\u0173 v\u0117limosi suteiks plaukams glotnumo, plaukai taps lengviau tvarkomi, tod\u0117l gal\u0117site pamir\u0161ti susiraizgiusius ir susiv\u0117lusius plaukus. \u0160is daugiafunkcis nenuplaunamas pur\u0161kiklis su \u201eREJUVENIQE S\u2122&#8221; stiprina ir kondicionuoja plaukus, akimirksniu paversdamas juos lengviau \u0161ukuojamais ir suglotnindamas nepaklusnius plaukus. Plaukai tampa \u0161ilkiniai ir \u0161veln\u016bs.<\/p>\n<!--==================================================== Composition section ====================================================-->\n      <img decoding=\"async\" alt=\"Atidarytas buteliukas Pur\u0161kiklio nuo Plauk\u0173 V\u0117limosi pad\u0117tas ant marmurin\u0117s plytel\u0117s, \u0161alia purpurin\u0117s \u0161ukos, rank\u0161luostis ir ma\u017eas baltas indas.\" src=\"https:\/\/monatglobal.com\/es\/wp-content\/uploads\/sites\/10\/2022\/07\/unknot-detangler-comp-1-1.jpg\" loading=\"lazy\">\n      <img decoding=\"async\" alt=\"Moteris brunet\u0117, besi\u0161ypsanti ir \u0161ukuojanti plaukus blizgan\u010diame violetiniame foe.\" src=\"https:\/\/monatglobal.com\/es\/wp-content\/uploads\/sites\/10\/2022\/07\/unknot-detangler-comp-3.jpg\" loading=\"lazy\">\n            <!--==================================================== Directions text ====================================================--> \n               <h3>Naudojimas<\/h3>\n                    <p>\/ Purk\u0161kite ant rank\u0161luos\u010diu nusausint\u0173 plauk\u0173, ypa\u010d skirdami d\u0117mes\u012f susiv\u0117lusioms sruogoms.<\/p>\n                    <p>\/ I\u0161\u0161ukuokite ir modeliuokite kaip \u012fprastai.<\/p>\n            <!--==================================================== Directions video ====================================================-->\n      <p>Be Balanced\u2122 <br>Lightweight Moisturizer <br>0:35<\/p>\n      <a href=\"\" target=\"_blank\" role=\"button\" aria-label=\"\" rel=\"noopener\"><\/a>\n   <!--==================================================== Ingredients section  ====================================================-->\n      <h2>PAGRINDIN\u0116S SUDEDAMOSIOS DALYS<\/h2>\n      <p>REJUVENIQE S\u2122 <\/p>\n      <p>Fiber Rescue\u2122<\/p>\n      <p>Procataline\u2122<\/p>\n      <p>Crodasorb\u2122<\/p>\n      <p>Rejuvasoft\u2122<\/p>\n        <button id=\"myBtn\" type=\"button\">SUDEDAM\u0172J\u0172 DALI\u0172 S\u0104RA\u0160AS<\/button>\n      <!--==================================================== Modal content  ====================================================-->\n         \u00d7\n         <p>Aqua\/Water\/Eau, Cetearyl Alcohol, Coconut Alkanes, Panthenol, Pisum Sativum (Pea) Extract, Prunus Amygdalus Dulcis (Sweet Almond) Protein, Limnanthes Alba (Meadowfoam) Seed Oil, Crambe Abyssinica Seed Oil, Camellia Oleifera Seed Oil, Solanum Lycopersicum (Tomato) Seed Oil, Daucus Carota Sativa (Carrot) Seed Oil, Citrus Limon (Lemon) Peel Oil, Citrus Aurantifolia (Lime) Oil, Citrus Aurantium Bergamia (Bergamot) Fruit Oil, Adansonia Digitata Oil, Mauritia Flexuosa Fruit Oil, Cocos Nucifera (Coconut) Oil, Gardenia Taitensis Flower Extract, Moringa Oleifera Seed Oil, Caryocar Brasiliense Fruit Oil, Helianthus Annuus (Sunflower) Seed Oil, Olea Europaea (Olive) Fruit Oil, Simmondsia Chinensis (Jojoba) Seed Extract, Tocopherol, Glycerin, Lauryl Glucoside, Myristyl Glucoside, Polyglyceryl-6 Laurate, Quaternium-91, Myristyl Myristate, Behentrimonium Chloride, Coco-Caprylate\/Caprate, Cinnamidopropyltrimonium Chloride, Sodium Palmitate, Fragrance\/Parfum, Ethylhexylglycerin, Benzyl Alcohol, Limonene, Linalool.<\/p>\n   <!--==================================================== You might also like section ====================================================-->\n      <h2>JUMS TAIP PAT GALI PATIKTI<\/h2>\n      <!--==================================================== Slider YOU MIGHT ALSO LIKE ====================================================-->\n         <!-- -->\n         <!---->\n                <!-- Slides products-->\n         <!--       -->\n         <!--          <a href=\"https:\/\/corp.mymonat.com\/shop\/products\/champu-volumen-revive\/?globallanguage=lt&globalmarket=lt\" aria-label=\"Go to Champ\u00fa Volumen Revive\u2122 page\">-->\n         <!--           <img decoding=\"async\" src=\"https:\/\/monatglobal.com\/wp-content\/uploads\/2022\/12\/Volumizing-revive-shampoo_ecomm-min.png\" alt=\"Champ\u00fa Volumen Revive\u2122\" loading=\"lazy\"\/>-->\n         <!--           <p>APIMTIES SUTEIKIANTIS<br \/>\u201eREVIVE\u2122\" \u0160AMP\u016aNAS<\/p>-->\n         <!--         <\/a>-->\n         <!--       -->\n         <!--       -->\n         <!--          <a href=\"https:\/\/corp.mymonat.com\/shop\/products\/acondicionador-volumen-revitalize\/?globallanguage=lt&globalmarket=lt\" aria-label=\"Go to Acondicionador Volumen Revitalize\u2122 page\">-->\n         <!--           <img decoding=\"async\" src=\"https:\/\/monatglobal.com\/wp-content\/uploads\/2022\/12\/Volumizing-revitalize-conditioner_Ecomm-min.png\" alt=\"Acondicionador Volumen Revitalize\u2122\" loading=\"lazy\"\/>-->\n         <!--           <p>APIMTIES SUTEIKIANTIS<br \/>\u201eREVITALIZE\u2122\" KONDICIONIERIUS<\/p>-->\n         <!--         <\/a>-->\n         <!--       -->\n         <!--       -->\n         <!--          <a href=\"\/es\/the-champ-conditioning-dry-shampoo\/\" aria-label=\"Go to Champ\u00fa Acondicionador En Seco Studio One\u2122 The Champ\u2122 page\">-->\n         <!--             <img decoding=\"async\" src=\"https:\/\/monatglobal.com\/wp-content\/uploads\/2022\/12\/CHAMPU-ACONDICIONADOR-EN-SECO-MONAT-STUDIO-ONE-THE-CHAMP-ecomm.png\" alt=\"Champ\u00fa Acondicionador En Seco Studio One\u2122 The Champ\u2122\" loading=\"lazy\"\/>-->\n         <!--             <p>Champ\u00fa Acondicionador<br \/> En Seco Studio One\u2122 <br \/>The Champ\u2122<\/p>-->\n         <!--          <\/a>-->\n         <!--       -->\n         <!--    -->\n             <!-- If we need navigation buttons -->\n         <!--    -->\n         <!--    -->\n             <!-- If we need paginations -->\n         <!--    -->\n         <!-- -->\n         <!--==================================================== If we need navigation buttons  ====================================================-->\n         <!--==================================================== If we need paginations  ====================================================-->\n    <a href=\"\" aria-label=\"\"><\/a>\n<!--==================================================== this link has to go last for it to work   ====================================================-->\n","protected":false},"excerpt":{"rendered":"<p>Pur\u0161kiklis nuoplauk\u0173 v\u0117limosi Praturtintas \u201eREJUVENIQE S\u2122&#8221; Lengvos tekst\u016bros pur\u0161kiklis nuo plauk\u0173 v\u0117limosi, kuris kondicionuoja ir atkuria plaukus, jie tampa \u0161veln\u016bs ir lengvai i\u0161\u0161ukuojami. 134 ml \u212e 4.5 fl oz Ma\u017emenin\u0117 kaina00.00 \u20ac VIP kliento kaina00.00 \u20ac Nor\u0117dami su\u017einoti daugiau apie pur\u0161kikl\u012f nuo plauk\u0173 v\u0117limosi, pasikalb\u0117kite su savo \u201eMONAT Market&nbsp;Partner&#8221;. NAUDOS Plaukai tampa \u0161veln\u016bs, lengvai i\u0161\u0161ukuojami&hellip;<\/p>\n","protected":false},"author":31,"featured_media":109190,"parent":0,"menu_order":0,"comment_status":"closed","ping_status":"closed","template":"","meta":{"inline_featured_image":false,"om_disable_all_campaigns":false,"_monsterinsights_skip_tracking":false,"_monsterinsights_sitenote_active":false,"_monsterinsights_sitenote_note":"","_monsterinsights_sitenote_category":0,"footnotes":""},"categories":[32],"tags":[],"class_list":["post-49965","page","type-page","status-publish","has-post-thumbnail","hentry","category-product-lt"],"aioseo_notices":[],"aioseo_head":"\n\t\t<!-- All in One SEO Pro 4.9.6 - aioseo.com -->\n\t<meta name=\"description\" content=\"--&gt;\" \/>\n\t<meta name=\"robots\" content=\"max-image-preview:large\" \/>\n\t<link rel=\"canonical\" href=\"https:\/\/monatglobal.com\/lt\/unknot-detangler\/\" \/>\n\t<meta name=\"generator\" content=\"All in One SEO Pro (AIOSEO) 4.9.6\" \/>\n\t\t<meta property=\"og:locale\" content=\"lt_LT\" \/>\n\t\t<meta property=\"og:site_name\" content=\"MONAT Lithuania -\" \/>\n\t\t<meta property=\"og:type\" content=\"article\" \/>\n\t\t<meta property=\"og:title\" content=\"Pur\u0161kiklis nuo plauk\u0173 v\u0117limosi | MONAT Hair Products - MONAT Lithuania\" \/>\n\t\t<meta property=\"og:description\" content=\"--&gt;\" \/>\n\t\t<meta property=\"og:url\" content=\"https:\/\/monatglobal.com\/lt\/unknot-detangler\/\" \/>\n\t\t<meta property=\"article:published_time\" content=\"2020-01-21T17:35:15+00:00\" \/>\n\t\t<meta property=\"article:modified_time\" content=\"2026-02-20T17:46:14+00:00\" \/>\n\t\t<meta name=\"twitter:card\" content=\"summary_large_image\" \/>\n\t\t<meta name=\"twitter:title\" content=\"Pur\u0161kiklis nuo plauk\u0173 v\u0117limosi | MONAT Hair Products - MONAT Lithuania\" \/>\n\t\t<meta name=\"twitter:description\" content=\"--&gt;\" \/>\n\t\t<script type=\"application\/ld+json\" class=\"aioseo-schema\">\n\t\t\t{\"@context\":\"https:\\\/\\\/schema.org\",\"@graph\":[{\"@type\":\"BreadcrumbList\",\"@id\":\"https:\\\/\\\/monatglobal.com\\\/lt\\\/unknot-detangler\\\/#breadcrumblist\",\"itemListElement\":[{\"@type\":\"ListItem\",\"@id\":\"https:\\\/\\\/monatglobal.com\\\/lt#listItem\",\"position\":1,\"name\":\"Home\",\"item\":\"https:\\\/\\\/monatglobal.com\\\/lt\",\"nextItem\":{\"@type\":\"ListItem\",\"@id\":\"https:\\\/\\\/monatglobal.com\\\/lt\\\/unknot-detangler\\\/#listItem\",\"name\":\"Pur\\u0161kiklis nuo plauk\\u0173 v\\u0117limosi | MONAT Hair Products\"}},{\"@type\":\"ListItem\",\"@id\":\"https:\\\/\\\/monatglobal.com\\\/lt\\\/unknot-detangler\\\/#listItem\",\"position\":2,\"name\":\"Pur\\u0161kiklis nuo plauk\\u0173 v\\u0117limosi | MONAT Hair Products\",\"previousItem\":{\"@type\":\"ListItem\",\"@id\":\"https:\\\/\\\/monatglobal.com\\\/lt#listItem\",\"name\":\"Home\"}}]},{\"@type\":\"Organization\",\"@id\":\"https:\\\/\\\/monatglobal.com\\\/lt\\\/#organization\",\"name\":\"MONAT Lithuania\",\"url\":\"https:\\\/\\\/monatglobal.com\\\/lt\\\/\"},{\"@type\":\"WebPage\",\"@id\":\"https:\\\/\\\/monatglobal.com\\\/lt\\\/unknot-detangler\\\/#webpage\",\"url\":\"https:\\\/\\\/monatglobal.com\\\/lt\\\/unknot-detangler\\\/\",\"name\":\"Pur\\u0161kiklis nuo plauk\\u0173 v\\u0117limosi | MONAT Hair Products - MONAT Lithuania\",\"description\":\"-->\",\"inLanguage\":\"lt-LT\",\"isPartOf\":{\"@id\":\"https:\\\/\\\/monatglobal.com\\\/lt\\\/#website\"},\"breadcrumb\":{\"@id\":\"https:\\\/\\\/monatglobal.com\\\/lt\\\/unknot-detangler\\\/#breadcrumblist\"},\"image\":{\"@type\":\"ImageObject\",\"url\":\"https:\\\/\\\/monatglobal.com\\\/lt\\\/wp-content\\\/uploads\\\/sites\\\/11\\\/2026\\\/02\\\/unknot-detangler-ecomm.png\",\"@id\":\"https:\\\/\\\/monatglobal.com\\\/lt\\\/unknot-detangler\\\/#mainImage\",\"width\":641,\"height\":800},\"primaryImageOfPage\":{\"@id\":\"https:\\\/\\\/monatglobal.com\\\/lt\\\/unknot-detangler\\\/#mainImage\"},\"datePublished\":\"2020-01-21T12:35:15+00:00\",\"dateModified\":\"2026-02-20T17:46:14+00:00\"},{\"@type\":\"WebSite\",\"@id\":\"https:\\\/\\\/monatglobal.com\\\/lt\\\/#website\",\"url\":\"https:\\\/\\\/monatglobal.com\\\/lt\\\/\",\"name\":\"MONAT Lithuania\",\"inLanguage\":\"lt-LT\",\"publisher\":{\"@id\":\"https:\\\/\\\/monatglobal.com\\\/lt\\\/#organization\"}}]}\n\t\t<\/script>\n\t\t<!-- All in One SEO Pro -->\r\n\t\t<title>Pur\u0161kiklis nuo plauk\u0173 v\u0117limosi | MONAT Hair Products - MONAT Lithuania<\/title>\n\n","aioseo_head_json":{"title":"Pur\u0161kiklis nuo plauk\u0173 v\u0117limosi | MONAT Hair Products - MONAT Lithuania","description":"-->","canonical_url":"https:\/\/monatglobal.com\/lt\/unknot-detangler\/","robots":"max-image-preview:large","keywords":"","webmasterTools":{"miscellaneous":""},"schema":{"@context":"https:\/\/schema.org","@graph":[{"@type":"BreadcrumbList","@id":"https:\/\/monatglobal.com\/lt\/unknot-detangler\/#breadcrumblist","itemListElement":[{"@type":"ListItem","@id":"https:\/\/monatglobal.com\/lt#listItem","position":1,"name":"Home","item":"https:\/\/monatglobal.com\/lt","nextItem":{"@type":"ListItem","@id":"https:\/\/monatglobal.com\/lt\/unknot-detangler\/#listItem","name":"Pur\u0161kiklis nuo plauk\u0173 v\u0117limosi | MONAT Hair Products"}},{"@type":"ListItem","@id":"https:\/\/monatglobal.com\/lt\/unknot-detangler\/#listItem","position":2,"name":"Pur\u0161kiklis nuo plauk\u0173 v\u0117limosi | MONAT Hair Products","previousItem":{"@type":"ListItem","@id":"https:\/\/monatglobal.com\/lt#listItem","name":"Home"}}]},{"@type":"Organization","@id":"https:\/\/monatglobal.com\/lt\/#organization","name":"MONAT Lithuania","url":"https:\/\/monatglobal.com\/lt\/"},{"@type":"WebPage","@id":"https:\/\/monatglobal.com\/lt\/unknot-detangler\/#webpage","url":"https:\/\/monatglobal.com\/lt\/unknot-detangler\/","name":"Pur\u0161kiklis nuo plauk\u0173 v\u0117limosi | MONAT Hair Products - MONAT Lithuania","description":"-->","inLanguage":"lt-LT","isPartOf":{"@id":"https:\/\/monatglobal.com\/lt\/#website"},"breadcrumb":{"@id":"https:\/\/monatglobal.com\/lt\/unknot-detangler\/#breadcrumblist"},"image":{"@type":"ImageObject","url":"https:\/\/monatglobal.com\/lt\/wp-content\/uploads\/sites\/11\/2026\/02\/unknot-detangler-ecomm.png","@id":"https:\/\/monatglobal.com\/lt\/unknot-detangler\/#mainImage","width":641,"height":800},"primaryImageOfPage":{"@id":"https:\/\/monatglobal.com\/lt\/unknot-detangler\/#mainImage"},"datePublished":"2020-01-21T12:35:15+00:00","dateModified":"2026-02-20T17:46:14+00:00"},{"@type":"WebSite","@id":"https:\/\/monatglobal.com\/lt\/#website","url":"https:\/\/monatglobal.com\/lt\/","name":"MONAT Lithuania","inLanguage":"lt-LT","publisher":{"@id":"https:\/\/monatglobal.com\/lt\/#organization"}}]},"og:locale":"lt_LT","og:site_name":"MONAT Lithuania -","og:type":"article","og:title":"Pur\u0161kiklis nuo plauk\u0173 v\u0117limosi | MONAT Hair Products - MONAT Lithuania","og:description":"--&gt;","og:url":"https:\/\/monatglobal.com\/lt\/unknot-detangler\/","article:published_time":"2020-01-21T17:35:15+00:00","article:modified_time":"2026-02-20T17:46:14+00:00","twitter:card":"summary_large_image","twitter:title":"Pur\u0161kiklis nuo plauk\u0173 v\u0117limosi | MONAT Hair Products - MONAT Lithuania","twitter:description":"--&gt;"},"aioseo_meta_data":{"post_id":"49965","title":null,"description":null,"keywords":null,"keyphrases":{"focus":{"keyphrase":"","score":0,"analysis":{"keyphraseInTitle":{"score":0,"maxScore":9,"error":1}}},"additional":[]},"primary_term":null,"canonical_url":null,"og_title":null,"og_description":null,"og_object_type":"default","og_image_type":"default","og_image_url":null,"og_image_width":null,"og_image_height":null,"og_image_custom_url":null,"og_image_custom_fields":null,"og_video":"","og_custom_url":null,"og_article_section":null,"og_article_tags":null,"twitter_use_og":false,"twitter_card":"default","twitter_image_type":"default","twitter_image_url":null,"twitter_image_custom_url":null,"twitter_image_custom_fields":null,"twitter_title":null,"twitter_description":null,"schema":{"blockGraphs":[],"customGraphs":[],"default":{"data":{"Article":[],"Course":[],"Dataset":[],"FAQPage":[],"Movie":[],"Person":[],"Product":[],"ProductReview":[],"Car":[],"Recipe":[],"Service":[],"SoftwareApplication":[],"WebPage":[]},"graphName":"WebPage","isEnabled":true},"graphs":[]},"schema_type":"default","schema_type_options":null,"pillar_content":false,"robots_default":true,"robots_noindex":false,"robots_noarchive":false,"robots_nosnippet":false,"robots_nofollow":false,"robots_noimageindex":false,"robots_noodp":false,"robots_notranslate":false,"robots_max_snippet":"-1","robots_max_videopreview":"-1","robots_max_imagepreview":"large","priority":null,"frequency":"default","local_seo":null,"seo_analyzer_scan_date":"2026-02-20 17:47:28","breadcrumb_settings":null,"limit_modified_date":false,"reviewed_by":"0","open_ai":null,"ai":{"faqs":[],"keyPoints":[],"titles":[],"descriptions":[],"socialPosts":{"email":[],"linkedin":[],"twitter":[],"facebook":[],"instagram":[]}},"created":"2023-07-26 19:08:14","updated":"2026-02-20 17:54:00"},"aioseo_breadcrumb":"<div class=\"aioseo-breadcrumbs\"><span class=\"aioseo-breadcrumb\">\n\t<a href=\"https:\/\/monatglobal.com\/lt\" title=\"Home\">Home<\/a>\n<\/span><span class=\"aioseo-breadcrumb-separator\">&raquo;<\/span><span class=\"aioseo-breadcrumb\">\n\tPur\u0161kiklis nuo plauk\u0173 v\u0117limosi | MONAT Hair Products\n<\/span><\/div>","aioseo_breadcrumb_json":[{"label":"Home","link":"https:\/\/monatglobal.com\/lt"},{"label":"Pur\u0161kiklis nuo plauk\u0173 v\u0117limosi | MONAT Hair Products","link":"https:\/\/monatglobal.com\/lt\/unknot-detangler\/"}],"_links":{"self":[{"href":"https:\/\/monatglobal.com\/lt\/wp-json\/wp\/v2\/pages\/49965","targetHints":{"allow":["GET"]}}],"collection":[{"href":"https:\/\/monatglobal.com\/lt\/wp-json\/wp\/v2\/pages"}],"about":[{"href":"https:\/\/monatglobal.com\/lt\/wp-json\/wp\/v2\/types\/page"}],"author":[{"embeddable":true,"href":"https:\/\/monatglobal.com\/lt\/wp-json\/wp\/v2\/users\/31"}],"replies":[{"embeddable":true,"href":"https:\/\/monatglobal.com\/lt\/wp-json\/wp\/v2\/comments?post=49965"}],"version-history":[{"count":32,"href":"https:\/\/monatglobal.com\/lt\/wp-json\/wp\/v2\/pages\/49965\/revisions"}],"predecessor-version":[{"id":109192,"href":"https:\/\/monatglobal.com\/lt\/wp-json\/wp\/v2\/pages\/49965\/revisions\/109192"}],"wp:featuredmedia":[{"embeddable":true,"href":"https:\/\/monatglobal.com\/lt\/wp-json\/wp\/v2\/media\/109190"}],"wp:attachment":[{"href":"https:\/\/monatglobal.com\/lt\/wp-json\/wp\/v2\/media?parent=49965"}],"wp:term":[{"taxonomy":"category","embeddable":true,"href":"https:\/\/monatglobal.com\/lt\/wp-json\/wp\/v2\/categories?post=49965"},{"taxonomy":"post_tag","embeddable":true,"href":"https:\/\/monatglobal.com\/lt\/wp-json\/wp\/v2\/tags?post=49965"}],"curies":[{"name":"wp","href":"https:\/\/api.w.org\/{rel}","templated":true}]}}