{"id":47879,"date":"2019-11-10T18:02:41","date_gmt":"2019-11-10T23:02:41","guid":{"rendered":"https:\/\/monatglobal.com\/?page_id=47879"},"modified":"2026-02-20T21:44:04","modified_gmt":"2026-02-20T21:44:04","slug":"skincare-perfector","status":"publish","type":"page","link":"https:\/\/monatglobal.com\/lt\/skincare-perfector\/","title":{"rendered":"30 Second Miracle\u2122"},"content":{"rendered":"\n<link rel=\"stylesheet\" href=\"https:\/\/unpkg.com\/swiper\/swiper-bundle.min.css\">\n<link rel=\"stylesheet\" href=\"https:\/\/monatglobal.com\/wp-content\/creative_css\/product_styles_sheet.css\">\n   <!--==================================================== ECOMM SECTION ====================================================-->\n   <p>BESTSELERIAI<\/p>\n      <!--==================================================== Ecomm image ====================================================-->\n      <img decoding=\"async\" src=\"https:\/\/monatglobal.com\/au\/wp-content\/uploads\/sites\/12\/2021\/12\/30-second-miracle-ecomm-2022.png\" alt=\"30 Second Miracle\u2122 Instant Perfector\" loading=\"lazy\">\n      <!--==================================================== Ecomm information  ====================================================-->\n          <p>BESTSELERIAI<\/p>\n         <p>\u201e30 Second Miracle\u2122&#8221;<\/p>\n         <h1>Momentin\u0117 u\u017epildymo priemon\u0117<\/h1>\n         \n         <p>Stangrinantis ir maskuojantis<br> Akimirksniu koreguojantis peptido ir lelijos \u017eied\u0173 ekstraktas<\/p>\n         <p>15 ml \u212e 0.5 fl. oz.<\/p>\n       <!--==================================================== pricing box ====================================================-->  \n         <p>Ma\u017emenin\u0117 kaina<br>00.00 \u20ac<\/p>\n         <p>VIP kliento kaina<br>00.00 \u20ac<\/p>\n       <!--==================================================== pricing box ====================================================-->\n         <p>Nor\u0117dami su\u017einoti daugiau apie \u201e30 Second Miracle\u2122&#8221; momentin\u0119 u\u017epildymo priemon\u0119, pasikalb\u0117kite su savo \u201eMONAT Market Partner&#8221;. <\/p>\n          <a href=\"\" target=\"_blank\" role=\"button\" aria-label=\"\" rel=\"noopener\"><\/a>\n   <!--==================================================== \/ECOMM SECTION  ====================================================-->\n   <!--==================================================== Benefits image ====================================================-->\n  \n    <source media=\"(max-width: 700px)\" srcset=\"https:\/\/monatglobal.com\/au\/wp-content\/uploads\/sites\/12\/2021\/12\/3o-second-miracle-benefits_mobile.jpg\" loading=\"lazy\">\n      <img decoding=\"async\" src=\"https:\/\/monatglobal.com\/au\/wp-content\/uploads\/sites\/12\/2021\/12\/30-second-miracle-benefits-.jpg\" alt=\"\" loading=\"lazy\">\n    \n   <!--==================================================== Benefits text ====================================================-->\n         <h2>SAVYB\u0116S<\/h2>\n         <h3>Nepriekai\u0161tinga, laikina greitai koreguojanti priemon\u0117, kuri AKIMIRKSNIU sustangrina ir i\u0161lygina rauk\u0161les aplink akis (\u201e\u017e\u0105s\u0173 kojeles&#8221;), smulkias rauk\u0161leles, paburkim\u0105 ir rauk\u0161les, o J\u016bs\u0173 veidas atrodo gaivesnis ir jaunesnis ilg\u0105&nbsp;laik\u0105.<\/h3>\n         <!--==================================================== features image  ====================================================-->\n         <img decoding=\"async\" alt=\"\" src=\"https:\/\/monatglobal.com\/au\/wp-content\/uploads\/sites\/12\/2021\/12\/30-second-miracle-features.jpg\" loading=\"lazy\">\n      <!--==================================================== features text ====================================================-->\n            <h3>Naudos<\/h3>\n               <p>\/ Rezultatai matomi nuo 6 iki 12 valand\u0173<\/p>\n               <p>\/ Kovoja su smulkiomis rauk\u0161lel\u0117mis, rauk\u0161l\u0117mis, \u201e\u017e\u0105s\u0173 kojel\u0117mis&#8221;, paburkimu ir mai\u0161eliais po akimis<\/p>\n               <p>\/ Akimirksniu paslepia mimikos rauk\u0161les, kaktos rauk\u0161les ir i\u0161sipl\u0117tusias poras<\/p>\n               <p>\/ Oda i\u0161 karto tampa glotnesn\u0117 ir stangresn\u0117<\/p>\n               <p>\/ Idealiai tinka visiems odos tipams<\/p>\n               <br>\n            <p>Fragrance \/ Unwind and enjoy a coconut-forward, citrusy aroma with notes of blood orange, coconut husk, cashew nut and&nbsp;sandalwood. <\/p>\n            <p> Texture \/ Cream <\/p>\n   <!--==================================================== composition image mobile ====================================================-->\n   <img decoding=\"async\" alt=\"\" src=\"https:\/\/monatglobal.com\/au\/wp-content\/uploads\/sites\/12\/2021\/12\/30-second-miracle-comps-1.jpg\" loading=\"lazy\">\n   <!--==================================================== Why it works text ====================================================-->\n      <h2>STANGRINANTIS IR MASKUOJANTIS<\/h2>\n      <h3>M\u016bs\u0173 \u0161ilko glotnumo serumas padaro stebukl\u0105 per 30 sek. nuo jo panaudojimo. Sustangrina od\u0105 ir panaikina odos problemas, kad oda atrodyt\u0173 tvirtesn\u0117, tonizuota ir glotnesn\u0117, netrukdant  makia\u017eui.<\/h3>\n      <p>Prad\u0117kite dien\u0105 pasitikin\u010diai, atrodykite nepriekai\u0161tingai susitikim\u0173 metu arba pasitelkite slapt\u0105j\u012f ginkl\u0105 i\u0161eidami su draugais vakare &#8211; bet kada ir bet kur, J\u016bs\u0173 veidas atrodys nepriekai\u0161tingai.<\/p>\n<!--==================================================== Composition section ====================================================-->\n      <img decoding=\"async\" alt=\"\" src=\"https:\/\/monatglobal.com\/au\/wp-content\/uploads\/sites\/12\/2021\/12\/30-second-miracle-comps-1.jpg\" loading=\"lazy\">\n      <img decoding=\"async\" alt=\"\" src=\"https:\/\/monatglobal.com\/au\/wp-content\/uploads\/sites\/12\/2021\/12\/30-second-miracle-comps-3.jpg\" loading=\"lazy\">\n            <!--==================================================== Directions text ====================================================--> \n               <h3>Naudojimas<\/h3>\n                    <p>\/ Kad paruo\u0161tum\u0117te \u0161i\u0105 stebukling\u0105 priemon\u0119, lengvai pakratykite t\u016bbel\u0119.<\/p>\n                    <p>\/ Lengvai spustel\u0117kite ir i\u0161spauskite. Tai yra aukso vert\u0117s skystis, d\u0117l to jo reikia labai nedaug.<\/p>\n                    <p>\/ Bevard\u017eiu pir\u0161tu arba \u0161variu makia\u017eo \u0161epet\u0117liu lengvai u\u017etepkite nedidel\u012f kiek\u012f ant \u0161varios ir sausos odos. <\/p>\n                    <p>\/ Po 30 sek. pajusite stebukl\u0105. Susilaikykite nuo bet koki\u0173 mimik\u0173, kol \u201e30 Second Miracle\u2122&#8221; momentin\u0117 u\u017epildymo priemon\u0117 \u012fsigers.<\/p>\n                    <p>\/ Jeigu tepsite \u201e30 Second Miracle\u2122&#8221; momentin\u0119 u\u017epildymo priemon\u0119 pernelyg gausiai, ant odos gali susidaryti plonas baltas sluoksnis. Nor\u0117dami pa\u0161alinti priemon\u0117s pertekli\u0173, naudokite sudr\u0117kint\u0105 vatos diskel\u012f ir lengvai juo pavalykite.<\/p>\n                    <p>\/ Toliau naudokite \u201eMONAT&#8221; dr\u0117kinam\u0105j\u012f krem\u0105. Taip pat ant vir\u0161aus galite tepti makia\u017eo pagrind\u0105.<\/p>\n                    <p>\/ Po naudojimo, nuvalykite antgal\u012f sudr\u0117kinta \u0161luoste, kad pa\u0161alintum\u0117te priemon\u0119 ir ji nesikaupt\u0173 ant antgalio.<\/p>\n            <!--==================================================== Directions video ====================================================-->\n      <p>Be Balanced\u2122 <br>Lightweight Moisturizer <br>0:35<\/p>\n         <!--==================================================== Suggestions image  ====================================================-->\n         <img decoding=\"async\" alt=\"\" src=\"https:\/\/monatglobal.com\/au\/wp-content\/uploads\/sites\/12\/2021\/12\/30-second-miracle-suggestions.jpg\" loading=\"lazy\">\n      <!--==================================================== Suggestions text ====================================================-->\n            <h3>Rekomendacijos<\/h3>\n               <p>\/ Tobulinkite savo technik\u0105 \u0161iek tiek praktikuodamiesi.<\/p>\n      <a href=\"\" target=\"_blank\" role=\"button\" aria-label=\"\" rel=\"noopener\"><\/a>\n   <!--==================================================== Ingredients section  ====================================================-->\n      <h2>PAGRINDIN\u0116S AKTYVIOSIOS MED\u017dIAGOS<\/h2>\n      <p>Peptidai<\/p>\n      <p>Stangrina ir putlina<\/p>\n      <p>Balt\u0173j\u0173 lelij\u0173 g\u0117li\u0173 ekstraktas<\/p>\n        <p>Nuramina ir dr\u0117kina<\/p>\n      <p>Kavos s\u0117kl\u0173 ekstraktas<\/p>\n      <p>Padeda suma\u017einti patinimus ir glotnina od\u0105<\/p>\n        <button id=\"myBtn\" type=\"button\">\u017dR. I\u0160SAM\u0172 SUDEDAM\u0172J\u0172 DALI\u0172 S\u0104RA\u0160\u0104<\/button>\n      <!--==================================================== Modal content  ====================================================-->\n         \u00d7\n         Aqua\/Water\/Eau, Sodium Silicate, Magnesium Aluminum Silicate, Acetyl Hexapeptide-8, Coffea Arabica (Coffee) \n         Seed Extract, Lilium Candidum Flower Extract, Glycerin, Ethylhexylglycerin, Caprylyl&nbsp;Glycol.\n   <!--==================================================== You might also like section ====================================================-->\n      <h2>JUMS TAIP PAT GALI PATIKTI<\/h2>\n      <!--==================================================== Slider YOU MIGHT ALSO LIKE ====================================================-->\n          <!---->\n          <!--   -->\n                <!-- Slides products-->\n          <!--      -->\n          <!--         <a href=\"\/lt\/skincare-c-radiance\/\" aria-label=\"Go to C. Radiance\u2122 Illuminating Serum page\">-->\n          <!--          <img decoding=\"async\" src=\"https:\/\/monatglobal.com\/wp-content\/uploads\/2022\/12\/C-Radiance-Illuminating-Serum-ecomm-2022-min.png\" alt=\"C. Radiance\u2122 Illuminating Serum\" loading=\"lazy\"\/>-->\n          <!--          <p>\u201eC. RADIANCE\u2122\"<br \/> SKAISTINANTIS SERUMAS<\/p>-->\n          <!--        <\/a>-->\n          <!--      -->\n          <!--      -->\n          <!--         <a href=\"\/lt\/skincare-night-age-control-cream\/\" aria-label=\"Go to Night Haven\u2122 Overnight Age Control Cream page\">-->\n          <!--          <img decoding=\"async\" src=\"https:\/\/monatglobal.com\/wp-content\/uploads\/2022\/12\/Night-Haven-Age-control_Ecomm-min.png\" alt=\"Night Haven\u2122 Overnight Age Control Cream\" loading=\"lazy\"\/>-->\n          <!--          <p>\u201eNIGHT HAVEN\u2122\"<br \/> NAKTINIS KREMAS, APSAUGANTIS NUO SEN\u0116JIMO<\/p>-->\n          <!--        <\/a>-->\n          <!--      -->\n          <!--      -->\n          <!--         <a href=\"\/lt\/eye-smooth\/\" aria-label=\"Go to EYE SMOOTH\u2122 page\">-->\n          <!--          <img decoding=\"async\" src=\"https:\/\/monatglobal.com\/wp-content\/uploads\/2022\/12\/Eye-smooth-ecomm-2022-min.png\" alt=\"EYE SMOOTH\u2122\" loading=\"lazy\"\/>-->\n          <!--          <p>\u201eEYE SMOOTH\u2122\" <\/p>-->\n          <!--        <\/a>-->\n          <!--      -->\n          <!--   -->\n             <!-- If we need navigation buttons -->\n          <!--   -->\n          <!--   -->\n             <!-- If we need paginations -->\n          <!--   -->\n          <!---->\n         <!--==================================================== If we need navigation buttons  ====================================================-->\n         <!--==================================================== If we need paginations  ====================================================-->\n    <a href=\"\" aria-label=\"\"><\/a>\n<!--==================================================== this link has to go last for it to work   ====================================================-->\n","protected":false},"excerpt":{"rendered":"<p>BESTSELERIAI BESTSELERIAI \u201e30 Second Miracle\u2122&#8221; Momentin\u0117 u\u017epildymo priemon\u0117 Stangrinantis ir maskuojantis Akimirksniu koreguojantis peptido ir lelijos \u017eied\u0173 ekstraktas 15 ml \u212e 0.5 fl. oz. Ma\u017emenin\u0117 kaina00.00 \u20ac VIP kliento kaina00.00 \u20ac Nor\u0117dami su\u017einoti daugiau apie \u201e30 Second Miracle\u2122&#8221; momentin\u0119 u\u017epildymo priemon\u0119, pasikalb\u0117kite su savo \u201eMONAT Market Partner&#8221;. SAVYB\u0116S Nepriekai\u0161tinga, laikina greitai koreguojanti priemon\u0117, kuri AKIMIRKSNIU&hellip;<\/p>\n","protected":false},"author":31,"featured_media":69446,"parent":0,"menu_order":0,"comment_status":"closed","ping_status":"closed","template":"","meta":{"inline_featured_image":false,"om_disable_all_campaigns":false,"_monsterinsights_skip_tracking":false,"_monsterinsights_sitenote_active":false,"_monsterinsights_sitenote_note":"","_monsterinsights_sitenote_category":0,"footnotes":""},"categories":[32],"tags":[],"class_list":["post-47879","page","type-page","status-publish","has-post-thumbnail","hentry","category-product-lt"],"aioseo_notices":[],"aioseo_head":"\n\t\t<!-- All in One SEO Pro 4.9.6 - aioseo.com -->\n\t<meta name=\"description\" content=\"BESTSELERIAI --&gt;\" \/>\n\t<meta name=\"robots\" content=\"max-image-preview:large\" \/>\n\t<link rel=\"canonical\" href=\"https:\/\/monatglobal.com\/lt\/skincare-perfector\/\" \/>\n\t<meta name=\"generator\" content=\"All in One SEO Pro (AIOSEO) 4.9.6\" \/>\n\t\t<meta property=\"og:locale\" content=\"lt_LT\" \/>\n\t\t<meta property=\"og:site_name\" content=\"MONAT Lithuania -\" \/>\n\t\t<meta property=\"og:type\" content=\"article\" \/>\n\t\t<meta property=\"og:title\" content=\"30 Second Miracle\u2122 - MONAT Lithuania\" \/>\n\t\t<meta property=\"og:description\" content=\"BESTSELERIAI --&gt;\" \/>\n\t\t<meta property=\"og:url\" content=\"https:\/\/monatglobal.com\/lt\/skincare-perfector\/\" \/>\n\t\t<meta property=\"article:published_time\" content=\"2019-11-10T23:02:41+00:00\" \/>\n\t\t<meta property=\"article:modified_time\" content=\"2026-02-20T21:44:04+00:00\" \/>\n\t\t<meta name=\"twitter:card\" content=\"summary_large_image\" \/>\n\t\t<meta name=\"twitter:title\" content=\"30 Second Miracle\u2122 - MONAT Lithuania\" \/>\n\t\t<meta name=\"twitter:description\" content=\"BESTSELERIAI --&gt;\" \/>\n\t\t<script type=\"application\/ld+json\" class=\"aioseo-schema\">\n\t\t\t{\"@context\":\"https:\\\/\\\/schema.org\",\"@graph\":[{\"@type\":\"BreadcrumbList\",\"@id\":\"https:\\\/\\\/monatglobal.com\\\/lt\\\/skincare-perfector\\\/#breadcrumblist\",\"itemListElement\":[{\"@type\":\"ListItem\",\"@id\":\"https:\\\/\\\/monatglobal.com\\\/lt#listItem\",\"position\":1,\"name\":\"Home\",\"item\":\"https:\\\/\\\/monatglobal.com\\\/lt\",\"nextItem\":{\"@type\":\"ListItem\",\"@id\":\"https:\\\/\\\/monatglobal.com\\\/lt\\\/skincare-perfector\\\/#listItem\",\"name\":\"30 Second Miracle\\u2122\"}},{\"@type\":\"ListItem\",\"@id\":\"https:\\\/\\\/monatglobal.com\\\/lt\\\/skincare-perfector\\\/#listItem\",\"position\":2,\"name\":\"30 Second Miracle\\u2122\",\"previousItem\":{\"@type\":\"ListItem\",\"@id\":\"https:\\\/\\\/monatglobal.com\\\/lt#listItem\",\"name\":\"Home\"}}]},{\"@type\":\"Organization\",\"@id\":\"https:\\\/\\\/monatglobal.com\\\/lt\\\/#organization\",\"name\":\"MONAT Lithuania\",\"url\":\"https:\\\/\\\/monatglobal.com\\\/lt\\\/\"},{\"@type\":\"WebPage\",\"@id\":\"https:\\\/\\\/monatglobal.com\\\/lt\\\/skincare-perfector\\\/#webpage\",\"url\":\"https:\\\/\\\/monatglobal.com\\\/lt\\\/skincare-perfector\\\/\",\"name\":\"30 Second Miracle\\u2122 - MONAT Lithuania\",\"description\":\"BESTSELERIAI -->\",\"inLanguage\":\"lt-LT\",\"isPartOf\":{\"@id\":\"https:\\\/\\\/monatglobal.com\\\/lt\\\/#website\"},\"breadcrumb\":{\"@id\":\"https:\\\/\\\/monatglobal.com\\\/lt\\\/skincare-perfector\\\/#breadcrumblist\"},\"image\":{\"@type\":\"ImageObject\",\"url\":\"https:\\\/\\\/monatglobal.com\\\/lt\\\/wp-content\\\/uploads\\\/sites\\\/11\\\/2022\\\/01\\\/30-second-miracle-ecomm-2022.png\",\"@id\":\"https:\\\/\\\/monatglobal.com\\\/lt\\\/skincare-perfector\\\/#mainImage\",\"width\":641,\"height\":800},\"primaryImageOfPage\":{\"@id\":\"https:\\\/\\\/monatglobal.com\\\/lt\\\/skincare-perfector\\\/#mainImage\"},\"datePublished\":\"2019-11-10T18:02:41+00:00\",\"dateModified\":\"2026-02-20T21:44:04+00:00\"},{\"@type\":\"WebSite\",\"@id\":\"https:\\\/\\\/monatglobal.com\\\/lt\\\/#website\",\"url\":\"https:\\\/\\\/monatglobal.com\\\/lt\\\/\",\"name\":\"MONAT Lithuania\",\"inLanguage\":\"lt-LT\",\"publisher\":{\"@id\":\"https:\\\/\\\/monatglobal.com\\\/lt\\\/#organization\"}}]}\n\t\t<\/script>\n\t\t<!-- All in One SEO Pro -->\r\n\t\t<title>30 Second Miracle\u2122 - MONAT Lithuania<\/title>\n\n","aioseo_head_json":{"title":"30 Second Miracle\u2122 - MONAT Lithuania","description":"BESTSELERIAI -->","canonical_url":"https:\/\/monatglobal.com\/lt\/skincare-perfector\/","robots":"max-image-preview:large","keywords":"","webmasterTools":{"miscellaneous":""},"schema":{"@context":"https:\/\/schema.org","@graph":[{"@type":"BreadcrumbList","@id":"https:\/\/monatglobal.com\/lt\/skincare-perfector\/#breadcrumblist","itemListElement":[{"@type":"ListItem","@id":"https:\/\/monatglobal.com\/lt#listItem","position":1,"name":"Home","item":"https:\/\/monatglobal.com\/lt","nextItem":{"@type":"ListItem","@id":"https:\/\/monatglobal.com\/lt\/skincare-perfector\/#listItem","name":"30 Second Miracle\u2122"}},{"@type":"ListItem","@id":"https:\/\/monatglobal.com\/lt\/skincare-perfector\/#listItem","position":2,"name":"30 Second Miracle\u2122","previousItem":{"@type":"ListItem","@id":"https:\/\/monatglobal.com\/lt#listItem","name":"Home"}}]},{"@type":"Organization","@id":"https:\/\/monatglobal.com\/lt\/#organization","name":"MONAT Lithuania","url":"https:\/\/monatglobal.com\/lt\/"},{"@type":"WebPage","@id":"https:\/\/monatglobal.com\/lt\/skincare-perfector\/#webpage","url":"https:\/\/monatglobal.com\/lt\/skincare-perfector\/","name":"30 Second Miracle\u2122 - MONAT Lithuania","description":"BESTSELERIAI -->","inLanguage":"lt-LT","isPartOf":{"@id":"https:\/\/monatglobal.com\/lt\/#website"},"breadcrumb":{"@id":"https:\/\/monatglobal.com\/lt\/skincare-perfector\/#breadcrumblist"},"image":{"@type":"ImageObject","url":"https:\/\/monatglobal.com\/lt\/wp-content\/uploads\/sites\/11\/2022\/01\/30-second-miracle-ecomm-2022.png","@id":"https:\/\/monatglobal.com\/lt\/skincare-perfector\/#mainImage","width":641,"height":800},"primaryImageOfPage":{"@id":"https:\/\/monatglobal.com\/lt\/skincare-perfector\/#mainImage"},"datePublished":"2019-11-10T18:02:41+00:00","dateModified":"2026-02-20T21:44:04+00:00"},{"@type":"WebSite","@id":"https:\/\/monatglobal.com\/lt\/#website","url":"https:\/\/monatglobal.com\/lt\/","name":"MONAT Lithuania","inLanguage":"lt-LT","publisher":{"@id":"https:\/\/monatglobal.com\/lt\/#organization"}}]},"og:locale":"lt_LT","og:site_name":"MONAT Lithuania -","og:type":"article","og:title":"30 Second Miracle\u2122 - MONAT Lithuania","og:description":"BESTSELERIAI --&gt;","og:url":"https:\/\/monatglobal.com\/lt\/skincare-perfector\/","article:published_time":"2019-11-10T23:02:41+00:00","article:modified_time":"2026-02-20T21:44:04+00:00","twitter:card":"summary_large_image","twitter:title":"30 Second Miracle\u2122 - MONAT Lithuania","twitter:description":"BESTSELERIAI --&gt;"},"aioseo_meta_data":{"post_id":"47879","title":null,"description":null,"keywords":null,"keyphrases":{"focus":{"keyphrase":"","score":0,"analysis":{"keyphraseInTitle":{"score":0,"maxScore":9,"error":1}}},"additional":[]},"primary_term":null,"canonical_url":null,"og_title":null,"og_description":null,"og_object_type":"default","og_image_type":"default","og_image_url":null,"og_image_width":null,"og_image_height":null,"og_image_custom_url":null,"og_image_custom_fields":null,"og_video":"","og_custom_url":null,"og_article_section":null,"og_article_tags":null,"twitter_use_og":false,"twitter_card":"default","twitter_image_type":"default","twitter_image_url":null,"twitter_image_custom_url":null,"twitter_image_custom_fields":null,"twitter_title":null,"twitter_description":null,"schema":{"blockGraphs":[],"customGraphs":[],"default":{"data":{"Article":[],"Course":[],"Dataset":[],"FAQPage":[],"Movie":[],"Person":[],"Product":[],"ProductReview":[],"Car":[],"Recipe":[],"Service":[],"SoftwareApplication":[],"WebPage":[]},"graphName":"WebPage","isEnabled":true},"graphs":[]},"schema_type":"default","schema_type_options":null,"pillar_content":false,"robots_default":true,"robots_noindex":false,"robots_noarchive":false,"robots_nosnippet":false,"robots_nofollow":false,"robots_noimageindex":false,"robots_noodp":false,"robots_notranslate":false,"robots_max_snippet":"-1","robots_max_videopreview":"-1","robots_max_imagepreview":"large","priority":null,"frequency":"default","local_seo":null,"seo_analyzer_scan_date":"2026-02-20 21:44:05","breadcrumb_settings":null,"limit_modified_date":false,"reviewed_by":"0","open_ai":null,"ai":{"faqs":[],"keyPoints":[],"titles":[],"descriptions":[],"socialPosts":{"email":[],"linkedin":[],"twitter":[],"facebook":[],"instagram":[]}},"created":"2023-07-26 19:08:14","updated":"2026-02-20 21:58:19"},"aioseo_breadcrumb":"<div class=\"aioseo-breadcrumbs\"><span class=\"aioseo-breadcrumb\">\n\t<a href=\"https:\/\/monatglobal.com\/lt\" title=\"Home\">Home<\/a>\n<\/span><span class=\"aioseo-breadcrumb-separator\">&raquo;<\/span><span class=\"aioseo-breadcrumb\">\n\t30 Second Miracle\u2122\n<\/span><\/div>","aioseo_breadcrumb_json":[{"label":"Home","link":"https:\/\/monatglobal.com\/lt"},{"label":"30 Second Miracle\u2122","link":"https:\/\/monatglobal.com\/lt\/skincare-perfector\/"}],"_links":{"self":[{"href":"https:\/\/monatglobal.com\/lt\/wp-json\/wp\/v2\/pages\/47879","targetHints":{"allow":["GET"]}}],"collection":[{"href":"https:\/\/monatglobal.com\/lt\/wp-json\/wp\/v2\/pages"}],"about":[{"href":"https:\/\/monatglobal.com\/lt\/wp-json\/wp\/v2\/types\/page"}],"author":[{"embeddable":true,"href":"https:\/\/monatglobal.com\/lt\/wp-json\/wp\/v2\/users\/31"}],"replies":[{"embeddable":true,"href":"https:\/\/monatglobal.com\/lt\/wp-json\/wp\/v2\/comments?post=47879"}],"version-history":[{"count":22,"href":"https:\/\/monatglobal.com\/lt\/wp-json\/wp\/v2\/pages\/47879\/revisions"}],"predecessor-version":[{"id":109250,"href":"https:\/\/monatglobal.com\/lt\/wp-json\/wp\/v2\/pages\/47879\/revisions\/109250"}],"wp:featuredmedia":[{"embeddable":true,"href":"https:\/\/monatglobal.com\/lt\/wp-json\/wp\/v2\/media\/69446"}],"wp:attachment":[{"href":"https:\/\/monatglobal.com\/lt\/wp-json\/wp\/v2\/media?parent=47879"}],"wp:term":[{"taxonomy":"category","embeddable":true,"href":"https:\/\/monatglobal.com\/lt\/wp-json\/wp\/v2\/categories?post=47879"},{"taxonomy":"post_tag","embeddable":true,"href":"https:\/\/monatglobal.com\/lt\/wp-json\/wp\/v2\/tags?post=47879"}],"curies":[{"name":"wp","href":"https:\/\/api.w.org\/{rel}","templated":true}]}}