{"id":47874,"date":"2019-11-10T17:25:48","date_gmt":"2019-11-10T22:25:48","guid":{"rendered":"https:\/\/monatglobal.com\/?page_id=47874"},"modified":"2026-02-20T21:29:49","modified_gmt":"2026-02-20T21:29:49","slug":"skincare-c-radiance","status":"publish","type":"page","link":"https:\/\/monatglobal.com\/lt\/skincare-c-radiance\/","title":{"rendered":"C. Radiance\u2122 &#124; MONAT Skincare Products"},"content":{"rendered":"\n<link rel=\"stylesheet\" href=\"https:\/\/unpkg.com\/swiper\/swiper-bundle.min.css\">\n<link rel=\"stylesheet\" href=\"https:\/\/monatglobal.com\/wp-content\/creative_css\/product_styles_sheet.css\">\n   <!--==================================================== ECOMM SECTION ====================================================-->\n      <!--==================================================== Ecomm image ====================================================-->\n      <img decoding=\"async\" src=\"https:\/\/monatglobal.com\/au\/wp-content\/uploads\/sites\/12\/2021\/12\/C-Radiance-Illuminating-Serum-ecomm-2022.png\" alt=\"C. Radiance\u2122 Illuminating Serum\" loading=\"lazy\">\n      <!--==================================================== Ecomm information  ====================================================-->\n         <h1>\u201eC. Radiance\u2122&#8221; skaistinantis serumas<\/h1>\n         \n         <p>Skaistinantis ir stiprinantis<br> \u0160vyt\u0117jim\u0105 sustiprinantys antioksidantai ir Kakadu slyvos<\/p>\n         <p>30 ml \u212e 1.0 fl. oz.<\/p>\n        <!--==================================================== pricing box ====================================================-->\n         <p>Ma\u017emenin\u0117 kaina<br>00.00 \u20ac<\/p>\n         <p>VIP kliento kaina<br>00.00 \u20ac<\/p>\n        <!--==================================================== pricing box ====================================================-->\n         <p>Nor\u0117dami su\u017einoti daugiau apie  \u201eC. Radiance\u2122&#8221; skaistinant\u012f serum\u0105, pasikalb\u0117kite su savo \u201eMONAT Market Partner&#8221;<\/p>\n          <a href=\"\" target=\"_blank\" role=\"button\" aria-label=\"\" rel=\"noopener\"><\/a>\n   <!--==================================================== \/ECOMM SECTION  ====================================================-->\n   <!--==================================================== Benefits image ====================================================-->\n  \n    <source media=\"(max-width: 700px)\" srcset=\"https:\/\/monatglobal.com\/au\/wp-content\/uploads\/sites\/12\/2021\/12\/C-Radiance-Illuminating-Serum-benefits_close-up_mobile.jpg\" loading=\"lazy\">\n      <img decoding=\"async\" src=\"https:\/\/monatglobal.com\/au\/wp-content\/uploads\/sites\/12\/2021\/12\/C-Radiance-Illuminating-Serum-benefits_close-up.jpg\" alt=\"\" loading=\"lazy\">\n    \n   <!--==================================================== Benefits text ====================================================-->\n         <h2>SAVYB\u0116S<\/h2>\n         <h3>Stipriai koncentruotas, 15 % vitamino C serumas, kurio sud\u0117tyje yra antioksidant\u0173, padedan\u010di\u0173 pa\u0161viesinti ir pagerinti odos b\u016bkl\u0119.<\/h3>\n         <p>M\u016bs\u0173 \u0161ilkinis serumas lengvai tepamas ir greitai \u012fsigeria, taip i\u0161 karto suteikdamas odai sveikos ir jaunai atrodan\u010dios odos \u012fvaizd\u012f.<\/p>\n         <!--==================================================== features image  ====================================================-->\n         <img decoding=\"async\" alt=\"\" src=\"https:\/\/monatglobal.com\/au\/wp-content\/uploads\/sites\/12\/2021\/12\/c-radiance-illiminating-serum-features-.jpg\" loading=\"lazy\">\n      <!--==================================================== features text ====================================================-->\n            <h3>Naudos<\/h3>\n               <p>\/ Oda akimirksniu atrodo gaivesn\u0117, skaistesn\u0117 ir labiau spindinti<\/p>\n               <p>\/ Suma\u017eina problem\u0173 atsiradim\u0105 po ilgalaikio saul\u0117s poveikio, tamsias d\u0117mes ir raudonio \u017eymes<\/p>\n               <p>\/  Pagerina odos tekst\u016br\u0105, sumink\u0161tina j\u0105 ir oda tampa glotnesn\u0117<\/p>\n               <p>\/ Idealiai tinka visiems odos tipams<\/p>\n               <br>\n            <p>Fragrance \/ Unwind and enjoy a coconut-forward, citrusy aroma with notes of blood orange, coconut husk, cashew nut and&nbsp;sandalwood. <\/p>\n            <p> Texture \/ Cream <\/p>\n   <!--==================================================== composition image mobile ====================================================-->\n   <img decoding=\"async\" alt=\"\" src=\"https:\/\/monatglobal.com\/au\/wp-content\/uploads\/sites\/12\/2021\/12\/C_Radiance_illuminating-serum-.jpg\" loading=\"lazy\">\n   <!--==================================================== Why it works text ====================================================-->\n      <h2>SKAISTINANTIS IR STIPRINANTIS<\/h2>\n      <h3>\u0160is stipraus poveikio, jauninantis dieninis serumas yra pripildytas 15 % vitamino C, gaunamo i\u0161 \u201eMONAT&#8221; Kakadu slyv\u0173 komplekso, ferulo r\u016bg\u0161ties, niacinamid\u0173 ir b\u016btin\u0173 bei apsaugini\u0173 antioksidant\u0173, kurie padeda padidinti odos spindes\u012f ir suteikia nepriekai\u0161ting\u0105 i\u0161vaizd\u0105.<\/h3>\n<!--==================================================== Composition section ====================================================-->\n      <img decoding=\"async\" alt=\"\" src=\"https:\/\/monatglobal.com\/au\/wp-content\/uploads\/sites\/12\/2021\/12\/C_Radiance_illuminating-serum-.jpg\" loading=\"lazy\">\n      <img decoding=\"async\" alt=\"\" src=\"https:\/\/monatglobal.com\/au\/wp-content\/uploads\/sites\/12\/2021\/12\/C-Radiance-Illuminating-Serum-composition-3.jpg\" loading=\"lazy\">\n            <!--==================================================== Directions text ====================================================--> \n               <h3>Naudojimas<\/h3>\n                    <p>\/ Tepkite kasdien, kaip dieninio naudojimo krem\u0105, po paruo\u0161imo etapo.<\/p>\n                    <p>\/ I\u0161spauskite vien\u0105 paspaudim\u0105 ir tolygiai paskirstykite ant pir\u0161t\u0173 galiuk\u0173.<\/p>\n                    <p>\/ \u0160velniai prispauskite ant kaktos, skruost\u0173, smakro, kaklo ir dekolt\u0117.<\/p>\n                    <p>\/ Nor\u0117dami pasiekti geriausi\u0173 rezultat\u0173, prad\u0117kite nuo centro ir \u0161velniai paglostykite kakl\u0105 \u012f i\u0161or\u0119 ir auk\u0161tyn.<\/p>\n                    <p>\/ Palaukite, kol produktas visi\u0161kai \u012fsigers ir tik tada tepkite \u201eMONAT&#8221; dr\u0117kinam\u0105j\u012f&nbsp;krem\u0105.<\/p>\n            <!--==================================================== Directions video ====================================================-->\n      <p>C. Radiance\u2122 <br> 0:31<\/p>\n         <!--==================================================== features image  ====================================================-->\n         <img decoding=\"async\" alt=\"\" src=\"https:\/\/monatglobal.com\/au\/wp-content\/uploads\/sites\/12\/2021\/12\/sunscreen-suggestion.jpg\" loading=\"lazy\">\n      <!--==================================================== features text ====================================================-->\n            <h3>Rekomendacijos<\/h3>\n               <p>\/  Sveikos odos patarimas: naudodami \u0161\u012f produkt\u0105, dienos metu kartu naudokite ir apsaugin\u012f krem\u0105 nuo saul\u0117s.<\/p>\n      <a href=\"\" target=\"_blank\" role=\"button\" aria-label=\"\" rel=\"noopener\"><\/a>\n   <!--==================================================== Ingredients section  ====================================================-->\n      <h2>PAGRINDIN\u0116S AKTYVIOSIOS MED\u017dIAGOS\n<\/h2>\n      <p>Kakadu slyv\u0173 kompleksas<\/p>\n      <p>\u0160viesina, putlina ir apsaugo<\/p>\n      <p>Antioksidantai<\/p>\n      <p>Apsaugo od\u0105<\/p>\n      <p>Hialurono r\u016bg\u0161tis<\/p>\n      <p>Pagerina ir stiprina<\/p>\n      <p>Ferulo r\u016b\u0161tis<\/p>\n      <p>Pagerina ir stiprina<\/p>\n      <p>Saldymed\u017eio \u0161akn\u0173 ekstraktas<\/p>\n      <p>\u0160viesina ir tonizuoja<\/p>\n      <p>Niacinamidai<\/p>\n      <p>Ramina ir koreguoja<\/p>\n        <button id=\"myBtn\" type=\"button\">\u017dR. I\u0160SAM\u0172 SUDEDAM\u0172J\u0172 DALI\u0172 S\u0104RA\u0160\u0104<\/button>\n      <!--==================================================== Modal content  ====================================================-->\n         \u00d7\n         Aqua\/Water\/Eau, Sodium Ascorbyl Phosphate, Glycerin, PEG-8 Dimethicone, Citric Acid, Terminalia Ferdinandiana Fruit \n         Extract, Tetrahexyldecyl Ascorbate, Sodium Hyaluronate, Ferulic Acid, Vaccinium Angustifolium (Blueberry) Fruit Extract, \n         Vaccinium Macrocarpon (Cranberry) Fruit Extract, Lycium Barbarum Fruit Extract, Euterpe Oleracea Fruit Extract, Glycyrrhiza \n         Glabra (Liquorice) Root Extract, Niacinamide, Squalane, Tocopheryl Acetate, Betaine, Proline, Serine, Inositol, Tocopherol, \n         Propanediol, Xanthan Gum, Lecithin, Sclerotium Gum, Pullulan, Hydrogenated Lecithin, Polysorbate 20, Dimethicone, Dimethiconol, \n         Fragrance\/Parfum, Benzyl Alcohol, Ethylhexylglycerin .\n   <!--==================================================== You might also like section ====================================================-->\n      <h2>JUMS TAIP PAT GALI PATIKTI<\/h2>\n      <!--==================================================== Slider YOU MIGHT ALSO LIKE ====================================================-->\n          <!---->\n          <!--   -->\n                <!-- Slides products-->\n          <!--      -->\n          <!--         <a href=\"\/lt\/foamy-cleanser\/\" aria-label=\"Go to BE BALANCED\u2122 LIGHTWEIGHT MOISTURIZER page\">-->\n          <!--          <img decoding=\"async\" src=\"https:\/\/monatglobal.com\/wp-content\/uploads\/2022\/12\/BE-BALANCED-Lightweight-Moisturizer_ecomm-min.png\" alt=\"BE BALANCED\u2122 LIGHTWEIGHT MOISTURIZER\" loading=\"lazy\"\/>-->\n          <!--          <p>\u201eBE BALANCED\u2122\" <br \/>GREITAI \u012eSIGERIANTIS DR\u0116KINAMASIS KREMAS<\/p>-->\n          <!--        <\/a>-->\n          <!--      -->\n          <!--      -->\n          <!--         <a href=\"\/lt\/age-control-nectar\/\" aria-label=\"Go to SKIN REVITALIZING ESSENCE\u2122 page\">-->\n          <!--          <img decoding=\"async\" src=\"https:\/\/monatglobal.com\/wp-content\/uploads\/2022\/12\/Skin-Revitalizing-Essence-ecomm-2022-min.png\" alt=\"SKIN REVITALIZING ESSENCE\u2122\" loading=\"lazy\"\/>-->\n          <!--          <p>\u201eSKIN REVITALIZING ESSENCE\u2122\"<\/p>-->\n          <!--        <\/a>-->\n          <!--      -->\n          <!--      -->\n          <!--         <a href=\"\/lt\/eye-smooth\/\" aria-label=\"Go to BE GENTLE\u2122 NOURISHING MOISTURIZER page\">-->\n          <!--            <img decoding=\"async\" src=\"https:\/\/monatglobal.com\/wp-content\/uploads\/2022\/12\/Be-Gentle-Nourishing-Moisturizer-ecomm-min.png\" alt=\"BE GENTLE\u2122 NOURISHING MOISTURIZER\u2122\" loading=\"lazy\"\/>-->\n          <!--            <p>\u201eBE GENTLE\u2122\"<br \/> MAITINAMASIS DR\u0116KINAMASIS KREMAS<\/p>-->\n          <!--         <\/a>-->\n          <!--      -->\n          <!--   -->\n             <!-- If we need navigation buttons -->\n          <!--   -->\n          <!--   -->\n             <!-- If we need paginations -->\n          <!--   -->\n          <!---->\n         <!--==================================================== If we need navigation buttons  ====================================================-->\n         <!--==================================================== If we need paginations  ====================================================-->\n    <a href=\"\" aria-label=\"\"><\/a>\n<!--==================================================== this link has to go last for it to work   ====================================================-->\n","protected":false},"excerpt":{"rendered":"<p>\u201eC. Radiance\u2122&#8221; skaistinantis serumas Skaistinantis ir stiprinantis \u0160vyt\u0117jim\u0105 sustiprinantys antioksidantai ir Kakadu slyvos 30 ml \u212e 1.0 fl. oz. Ma\u017emenin\u0117 kaina00.00 \u20ac VIP kliento kaina00.00 \u20ac Nor\u0117dami su\u017einoti daugiau apie \u201eC. Radiance\u2122&#8221; skaistinant\u012f serum\u0105, pasikalb\u0117kite su savo \u201eMONAT Market Partner&#8221; SAVYB\u0116S Stipriai koncentruotas, 15 % vitamino C serumas, kurio sud\u0117tyje yra antioksidant\u0173, padedan\u010di\u0173 pa\u0161viesinti ir&hellip;<\/p>\n","protected":false},"author":31,"featured_media":69452,"parent":0,"menu_order":0,"comment_status":"closed","ping_status":"closed","template":"","meta":{"inline_featured_image":false,"om_disable_all_campaigns":false,"_monsterinsights_skip_tracking":false,"_monsterinsights_sitenote_active":false,"_monsterinsights_sitenote_note":"","_monsterinsights_sitenote_category":0,"footnotes":""},"categories":[32],"tags":[],"class_list":["post-47874","page","type-page","status-publish","has-post-thumbnail","hentry","category-product-lt"],"aioseo_notices":[],"aioseo_head":"\n\t\t<!-- All in One SEO Pro 4.9.5.2 - aioseo.com -->\n\t<meta name=\"description\" content=\"--&gt;\" \/>\n\t<meta name=\"robots\" content=\"max-image-preview:large\" \/>\n\t<link rel=\"canonical\" href=\"https:\/\/monatglobal.com\/lt\/skincare-c-radiance\/\" \/>\n\t<meta name=\"generator\" content=\"All in One SEO Pro (AIOSEO) 4.9.5.2\" \/>\n\t\t<meta property=\"og:locale\" content=\"lt_LT\" \/>\n\t\t<meta property=\"og:site_name\" content=\"MONAT Lithuania -\" \/>\n\t\t<meta property=\"og:type\" content=\"article\" \/>\n\t\t<meta property=\"og:title\" content=\"C. Radiance\u2122 | MONAT Skincare Products - MONAT Lithuania\" \/>\n\t\t<meta property=\"og:description\" content=\"--&gt;\" \/>\n\t\t<meta property=\"og:url\" content=\"https:\/\/monatglobal.com\/lt\/skincare-c-radiance\/\" \/>\n\t\t<meta property=\"article:published_time\" content=\"2019-11-10T22:25:48+00:00\" \/>\n\t\t<meta property=\"article:modified_time\" content=\"2026-02-20T21:29:49+00:00\" \/>\n\t\t<meta name=\"twitter:card\" content=\"summary_large_image\" \/>\n\t\t<meta name=\"twitter:title\" content=\"C. Radiance\u2122 | MONAT Skincare Products - MONAT Lithuania\" \/>\n\t\t<meta name=\"twitter:description\" content=\"--&gt;\" \/>\n\t\t<script type=\"application\/ld+json\" class=\"aioseo-schema\">\n\t\t\t{\"@context\":\"https:\\\/\\\/schema.org\",\"@graph\":[{\"@type\":\"BreadcrumbList\",\"@id\":\"https:\\\/\\\/monatglobal.com\\\/lt\\\/skincare-c-radiance\\\/#breadcrumblist\",\"itemListElement\":[{\"@type\":\"ListItem\",\"@id\":\"https:\\\/\\\/monatglobal.com\\\/lt#listItem\",\"position\":1,\"name\":\"Home\",\"item\":\"https:\\\/\\\/monatglobal.com\\\/lt\",\"nextItem\":{\"@type\":\"ListItem\",\"@id\":\"https:\\\/\\\/monatglobal.com\\\/lt\\\/skincare-c-radiance\\\/#listItem\",\"name\":\"C. Radiance\\u2122 &#124; MONAT Skincare Products\"}},{\"@type\":\"ListItem\",\"@id\":\"https:\\\/\\\/monatglobal.com\\\/lt\\\/skincare-c-radiance\\\/#listItem\",\"position\":2,\"name\":\"C. Radiance\\u2122 &#124; MONAT Skincare Products\",\"previousItem\":{\"@type\":\"ListItem\",\"@id\":\"https:\\\/\\\/monatglobal.com\\\/lt#listItem\",\"name\":\"Home\"}}]},{\"@type\":\"Organization\",\"@id\":\"https:\\\/\\\/monatglobal.com\\\/lt\\\/#organization\",\"name\":\"MONAT Lithuania\",\"url\":\"https:\\\/\\\/monatglobal.com\\\/lt\\\/\"},{\"@type\":\"WebPage\",\"@id\":\"https:\\\/\\\/monatglobal.com\\\/lt\\\/skincare-c-radiance\\\/#webpage\",\"url\":\"https:\\\/\\\/monatglobal.com\\\/lt\\\/skincare-c-radiance\\\/\",\"name\":\"C. Radiance\\u2122 | MONAT Skincare Products - MONAT Lithuania\",\"description\":\"-->\",\"inLanguage\":\"lt-LT\",\"isPartOf\":{\"@id\":\"https:\\\/\\\/monatglobal.com\\\/lt\\\/#website\"},\"breadcrumb\":{\"@id\":\"https:\\\/\\\/monatglobal.com\\\/lt\\\/skincare-c-radiance\\\/#breadcrumblist\"},\"image\":{\"@type\":\"ImageObject\",\"url\":\"https:\\\/\\\/monatglobal.com\\\/lt\\\/wp-content\\\/uploads\\\/sites\\\/11\\\/2022\\\/01\\\/C-Radiance-Illuminating-Serum-ecomm-2022.png\",\"@id\":\"https:\\\/\\\/monatglobal.com\\\/lt\\\/skincare-c-radiance\\\/#mainImage\",\"width\":641,\"height\":800},\"primaryImageOfPage\":{\"@id\":\"https:\\\/\\\/monatglobal.com\\\/lt\\\/skincare-c-radiance\\\/#mainImage\"},\"datePublished\":\"2019-11-10T17:25:48+00:00\",\"dateModified\":\"2026-02-20T21:29:49+00:00\"},{\"@type\":\"WebSite\",\"@id\":\"https:\\\/\\\/monatglobal.com\\\/lt\\\/#website\",\"url\":\"https:\\\/\\\/monatglobal.com\\\/lt\\\/\",\"name\":\"MONAT Lithuania\",\"inLanguage\":\"lt-LT\",\"publisher\":{\"@id\":\"https:\\\/\\\/monatglobal.com\\\/lt\\\/#organization\"}}]}\n\t\t<\/script>\n\t\t<!-- All in One SEO Pro -->\r\n\t\t<title>C. Radiance\u2122 | MONAT Skincare Products - MONAT Lithuania<\/title>\n\n","aioseo_head_json":{"title":"C. Radiance\u2122 | MONAT Skincare Products - MONAT Lithuania","description":"-->","canonical_url":"https:\/\/monatglobal.com\/lt\/skincare-c-radiance\/","robots":"max-image-preview:large","keywords":"","webmasterTools":{"miscellaneous":""},"schema":{"@context":"https:\/\/schema.org","@graph":[{"@type":"BreadcrumbList","@id":"https:\/\/monatglobal.com\/lt\/skincare-c-radiance\/#breadcrumblist","itemListElement":[{"@type":"ListItem","@id":"https:\/\/monatglobal.com\/lt#listItem","position":1,"name":"Home","item":"https:\/\/monatglobal.com\/lt","nextItem":{"@type":"ListItem","@id":"https:\/\/monatglobal.com\/lt\/skincare-c-radiance\/#listItem","name":"C. Radiance\u2122 &#124; MONAT Skincare Products"}},{"@type":"ListItem","@id":"https:\/\/monatglobal.com\/lt\/skincare-c-radiance\/#listItem","position":2,"name":"C. Radiance\u2122 &#124; MONAT Skincare Products","previousItem":{"@type":"ListItem","@id":"https:\/\/monatglobal.com\/lt#listItem","name":"Home"}}]},{"@type":"Organization","@id":"https:\/\/monatglobal.com\/lt\/#organization","name":"MONAT Lithuania","url":"https:\/\/monatglobal.com\/lt\/"},{"@type":"WebPage","@id":"https:\/\/monatglobal.com\/lt\/skincare-c-radiance\/#webpage","url":"https:\/\/monatglobal.com\/lt\/skincare-c-radiance\/","name":"C. Radiance\u2122 | MONAT Skincare Products - MONAT Lithuania","description":"-->","inLanguage":"lt-LT","isPartOf":{"@id":"https:\/\/monatglobal.com\/lt\/#website"},"breadcrumb":{"@id":"https:\/\/monatglobal.com\/lt\/skincare-c-radiance\/#breadcrumblist"},"image":{"@type":"ImageObject","url":"https:\/\/monatglobal.com\/lt\/wp-content\/uploads\/sites\/11\/2022\/01\/C-Radiance-Illuminating-Serum-ecomm-2022.png","@id":"https:\/\/monatglobal.com\/lt\/skincare-c-radiance\/#mainImage","width":641,"height":800},"primaryImageOfPage":{"@id":"https:\/\/monatglobal.com\/lt\/skincare-c-radiance\/#mainImage"},"datePublished":"2019-11-10T17:25:48+00:00","dateModified":"2026-02-20T21:29:49+00:00"},{"@type":"WebSite","@id":"https:\/\/monatglobal.com\/lt\/#website","url":"https:\/\/monatglobal.com\/lt\/","name":"MONAT Lithuania","inLanguage":"lt-LT","publisher":{"@id":"https:\/\/monatglobal.com\/lt\/#organization"}}]},"og:locale":"lt_LT","og:site_name":"MONAT Lithuania -","og:type":"article","og:title":"C. Radiance\u2122 | MONAT Skincare Products - MONAT Lithuania","og:description":"--&gt;","og:url":"https:\/\/monatglobal.com\/lt\/skincare-c-radiance\/","article:published_time":"2019-11-10T22:25:48+00:00","article:modified_time":"2026-02-20T21:29:49+00:00","twitter:card":"summary_large_image","twitter:title":"C. Radiance\u2122 | MONAT Skincare Products - MONAT Lithuania","twitter:description":"--&gt;"},"aioseo_meta_data":{"post_id":"47874","title":null,"description":null,"keywords":null,"keyphrases":{"focus":{"keyphrase":"","score":0,"analysis":{"keyphraseInTitle":{"score":0,"maxScore":9,"error":1}}},"additional":[]},"primary_term":null,"canonical_url":null,"og_title":null,"og_description":null,"og_object_type":"default","og_image_type":"default","og_image_url":null,"og_image_width":null,"og_image_height":null,"og_image_custom_url":null,"og_image_custom_fields":null,"og_video":"","og_custom_url":null,"og_article_section":null,"og_article_tags":null,"twitter_use_og":false,"twitter_card":"default","twitter_image_type":"default","twitter_image_url":null,"twitter_image_custom_url":null,"twitter_image_custom_fields":null,"twitter_title":null,"twitter_description":null,"schema":{"blockGraphs":[],"customGraphs":[],"default":{"data":{"Article":[],"Course":[],"Dataset":[],"FAQPage":[],"Movie":[],"Person":[],"Product":[],"ProductReview":[],"Car":[],"Recipe":[],"Service":[],"SoftwareApplication":[],"WebPage":[]},"graphName":"WebPage","isEnabled":true},"graphs":[]},"schema_type":"default","schema_type_options":null,"pillar_content":false,"robots_default":true,"robots_noindex":false,"robots_noarchive":false,"robots_nosnippet":false,"robots_nofollow":false,"robots_noimageindex":false,"robots_noodp":false,"robots_notranslate":false,"robots_max_snippet":"-1","robots_max_videopreview":"-1","robots_max_imagepreview":"large","priority":null,"frequency":"default","local_seo":null,"seo_analyzer_scan_date":"2026-02-20 21:41:02","breadcrumb_settings":null,"limit_modified_date":false,"reviewed_by":"0","open_ai":null,"ai":{"faqs":[],"keyPoints":[],"titles":[],"descriptions":[],"socialPosts":{"email":[],"linkedin":[],"twitter":[],"facebook":[],"instagram":[]}},"created":"2023-07-26 19:08:14","updated":"2026-02-20 21:41:02"},"aioseo_breadcrumb":"<div class=\"aioseo-breadcrumbs\"><span class=\"aioseo-breadcrumb\">\n\t<a href=\"https:\/\/monatglobal.com\/lt\" title=\"Home\">Home<\/a>\n<\/span><span class=\"aioseo-breadcrumb-separator\">&raquo;<\/span><span class=\"aioseo-breadcrumb\">\n\tC. Radiance\u2122 | MONAT Skincare Products\n<\/span><\/div>","aioseo_breadcrumb_json":[{"label":"Home","link":"https:\/\/monatglobal.com\/lt"},{"label":"C. Radiance\u2122 &#124; MONAT Skincare Products","link":"https:\/\/monatglobal.com\/lt\/skincare-c-radiance\/"}],"_links":{"self":[{"href":"https:\/\/monatglobal.com\/lt\/wp-json\/wp\/v2\/pages\/47874","targetHints":{"allow":["GET"]}}],"collection":[{"href":"https:\/\/monatglobal.com\/lt\/wp-json\/wp\/v2\/pages"}],"about":[{"href":"https:\/\/monatglobal.com\/lt\/wp-json\/wp\/v2\/types\/page"}],"author":[{"embeddable":true,"href":"https:\/\/monatglobal.com\/lt\/wp-json\/wp\/v2\/users\/31"}],"replies":[{"embeddable":true,"href":"https:\/\/monatglobal.com\/lt\/wp-json\/wp\/v2\/comments?post=47874"}],"version-history":[{"count":18,"href":"https:\/\/monatglobal.com\/lt\/wp-json\/wp\/v2\/pages\/47874\/revisions"}],"predecessor-version":[{"id":109245,"href":"https:\/\/monatglobal.com\/lt\/wp-json\/wp\/v2\/pages\/47874\/revisions\/109245"}],"wp:featuredmedia":[{"embeddable":true,"href":"https:\/\/monatglobal.com\/lt\/wp-json\/wp\/v2\/media\/69452"}],"wp:attachment":[{"href":"https:\/\/monatglobal.com\/lt\/wp-json\/wp\/v2\/media?parent=47874"}],"wp:term":[{"taxonomy":"category","embeddable":true,"href":"https:\/\/monatglobal.com\/lt\/wp-json\/wp\/v2\/categories?post=47874"},{"taxonomy":"post_tag","embeddable":true,"href":"https:\/\/monatglobal.com\/lt\/wp-json\/wp\/v2\/tags?post=47874"}],"curies":[{"name":"wp","href":"https:\/\/api.w.org\/{rel}","templated":true}]}}