{"id":47869,"date":"2019-11-10T16:39:30","date_gmt":"2019-11-10T21:39:30","guid":{"rendered":"https:\/\/monatglobal.com\/?page_id=47869"},"modified":"2026-02-23T14:17:59","modified_gmt":"2026-02-23T14:17:59","slug":"skincare-night-age-control-cream","status":"publish","type":"page","link":"https:\/\/monatglobal.com\/lt\/skincare-night-age-control-cream\/","title":{"rendered":"Night Haven\u2122 &#124; MONAT Skincare Products"},"content":{"rendered":"\n<link rel=\"stylesheet\" href=\"https:\/\/unpkg.com\/swiper\/swiper-bundle.min.css\">\n<link rel=\"stylesheet\" href=\"https:\/\/monatglobal.com\/wp-content\/creative_css\/product_styles_sheet.css\">\n   <!--==================================================== ECOMM SECTION ====================================================-->\n      <!--==================================================== Ecomm image ====================================================-->\n     \n      <source media=\"(max-width: 700px)\" srcset=\"https:\/\/monatglobal.com\/au\/wp-content\/uploads\/sites\/12\/2021\/12\/night-heaven-ecomm-2022_mobile.png\" loading=\"lazy\">\n      <img decoding=\"async\" src=\"https:\/\/monatglobal.com\/au\/wp-content\/uploads\/sites\/12\/2021\/12\/night-heaven-ecomm-2022_mobile.png\" alt=\"Night Haven\u2122 overnight age control cream\" loading=\"lazy\">\n         \n      <!--==================================================== Ecomm information  ====================================================-->\n         <p>\u201eNight Haven\u2122&#8221;<\/p>\n         <h1>Naktinis kremas, apsaugantis nuo sen\u0117jimo<\/h1>\n         \n         <p>Regeneruojantis ir atkuriantis<br> Od\u0105 atkuriantys keramidai ir \u201eREJUVENIQE S\u2122&#8221;<\/p>\n         <p>50 ml \u212e 1.7 fl. oz.<\/p>\n         <!--==================================================== pricing box  ====================================================-->\n         <p>Ma\u017emenin\u0117 kaina<br>00.00 \u20ac<\/p>\n         <p>VIP kliento kaina<br>00.00 \u20ac<\/p>\n         <!--==================================================== pricing box  ====================================================-->\n         <p>Nor\u0117dami su\u017einoti daugiau apie \u201eNight Haven\u2122&#8221; naktin\u012f krem\u0105, apsaugant\u012f nuo sen\u0117jimo, pasikalb\u0117kite su savo \u201eMONAT Market Partner&#8221;.<\/p>\n          <a href=\"\" target=\"_blank\" role=\"button\" aria-label=\"\" rel=\"noopener\"><\/a>\n   <!--==================================================== \/ECOMM SECTION  ====================================================-->\n   <!--==================================================== Benefits image ====================================================-->\n  \n    <source media=\"(max-width: 700px)\" srcset=\"https:\/\/monatglobal.com\/au\/wp-content\/uploads\/sites\/12\/2021\/12\/night-heaven-benefits_mobile.jpg\" loading=\"lazy\">\n      <img decoding=\"async\" src=\"https:\/\/monatglobal.com\/au\/wp-content\/uploads\/sites\/12\/2021\/12\/night-heaven-benefits_2022.jpg\" alt=\"\" loading=\"lazy\">\n    \n   <!--==================================================== Benefits text ====================================================-->\n         <h2>SAVYB\u0116S<\/h2>\n         <h3>Prabangus atkuriantis naktinis kremas, kuris greitai \u012fsigeria \u012f od\u0105, j\u0105 gausiai maitina ir intensyviai dr\u0117kina.<\/h3>\n         <p>Prabudus oda atrodo gaivi, \u0161vytinti ir atnaujinta. Naudokite kiekvien\u0105 vakar\u0105, kad oda b\u016bt\u0173 putlesn\u0117, glotnesn\u0117 ir pager\u0117t\u0173 elastingumas.<\/p>\n         <!--==================================================== features image  ====================================================-->\n         <img decoding=\"async\" alt=\"\" src=\"https:\/\/monatglobal.com\/au\/wp-content\/uploads\/sites\/12\/2021\/12\/night-heaven-features.jpg\" loading=\"lazy\">\n      <!--==================================================== features text ====================================================-->\n            <h3>Naudos<\/h3>\n               <p>\/ U\u017etikrina odos sluoksni\u0173 atk\u016brim\u0105 ir maitinim\u0105 nakties metu<\/p>\n               <p>\/  Suma\u017eina rauk\u0161li\u0173 ir smulki\u0173 rauk\u0161leli\u0173 atsiradim\u0105<\/p>\n               <p>\/ Oda tampa glotnesn\u0117, \u0161velnesn\u0117 ir elastingesn\u0117<\/p>\n               <p>\/ Oda ryte atrodo gaivi, pails\u0117jusi ir \u0161vytinti<\/p>\n               <p>\/ Visiems odos tipams<\/p>\n               <br>\n            <p>Fragrance \/ Unwind and enjoy a coconut-forward, citrusy aroma with notes of blood orange, coconut husk, cashew nut and&nbsp;sandalwood. <\/p>\n            <p> Texture \/ Cream <\/p>\n   <!--==================================================== composition image mobile ====================================================-->\n   <img decoding=\"async\" alt=\"\" src=\"https:\/\/monatglobal.com\/au\/wp-content\/uploads\/sites\/12\/2021\/12\/night-heaven-composition-1.jpg\" loading=\"lazy\">\n   <!--==================================================== Why it works text ====================================================-->\n      <h2>REGENERUOJANTIS IR ATKURIANTIS<\/h2>\n      <h3>\u0160is \u201epagalv\u0117s mink\u0161tumo&#8221;, bet taip pat ir intensyviai dr\u0117kinamasis naktinis kremas lengvai \u012fsigeria \u012f od\u0105 ir skatina nat\u016bral\u0173 odos atsinaujinimo proces\u0105.<\/h3>\n      <p>Nakties metu \u0161i priemon\u0117 putlina, stangrina, glotnina, \u0161velnina od\u0105 ir pagerina jos elastingum\u0105, kad \u0161i atrodyt\u0173 \u0161viesesn\u0117, gyvybingesn\u0117 ir labiau \u0161vytinti.<\/p>\n<!--==================================================== Composition section ====================================================-->\n      <img decoding=\"async\" alt=\"\" src=\"https:\/\/monatglobal.com\/au\/wp-content\/uploads\/sites\/12\/2021\/12\/night-heaven-composition-1.jpg\" loading=\"lazy\">\n      <img decoding=\"async\" alt=\"\" src=\"https:\/\/monatglobal.com\/au\/wp-content\/uploads\/sites\/12\/2021\/12\/night-heaven-composition-3.jpg\" loading=\"lazy\">\n            <!--==================================================== Directions text ====================================================--> \n               <h3>Naudojimas<\/h3>\n                    <p>\/ Tepkite nak\u010diai.<\/p>\n                    <p>\/ Tepkite tik tuomet, kai \u201eMONAT&#8221; naktinis serumas ir paaki\u0173 kremas pilnai \u012fsigers.<\/p>\n                    <p>\/ Rinkinyje esan\u010dia mentele u\u017ekabinkite nedidel\u012f kiek\u012f i\u0161 indelio.<\/p>\n                    <p>\/ Tolygiai paskirstykite ant pir\u0161t\u0173 galiuk\u0173.<\/p>\n                    <p>\/ Judesiais \u012f vir\u0161\u0173 masa\u017euokite veid\u0105, kakl\u0105 ir dekolt\u0117 srit\u012f.<\/p>\n            <!--==================================================== Directions video ====================================================-->\n      <p>Be Balanced\u2122 <br>Lightweight Moisturizer <br>0:35<\/p>\n         <!--==================================================== Suggestions image  ====================================================-->\n         <img decoding=\"async\" alt=\"\" src=\"https:\/\/monatglobal.com\/au\/wp-content\/uploads\/sites\/12\/2021\/12\/night-heavem-suggestion.jpg\" loading=\"lazy\">\n      <!--==================================================== Suggestions text ====================================================-->\n            <h3>Rekomendacijos<\/h3>\n               <p>\/ Nakties laikas skirtas odos regeneracijai ir atk\u016brimui, tod\u0117l tai puikus laikas sutelkti d\u0117mes\u012f \u012f maitinim\u0105 ir&nbsp;dr\u0117kinim\u0105.<\/p>\n      <a href=\"\" target=\"_blank\" role=\"button\" aria-label=\"\" rel=\"noopener\"><\/a>\n   <!--==================================================== Ingredients section  ====================================================-->\n      <h2>PAGRINDIN\u0116S AKTYVIOSIOS MED\u017dIAGOS<\/h2>\n      <p>\u201eREJUVENIQE S\u2122&#8221;<\/p>\n      <p>Prisotina dr\u0117gm\u0117s ir maitina<\/p>\n      <p>Keramidai<\/p>\n        <p>Palaiko odos barjer\u0105 ir dr\u0117kina&nbsp;j\u0105<\/p>\n      <p>Hialurono r\u016bg\u0161tis<\/p>\n        <p>Dr\u0117gm\u0117s magnetas<\/p>\n      <p>Avokad\u0173 aliejus<\/p>\n        <p>Maitina ir ramina<\/p>\n      <p>Taukmed\u017ei\u0173 sviestas<\/p>\n        <p>Dr\u0117kina ir kondicionuoja<\/p>\n        <button id=\"myBtn\" type=\"button\">\u017dR. I\u0160SAM\u0172 SUDEDAM\u0172J\u0172 DALI\u0172 S\u0104RA\u0160\u0104<\/button>\n      <!--==================================================== Modal content  ====================================================-->\n         \u00d7\n         Aqua\/Water\/Eau, Trimethylolpropane Triisostearate, Ethyl Macadamiate, Hydrogenated Sunflower Seed Oil \n         Polyglyceryl-3 Esters, Persea Gratissima (Avocado) Oil, Dimethicone, Helianthus Annuus (Sunflower) Seed Oil, Butyrospermum Parkii \n         (Shea) Butter, Ceramide NP, Ceramide AP, Ceramide EOP, Sodium Hyaluronate, Bidens Pilosa Extract, Phytosphingosine, Glycyrrhiza \n         Glabra (Licorice) Root Extract, Physalis Angulata Extract, Limnanthes Alba (Meadowfoam) Seed Oil, Crambe Abyssinica Seed Oil, \n         Camellia Oleifera Seed Oil, Solanum Lycopersicum (Tomato) Seed Oil, Daucus Carota Sativa (Carrot) Seed Oil, Citrus Limon (Lemon) \n         Peel Oil, Citrus Aurantifolia (Lime) Oil, Citrus Aurantium Bergamia (Bergamot) Fruit Oil, Adansonia Digitata Oil, Mauritia Flexuosa \n         Fruit Oil, Cocos Nucifera (Coconut) Oil, Gardenia Taitensis Flower Extract, Moringa Oleifera Seed Oil, Caryocar Brasiliense Fruit \n         Oil, Olea Europaea (Olive) Fruit Oil, Simmondsia Chinensis (Jojoba) Seed Extract, Gossypium Herbaceum (Cotton) Seed Oil, Linum \n         Usitatissimum (Linseed) Seed Oil, Elaeis Guineensis (Palm) Oil, Glycerin, Tocopherol, Xanthan Gum, Sodium Polyacrylate, Xylitol, \n         Caprylic Acid, Glyceryl Stearate, Caprylic\/Capric Triglyceride, Hydrogenated Sunflower Seed Oil Glyceryl Esters, Cetearyl Alcohol, \n         Sodium Stearoyl Lactylate, Sodium Lauroyl Lactylate, Dimethiconol, Cholesterol, Carbomer, Fragrance\/Parfum, Ethylhexylglycerin, \n         Benzyl&nbsp;Alcohol.\n   <!--==================================================== You might also like section ====================================================-->\n      <h2>JUMS TAIP PAT GALI PATIKTI<\/h2>\n      <!--==================================================== Slider YOU MIGHT ALSO LIKE ====================================================-->\n          <!---->\n          <!--   -->\n                <!-- Slides products-->\n          <!--      -->\n          <!--         <a href=\"\/lt\/age-control-nectar\/\" aria-label=\"Go to REWIND\u2122 AGE CONTROL NECTAR page\">-->\n          <!--          <img decoding=\"async\" src=\"https:\/\/monatglobal.com\/wp-content\/uploads\/2022\/12\/Rewind-Age-Control-Nectar-ecomm-min.png\" alt=\"REWIND\u2122 AGE CONTROL NECTAR\" loading=\"lazy\"\/>-->\n          <!--          <p>\u201eREWIND\u2122\"<br \/> AM\u017dI\u0172 KOREGUOJANTIS SERUMAS<\/p>-->\n          <!--        <\/a>-->\n          <!--      -->\n          <!--      -->\n          <!--         <a href=\"\/lt\/eye-smooth\/\" aria-label=\"Go to EYE SMOOTH\u2122 page\">-->\n          <!--          <img decoding=\"async\" src=\"https:\/\/monatglobal.com\/wp-content\/uploads\/2022\/12\/Eye-smooth-ecomm-2022-min.png\" alt=\"EYE SMOOTH\u2122\" loading=\"lazy\"\/>-->\n          <!--          <p>\u201eEYE SMOOTH\u2122\"<\/p>-->\n          <!--        <\/a>-->\n          <!--      -->\n          <!--      -->\n          <!--         <a href=\"\/lt\/rejuveniqe-tm-oil-intensive\/\" aria-label=\"Go to REJUVENIQE\u00ae OIL INTENSIVE page\">-->\n          <!--            <img decoding=\"async\" src=\"https:\/\/monatglobal.com\/wp-content\/uploads\/2022\/12\/rejuveniqe_2021-ecomm.png\" alt=\"REJUVENIQE\u00ae OIL INTENSIVE\" loading=\"lazy\"\/>-->\n          <!--            <p>\u201eREJUVENIQE\u2122\" <br \/>INTENSYVAUS POVEIKIO ALIEJUS  <\/p>-->\n          <!--         <\/a>-->\n          <!--      -->\n          <!--   -->\n             <!-- If we need navigation buttons -->\n          <!--   -->\n          <!--   -->\n             <!-- If we need paginations -->\n          <!--   -->\n          <!---->\n         <!--==================================================== If we need navigation buttons  ====================================================-->\n         <!--==================================================== If we need paginations  ====================================================-->\n    <a href=\"\" aria-label=\"\"><\/a>\n<!--==================================================== this link has to go last for it to work   ====================================================-->\n","protected":false},"excerpt":{"rendered":"<p>\u201eNight Haven\u2122&#8221; Naktinis kremas, apsaugantis nuo sen\u0117jimo Regeneruojantis ir atkuriantis Od\u0105 atkuriantys keramidai ir \u201eREJUVENIQE S\u2122&#8221; 50 ml \u212e 1.7 fl. oz. Ma\u017emenin\u0117 kaina00.00 \u20ac VIP kliento kaina00.00 \u20ac Nor\u0117dami su\u017einoti daugiau apie \u201eNight Haven\u2122&#8221; naktin\u012f krem\u0105, apsaugant\u012f nuo sen\u0117jimo, pasikalb\u0117kite su savo \u201eMONAT Market Partner&#8221;. SAVYB\u0116S Prabangus atkuriantis naktinis kremas, kuris greitai \u012fsigeria \u012f&hellip;<\/p>\n","protected":false},"author":31,"featured_media":69490,"parent":0,"menu_order":0,"comment_status":"closed","ping_status":"closed","template":"","meta":{"inline_featured_image":false,"om_disable_all_campaigns":false,"_monsterinsights_skip_tracking":false,"_monsterinsights_sitenote_active":false,"_monsterinsights_sitenote_note":"","_monsterinsights_sitenote_category":0,"footnotes":""},"categories":[32],"tags":[],"class_list":["post-47869","page","type-page","status-publish","has-post-thumbnail","hentry","category-product-lt"],"aioseo_notices":[],"aioseo_head":"\n\t\t<!-- All in One SEO Pro 4.9.6 - aioseo.com -->\n\t<meta name=\"description\" content=\"--&gt;\" \/>\n\t<meta name=\"robots\" content=\"max-image-preview:large\" \/>\n\t<link rel=\"canonical\" href=\"https:\/\/monatglobal.com\/lt\/skincare-night-age-control-cream\/\" \/>\n\t<meta name=\"generator\" content=\"All in One SEO Pro (AIOSEO) 4.9.6\" \/>\n\t\t<meta property=\"og:locale\" content=\"lt_LT\" \/>\n\t\t<meta property=\"og:site_name\" content=\"MONAT Lithuania -\" \/>\n\t\t<meta property=\"og:type\" content=\"article\" \/>\n\t\t<meta property=\"og:title\" content=\"Night Haven\u2122 | MONAT Skincare Products - MONAT Lithuania\" \/>\n\t\t<meta property=\"og:description\" content=\"--&gt;\" \/>\n\t\t<meta property=\"og:url\" content=\"https:\/\/monatglobal.com\/lt\/skincare-night-age-control-cream\/\" \/>\n\t\t<meta property=\"article:published_time\" content=\"2019-11-10T21:39:30+00:00\" \/>\n\t\t<meta property=\"article:modified_time\" content=\"2026-02-23T14:17:59+00:00\" \/>\n\t\t<meta name=\"twitter:card\" content=\"summary_large_image\" \/>\n\t\t<meta name=\"twitter:title\" content=\"Night Haven\u2122 | MONAT Skincare Products - MONAT Lithuania\" \/>\n\t\t<meta name=\"twitter:description\" content=\"--&gt;\" \/>\n\t\t<script type=\"application\/ld+json\" class=\"aioseo-schema\">\n\t\t\t{\"@context\":\"https:\\\/\\\/schema.org\",\"@graph\":[{\"@type\":\"BreadcrumbList\",\"@id\":\"https:\\\/\\\/monatglobal.com\\\/lt\\\/skincare-night-age-control-cream\\\/#breadcrumblist\",\"itemListElement\":[{\"@type\":\"ListItem\",\"@id\":\"https:\\\/\\\/monatglobal.com\\\/lt#listItem\",\"position\":1,\"name\":\"Home\",\"item\":\"https:\\\/\\\/monatglobal.com\\\/lt\",\"nextItem\":{\"@type\":\"ListItem\",\"@id\":\"https:\\\/\\\/monatglobal.com\\\/lt\\\/skincare-night-age-control-cream\\\/#listItem\",\"name\":\"Night Haven\\u2122 &#124; MONAT Skincare Products\"}},{\"@type\":\"ListItem\",\"@id\":\"https:\\\/\\\/monatglobal.com\\\/lt\\\/skincare-night-age-control-cream\\\/#listItem\",\"position\":2,\"name\":\"Night Haven\\u2122 &#124; MONAT Skincare Products\",\"previousItem\":{\"@type\":\"ListItem\",\"@id\":\"https:\\\/\\\/monatglobal.com\\\/lt#listItem\",\"name\":\"Home\"}}]},{\"@type\":\"Organization\",\"@id\":\"https:\\\/\\\/monatglobal.com\\\/lt\\\/#organization\",\"name\":\"MONAT Lithuania\",\"url\":\"https:\\\/\\\/monatglobal.com\\\/lt\\\/\"},{\"@type\":\"WebPage\",\"@id\":\"https:\\\/\\\/monatglobal.com\\\/lt\\\/skincare-night-age-control-cream\\\/#webpage\",\"url\":\"https:\\\/\\\/monatglobal.com\\\/lt\\\/skincare-night-age-control-cream\\\/\",\"name\":\"Night Haven\\u2122 | MONAT Skincare Products - MONAT Lithuania\",\"description\":\"-->\",\"inLanguage\":\"lt-LT\",\"isPartOf\":{\"@id\":\"https:\\\/\\\/monatglobal.com\\\/lt\\\/#website\"},\"breadcrumb\":{\"@id\":\"https:\\\/\\\/monatglobal.com\\\/lt\\\/skincare-night-age-control-cream\\\/#breadcrumblist\"},\"image\":{\"@type\":\"ImageObject\",\"url\":\"https:\\\/\\\/monatglobal.com\\\/lt\\\/wp-content\\\/uploads\\\/sites\\\/11\\\/2022\\\/01\\\/night-heaven-ecomm-2022_mobile.png\",\"@id\":\"https:\\\/\\\/monatglobal.com\\\/lt\\\/skincare-night-age-control-cream\\\/#mainImage\",\"width\":641,\"height\":576},\"primaryImageOfPage\":{\"@id\":\"https:\\\/\\\/monatglobal.com\\\/lt\\\/skincare-night-age-control-cream\\\/#mainImage\"},\"datePublished\":\"2019-11-10T16:39:30+00:00\",\"dateModified\":\"2026-02-23T14:17:59+00:00\"},{\"@type\":\"WebSite\",\"@id\":\"https:\\\/\\\/monatglobal.com\\\/lt\\\/#website\",\"url\":\"https:\\\/\\\/monatglobal.com\\\/lt\\\/\",\"name\":\"MONAT Lithuania\",\"inLanguage\":\"lt-LT\",\"publisher\":{\"@id\":\"https:\\\/\\\/monatglobal.com\\\/lt\\\/#organization\"}}]}\n\t\t<\/script>\n\t\t<!-- All in One SEO Pro -->\r\n\t\t<title>Night Haven\u2122 | MONAT Skincare Products - MONAT Lithuania<\/title>\n\n","aioseo_head_json":{"title":"Night Haven\u2122 | MONAT Skincare Products - MONAT Lithuania","description":"-->","canonical_url":"https:\/\/monatglobal.com\/lt\/skincare-night-age-control-cream\/","robots":"max-image-preview:large","keywords":"","webmasterTools":{"miscellaneous":""},"schema":{"@context":"https:\/\/schema.org","@graph":[{"@type":"BreadcrumbList","@id":"https:\/\/monatglobal.com\/lt\/skincare-night-age-control-cream\/#breadcrumblist","itemListElement":[{"@type":"ListItem","@id":"https:\/\/monatglobal.com\/lt#listItem","position":1,"name":"Home","item":"https:\/\/monatglobal.com\/lt","nextItem":{"@type":"ListItem","@id":"https:\/\/monatglobal.com\/lt\/skincare-night-age-control-cream\/#listItem","name":"Night Haven\u2122 &#124; MONAT Skincare Products"}},{"@type":"ListItem","@id":"https:\/\/monatglobal.com\/lt\/skincare-night-age-control-cream\/#listItem","position":2,"name":"Night Haven\u2122 &#124; MONAT Skincare Products","previousItem":{"@type":"ListItem","@id":"https:\/\/monatglobal.com\/lt#listItem","name":"Home"}}]},{"@type":"Organization","@id":"https:\/\/monatglobal.com\/lt\/#organization","name":"MONAT Lithuania","url":"https:\/\/monatglobal.com\/lt\/"},{"@type":"WebPage","@id":"https:\/\/monatglobal.com\/lt\/skincare-night-age-control-cream\/#webpage","url":"https:\/\/monatglobal.com\/lt\/skincare-night-age-control-cream\/","name":"Night Haven\u2122 | MONAT Skincare Products - MONAT Lithuania","description":"-->","inLanguage":"lt-LT","isPartOf":{"@id":"https:\/\/monatglobal.com\/lt\/#website"},"breadcrumb":{"@id":"https:\/\/monatglobal.com\/lt\/skincare-night-age-control-cream\/#breadcrumblist"},"image":{"@type":"ImageObject","url":"https:\/\/monatglobal.com\/lt\/wp-content\/uploads\/sites\/11\/2022\/01\/night-heaven-ecomm-2022_mobile.png","@id":"https:\/\/monatglobal.com\/lt\/skincare-night-age-control-cream\/#mainImage","width":641,"height":576},"primaryImageOfPage":{"@id":"https:\/\/monatglobal.com\/lt\/skincare-night-age-control-cream\/#mainImage"},"datePublished":"2019-11-10T16:39:30+00:00","dateModified":"2026-02-23T14:17:59+00:00"},{"@type":"WebSite","@id":"https:\/\/monatglobal.com\/lt\/#website","url":"https:\/\/monatglobal.com\/lt\/","name":"MONAT Lithuania","inLanguage":"lt-LT","publisher":{"@id":"https:\/\/monatglobal.com\/lt\/#organization"}}]},"og:locale":"lt_LT","og:site_name":"MONAT Lithuania -","og:type":"article","og:title":"Night Haven\u2122 | MONAT Skincare Products - MONAT Lithuania","og:description":"--&gt;","og:url":"https:\/\/monatglobal.com\/lt\/skincare-night-age-control-cream\/","article:published_time":"2019-11-10T21:39:30+00:00","article:modified_time":"2026-02-23T14:17:59+00:00","twitter:card":"summary_large_image","twitter:title":"Night Haven\u2122 | MONAT Skincare Products - MONAT Lithuania","twitter:description":"--&gt;"},"aioseo_meta_data":{"post_id":"47869","title":null,"description":null,"keywords":null,"keyphrases":{"focus":{"keyphrase":"","score":0,"analysis":{"keyphraseInTitle":{"score":0,"maxScore":9,"error":1}}},"additional":[]},"primary_term":null,"canonical_url":null,"og_title":null,"og_description":null,"og_object_type":"default","og_image_type":"default","og_image_url":null,"og_image_width":null,"og_image_height":null,"og_image_custom_url":null,"og_image_custom_fields":null,"og_video":"","og_custom_url":null,"og_article_section":null,"og_article_tags":null,"twitter_use_og":false,"twitter_card":"default","twitter_image_type":"default","twitter_image_url":null,"twitter_image_custom_url":null,"twitter_image_custom_fields":null,"twitter_title":null,"twitter_description":null,"schema":{"blockGraphs":[],"customGraphs":[],"default":{"data":{"Article":[],"Course":[],"Dataset":[],"FAQPage":[],"Movie":[],"Person":[],"Product":[],"ProductReview":[],"Car":[],"Recipe":[],"Service":[],"SoftwareApplication":[],"WebPage":[]},"graphName":"WebPage","isEnabled":true},"graphs":[]},"schema_type":"default","schema_type_options":null,"pillar_content":false,"robots_default":true,"robots_noindex":false,"robots_noarchive":false,"robots_nosnippet":false,"robots_nofollow":false,"robots_noimageindex":false,"robots_noodp":false,"robots_notranslate":false,"robots_max_snippet":"-1","robots_max_videopreview":"-1","robots_max_imagepreview":"large","priority":null,"frequency":"default","local_seo":null,"seo_analyzer_scan_date":"2026-02-23 14:31:59","breadcrumb_settings":null,"limit_modified_date":false,"reviewed_by":"0","open_ai":null,"ai":{"faqs":[],"keyPoints":[],"titles":[],"descriptions":[],"socialPosts":{"email":[],"linkedin":[],"twitter":[],"facebook":[],"instagram":[]}},"created":"2023-07-26 19:08:14","updated":"2026-02-23 14:31:59"},"aioseo_breadcrumb":"<div class=\"aioseo-breadcrumbs\"><span class=\"aioseo-breadcrumb\">\n\t<a href=\"https:\/\/monatglobal.com\/lt\" title=\"Home\">Home<\/a>\n<\/span><span class=\"aioseo-breadcrumb-separator\">&raquo;<\/span><span class=\"aioseo-breadcrumb\">\n\tNight Haven\u2122 | MONAT Skincare Products\n<\/span><\/div>","aioseo_breadcrumb_json":[{"label":"Home","link":"https:\/\/monatglobal.com\/lt"},{"label":"Night Haven\u2122 &#124; MONAT Skincare Products","link":"https:\/\/monatglobal.com\/lt\/skincare-night-age-control-cream\/"}],"_links":{"self":[{"href":"https:\/\/monatglobal.com\/lt\/wp-json\/wp\/v2\/pages\/47869","targetHints":{"allow":["GET"]}}],"collection":[{"href":"https:\/\/monatglobal.com\/lt\/wp-json\/wp\/v2\/pages"}],"about":[{"href":"https:\/\/monatglobal.com\/lt\/wp-json\/wp\/v2\/types\/page"}],"author":[{"embeddable":true,"href":"https:\/\/monatglobal.com\/lt\/wp-json\/wp\/v2\/users\/31"}],"replies":[{"embeddable":true,"href":"https:\/\/monatglobal.com\/lt\/wp-json\/wp\/v2\/comments?post=47869"}],"version-history":[{"count":22,"href":"https:\/\/monatglobal.com\/lt\/wp-json\/wp\/v2\/pages\/47869\/revisions"}],"predecessor-version":[{"id":109266,"href":"https:\/\/monatglobal.com\/lt\/wp-json\/wp\/v2\/pages\/47869\/revisions\/109266"}],"wp:featuredmedia":[{"embeddable":true,"href":"https:\/\/monatglobal.com\/lt\/wp-json\/wp\/v2\/media\/69490"}],"wp:attachment":[{"href":"https:\/\/monatglobal.com\/lt\/wp-json\/wp\/v2\/media?parent=47869"}],"wp:term":[{"taxonomy":"category","embeddable":true,"href":"https:\/\/monatglobal.com\/lt\/wp-json\/wp\/v2\/categories?post=47869"},{"taxonomy":"post_tag","embeddable":true,"href":"https:\/\/monatglobal.com\/lt\/wp-json\/wp\/v2\/tags?post=47869"}],"curies":[{"name":"wp","href":"https:\/\/api.w.org\/{rel}","templated":true}]}}